{"id":31677,"date":"2025-04-26T14:49:12","date_gmt":"2025-04-26T14:49:12","guid":{"rendered":"https:\/\/www.msds-europe.com\/?page_id=31677"},"modified":"2026-02-23T07:54:22","modified_gmt":"2026-02-23T07:54:22","slug":"skratky-a-akronymy-v-kartach-bezpecnostnych-udajov","status":"publish","type":"page","link":"https:\/\/www.msds-europe.com\/sk\/skratky-a-akronymy-v-kartach-bezpecnostnych-udajov\/","title":{"rendered":"Skratky a akronymy v kart\u00e1ch bezpe\u010dnostn\u00fdch \u00fadajov"},"content":{"rendered":"<p>&nbsp;<\/p>\n<p style=\"text-align: right;\"><em><a href=\"https:\/\/www.msds-europe.com\/sk\/\">MSDS-Europe<\/a> \u2013 <a href=\"https:\/\/www.msds-europe.com\/sk\/uzitocne-zakladne-materialy-prirucky-pre-karty-bezpecnostnych-udajov\/\">Znalostn\u00e1 datab\u00e1za pre karty bezpe\u010dnostn\u00fdch \u00fadajov<\/a> \u2013 Skratky a akronymy v kart\u00e1ch bezpe\u010dnostn\u00fdch \u00fadajov<\/em><\/p>\n<p>&nbsp;<\/p>\n<p style=\"text-align: justify;\">V oddiele 16 karty bezpe\u010dnostn\u00fdch \u00fadajov (KB\u00da) (\u201eIn\u00e9 inform\u00e1cie\u201c) musia by\u0165 uveden\u00e9 vysvetlenia a \u00fapln\u00e9 znenie skratiek a akronymov pou\u017eit\u00fdch v dokumente.<\/p>\n<p style=\"text-align: justify;\">Pri pr\u00edprave oddielu 16 odpor\u00fa\u010dame uvies\u0165 nielen v\u00fdznam skratiek, ale aj <a href=\"https:\/\/www.msds-europe.com\/sk\/sds-informacne-zdroje-databazy\/\">informa\u010dn\u00e9 zdroje a datab\u00e1zy, z ktor\u00fdch boli prevzat\u00e9 pou\u017e\u00edvan\u00e9 skratky a akronymy<\/a>. T\u00fato t\u00e9mu rozober\u00e1me podrobnej\u0161ie v \u010dl\u00e1nku o datab\u00e1zach a informa\u010dn\u00fdch zdrojoch pre SDS\/KB\u00da.<\/p>\n<p>&nbsp;<\/p>\n<h2 style=\"text-align: justify;\">Naj\u010dastej\u0161ie pou\u017e\u00edvan\u00e9 skratky a akronymy v kart\u00e1ch bezpe\u010dnostn\u00fdch \u00fadajov<\/h2>\n<p style=\"text-align: right;\"><a href=\"https:\/\/www.msds-europe.com\/sds-abbreviations-explained\/\">EN<\/a> I <a href=\"https:\/\/www.msds-europe.com\/de\/sdb-abkuerzungen-erklaerung\/\">DE<\/a> I <a href=\"https:\/\/www.msds-europe.com\/fr\/fds-abreviations-explication\/\">FR<\/a> I <a href=\"https:\/\/www.msds-europe.com\/es\/fds-abreviaturas-explicacion\/\">ES<\/a> I <a href=\"https:\/\/www.msds-europe.com\/it\/sds-abbreviazioni-spiegazione\/\">IT<\/a> I <a href=\"https:\/\/www.msds-europe.com\/pl\/karta-charakterystyki-skroty-obja%c5%9bnienia\/\">PL<\/a> I <a href=\"https:\/\/www.msds-europe.com\/cs\/sds-zkratky-akronymy\/\">CS<\/a> I <a href=\"https:\/\/www.msds-europe.com\/ro\/fds-abrevieri-explicatii\/\">RO<\/a> I <a href=\"https:\/\/www.msds-europe.com\/sl\/sds-kratice-okrajsave\/\">SL<\/a> I <strong>SK<\/strong> I <a href=\"https:\/\/www.biztonsagiadatlap.hu\/roviditesek-mozaikszavak-biztonsagi-adatlapokban\/\">HU<\/a><\/p>\n<p>&nbsp;<\/p>\n<p style=\"text-align: justify;\"><strong>ADN<\/strong>: Eur\u00f3pska dohoda o medzin\u00e1rodnej preprave nebezpe\u010dn\u00e9ho tovaru vn\u00fatrozemsk\u00fdmi vodn\u00fdmi cestami.<\/p>\n<p style=\"text-align: justify;\"><strong>ADR<\/strong>: Dohoda o medzin\u00e1rodnej cestnej preprave nebezpe\u010dn\u00e9ho tovaru.<\/p>\n<p style=\"text-align: justify;\"><strong>ATE<\/strong>: Odhadovan\u00e1 ak\u00fatna toxicita.<\/p>\n<p style=\"text-align: justify;\"><strong>AOX<\/strong>: Adsorbovate\u013en\u00e9 organicky viazan\u00e9 halog\u00e9ny.<\/p>\n<p style=\"text-align: justify;\"><strong>BCF<\/strong>: Biokoncentra\u010dn\u00fd faktor.<\/p>\n<p style=\"text-align: justify;\"><strong>BOD<\/strong>: Biochemick\u00e1 spotreba kysl\u00edka.<\/p>\n<p style=\"text-align: justify;\"><strong>\u010c\u00edslo CAS<\/strong>: Identifika\u010dn\u00e9 \u010d\u00edslo l\u00e1tky v registri CAS (Chemical Abstracts Service).<\/p>\n<p style=\"text-align: justify;\"><strong>CLP<\/strong>: Nariadenie (ES) \u010d. 1272\/2008 o klasifik\u00e1cii, ozna\u010dovan\u00ed a balen\u00ed l\u00e1tok a zmes\u00ed.<\/p>\n<p style=\"text-align: justify;\"><strong>CMR<\/strong>: Karcinog\u00e9nne, mutag\u00e9nne alebo toxick\u00e9 pre reprodukciu.<\/p>\n<p style=\"text-align: justify;\"><strong>COD<\/strong>: Chemick\u00e1 spotreba kysl\u00edka.<\/p>\n<p style=\"text-align: justify;\"><strong>CSA<\/strong>: Hodnotenie chemickej bezpe\u010dnosti.<\/p>\n<p style=\"text-align: justify;\"><strong>CSR<\/strong>: Spr\u00e1va o chemickej bezpe\u010dnosti.<\/p>\n<p style=\"text-align: justify;\"><strong>DNEL<\/strong>: Odvoden\u00e1 hladina bez \u00fa\u010dinku (Derived No-Effect Level).<\/p>\n<p style=\"text-align: justify;\"><strong>ECHA<\/strong>: Eur\u00f3pska chemick\u00e1 agent\u00fara.<\/p>\n<p style=\"text-align: justify;\"><strong>ES<\/strong>: Eur\u00f3pske spolo\u010denstvo.<\/p>\n<p style=\"text-align: justify;\"><strong>\u010c\u00edslo EC<\/strong>: Identifika\u010dn\u00e9 \u010d\u00edslo v syst\u00e9moch EINECS\/ELINCS (pozri tie\u017e EINECS a ELINCS).<\/p>\n<p style=\"text-align: justify;\"><strong>EHS<\/strong>: Eur\u00f3pske hospod\u00e1rske spolo\u010denstvo.<\/p>\n<p style=\"text-align: justify;\"><strong>EHP<\/strong>: Eur\u00f3psky hospod\u00e1rsky priestor (E\u00da + Island, Lichten\u0161tajnsko a N\u00f3rsko).<\/p>\n<p style=\"text-align: justify;\"><strong>EINECS<\/strong>: Eur\u00f3psky zoznam existuj\u00facich komer\u010dn\u00fdch chemick\u00fdch l\u00e1tok.<\/p>\n<p style=\"text-align: justify;\"><strong>ELINCS<\/strong>: Eur\u00f3psky zoznam nov\u00fdch chemick\u00fdch l\u00e1tok.<\/p>\n<p style=\"text-align: justify;\"><strong>EN<\/strong>: Eur\u00f3pska norma.<\/p>\n<p style=\"text-align: justify;\"><strong>E\u00da<\/strong>: Eur\u00f3pska \u00fania.<\/p>\n<p style=\"text-align: justify;\"><strong>EuPCS<\/strong>: <a href=\"https:\/\/www.msds-europe.com\/sk\/eupcs-identifikovane-pouzitia-pcn\/\">Eur\u00f3psky syst\u00e9m kategoriz\u00e1cie v\u00fdrobkov<\/a>.<\/p>\n<p style=\"text-align: justify;\"><strong>EWC<\/strong>: Eur\u00f3psky katal\u00f3g odpadov (v praxi sa pou\u017e\u00edva aj \u201eLoW\u201c \u2013 pozri ni\u017e\u0161ie).<\/p>\n<p style=\"text-align: justify;\"><strong>GHS<\/strong>: Glob\u00e1lne harmonizovan\u00fd syst\u00e9m klasifik\u00e1cie a ozna\u010dovania chemick\u00fdch l\u00e1tok.<\/p>\n<p style=\"text-align: justify;\"><strong>IATA<\/strong>: Medzin\u00e1rodn\u00e9 zdru\u017eenie leteck\u00fdch dopravcov.<\/p>\n<p style=\"text-align: justify;\"><strong>ICAO-TI<\/strong>: Technick\u00e9 in\u0161trukcie pre bezpe\u010dn\u00fa leteck\u00fa prepravu nebezpe\u010dn\u00e9ho tovaru.<\/p>\n<p style=\"text-align: justify;\"><strong>IMDG<\/strong>: Medzin\u00e1rodn\u00fd n\u00e1morn\u00fd k\u00f3d pre prepravu nebezpe\u010dn\u00e9ho tovaru.<\/p>\n<p style=\"text-align: justify;\"><strong>IMO<\/strong>: Medzin\u00e1rodn\u00e1 n\u00e1morn\u00e1 organiz\u00e1cia.<\/p>\n<p style=\"text-align: justify;\"><strong>IMSBC<\/strong>: Medzin\u00e1rodn\u00fd n\u00e1morn\u00fd k\u00f3d pre pevn\u00e9 vo\u013ene lo\u017een\u00e9 n\u00e1klady (IMSBC Code).<\/p>\n<p style=\"text-align: justify;\"><strong>IUCLID<\/strong>: Medzin\u00e1rodn\u00e1 datab\u00e1za jednotn\u00fdch chemick\u00fdch inform\u00e1ci\u00ed.<\/p>\n<p style=\"text-align: justify;\"><strong>IUPAC<\/strong>: Medzin\u00e1rodn\u00e1 \u00fania \u010distej a aplikovanej ch\u00e9mie.<\/p>\n<p style=\"text-align: justify;\"><strong>Kow<\/strong>: Rozde\u013eovac\u00ed koeficient n-oktanol\/voda.<\/p>\n<p style=\"text-align: justify;\"><strong>LC50<\/strong>: Smrte\u013en\u00e1 koncentr\u00e1cia sp\u00f4sobuj\u00faca 50 % \u00famrtnos\u0165 (stredn\u00e1 smrte\u013en\u00e1 koncentr\u00e1cia).<\/p>\n<p style=\"text-align: justify;\"><strong>LD50<\/strong>: Smrte\u013en\u00e1 d\u00e1vka sp\u00f4sobuj\u00faca 50 % \u00famrtnos\u0165 (stredn\u00e1 smrte\u013en\u00e1 d\u00e1vka).<\/p>\n<p style=\"text-align: justify;\"><strong>LoW<\/strong>: Zoznam odpadov (List of Waste).<\/p>\n<p style=\"text-align: justify;\"><strong>LOEC<\/strong>: Najni\u017e\u0161ia koncentr\u00e1cia s pozorovan\u00fdm \u00fa\u010dinkom.<\/p>\n<p style=\"text-align: justify;\"><strong>LOEL<\/strong>: Najni\u017e\u0161ia hladina s pozorovan\u00fdm \u00fa\u010dinkom.<\/p>\n<p style=\"text-align: justify;\"><strong>NOEC<\/strong>: Koncentr\u00e1cia bez pozorovan\u00e9ho \u00fa\u010dinku.<\/p>\n<p style=\"text-align: justify;\"><strong>NOEL<\/strong>: Hladina bez pozorovan\u00e9ho \u00fa\u010dinku.<\/p>\n<p style=\"text-align: justify;\"><strong>NOAEC<\/strong>: Koncentr\u00e1cia bez pozorovan\u00e9ho nepriazniv\u00e9ho \u00fa\u010dinku.<\/p>\n<p style=\"text-align: justify;\"><strong>NOAEL<\/strong>: Hladina bez pozorovan\u00e9ho nepriazniv\u00e9ho \u00fa\u010dinku.<\/p>\n<p style=\"text-align: justify;\"><strong>OECD<\/strong>: Organiz\u00e1cia pre hospod\u00e1rsku spolupr\u00e1cu a rozvoj.<\/p>\n<p style=\"text-align: justify;\"><strong>OSHA<\/strong>: \u00darad pre bezpe\u010dnos\u0165 a ochranu zdravia pri pr\u00e1ci (USA).<\/p>\n<p style=\"text-align: justify;\"><strong>PBT<\/strong>: Perzistentn\u00fd, bioakumulat\u00edvny a toxick\u00fd.<\/p>\n<p style=\"text-align: justify;\"><strong>PNEC<\/strong>: Predpokladan\u00e1 koncentr\u00e1cia bez \u00fa\u010dinku (Predicted No-Effect Concentration).<\/p>\n<p style=\"text-align: justify;\"><strong>QSAR<\/strong>: Kvantitat\u00edvny vz\u0165ah medzi \u0161trukt\u00farou a aktivitou.<\/p>\n<p style=\"text-align: justify;\"><strong>REACH<\/strong>: Nariadenie (ES) \u010d. 1907\/2006 o registr\u00e1cii, hodnoten\u00ed, autoriz\u00e1cii a obmedzovan\u00ed chemick\u00fdch l\u00e1tok.<\/p>\n<p style=\"text-align: justify;\"><strong>RID<\/strong>: Predpisy pre medzin\u00e1rodn\u00fa \u017eelezni\u010dn\u00fa prepravu nebezpe\u010dn\u00e9ho tovaru.<\/p>\n<p style=\"text-align: justify;\"><strong>SCBA<\/strong>: Samostatn\u00fd d\u00fdchac\u00ed pr\u00edstroj (Self-Contained Breathing Apparatus).<\/p>\n<p style=\"text-align: justify;\"><strong>SDS<\/strong>: Karta bezpe\u010dnostn\u00fdch \u00fadajov (KB\u00da; Safety Data Sheet).<\/p>\n<p style=\"text-align: justify;\"><strong>STOT<\/strong>: Toxicita pre \u0161pecifick\u00fd cie\u013eov\u00fd org\u00e1n.<\/p>\n<p style=\"text-align: justify;\"><strong>SVHC<\/strong>: L\u00e1tky vzbudzuj\u00face ve\u013emi ve\u013ek\u00e9 obavy.<\/p>\n<p style=\"text-align: justify;\"><strong>UN<\/strong>: Organiz\u00e1cia Spojen\u00fdch n\u00e1rodov (OSN).<\/p>\n<p style=\"text-align: justify;\"><strong>UVCB<\/strong>: L\u00e1tky nezn\u00e1meho alebo variabiln\u00e9ho zlo\u017eenia, produkty komplexn\u00fdch reakci\u00ed alebo biologick\u00e9 materi\u00e1ly.<\/p>\n<p style=\"text-align: justify;\"><strong>VOC<\/strong>: Prchav\u00e9 organick\u00e9 zl\u00fa\u010deniny.<\/p>\n<p style=\"text-align: justify;\"><strong>vPvB<\/strong>: Ve\u013emi perzistentn\u00e9 a ve\u013emi bioakumulat\u00edvne.<\/p>\n<p>&nbsp;<\/p>\n<h4><span style=\"color: #333333;\">Pon\u00fakan\u00e9 slu\u017eby<\/span><\/h4>\n<ul>\n<li><a href=\"https:\/\/www.msds-europe.com\/sk\/preklad-karty-bezpecnostnych-udajov\/\">Preklad karty bezpe\u010dnostn\u00fdch \u00fadajov<\/a><\/li>\n<li><a href=\"https:\/\/www.msds-europe.com\/sk\/karta-bezpecnostnych-udajov-revizie-aktualizacie\/\">Rev\u00edzia a aktualiz\u00e1cia kariet bezpe\u010dnostn\u00fdch \u00fadajov<\/a><\/li>\n<li><a href=\"https:\/\/www.msds-europe.com\/sk\/zostavenie-a-vytvorenie-karty-bezpecnostnych-udajov\/\">Zostavenie a vypracovanie karty bezpe\u010dnostn\u00fdch \u00fadajov<\/a><\/li>\n<li><a href=\"https:\/\/www.msds-europe.com\/sk\/ufi-sluzby\/#oznamovanie-zmesi-pcn\">Oznamovanie zmes\u00ed cez port\u00e1l PCN<\/a><\/li>\n<\/ul>\n<p>&nbsp;<\/p>\n<h4><span style=\"color: #333333;\">U\u017eito\u010dn\u00e9 inform\u00e1cie<\/span><\/h4>\n<ul>\n<li><a href=\"https:\/\/www.msds-europe.com\/sk\/vystrazny-piktogram\/\">V\u00fdstra\u017en\u00e9 piktogramy<\/a><\/li>\n<\/ul>\n<p>&nbsp;<\/p>\n<p>&nbsp;<\/p>\n","protected":false},"excerpt":{"rendered":"<p>&nbsp; MSDS-Europe \u2013 Znalostn\u00e1 datab\u00e1za pre karty bezpe\u010dnostn\u00fdch \u00fadajov \u2013 Skratky a akronymy v kart\u00e1ch bezpe\u010dnostn\u00fdch \u00fadajov &nbsp; V oddiele 16 karty bezpe\u010dnostn\u00fdch \u00fadajov (KB\u00da) (\u201eIn\u00e9 inform\u00e1cie\u201c) musia by\u0165 uveden\u00e9 vysvetlenia a \u00fapln\u00e9 znenie skratiek a akronymov pou\u017eit\u00fdch v dokumente. Pri pr\u00edprave oddielu 16 odpor\u00fa\u010dame uvies\u0165 nielen v\u00fdznam skratiek, ale&#8230;<\/p>\n","protected":false},"author":2,"featured_media":0,"parent":0,"menu_order":0,"comment_status":"closed","ping_status":"closed","template":"","meta":{"_acf_changed":false,"footnotes":""},"tags":[264,362],"class_list":["post-31677","page","type-page","status-publish","hentry","tag-karta-bezpecnostnych-udajov-sk","tag-zakladna-vedomosti-pre-kartu-bezpecnostnych-udajov"],"acf":[],"yoast_head":"<!-- This site is optimized with the Yoast SEO plugin v27.2 - https:\/\/yoast.com\/product\/yoast-seo-wordpress\/ -->\n<title>Skratky a akronymy v kart\u00e1ch bezpe\u010dnostn\u00fdch \u00fadajov<\/title>\n<meta name=\"description\" content=\"Preh\u013ead naj\u010dastej\u0161\u00edch skratiek v KB\u00da (SDS) a ich v\u00fdznam v oddiele 16 \u2013 praktick\u00e1 pom\u00f4cka pre chemick\u00fa bezpe\u010dnos\u0165.\" \/>\n<meta name=\"robots\" content=\"index, follow, max-snippet:-1, max-image-preview:large, max-video-preview:-1\" \/>\n<link rel=\"canonical\" href=\"https:\/\/www.msds-europe.com\/sk\/skratky-a-akronymy-v-kartach-bezpecnostnych-udajov\/\" \/>\n<meta property=\"og:locale\" content=\"sk_SK\" \/>\n<meta property=\"og:type\" content=\"article\" \/>\n<meta property=\"og:title\" content=\"Skratky a akronymy v kart\u00e1ch bezpe\u010dnostn\u00fdch \u00fadajov\" \/>\n<meta property=\"og:description\" content=\"Preh\u013ead naj\u010dastej\u0161\u00edch skratiek v KB\u00da (SDS) a ich v\u00fdznam v oddiele 16 \u2013 praktick\u00e1 pom\u00f4cka pre chemick\u00fa bezpe\u010dnos\u0165.\" \/>\n<meta property=\"og:url\" content=\"https:\/\/www.msds-europe.com\/sk\/skratky-a-akronymy-v-kartach-bezpecnostnych-udajov\/\" \/>\n<meta property=\"og:site_name\" content=\"MSDS Europe\" \/>\n<meta property=\"article:publisher\" content=\"https:\/\/www.facebook.com\/toxinfokft\/\" \/>\n<meta property=\"article:modified_time\" content=\"2026-02-23T07:54:22+00:00\" \/>\n<meta name=\"twitter:card\" content=\"summary_large_image\" \/>\n<meta name=\"twitter:site\" content=\"@ToxInfoKft\" \/>\n<meta name=\"twitter:label1\" content=\"Predpokladan\u00fd \u010das \u010d\u00edtania\" \/>\n\t<meta name=\"twitter:data1\" content=\"3 min\u00faty\" \/>\n<script type=\"application\/ld+json\" class=\"yoast-schema-graph\">{\"@context\":\"https:\/\/schema.org\",\"@graph\":[{\"@type\":\"WebPage\",\"@id\":\"https:\/\/www.msds-europe.com\/sk\/skratky-a-akronymy-v-kartach-bezpecnostnych-udajov\/\",\"url\":\"https:\/\/www.msds-europe.com\/sk\/skratky-a-akronymy-v-kartach-bezpecnostnych-udajov\/\",\"name\":\"Skratky a akronymy v kart\u00e1ch bezpe\u010dnostn\u00fdch \u00fadajov\",\"isPartOf\":{\"@id\":\"https:\/\/www.msds-europe.com\/es\/#website\"},\"datePublished\":\"2025-04-26T14:49:12+00:00\",\"dateModified\":\"2026-02-23T07:54:22+00:00\",\"description\":\"Preh\u013ead naj\u010dastej\u0161\u00edch skratiek v KB\u00da (SDS) a ich v\u00fdznam v oddiele 16 \u2013 praktick\u00e1 pom\u00f4cka pre chemick\u00fa bezpe\u010dnos\u0165.\",\"breadcrumb\":{\"@id\":\"https:\/\/www.msds-europe.com\/sk\/skratky-a-akronymy-v-kartach-bezpecnostnych-udajov\/#breadcrumb\"},\"inLanguage\":\"sk-SK\",\"potentialAction\":[{\"@type\":\"ReadAction\",\"target\":[\"https:\/\/www.msds-europe.com\/sk\/skratky-a-akronymy-v-kartach-bezpecnostnych-udajov\/\"]}]},{\"@type\":\"BreadcrumbList\",\"@id\":\"https:\/\/www.msds-europe.com\/sk\/skratky-a-akronymy-v-kartach-bezpecnostnych-udajov\/#breadcrumb\",\"itemListElement\":[{\"@type\":\"ListItem\",\"position\":1,\"name\":\"F\u0151oldal\",\"item\":\"https:\/\/www.msds-europe.com\/sk\/\"},{\"@type\":\"ListItem\",\"position\":2,\"name\":\"Skratky a akronymy v kart\u00e1ch bezpe\u010dnostn\u00fdch \u00fadajov\"}]},{\"@type\":\"WebSite\",\"@id\":\"https:\/\/www.msds-europe.com\/es\/#website\",\"url\":\"https:\/\/www.msds-europe.com\/es\/\",\"name\":\"MSDS Europe\",\"description\":\"\",\"publisher\":{\"@id\":\"https:\/\/www.msds-europe.com\/es\/#organization\"},\"potentialAction\":[{\"@type\":\"SearchAction\",\"target\":{\"@type\":\"EntryPoint\",\"urlTemplate\":\"https:\/\/www.msds-europe.com\/es\/?s={search_term_string}\"},\"query-input\":{\"@type\":\"PropertyValueSpecification\",\"valueRequired\":true,\"valueName\":\"search_term_string\"}}],\"inLanguage\":\"sk-SK\"},{\"@type\":\"Organization\",\"@id\":\"https:\/\/www.msds-europe.com\/es\/#organization\",\"name\":\"MSDS-Europe International branch of ToxInfo\",\"url\":\"https:\/\/www.msds-europe.com\/es\/\",\"logo\":{\"@type\":\"ImageObject\",\"inLanguage\":\"sk-SK\",\"@id\":\"https:\/\/www.msds-europe.com\/es\/#\/schema\/logo\/image\/\",\"url\":\"https:\/\/www.msds-europe.com\/wp-content\/uploads\/2021\/04\/msds-europe-logo.jpg\",\"contentUrl\":\"https:\/\/www.msds-europe.com\/wp-content\/uploads\/2021\/04\/msds-europe-logo.jpg\",\"width\":2296,\"height\":1067,\"caption\":\"MSDS-Europe International branch of ToxInfo\"},\"image\":{\"@id\":\"https:\/\/www.msds-europe.com\/es\/#\/schema\/logo\/image\/\"},\"sameAs\":[\"https:\/\/www.facebook.com\/toxinfokft\/\",\"https:\/\/x.com\/ToxInfoKft\"]}]}<\/script>\n<!-- \/ Yoast SEO plugin. -->","yoast_head_json":{"title":"Skratky a akronymy v kart\u00e1ch bezpe\u010dnostn\u00fdch \u00fadajov","description":"Preh\u013ead naj\u010dastej\u0161\u00edch skratiek v KB\u00da (SDS) a ich v\u00fdznam v oddiele 16 \u2013 praktick\u00e1 pom\u00f4cka pre chemick\u00fa bezpe\u010dnos\u0165.","robots":{"index":"index","follow":"follow","max-snippet":"max-snippet:-1","max-image-preview":"max-image-preview:large","max-video-preview":"max-video-preview:-1"},"canonical":"https:\/\/www.msds-europe.com\/sk\/skratky-a-akronymy-v-kartach-bezpecnostnych-udajov\/","og_locale":"sk_SK","og_type":"article","og_title":"Skratky a akronymy v kart\u00e1ch bezpe\u010dnostn\u00fdch \u00fadajov","og_description":"Preh\u013ead naj\u010dastej\u0161\u00edch skratiek v KB\u00da (SDS) a ich v\u00fdznam v oddiele 16 \u2013 praktick\u00e1 pom\u00f4cka pre chemick\u00fa bezpe\u010dnos\u0165.","og_url":"https:\/\/www.msds-europe.com\/sk\/skratky-a-akronymy-v-kartach-bezpecnostnych-udajov\/","og_site_name":"MSDS Europe","article_publisher":"https:\/\/www.facebook.com\/toxinfokft\/","article_modified_time":"2026-02-23T07:54:22+00:00","twitter_card":"summary_large_image","twitter_site":"@ToxInfoKft","twitter_misc":{"Predpokladan\u00fd \u010das \u010d\u00edtania":"3 min\u00faty"},"schema":{"@context":"https:\/\/schema.org","@graph":[{"@type":"WebPage","@id":"https:\/\/www.msds-europe.com\/sk\/skratky-a-akronymy-v-kartach-bezpecnostnych-udajov\/","url":"https:\/\/www.msds-europe.com\/sk\/skratky-a-akronymy-v-kartach-bezpecnostnych-udajov\/","name":"Skratky a akronymy v kart\u00e1ch bezpe\u010dnostn\u00fdch \u00fadajov","isPartOf":{"@id":"https:\/\/www.msds-europe.com\/es\/#website"},"datePublished":"2025-04-26T14:49:12+00:00","dateModified":"2026-02-23T07:54:22+00:00","description":"Preh\u013ead naj\u010dastej\u0161\u00edch skratiek v KB\u00da (SDS) a ich v\u00fdznam v oddiele 16 \u2013 praktick\u00e1 pom\u00f4cka pre chemick\u00fa bezpe\u010dnos\u0165.","breadcrumb":{"@id":"https:\/\/www.msds-europe.com\/sk\/skratky-a-akronymy-v-kartach-bezpecnostnych-udajov\/#breadcrumb"},"inLanguage":"sk-SK","potentialAction":[{"@type":"ReadAction","target":["https:\/\/www.msds-europe.com\/sk\/skratky-a-akronymy-v-kartach-bezpecnostnych-udajov\/"]}]},{"@type":"BreadcrumbList","@id":"https:\/\/www.msds-europe.com\/sk\/skratky-a-akronymy-v-kartach-bezpecnostnych-udajov\/#breadcrumb","itemListElement":[{"@type":"ListItem","position":1,"name":"F\u0151oldal","item":"https:\/\/www.msds-europe.com\/sk\/"},{"@type":"ListItem","position":2,"name":"Skratky a akronymy v kart\u00e1ch bezpe\u010dnostn\u00fdch \u00fadajov"}]},{"@type":"WebSite","@id":"https:\/\/www.msds-europe.com\/es\/#website","url":"https:\/\/www.msds-europe.com\/es\/","name":"MSDS Europe","description":"","publisher":{"@id":"https:\/\/www.msds-europe.com\/es\/#organization"},"potentialAction":[{"@type":"SearchAction","target":{"@type":"EntryPoint","urlTemplate":"https:\/\/www.msds-europe.com\/es\/?s={search_term_string}"},"query-input":{"@type":"PropertyValueSpecification","valueRequired":true,"valueName":"search_term_string"}}],"inLanguage":"sk-SK"},{"@type":"Organization","@id":"https:\/\/www.msds-europe.com\/es\/#organization","name":"MSDS-Europe International branch of ToxInfo","url":"https:\/\/www.msds-europe.com\/es\/","logo":{"@type":"ImageObject","inLanguage":"sk-SK","@id":"https:\/\/www.msds-europe.com\/es\/#\/schema\/logo\/image\/","url":"https:\/\/www.msds-europe.com\/wp-content\/uploads\/2021\/04\/msds-europe-logo.jpg","contentUrl":"https:\/\/www.msds-europe.com\/wp-content\/uploads\/2021\/04\/msds-europe-logo.jpg","width":2296,"height":1067,"caption":"MSDS-Europe International branch of ToxInfo"},"image":{"@id":"https:\/\/www.msds-europe.com\/es\/#\/schema\/logo\/image\/"},"sameAs":["https:\/\/www.facebook.com\/toxinfokft\/","https:\/\/x.com\/ToxInfoKft"]}]}},"_links":{"self":[{"href":"https:\/\/www.msds-europe.com\/sk\/wp-json\/wp\/v2\/pages\/31677","targetHints":{"allow":["GET"]}}],"collection":[{"href":"https:\/\/www.msds-europe.com\/sk\/wp-json\/wp\/v2\/pages"}],"about":[{"href":"https:\/\/www.msds-europe.com\/sk\/wp-json\/wp\/v2\/types\/page"}],"author":[{"embeddable":true,"href":"https:\/\/www.msds-europe.com\/sk\/wp-json\/wp\/v2\/users\/2"}],"replies":[{"embeddable":true,"href":"https:\/\/www.msds-europe.com\/sk\/wp-json\/wp\/v2\/comments?post=31677"}],"version-history":[{"count":9,"href":"https:\/\/www.msds-europe.com\/sk\/wp-json\/wp\/v2\/pages\/31677\/revisions"}],"predecessor-version":[{"id":37398,"href":"https:\/\/www.msds-europe.com\/sk\/wp-json\/wp\/v2\/pages\/31677\/revisions\/37398"}],"wp:attachment":[{"href":"https:\/\/www.msds-europe.com\/sk\/wp-json\/wp\/v2\/media?parent=31677"}],"wp:term":[{"taxonomy":"post_tag","embeddable":true,"href":"https:\/\/www.msds-europe.com\/sk\/wp-json\/wp\/v2\/tags?post=31677"}],"curies":[{"name":"wp","href":"https:\/\/api.w.org\/{rel}","templated":true}]}}