{"id":24429,"date":"2021-02-24T09:06:04","date_gmt":"2021-02-24T09:06:04","guid":{"rendered":"https:\/\/www.msds-europe.com\/?page_id=24429"},"modified":"2026-02-19T10:31:19","modified_gmt":"2026-02-19T10:31:19","slug":"zmluva-o-bezpecnostn%c5%b1ych-listoch","status":"publish","type":"page","link":"https:\/\/www.msds-europe.com\/sk\/zmluva-o-bezpecnostn%c5%b1ych-listoch\/","title":{"rendered":"Dlhodob\u00e1 spolupr\u00e1ca v oblasti chemickej bezpe\u010dnosti"},"content":{"rendered":"<p>&nbsp;<\/p>\n<p style=\"text-align: right;\"><em><a href=\"https:\/\/www.msds-europe.com\/sk\/program-zakaznickej-podpory-spolocnosti\/\">Program z\u00e1kazn\u00edckej podpory spolo\u010dnosti MSDS-Europe<\/a> \u2013 zmluvn\u00e9 dojednanie<\/em><\/p>\n<p style=\"text-align: justify;\"><strong>V r\u00e1mci programu z\u00e1kazn\u00edckej podpory spolo\u010dnosti MSDS-Europe sme vytvorili zmluvn\u00e9 dojednanie, ktor\u00e9 m\u00f4\u017ee poskytn\u00fa\u0165 primeran\u00fa flexibilitu a finan\u010dn\u00e9 v\u00fdhody na pokrytie dlhodob\u00fdch po\u017eiadaviek.<\/strong><\/p>\n<p style=\"text-align: justify;\"><strong>V pr\u00edpade uzatvorenia zmluvy poskytujeme kumulat\u00edvne z\u013eavy na v\u0161etky <a href=\"https:\/\/www.msds-europe.com\/sk\/preklad-karty-bezpecnostnych-udajov\/\">karty bezpe\u010dnostn\u00fdch \u00fadajov<\/a> objednan\u00e9 v danom obdob\u00ed (mesiac alebo \u0161tvr\u0165rok) spolu s odkladom platby.<\/strong><\/p>\n<p>&nbsp;<\/p>\n<h2 style=\"text-align: justify;\">Finan\u010dn\u00e9 v\u00fdhody<\/h2>\n<ul>\n<li style=\"text-align: justify;\">Kumulat\u00edvne mno\u017estvov\u00e9 z\u013eavy \u2013 z\u013eava na cel\u00fd objem objednan\u00fd v aktu\u00e1lnom \u0161tvr\u0165roku<\/li>\n<li style=\"text-align: justify;\">Odklad platby \u2013 \u0161tvr\u0165ro\u010dn\u00e1 faktur\u00e1cia<\/li>\n<li style=\"text-align: justify;\">\u201ePrip\u00edsanie\u201c v\u00fddavkov \u2013 odklad platby (a\u017e 90 dn\u00ed)<\/li>\n<li style=\"text-align: justify;\">Ni\u017e\u0161ie transak\u010dn\u00e9 n\u00e1klady<\/li>\n<\/ul>\n<p>&nbsp;<\/p>\n<h2 style=\"text-align: justify;\">Zjednodu\u0161en\u00e1 spr\u00e1va<\/h2>\n<ul>\n<li style=\"text-align: justify;\">Jedna fakt\u00fara obsahuj\u00faca v\u0161etky objedn\u00e1vky za 3 mesiace<\/li>\n<li style=\"text-align: justify;\">Zn\u00ed\u017een\u00e1 administrat\u00edva, jednoduch\u0161ie \u00fa\u010dtovn\u00edctvo<\/li>\n<li style=\"text-align: justify;\">Zr\u00fdchlen\u00fd proces objedn\u00e1vania<\/li>\n<\/ul>\n<p>&nbsp;<\/p>\n<h2 style=\"text-align: justify;\">In\u00e9 v\u00fdhody<\/h2>\n<ul>\n<li style=\"text-align: justify;\">Samozrejme, m\u00f4\u017eete na\u010falej vyu\u017e\u00edva\u0165 v\u0161etky v\u00fdhody u\u017e sk\u00f4r spom\u00ednan\u00e9ho statusu k\u013e\u00fa\u010dov\u00e9ho klienta.<\/li>\n<\/ul>\n<p>&nbsp;<\/p>\n<h3 style=\"text-align: justify;\"><span style=\"color: #333333;\">Inform\u00e1cie o zmluve<\/span><\/h3>\n<ul>\n<li style=\"text-align: justify;\">Typ zmluvy: v\u0161eobecn\u00e1 r\u00e1mcov\u00e1 zmluva<\/li>\n<li style=\"text-align: justify;\">Pevne stanoven\u00e1 doba, zvy\u010dajne s d\u00e1tumom ukon\u010denia platnosti pre referen\u010dn\u00fd rok<\/li>\n<li style=\"text-align: justify;\">V\u0161eobecn\u00e1 r\u00e1mcov\u00e1 zmluva nepredstavuje povinnos\u0165 objedn\u00e1va\u0165<\/li>\n<li style=\"text-align: justify;\">Obsahuje mesa\u010dn\u00fa alebo \u0161tvr\u0165ro\u010dn\u00fa faktur\u00e1ciu<\/li>\n<\/ul>\n<p style=\"text-align: right;\"><em>Ak sa chcete dozvedie\u0165 viac o obsahu, po\u017eiadajte n\u00e1\u0161 <a href=\"https:\/\/www.msds-europe.com\/sk\/zakaznicke-sluzby\/\">z\u00e1kazn\u00edcky servis<\/a> o n\u00e1vrh zmluvy.<\/em><\/p>\n<p>&nbsp;<\/p>\n<h2 style=\"text-align: justify;\">Program z\u00e1kazn\u00edckej podpory spolo\u010dnosti MSDS-Europe<\/h2>\n<ul>\n<li style=\"text-align: justify;\">V pr\u00edpade uzatvorenia zmluvy vymenujeme osobn\u00fa kontaktn\u00fa osobu na zaistenie bezprobl\u00e9mov\u00e9ho fungovania a \u010do najkvalitnej\u0161ej podpory.<\/li>\n<\/ul>\n<p>&nbsp;<\/p>\n<h3><span style=\"color: #333333;\">Odpor\u00fa\u010dan\u00e9 slu\u017eby<\/span><\/h3>\n<ul>\n<li><a href=\"https:\/\/www.msds-europe.com\/sk\/preklad-karty-bezpecnostnych-udajov\/\">Preklad karty bezpe\u010dnostn\u00fdch \u00fadajov<\/a> v s\u00falade s predpismi v oblasti chemickej bezpe\u010dnosti<\/li>\n<li>Na\u0161e slu\u017eby t\u00fdkaj\u00face sa <a href=\"https:\/\/www.msds-europe.com\/sk\/ufi-sluzby\/\">tvorby a oznamovania k\u00f3du UFI<\/a><\/li>\n<li><a href=\"https:\/\/www.msds-europe.com\/sk\/vytvorenie-navrhu-oznacenia\/\">Vytvorenie n\u00e1vrhu ozna\u010denia pod\u013ea CLP<\/a> pre l\u00e1tky a zmesi<\/li>\n<li><a href=\"https:\/\/www.msds-europe.com\/sk\/zostavenie-a-vytvorenie-karty-bezpecnostnych-udajov\/\">Zostavenie a vytvorenie karty bezpe\u010dnostn\u00fdch \u00fadajov<\/a><\/li>\n<\/ul>\n<p>&nbsp;<\/p>\n","protected":false},"excerpt":{"rendered":"<p>&nbsp; Program z\u00e1kazn\u00edckej podpory spolo\u010dnosti MSDS-Europe \u2013 zmluvn\u00e9 dojednanie V r\u00e1mci programu z\u00e1kazn\u00edckej podpory spolo\u010dnosti MSDS-Europe sme vytvorili zmluvn\u00e9 dojednanie, ktor\u00e9 m\u00f4\u017ee poskytn\u00fa\u0165 primeran\u00fa flexibilitu a finan\u010dn\u00e9 v\u00fdhody na pokrytie dlhodob\u00fdch po\u017eiadaviek. V pr\u00edpade uzatvorenia zmluvy poskytujeme kumulat\u00edvne z\u013eavy na v\u0161etky karty bezpe\u010dnostn\u00fdch \u00fadajov objednan\u00e9 v danom obdob\u00ed (mesiac alebo&#8230;<\/p>\n","protected":false},"author":2,"featured_media":0,"parent":0,"menu_order":0,"comment_status":"closed","ping_status":"closed","template":"","meta":{"_acf_changed":false,"footnotes":""},"tags":[],"class_list":["post-24429","page","type-page","status-publish","hentry"],"acf":[],"yoast_head":"<!-- This site is optimized with the Yoast SEO plugin v27.2 - https:\/\/yoast.com\/product\/yoast-seo-wordpress\/ -->\n<title>Preklad kariet bezpe\u010dnostn\u00fdch \u00fadajov vo forme zmluvn\u00e9ho dojednania<\/title>\n<meta name=\"description\" content=\"Pravideln\u00e1 faktur\u00e1cia, odklad platby a kumulat\u00edvna mno\u017estvov\u00e1 a cenov\u00e1 z\u013eava. Program z\u00e1kazn\u00edckej podpory spolo\u010dnosti \u2013 zmluvn\u00e9 dojednanie\" \/>\n<meta name=\"robots\" content=\"index, follow, max-snippet:-1, max-image-preview:large, max-video-preview:-1\" \/>\n<link rel=\"canonical\" href=\"https:\/\/www.msds-europe.com\/sk\/zmluva-o-bezpecnostn\u0171ych-listoch\/\" \/>\n<meta property=\"og:locale\" content=\"sk_SK\" \/>\n<meta property=\"og:type\" content=\"article\" \/>\n<meta property=\"og:title\" content=\"Preklad kariet bezpe\u010dnostn\u00fdch \u00fadajov vo forme zmluvn\u00e9ho dojednania\" \/>\n<meta property=\"og:description\" content=\"Pravideln\u00e1 faktur\u00e1cia, odklad platby a kumulat\u00edvna mno\u017estvov\u00e1 a cenov\u00e1 z\u013eava. Program z\u00e1kazn\u00edckej podpory spolo\u010dnosti \u2013 zmluvn\u00e9 dojednanie\" \/>\n<meta property=\"og:url\" content=\"https:\/\/www.msds-europe.com\/sk\/zmluva-o-bezpecnostn\u0171ych-listoch\/\" \/>\n<meta property=\"og:site_name\" content=\"MSDS Europe\" \/>\n<meta property=\"article:publisher\" content=\"https:\/\/www.facebook.com\/toxinfokft\/\" \/>\n<meta property=\"article:modified_time\" content=\"2026-02-19T10:31:19+00:00\" \/>\n<meta name=\"twitter:card\" content=\"summary_large_image\" \/>\n<meta name=\"twitter:site\" content=\"@ToxInfoKft\" \/>\n<meta name=\"twitter:label1\" content=\"Predpokladan\u00fd \u010das \u010d\u00edtania\" \/>\n\t<meta name=\"twitter:data1\" content=\"1 min\u00fata\" \/>\n<script type=\"application\/ld+json\" class=\"yoast-schema-graph\">{\"@context\":\"https:\/\/schema.org\",\"@graph\":[{\"@type\":\"WebPage\",\"@id\":\"https:\/\/www.msds-europe.com\/sk\/zmluva-o-bezpecnostn%c5%b1ych-listoch\/\",\"url\":\"https:\/\/www.msds-europe.com\/sk\/zmluva-o-bezpecnostn%c5%b1ych-listoch\/\",\"name\":\"Preklad kariet bezpe\u010dnostn\u00fdch \u00fadajov vo forme zmluvn\u00e9ho dojednania\",\"isPartOf\":{\"@id\":\"https:\/\/www.msds-europe.com\/es\/#website\"},\"datePublished\":\"2021-02-24T09:06:04+00:00\",\"dateModified\":\"2026-02-19T10:31:19+00:00\",\"description\":\"Pravideln\u00e1 faktur\u00e1cia, odklad platby a kumulat\u00edvna mno\u017estvov\u00e1 a cenov\u00e1 z\u013eava. Program z\u00e1kazn\u00edckej podpory spolo\u010dnosti \u2013 zmluvn\u00e9 dojednanie\",\"breadcrumb\":{\"@id\":\"https:\/\/www.msds-europe.com\/sk\/zmluva-o-bezpecnostn%c5%b1ych-listoch\/#breadcrumb\"},\"inLanguage\":\"sk-SK\",\"potentialAction\":[{\"@type\":\"ReadAction\",\"target\":[\"https:\/\/www.msds-europe.com\/sk\/zmluva-o-bezpecnostn%c5%b1ych-listoch\/\"]}]},{\"@type\":\"BreadcrumbList\",\"@id\":\"https:\/\/www.msds-europe.com\/sk\/zmluva-o-bezpecnostn%c5%b1ych-listoch\/#breadcrumb\",\"itemListElement\":[{\"@type\":\"ListItem\",\"position\":1,\"name\":\"F\u0151oldal\",\"item\":\"https:\/\/www.msds-europe.com\/sk\/\"},{\"@type\":\"ListItem\",\"position\":2,\"name\":\"Dlhodob\u00e1 spolupr\u00e1ca v oblasti chemickej bezpe\u010dnosti\"}]},{\"@type\":\"WebSite\",\"@id\":\"https:\/\/www.msds-europe.com\/es\/#website\",\"url\":\"https:\/\/www.msds-europe.com\/es\/\",\"name\":\"MSDS Europe\",\"description\":\"\",\"publisher\":{\"@id\":\"https:\/\/www.msds-europe.com\/es\/#organization\"},\"potentialAction\":[{\"@type\":\"SearchAction\",\"target\":{\"@type\":\"EntryPoint\",\"urlTemplate\":\"https:\/\/www.msds-europe.com\/es\/?s={search_term_string}\"},\"query-input\":{\"@type\":\"PropertyValueSpecification\",\"valueRequired\":true,\"valueName\":\"search_term_string\"}}],\"inLanguage\":\"sk-SK\"},{\"@type\":\"Organization\",\"@id\":\"https:\/\/www.msds-europe.com\/es\/#organization\",\"name\":\"MSDS-Europe International branch of ToxInfo\",\"url\":\"https:\/\/www.msds-europe.com\/es\/\",\"logo\":{\"@type\":\"ImageObject\",\"inLanguage\":\"sk-SK\",\"@id\":\"https:\/\/www.msds-europe.com\/es\/#\/schema\/logo\/image\/\",\"url\":\"https:\/\/www.msds-europe.com\/wp-content\/uploads\/2021\/04\/msds-europe-logo.jpg\",\"contentUrl\":\"https:\/\/www.msds-europe.com\/wp-content\/uploads\/2021\/04\/msds-europe-logo.jpg\",\"width\":2296,\"height\":1067,\"caption\":\"MSDS-Europe International branch of ToxInfo\"},\"image\":{\"@id\":\"https:\/\/www.msds-europe.com\/es\/#\/schema\/logo\/image\/\"},\"sameAs\":[\"https:\/\/www.facebook.com\/toxinfokft\/\",\"https:\/\/x.com\/ToxInfoKft\"]}]}<\/script>\n<!-- \/ Yoast SEO plugin. -->","yoast_head_json":{"title":"Preklad kariet bezpe\u010dnostn\u00fdch \u00fadajov vo forme zmluvn\u00e9ho dojednania","description":"Pravideln\u00e1 faktur\u00e1cia, odklad platby a kumulat\u00edvna mno\u017estvov\u00e1 a cenov\u00e1 z\u013eava. Program z\u00e1kazn\u00edckej podpory spolo\u010dnosti \u2013 zmluvn\u00e9 dojednanie","robots":{"index":"index","follow":"follow","max-snippet":"max-snippet:-1","max-image-preview":"max-image-preview:large","max-video-preview":"max-video-preview:-1"},"canonical":"https:\/\/www.msds-europe.com\/sk\/zmluva-o-bezpecnostn\u0171ych-listoch\/","og_locale":"sk_SK","og_type":"article","og_title":"Preklad kariet bezpe\u010dnostn\u00fdch \u00fadajov vo forme zmluvn\u00e9ho dojednania","og_description":"Pravideln\u00e1 faktur\u00e1cia, odklad platby a kumulat\u00edvna mno\u017estvov\u00e1 a cenov\u00e1 z\u013eava. Program z\u00e1kazn\u00edckej podpory spolo\u010dnosti \u2013 zmluvn\u00e9 dojednanie","og_url":"https:\/\/www.msds-europe.com\/sk\/zmluva-o-bezpecnostn\u0171ych-listoch\/","og_site_name":"MSDS Europe","article_publisher":"https:\/\/www.facebook.com\/toxinfokft\/","article_modified_time":"2026-02-19T10:31:19+00:00","twitter_card":"summary_large_image","twitter_site":"@ToxInfoKft","twitter_misc":{"Predpokladan\u00fd \u010das \u010d\u00edtania":"1 min\u00fata"},"schema":{"@context":"https:\/\/schema.org","@graph":[{"@type":"WebPage","@id":"https:\/\/www.msds-europe.com\/sk\/zmluva-o-bezpecnostn%c5%b1ych-listoch\/","url":"https:\/\/www.msds-europe.com\/sk\/zmluva-o-bezpecnostn%c5%b1ych-listoch\/","name":"Preklad kariet bezpe\u010dnostn\u00fdch \u00fadajov vo forme zmluvn\u00e9ho dojednania","isPartOf":{"@id":"https:\/\/www.msds-europe.com\/es\/#website"},"datePublished":"2021-02-24T09:06:04+00:00","dateModified":"2026-02-19T10:31:19+00:00","description":"Pravideln\u00e1 faktur\u00e1cia, odklad platby a kumulat\u00edvna mno\u017estvov\u00e1 a cenov\u00e1 z\u013eava. Program z\u00e1kazn\u00edckej podpory spolo\u010dnosti \u2013 zmluvn\u00e9 dojednanie","breadcrumb":{"@id":"https:\/\/www.msds-europe.com\/sk\/zmluva-o-bezpecnostn%c5%b1ych-listoch\/#breadcrumb"},"inLanguage":"sk-SK","potentialAction":[{"@type":"ReadAction","target":["https:\/\/www.msds-europe.com\/sk\/zmluva-o-bezpecnostn%c5%b1ych-listoch\/"]}]},{"@type":"BreadcrumbList","@id":"https:\/\/www.msds-europe.com\/sk\/zmluva-o-bezpecnostn%c5%b1ych-listoch\/#breadcrumb","itemListElement":[{"@type":"ListItem","position":1,"name":"F\u0151oldal","item":"https:\/\/www.msds-europe.com\/sk\/"},{"@type":"ListItem","position":2,"name":"Dlhodob\u00e1 spolupr\u00e1ca v oblasti chemickej bezpe\u010dnosti"}]},{"@type":"WebSite","@id":"https:\/\/www.msds-europe.com\/es\/#website","url":"https:\/\/www.msds-europe.com\/es\/","name":"MSDS Europe","description":"","publisher":{"@id":"https:\/\/www.msds-europe.com\/es\/#organization"},"potentialAction":[{"@type":"SearchAction","target":{"@type":"EntryPoint","urlTemplate":"https:\/\/www.msds-europe.com\/es\/?s={search_term_string}"},"query-input":{"@type":"PropertyValueSpecification","valueRequired":true,"valueName":"search_term_string"}}],"inLanguage":"sk-SK"},{"@type":"Organization","@id":"https:\/\/www.msds-europe.com\/es\/#organization","name":"MSDS-Europe International branch of ToxInfo","url":"https:\/\/www.msds-europe.com\/es\/","logo":{"@type":"ImageObject","inLanguage":"sk-SK","@id":"https:\/\/www.msds-europe.com\/es\/#\/schema\/logo\/image\/","url":"https:\/\/www.msds-europe.com\/wp-content\/uploads\/2021\/04\/msds-europe-logo.jpg","contentUrl":"https:\/\/www.msds-europe.com\/wp-content\/uploads\/2021\/04\/msds-europe-logo.jpg","width":2296,"height":1067,"caption":"MSDS-Europe International branch of ToxInfo"},"image":{"@id":"https:\/\/www.msds-europe.com\/es\/#\/schema\/logo\/image\/"},"sameAs":["https:\/\/www.facebook.com\/toxinfokft\/","https:\/\/x.com\/ToxInfoKft"]}]}},"_links":{"self":[{"href":"https:\/\/www.msds-europe.com\/sk\/wp-json\/wp\/v2\/pages\/24429","targetHints":{"allow":["GET"]}}],"collection":[{"href":"https:\/\/www.msds-europe.com\/sk\/wp-json\/wp\/v2\/pages"}],"about":[{"href":"https:\/\/www.msds-europe.com\/sk\/wp-json\/wp\/v2\/types\/page"}],"author":[{"embeddable":true,"href":"https:\/\/www.msds-europe.com\/sk\/wp-json\/wp\/v2\/users\/2"}],"replies":[{"embeddable":true,"href":"https:\/\/www.msds-europe.com\/sk\/wp-json\/wp\/v2\/comments?post=24429"}],"version-history":[{"count":6,"href":"https:\/\/www.msds-europe.com\/sk\/wp-json\/wp\/v2\/pages\/24429\/revisions"}],"predecessor-version":[{"id":37188,"href":"https:\/\/www.msds-europe.com\/sk\/wp-json\/wp\/v2\/pages\/24429\/revisions\/37188"}],"wp:attachment":[{"href":"https:\/\/www.msds-europe.com\/sk\/wp-json\/wp\/v2\/media?parent=24429"}],"wp:term":[{"taxonomy":"post_tag","embeddable":true,"href":"https:\/\/www.msds-europe.com\/sk\/wp-json\/wp\/v2\/tags?post=24429"}],"curies":[{"name":"wp","href":"https:\/\/api.w.org\/{rel}","templated":true}]}}