{"id":24400,"date":"2021-02-23T12:57:56","date_gmt":"2021-02-23T12:57:56","guid":{"rendered":"https:\/\/www.msds-europe.com\/?page_id=24400"},"modified":"2026-02-25T08:48:44","modified_gmt":"2026-02-25T08:48:44","slug":"etiketa-clp","status":"publish","type":"page","link":"https:\/\/www.msds-europe.com\/sk\/etiketa-clp\/","title":{"rendered":"Etiketa CLP, ozna\u010dovanie v praxi"},"content":{"rendered":"<p style=\"text-align: right;\"><em><a href=\"https:\/\/www.msds-europe.com\/sk\/uzitocne-zakladne-materialy-prirucky-pre-karty-bezpecnostnych-udajov\/\">Datab\u00e1za znalost\u00ed o bezpe\u010dnostn\u00fdch listoch<\/a> \u2013 Ozna\u010dovanie CLP v praxi<\/em><\/p>\n<p>&nbsp;<\/p>\n<p style=\"text-align: justify;\">L\u00e1tky a zmesi podliehaj\u00face po\u017eiadavk\u00e1m chemickej bezpe\u010dnosti musia by\u0165 ozna\u010dovan\u00e9 v s\u00falade s <a href=\"https:\/\/www.msds-europe.com\/sk\/regulacne-zmeny-v-oblasti-chemickej-bezpecnosti\/\"><strong>nariaden\u00edm (ES) \u010d. 1272\/2008<\/strong><\/a> (CLP).<\/p>\n<p>&nbsp;<\/p>\n<h2 style=\"text-align: justify;\">Povinnos\u0165 ozna\u010dovania<\/h2>\n<ul>\n<li>ak je samotn\u00e1 l\u00e1tka alebo zmes klasifikovan\u00e1 ako nebezpe\u010dn\u00e1 pod\u013ea CLP,<\/li>\n<li>ak ide o v\u00fdbu\u0161n\u00fd v\u00fdrobok,<\/li>\n<li>ak ide o zmes neklasifikovan\u00fa ako nebezpe\u010dn\u00e1, ktor\u00e1 v\u0161ak obsahuje jednu alebo viac nebezpe\u010dn\u00fdch l\u00e1tok nad koncentr\u00e1ciami uveden\u00fdmi v \u010dasti 2 pr\u00edlohy II k CLP.<\/li>\n<\/ul>\n<p style=\"text-align: justify;\"><em>V\u00fdnimky z ozna\u010dovania v\u00fdrobkov v baleniach do 125 ml (bod 1.5.2 pr\u00edlohy I k nariadeniu (ES) \u010d. 1272\/2008)<\/em><\/p>\n<p>&nbsp;<\/p>\n<h2 style=\"text-align: justify;\">Zdroje inform\u00e1ci\u00ed na vypracovanie etikety pod\u013ea CLP<\/h2>\n<p style=\"text-align: justify;\"><strong>Ako dovozca<\/strong><\/p>\n<p style=\"text-align: justify;\">Etiketa by mala vych\u00e1dza\u0165 z hlavy III nariadenia (ES) \u010d. 1272\/2008 (CLP).<\/p>\n<p style=\"text-align: justify;\"><strong>Ako distrib\u00fator<\/strong><\/p>\n<p style=\"text-align: justify;\">Etiketa sa m\u00e1 vypracova\u0165 pod\u013ea oddielu 2.2 karty bezpe\u010dnostn\u00fdch \u00fadajov (KB\u00da).<\/p>\n<p style=\"text-align: justify;\"><strong>Ako predajca<\/strong><\/p>\n<p style=\"text-align: justify;\">Bez povinnost\u00ed \u2013 iba ak je etiketa po\u0161koden\u00e1 a mus\u00ed sa nahradi\u0165.<\/p>\n<p>&nbsp;<\/p>\n<h2 style=\"text-align: justify;\">V\u0161eobecn\u00e9 aspekty ozna\u010dovania<\/h2>\n<ul>\n<li>princ\u00edp \u201ekomunik\u00e1cie nebezpe\u010denstva prostredn\u00edctvom ozna\u010dovania\u201c<\/li>\n<li>jazyk etikety<\/li>\n<li>\u201edopl\u0148uj\u00face inform\u00e1cie\u201c na etikete<\/li>\n<li>pravidl\u00e1 \u010ditate\u013enosti\/vidite\u013enosti<\/li>\n<li>pravidl\u00e1 usporiadania<\/li>\n<\/ul>\n<p>&nbsp;<\/p>\n<h2 style=\"text-align: justify;\">Prvky etikety nebezpe\u010dn\u00fdch v\u00fdrobkov<\/h2>\n<ul>\n<li>n\u00e1zov, adresa a telef\u00f3nne \u010d\u00edslo dod\u00e1vate\u013ea\/dod\u00e1vate\u013eov,<\/li>\n<li>nomin\u00e1lne mno\u017estvo (pre spotrebite\u013ea),<\/li>\n<li>identifik\u00e1tor v\u00fdrobku.<\/li>\n<\/ul>\n<p style=\"text-align: justify;\">Ak je to relevantn\u00e9:<\/p>\n<ul>\n<li style=\"text-align: justify;\"><a href=\"https:\/\/www.msds-europe.com\/sk\/symboly-nebezpecenstva\/\">Piktogramy nebezpe\u010denstva<\/a><\/li>\n<li style=\"text-align: justify;\">V\u00fdstra\u017en\u00e9 slovo<\/li>\n<li style=\"text-align: justify;\"><a href=\"https:\/\/www.msds-europe.com\/sk\/vystrazne-upozornenie\/\">V\u00fdstra\u017en\u00e9 upozornenia (H-vety)<\/a><\/li>\n<li style=\"text-align: justify;\"><a href=\"https:\/\/www.msds-europe.com\/sk\/bezpecnostne-upozornenie-p\/\">Bezpe\u010dnostn\u00e9 upozornenia (P-vety)<\/a>*<\/li>\n<\/ul>\n<p style=\"text-align: justify;\">* V pr\u00edpade spotrebite\u013esk\u00e9ho pou\u017eitia sa vy\u017eaduj\u00fa aj P-vety t\u00fdkaj\u00face sa zne\u0161kod\u0148ovania l\u00e1tky alebo zmesi a jej obalu ako odpadu.<\/p>\n<ul>\n<li style=\"text-align: justify;\">Oddiel pre dopl\u0148uj\u00face inform\u00e1cie (povinn\u00e9 aj nepovinn\u00e9 prvky)<\/li>\n<\/ul>\n<p>&nbsp;<\/p>\n<p style=\"text-align: justify;\"><strong>Povinn\u00fd oddiel dopl\u0148uj\u00facich inform\u00e1ci\u00ed na etikete<\/strong><\/p>\n<ul>\n<li style=\"text-align: justify;\"><a href=\"https:\/\/www.msds-europe.com\/sk\/vystrazne-upozornenie\/\">Dopl\u0148uj\u00face v\u00fdstra\u017en\u00e9 upozornenia (EUH-vety)<\/a> (uveden\u00e9 v oddieloch 1.1 a 1.2 pr\u00edlohy II a v oddiele 2 pr\u00edlohy III) priraden\u00e9 l\u00e1tkam a zmesiam klasifikovan\u00fdm pre fyzik\u00e1lne, zdravotn\u00e9 alebo environment\u00e1lne rizik\u00e1,<\/li>\n<li style=\"text-align: justify;\">H-vety pre l\u00e1tky uveden\u00e9 v pr\u00edlohe I (ak s\u00fa relevantn\u00e9),<\/li>\n<li style=\"text-align: justify;\">inform\u00e1cie o \u0161peci\u00e1lnych opatreniach,<\/li>\n<li style=\"text-align: justify;\">veta EUH401 pri pr\u00edpravkoch na ochranu rastl\u00edn,<\/li>\n<li style=\"text-align: justify;\">prvky etikety vypl\u00fdvaj\u00face z in\u00fdch pr\u00e1vnych predpisov \u2013 povrchovo akt\u00edvne l\u00e1tky a v\u00f4ne (detergenty), po\u017eiadavky na hor\u013eavos\u0165 aerosolov alebo obsah VOC pod\u013ea smernice 2004\/42\/ES; pozrite aj: <a href=\"https:\/\/www.msds-europe.com\/sk\/clp-online-reklama-2028\/\">Nov\u00e9 pravidl\u00e1 CLP pre e-shopy: ozna\u010dovanie a reklama<\/a>,<\/li>\n<li style=\"text-align: justify;\">zmesi s individu\u00e1lnymi EUH-vetami:<\/li>\n<\/ul>\n<p style=\"text-align: justify; padding-left: 60px;\">Zmesi obsahuj\u00face olovo<\/p>\n<p style=\"text-align: justify; padding-left: 60px;\">Zmesi obsahuj\u00face kyanoakryl\u00e1t<\/p>\n<p style=\"text-align: justify; padding-left: 60px;\">Cementy a cementov\u00e9 zmesi<\/p>\n<p style=\"text-align: justify; padding-left: 60px;\">Zmesi obsahuj\u00face izokyan\u00e1ty<\/p>\n<p style=\"text-align: justify; padding-left: 60px;\">Zmesi obsahuj\u00face epoxidov\u00e9 zlo\u017eky s priemernou mol\u00e1rnou hmotnos\u0165ou \u2264 700<\/p>\n<p style=\"text-align: justify; padding-left: 60px;\">Zmesi obsahuj\u00face akt\u00edvny chl\u00f3r<\/p>\n<p style=\"text-align: justify; padding-left: 60px;\">Zmesi obsahuj\u00face kadmium (zliatiny) ur\u010den\u00e9 na sp\u00e1jkovanie<\/p>\n<p style=\"text-align: justify; padding-left: 60px;\">Zmesi neklasifikovan\u00e9 ako senzibilizuj\u00face, ale obsahuj\u00face aspo\u0148 jednu senzibilizuj\u00facu l\u00e1tku<\/p>\n<p style=\"text-align: justify; padding-left: 60px;\">Kvapaln\u00e9 zmesi obsahuj\u00face halog\u00e9novan\u00e9 uh\u013eovod\u00edky<\/p>\n<p style=\"text-align: justify; padding-left: 60px;\">Zmesi neur\u010den\u00e9 pre \u0161irok\u00fa verejnos\u0165 obsahuj\u00face ur\u010dit\u00e9 l\u00e1tky v minim\u00e1lnej koncentr\u00e1cii<\/p>\n<p style=\"text-align: justify; padding-left: 60px;\">Aeros\u00f3ly<\/p>\n<p>&nbsp;<\/p>\n<h2 style=\"text-align: justify;\">Minim\u00e1lne rozmery etikiet a piktogramov<\/h2>\n<p style=\"text-align: justify;\">Pod\u013ea nariadenia Komisie (E\u00da) \u010d. 286\/2011:<\/p>\n<p style=\"text-align: justify;\"><strong>Objem (l) \u2013 Rozmery etikety (mm) \u2013 Rozmery ka\u017ed\u00e9ho <a href=\"https:\/\/www.msds-europe.com\/sk\/vystrazny-piktogram\/\">piktogramu<\/a> (mm)<\/strong><\/p>\n<p style=\"text-align: justify;\">&lt; 3 litre \u2013 52 \u00d7 74 \u2013 10 \u00d7 10 (min.), 16 \u00d7 16 (opt.)<\/p>\n<p style=\"text-align: justify;\">3 \u2013 50 litrov \u2013 74 \u00d7 105 \u2013 23 \u00d7 23<\/p>\n<p style=\"text-align: justify;\">50 \u2013 500 litrov \u2013 105 \u00d7 148 \u2013 32 \u00d7 32<\/p>\n<p style=\"text-align: justify;\">nad 500 litrov \u2013 148 \u00d7 210 \u2013 46 \u00d7 46<\/p>\n<p>&nbsp;<\/p>\n<h2 style=\"text-align: justify;\">Osobitn\u00e9 pokyny na ozna\u010dovanie<\/h2>\n<ul>\n<li style=\"text-align: justify;\">Prenosn\u00e9 plynov\u00e9 f\u013ea\u0161e (oddiel 1.3.1 pr\u00edlohy I k CLP)<\/li>\n<li style=\"text-align: justify;\">N\u00e1doby na prop\u00e1n, but\u00e1n alebo LPG (oddiel 1.3.2 pr\u00edlohy I k CLP)<\/li>\n<li style=\"text-align: justify;\">Aeros\u00f3ly a n\u00e1doby s uzavretou rozpra\u0161ovacou hlavicou obsahuj\u00face l\u00e1tky \u010di zmesi s rizikom aspir\u00e1cie (oddiel 1.3.3 pr\u00edlohy I k CLP)<\/li>\n<li style=\"text-align: justify;\">Kovy v mas\u00edvnej forme, zliatiny, zmesi obsahuj\u00face polym\u00e9ry alebo elastom\u00e9ry (oddiel 1.3.4 pr\u00edlohy I k CLP)<\/li>\n<li style=\"text-align: justify;\">V\u00fdbu\u0161niny ur\u010den\u00e9 na exploz\u00edvny alebo pyrotechnick\u00fd efekt (oddiel 1.3.5 pr\u00edlohy I k CLP)<\/li>\n<\/ul>\n<p>&nbsp;<\/p>\n<h3 style=\"text-align: justify;\"><span style=\"color: #333333;\">Pon\u00fakan\u00e9 slu\u017eby<\/span><\/h3>\n<ul>\n<li style=\"text-align: justify;\"><a href=\"https:\/\/www.msds-europe.com\/sk\/vytvorenie-navrhu-oznacenia\/\">Vypracovanie etikety CLP<\/a> pre nebezpe\u010dn\u00e9 l\u00e1tky a zmesi<\/li>\n<li style=\"text-align: justify;\">Na\u0161e slu\u017eby s\u00favisiace s <a href=\"https:\/\/www.msds-europe.com\/sk\/ufi-sluzby\/\">generovan\u00edm k\u00f3du UFI<\/a> a oznamovan\u00edm PCN<\/li>\n<li style=\"text-align: justify;\"><a href=\"https:\/\/www.msds-europe.com\/sk\/preklad-karty-bezpecnostnych-udajov\/\">Preklad karty bezpe\u010dnostn\u00fdch \u00fadajov<\/a> v s\u00falade s predpismi chemickej bezpe\u010dnosti<\/li>\n<\/ul>\n<p>&nbsp;<\/p>\n<h3><span style=\"color: #333333;\">Odpor\u00fa\u010dan\u00e9 \u010dl\u00e1nky<\/span><\/h3>\n<ul>\n<li style=\"text-align: justify;\"><a href=\"https:\/\/www.msds-europe.com\/sk\/prvky-oznacovania-karty-bezpecnostnych-udajov\/\">Prvky ozna\u010dovania v oddiele 2.2 KB\u00da<\/a><\/li>\n<li style=\"text-align: justify;\"><a href=\"https:\/\/www.msds-europe.com\/sk\/vystrazne-upozornenie\/\">H-vety<\/a><\/li>\n<li style=\"text-align: justify;\"><a href=\"https:\/\/www.msds-europe.com\/sk\/bezpecnostne-upozornenie-p\/\">P-vety<\/a><\/li>\n<li style=\"text-align: justify;\"><a href=\"https:\/\/www.msds-europe.com\/sk\/vystrazny-piktogram\/\">Piktogram nebezpe\u010denstva<\/a><\/li>\n<\/ul>\n<p>&nbsp;<\/p>\n<h3>R\u00fdchle ot\u00e1zky a odpovede<\/h3>\n<div class=\"su-spoiler su-spoiler-style-fancy su-spoiler-icon-chevron su-spoiler-closed\" data-scroll-offset=\"0\" data-anchor-in-url=\"no\"><div class=\"su-spoiler-title\" tabindex=\"0\" role=\"button\"><span class=\"su-spoiler-icon\"><\/span>Ako ovplyv\u0148uje nariadenie (E\u00da) 2020\/878 obsah kariet bezpe\u010dnostn\u00fdch \u00fadajov (KB\u00da)?<\/div><div class=\"su-spoiler-content su-u-clearfix su-u-trim\">\n<p style=\"text-align: justify;\">Nariadenie (E\u00da) 2020\/878 zaviedlo aktualizovan\u00e9 po\u017eiadavky na \u0161trukt\u00faru a obsah kariet bezpe\u010dnostn\u00fdch \u00fadajov; od 1. janu\u00e1ra 2023 musia by\u0165 KB\u00da uv\u00e1dzan\u00e9 v s\u00falade s t\u00fdmito pravidlami.<\/p>\n<\/div><\/div>\n<div class=\"su-spoiler su-spoiler-style-fancy su-spoiler-icon-chevron su-spoiler-closed\" data-scroll-offset=\"0\" data-anchor-in-url=\"no\"><div class=\"su-spoiler-title\" tabindex=\"0\" role=\"button\"><span class=\"su-spoiler-icon\"><\/span>Kedy je etiketa CLP na v\u00fdrobku povinn\u00e1?<\/div><div class=\"su-spoiler-content su-u-clearfix su-u-trim\">\n<p style=\"text-align: justify;\">Etiketa je povinn\u00e1, ak je l\u00e1tka alebo zmes klasifikovan\u00e1 ako nebezpe\u010dn\u00e1 pod\u013ea CLP, ak ide o v\u00fdbu\u0161n\u00fd v\u00fdrobok, alebo ak zmes s\u00edce nie je klasifikovan\u00e1 ako nebezpe\u010dn\u00e1, ale obsahuje nebezpe\u010dn\u00fa zlo\u017eku nad stanoven\u00fdm limitom.<\/p>\n<\/div><\/div>\n<div class=\"su-spoiler su-spoiler-style-fancy su-spoiler-icon-chevron su-spoiler-closed\" data-scroll-offset=\"0\" data-anchor-in-url=\"no\"><div class=\"su-spoiler-title\" tabindex=\"0\" role=\"button\"><span class=\"su-spoiler-icon\"><\/span>Ak\u00fd je minim\u00e1lny rozmer etikety a piktogramu pre balenia 3\u201350 l?<\/div><div class=\"su-spoiler-content su-u-clearfix su-u-trim\">\n<p style=\"text-align: justify;\">Pre tento objemov\u00fd rozsah mus\u00ed ma\u0165 etiketa aspo\u0148 74 \u00d7 105 mm a ka\u017ed\u00fd piktogram aspo\u0148 23 \u00d7 23 mm.<\/p>\n<\/div><\/div>\n<div class=\"su-spoiler su-spoiler-style-fancy su-spoiler-icon-chevron su-spoiler-closed\" data-scroll-offset=\"0\" data-anchor-in-url=\"no\"><div class=\"su-spoiler-title\" tabindex=\"0\" role=\"button\"><span class=\"su-spoiler-icon\"><\/span>Kde a v akom form\u00e1te mus\u00ed by\u0165 uveden\u00fd k\u00f3d UFI?<\/div><div class=\"su-spoiler-content su-u-clearfix su-u-trim\">\n<p style=\"text-align: justify;\">K\u00f3d vo form\u00e1te \u201eUFI: xxxx-xxxx-xxxx-xxxx\u201c mus\u00ed by\u0165 jasne vidite\u013en\u00fd a nezmazate\u013en\u00fd na etikete (alebo priamo na obale) vn\u00fatorn\u00e9ho obalu; ak to nie je mo\u017en\u00e9 (napr. ve\u013emi mal\u00e9 balenia), m\u00f4\u017ee by\u0165 uveden\u00fd ved\u013ea etikety alebo na vonkaj\u0161om obale pod\u013ea pravidiel CLP.<\/p>\n<\/div><\/div>\n","protected":false},"excerpt":{"rendered":"<p>Datab\u00e1za znalost\u00ed o bezpe\u010dnostn\u00fdch listoch \u2013 Ozna\u010dovanie CLP v praxi &nbsp; L\u00e1tky a zmesi podliehaj\u00face po\u017eiadavk\u00e1m chemickej bezpe\u010dnosti musia by\u0165 ozna\u010dovan\u00e9 v s\u00falade s nariaden\u00edm (ES) \u010d. 1272\/2008 (CLP). &nbsp; Povinnos\u0165 ozna\u010dovania ak je samotn\u00e1 l\u00e1tka alebo zmes klasifikovan\u00e1 ako nebezpe\u010dn\u00e1 pod\u013ea CLP, ak ide o v\u00fdbu\u0161n\u00fd v\u00fdrobok, ak ide&#8230;<\/p>\n","protected":false},"author":2,"featured_media":0,"parent":0,"menu_order":0,"comment_status":"closed","ping_status":"closed","template":"","meta":{"_acf_changed":false,"footnotes":""},"tags":[264,305,362],"class_list":["post-24400","page","type-page","status-publish","hentry","tag-karta-bezpecnostnych-udajov-sk","tag-oznacovanie-clp","tag-zakladna-vedomosti-pre-kartu-bezpecnostnych-udajov"],"acf":[],"yoast_head":"<!-- This site is optimized with the Yoast SEO plugin v27.2 - https:\/\/yoast.com\/product\/yoast-seo-wordpress\/ -->\n<title>Ozna\u010dovanie CLP v praxi \u2013 rady pre dovozcov, distrib\u00fatorov<\/title>\n<meta name=\"description\" content=\"Pomoc pri praktickej implement\u00e1cii ozna\u010dovania v s\u00falade s nariaden\u00edm CLP. Rozmery etikety CLP at\u010f. MSDS-Europe\" \/>\n<meta name=\"robots\" content=\"index, follow, max-snippet:-1, max-image-preview:large, max-video-preview:-1\" \/>\n<link rel=\"canonical\" href=\"https:\/\/www.msds-europe.com\/sk\/etiketa-clp\/\" \/>\n<meta property=\"og:locale\" content=\"sk_SK\" \/>\n<meta property=\"og:type\" content=\"article\" \/>\n<meta property=\"og:title\" content=\"Ozna\u010dovanie CLP v praxi \u2013 rady pre dovozcov, distrib\u00fatorov\" \/>\n<meta property=\"og:description\" content=\"Pomoc pri praktickej implement\u00e1cii ozna\u010dovania v s\u00falade s nariaden\u00edm CLP. Rozmery etikety CLP at\u010f. MSDS-Europe\" \/>\n<meta property=\"og:url\" content=\"https:\/\/www.msds-europe.com\/sk\/etiketa-clp\/\" \/>\n<meta property=\"og:site_name\" content=\"MSDS Europe\" \/>\n<meta property=\"article:publisher\" content=\"https:\/\/www.facebook.com\/toxinfokft\/\" \/>\n<meta property=\"article:modified_time\" content=\"2026-02-25T08:48:44+00:00\" \/>\n<meta name=\"twitter:card\" content=\"summary_large_image\" \/>\n<meta name=\"twitter:site\" content=\"@ToxInfoKft\" \/>\n<meta name=\"twitter:label1\" content=\"Predpokladan\u00fd \u010das \u010d\u00edtania\" \/>\n\t<meta name=\"twitter:data1\" content=\"3 min\u00faty\" \/>\n<script type=\"application\/ld+json\" class=\"yoast-schema-graph\">{\"@context\":\"https:\/\/schema.org\",\"@graph\":[{\"@type\":\"WebPage\",\"@id\":\"https:\/\/www.msds-europe.com\/sk\/etiketa-clp\/\",\"url\":\"https:\/\/www.msds-europe.com\/sk\/etiketa-clp\/\",\"name\":\"Ozna\u010dovanie CLP v praxi \u2013 rady pre dovozcov, distrib\u00fatorov\",\"isPartOf\":{\"@id\":\"https:\/\/www.msds-europe.com\/es\/#website\"},\"datePublished\":\"2021-02-23T12:57:56+00:00\",\"dateModified\":\"2026-02-25T08:48:44+00:00\",\"description\":\"Pomoc pri praktickej implement\u00e1cii ozna\u010dovania v s\u00falade s nariaden\u00edm CLP. Rozmery etikety CLP at\u010f. MSDS-Europe\",\"breadcrumb\":{\"@id\":\"https:\/\/www.msds-europe.com\/sk\/etiketa-clp\/#breadcrumb\"},\"inLanguage\":\"sk-SK\",\"potentialAction\":[{\"@type\":\"ReadAction\",\"target\":[\"https:\/\/www.msds-europe.com\/sk\/etiketa-clp\/\"]}]},{\"@type\":\"BreadcrumbList\",\"@id\":\"https:\/\/www.msds-europe.com\/sk\/etiketa-clp\/#breadcrumb\",\"itemListElement\":[{\"@type\":\"ListItem\",\"position\":1,\"name\":\"F\u0151oldal\",\"item\":\"https:\/\/www.msds-europe.com\/sk\/\"},{\"@type\":\"ListItem\",\"position\":2,\"name\":\"Etiketa CLP, ozna\u010dovanie v praxi\"}]},{\"@type\":\"WebSite\",\"@id\":\"https:\/\/www.msds-europe.com\/es\/#website\",\"url\":\"https:\/\/www.msds-europe.com\/es\/\",\"name\":\"MSDS Europe\",\"description\":\"\",\"publisher\":{\"@id\":\"https:\/\/www.msds-europe.com\/es\/#organization\"},\"potentialAction\":[{\"@type\":\"SearchAction\",\"target\":{\"@type\":\"EntryPoint\",\"urlTemplate\":\"https:\/\/www.msds-europe.com\/es\/?s={search_term_string}\"},\"query-input\":{\"@type\":\"PropertyValueSpecification\",\"valueRequired\":true,\"valueName\":\"search_term_string\"}}],\"inLanguage\":\"sk-SK\"},{\"@type\":\"Organization\",\"@id\":\"https:\/\/www.msds-europe.com\/es\/#organization\",\"name\":\"MSDS-Europe International branch of ToxInfo\",\"url\":\"https:\/\/www.msds-europe.com\/es\/\",\"logo\":{\"@type\":\"ImageObject\",\"inLanguage\":\"sk-SK\",\"@id\":\"https:\/\/www.msds-europe.com\/es\/#\/schema\/logo\/image\/\",\"url\":\"https:\/\/www.msds-europe.com\/wp-content\/uploads\/2021\/04\/msds-europe-logo.jpg\",\"contentUrl\":\"https:\/\/www.msds-europe.com\/wp-content\/uploads\/2021\/04\/msds-europe-logo.jpg\",\"width\":2296,\"height\":1067,\"caption\":\"MSDS-Europe International branch of ToxInfo\"},\"image\":{\"@id\":\"https:\/\/www.msds-europe.com\/es\/#\/schema\/logo\/image\/\"},\"sameAs\":[\"https:\/\/www.facebook.com\/toxinfokft\/\",\"https:\/\/x.com\/ToxInfoKft\"]}]}<\/script>\n<!-- \/ Yoast SEO plugin. -->","yoast_head_json":{"title":"Ozna\u010dovanie CLP v praxi \u2013 rady pre dovozcov, distrib\u00fatorov","description":"Pomoc pri praktickej implement\u00e1cii ozna\u010dovania v s\u00falade s nariaden\u00edm CLP. Rozmery etikety CLP at\u010f. MSDS-Europe","robots":{"index":"index","follow":"follow","max-snippet":"max-snippet:-1","max-image-preview":"max-image-preview:large","max-video-preview":"max-video-preview:-1"},"canonical":"https:\/\/www.msds-europe.com\/sk\/etiketa-clp\/","og_locale":"sk_SK","og_type":"article","og_title":"Ozna\u010dovanie CLP v praxi \u2013 rady pre dovozcov, distrib\u00fatorov","og_description":"Pomoc pri praktickej implement\u00e1cii ozna\u010dovania v s\u00falade s nariaden\u00edm CLP. Rozmery etikety CLP at\u010f. MSDS-Europe","og_url":"https:\/\/www.msds-europe.com\/sk\/etiketa-clp\/","og_site_name":"MSDS Europe","article_publisher":"https:\/\/www.facebook.com\/toxinfokft\/","article_modified_time":"2026-02-25T08:48:44+00:00","twitter_card":"summary_large_image","twitter_site":"@ToxInfoKft","twitter_misc":{"Predpokladan\u00fd \u010das \u010d\u00edtania":"3 min\u00faty"},"schema":{"@context":"https:\/\/schema.org","@graph":[{"@type":"WebPage","@id":"https:\/\/www.msds-europe.com\/sk\/etiketa-clp\/","url":"https:\/\/www.msds-europe.com\/sk\/etiketa-clp\/","name":"Ozna\u010dovanie CLP v praxi \u2013 rady pre dovozcov, distrib\u00fatorov","isPartOf":{"@id":"https:\/\/www.msds-europe.com\/es\/#website"},"datePublished":"2021-02-23T12:57:56+00:00","dateModified":"2026-02-25T08:48:44+00:00","description":"Pomoc pri praktickej implement\u00e1cii ozna\u010dovania v s\u00falade s nariaden\u00edm CLP. Rozmery etikety CLP at\u010f. MSDS-Europe","breadcrumb":{"@id":"https:\/\/www.msds-europe.com\/sk\/etiketa-clp\/#breadcrumb"},"inLanguage":"sk-SK","potentialAction":[{"@type":"ReadAction","target":["https:\/\/www.msds-europe.com\/sk\/etiketa-clp\/"]}]},{"@type":"BreadcrumbList","@id":"https:\/\/www.msds-europe.com\/sk\/etiketa-clp\/#breadcrumb","itemListElement":[{"@type":"ListItem","position":1,"name":"F\u0151oldal","item":"https:\/\/www.msds-europe.com\/sk\/"},{"@type":"ListItem","position":2,"name":"Etiketa CLP, ozna\u010dovanie v praxi"}]},{"@type":"WebSite","@id":"https:\/\/www.msds-europe.com\/es\/#website","url":"https:\/\/www.msds-europe.com\/es\/","name":"MSDS Europe","description":"","publisher":{"@id":"https:\/\/www.msds-europe.com\/es\/#organization"},"potentialAction":[{"@type":"SearchAction","target":{"@type":"EntryPoint","urlTemplate":"https:\/\/www.msds-europe.com\/es\/?s={search_term_string}"},"query-input":{"@type":"PropertyValueSpecification","valueRequired":true,"valueName":"search_term_string"}}],"inLanguage":"sk-SK"},{"@type":"Organization","@id":"https:\/\/www.msds-europe.com\/es\/#organization","name":"MSDS-Europe International branch of ToxInfo","url":"https:\/\/www.msds-europe.com\/es\/","logo":{"@type":"ImageObject","inLanguage":"sk-SK","@id":"https:\/\/www.msds-europe.com\/es\/#\/schema\/logo\/image\/","url":"https:\/\/www.msds-europe.com\/wp-content\/uploads\/2021\/04\/msds-europe-logo.jpg","contentUrl":"https:\/\/www.msds-europe.com\/wp-content\/uploads\/2021\/04\/msds-europe-logo.jpg","width":2296,"height":1067,"caption":"MSDS-Europe International branch of ToxInfo"},"image":{"@id":"https:\/\/www.msds-europe.com\/es\/#\/schema\/logo\/image\/"},"sameAs":["https:\/\/www.facebook.com\/toxinfokft\/","https:\/\/x.com\/ToxInfoKft"]}]}},"_links":{"self":[{"href":"https:\/\/www.msds-europe.com\/sk\/wp-json\/wp\/v2\/pages\/24400","targetHints":{"allow":["GET"]}}],"collection":[{"href":"https:\/\/www.msds-europe.com\/sk\/wp-json\/wp\/v2\/pages"}],"about":[{"href":"https:\/\/www.msds-europe.com\/sk\/wp-json\/wp\/v2\/types\/page"}],"author":[{"embeddable":true,"href":"https:\/\/www.msds-europe.com\/sk\/wp-json\/wp\/v2\/users\/2"}],"replies":[{"embeddable":true,"href":"https:\/\/www.msds-europe.com\/sk\/wp-json\/wp\/v2\/comments?post=24400"}],"version-history":[{"count":8,"href":"https:\/\/www.msds-europe.com\/sk\/wp-json\/wp\/v2\/pages\/24400\/revisions"}],"predecessor-version":[{"id":37792,"href":"https:\/\/www.msds-europe.com\/sk\/wp-json\/wp\/v2\/pages\/24400\/revisions\/37792"}],"wp:attachment":[{"href":"https:\/\/www.msds-europe.com\/sk\/wp-json\/wp\/v2\/media?parent=24400"}],"wp:term":[{"taxonomy":"post_tag","embeddable":true,"href":"https:\/\/www.msds-europe.com\/sk\/wp-json\/wp\/v2\/tags?post=24400"}],"curies":[{"name":"wp","href":"https:\/\/api.w.org\/{rel}","templated":true}]}}