{"id":6281,"date":"2018-06-27T04:09:09","date_gmt":"2018-06-27T04:09:09","guid":{"rendered":"http:\/\/www.msds-europe.com\/?page_id=6281"},"modified":"2018-06-27T04:09:09","modified_gmt":"2018-06-27T04:09:09","slug":"gestionarea-identificarii-anonime-ale-vizitatorilor-module-cookie","status":"publish","type":"page","link":"https:\/\/www.msds-europe.com\/ro\/gestionarea-identificarii-anonime-ale-vizitatorilor-module-cookie\/","title":{"rendered":"Gestionarea identific\u0103rii anonime ale vizitatorilor (module cookie)"},"content":{"rendered":"<p>Un ID de vizitator anonim (cookie) este o secven\u021b\u0103 unic\u0103 de caractere care poate fi utilizat\u0103 pentru identificarea \u0219i stocarea informa\u021biilor de profil, plasat de furnizori pe computerele vizitatorilor. Este important s\u0103 \u0219tim c\u0103, deoarece adresa IP complet\u0103 nu este stocat\u0103 \u00een timpul utiliz\u0103rii acesteia, o astfel de secven\u021b\u0103 de caractere \u00een sine nu poate identifica \u00een niciun fel un vizitator \u0219i permite numai recunoa\u0219terea computerului vizitatorului.<\/p>\n<p>ToxInfo Kft. gestioneaz\u0103 ID-urile anonime pentru a ob\u021bine o mai bun\u0103 \u00een\u021belegere a modului \u00een care vizitatorii s\u0103i utilizeaz\u0103 informa\u021biile, pentru a \u00eembun\u0103t\u0103\u021bi calitatea serviciilor sale \u0219i pentru a afi\u0219a pagini personalizate \u0219i materiale de marketing (publicitate) clien\u021bilor s\u0103i care viziteaz\u0103 site-ul. Codurile anonime ale vizitatorilor nu sunt legate de o baz\u0103 de date personal\u0103; cu toate acestea, ID-uri depersonalizate, anonime create atunci c\u00e2nd vizita\u021bi oricare dintre site-urile din portofoliul ToxInfo Kft. sau orice ter\u021be p\u0103r\u021bi contractate vor fi legate pentru a contribui la \u00eembun\u0103t\u0103\u021birea calit\u0103\u021bii serviciilor.<\/p>\n","protected":false},"excerpt":{"rendered":"<p>Un ID de vizitator anonim (cookie) este o secven\u021b\u0103 unic\u0103 de caractere care poate fi utilizat\u0103 pentru identificarea \u0219i stocarea informa\u021biilor de profil, plasat de furnizori pe computerele vizitatorilor. Este important s\u0103 \u0219tim c\u0103, deoarece adresa IP complet\u0103 nu este stocat\u0103 \u00een timpul utiliz\u0103rii acesteia, o astfel de secven\u021b\u0103 de&#8230;<\/p>\n","protected":false},"author":1,"featured_media":0,"parent":0,"menu_order":0,"comment_status":"closed","ping_status":"closed","template":"","meta":{"_acf_changed":false,"footnotes":""},"tags":[],"class_list":["post-6281","page","type-page","status-publish","hentry"],"acf":[],"yoast_head":"<!-- This site is optimized with the Yoast SEO plugin v27.2 - https:\/\/yoast.com\/product\/yoast-seo-wordpress\/ -->\n<title>Gestionarea identific\u0103rii anonime ale vizitatorilor (module cookie) - MSDS Europe<\/title>\n<meta name=\"robots\" content=\"index, follow, max-snippet:-1, max-image-preview:large, max-video-preview:-1\" \/>\n<link rel=\"canonical\" href=\"https:\/\/www.msds-europe.com\/ro\/gestionarea-identificarii-anonime-ale-vizitatorilor-module-cookie\/\" \/>\n<meta property=\"og:locale\" content=\"ro_RO\" \/>\n<meta property=\"og:type\" content=\"article\" \/>\n<meta property=\"og:title\" content=\"Gestionarea identific\u0103rii anonime ale vizitatorilor (module cookie) - MSDS Europe\" \/>\n<meta property=\"og:description\" content=\"Un ID de vizitator anonim (cookie) este o secven\u021b\u0103 unic\u0103 de caractere care poate fi utilizat\u0103 pentru identificarea \u0219i stocarea informa\u021biilor de profil, plasat de furnizori pe computerele vizitatorilor. Este important s\u0103 \u0219tim c\u0103, deoarece adresa IP complet\u0103 nu este stocat\u0103 \u00een timpul utiliz\u0103rii acesteia, o astfel de secven\u021b\u0103 de...\" \/>\n<meta property=\"og:url\" content=\"https:\/\/www.msds-europe.com\/ro\/gestionarea-identificarii-anonime-ale-vizitatorilor-module-cookie\/\" \/>\n<meta property=\"og:site_name\" content=\"MSDS Europe\" \/>\n<meta property=\"article:publisher\" content=\"https:\/\/www.facebook.com\/toxinfokft\/\" \/>\n<meta name=\"twitter:card\" content=\"summary_large_image\" \/>\n<meta name=\"twitter:site\" content=\"@ToxInfoKft\" \/>\n<meta name=\"twitter:label1\" content=\"Timp estimat pentru citire\" \/>\n\t<meta name=\"twitter:data1\" content=\"1 minut\" \/>\n<script type=\"application\/ld+json\" class=\"yoast-schema-graph\">{\"@context\":\"https:\/\/schema.org\",\"@graph\":[{\"@type\":\"WebPage\",\"@id\":\"https:\/\/www.msds-europe.com\/ro\/gestionarea-identificarii-anonime-ale-vizitatorilor-module-cookie\/\",\"url\":\"https:\/\/www.msds-europe.com\/ro\/gestionarea-identificarii-anonime-ale-vizitatorilor-module-cookie\/\",\"name\":\"Gestionarea identific\u0103rii anonime ale vizitatorilor (module cookie) - MSDS Europe\",\"isPartOf\":{\"@id\":\"https:\/\/www.msds-europe.com\/es\/#website\"},\"datePublished\":\"2018-06-27T04:09:09+00:00\",\"breadcrumb\":{\"@id\":\"https:\/\/www.msds-europe.com\/ro\/gestionarea-identificarii-anonime-ale-vizitatorilor-module-cookie\/#breadcrumb\"},\"inLanguage\":\"ro-RO\",\"potentialAction\":[{\"@type\":\"ReadAction\",\"target\":[\"https:\/\/www.msds-europe.com\/ro\/gestionarea-identificarii-anonime-ale-vizitatorilor-module-cookie\/\"]}]},{\"@type\":\"BreadcrumbList\",\"@id\":\"https:\/\/www.msds-europe.com\/ro\/gestionarea-identificarii-anonime-ale-vizitatorilor-module-cookie\/#breadcrumb\",\"itemListElement\":[{\"@type\":\"ListItem\",\"position\":1,\"name\":\"F\u0151oldal\",\"item\":\"https:\/\/www.msds-europe.com\/ro\/\"},{\"@type\":\"ListItem\",\"position\":2,\"name\":\"Gestionarea identific\u0103rii anonime ale vizitatorilor (module cookie)\"}]},{\"@type\":\"WebSite\",\"@id\":\"https:\/\/www.msds-europe.com\/es\/#website\",\"url\":\"https:\/\/www.msds-europe.com\/es\/\",\"name\":\"MSDS Europe\",\"description\":\"\",\"publisher\":{\"@id\":\"https:\/\/www.msds-europe.com\/es\/#organization\"},\"potentialAction\":[{\"@type\":\"SearchAction\",\"target\":{\"@type\":\"EntryPoint\",\"urlTemplate\":\"https:\/\/www.msds-europe.com\/es\/?s={search_term_string}\"},\"query-input\":{\"@type\":\"PropertyValueSpecification\",\"valueRequired\":true,\"valueName\":\"search_term_string\"}}],\"inLanguage\":\"ro-RO\"},{\"@type\":\"Organization\",\"@id\":\"https:\/\/www.msds-europe.com\/es\/#organization\",\"name\":\"MSDS-Europe International branch of ToxInfo\",\"url\":\"https:\/\/www.msds-europe.com\/es\/\",\"logo\":{\"@type\":\"ImageObject\",\"inLanguage\":\"ro-RO\",\"@id\":\"https:\/\/www.msds-europe.com\/es\/#\/schema\/logo\/image\/\",\"url\":\"https:\/\/www.msds-europe.com\/wp-content\/uploads\/2021\/04\/msds-europe-logo.jpg\",\"contentUrl\":\"https:\/\/www.msds-europe.com\/wp-content\/uploads\/2021\/04\/msds-europe-logo.jpg\",\"width\":2296,\"height\":1067,\"caption\":\"MSDS-Europe International branch of ToxInfo\"},\"image\":{\"@id\":\"https:\/\/www.msds-europe.com\/es\/#\/schema\/logo\/image\/\"},\"sameAs\":[\"https:\/\/www.facebook.com\/toxinfokft\/\",\"https:\/\/x.com\/ToxInfoKft\"]}]}<\/script>\n<!-- \/ Yoast SEO plugin. -->","yoast_head_json":{"title":"Gestionarea identific\u0103rii anonime ale vizitatorilor (module cookie) - MSDS Europe","robots":{"index":"index","follow":"follow","max-snippet":"max-snippet:-1","max-image-preview":"max-image-preview:large","max-video-preview":"max-video-preview:-1"},"canonical":"https:\/\/www.msds-europe.com\/ro\/gestionarea-identificarii-anonime-ale-vizitatorilor-module-cookie\/","og_locale":"ro_RO","og_type":"article","og_title":"Gestionarea identific\u0103rii anonime ale vizitatorilor (module cookie) - MSDS Europe","og_description":"Un ID de vizitator anonim (cookie) este o secven\u021b\u0103 unic\u0103 de caractere care poate fi utilizat\u0103 pentru identificarea \u0219i stocarea informa\u021biilor de profil, plasat de furnizori pe computerele vizitatorilor. Este important s\u0103 \u0219tim c\u0103, deoarece adresa IP complet\u0103 nu este stocat\u0103 \u00een timpul utiliz\u0103rii acesteia, o astfel de secven\u021b\u0103 de...","og_url":"https:\/\/www.msds-europe.com\/ro\/gestionarea-identificarii-anonime-ale-vizitatorilor-module-cookie\/","og_site_name":"MSDS Europe","article_publisher":"https:\/\/www.facebook.com\/toxinfokft\/","twitter_card":"summary_large_image","twitter_site":"@ToxInfoKft","twitter_misc":{"Timp estimat pentru citire":"1 minut"},"schema":{"@context":"https:\/\/schema.org","@graph":[{"@type":"WebPage","@id":"https:\/\/www.msds-europe.com\/ro\/gestionarea-identificarii-anonime-ale-vizitatorilor-module-cookie\/","url":"https:\/\/www.msds-europe.com\/ro\/gestionarea-identificarii-anonime-ale-vizitatorilor-module-cookie\/","name":"Gestionarea identific\u0103rii anonime ale vizitatorilor (module cookie) - MSDS Europe","isPartOf":{"@id":"https:\/\/www.msds-europe.com\/es\/#website"},"datePublished":"2018-06-27T04:09:09+00:00","breadcrumb":{"@id":"https:\/\/www.msds-europe.com\/ro\/gestionarea-identificarii-anonime-ale-vizitatorilor-module-cookie\/#breadcrumb"},"inLanguage":"ro-RO","potentialAction":[{"@type":"ReadAction","target":["https:\/\/www.msds-europe.com\/ro\/gestionarea-identificarii-anonime-ale-vizitatorilor-module-cookie\/"]}]},{"@type":"BreadcrumbList","@id":"https:\/\/www.msds-europe.com\/ro\/gestionarea-identificarii-anonime-ale-vizitatorilor-module-cookie\/#breadcrumb","itemListElement":[{"@type":"ListItem","position":1,"name":"F\u0151oldal","item":"https:\/\/www.msds-europe.com\/ro\/"},{"@type":"ListItem","position":2,"name":"Gestionarea identific\u0103rii anonime ale vizitatorilor (module cookie)"}]},{"@type":"WebSite","@id":"https:\/\/www.msds-europe.com\/es\/#website","url":"https:\/\/www.msds-europe.com\/es\/","name":"MSDS Europe","description":"","publisher":{"@id":"https:\/\/www.msds-europe.com\/es\/#organization"},"potentialAction":[{"@type":"SearchAction","target":{"@type":"EntryPoint","urlTemplate":"https:\/\/www.msds-europe.com\/es\/?s={search_term_string}"},"query-input":{"@type":"PropertyValueSpecification","valueRequired":true,"valueName":"search_term_string"}}],"inLanguage":"ro-RO"},{"@type":"Organization","@id":"https:\/\/www.msds-europe.com\/es\/#organization","name":"MSDS-Europe International branch of ToxInfo","url":"https:\/\/www.msds-europe.com\/es\/","logo":{"@type":"ImageObject","inLanguage":"ro-RO","@id":"https:\/\/www.msds-europe.com\/es\/#\/schema\/logo\/image\/","url":"https:\/\/www.msds-europe.com\/wp-content\/uploads\/2021\/04\/msds-europe-logo.jpg","contentUrl":"https:\/\/www.msds-europe.com\/wp-content\/uploads\/2021\/04\/msds-europe-logo.jpg","width":2296,"height":1067,"caption":"MSDS-Europe International branch of ToxInfo"},"image":{"@id":"https:\/\/www.msds-europe.com\/es\/#\/schema\/logo\/image\/"},"sameAs":["https:\/\/www.facebook.com\/toxinfokft\/","https:\/\/x.com\/ToxInfoKft"]}]}},"_links":{"self":[{"href":"https:\/\/www.msds-europe.com\/ro\/wp-json\/wp\/v2\/pages\/6281","targetHints":{"allow":["GET"]}}],"collection":[{"href":"https:\/\/www.msds-europe.com\/ro\/wp-json\/wp\/v2\/pages"}],"about":[{"href":"https:\/\/www.msds-europe.com\/ro\/wp-json\/wp\/v2\/types\/page"}],"author":[{"embeddable":true,"href":"https:\/\/www.msds-europe.com\/ro\/wp-json\/wp\/v2\/users\/1"}],"replies":[{"embeddable":true,"href":"https:\/\/www.msds-europe.com\/ro\/wp-json\/wp\/v2\/comments?post=6281"}],"version-history":[{"count":1,"href":"https:\/\/www.msds-europe.com\/ro\/wp-json\/wp\/v2\/pages\/6281\/revisions"}],"predecessor-version":[{"id":6282,"href":"https:\/\/www.msds-europe.com\/ro\/wp-json\/wp\/v2\/pages\/6281\/revisions\/6282"}],"wp:attachment":[{"href":"https:\/\/www.msds-europe.com\/ro\/wp-json\/wp\/v2\/media?parent=6281"}],"wp:term":[{"taxonomy":"post_tag","embeddable":true,"href":"https:\/\/www.msds-europe.com\/ro\/wp-json\/wp\/v2\/tags?post=6281"}],"curies":[{"name":"wp","href":"https:\/\/api.w.org\/{rel}","templated":true}]}}