{"id":6236,"date":"2018-06-26T09:15:09","date_gmt":"2018-06-26T09:15:09","guid":{"rendered":"http:\/\/www.msds-europe.com\/raport-privind-siguranta-produsului-cosmetic-examplar\/"},"modified":"2018-06-28T10:30:50","modified_gmt":"2018-06-28T10:30:50","slug":"raport-privind-siguranta-produsului-cosmetic-examplar","status":"publish","type":"page","link":"https:\/\/www.msds-europe.com\/ro\/raport-privind-siguranta-produsului-cosmetic-examplar\/","title":{"rendered":"RAPORT PRIVIND SIGURANTA PRODUSULUI COSMETIC &#8211; examplar"},"content":{"rendered":"<p style=\"text-align: right;\"><em><a href=\"http:\/\/www.msds-europe.com\/ro\/produse-cosmetice\/\">Produse cosmetice baze de cuno\u0219tin\u021be<\/a>\u00a0\u2013 RAPORT PRIVIND SIGURAN\u021bA PRODUSULUI COSMETIC<\/em><\/p>\n<h3 style=\"text-align: right;\"><span style=\"color: #333333;\">desc\u0103rca: <a href=\"http:\/\/www.msds-europe.com\/wp-content\/uploads\/2018\/06\/raport_privind_siguran_a_produsului_cosmetic.pdf\">RAPORT PRIVIND SIGURAN\u021bA PRODUSULUI COSMETIC &#8211; examplar<\/a><\/span><\/h3>\n<p>&nbsp;<\/p>\n<p style=\"text-align: justify;\">Raportul privind siguran\u021ba produsului cosmetic con\u021bine, cel pu\u021bin, urm\u0103toarele elemente:<\/p>\n<h2 style=\"text-align: justify;\">PARTEA A \u2013 Informa\u021bii privind siguran\u021ba produsului cosmetic<\/h2>\n<p>&nbsp;<\/p>\n<p style=\"text-align: justify;\"><strong>1. Compozi\u021bia cantitativ\u0103 \u0219i calitativ\u0103 a produsului cosmetic<\/strong><br \/>\nCompozi\u021bia cantitativ\u0103 \u0219i calitativ\u0103 a produsului cosmetic, inclusiv identitatea chimic\u0103 a substan\u021belor (inclusiv denumirea chimic\u0103, INCI, CAS, EINECS\/ELINCS, acolo unde este posibil) \u0219i func\u021bia preconizat\u0103 a acestora. \u00cen cazul compozi\u021biilor parfumante \u0219i aromatice, indicarea denumirii \u0219i a num\u0103rului de cod ale compozi\u021biei \u0219i identitatea furnizorului.<\/p>\n<p>&nbsp;<\/p>\n<p style=\"text-align: justify;\"><strong>2. Caracteristici fizice\/chimice \u0219i stabilitatea produsului cosmetic<\/strong><br \/>\nCaracteristicile fizice \u0219i chimice ale substan\u021belor sau ale amestecurilor, precum \u0219i ale produsului cosmetic.<br \/>\nStabilitatea produsului cosmetic \u00een condi\u021bii de depozitare ra\u021bional previzibile.<\/p>\n<p>&nbsp;<\/p>\n<p style=\"text-align: justify;\"><strong>3. Calitate microbiologic\u0103<\/strong><br \/>\nSpecifica\u021biile microbiologice ale substan\u021bei sau ale amestecului \u0219i ale produsului cosmetic. Se acord\u0103 o aten\u021bie deosebit\u0103 produselor cosmetice utilizate \u00een jurul ochilor, pe mucoase \u00een general, pe pielea care prezint\u0103 leziuni, la copiii sub trei ani, la persoane \u00een v\u00e2rst\u0103 \u0219i la persoane care prezint\u0103 un r\u0103spuns imunitar compromis.<br \/>\nRezultatele testului de provocare a conservabilit\u0103\u021bii.<\/p>\n<p>&nbsp;<\/p>\n<p style=\"text-align: justify;\"><strong>4. Impurit\u0103\u021bi, urme, informa\u021bii privind materialul de ambalare<\/strong><br \/>\nPuritatea substan\u021belor \u0219i a amestecurilor.<br \/>\n\u00cen cazul unor urme de substan\u021be interzise, elemente care s\u0103 dovedeasc\u0103 faptul c\u0103 acestea sunt tehnic inevitabile.<br \/>\nCaracteristicile relevante ale materialului de ambalare, \u00een special puritatea \u0219i stabilitatea acestuia.<\/p>\n<p>&nbsp;<\/p>\n<p style=\"text-align: justify;\"><strong>5. Utilizare normal\u0103 \u0219i ra\u021bional previzibil\u0103<\/strong><br \/>\nUtilizarea normal\u0103 \u0219i ra\u021bional previzibil\u0103 a produsului. Ra\u021bionamentul trebuie justificat \u00een special \u021bin\u00e2nd seama de avertismentele \u0219i de alte explica\u021bii men\u021bionate pe eticheta produsului.<\/p>\n<p>&nbsp;<\/p>\n<p style=\"text-align: justify;\"><strong>6. Expunerea la produsul cosmetic<\/strong><br \/>\nDate cu privire la expunerea la produsul cosmetic lu\u00e2nd \u00een considerare concluziile de la sec\u021biunea 5 cu privire la:<br \/>\n1) zona sau zonele de aplicare;<br \/>\n2) suprafa\u021ba sau suprafe\u021bele de aplicare;<br \/>\n3) cantitatea de produs aplicat\u0103;<br \/>\n4) durata \u0219i frecven\u021ba utiliz\u0103rii;<br \/>\n5) calea sau c\u0103ile de expunere normale sau ra\u021bional previzibile;<br \/>\n6) popula\u021bia sau popula\u021biile vizate (sau expuse). De asemenea, este necesar s\u0103 se \u021bin\u0103 seama de expunerea poten\u021bial\u0103 a unei popula\u021bii specifice.<\/p>\n<p style=\"text-align: justify;\">Calculul expunerii trebuie, de asemenea, s\u0103 ia \u00een considerare efectele toxicologice care trebuie avute \u00een vedere (de exemplu, poate fi necesar s\u0103 se calculeze expunerea pe unitate de suprafa\u021b\u0103 de piele sau pe unitate de greutate corporal\u0103). De asemenea, trebuie examinat\u0103 posibilitatea unei expuneri secundare pe alte c\u0103i dec\u00e2t cele care rezult\u0103 din aplicarea direct\u0103 (de exemplu, inhalarea involuntar\u0103 de spray-uri, ingestia involuntar\u0103 de produse pentru buze etc.).<br \/>\nTrebuie s\u0103 se acorde o aten\u021bie deosebit\u0103 oric\u0103rui impact de expunere posibil datorat dimensiunilor particulelor.<\/p>\n<p>&nbsp;<\/p>\n<p style=\"text-align: justify;\"><strong>7. Expunerea la substan\u021be<\/strong><br \/>\nDate cu privire la expunerea la substan\u021bele con\u021binute \u00een produsul cosmetic pentru caracteristicile toxicologice relevante, \u021bin\u00e2nd seama de informa\u021biile din sec\u021biunea 6.<\/p>\n<p>&nbsp;<\/p>\n<p style=\"text-align: justify;\"><strong>8. Profilul toxicologic al substan\u021belor<\/strong><br \/>\nProfilul toxicologic al substan\u021bei din produsul cosmetic pentru toate caracteristicile toxicologice relevante, f\u0103r\u0103 a aduce atingere articolului 18. Trebuie pus un accent deosebit pe evaluarea toxicit\u0103\u021bii locale (iritarea pielii \u0219i a ochilor), a sensibiliz\u0103rii pielii \u0219i, \u00een caz de absorb\u021bie UV, a toxicit\u0103\u021bii foto-induse.<br \/>\nTrebuie s\u0103 fie examinate toate c\u0103ile toxicologice de absorb\u021bie semnificative, precum \u0219i efectele sistemice \u0219i trebuie calculat\u0103 MoS (marja de siguran\u021b\u0103) pe baza valorii pragului la care nu se observ\u0103 nici un efect advers (NOAEL). Absen\u021ba acestor considera\u021bii trebuie justificat\u0103 \u00een mod corespunz\u0103tor.<br \/>\nTrebuie s\u0103 se acorde o aten\u021bie deosebit\u0103 oric\u0103rui posibil impact asupra profilului toxicologic generat de:<br \/>\n&#8211; dimensiunile particulelor, inclusiv nanomaterialele;<br \/>\n&#8211; impurit\u0103\u021bile substan\u021belor \u0219i ale materiilor prime utilizate, precum \u0219i<br \/>\n&#8211; interac\u021biunea substan\u021belor.<\/p>\n<p style=\"text-align: justify;\">Orice referin\u021b\u0103 \u00eencruci\u0219at\u0103 trebuie dovedit\u0103 \u0219i justificat\u0103 \u00een mod corespunz\u0103tor.<br \/>\nSursa informa\u021biilor trebuie indicat\u0103 \u00een mod clar.<\/p>\n<p>&nbsp;<\/p>\n<p style=\"text-align: justify;\"><strong>9. Efecte nedorite \u0219i efecte nedorite grave<\/strong><br \/>\nDate complete cu privire la efectele nedorite \u0219i la efectele nedorite grave ale produsului cosmetic sau, dup\u0103 caz, ale altor produse cosmetice. Acestea includ date statistice.<\/p>\n<p>&nbsp;<\/p>\n<p style=\"text-align: justify;\"><strong>10. Informa\u021bii cu privire la produsul cosmetic<\/strong><br \/>\nAlte informa\u021bii relevante, de exemplu, studii existente, realizate pe voluntari sau concluziile confirmate \u0219i dovedite \u00een mod corespunz\u0103tor ale evalu\u0103rilor de risc realizate \u00een alte domenii relevante.<\/p>\n<p>&nbsp;<\/p>\n<h2 style=\"text-align: justify;\">PARTEA B \u2013 Evaluarea siguran\u021bei produsului cosmetic<\/h2>\n<p>&nbsp;<\/p>\n<p style=\"text-align: justify;\"><strong>1. Concluzia evalu\u0103rii<\/strong><br \/>\nDeclara\u021bie privind siguran\u021ba produsului cosmetic \u00een conformitate cu articolul 3.<\/p>\n<p>&nbsp;<\/p>\n<p style=\"text-align: justify;\"><strong>2. Avertismente \u0219i instruc\u021biuni de utilizare care figureaz\u0103 pe etichet\u0103<\/strong><br \/>\nDeclararea necesit\u0103\u021bii de a men\u021biona pe etichet\u0103 a oric\u0103ror avertismente speciale \u0219i instruc\u021biuni de utilizare \u00een conformitate cu articolul 19 alineatul (1) litera (d).<\/p>\n<p>&nbsp;<\/p>\n<p style=\"text-align: justify;\"><strong>3. Ra\u021bionament<\/strong><br \/>\nExplicarea ra\u021bionamentului \u0219tiin\u021bific care a condus la concluzia evalu\u0103rii indicate \u00een sec\u021biunea 1 \u0219i la declara\u021bia elaborat\u0103 conform indica\u021biilor prev\u0103zute \u00een sec\u021biunea 2. Aceast\u0103 explica\u021bie trebuie s\u0103 se bazeze pe descrierile men\u021bionate \u00een partea A. Dup\u0103 caz, marjele de securitate trebuie evaluate \u0219i discutate.<br \/>\nPrintre altele, trebuie efectuat\u0103 o evaluare specific\u0103 a produselor cosmetice destinate copiilor sub trei ani \u0219i a celor destinate exclusiv folosirii \u00een igiena intim\u0103 extern\u0103.<br \/>\nTrebuie s\u0103 se evalueze interac\u021biunile posibile ale substan\u021belor con\u021binute \u00een produsul cosmetic.<br \/>\nTrebuie justificat\u0103 \u00een mod corespunz\u0103tor luarea \u00een considerare sau neglijarea diferitelor profiluri toxicologice.<br \/>\nTrebuie s\u0103 se examineze \u00een mod corespunz\u0103tor impactul stabilit\u0103\u021bii asupra siguran\u021bei produsului cosmetic.<\/p>\n<p>&nbsp;<\/p>\n<p style=\"text-align: justify;\"><strong>4. Calificarea evaluatorului \u0219i aprobarea p\u0103r\u021bii B<\/strong><br \/>\nNumele \u0219i adresa persoanei responsabile de evaluarea siguran\u021bei.<br \/>\nDovada calific\u0103rii persoanei responsabile de evaluarea siguran\u021bei.<br \/>\nData \u0219i semn\u0103tura persoanei responsabile de evaluarea siguran\u021bei.<\/p>\n<p>&nbsp;<\/p>\n<h3><span style=\"color: #333333;\">Serviciile oferite<\/span><\/h3>\n<ul class=\"category_pages_list\">\n<li><a title=\"Serviciul de notificare CPNP\" href=\"http:\/\/www.msds-europe.com\/ro\/serviciul-de-notificare-cpnp\/\">Serviciul de notificare CPNP<\/a><\/li>\n<li><a title=\"\u00eentocmirea evalu\u0103rii siguran\u0163ei pentru cosmetice\" href=\"http:\/\/www.msds-europe.com\/ro\/intocmirea-evaluarii-sigurantei-pentru-cosmetice\/\">\u00eentocmirea evalu\u0103rii siguran\u0163ei pentru cosmetice<\/a><\/li>\n<li><a title=\"Redactare, traducere de proiect de etichet\u0103 pentru produse cosmetice\" href=\"http:\/\/www.msds-europe.com\/ro\/redactare-traducere-de-proiect-de-eticheta-pentru-produse-cosmetice\/\">Redactare, traducere de proiect de etichet\u0103 pentru produse cosmetice<\/a><\/li>\n<li><a title=\"\u00centocmirea fi\u0219ei cu date de securitate pentru produse cosmetice\" href=\"http:\/\/www.msds-europe.com\/ro\/intocmirea-fisei-cu-date-de-securitate-pentru-produse-cosmetice\/\">\u00centocmirea fi\u0219ei cu date de securitate pentru produse cosmetice<\/a><\/li>\n<\/ul>\n<p>&nbsp;<\/p>\n<h3><span style=\"color: #333333;\">Informa\u0163ii utile<\/span><\/h3>\n<ul class=\"category_pages_list\">\n<li><a title=\"Responsabilit\u0103\u021bile persoanei responsabile\" href=\"http:\/\/www.msds-europe.com\/ro\/responsabilitatile-persoanei-responsabile\/\">Responsabilit\u0103\u021bile persoanei responsabile<\/a><\/li>\n<li><a title=\"Obliga\u021biile distribuitorilor produselor cosmetice\" href=\"http:\/\/www.msds-europe.com\/ro\/obligatiile-distribuitorilor-produselor-cosmetice\/\">Obliga\u021biile distribuitorilor produselor cosmetice<\/a><\/li>\n<\/ul>\n<p>&nbsp;<\/p>\n","protected":false},"excerpt":{"rendered":"<p>Produse cosmetice baze de cuno\u0219tin\u021be\u00a0\u2013 RAPORT PRIVIND SIGURAN\u021bA PRODUSULUI COSMETIC desc\u0103rca: RAPORT PRIVIND SIGURAN\u021bA PRODUSULUI COSMETIC &#8211; examplar &nbsp; Raportul privind siguran\u021ba produsului cosmetic con\u021bine, cel pu\u021bin, urm\u0103toarele elemente: PARTEA A \u2013 Informa\u021bii privind siguran\u021ba produsului cosmetic &nbsp; 1. Compozi\u021bia cantitativ\u0103 \u0219i calitativ\u0103 a produsului cosmetic Compozi\u021bia cantitativ\u0103 \u0219i calitativ\u0103&#8230;<\/p>\n","protected":false},"author":2,"featured_media":0,"parent":0,"menu_order":0,"comment_status":"closed","ping_status":"closed","template":"","meta":{"_acf_changed":false,"footnotes":""},"tags":[366,382],"class_list":["post-6236","page","type-page","status-publish","hentry","tag-cosmetice","tag-produse-cosmetice-baze-de-cunostinte"],"acf":[],"yoast_head":"<!-- This site is optimized with the Yoast SEO plugin v27.2 - https:\/\/yoast.com\/product\/yoast-seo-wordpress\/ -->\n<title>RAPORT PRIVIND SIGURANTA PRODUSULUI COSMETIC - examplar<\/title>\n<meta name=\"description\" content=\"Raportul privind siguran\u021ba produsului cosmetic con\u021bine, cel pu\u021bin, urm\u0103toarele elemente...\" \/>\n<meta name=\"robots\" content=\"index, follow, max-snippet:-1, max-image-preview:large, max-video-preview:-1\" \/>\n<link rel=\"canonical\" href=\"https:\/\/www.msds-europe.com\/ro\/raport-privind-siguranta-produsului-cosmetic-examplar\/\" \/>\n<meta property=\"og:locale\" content=\"ro_RO\" \/>\n<meta property=\"og:type\" content=\"article\" \/>\n<meta property=\"og:title\" content=\"RAPORT PRIVIND SIGURANTA PRODUSULUI COSMETIC - examplar\" \/>\n<meta property=\"og:description\" content=\"Raportul privind siguran\u021ba produsului cosmetic con\u021bine, cel pu\u021bin, urm\u0103toarele elemente...\" \/>\n<meta property=\"og:url\" content=\"https:\/\/www.msds-europe.com\/ro\/raport-privind-siguranta-produsului-cosmetic-examplar\/\" \/>\n<meta property=\"og:site_name\" content=\"MSDS Europe\" \/>\n<meta property=\"article:publisher\" content=\"https:\/\/www.facebook.com\/toxinfokft\/\" \/>\n<meta property=\"article:modified_time\" content=\"2018-06-28T10:30:50+00:00\" \/>\n<meta name=\"twitter:card\" content=\"summary_large_image\" \/>\n<meta name=\"twitter:site\" content=\"@ToxInfoKft\" \/>\n<meta name=\"twitter:label1\" content=\"Timp estimat pentru citire\" \/>\n\t<meta name=\"twitter:data1\" content=\"5 minute\" \/>\n<script type=\"application\/ld+json\" class=\"yoast-schema-graph\">{\"@context\":\"https:\/\/schema.org\",\"@graph\":[{\"@type\":\"WebPage\",\"@id\":\"https:\/\/www.msds-europe.com\/ro\/raport-privind-siguranta-produsului-cosmetic-examplar\/\",\"url\":\"https:\/\/www.msds-europe.com\/ro\/raport-privind-siguranta-produsului-cosmetic-examplar\/\",\"name\":\"RAPORT PRIVIND SIGURANTA PRODUSULUI COSMETIC - examplar\",\"isPartOf\":{\"@id\":\"https:\/\/www.msds-europe.com\/es\/#website\"},\"datePublished\":\"2018-06-26T09:15:09+00:00\",\"dateModified\":\"2018-06-28T10:30:50+00:00\",\"description\":\"Raportul privind siguran\u021ba produsului cosmetic con\u021bine, cel pu\u021bin, urm\u0103toarele elemente...\",\"breadcrumb\":{\"@id\":\"https:\/\/www.msds-europe.com\/ro\/raport-privind-siguranta-produsului-cosmetic-examplar\/#breadcrumb\"},\"inLanguage\":\"ro-RO\",\"potentialAction\":[{\"@type\":\"ReadAction\",\"target\":[\"https:\/\/www.msds-europe.com\/ro\/raport-privind-siguranta-produsului-cosmetic-examplar\/\"]}]},{\"@type\":\"BreadcrumbList\",\"@id\":\"https:\/\/www.msds-europe.com\/ro\/raport-privind-siguranta-produsului-cosmetic-examplar\/#breadcrumb\",\"itemListElement\":[{\"@type\":\"ListItem\",\"position\":1,\"name\":\"F\u0151oldal\",\"item\":\"https:\/\/www.msds-europe.com\/ro\/\"},{\"@type\":\"ListItem\",\"position\":2,\"name\":\"RAPORT PRIVIND SIGURANTA PRODUSULUI COSMETIC &#8211; examplar\"}]},{\"@type\":\"WebSite\",\"@id\":\"https:\/\/www.msds-europe.com\/es\/#website\",\"url\":\"https:\/\/www.msds-europe.com\/es\/\",\"name\":\"MSDS Europe\",\"description\":\"\",\"publisher\":{\"@id\":\"https:\/\/www.msds-europe.com\/es\/#organization\"},\"potentialAction\":[{\"@type\":\"SearchAction\",\"target\":{\"@type\":\"EntryPoint\",\"urlTemplate\":\"https:\/\/www.msds-europe.com\/es\/?s={search_term_string}\"},\"query-input\":{\"@type\":\"PropertyValueSpecification\",\"valueRequired\":true,\"valueName\":\"search_term_string\"}}],\"inLanguage\":\"ro-RO\"},{\"@type\":\"Organization\",\"@id\":\"https:\/\/www.msds-europe.com\/es\/#organization\",\"name\":\"MSDS-Europe International branch of ToxInfo\",\"url\":\"https:\/\/www.msds-europe.com\/es\/\",\"logo\":{\"@type\":\"ImageObject\",\"inLanguage\":\"ro-RO\",\"@id\":\"https:\/\/www.msds-europe.com\/es\/#\/schema\/logo\/image\/\",\"url\":\"https:\/\/www.msds-europe.com\/wp-content\/uploads\/2021\/04\/msds-europe-logo.jpg\",\"contentUrl\":\"https:\/\/www.msds-europe.com\/wp-content\/uploads\/2021\/04\/msds-europe-logo.jpg\",\"width\":2296,\"height\":1067,\"caption\":\"MSDS-Europe International branch of ToxInfo\"},\"image\":{\"@id\":\"https:\/\/www.msds-europe.com\/es\/#\/schema\/logo\/image\/\"},\"sameAs\":[\"https:\/\/www.facebook.com\/toxinfokft\/\",\"https:\/\/x.com\/ToxInfoKft\"]}]}<\/script>\n<!-- \/ Yoast SEO plugin. -->","yoast_head_json":{"title":"RAPORT PRIVIND SIGURANTA PRODUSULUI COSMETIC - examplar","description":"Raportul privind siguran\u021ba produsului cosmetic con\u021bine, cel pu\u021bin, urm\u0103toarele elemente...","robots":{"index":"index","follow":"follow","max-snippet":"max-snippet:-1","max-image-preview":"max-image-preview:large","max-video-preview":"max-video-preview:-1"},"canonical":"https:\/\/www.msds-europe.com\/ro\/raport-privind-siguranta-produsului-cosmetic-examplar\/","og_locale":"ro_RO","og_type":"article","og_title":"RAPORT PRIVIND SIGURANTA PRODUSULUI COSMETIC - examplar","og_description":"Raportul privind siguran\u021ba produsului cosmetic con\u021bine, cel pu\u021bin, urm\u0103toarele elemente...","og_url":"https:\/\/www.msds-europe.com\/ro\/raport-privind-siguranta-produsului-cosmetic-examplar\/","og_site_name":"MSDS Europe","article_publisher":"https:\/\/www.facebook.com\/toxinfokft\/","article_modified_time":"2018-06-28T10:30:50+00:00","twitter_card":"summary_large_image","twitter_site":"@ToxInfoKft","twitter_misc":{"Timp estimat pentru citire":"5 minute"},"schema":{"@context":"https:\/\/schema.org","@graph":[{"@type":"WebPage","@id":"https:\/\/www.msds-europe.com\/ro\/raport-privind-siguranta-produsului-cosmetic-examplar\/","url":"https:\/\/www.msds-europe.com\/ro\/raport-privind-siguranta-produsului-cosmetic-examplar\/","name":"RAPORT PRIVIND SIGURANTA PRODUSULUI COSMETIC - examplar","isPartOf":{"@id":"https:\/\/www.msds-europe.com\/es\/#website"},"datePublished":"2018-06-26T09:15:09+00:00","dateModified":"2018-06-28T10:30:50+00:00","description":"Raportul privind siguran\u021ba produsului cosmetic con\u021bine, cel pu\u021bin, urm\u0103toarele elemente...","breadcrumb":{"@id":"https:\/\/www.msds-europe.com\/ro\/raport-privind-siguranta-produsului-cosmetic-examplar\/#breadcrumb"},"inLanguage":"ro-RO","potentialAction":[{"@type":"ReadAction","target":["https:\/\/www.msds-europe.com\/ro\/raport-privind-siguranta-produsului-cosmetic-examplar\/"]}]},{"@type":"BreadcrumbList","@id":"https:\/\/www.msds-europe.com\/ro\/raport-privind-siguranta-produsului-cosmetic-examplar\/#breadcrumb","itemListElement":[{"@type":"ListItem","position":1,"name":"F\u0151oldal","item":"https:\/\/www.msds-europe.com\/ro\/"},{"@type":"ListItem","position":2,"name":"RAPORT PRIVIND SIGURANTA PRODUSULUI COSMETIC &#8211; examplar"}]},{"@type":"WebSite","@id":"https:\/\/www.msds-europe.com\/es\/#website","url":"https:\/\/www.msds-europe.com\/es\/","name":"MSDS Europe","description":"","publisher":{"@id":"https:\/\/www.msds-europe.com\/es\/#organization"},"potentialAction":[{"@type":"SearchAction","target":{"@type":"EntryPoint","urlTemplate":"https:\/\/www.msds-europe.com\/es\/?s={search_term_string}"},"query-input":{"@type":"PropertyValueSpecification","valueRequired":true,"valueName":"search_term_string"}}],"inLanguage":"ro-RO"},{"@type":"Organization","@id":"https:\/\/www.msds-europe.com\/es\/#organization","name":"MSDS-Europe International branch of ToxInfo","url":"https:\/\/www.msds-europe.com\/es\/","logo":{"@type":"ImageObject","inLanguage":"ro-RO","@id":"https:\/\/www.msds-europe.com\/es\/#\/schema\/logo\/image\/","url":"https:\/\/www.msds-europe.com\/wp-content\/uploads\/2021\/04\/msds-europe-logo.jpg","contentUrl":"https:\/\/www.msds-europe.com\/wp-content\/uploads\/2021\/04\/msds-europe-logo.jpg","width":2296,"height":1067,"caption":"MSDS-Europe International branch of ToxInfo"},"image":{"@id":"https:\/\/www.msds-europe.com\/es\/#\/schema\/logo\/image\/"},"sameAs":["https:\/\/www.facebook.com\/toxinfokft\/","https:\/\/x.com\/ToxInfoKft"]}]}},"_links":{"self":[{"href":"https:\/\/www.msds-europe.com\/ro\/wp-json\/wp\/v2\/pages\/6236","targetHints":{"allow":["GET"]}}],"collection":[{"href":"https:\/\/www.msds-europe.com\/ro\/wp-json\/wp\/v2\/pages"}],"about":[{"href":"https:\/\/www.msds-europe.com\/ro\/wp-json\/wp\/v2\/types\/page"}],"author":[{"embeddable":true,"href":"https:\/\/www.msds-europe.com\/ro\/wp-json\/wp\/v2\/users\/2"}],"replies":[{"embeddable":true,"href":"https:\/\/www.msds-europe.com\/ro\/wp-json\/wp\/v2\/comments?post=6236"}],"version-history":[{"count":4,"href":"https:\/\/www.msds-europe.com\/ro\/wp-json\/wp\/v2\/pages\/6236\/revisions"}],"predecessor-version":[{"id":6649,"href":"https:\/\/www.msds-europe.com\/ro\/wp-json\/wp\/v2\/pages\/6236\/revisions\/6649"}],"wp:attachment":[{"href":"https:\/\/www.msds-europe.com\/ro\/wp-json\/wp\/v2\/media?parent=6236"}],"wp:term":[{"taxonomy":"post_tag","embeddable":true,"href":"https:\/\/www.msds-europe.com\/ro\/wp-json\/wp\/v2\/tags?post=6236"}],"curies":[{"name":"wp","href":"https:\/\/api.w.org\/{rel}","templated":true}]}}