{"id":5989,"date":"2018-06-25T15:21:49","date_gmt":"2018-06-25T15:21:49","guid":{"rendered":"http:\/\/www.msds-europe.com\/obligatiile-distribuitorilor-produselor-cosmetice\/"},"modified":"2018-07-04T07:11:02","modified_gmt":"2018-07-04T07:11:02","slug":"obligatiile-distribuitorilor-produselor-cosmetice","status":"publish","type":"page","link":"https:\/\/www.msds-europe.com\/ro\/obligatiile-distribuitorilor-produselor-cosmetice\/","title":{"rendered":"Obliga\u021biile distribuitorilor produselor cosmetice"},"content":{"rendered":"<p style=\"text-align: right;\"><em><a href=\"http:\/\/www.msds-europe.com\/ro\/produse-cosmetice\/\">Produse cosmetice baze de cuno\u0219tin\u021be<\/a>\u00a0\u2013\u00a0Obliga\u021biile distribuitorilor de produse cosmetice<\/em><\/p>\n<h2 style=\"text-align: justify;\"><\/h2>\n<h2 style=\"text-align: justify;\"><strong>Regula de baz\u0103 pentru \u00een\u021belegerea obliga\u021biilor distribuitorilor de produse cosmetice<\/strong><\/h2>\n<p style=\"text-align: justify;\">\u00cen cazul \u00een care distribuitorul consider\u0103 sau are motive s\u0103 cread\u0103 c\u0103 un produs cosmetic nu este \u00een conformitate cu <a href=\"http:\/\/www.msds-europe.com\/ro\/securitatea-chimica-schimbari-reglementare\/\">Regulamentul (CE) nr. 1223\/2009<\/a>, trebuie s\u0103 ia imediat m\u0103surile corective necesare pentru a aduce produsul respectiv \u00een conformitate cu acesta, s\u0103 \u00eel retrag\u0103 sau s\u0103 \u00eel recheme, dup\u0103 caz.<\/p>\n<p style=\"text-align: justify;\">\u00cen plus, \u00een cazul \u00een care produsul cosmetic prezint\u0103 un risc pentru s\u0103n\u0103tatea uman\u0103, persoanele responsabile informeaz\u0103 imediat autorit\u0103\u021bile na\u021bionale competente ale statelor membre \u00een care au pus la dispozi\u021bie produsul \u0219i statul membru \u00een care dosarul cu informa\u021bii despre produs este u\u0219or accesibil, oferind detalii, \u00een\u00a0 special, a neconformit\u0103\u021bii \u0219i a m\u0103surilor corective luate.<\/p>\n<p>&nbsp;<\/p>\n<h2 style=\"text-align: justify;\">Distribuitor<\/h2>\n<p style=\"text-align: justify;\">Persoan\u0103 fizic\u0103 sau juridic\u0103 din lan\u0163ul de distribu\u0163ie, alt\u0103 dec\u00e2t produc\u0103torul sau importatorul, care plaseaz\u0103 pe pia\u0163\u0103 un produs cosmetic.<\/p>\n<p style=\"text-align: justify;\">Nu este considerat distribuitor persoana care introduce un produs cosmetic sub numele sau marca sa pe pia\u021b\u0103, sau modific\u0103 produsul deja pe pia\u021b\u0103 \u00een conformitate cu cerin\u021bele pentru produs \u015fi care \u00een acest caz, este considerat\u0103 persoana responsabil\u0103.<\/p>\n<p style=\"text-align: justify;\">Pot fi introduse pe pia\u0163\u0103 numai produsele pentru care Evaluarea siguran\u0163ei produsului cosmetic, dosarul de informare cu privire la produs, etichetarea conform regulamentului 1223\/2009\/CE sunt elaborate, \u0219i a c\u0103ror produc\u021bie este efectuat\u0103 \u00een conformitate cu bunele practici de fabrica\u021bie.<\/p>\n<p style=\"text-align: justify;\">Regulamentul (CE) nr. 1223\/2009 trebuie aplicat \u00eencep\u00e2nd cu 11 iulie 2013 de c\u0103tre membrile Comunit\u0103\u021bii Europene \u0219i membrile Asocia\u021biei Europene a Liberului Schimb (AELS) &#8211; Norvegia, Elve\u021bia, Islanda, Liechtenstein.<\/p>\n<p>&nbsp;<\/p>\n<h2 style=\"text-align: justify;\">Obliga\u021biile distribuitorilor<\/h2>\n<p style=\"text-align: justify;\">1.\u00a0Distribuitorul trebuie s\u0103 verific\u0103:<\/p>\n<ul>\n<li style=\"text-align: justify;\">dac\u0103 sunt prezente informa\u0163iile de etichetare prev\u0103zute pentru produs<\/li>\n<li style=\"text-align: justify;\">numele persoanei responsabile sau numele \u0219i adresa companiei \u00eenregistrate<\/li>\n<li style=\"text-align: justify;\">num\u0103rul de lot al produsului sau num\u0103rul de referin\u0163\u0103 pentru identificarea produsului cosmetic<\/li>\n<li style=\"text-align: justify;\">lista ingredientelor indicat\u0103 numai pe recipient sau ambalaj, sau \u00een documentul de informare cu privire la produs<\/li>\n<\/ul>\n<p style=\"text-align: justify;\">2. Limba \u00een care sunt redactate informa\u0163iile men\u0163ionate este stabilit\u0103 de legisla\u0163ia statelor membre \u00een care produsul este pus la dispozi\u0163ia utilizatorului final.<\/p>\n<p style=\"text-align: justify;\">3. Este necesar verificarea termenului de valabilitate.<\/p>\n<p>&nbsp;<\/p>\n<h2 style=\"text-align: justify;\">Elemente pentru etichet\u0103<\/h2>\n<p style=\"text-align: justify;\">Produsele cosmetice sunt puse la dispozi\u0163ie pe pia\u0163\u0103 doar dac\u0103 pe recipientul \u0219i pe ambalajul produselor cosmetice sunt inscrip\u0163ionate urm\u0103toarele informa\u0163ii cu caractere vizibile, de ne\u0219ters \u0219i u\u0219or lizibil:<\/p>\n<p style=\"text-align: justify;\">1. Numele sau denumirea comercial\u0103 \u0219i adresa persoanei responsabile. Pentru produsele cosmetice importate se specific\u0103 \u0163ara de origine.<\/p>\n<p style=\"text-align: justify;\">2. Con\u0163inutul nominal la data ambal\u0103rii, exprimat \u00een greutate sau \u00een volum<\/p>\n<p style=\"text-align: justify;\">(Cu excep\u0163ia: cazurilor \u00een care ambalajele con\u0163in mai pu\u0163in de cinci grame sau cinci mililitri, a mostrelor gratuite \u0219i a ambalajelor con\u0163in\u00e2nd produse pentru o singur\u0103 folosire; la produsele preambalate v\u00e2ndute).<\/p>\n<p style=\"text-align: justify;\">3. Data de minim\u0103 durabilitate<\/p>\n<p style=\"text-align: justify;\">a, Indicarea datei de minim\u0103 durabilitate pentru produsele cosmetice cu o durabilitate minim\u0103 mai mic\u0103 de 30 de luni.<\/p>\n<p style=\"text-align: justify;\">Formatul adecvat: dup\u0103 simbolul sau de men\u0163iunea: \u201ea se folosi preferabil \u00eenainte de\u201d, data de minim\u0103 durabilitate este exprimat\u0103 clar \u0219i indic\u0103 fie luna \u0219i anul, fie ziua, luna \u0219i anul, \u00een aceast\u0103 ordine.<\/p>\n<p style=\"text-align: justify;\">b, Produsele cosmetice cu o durabilitate mai mare de 30 de luni sunt \u00eenso\u0163ite de indicarea duratei de utilizare dup\u0103 deschidere pentru care produsul este sigur \u0219i poate fi folosit f\u0103r\u0103 a avea efecte nocive asupra consumatorului.\u00a0 Simbolul durabilit\u0103\u021bii minime este urmat de timpul indicat \u00een luni \u0219i \/ sau ani,\u00a0 cu excep\u0163ia cazului \u00een care conceptul de durabilitate dup\u0103 deschidere este irelevant: pentru produsele de unic\u0103 folosin\u0163\u0103, produsele care nu prezint\u0103 risc de deteriorare sau produsele care nu se deschid.<\/p>\n<p style=\"text-align: justify;\">4. Precau\u0163ii speciale care trebuie respectate la utilizare.<\/p>\n<p style=\"text-align: justify;\">5. Num\u0103rul de lot al produsului sau num\u0103rul de referin\u0163\u0103 pentru identificarea produsului cosmetic.<\/p>\n<p style=\"text-align: justify;\">6. Func\u0163ia produsului cosmetic, \u00een cazul \u00een care aceasta nu reiese clar din prezentarea sa.<\/p>\n<p style=\"text-align: justify;\">7. Lista ingredientelor conform denumirii INCI\u00a0 (International Nomenclator Cosmetic Ingredient). Aceast\u0103 informa\u0163ie poate fi indicat\u0103 numai pe ambalaj (dac\u0103 aplicabil).<\/p>\n<p style=\"text-align: justify;\">Limba \u00een care sunt redactate informa\u0163iile men\u0163ionate pe etichet\u0103 este stabilit\u0103 de legisla\u0163ia statelor membre \u00een care produsul este pus la dispozi\u0163ia utilizatorului final(cu excep\u0163ia \u201eIngrediente\u201c).<\/p>\n<p style=\"text-align: justify;\">\u00cen cazul \u00een care, din motive practice, este imposibil\u0103 specificarea pe etichet\u0103 a informa\u0163iilor, se aplic\u0103 urm\u0103toarele: informa\u0163iile se men\u0163ioneaz\u0103 pe un flutura\u0219, etichet\u0103, marcaj, band\u0103 sau card inclus sau ata\u0219at produsului.<\/p>\n<p style=\"text-align: justify;\"><strong>Serviciile oferite:<\/strong> <a href=\"http:\/\/www.msds-europe.com\/ro\/redactare-traducere-de-proiect-de-eticheta-pentru-produse-cosmetice\/\">Redactare, traducere de proiect de etichet\u0103 pentru produse cosmetice<\/a><\/p>\n<p>&nbsp;<\/p>\n<h2 style=\"text-align: justify;\">Notificarea produselor deja prezente pe pia\u0163\u0103<\/h2>\n<p style=\"text-align: justify;\">Distribuitorii care pun la dispozi\u021bie \u00eentr-un stat membru un produs cosmetic deja introdus pe\u00a0 pia\u021b\u0103 \u00eentr-un alt stat membru \u0219i care traduc, din proprie ini\u021biativ\u0103, orice element al etichetei produsului respectiv pentru a respecta legisla\u021bia na\u021bional\u0103, trebuie s\u0103 notifice anumite informa\u021bii \u00een sistemul <a href=\"http:\/\/www.msds-europe.com\/ro\/serviciul-de-notificare-cpnp\/\">CPNP<\/a>.<\/p>\n<p style=\"text-align: justify;\"><strong>Pentru notificare sunt necesare urm\u0103toarele informa\u021bii:<\/strong><\/p>\n<ul>\n<li style=\"text-align: justify;\">numele \u0219i adresa persoanei responsabile care p\u0103streaz\u0103 disponibil dosarul cu informa\u0163ii despre produs;<\/li>\n<li style=\"text-align: justify;\">categoria produsului cosmetic \u0219i denumirea sau denumirile acestuia \u00een statul membru \u00een care este pus la dispozi\u021bie, care permit identificarea sa specific\u0103;<\/li>\n<li style=\"text-align: justify;\">statul membru \u00een care produsul cosmetic urmeaz\u0103 a fi introdus pe pia\u0163\u0103;<\/li>\n<li style=\"text-align: justify;\">numele \u0219i adresa distribuitorului.<\/li>\n<\/ul>\n<p style=\"text-align: justify;\">\u00cen cazul \u00een care informa\u0163iile se modific\u0103, distribuitorul furnizeaz\u0103 f\u0103r\u0103 \u00eent\u00e2rziere o actualizare prin portalul <a href=\"http:\/\/www.msds-europe.com\/ro\/serviciul-de-notificare-cpnp\/\">CPNP<\/a>.<\/p>\n<h3 style=\"text-align: justify;\"><\/h3>\n<h3 style=\"text-align: justify;\"><span style=\"color: #333333;\">Materiale profesionale asociate<\/span><\/h3>\n<ul>\n<li style=\"text-align: justify;\"><a href=\"http:\/\/www.msds-europe.com\/ro\/responsabilitatile-persoanei-responsabile\/\">Responsabilit\u0103\u021bile persoanei responsabile<\/a><\/li>\n<\/ul>\n<p>&nbsp;<\/p>\n<h3 style=\"text-align: justify;\"><span style=\"color: #333333;\">Serviciile oferite<\/span><\/h3>\n<ul>\n<li><a href=\"http:\/\/www.msds-europe.com\/ro\/serviciul-de-notificare-cpnp\/\">Serviciul nostru CPNP pentru produsele cosmetice<\/a><\/li>\n<li><a href=\"http:\/\/www.msds-europe.com\/ro\/redactare-traducere-de-proiect-de-eticheta-pentru-produse-cosmetice\/\">Serviciul nostru de redactarea unui proiect de etichet\u0103 pentru produsele cosmetice<\/a><\/li>\n<li><a href=\"http:\/\/www.msds-europe.com\/ro\/intocmirea-evaluarii-sigurantei-pentru-cosmetice\/\">Serviciul nostru de redactarea evalu\u0103rii siguran\u021bei pentru produsele cosmetice<\/a><\/li>\n<\/ul>\n<p>&nbsp;<\/p>\n","protected":false},"excerpt":{"rendered":"<p>Scurt rezumat al obliga\u021biilor distribuitorilor de produse cosmetice.<\/p>\n","protected":false},"author":2,"featured_media":0,"parent":0,"menu_order":0,"comment_status":"closed","ping_status":"closed","template":"","meta":{"_acf_changed":false,"footnotes":""},"tags":[366,382],"class_list":["post-5989","page","type-page","status-publish","hentry","tag-cosmetice","tag-produse-cosmetice-baze-de-cunostinte"],"acf":[],"yoast_head":"<!-- This site is optimized with the Yoast SEO plugin v27.2 - https:\/\/yoast.com\/product\/yoast-seo-wordpress\/ -->\n<title>Obliga\u021biile reglementare a distribuitorilor produselor cosmetice<\/title>\n<meta name=\"description\" content=\"Articolul nostru ofer\u0103 \u00eendrum\u0103ri utile despre modalit\u0103\u021bile \u0219i obliga\u0163iile necesare \u00eenainte de introducerea produselor cosmetice pe pia\u021b\u0103. Obliga\u021biile distribuitorilor produselor cosmetice, \u00een scurt.\" \/>\n<meta name=\"robots\" content=\"index, follow, max-snippet:-1, max-image-preview:large, max-video-preview:-1\" \/>\n<link rel=\"canonical\" href=\"https:\/\/www.msds-europe.com\/ro\/obligatiile-distribuitorilor-produselor-cosmetice\/\" \/>\n<meta property=\"og:locale\" content=\"ro_RO\" \/>\n<meta property=\"og:type\" content=\"article\" \/>\n<meta property=\"og:title\" content=\"Obliga\u021biile reglementare a distribuitorilor produselor cosmetice\" \/>\n<meta property=\"og:description\" content=\"Articolul nostru ofer\u0103 \u00eendrum\u0103ri utile despre modalit\u0103\u021bile \u0219i obliga\u0163iile necesare \u00eenainte de introducerea produselor cosmetice pe pia\u021b\u0103. Obliga\u021biile distribuitorilor produselor cosmetice, \u00een scurt.\" \/>\n<meta property=\"og:url\" content=\"https:\/\/www.msds-europe.com\/ro\/obligatiile-distribuitorilor-produselor-cosmetice\/\" \/>\n<meta property=\"og:site_name\" content=\"MSDS Europe\" \/>\n<meta property=\"article:publisher\" content=\"https:\/\/www.facebook.com\/toxinfokft\/\" \/>\n<meta property=\"article:modified_time\" content=\"2018-07-04T07:11:02+00:00\" \/>\n<meta name=\"twitter:card\" content=\"summary_large_image\" \/>\n<meta name=\"twitter:site\" content=\"@ToxInfoKft\" \/>\n<meta name=\"twitter:label1\" content=\"Timp estimat pentru citire\" \/>\n\t<meta name=\"twitter:data1\" content=\"5 minute\" \/>\n<script type=\"application\/ld+json\" class=\"yoast-schema-graph\">{\"@context\":\"https:\/\/schema.org\",\"@graph\":[{\"@type\":\"WebPage\",\"@id\":\"https:\/\/www.msds-europe.com\/ro\/obligatiile-distribuitorilor-produselor-cosmetice\/\",\"url\":\"https:\/\/www.msds-europe.com\/ro\/obligatiile-distribuitorilor-produselor-cosmetice\/\",\"name\":\"Obliga\u021biile reglementare a distribuitorilor produselor cosmetice\",\"isPartOf\":{\"@id\":\"https:\/\/www.msds-europe.com\/es\/#website\"},\"datePublished\":\"2018-06-25T15:21:49+00:00\",\"dateModified\":\"2018-07-04T07:11:02+00:00\",\"description\":\"Articolul nostru ofer\u0103 \u00eendrum\u0103ri utile despre modalit\u0103\u021bile \u0219i obliga\u0163iile necesare \u00eenainte de introducerea produselor cosmetice pe pia\u021b\u0103. Obliga\u021biile distribuitorilor produselor cosmetice, \u00een scurt.\",\"breadcrumb\":{\"@id\":\"https:\/\/www.msds-europe.com\/ro\/obligatiile-distribuitorilor-produselor-cosmetice\/#breadcrumb\"},\"inLanguage\":\"ro-RO\",\"potentialAction\":[{\"@type\":\"ReadAction\",\"target\":[\"https:\/\/www.msds-europe.com\/ro\/obligatiile-distribuitorilor-produselor-cosmetice\/\"]}]},{\"@type\":\"BreadcrumbList\",\"@id\":\"https:\/\/www.msds-europe.com\/ro\/obligatiile-distribuitorilor-produselor-cosmetice\/#breadcrumb\",\"itemListElement\":[{\"@type\":\"ListItem\",\"position\":1,\"name\":\"F\u0151oldal\",\"item\":\"https:\/\/www.msds-europe.com\/ro\/\"},{\"@type\":\"ListItem\",\"position\":2,\"name\":\"Obliga\u021biile distribuitorilor produselor cosmetice\"}]},{\"@type\":\"WebSite\",\"@id\":\"https:\/\/www.msds-europe.com\/es\/#website\",\"url\":\"https:\/\/www.msds-europe.com\/es\/\",\"name\":\"MSDS Europe\",\"description\":\"\",\"publisher\":{\"@id\":\"https:\/\/www.msds-europe.com\/es\/#organization\"},\"potentialAction\":[{\"@type\":\"SearchAction\",\"target\":{\"@type\":\"EntryPoint\",\"urlTemplate\":\"https:\/\/www.msds-europe.com\/es\/?s={search_term_string}\"},\"query-input\":{\"@type\":\"PropertyValueSpecification\",\"valueRequired\":true,\"valueName\":\"search_term_string\"}}],\"inLanguage\":\"ro-RO\"},{\"@type\":\"Organization\",\"@id\":\"https:\/\/www.msds-europe.com\/es\/#organization\",\"name\":\"MSDS-Europe International branch of ToxInfo\",\"url\":\"https:\/\/www.msds-europe.com\/es\/\",\"logo\":{\"@type\":\"ImageObject\",\"inLanguage\":\"ro-RO\",\"@id\":\"https:\/\/www.msds-europe.com\/es\/#\/schema\/logo\/image\/\",\"url\":\"https:\/\/www.msds-europe.com\/wp-content\/uploads\/2021\/04\/msds-europe-logo.jpg\",\"contentUrl\":\"https:\/\/www.msds-europe.com\/wp-content\/uploads\/2021\/04\/msds-europe-logo.jpg\",\"width\":2296,\"height\":1067,\"caption\":\"MSDS-Europe International branch of ToxInfo\"},\"image\":{\"@id\":\"https:\/\/www.msds-europe.com\/es\/#\/schema\/logo\/image\/\"},\"sameAs\":[\"https:\/\/www.facebook.com\/toxinfokft\/\",\"https:\/\/x.com\/ToxInfoKft\"]}]}<\/script>\n<!-- \/ Yoast SEO plugin. -->","yoast_head_json":{"title":"Obliga\u021biile reglementare a distribuitorilor produselor cosmetice","description":"Articolul nostru ofer\u0103 \u00eendrum\u0103ri utile despre modalit\u0103\u021bile \u0219i obliga\u0163iile necesare \u00eenainte de introducerea produselor cosmetice pe pia\u021b\u0103. Obliga\u021biile distribuitorilor produselor cosmetice, \u00een scurt.","robots":{"index":"index","follow":"follow","max-snippet":"max-snippet:-1","max-image-preview":"max-image-preview:large","max-video-preview":"max-video-preview:-1"},"canonical":"https:\/\/www.msds-europe.com\/ro\/obligatiile-distribuitorilor-produselor-cosmetice\/","og_locale":"ro_RO","og_type":"article","og_title":"Obliga\u021biile reglementare a distribuitorilor produselor cosmetice","og_description":"Articolul nostru ofer\u0103 \u00eendrum\u0103ri utile despre modalit\u0103\u021bile \u0219i obliga\u0163iile necesare \u00eenainte de introducerea produselor cosmetice pe pia\u021b\u0103. Obliga\u021biile distribuitorilor produselor cosmetice, \u00een scurt.","og_url":"https:\/\/www.msds-europe.com\/ro\/obligatiile-distribuitorilor-produselor-cosmetice\/","og_site_name":"MSDS Europe","article_publisher":"https:\/\/www.facebook.com\/toxinfokft\/","article_modified_time":"2018-07-04T07:11:02+00:00","twitter_card":"summary_large_image","twitter_site":"@ToxInfoKft","twitter_misc":{"Timp estimat pentru citire":"5 minute"},"schema":{"@context":"https:\/\/schema.org","@graph":[{"@type":"WebPage","@id":"https:\/\/www.msds-europe.com\/ro\/obligatiile-distribuitorilor-produselor-cosmetice\/","url":"https:\/\/www.msds-europe.com\/ro\/obligatiile-distribuitorilor-produselor-cosmetice\/","name":"Obliga\u021biile reglementare a distribuitorilor produselor cosmetice","isPartOf":{"@id":"https:\/\/www.msds-europe.com\/es\/#website"},"datePublished":"2018-06-25T15:21:49+00:00","dateModified":"2018-07-04T07:11:02+00:00","description":"Articolul nostru ofer\u0103 \u00eendrum\u0103ri utile despre modalit\u0103\u021bile \u0219i obliga\u0163iile necesare \u00eenainte de introducerea produselor cosmetice pe pia\u021b\u0103. Obliga\u021biile distribuitorilor produselor cosmetice, \u00een scurt.","breadcrumb":{"@id":"https:\/\/www.msds-europe.com\/ro\/obligatiile-distribuitorilor-produselor-cosmetice\/#breadcrumb"},"inLanguage":"ro-RO","potentialAction":[{"@type":"ReadAction","target":["https:\/\/www.msds-europe.com\/ro\/obligatiile-distribuitorilor-produselor-cosmetice\/"]}]},{"@type":"BreadcrumbList","@id":"https:\/\/www.msds-europe.com\/ro\/obligatiile-distribuitorilor-produselor-cosmetice\/#breadcrumb","itemListElement":[{"@type":"ListItem","position":1,"name":"F\u0151oldal","item":"https:\/\/www.msds-europe.com\/ro\/"},{"@type":"ListItem","position":2,"name":"Obliga\u021biile distribuitorilor produselor cosmetice"}]},{"@type":"WebSite","@id":"https:\/\/www.msds-europe.com\/es\/#website","url":"https:\/\/www.msds-europe.com\/es\/","name":"MSDS Europe","description":"","publisher":{"@id":"https:\/\/www.msds-europe.com\/es\/#organization"},"potentialAction":[{"@type":"SearchAction","target":{"@type":"EntryPoint","urlTemplate":"https:\/\/www.msds-europe.com\/es\/?s={search_term_string}"},"query-input":{"@type":"PropertyValueSpecification","valueRequired":true,"valueName":"search_term_string"}}],"inLanguage":"ro-RO"},{"@type":"Organization","@id":"https:\/\/www.msds-europe.com\/es\/#organization","name":"MSDS-Europe International branch of ToxInfo","url":"https:\/\/www.msds-europe.com\/es\/","logo":{"@type":"ImageObject","inLanguage":"ro-RO","@id":"https:\/\/www.msds-europe.com\/es\/#\/schema\/logo\/image\/","url":"https:\/\/www.msds-europe.com\/wp-content\/uploads\/2021\/04\/msds-europe-logo.jpg","contentUrl":"https:\/\/www.msds-europe.com\/wp-content\/uploads\/2021\/04\/msds-europe-logo.jpg","width":2296,"height":1067,"caption":"MSDS-Europe International branch of ToxInfo"},"image":{"@id":"https:\/\/www.msds-europe.com\/es\/#\/schema\/logo\/image\/"},"sameAs":["https:\/\/www.facebook.com\/toxinfokft\/","https:\/\/x.com\/ToxInfoKft"]}]}},"_links":{"self":[{"href":"https:\/\/www.msds-europe.com\/ro\/wp-json\/wp\/v2\/pages\/5989","targetHints":{"allow":["GET"]}}],"collection":[{"href":"https:\/\/www.msds-europe.com\/ro\/wp-json\/wp\/v2\/pages"}],"about":[{"href":"https:\/\/www.msds-europe.com\/ro\/wp-json\/wp\/v2\/types\/page"}],"author":[{"embeddable":true,"href":"https:\/\/www.msds-europe.com\/ro\/wp-json\/wp\/v2\/users\/2"}],"replies":[{"embeddable":true,"href":"https:\/\/www.msds-europe.com\/ro\/wp-json\/wp\/v2\/comments?post=5989"}],"version-history":[{"count":4,"href":"https:\/\/www.msds-europe.com\/ro\/wp-json\/wp\/v2\/pages\/5989\/revisions"}],"predecessor-version":[{"id":7306,"href":"https:\/\/www.msds-europe.com\/ro\/wp-json\/wp\/v2\/pages\/5989\/revisions\/7306"}],"wp:attachment":[{"href":"https:\/\/www.msds-europe.com\/ro\/wp-json\/wp\/v2\/media?parent=5989"}],"wp:term":[{"taxonomy":"post_tag","embeddable":true,"href":"https:\/\/www.msds-europe.com\/ro\/wp-json\/wp\/v2\/tags?post=5989"}],"curies":[{"name":"wp","href":"https:\/\/api.w.org\/{rel}","templated":true}]}}