{"id":5960,"date":"2018-06-25T13:41:48","date_gmt":"2018-06-25T13:41:48","guid":{"rendered":"http:\/\/www.msds-europe.com\/responsabilitatile-persoanei-responsabile\/"},"modified":"2018-07-04T07:09:50","modified_gmt":"2018-07-04T07:09:50","slug":"responsabilitatile-persoanei-responsabile","status":"publish","type":"page","link":"https:\/\/www.msds-europe.com\/ro\/responsabilitatile-persoanei-responsabile\/","title":{"rendered":"Responsabilit\u0103\u021bile persoanei responsabile"},"content":{"rendered":"<p style=\"text-align: right;\"><em><a href=\"http:\/\/www.msds-europe.com\/ro\/produse-cosmetice\/\">Produse cosmetice baze de cuno\u0219tin\u021be<\/a>\u00a0\u2013\u00a0Responsabilit\u0103\u021bile persoanei responsabile<\/em><\/p>\n<p>&nbsp;<\/p>\n<p style=\"text-align: justify;\">\u00cen conformitate cu <a href=\"http:\/\/www.msds-europe.com\/ro\/securitatea-chimica-schimbari-reglementare\/\">Regulamentul 1223\/2009\/CE<\/a>, putem distinge doi participan\u021bi principali ale c\u0103ror obliga\u021bii \u0219i responsabilit\u0103\u021bi sunt diferite, de aceea, este foarte important determinarea categoriei \u00een care compania noastr\u0103 apar\u021bine.<\/p>\n<p>&nbsp;<\/p>\n<h2>Persoana responsabil\u0103<\/h2>\n<p style=\"text-align: justify;\">Pentru un produs cosmetic fabricat \u00een Comunitate, care nu face ulterior obiectul unui export \u0219i, apoi, al unui nou import \u00een Comunitate, produc\u0103torul stabilit \u00een Comunitate este persoana responsabil\u0103.<\/p>\n<p style=\"text-align: justify;\">Pentru un produs cosmetic importat, fiecare importator este persoana responsabil\u0103 pentru produsul cosmetic specific pe care \u00eel introduce pe pia\u0163\u0103.\u00a0 Importatorul poate desemna, prin mandat scris, o persoan\u0103 stabilit\u0103 \u00een Comunitate ca fiind persoana responsabil\u0103, aceasta trebuind s\u0103 accepte \u00een scris.<\/p>\n<p style=\"text-align: justify;\">Distribuitorul este persoana responsabil\u0103 acolo unde introduce pe pia\u0163\u0103 un produs cosmetic sub numele sau marca sa sau atunci c\u00e2nd modific\u0103 un produs deja introdus pe pia\u0163\u0103 astfel \u00eenc\u00e2t poate fi afectat\u0103 conformitatea cu cerin\u0163ele aplicabile.<\/p>\n<p>&nbsp;<\/p>\n<h2>Persoana responsabil\u0103 poate fie<\/h2>\n<ul>\n<li>produc\u0103torul (dac\u0103 acesta este stabilit \u00een cadrul Uniunii Europene)<\/li>\n<li>importatorul (\u00een cazul \u00een care produc\u0103torul produsului este \u00een afara Uniunii Europene)<\/li>\n<li>distribuitorul (\u00een cazul \u00een care plaseaz\u0103 produsul pe pia\u021b\u0103 sub propriul nume de brand)<\/li>\n<li>o persoan\u0103 sau o companie (care este destinat de c\u0103tre produc\u0103tor sau de importator \u0219i care accept\u0103 aceast\u0103 func\u0163ie \u00een scris)<\/li>\n<\/ul>\n<p>Persoana responsabil\u0103 este obligat\u0103 s\u0103 se asigure c\u0103 produsul cosmetic \u00eendepline\u0219te cerin\u021bele Regulamentului 1223\/2009\/CE.<\/p>\n<p>&nbsp;<\/p>\n<h2>Potrivit regulamentului, un produs cosmetic poate fi distribuit numai \u00een cazul \u00een care sunt disponibile<\/h2>\n<ul>\n<li><a href=\"http:\/\/www.msds-europe.com\/ro\/intocmirea-evaluarii-sigurantei-pentru-cosmetice\/\">Evaluarea siguran\u0163ei \u015fi Raportul privind siguran\u0163a produsului<\/a><\/li>\n<li>Dosarul cu informa\u0163ii despre produs (PIF)<\/li>\n<li><a href=\"http:\/\/www.msds-europe.com\/ro\/redactare-traducere-de-proiect-de-eticheta-pentru-produse-cosmetice\/\">etichetarea corespunz\u0103toare<\/a><\/li>\n<li>produc\u021bia trebuie s\u0103 fie \u00een conformitate cu ghidul ISO 22716, privind bunele practici de fabrica\u021bie (GMP).<\/li>\n<\/ul>\n<p>&nbsp;<\/p>\n<h2 style=\"text-align: justify;\">\u00centocmirea Evalu\u0103rii siguran\u0163ei \u015fi Raportului privind siguran\u0163a produsului<\/h2>\n<p style=\"text-align: justify;\">Evaluarea siguran\u0163ei \u015fi raportul privind siguran\u0163a produsului cosmetic sunt destinate pentru dovedirea faptului c\u0103 produsele cosmetice nu sunt d\u0103un\u0103toare pentru s\u0103n\u0103tatea uman\u0103 atunci c\u00e2nd sunt aplicate \u00een condi\u021bii normale sau rezonabile, previzibile.<\/p>\n<p style=\"text-align: justify;\">\u00cenainte de a introduce un produs cosmetic pe pia\u0163\u0103, persoana responsabil\u0103 se asigur\u0103 c\u0103 produsul cosmetic a f\u0103cut obiectul unei evalu\u0103ri a siguran\u0163ei \u0219i c\u0103 raportul privind siguran\u0163a produsului cosmetic a fost actualizat \u00een cazul \u00een care orice informa\u021bie relevant\u0103 suplimentar\u0103 este primit\u0103 dup\u0103 \u00eenceperea distribu\u021biei.<\/p>\n<p style=\"text-align: justify;\">Evaluarea siguran\u021bei produsului cosmetic este o parte esen\u021bial\u0103 a dosarului cu informa\u0163ii despre produs (PIF), necesar pentru distribuirea produsului cosmetic.<\/p>\n<p>&nbsp;<\/p>\n<h2>\u00centocmirea dosarului cu informa\u0163ii despre produs<\/h2>\n<p style=\"text-align: justify;\">\u00centocmirea dosarului cu informa\u0163ii despre produs \u00een conformitate cu Regulamentul 1223\/2009\/CE este criteriul distribuirii \u0219i notific\u0103rii de c\u0103tre UE a produselor cosmetice (cosmetice).<\/p>\n<p style=\"text-align: justify;\">Do<strong>sarul cu informa\u0163ii despre produs (PIF) trebuie s\u0103 con\u021bin\u0103 urm\u0103toarele informa\u0163ii:<\/strong><\/p>\n<ul>\n<li style=\"text-align: justify;\">o descriere a produsului cosmetic,<\/li>\n<li style=\"text-align: justify;\">raportul privind siguran\u0163a produsului cosmetic<\/li>\n<li style=\"text-align: justify;\">o descriere a metodei de fabrica\u0163ie<\/li>\n<li style=\"text-align: justify;\">o declara\u0163ie de conformitate cu bunele practici de fabrica\u0163ie (GMP)<\/li>\n<li style=\"text-align: justify;\">dovada efectului declarat al produsului cosmetic, \u00een cazul \u00een care aceasta este justificat\u0103 de natura sau efectul produsului cosmetic<\/li>\n<li style=\"text-align: justify;\">date privind orice test efectuat pe animale \u00een fazele de dezvoltare sau de evaluare a siguran\u0163ei produsului cosmetic sau a ingredientelor sale<\/li>\n<li style=\"text-align: justify;\">Persoana responsabil\u0103 se asigur\u0103 c\u0103 autoritatea competent\u0103 din statul membru \u00een care este p\u0103strat dosarul cu informa\u0163ii despre produs are acces u\u0219or la acest dosar, \u00een format electronic sau \u00een alt format, la adresa sa indicat\u0103 pe etichet\u0103. Informa\u0163iile care figureaz\u0103 \u00een dosarul cu informa\u0163ii despre produs sunt accesibile \u00eentr-o limb\u0103 care poate fi u\u0219or \u00een\u0163eleas\u0103 de autorit\u0103\u0163ile competente din statul membru.<\/li>\n<\/ul>\n<p style=\"text-align: justify;\">Dosarul cu informa\u0163ii despre produs trebuie p\u0103strat pe o perioad\u0103 de zece ani de la data la care ultimul lot al produsului cosmetic a fost introdus pe pia\u0163\u0103.<\/p>\n<p>&nbsp;<\/p>\n<h2>Elemente pentru etichet\u0103<\/h2>\n<p style=\"text-align: justify;\">Produsele cosmetice sunt puse la dispozi\u0163ie pe pia\u0163\u0103 doar dac\u0103 pe recipientul \u0219i pe ambalajul produselor cosmetice sunt inscrip\u0163ionate urm\u0103toarele informa\u0163ii cu caractere vizibile, de ne\u0219ters \u0219i u\u0219or lizibil:<\/p>\n<p style=\"text-align: justify;\">1. Numele sau denumirea comercial\u0103 \u0219i adresa persoanei responsabile. Pentru produsele cosmetice importate se specific\u0103 \u0163ara de origine.<\/p>\n<p style=\"text-align: justify;\">2. Con\u0163inutul nominal la data ambal\u0103rii, exprimat \u00een greutate sau \u00een volum<\/p>\n<p style=\"text-align: justify;\">(Cu excep\u0163ia: cazurilor \u00een care ambalajele con\u0163in mai pu\u0163in de cinci grame sau cinci mililitri, a mostrelor gratuite \u0219i a ambalajelor con\u0163in\u00e2nd produse pentru o singur\u0103 folosire; la produsele preambalate v\u00e2ndute).<\/p>\n<p style=\"text-align: justify;\">3. Data de minim\u0103 durabilitate<\/p>\n<p style=\"text-align: justify;\">a, Indicarea datei de minim\u0103 durabilitate pentru produsele cosmetice cu o durabilitate minim\u0103 mai mic\u0103 de 30 de luni.<\/p>\n<p style=\"text-align: justify;\">Formatul adecvat: dup\u0103 simbolul sau de men\u0163iunea: \u201ea se folosi preferabil \u00eenainte de\u201d, data de minim\u0103 durabilitate este exprimat\u0103 clar \u0219i indic\u0103 fie luna \u0219i anul, fie ziua, luna \u0219i anul, \u00een aceast\u0103 ordine.<\/p>\n<p style=\"text-align: justify;\">b, Produsele cosmetice cu o durabilitate mai mare de 30 de luni sunt \u00eenso\u0163ite de indicarea duratei de utilizare dup\u0103 deschidere pentru care produsul este sigur \u0219i poate fi folosit f\u0103r\u0103 a avea efecte nocive asupra consumatorului.\u00a0 Simbolul durabilit\u0103\u021bii minime este urmat de timpul indicat \u00een luni \u0219i \/ sau ani,\u00a0 cu excep\u0163ia cazului \u00een care conceptul de durabilitate dup\u0103 deschidere este irelevant: pentru produsele de unic\u0103 folosin\u0163\u0103, produsele care nu prezint\u0103 risc de deteriorare sau produsele care nu se deschid.<\/p>\n<p style=\"text-align: justify;\">4. Precau\u0163ii speciale care trebuie respectate la utilizare.<\/p>\n<p style=\"text-align: justify;\">5. Num\u0103rul de lot al produsului sau num\u0103rul de referin\u0163\u0103 pentru identificarea produsului cosmetic.<\/p>\n<p style=\"text-align: justify;\">6. Func\u0163ia produsului cosmetic, \u00een cazul \u00een care aceasta nu reiese clar din prezentarea sa.<\/p>\n<p style=\"text-align: justify;\">7. Lista ingredientelor conform denumirii INCI\u00a0 (International Nomenclator Cosmetic Ingredient). Aceast\u0103 informa\u0163ie poate fi indicat\u0103 numai pe ambalaj (dac\u0103 aplicabil).<\/p>\n<p style=\"text-align: justify;\">Limba \u00een care sunt redactate informa\u0163iile men\u0163ionate pe etichet\u0103 este stabilit\u0103 de legisla\u0163ia statelor membre \u00een care produsul este pus la dispozi\u0163ia utilizatorului final(cu excep\u0163ia \u201eIngrediente\u201c).<\/p>\n<p style=\"text-align: justify;\">\u00cen cazul \u00een care, din motive practice, este imposibil\u0103 specificarea pe etichet\u0103 a informa\u0163iilor, se aplic\u0103 urm\u0103toarele: informa\u0163iile se men\u0163ioneaz\u0103 pe un flutura\u0219, etichet\u0103, marcaj, band\u0103 sau card inclus sau ata\u0219at produsului.<\/p>\n<p>&nbsp;<\/p>\n<h2>Notificarea produsului cosmetic<\/h2>\n<p style=\"text-align: justify;\">\u00cenainte de a introduce produsul cosmetic pe pia\u0163\u0103, persoana responsabil\u0103 transmite Comisiei, prin mijloace electronice (<a href=\"http:\/\/www.msds-europe.com\/ro\/serviciul-de-notificare-cpnp\/\">CPNP<\/a> portal), urm\u0103toarele informa\u0163ii:<\/p>\n<ul>\n<li style=\"text-align: justify;\">categoria produsului cosmetic \u0219i denumirea sau denumirile acestuia, care permit identificarea sa specific\u0103,<\/li>\n<li style=\"text-align: justify;\">numele \u0219i adresa persoanei responsabile care p\u0103streaz\u0103 disponibil dosarul cu informa\u0163ii despre produs<\/li>\n<li style=\"text-align: justify;\">\u021bara de origine,<\/li>\n<li style=\"text-align: justify;\">statul membru \u00een care produsul cosmetic urmeaz\u0103 a fi introdus pe pia\u0163\u0103,<\/li>\n<li style=\"text-align: justify;\">coordonatele unei persoane fizice care poate fi contactat\u0103 \u00een caz de necesitate,<\/li>\n<li style=\"text-align: justify;\">Prezen\u0163a substan\u0163elor sub form\u0103 de nanomateriale \u015fi identificarea acestora, inclusiv denumirea chimic\u0103 (IUPAC) \u0219i condi\u0163iile de expunere ra\u0163ional previzibile;<\/li>\n<li style=\"text-align: justify;\">denumirea \u0219i num\u0103rul Chemical Abstracts Service (CAS) sau CE al substan\u0163elor clasificate drept cancerigene, mutagene sau toxice pentru reproducere (CMR),<\/li>\n<li>formularea-cadru<\/li>\n<li>eticheta original\u0103<\/li>\n<li>fotografia ambalajului<\/li>\n<\/ul>\n<p>\u00cen cazul \u00een care informa\u0163iile se modific\u0103, persoana responsabil\u0103 furnizeaz\u0103 f\u0103r\u0103 \u00eent\u00e2rziere o actualizare prin portalul <a href=\"http:\/\/www.msds-europe.com\/ro\/serviciul-de-notificare-cpnp\/\">CPNP<\/a>.<\/p>\n<p>&nbsp;<\/p>\n<h3><span style=\"color: #333333;\">Materiale profesionale asociate<\/span><\/h3>\n<ul>\n<li><a href=\"http:\/\/www.msds-europe.com\/ro\/obligatiile-distribuitorilor-produselor-cosmetice\/\">Obliga\u021biile distribuitorilor produselor cosmetice<\/a><\/li>\n<\/ul>\n<p>&nbsp;<\/p>\n<h3><span style=\"color: #333333;\">Serviciile oferite<\/span><\/h3>\n<ul>\n<li><a href=\"http:\/\/www.msds-europe.com\/ro\/serviciul-de-notificare-cpnp\/\">Serviciul nostru CPNP pentru produsele cosmetice<\/a><\/li>\n<li><a href=\"http:\/\/www.msds-europe.com\/ro\/redactare-traducere-de-proiect-de-eticheta-pentru-produse-cosmetice\/\">Serviciul nostru de redactarea unui proiect de etichet\u0103 pentru produsele cosmetice<\/a><\/li>\n<li><a href=\"http:\/\/www.msds-europe.com\/ro\/intocmirea-evaluarii-sigurantei-pentru-cosmetice\/\">Serviciul nostru de redactarea evalu\u0103rii siguran\u021bei pentru produsele cosmetice<\/a><\/li>\n<\/ul>\n<p>&nbsp;<\/p>\n","protected":false},"excerpt":{"rendered":"<p>Sarcini definite de regulamentele privind produsele cosmetice pentru &#8222;persoana responsabil\u0103&#8221;.<\/p>\n","protected":false},"author":2,"featured_media":0,"parent":0,"menu_order":0,"comment_status":"closed","ping_status":"closed","template":"","meta":{"_acf_changed":false,"footnotes":""},"tags":[366,382],"class_list":["post-5960","page","type-page","status-publish","hentry","tag-cosmetice","tag-produse-cosmetice-baze-de-cunostinte"],"acf":[],"yoast_head":"<!-- This site is optimized with the Yoast SEO plugin v27.2 - https:\/\/yoast.com\/product\/yoast-seo-wordpress\/ -->\n<title>Responsabilit\u0103\u021bile persoanei responsabile, privind produsele cosmetice<\/title>\n<meta name=\"description\" content=\"Sarcinile persoanei responsabile privind introducerea pe pia\u021b\u0103 a produselor cosmetice. Sarcinile \u0219i cerin\u021bele legate de fabricarea \u0219i importul cosmeticelor.\" \/>\n<meta name=\"robots\" content=\"index, follow, max-snippet:-1, max-image-preview:large, max-video-preview:-1\" \/>\n<link rel=\"canonical\" href=\"https:\/\/www.msds-europe.com\/ro\/responsabilitatile-persoanei-responsabile\/\" \/>\n<meta property=\"og:locale\" content=\"ro_RO\" \/>\n<meta property=\"og:type\" content=\"article\" \/>\n<meta property=\"og:title\" content=\"Responsabilit\u0103\u021bile persoanei responsabile, privind produsele cosmetice\" \/>\n<meta property=\"og:description\" content=\"Sarcinile persoanei responsabile privind introducerea pe pia\u021b\u0103 a produselor cosmetice. Sarcinile \u0219i cerin\u021bele legate de fabricarea \u0219i importul cosmeticelor.\" \/>\n<meta property=\"og:url\" content=\"https:\/\/www.msds-europe.com\/ro\/responsabilitatile-persoanei-responsabile\/\" \/>\n<meta property=\"og:site_name\" content=\"MSDS Europe\" \/>\n<meta property=\"article:publisher\" content=\"https:\/\/www.facebook.com\/toxinfokft\/\" \/>\n<meta property=\"article:modified_time\" content=\"2018-07-04T07:09:50+00:00\" \/>\n<meta name=\"twitter:card\" content=\"summary_large_image\" \/>\n<meta name=\"twitter:site\" content=\"@ToxInfoKft\" \/>\n<meta name=\"twitter:label1\" content=\"Timp estimat pentru citire\" \/>\n\t<meta name=\"twitter:data1\" content=\"6 minute\" \/>\n<script type=\"application\/ld+json\" class=\"yoast-schema-graph\">{\"@context\":\"https:\/\/schema.org\",\"@graph\":[{\"@type\":\"WebPage\",\"@id\":\"https:\/\/www.msds-europe.com\/ro\/responsabilitatile-persoanei-responsabile\/\",\"url\":\"https:\/\/www.msds-europe.com\/ro\/responsabilitatile-persoanei-responsabile\/\",\"name\":\"Responsabilit\u0103\u021bile persoanei responsabile, privind produsele cosmetice\",\"isPartOf\":{\"@id\":\"https:\/\/www.msds-europe.com\/es\/#website\"},\"datePublished\":\"2018-06-25T13:41:48+00:00\",\"dateModified\":\"2018-07-04T07:09:50+00:00\",\"description\":\"Sarcinile persoanei responsabile privind introducerea pe pia\u021b\u0103 a produselor cosmetice. Sarcinile \u0219i cerin\u021bele legate de fabricarea \u0219i importul cosmeticelor.\",\"breadcrumb\":{\"@id\":\"https:\/\/www.msds-europe.com\/ro\/responsabilitatile-persoanei-responsabile\/#breadcrumb\"},\"inLanguage\":\"ro-RO\",\"potentialAction\":[{\"@type\":\"ReadAction\",\"target\":[\"https:\/\/www.msds-europe.com\/ro\/responsabilitatile-persoanei-responsabile\/\"]}]},{\"@type\":\"BreadcrumbList\",\"@id\":\"https:\/\/www.msds-europe.com\/ro\/responsabilitatile-persoanei-responsabile\/#breadcrumb\",\"itemListElement\":[{\"@type\":\"ListItem\",\"position\":1,\"name\":\"F\u0151oldal\",\"item\":\"https:\/\/www.msds-europe.com\/ro\/\"},{\"@type\":\"ListItem\",\"position\":2,\"name\":\"Responsabilit\u0103\u021bile persoanei responsabile\"}]},{\"@type\":\"WebSite\",\"@id\":\"https:\/\/www.msds-europe.com\/es\/#website\",\"url\":\"https:\/\/www.msds-europe.com\/es\/\",\"name\":\"MSDS Europe\",\"description\":\"\",\"publisher\":{\"@id\":\"https:\/\/www.msds-europe.com\/es\/#organization\"},\"potentialAction\":[{\"@type\":\"SearchAction\",\"target\":{\"@type\":\"EntryPoint\",\"urlTemplate\":\"https:\/\/www.msds-europe.com\/es\/?s={search_term_string}\"},\"query-input\":{\"@type\":\"PropertyValueSpecification\",\"valueRequired\":true,\"valueName\":\"search_term_string\"}}],\"inLanguage\":\"ro-RO\"},{\"@type\":\"Organization\",\"@id\":\"https:\/\/www.msds-europe.com\/es\/#organization\",\"name\":\"MSDS-Europe International branch of ToxInfo\",\"url\":\"https:\/\/www.msds-europe.com\/es\/\",\"logo\":{\"@type\":\"ImageObject\",\"inLanguage\":\"ro-RO\",\"@id\":\"https:\/\/www.msds-europe.com\/es\/#\/schema\/logo\/image\/\",\"url\":\"https:\/\/www.msds-europe.com\/wp-content\/uploads\/2021\/04\/msds-europe-logo.jpg\",\"contentUrl\":\"https:\/\/www.msds-europe.com\/wp-content\/uploads\/2021\/04\/msds-europe-logo.jpg\",\"width\":2296,\"height\":1067,\"caption\":\"MSDS-Europe International branch of ToxInfo\"},\"image\":{\"@id\":\"https:\/\/www.msds-europe.com\/es\/#\/schema\/logo\/image\/\"},\"sameAs\":[\"https:\/\/www.facebook.com\/toxinfokft\/\",\"https:\/\/x.com\/ToxInfoKft\"]}]}<\/script>\n<!-- \/ Yoast SEO plugin. -->","yoast_head_json":{"title":"Responsabilit\u0103\u021bile persoanei responsabile, privind produsele cosmetice","description":"Sarcinile persoanei responsabile privind introducerea pe pia\u021b\u0103 a produselor cosmetice. Sarcinile \u0219i cerin\u021bele legate de fabricarea \u0219i importul cosmeticelor.","robots":{"index":"index","follow":"follow","max-snippet":"max-snippet:-1","max-image-preview":"max-image-preview:large","max-video-preview":"max-video-preview:-1"},"canonical":"https:\/\/www.msds-europe.com\/ro\/responsabilitatile-persoanei-responsabile\/","og_locale":"ro_RO","og_type":"article","og_title":"Responsabilit\u0103\u021bile persoanei responsabile, privind produsele cosmetice","og_description":"Sarcinile persoanei responsabile privind introducerea pe pia\u021b\u0103 a produselor cosmetice. Sarcinile \u0219i cerin\u021bele legate de fabricarea \u0219i importul cosmeticelor.","og_url":"https:\/\/www.msds-europe.com\/ro\/responsabilitatile-persoanei-responsabile\/","og_site_name":"MSDS Europe","article_publisher":"https:\/\/www.facebook.com\/toxinfokft\/","article_modified_time":"2018-07-04T07:09:50+00:00","twitter_card":"summary_large_image","twitter_site":"@ToxInfoKft","twitter_misc":{"Timp estimat pentru citire":"6 minute"},"schema":{"@context":"https:\/\/schema.org","@graph":[{"@type":"WebPage","@id":"https:\/\/www.msds-europe.com\/ro\/responsabilitatile-persoanei-responsabile\/","url":"https:\/\/www.msds-europe.com\/ro\/responsabilitatile-persoanei-responsabile\/","name":"Responsabilit\u0103\u021bile persoanei responsabile, privind produsele cosmetice","isPartOf":{"@id":"https:\/\/www.msds-europe.com\/es\/#website"},"datePublished":"2018-06-25T13:41:48+00:00","dateModified":"2018-07-04T07:09:50+00:00","description":"Sarcinile persoanei responsabile privind introducerea pe pia\u021b\u0103 a produselor cosmetice. Sarcinile \u0219i cerin\u021bele legate de fabricarea \u0219i importul cosmeticelor.","breadcrumb":{"@id":"https:\/\/www.msds-europe.com\/ro\/responsabilitatile-persoanei-responsabile\/#breadcrumb"},"inLanguage":"ro-RO","potentialAction":[{"@type":"ReadAction","target":["https:\/\/www.msds-europe.com\/ro\/responsabilitatile-persoanei-responsabile\/"]}]},{"@type":"BreadcrumbList","@id":"https:\/\/www.msds-europe.com\/ro\/responsabilitatile-persoanei-responsabile\/#breadcrumb","itemListElement":[{"@type":"ListItem","position":1,"name":"F\u0151oldal","item":"https:\/\/www.msds-europe.com\/ro\/"},{"@type":"ListItem","position":2,"name":"Responsabilit\u0103\u021bile persoanei responsabile"}]},{"@type":"WebSite","@id":"https:\/\/www.msds-europe.com\/es\/#website","url":"https:\/\/www.msds-europe.com\/es\/","name":"MSDS Europe","description":"","publisher":{"@id":"https:\/\/www.msds-europe.com\/es\/#organization"},"potentialAction":[{"@type":"SearchAction","target":{"@type":"EntryPoint","urlTemplate":"https:\/\/www.msds-europe.com\/es\/?s={search_term_string}"},"query-input":{"@type":"PropertyValueSpecification","valueRequired":true,"valueName":"search_term_string"}}],"inLanguage":"ro-RO"},{"@type":"Organization","@id":"https:\/\/www.msds-europe.com\/es\/#organization","name":"MSDS-Europe International branch of ToxInfo","url":"https:\/\/www.msds-europe.com\/es\/","logo":{"@type":"ImageObject","inLanguage":"ro-RO","@id":"https:\/\/www.msds-europe.com\/es\/#\/schema\/logo\/image\/","url":"https:\/\/www.msds-europe.com\/wp-content\/uploads\/2021\/04\/msds-europe-logo.jpg","contentUrl":"https:\/\/www.msds-europe.com\/wp-content\/uploads\/2021\/04\/msds-europe-logo.jpg","width":2296,"height":1067,"caption":"MSDS-Europe International branch of ToxInfo"},"image":{"@id":"https:\/\/www.msds-europe.com\/es\/#\/schema\/logo\/image\/"},"sameAs":["https:\/\/www.facebook.com\/toxinfokft\/","https:\/\/x.com\/ToxInfoKft"]}]}},"_links":{"self":[{"href":"https:\/\/www.msds-europe.com\/ro\/wp-json\/wp\/v2\/pages\/5960","targetHints":{"allow":["GET"]}}],"collection":[{"href":"https:\/\/www.msds-europe.com\/ro\/wp-json\/wp\/v2\/pages"}],"about":[{"href":"https:\/\/www.msds-europe.com\/ro\/wp-json\/wp\/v2\/types\/page"}],"author":[{"embeddable":true,"href":"https:\/\/www.msds-europe.com\/ro\/wp-json\/wp\/v2\/users\/2"}],"replies":[{"embeddable":true,"href":"https:\/\/www.msds-europe.com\/ro\/wp-json\/wp\/v2\/comments?post=5960"}],"version-history":[{"count":3,"href":"https:\/\/www.msds-europe.com\/ro\/wp-json\/wp\/v2\/pages\/5960\/revisions"}],"predecessor-version":[{"id":7305,"href":"https:\/\/www.msds-europe.com\/ro\/wp-json\/wp\/v2\/pages\/5960\/revisions\/7305"}],"wp:attachment":[{"href":"https:\/\/www.msds-europe.com\/ro\/wp-json\/wp\/v2\/media?parent=5960"}],"wp:term":[{"taxonomy":"post_tag","embeddable":true,"href":"https:\/\/www.msds-europe.com\/ro\/wp-json\/wp\/v2\/tags?post=5960"}],"curies":[{"name":"wp","href":"https:\/\/api.w.org\/{rel}","templated":true}]}}