{"id":5816,"date":"2018-06-25T08:51:02","date_gmt":"2018-06-25T08:51:02","guid":{"rendered":"http:\/\/www.msds-europe.com\/procesul-de-lucru-al-intocmirii-traducerii-unei-fise-cu-date-de-securitate\/"},"modified":"2026-04-23T12:28:20","modified_gmt":"2026-04-23T12:28:20","slug":"procesul-de-lucru-al-intocmirii-traducerii-unei-fise-cu-date-de-securitate","status":"publish","type":"page","link":"https:\/\/www.msds-europe.com\/ro\/procesul-de-lucru-al-intocmirii-traducerii-unei-fise-cu-date-de-securitate\/","title":{"rendered":"Procesul de lucru al \u00eentocmirii, traducerii unei fi\u0219e cu date de securitate"},"content":{"rendered":"<p style=\"text-align: right;\"><em><a href=\"https:\/\/www.msds-europe.com\/ro\/\">MSDS-Europe<\/a> &#8211; <a href=\"https:\/\/www.msds-europe.com\/ro\/siguranta-chimica-articole-analize\/\">Busol\u0103 pentru siguran\u021ba chimic\u0103<\/a>\u00a0&#8211; Procesul de lucru al \u00eentocmirii \u0219i traducerii unei fi\u0219e cu date de securitate<\/em><\/p>\n<p>&nbsp;<\/p>\n<h4 style=\"text-align: justify;\"><span style=\"color: #333333;\">Prima etap\u0103<\/span><\/h4>\n<h3 style=\"text-align: justify;\">Traducere &#8211; definirea elementelor de form\u0103 \u0219i de con\u021binut<\/h3>\n<p style=\"text-align: justify;\">\u00centocmirea con\u021binutului \u0219i a formatului fi\u0219ei cu date de securitate \u00een conformitate cu legisla\u021bia UE \u0219i na\u021bional\u0103 aplicabil\u0103.<\/p>\n<p style=\"text-align: justify;\">\u00cen aceast\u0103 etap\u0103 &#8211; dac\u0103 este necesar &#8211; traducem textul. \u00cen majoritatea cazurilor, traducerea nu este doar una literal\u0103, ci o traducere \u00een context. \u00cen cele mai multe situa\u021bii, exist\u0103 deja o terminologie specific\u0103 \u00een limba \u021bint\u0103 pentru fiecare propozi\u021bie sau fraz\u0103 care trebuie aplicat\u0103 pentru interpretarea corect\u0103 a con\u021binutului fi\u0219ei cu date de securitate de c\u0103tre cititor.<\/p>\n<p style=\"text-align: justify;\">O aten\u021bie deosebit\u0103 trebuie acordat\u0103 traducerii p\u0103r\u021bilor standardizate ale textului. \u00cen anumite p\u0103r\u021bi ale fi\u0219ei cu date de securitate exist\u0103 texte cu formulare fix\u0103, incluse \u00een reglement\u0103ri specifice. \u00cen conformitate cu reglement\u0103rile privind siguran\u021ba chimic\u0103, aceste fraze speciale pot fi utilizate numai \u00een forma prev\u0103zut\u0103 de legisla\u021bia relevant\u0103. Cel mai frecvent exemplu este formularea frazelor de pericol H \u0219i a frazelor de <a href=\"https:\/\/www.msds-europe.com\/ro\/fraze-de-precautie-p\/\">precau\u021bie P<\/a>, precum \u0219i a altor fraze aplicabile ca elemente de etichetare. Bine\u00een\u021beles, exist\u0103 \u0219i alte texte speciale \u00eentr-o fi\u0219\u0103 cu date de securitate.<\/p>\n<p style=\"text-align: justify;\">Din motivele men\u021bionate mai sus, procesul de traducere presupune un anumit nivel de cunoa\u0219tere a legisla\u021biei privind siguran\u021ba chimic\u0103 \u0219i experien\u021b\u0103 \u00een<a href=\"https:\/\/www.msds-europe.com\/ro\/fisa-cu-date-de-securitate-traductie\/\"> traducerea fi\u0219elor cu date de securitate<\/a>.<\/p>\n<p style=\"text-align: justify;\">\u00cen faza de traducere a SDS-ului &#8211; \u00een cazul amestecurilor &#8211; sunt verificate \u0219i componentele. Cu ajutorul listelor predefinite de substan\u021be periculoase, colegii no\u0219tri verific\u0103 dac\u0103 denumirile ingredientelor sunt corecte, dac\u0103 numerele CAS \u0219i CE corespunz\u0103toare sunt corecte \u0219i dac\u0103 elementele de clasificare indicate (pictogramele de pericol \u0219i <a href=\"https:\/\/www.msds-europe.com\/ro\/fraze-de-pericol-h\/\">frazele H<\/a>) sunt adecvate.<\/p>\n<p style=\"text-align: justify;\">O aten\u021bie deosebit\u0103 trebuie acordat\u0103, de asemenea, valorilor-limit\u0103 de expunere profesional\u0103 corecte. Trebuie verificat &#8211; pe baza legisla\u021biei corespunz\u0103toare &#8211; dac\u0103 exist\u0103 o valoare-limit\u0103 de expunere pentru componentele enumerate \u00een fi\u0219a cu date de securitate \u0219i, dac\u0103 este necesar, aceasta trebuie indicat\u0103 \u00een sec\u021biunea corespunz\u0103toare a fi\u0219ei cu date de securitate.<\/p>\n<p style=\"text-align: right;\"><a href=\"https:\/\/www.msds-europe.com\/ro\/sds-cerinte-lingvistice\/\"><em>Limba fi\u0219ei cu date de securitate \u00een UE \u2013 \u00cen ce limb\u0103 este obligatorie FDS?<\/em><\/a><\/p>\n<p>&nbsp;<\/p>\n<h4 style=\"text-align: justify;\"><span style=\"color: #333333;\">A doua etap\u0103<\/span><\/h4>\n<h3 style=\"text-align: justify;\">Clasificarea, revizuirea profesional\u0103<\/h3>\n<p style=\"text-align: justify;\">\u00cen primul r\u00e2nd, expertul nostru revizuie\u0219te fi\u0219a cu date de securitate tradus\u0103 \u0219i verific\u0103 dac\u0103 datele \u0219i tipografia din documentul tradus sunt corecte. Pe parcursul traducerii fi\u0219ei cu date de securitate, controalele multiple sunt esen\u021biale.<\/p>\n<p style=\"text-align: justify;\">Dup\u0103 aceasta, expertul nostru verific\u0103 clasificarea substan\u021bei\/amestecului pe baza datelor existente \u0219i, dac\u0103 este necesar, face modific\u0103ri, indic\u0103 pictograma (pictogramele) de pericol necesar\u0103(e), \u00eenlocuie\u0219te sau adaug\u0103 frazele H \u0219i P necesare. \u00cen multe cazuri, <a href=\"https:\/\/www.msds-europe.com\/ro\/elemente-de-etichetare-ale-fisei-cu-date-de-securitate\/\">elementele de etichetare<\/a> specifice lipsesc din fi\u0219ele cu date de securitate, astfel \u00eenc\u00e2t trebuie acordat\u0103 o aten\u021bie deosebit\u0103 \u0219i acestui aspect.<\/p>\n<p>&nbsp;<\/p>\n<h4 style=\"text-align: justify;\"><span style=\"color: #333333;\">A treia etap\u0103<\/span><\/h4>\n<h3 style=\"text-align: justify;\">Controlul profesional final<\/h3>\n<p style=\"text-align: justify;\">\u00centocmirea unei fi\u0219e cu date de securitate corecte, care nu con\u021bine incompatibilit\u0103\u021bi.<\/p>\n<p style=\"text-align: justify;\">\u00cen opinia noastr\u0103, aceast\u0103 etap\u0103 este foarte important\u0103, deoarece, pe baza experien\u021bei, exist\u0103 numeroase probleme cauzate de contradic\u021biile din fi\u0219a cu date de securitate (de exemplu: datele toxicologice din sec\u021biunea 11 nu trebuie s\u0103 fie \u00een contradic\u021bie cu clasificarea substan\u021bei\/amestecului etc.).<\/p>\n<p style=\"text-align: justify;\">Livr\u0103m fi\u0219ele cu date de securitate finalizate \u00een format PDF clien\u021bilor no\u0219tri.<\/p>\n<p style=\"text-align: justify;\">Garant\u0103m calitatea profesional\u0103, respectarea reglement\u0103rilor \u0219i acceptarea de c\u0103tre autorit\u0103\u021bi a fi\u0219elor noastre cu date de securitate numai dac\u0103 acestea sunt utilizate sau tip\u0103rite integral.<\/p>\n<p>&nbsp;<\/p>\n<h2 style=\"text-align: justify;\">Dup\u0103 livrarea fi\u0219ei cu date de securitate&#8230;<\/h2>\n<p style=\"text-align: justify;\">Serviciul nostru de \u00eentocmire a fi\u0219elor cu date de securitate nu se \u00eencheie odat\u0103 cu livrarea FDS.<\/p>\n<p style=\"text-align: justify;\">\u00cei ajut\u0103m pe clien\u021bii no\u0219tri \u00een interpretarea \u0219i utilizarea fi\u0219ei cu date de securitate, precum \u0219i \u00een definirea celorlalte obliga\u021bii necesare cu privire la fi\u0219ele cu date de securitate, \u00een general.<\/p>\n<p>&nbsp;<\/p>\n<h4 style=\"text-align: justify;\"><span style=\"color: #333333;\">Garan\u021bii profesionale privind procesul de \u00eentocmire \u0219i traducere a fi\u0219ei cu date de securitate<\/span><\/h4>\n<p style=\"text-align: justify;\">\u00cen cazul unui control al autorit\u0103\u021bii, dac\u0103 inspectorul formuleaz\u0103 o obiec\u021bie cu privire la orice parte a fi\u0219ei cu date de securitate, expertul nostru va contacta reprezentantul autorit\u0103\u021bii \u0219i va clarifica toate \u00eentreb\u0103rile ap\u0103rute.<\/p>\n<p style=\"text-align: justify;\">\u00cen cazul \u00een care se stabile\u0219te c\u0103, pe parcursul \u00eentocmirii fi\u0219ei cu date de securitate, a fost f\u0103cut\u0103 o eroare administrativ\u0103 sau o gre\u0219eal\u0103 profesional\u0103, corect\u0103m fi\u0219a cu date de securitate gratuit.<\/p>\n<p>&nbsp;<\/p>\n<h4 style=\"text-align: justify;\"><span style=\"color: #333333;\">Garan\u021bie financiar\u0103<\/span><\/h4>\n<p style=\"text-align: justify;\">Dac\u0103 oricare dintre clien\u021bii no\u0219tri sau al\u021bi parteneri ai clien\u021bilor no\u0219tri sufer\u0103 un prejudiciu material (de ex. amenzi ale autorit\u0103\u021bilor, costuri de reetichetare etc.) din cauza utiliz\u0103rii unei fi\u0219e cu date de securitate \u00eentocmite incorect de c\u0103tre compania noastr\u0103, clientul nostru va fi desp\u0103gubit.<\/p>\n<p>&nbsp;<\/p>\n<h3 style=\"text-align: justify;\"><span style=\"color: #333333;\">Serviciile oferite<\/span><\/h3>\n<ul>\n<li><a href=\"http:\/\/msds-updated.rapidwebdevs.com\/ro\/fisa-cu-date-de-securitate-traductie\/\">Traducerea fi\u0219elor cu date de securitate<\/a><\/li>\n<li><a href=\"http:\/\/msds-updated.rapidwebdevs.com\/ro\/revizuirea-actualizarea-fisei-cu-date-de-securitate\/\">Revizuirea \u0219i actualizarea fi\u0219ei cu date de securitate<\/a><\/li>\n<li><a href=\"http:\/\/msds-updated.rapidwebdevs.com\/ro\/efisa-cu-date-de-securitate-elaborare-intocmire\/\">Elaborarea \u0219i \u00eentocmirea unei fi\u0219e cu date de securitate<\/a><\/li>\n<li><a href=\"http:\/\/msds-updated.rapidwebdevs.com\/ro\/intocmire-proiect-de-eticheta\/\">\u00centocmirea proiectului de etichet\u0103<\/a><\/li>\n<li><a href=\"http:\/\/msds-updated.rapidwebdevs.com\/ro\/fisa-cu-date-de-securitate-servicii-expres\/\">Servicii expres pentru fi\u0219a cu date de securitate \u00een termen de 24 de ore<\/a><\/li>\n<\/ul>\n<p>&nbsp;<\/p>\n<h3 class=\"title_4\"><span style=\"color: #333333;\">Informa\u021bii utile<\/span><\/h3>\n<ul>\n<li><a title=\"Despre software pentru crearea fi\u015felor cu date de securitate\" href=\"https:\/\/www.msds-europe.com\/ro\/despre-software-pentru-creare-fds\/\">Despre software pentru crearea fi\u0219elor cu date de securitate<\/a><\/li>\n<\/ul>\n<p>&nbsp;<\/p>\n<h3><span style=\"color: #333333;\">\u00centreb\u0103ri rapide \u0219i r\u0103spunsuri<\/span><\/h3>\n<div class=\"su-spoiler su-spoiler-style-fancy su-spoiler-icon-chevron su-spoiler-closed\" data-scroll-offset=\"0\" data-anchor-in-url=\"no\"><div class=\"su-spoiler-title\" tabindex=\"0\" role=\"button\"><span class=\"su-spoiler-icon\"><\/span>De ce sunt necesare cuno\u0219tin\u021be legislative \u00eenc\u0103 din faza de traducere?<\/div><div class=\"su-spoiler-content su-u-clearfix su-u-trim\">\n<p style=\"text-align: justify;\">Pentru c\u0103 multe texte standardizate (de ex. frazele H \u0219i P) trebuie reproduse exact a\u0219a cum sunt prev\u0103zute \u00een legisla\u021bie, astfel \u00eenc\u00e2t o traducere corect\u0103 necesit\u0103 cunoa\u0219terea reglement\u0103rilor aplicabile.<\/p>\n<\/div><\/div>\n<div class=\"su-spoiler su-spoiler-style-fancy su-spoiler-icon-chevron su-spoiler-closed\" data-scroll-offset=\"0\" data-anchor-in-url=\"no\"><div class=\"su-spoiler-title\" tabindex=\"0\" role=\"button\"><span class=\"su-spoiler-icon\"><\/span>Ce verific\u0103 expertul \u00een a doua etap\u0103 a fluxului de lucru?<\/div><div class=\"su-spoiler-content su-u-clearfix su-u-trim\">\n<p style=\"text-align: justify;\">Verific\u0103 datele traduse (numere CAS\/CE, valori-limit\u0103), corectitudinea clasific\u0103rii \u0219i utilizarea complet\u0103 a pictogramelor de pericol \u0219i a frazelor H\/P necesare.<\/p>\n<\/div><\/div>\n<div class=\"su-spoiler su-spoiler-style-fancy su-spoiler-icon-chevron su-spoiler-closed\" data-scroll-offset=\"0\" data-anchor-in-url=\"no\"><div class=\"su-spoiler-title\" tabindex=\"0\" role=\"button\"><span class=\"su-spoiler-icon\"><\/span>Care este obiectivul principal al celei de-a treia etape \u00een preg\u0103tirea SDS?<\/div><div class=\"su-spoiler-content su-u-clearfix su-u-trim\">\n<p style=\"text-align: justify;\">Crearea unei fi\u0219e cu date de securitate coerente \u0219i f\u0103r\u0103 contradic\u021bii, \u00een care informa\u021biile din toate sec\u021biunile sunt consecvente \u00eentre ele.<\/p>\n<\/div><\/div>\n<p>&nbsp;<\/p>\n","protected":false},"excerpt":{"rendered":"<p>O descriere a fluxului de lucru utilizat de compania noastr\u0103 pentru traducerea fi\u0219ei cu date de securitate.<\/p>\n","protected":false},"author":2,"featured_media":0,"parent":0,"menu_order":0,"comment_status":"closed","ping_status":"closed","template":"","meta":{"_acf_changed":false,"footnotes":""},"tags":[367,380],"class_list":["post-5816","page","type-page","status-publish","hentry","tag-fisa-cu-date-de-securitate","tag-fisa-cu-date-de-securitate-baza-de-cunostinte"],"acf":[],"yoast_head":"<!-- This site is optimized with the Yoast SEO plugin v27.2 - https:\/\/yoast.com\/product\/yoast-seo-wordpress\/ -->\n<title>Procesul de lucru al \u00eentocmirii, traducerii unei FDS<\/title>\n<meta name=\"description\" content=\"Afla\u021bi mai mult despre metoda noastr\u0103 de lucru utilizat\u0103 pentru a ob\u021bine cea mai bun\u0103 calitate profesional\u0103 \u00een traducerea FDS.\" \/>\n<meta name=\"robots\" content=\"index, follow, max-snippet:-1, max-image-preview:large, max-video-preview:-1\" \/>\n<link rel=\"canonical\" href=\"https:\/\/www.msds-europe.com\/ro\/procesul-de-lucru-al-intocmirii-traducerii-unei-fise-cu-date-de-securitate\/\" \/>\n<meta property=\"og:locale\" content=\"ro_RO\" \/>\n<meta property=\"og:type\" content=\"article\" \/>\n<meta property=\"og:title\" content=\"Procesul de lucru al \u00eentocmirii, traducerii unei FDS\" \/>\n<meta property=\"og:description\" content=\"Afla\u021bi mai mult despre metoda noastr\u0103 de lucru utilizat\u0103 pentru a ob\u021bine cea mai bun\u0103 calitate profesional\u0103 \u00een traducerea FDS.\" \/>\n<meta property=\"og:url\" content=\"https:\/\/www.msds-europe.com\/ro\/procesul-de-lucru-al-intocmirii-traducerii-unei-fise-cu-date-de-securitate\/\" \/>\n<meta property=\"og:site_name\" content=\"MSDS Europe\" \/>\n<meta property=\"article:publisher\" content=\"https:\/\/www.facebook.com\/toxinfokft\/\" \/>\n<meta property=\"article:modified_time\" content=\"2026-04-23T12:28:20+00:00\" \/>\n<meta name=\"twitter:card\" content=\"summary_large_image\" \/>\n<meta name=\"twitter:site\" content=\"@ToxInfoKft\" \/>\n<meta name=\"twitter:label1\" content=\"Timp estimat pentru citire\" \/>\n\t<meta name=\"twitter:data1\" content=\"4 minute\" \/>\n<script type=\"application\/ld+json\" class=\"yoast-schema-graph\">{\"@context\":\"https:\/\/schema.org\",\"@graph\":[{\"@type\":\"WebPage\",\"@id\":\"https:\/\/www.msds-europe.com\/ro\/procesul-de-lucru-al-intocmirii-traducerii-unei-fise-cu-date-de-securitate\/\",\"url\":\"https:\/\/www.msds-europe.com\/ro\/procesul-de-lucru-al-intocmirii-traducerii-unei-fise-cu-date-de-securitate\/\",\"name\":\"Procesul de lucru al \u00eentocmirii, traducerii unei FDS\",\"isPartOf\":{\"@id\":\"https:\/\/www.msds-europe.com\/es\/#website\"},\"datePublished\":\"2018-06-25T08:51:02+00:00\",\"dateModified\":\"2026-04-23T12:28:20+00:00\",\"description\":\"Afla\u021bi mai mult despre metoda noastr\u0103 de lucru utilizat\u0103 pentru a ob\u021bine cea mai bun\u0103 calitate profesional\u0103 \u00een traducerea FDS.\",\"breadcrumb\":{\"@id\":\"https:\/\/www.msds-europe.com\/ro\/procesul-de-lucru-al-intocmirii-traducerii-unei-fise-cu-date-de-securitate\/#breadcrumb\"},\"inLanguage\":\"ro-RO\",\"potentialAction\":[{\"@type\":\"ReadAction\",\"target\":[\"https:\/\/www.msds-europe.com\/ro\/procesul-de-lucru-al-intocmirii-traducerii-unei-fise-cu-date-de-securitate\/\"]}]},{\"@type\":\"BreadcrumbList\",\"@id\":\"https:\/\/www.msds-europe.com\/ro\/procesul-de-lucru-al-intocmirii-traducerii-unei-fise-cu-date-de-securitate\/#breadcrumb\",\"itemListElement\":[{\"@type\":\"ListItem\",\"position\":1,\"name\":\"F\u0151oldal\",\"item\":\"https:\/\/www.msds-europe.com\/ro\/\"},{\"@type\":\"ListItem\",\"position\":2,\"name\":\"Procesul de lucru al \u00eentocmirii, traducerii unei fi\u0219e cu date de securitate\"}]},{\"@type\":\"WebSite\",\"@id\":\"https:\/\/www.msds-europe.com\/es\/#website\",\"url\":\"https:\/\/www.msds-europe.com\/es\/\",\"name\":\"MSDS Europe\",\"description\":\"\",\"publisher\":{\"@id\":\"https:\/\/www.msds-europe.com\/es\/#organization\"},\"potentialAction\":[{\"@type\":\"SearchAction\",\"target\":{\"@type\":\"EntryPoint\",\"urlTemplate\":\"https:\/\/www.msds-europe.com\/es\/?s={search_term_string}\"},\"query-input\":{\"@type\":\"PropertyValueSpecification\",\"valueRequired\":true,\"valueName\":\"search_term_string\"}}],\"inLanguage\":\"ro-RO\"},{\"@type\":\"Organization\",\"@id\":\"https:\/\/www.msds-europe.com\/es\/#organization\",\"name\":\"MSDS-Europe International branch of ToxInfo\",\"url\":\"https:\/\/www.msds-europe.com\/es\/\",\"logo\":{\"@type\":\"ImageObject\",\"inLanguage\":\"ro-RO\",\"@id\":\"https:\/\/www.msds-europe.com\/es\/#\/schema\/logo\/image\/\",\"url\":\"https:\/\/www.msds-europe.com\/wp-content\/uploads\/2021\/04\/msds-europe-logo.jpg\",\"contentUrl\":\"https:\/\/www.msds-europe.com\/wp-content\/uploads\/2021\/04\/msds-europe-logo.jpg\",\"width\":2296,\"height\":1067,\"caption\":\"MSDS-Europe International branch of ToxInfo\"},\"image\":{\"@id\":\"https:\/\/www.msds-europe.com\/es\/#\/schema\/logo\/image\/\"},\"sameAs\":[\"https:\/\/www.facebook.com\/toxinfokft\/\",\"https:\/\/x.com\/ToxInfoKft\"]}]}<\/script>\n<!-- \/ Yoast SEO plugin. -->","yoast_head_json":{"title":"Procesul de lucru al \u00eentocmirii, traducerii unei FDS","description":"Afla\u021bi mai mult despre metoda noastr\u0103 de lucru utilizat\u0103 pentru a ob\u021bine cea mai bun\u0103 calitate profesional\u0103 \u00een traducerea FDS.","robots":{"index":"index","follow":"follow","max-snippet":"max-snippet:-1","max-image-preview":"max-image-preview:large","max-video-preview":"max-video-preview:-1"},"canonical":"https:\/\/www.msds-europe.com\/ro\/procesul-de-lucru-al-intocmirii-traducerii-unei-fise-cu-date-de-securitate\/","og_locale":"ro_RO","og_type":"article","og_title":"Procesul de lucru al \u00eentocmirii, traducerii unei FDS","og_description":"Afla\u021bi mai mult despre metoda noastr\u0103 de lucru utilizat\u0103 pentru a ob\u021bine cea mai bun\u0103 calitate profesional\u0103 \u00een traducerea FDS.","og_url":"https:\/\/www.msds-europe.com\/ro\/procesul-de-lucru-al-intocmirii-traducerii-unei-fise-cu-date-de-securitate\/","og_site_name":"MSDS Europe","article_publisher":"https:\/\/www.facebook.com\/toxinfokft\/","article_modified_time":"2026-04-23T12:28:20+00:00","twitter_card":"summary_large_image","twitter_site":"@ToxInfoKft","twitter_misc":{"Timp estimat pentru citire":"4 minute"},"schema":{"@context":"https:\/\/schema.org","@graph":[{"@type":"WebPage","@id":"https:\/\/www.msds-europe.com\/ro\/procesul-de-lucru-al-intocmirii-traducerii-unei-fise-cu-date-de-securitate\/","url":"https:\/\/www.msds-europe.com\/ro\/procesul-de-lucru-al-intocmirii-traducerii-unei-fise-cu-date-de-securitate\/","name":"Procesul de lucru al \u00eentocmirii, traducerii unei FDS","isPartOf":{"@id":"https:\/\/www.msds-europe.com\/es\/#website"},"datePublished":"2018-06-25T08:51:02+00:00","dateModified":"2026-04-23T12:28:20+00:00","description":"Afla\u021bi mai mult despre metoda noastr\u0103 de lucru utilizat\u0103 pentru a ob\u021bine cea mai bun\u0103 calitate profesional\u0103 \u00een traducerea FDS.","breadcrumb":{"@id":"https:\/\/www.msds-europe.com\/ro\/procesul-de-lucru-al-intocmirii-traducerii-unei-fise-cu-date-de-securitate\/#breadcrumb"},"inLanguage":"ro-RO","potentialAction":[{"@type":"ReadAction","target":["https:\/\/www.msds-europe.com\/ro\/procesul-de-lucru-al-intocmirii-traducerii-unei-fise-cu-date-de-securitate\/"]}]},{"@type":"BreadcrumbList","@id":"https:\/\/www.msds-europe.com\/ro\/procesul-de-lucru-al-intocmirii-traducerii-unei-fise-cu-date-de-securitate\/#breadcrumb","itemListElement":[{"@type":"ListItem","position":1,"name":"F\u0151oldal","item":"https:\/\/www.msds-europe.com\/ro\/"},{"@type":"ListItem","position":2,"name":"Procesul de lucru al \u00eentocmirii, traducerii unei fi\u0219e cu date de securitate"}]},{"@type":"WebSite","@id":"https:\/\/www.msds-europe.com\/es\/#website","url":"https:\/\/www.msds-europe.com\/es\/","name":"MSDS Europe","description":"","publisher":{"@id":"https:\/\/www.msds-europe.com\/es\/#organization"},"potentialAction":[{"@type":"SearchAction","target":{"@type":"EntryPoint","urlTemplate":"https:\/\/www.msds-europe.com\/es\/?s={search_term_string}"},"query-input":{"@type":"PropertyValueSpecification","valueRequired":true,"valueName":"search_term_string"}}],"inLanguage":"ro-RO"},{"@type":"Organization","@id":"https:\/\/www.msds-europe.com\/es\/#organization","name":"MSDS-Europe International branch of ToxInfo","url":"https:\/\/www.msds-europe.com\/es\/","logo":{"@type":"ImageObject","inLanguage":"ro-RO","@id":"https:\/\/www.msds-europe.com\/es\/#\/schema\/logo\/image\/","url":"https:\/\/www.msds-europe.com\/wp-content\/uploads\/2021\/04\/msds-europe-logo.jpg","contentUrl":"https:\/\/www.msds-europe.com\/wp-content\/uploads\/2021\/04\/msds-europe-logo.jpg","width":2296,"height":1067,"caption":"MSDS-Europe International branch of ToxInfo"},"image":{"@id":"https:\/\/www.msds-europe.com\/es\/#\/schema\/logo\/image\/"},"sameAs":["https:\/\/www.facebook.com\/toxinfokft\/","https:\/\/x.com\/ToxInfoKft"]}]}},"_links":{"self":[{"href":"https:\/\/www.msds-europe.com\/ro\/wp-json\/wp\/v2\/pages\/5816","targetHints":{"allow":["GET"]}}],"collection":[{"href":"https:\/\/www.msds-europe.com\/ro\/wp-json\/wp\/v2\/pages"}],"about":[{"href":"https:\/\/www.msds-europe.com\/ro\/wp-json\/wp\/v2\/types\/page"}],"author":[{"embeddable":true,"href":"https:\/\/www.msds-europe.com\/ro\/wp-json\/wp\/v2\/users\/2"}],"replies":[{"embeddable":true,"href":"https:\/\/www.msds-europe.com\/ro\/wp-json\/wp\/v2\/comments?post=5816"}],"version-history":[{"count":11,"href":"https:\/\/www.msds-europe.com\/ro\/wp-json\/wp\/v2\/pages\/5816\/revisions"}],"predecessor-version":[{"id":39053,"href":"https:\/\/www.msds-europe.com\/ro\/wp-json\/wp\/v2\/pages\/5816\/revisions\/39053"}],"wp:attachment":[{"href":"https:\/\/www.msds-europe.com\/ro\/wp-json\/wp\/v2\/media?parent=5816"}],"wp:term":[{"taxonomy":"post_tag","embeddable":true,"href":"https:\/\/www.msds-europe.com\/ro\/wp-json\/wp\/v2\/tags?post=5816"}],"curies":[{"name":"wp","href":"https:\/\/api.w.org\/{rel}","templated":true}]}}