{"id":5769,"date":"2018-06-25T07:54:33","date_gmt":"2018-06-25T07:54:33","guid":{"rendered":"http:\/\/www.msds-europe.com\/pictograma-de-pericol\/"},"modified":"2026-02-20T09:44:47","modified_gmt":"2026-02-20T09:44:47","slug":"pictograma-de-pericol","status":"publish","type":"page","link":"https:\/\/www.msds-europe.com\/ro\/pictograma-de-pericol\/","title":{"rendered":"Pictograma de pericol"},"content":{"rendered":"<p style=\"text-align: right;\"><em><a href=\"https:\/\/www.msds-europe.com\/ro\/cunostinte-fisa-cu-date-de-securitate\/\">Baza de cuno\u0219tin\u021be despre fi\u0219ele cu date de securitate<\/a> \u2013 Pictograma de pericol<\/em><\/p>\n<p>&nbsp;<\/p>\n<h3 style=\"text-align: justify;\">Pictograme de pericol \u00een general<\/h3>\n<p style=\"text-align: justify;\">O pictogram\u0103 de pericol este o reprezentare grafic\u0103 a unui pericol specific, \u00een conformitate cu Regulamentul CLP.<\/p>\n<p style=\"text-align: justify;\">\u00cen consecin\u021b\u0103, clasificarea substan\u021bei sau a amestecului dumneavoastr\u0103 determin\u0103 pictogramele de pericol care trebuie afi\u0219ate pe etichet\u0103, \u00een conformitate cu p\u0103r\u021bile 2 (pericole fizice), 3 (pericole pentru s\u0103n\u0103tate) \u0219i 4 (pericole pentru mediu) din anexa I la <a href=\"https:\/\/www.msds-europe.com\/ro\/eticheta-clp-etichetare-in-practica\/\">Regulamentul (CE) nr. 1272\/2008 (CLP)<\/a> (articolul 19).<\/p>\n<p style=\"text-align: justify;\">Modul de aplicare a pictogramelor de pericol, \u00een func\u021bie de clasa \u0219i categoria de pericol, poate fi g\u0103sit \u0219i \u00een anexa V la Regulamentul CLP.<\/p>\n<p>&nbsp;<\/p>\n<h3 style=\"text-align: justify;\">Pictograma de pericol pe etichet\u0103<\/h3>\n<p style=\"text-align: justify;\">Culoarea \u0219i aspectul etichetei trebuie s\u0103 permit\u0103 o vizibilitate clar\u0103 a pictogramei de pericol. Pictogramele de pericol trebuie s\u0103 aib\u0103 forma unui p\u0103trat a\u0219ezat pe v\u00e2rf (romb) \u0219i s\u0103 con\u021bin\u0103 un simbol negru pe fundal alb, \u00eencadrat de un chenar ro\u0219u (punctul 1.2.1 din anexa I la CLP).<\/p>\n<p style=\"text-align: justify;\">Fiecare pictogram\u0103 de pericol ocup\u0103 cel pu\u021bin a cincisprezecea parte din suprafa\u021ba minim\u0103 a etichetei, dar suprafa\u021ba minim\u0103 a fiec\u0103rei pictograme de pericol nu este mai mic\u0103 de 1 cm<sup>2<\/sup>.<\/p>\n<p>&nbsp;<\/p>\n<h3 style=\"text-align: justify;\">Utilizarea pictogramelor de pericol \u00een procesul de clasificare CLP<\/h3>\n<p style=\"text-align: justify;\">\u00cen conformitate cu articolul 19 din <a href=\"https:\/\/www.msds-europe.com\/ro\/securitatea-chimica-schimbari-reglementare\/\">Regulamentul (CE) nr. 1272\/2008 (CLP)<\/a>, \u00een cadrul clasific\u0103rii \u0219i etichet\u0103rii se utilizeaz\u0103 urm\u0103toarele pictograme de pericol:<\/p>\n<p>&nbsp;<\/p>\n<h2 style=\"text-align: justify;\">Pictograme de pericol CLP<\/h2>\n<p style=\"text-align: justify;\"><div class=\"su-custom-gallery su-custom-gallery-align-left su-custom-gallery-title-always su-lightbox-gallery\"><div class=\"su-custom-gallery-slide\" style=\"width:200px;height:200px\"><a href=\"https:\/\/www.msds-europe.com\/wp-content\/uploads\/2018\/06\/GHS01-Pictograma-de-pericol.jpg\" title=\"GHS01 Pictograma de pericol\"><img decoding=\"async\" src=\"https:\/\/www.msds-europe.com\/wp-content\/uploads\/2018\/06\/GHS01-Pictograma-de-pericol-200x200.jpg\" alt=\"GHS01 Pictograma de pericol\" width=\"200\" height=\"200\" \/><span class=\"su-custom-gallery-title\">GHS01 Pictograma de pericol<\/span><\/a><\/div><div class=\"su-custom-gallery-slide\" style=\"width:200px;height:200px\"><a href=\"https:\/\/www.msds-europe.com\/wp-content\/uploads\/2018\/06\/GHS02-Pictograma-de-pericol.jpg\" title=\"GHS02 Pictograma de pericol\"><img decoding=\"async\" src=\"https:\/\/www.msds-europe.com\/wp-content\/uploads\/2018\/06\/GHS02-Pictograma-de-pericol-200x200.jpg\" alt=\"GHS02 Pictograma de pericol\" width=\"200\" height=\"200\" \/><span class=\"su-custom-gallery-title\">GHS02 Pictograma de pericol<\/span><\/a><\/div><div class=\"su-custom-gallery-slide\" style=\"width:200px;height:200px\"><a href=\"https:\/\/www.msds-europe.com\/wp-content\/uploads\/2018\/06\/GHS03-Pictograma-de-pericol.jpg\" title=\"GHS03 Pictograma de pericol\"><img decoding=\"async\" src=\"https:\/\/www.msds-europe.com\/wp-content\/uploads\/2018\/06\/GHS03-Pictograma-de-pericol-200x200.jpg\" alt=\"GHS03 Pictograma de pericol\" width=\"200\" height=\"200\" \/><span class=\"su-custom-gallery-title\">GHS03 Pictograma de pericol<\/span><\/a><\/div><div class=\"su-custom-gallery-slide\" style=\"width:200px;height:200px\"><a href=\"https:\/\/www.msds-europe.com\/wp-content\/uploads\/2018\/06\/GHS04-Pictograma-de-pericol.jpg\" title=\"GHS04 Pictograma de pericol\"><img decoding=\"async\" src=\"https:\/\/www.msds-europe.com\/wp-content\/uploads\/2018\/06\/GHS04-Pictograma-de-pericol-200x200.jpg\" alt=\"GHS04 Pictograma de pericol\" width=\"200\" height=\"200\" \/><span class=\"su-custom-gallery-title\">GHS04 Pictograma de pericol<\/span><\/a><\/div><div class=\"su-custom-gallery-slide\" style=\"width:200px;height:200px\"><a href=\"https:\/\/www.msds-europe.com\/wp-content\/uploads\/2018\/06\/GHS05-Pictograma-de-pericol.jpg\" title=\"GHS05 Pictograma de pericol\"><img decoding=\"async\" src=\"https:\/\/www.msds-europe.com\/wp-content\/uploads\/2018\/06\/GHS05-Pictograma-de-pericol-200x200.jpg\" alt=\"GHS05 Pictograma de pericol\" width=\"200\" height=\"200\" \/><span class=\"su-custom-gallery-title\">GHS05 Pictograma de pericol<\/span><\/a><\/div><div class=\"su-custom-gallery-slide\" style=\"width:200px;height:200px\"><a href=\"https:\/\/www.msds-europe.com\/wp-content\/uploads\/2018\/06\/GHS06-Pictograma-de-pericol.jpg\" title=\"GHS06 Pictograma de pericol\"><img decoding=\"async\" src=\"https:\/\/www.msds-europe.com\/wp-content\/uploads\/2018\/06\/GHS06-Pictograma-de-pericol-200x200.jpg\" alt=\"GHS06 Pictograma de pericol\" width=\"200\" height=\"200\" \/><span class=\"su-custom-gallery-title\">GHS06 Pictograma de pericol<\/span><\/a><\/div><div class=\"su-custom-gallery-slide\" style=\"width:200px;height:200px\"><a href=\"https:\/\/www.msds-europe.com\/wp-content\/uploads\/2018\/06\/GHS07-Pictograma-de-pericol.jpg\" title=\"GHS07 Pictograma de pericol\"><img decoding=\"async\" src=\"https:\/\/www.msds-europe.com\/wp-content\/uploads\/2018\/06\/GHS07-Pictograma-de-pericol-200x200.jpg\" alt=\"GHS07 Pictograma de pericol\" width=\"200\" height=\"200\" \/><span class=\"su-custom-gallery-title\">GHS07 Pictograma de pericol<\/span><\/a><\/div><div class=\"su-custom-gallery-slide\" style=\"width:200px;height:200px\"><a href=\"https:\/\/www.msds-europe.com\/wp-content\/uploads\/2018\/06\/GHS08-Pictograma-de-pericol.jpg\" title=\"GHS08 Pictograma de pericol\"><img decoding=\"async\" src=\"https:\/\/www.msds-europe.com\/wp-content\/uploads\/2018\/06\/GHS08-Pictograma-de-pericol-200x200.jpg\" alt=\"GHS08 Pictograma de pericol\" width=\"200\" height=\"200\" \/><span class=\"su-custom-gallery-title\">GHS08 Pictograma de pericol<\/span><\/a><\/div><div class=\"su-custom-gallery-slide\" style=\"width:200px;height:200px\"><a href=\"https:\/\/www.msds-europe.com\/wp-content\/uploads\/2018\/06\/GHS09-Pictograma-de-pericol.jpg\" title=\"GHS09 Pictograma de pericol\"><img decoding=\"async\" src=\"https:\/\/www.msds-europe.com\/wp-content\/uploads\/2018\/06\/GHS09-Pictograma-de-pericol-200x200.jpg\" alt=\"GHS09 Pictograma de pericol\" width=\"200\" height=\"200\" \/><span class=\"su-custom-gallery-title\">GHS09 Pictograma de pericol<\/span><\/a><\/div><div class=\"su-clear\"><\/div><\/div>\n<p>&nbsp;<\/p>\n<h3 style=\"text-align: justify;\">Desc\u0103rca\u021bi pictogramele de pericol<\/h3>\n<p style=\"text-align: justify;\">Pute\u021bi face clic pe imaginea corespunz\u0103toare pentru a o vizualiza la o dimensiune mai mare sau pentru a desc\u0103rca pictograma de pericol dorit\u0103.<\/p>\n<p>&nbsp;<\/p>\n<h4>Consultan\u021b\u0103 online gratuit\u0103<\/h4>\n<p style=\"text-align: justify;\">Dac\u0103 nu a\u021bi g\u0103sit informa\u021biile de care avea\u021bi nevoie pe site-ul nostru, pute\u021bi adresa \u00eentreb\u0103rile dumneavoastr\u0103 legate de fi\u0219ele cu date de securitate direct expertului nostru.<\/p>\n<p style=\"text-align: justify;\">Pentru a trimite \u00eentreb\u0103ri, v\u0103 rug\u0103m s\u0103 folosi\u021bi urm\u0103toarea aplica\u021bie de trimitere a mesajelor:<\/p>\n<p>Contacta\u021bi serviciul nostru clien\u021bi, sau adresa\u021bi-v\u0103 expertului nostru online.<\/p>\n<a href=\"https:\/\/www.msds-europe.com\/ro\/serviciul-pentru-clienti\/\" class=\"su-button su-button-style-default\" style=\"color:#ef552d;background-color:#fefefe;border-color:#cccccc;border-radius:6px\" target=\"_self\"><span style=\"color:#ef552d;padding:0px 18px;font-size:14px;line-height:28px;border-color:#ffffff;border-radius:6px;text-shadow:none\"> Serviciul clien\u021bi<\/span><\/a>\u00a0 \u00a0 \u00a0 \u00a0 \u00a0 \u00a0 \u00a0 \u00a0<a href=\"https:\/\/www.msds-europe.com\/ro\/consultare-online-gratuita\/\" class=\"su-button su-button-style-default\" style=\"color:#ffffff;background-color:#ef552d;border-color:#c04424;border-radius:6px\" target=\"_self\"><span style=\"color:#ffffff;padding:0px 18px;font-size:14px;line-height:28px;border-color:#f4886c;border-radius:6px;text-shadow:0px 0px 2px #ffffff\"> \u00centreba\u021bi expertul nostru<\/span><\/a>\n<p>MSDS-Europe serviciul pentru clien\u0163i &#8211; C\u00e2nd ave\u0163i nevoie de asisten\u021b\u0103<\/p>\n<p>Serviciul pentru clien\u0163i pentru securitatea chimic\u0103 Dac\u0103 ave\u021bi nevoie de asisten\u021b\u0103 \u00een alegerea serviciului potrivit sau \u00een caz de \u00eentreb\u0103ri, v\u0103 rug\u0103m s\u0103 contacta\u021bi serviciul nostru de clien\u021bi.<\/p>\n<p>&nbsp;<\/p>\n<h4><span style=\"color: #333333;\">Alte servicii conexe<\/span><\/h4>\n<ul>\n<li><a href=\"https:\/\/www.msds-europe.com\/ro\/fisa-cu-date-de-securitate-traductie\/\">Servicii de traducere FDS<\/a><\/li>\n<li><a href=\"https:\/\/www.msds-europe.com\/ro\/revizuirea-actualizarea-fisei-cu-date-de-securitate\/\">Revizuirea \u0219i actualizarea fi\u0219ei cu date de securitate<\/a><\/li>\n<li><a href=\"https:\/\/www.msds-europe.com\/ro\/efisa-cu-date-de-securitate-elaborare-intocmire\/\">Elaborarea \u0219i \u00eentocmirea unei fi\u0219e cu date de securitate<\/a><\/li>\n<\/ul>\n<p>&nbsp;<\/p>\n<h4><span style=\"color: #333333;\">Articole recomandate<\/span><\/h4>\n<ul>\n<li><a href=\"https:\/\/www.msds-europe.com\/ro\/fraze-de-pericol-h\/\">Fraze de pericol H<\/a><\/li>\n<li><a href=\"https:\/\/www.msds-europe.com\/ro\/fraze-de-precautie-p\/\">Fraze de precau\u021bie P<\/a><\/li>\n<li><a href=\"https:\/\/www.msds-europe.com\/ro\/elemente-de-etichetare-ale-fisei-cu-date-de-securitate\/\">Elemente de etichetare ale fi\u0219ei cu date de securitate<\/a><\/li>\n<li><a href=\"https:\/\/www.msds-europe.com\/ro\/eticheta-clp-etichetare-in-practica\/\">Eticheta CLP, etichetare \u00een practic\u0103<\/a><\/li>\n<li>Elaborarea fi\u0219elor cu date de securitate:\n<ul>\n<li><a href=\"https:\/\/www.msds-europe.com\/ro\/elaborarea-fds-introducere\/\">Partea 1: Introducere \u0219i fundament legislativ<\/a><\/li>\n<li><a href=\"https:\/\/www.msds-europe.com\/ro\/responsabilita%C8%9Bi-procesul-redactare-fds\/\">Partea 2: Responsabilit\u0103\u021bi \u0219i procesul de redactare a FDS<\/a><\/li>\n<li><a href=\"https:\/\/www.msds-europe.com\/ro\/elaborarea-fds-primele-8-sectiuni\/\">Partea 3: Primele 8 sec\u021biuni ale FDS, \u00een detaliu<\/a><\/li>\n<li><a href=\"https:\/\/www.msds-europe.com\/ro\/elaborarea-fds-9-16-sectiuni\/\">Partea 4: Urm\u0103toarele sec\u021biuni ale FDS (9\u201316)<\/a><\/li>\n<li><a href=\"https:\/\/www.msds-europe.com\/ro\/elaborarea-fds-bune-practici\/\">Partea 5: Cazuri speciale \u0219i bune practici<\/a><\/li>\n<\/ul>\n<\/li>\n<\/ul>\n<p>&nbsp;<\/p>\n","protected":false},"excerpt":{"rendered":"<p>Materiale de baz\u0103 utile pentru punerea \u00een practic\u0103 a obliga\u021biei de etichetare \u00een temeiul Regulamentului CLP.<\/p>\n","protected":false},"author":2,"featured_media":0,"parent":0,"menu_order":0,"comment_status":"closed","ping_status":"closed","template":"","meta":{"_acf_changed":false,"footnotes":""},"tags":[367,380],"class_list":["post-5769","page","type-page","status-publish","hentry","tag-fisa-cu-date-de-securitate","tag-fisa-cu-date-de-securitate-baza-de-cunostinte"],"acf":[],"yoast_head":"<!-- This site is optimized with the Yoast SEO plugin v27.2 - https:\/\/yoast.com\/product\/yoast-seo-wordpress\/ -->\n<title>Ce trebuie s\u0103 \u0219ti\u021bi despre pictogramele de pericol CLP<\/title>\n<meta name=\"description\" content=\"Pictograme CLP de pericol pentru imprimare \u2013 desc\u0103rca\u021bi gratuit simboluri conforme cu regulamentul CLP. - MSDS-Europe\" \/>\n<meta name=\"robots\" content=\"index, follow, max-snippet:-1, max-image-preview:large, max-video-preview:-1\" \/>\n<link rel=\"canonical\" href=\"https:\/\/www.msds-europe.com\/ro\/pictograma-de-pericol\/\" \/>\n<meta property=\"og:locale\" content=\"ro_RO\" \/>\n<meta property=\"og:type\" content=\"article\" \/>\n<meta property=\"og:title\" content=\"Ce trebuie s\u0103 \u0219ti\u021bi despre pictogramele de pericol CLP\" \/>\n<meta property=\"og:description\" content=\"Pictograme CLP de pericol pentru imprimare \u2013 desc\u0103rca\u021bi gratuit simboluri conforme cu regulamentul CLP. - MSDS-Europe\" \/>\n<meta property=\"og:url\" content=\"https:\/\/www.msds-europe.com\/ro\/pictograma-de-pericol\/\" \/>\n<meta property=\"og:site_name\" content=\"MSDS Europe\" \/>\n<meta property=\"article:publisher\" content=\"https:\/\/www.facebook.com\/toxinfokft\/\" \/>\n<meta property=\"article:modified_time\" content=\"2026-02-20T09:44:47+00:00\" \/>\n<meta name=\"twitter:card\" content=\"summary_large_image\" \/>\n<meta name=\"twitter:site\" content=\"@ToxInfoKft\" \/>\n<meta name=\"twitter:label1\" content=\"Timp estimat pentru citire\" \/>\n\t<meta name=\"twitter:data1\" content=\"2 minute\" \/>\n<script type=\"application\/ld+json\" class=\"yoast-schema-graph\">{\"@context\":\"https:\/\/schema.org\",\"@graph\":[{\"@type\":\"WebPage\",\"@id\":\"https:\/\/www.msds-europe.com\/ro\/pictograma-de-pericol\/\",\"url\":\"https:\/\/www.msds-europe.com\/ro\/pictograma-de-pericol\/\",\"name\":\"Ce trebuie s\u0103 \u0219ti\u021bi despre pictogramele de pericol CLP\",\"isPartOf\":{\"@id\":\"https:\/\/www.msds-europe.com\/es\/#website\"},\"datePublished\":\"2018-06-25T07:54:33+00:00\",\"dateModified\":\"2026-02-20T09:44:47+00:00\",\"description\":\"Pictograme CLP de pericol pentru imprimare \u2013 desc\u0103rca\u021bi gratuit simboluri conforme cu regulamentul CLP. - MSDS-Europe\",\"breadcrumb\":{\"@id\":\"https:\/\/www.msds-europe.com\/ro\/pictograma-de-pericol\/#breadcrumb\"},\"inLanguage\":\"ro-RO\",\"potentialAction\":[{\"@type\":\"ReadAction\",\"target\":[\"https:\/\/www.msds-europe.com\/ro\/pictograma-de-pericol\/\"]}]},{\"@type\":\"BreadcrumbList\",\"@id\":\"https:\/\/www.msds-europe.com\/ro\/pictograma-de-pericol\/#breadcrumb\",\"itemListElement\":[{\"@type\":\"ListItem\",\"position\":1,\"name\":\"F\u0151oldal\",\"item\":\"https:\/\/www.msds-europe.com\/ro\/\"},{\"@type\":\"ListItem\",\"position\":2,\"name\":\"Pictograma de pericol\"}]},{\"@type\":\"WebSite\",\"@id\":\"https:\/\/www.msds-europe.com\/es\/#website\",\"url\":\"https:\/\/www.msds-europe.com\/es\/\",\"name\":\"MSDS Europe\",\"description\":\"\",\"publisher\":{\"@id\":\"https:\/\/www.msds-europe.com\/es\/#organization\"},\"potentialAction\":[{\"@type\":\"SearchAction\",\"target\":{\"@type\":\"EntryPoint\",\"urlTemplate\":\"https:\/\/www.msds-europe.com\/es\/?s={search_term_string}\"},\"query-input\":{\"@type\":\"PropertyValueSpecification\",\"valueRequired\":true,\"valueName\":\"search_term_string\"}}],\"inLanguage\":\"ro-RO\"},{\"@type\":\"Organization\",\"@id\":\"https:\/\/www.msds-europe.com\/es\/#organization\",\"name\":\"MSDS-Europe International branch of ToxInfo\",\"url\":\"https:\/\/www.msds-europe.com\/es\/\",\"logo\":{\"@type\":\"ImageObject\",\"inLanguage\":\"ro-RO\",\"@id\":\"https:\/\/www.msds-europe.com\/es\/#\/schema\/logo\/image\/\",\"url\":\"https:\/\/www.msds-europe.com\/wp-content\/uploads\/2021\/04\/msds-europe-logo.jpg\",\"contentUrl\":\"https:\/\/www.msds-europe.com\/wp-content\/uploads\/2021\/04\/msds-europe-logo.jpg\",\"width\":2296,\"height\":1067,\"caption\":\"MSDS-Europe International branch of ToxInfo\"},\"image\":{\"@id\":\"https:\/\/www.msds-europe.com\/es\/#\/schema\/logo\/image\/\"},\"sameAs\":[\"https:\/\/www.facebook.com\/toxinfokft\/\",\"https:\/\/x.com\/ToxInfoKft\"]}]}<\/script>\n<!-- \/ Yoast SEO plugin. -->","yoast_head_json":{"title":"Ce trebuie s\u0103 \u0219ti\u021bi despre pictogramele de pericol CLP","description":"Pictograme CLP de pericol pentru imprimare \u2013 desc\u0103rca\u021bi gratuit simboluri conforme cu regulamentul CLP. - MSDS-Europe","robots":{"index":"index","follow":"follow","max-snippet":"max-snippet:-1","max-image-preview":"max-image-preview:large","max-video-preview":"max-video-preview:-1"},"canonical":"https:\/\/www.msds-europe.com\/ro\/pictograma-de-pericol\/","og_locale":"ro_RO","og_type":"article","og_title":"Ce trebuie s\u0103 \u0219ti\u021bi despre pictogramele de pericol CLP","og_description":"Pictograme CLP de pericol pentru imprimare \u2013 desc\u0103rca\u021bi gratuit simboluri conforme cu regulamentul CLP. - MSDS-Europe","og_url":"https:\/\/www.msds-europe.com\/ro\/pictograma-de-pericol\/","og_site_name":"MSDS Europe","article_publisher":"https:\/\/www.facebook.com\/toxinfokft\/","article_modified_time":"2026-02-20T09:44:47+00:00","twitter_card":"summary_large_image","twitter_site":"@ToxInfoKft","twitter_misc":{"Timp estimat pentru citire":"2 minute"},"schema":{"@context":"https:\/\/schema.org","@graph":[{"@type":"WebPage","@id":"https:\/\/www.msds-europe.com\/ro\/pictograma-de-pericol\/","url":"https:\/\/www.msds-europe.com\/ro\/pictograma-de-pericol\/","name":"Ce trebuie s\u0103 \u0219ti\u021bi despre pictogramele de pericol CLP","isPartOf":{"@id":"https:\/\/www.msds-europe.com\/es\/#website"},"datePublished":"2018-06-25T07:54:33+00:00","dateModified":"2026-02-20T09:44:47+00:00","description":"Pictograme CLP de pericol pentru imprimare \u2013 desc\u0103rca\u021bi gratuit simboluri conforme cu regulamentul CLP. - MSDS-Europe","breadcrumb":{"@id":"https:\/\/www.msds-europe.com\/ro\/pictograma-de-pericol\/#breadcrumb"},"inLanguage":"ro-RO","potentialAction":[{"@type":"ReadAction","target":["https:\/\/www.msds-europe.com\/ro\/pictograma-de-pericol\/"]}]},{"@type":"BreadcrumbList","@id":"https:\/\/www.msds-europe.com\/ro\/pictograma-de-pericol\/#breadcrumb","itemListElement":[{"@type":"ListItem","position":1,"name":"F\u0151oldal","item":"https:\/\/www.msds-europe.com\/ro\/"},{"@type":"ListItem","position":2,"name":"Pictograma de pericol"}]},{"@type":"WebSite","@id":"https:\/\/www.msds-europe.com\/es\/#website","url":"https:\/\/www.msds-europe.com\/es\/","name":"MSDS Europe","description":"","publisher":{"@id":"https:\/\/www.msds-europe.com\/es\/#organization"},"potentialAction":[{"@type":"SearchAction","target":{"@type":"EntryPoint","urlTemplate":"https:\/\/www.msds-europe.com\/es\/?s={search_term_string}"},"query-input":{"@type":"PropertyValueSpecification","valueRequired":true,"valueName":"search_term_string"}}],"inLanguage":"ro-RO"},{"@type":"Organization","@id":"https:\/\/www.msds-europe.com\/es\/#organization","name":"MSDS-Europe International branch of ToxInfo","url":"https:\/\/www.msds-europe.com\/es\/","logo":{"@type":"ImageObject","inLanguage":"ro-RO","@id":"https:\/\/www.msds-europe.com\/es\/#\/schema\/logo\/image\/","url":"https:\/\/www.msds-europe.com\/wp-content\/uploads\/2021\/04\/msds-europe-logo.jpg","contentUrl":"https:\/\/www.msds-europe.com\/wp-content\/uploads\/2021\/04\/msds-europe-logo.jpg","width":2296,"height":1067,"caption":"MSDS-Europe International branch of ToxInfo"},"image":{"@id":"https:\/\/www.msds-europe.com\/es\/#\/schema\/logo\/image\/"},"sameAs":["https:\/\/www.facebook.com\/toxinfokft\/","https:\/\/x.com\/ToxInfoKft"]}]}},"_links":{"self":[{"href":"https:\/\/www.msds-europe.com\/ro\/wp-json\/wp\/v2\/pages\/5769","targetHints":{"allow":["GET"]}}],"collection":[{"href":"https:\/\/www.msds-europe.com\/ro\/wp-json\/wp\/v2\/pages"}],"about":[{"href":"https:\/\/www.msds-europe.com\/ro\/wp-json\/wp\/v2\/types\/page"}],"author":[{"embeddable":true,"href":"https:\/\/www.msds-europe.com\/ro\/wp-json\/wp\/v2\/users\/2"}],"replies":[{"embeddable":true,"href":"https:\/\/www.msds-europe.com\/ro\/wp-json\/wp\/v2\/comments?post=5769"}],"version-history":[{"count":10,"href":"https:\/\/www.msds-europe.com\/ro\/wp-json\/wp\/v2\/pages\/5769\/revisions"}],"predecessor-version":[{"id":37272,"href":"https:\/\/www.msds-europe.com\/ro\/wp-json\/wp\/v2\/pages\/5769\/revisions\/37272"}],"wp:attachment":[{"href":"https:\/\/www.msds-europe.com\/ro\/wp-json\/wp\/v2\/media?parent=5769"}],"wp:term":[{"taxonomy":"post_tag","embeddable":true,"href":"https:\/\/www.msds-europe.com\/ro\/wp-json\/wp\/v2\/tags?post=5769"}],"curies":[{"name":"wp","href":"https:\/\/api.w.org\/{rel}","templated":true}]}}