{"id":5589,"date":"2018-06-21T13:03:18","date_gmt":"2018-06-21T13:03:18","guid":{"rendered":"http:\/\/www.msds-europe.com\/fisa-cu-date-de-securitate-servicii-expres-in-termen-de-24-de-ore\/"},"modified":"2026-02-18T14:27:33","modified_gmt":"2026-02-18T14:27:33","slug":"fisa-cu-date-de-securitate-servicii-expres","status":"publish","type":"page","link":"https:\/\/www.msds-europe.com\/ro\/fisa-cu-date-de-securitate-servicii-expres\/","title":{"rendered":"Fi\u0219a cu date de securitate servicii rapide \u00een termen de 72 de ore"},"content":{"rendered":"<p style=\"text-align: right;\"><em><a href=\"https:\/\/www.msds-europe.com\/ro\/\">MSDS-Europe<\/a> \u2013 Servicii expres pentru fi\u0219a cu date de securitate<\/em><\/p>\n<p>&nbsp;<\/p>\n<p style=\"text-align: justify;\">Serviciul nostru de traducere \u0219i revizuire a fi\u0219elor cu date de securitate \u2013 \u00een func\u021bie de cantitatea comandat\u0103 \u2013 este disponibil \u0219i \u00een regim expres, cu un termen de livrare de 72 de ore.<\/p>\n<p>&nbsp;<\/p>\n<h2 style=\"text-align: justify;\">Servicii expres disponibile \u00een leg\u0103tur\u0103 cu fi\u0219a cu date de securitate<\/h2>\n<ul>\n<li style=\"text-align: justify;\"><a href=\"https:\/\/www.msds-europe.com\/ro\/fisa-cu-date-de-securitate-traductie\/\">Traducerea fi\u0219ei cu date de securitate<\/a><\/li>\n<li style=\"text-align: justify;\"><a href=\"https:\/\/www.msds-europe.com\/ro\/revizuirea-actualizarea-fisei-cu-date-de-securitate\/\">Revizuirea \u0219i actualizarea fi\u0219ei cu date de securitate<\/a><\/li>\n<li style=\"text-align: justify;\"><a href=\"https:\/\/www.msds-europe.com\/ro\/intocmire-proiect-de-eticheta\/\">\u00centocmirea proiectului de etichet\u0103<\/a><\/li>\n<\/ul>\n<p>&nbsp;<\/p>\n<p style=\"text-align: justify;\">Pute\u021bi g\u0103si mai multe detalii despre serviciile noastre expres f\u0103c\u00e2nd clic pe unul dintre linkurile de mai sus sau contact\u00e2nd <a href=\"https:\/\/www.msds-europe.com\/ro\/serviciul-pentru-clienti\/\">Serviciul nostru pentru clien\u021bi<\/a> pentru informa\u021bii suplimentare.<\/p>\n<p style=\"text-align: right;\"><a href=\"https:\/\/www.msds-europe.com\/ro\/sds-cerinte-lingvistice\/\"><em>Limba fi\u0219ei cu date de securitate \u00een UE \u2013 \u00cen ce limb\u0103 este obligatorie FDS?<\/em><\/a><\/p>\n<p style=\"text-align: right;\"><a href=\"https:\/\/www.msds-europe.com\/ro\/clp-publicitate-online-2028\/\"><em>Noi reguli CLP pentru e-commerce: etichetare \u0219i publicitate<\/em><\/a><\/p>\n<p>&nbsp;<\/p>\n<h2 style=\"text-align: justify;\">Servicii expres pentru fi\u0219a cu date de securitate<\/h2>\n<p style=\"text-align: justify;\"><strong>Termen de livrare:<\/strong> 72 de ore.<\/p>\n<p style=\"text-align: justify;\"><em>Termenul standard de execu\u021bie pentru serviciile noastre legate de fi\u0219ele cu date de securitate este de 8\u201310 zile lucr\u0103toare.<\/em><\/p>\n<p>&nbsp;<\/p>\n<h3 style=\"text-align: justify;\">Procesare accelerat\u0103<\/h3>\n<p style=\"text-align: justify;\">Pentru o procesare eficient\u0103 \u00een cazuri urgente, contacta\u021bi <a href=\"https:\/\/www.msds-europe.com\/ro\/serviciul-pentru-clienti\/\">Serviciul nostru pentru clien\u021bi<\/a> prin telefon.<\/p>\n<p style=\"text-align: justify;\">Dac\u0103 utiliza\u021bi formularul de solicitare a ofertei, v\u0103 rug\u0103m s\u0103 ne anun\u021ba\u021bi c\u0103 ave\u021bi nevoie de un serviciu expres, men\u021bion\u00e2nd acest lucru \u00een c\u00e2mpul de comentarii.<\/p>\n<p>&nbsp;<\/p>\n<h3 style=\"text-align: justify;\">Garan\u021bie<\/h3>\n<p style=\"text-align: justify;\">Compania noastr\u0103 ofer\u0103 clien\u021bilor care solicit\u0103 servicii expres acelea\u0219i condi\u021bii de garan\u021bie ca \u00een cazul serviciilor cu termen standard de livrare. Pentru mai multe informa\u021bii despre garan\u021bie, v\u0103 rug\u0103m s\u0103 consulta\u021bi paginile serviciilor corespunz\u0103toare.<\/p>\n<p>&nbsp;<\/p>\n<h4><span style=\"color: #333333;\">Informa\u021bii utile<\/span><\/h4>\n<ul>\n<li><a title=\"Perioada de valabilitate a fi\u0219ei cu date de securitate\" href=\"https:\/\/www.msds-europe.com\/safety-data-sheet-validity-period\/\">Perioada de valabilitate a fi\u0219ei cu date de securitate<\/a><\/li>\n<li><a title=\"Procesul de lucru pentru \u00eentocmirea \u0219i traducerea unei fi\u0219e cu date de securitate\" href=\"https:\/\/www.msds-europe.com\/ro\/procesul-de-lucru-al-intocmirii-traducerii-unei-fise-cu-date-de-securitate\/\">Procesul de lucru pentru \u00eentocmirea \u0219i traducerea unei fi\u0219e cu date de securitate<\/a><\/li>\n<li><a title=\"Condi\u021biile \u00een care trebuie furnizat\u0103 o fi\u0219\u0103 cu date de securitate\" href=\"https:\/\/www.msds-europe.com\/ro\/cunostinte-fisa-cu-date-de-securitate\/\">Condi\u021biile \u00een care trebuie furnizat\u0103 o fi\u0219\u0103 cu date de securitate<\/a><\/li>\n<\/ul>\n<p>&nbsp;<\/p>\n","protected":false},"excerpt":{"rendered":"<p>Servicii rapide disponibile: traducerea sau revizuirea fi\u0219ei cu date de securitate \u0219i crearea unui proiect de etichet\u0103. \u00cen 72 ore. <\/p>\n","protected":false},"author":2,"featured_media":0,"parent":0,"menu_order":0,"comment_status":"closed","ping_status":"closed","template":"","meta":{"_acf_changed":false,"footnotes":""},"tags":[367,368],"class_list":["post-5589","page","type-page","status-publish","hentry","tag-fisa-cu-date-de-securitate","tag-servicii-fisa-cu-date-de-securitate"],"acf":[],"yoast_head":"<!-- This site is optimized with the Yoast SEO plugin v27.2 - https:\/\/yoast.com\/product\/yoast-seo-wordpress\/ -->\n<title>Fi\u0219a cu date de securitate servicii rapide \u00een termen de 72 de ore<\/title>\n<meta name=\"description\" content=\"Servicii rapide disponibile \u00een leg\u0103tur\u0103 cu traducerea sau revizuirea fi\u0219ei cu date de securitate \u0219i crearea unui proiect de etichet\u0103\" \/>\n<meta name=\"robots\" content=\"index, follow, max-snippet:-1, max-image-preview:large, max-video-preview:-1\" \/>\n<link rel=\"canonical\" href=\"https:\/\/www.msds-europe.com\/ro\/fisa-cu-date-de-securitate-servicii-expres\/\" \/>\n<meta property=\"og:locale\" content=\"ro_RO\" \/>\n<meta property=\"og:type\" content=\"article\" \/>\n<meta property=\"og:title\" content=\"Fi\u0219a cu date de securitate servicii rapide \u00een termen de 72 de ore\" \/>\n<meta property=\"og:description\" content=\"Servicii rapide disponibile \u00een leg\u0103tur\u0103 cu traducerea sau revizuirea fi\u0219ei cu date de securitate \u0219i crearea unui proiect de etichet\u0103\" \/>\n<meta property=\"og:url\" content=\"https:\/\/www.msds-europe.com\/ro\/fisa-cu-date-de-securitate-servicii-expres\/\" \/>\n<meta property=\"og:site_name\" content=\"MSDS Europe\" \/>\n<meta property=\"article:publisher\" content=\"https:\/\/www.facebook.com\/toxinfokft\/\" \/>\n<meta property=\"article:modified_time\" content=\"2026-02-18T14:27:33+00:00\" \/>\n<meta name=\"twitter:card\" content=\"summary_large_image\" \/>\n<meta name=\"twitter:site\" content=\"@ToxInfoKft\" \/>\n<meta name=\"twitter:label1\" content=\"Timp estimat pentru citire\" \/>\n\t<meta name=\"twitter:data1\" content=\"2 minute\" \/>\n<script type=\"application\/ld+json\" class=\"yoast-schema-graph\">{\"@context\":\"https:\/\/schema.org\",\"@graph\":[{\"@type\":\"WebPage\",\"@id\":\"https:\/\/www.msds-europe.com\/ro\/fisa-cu-date-de-securitate-servicii-expres\/\",\"url\":\"https:\/\/www.msds-europe.com\/ro\/fisa-cu-date-de-securitate-servicii-expres\/\",\"name\":\"Fi\u0219a cu date de securitate servicii rapide \u00een termen de 72 de ore\",\"isPartOf\":{\"@id\":\"https:\/\/www.msds-europe.com\/es\/#website\"},\"datePublished\":\"2018-06-21T13:03:18+00:00\",\"dateModified\":\"2026-02-18T14:27:33+00:00\",\"description\":\"Servicii rapide disponibile \u00een leg\u0103tur\u0103 cu traducerea sau revizuirea fi\u0219ei cu date de securitate \u0219i crearea unui proiect de etichet\u0103\",\"breadcrumb\":{\"@id\":\"https:\/\/www.msds-europe.com\/ro\/fisa-cu-date-de-securitate-servicii-expres\/#breadcrumb\"},\"inLanguage\":\"ro-RO\",\"potentialAction\":[{\"@type\":\"ReadAction\",\"target\":[\"https:\/\/www.msds-europe.com\/ro\/fisa-cu-date-de-securitate-servicii-expres\/\"]}]},{\"@type\":\"BreadcrumbList\",\"@id\":\"https:\/\/www.msds-europe.com\/ro\/fisa-cu-date-de-securitate-servicii-expres\/#breadcrumb\",\"itemListElement\":[{\"@type\":\"ListItem\",\"position\":1,\"name\":\"F\u0151oldal\",\"item\":\"https:\/\/www.msds-europe.com\/ro\/\"},{\"@type\":\"ListItem\",\"position\":2,\"name\":\"Fi\u0219a cu date de securitate servicii rapide \u00een termen de 72 de ore\"}]},{\"@type\":\"WebSite\",\"@id\":\"https:\/\/www.msds-europe.com\/es\/#website\",\"url\":\"https:\/\/www.msds-europe.com\/es\/\",\"name\":\"MSDS Europe\",\"description\":\"\",\"publisher\":{\"@id\":\"https:\/\/www.msds-europe.com\/es\/#organization\"},\"potentialAction\":[{\"@type\":\"SearchAction\",\"target\":{\"@type\":\"EntryPoint\",\"urlTemplate\":\"https:\/\/www.msds-europe.com\/es\/?s={search_term_string}\"},\"query-input\":{\"@type\":\"PropertyValueSpecification\",\"valueRequired\":true,\"valueName\":\"search_term_string\"}}],\"inLanguage\":\"ro-RO\"},{\"@type\":\"Organization\",\"@id\":\"https:\/\/www.msds-europe.com\/es\/#organization\",\"name\":\"MSDS-Europe International branch of ToxInfo\",\"url\":\"https:\/\/www.msds-europe.com\/es\/\",\"logo\":{\"@type\":\"ImageObject\",\"inLanguage\":\"ro-RO\",\"@id\":\"https:\/\/www.msds-europe.com\/es\/#\/schema\/logo\/image\/\",\"url\":\"https:\/\/www.msds-europe.com\/wp-content\/uploads\/2021\/04\/msds-europe-logo.jpg\",\"contentUrl\":\"https:\/\/www.msds-europe.com\/wp-content\/uploads\/2021\/04\/msds-europe-logo.jpg\",\"width\":2296,\"height\":1067,\"caption\":\"MSDS-Europe International branch of ToxInfo\"},\"image\":{\"@id\":\"https:\/\/www.msds-europe.com\/es\/#\/schema\/logo\/image\/\"},\"sameAs\":[\"https:\/\/www.facebook.com\/toxinfokft\/\",\"https:\/\/x.com\/ToxInfoKft\"]}]}<\/script>\n<!-- \/ Yoast SEO plugin. -->","yoast_head_json":{"title":"Fi\u0219a cu date de securitate servicii rapide \u00een termen de 72 de ore","description":"Servicii rapide disponibile \u00een leg\u0103tur\u0103 cu traducerea sau revizuirea fi\u0219ei cu date de securitate \u0219i crearea unui proiect de etichet\u0103","robots":{"index":"index","follow":"follow","max-snippet":"max-snippet:-1","max-image-preview":"max-image-preview:large","max-video-preview":"max-video-preview:-1"},"canonical":"https:\/\/www.msds-europe.com\/ro\/fisa-cu-date-de-securitate-servicii-expres\/","og_locale":"ro_RO","og_type":"article","og_title":"Fi\u0219a cu date de securitate servicii rapide \u00een termen de 72 de ore","og_description":"Servicii rapide disponibile \u00een leg\u0103tur\u0103 cu traducerea sau revizuirea fi\u0219ei cu date de securitate \u0219i crearea unui proiect de etichet\u0103","og_url":"https:\/\/www.msds-europe.com\/ro\/fisa-cu-date-de-securitate-servicii-expres\/","og_site_name":"MSDS Europe","article_publisher":"https:\/\/www.facebook.com\/toxinfokft\/","article_modified_time":"2026-02-18T14:27:33+00:00","twitter_card":"summary_large_image","twitter_site":"@ToxInfoKft","twitter_misc":{"Timp estimat pentru citire":"2 minute"},"schema":{"@context":"https:\/\/schema.org","@graph":[{"@type":"WebPage","@id":"https:\/\/www.msds-europe.com\/ro\/fisa-cu-date-de-securitate-servicii-expres\/","url":"https:\/\/www.msds-europe.com\/ro\/fisa-cu-date-de-securitate-servicii-expres\/","name":"Fi\u0219a cu date de securitate servicii rapide \u00een termen de 72 de ore","isPartOf":{"@id":"https:\/\/www.msds-europe.com\/es\/#website"},"datePublished":"2018-06-21T13:03:18+00:00","dateModified":"2026-02-18T14:27:33+00:00","description":"Servicii rapide disponibile \u00een leg\u0103tur\u0103 cu traducerea sau revizuirea fi\u0219ei cu date de securitate \u0219i crearea unui proiect de etichet\u0103","breadcrumb":{"@id":"https:\/\/www.msds-europe.com\/ro\/fisa-cu-date-de-securitate-servicii-expres\/#breadcrumb"},"inLanguage":"ro-RO","potentialAction":[{"@type":"ReadAction","target":["https:\/\/www.msds-europe.com\/ro\/fisa-cu-date-de-securitate-servicii-expres\/"]}]},{"@type":"BreadcrumbList","@id":"https:\/\/www.msds-europe.com\/ro\/fisa-cu-date-de-securitate-servicii-expres\/#breadcrumb","itemListElement":[{"@type":"ListItem","position":1,"name":"F\u0151oldal","item":"https:\/\/www.msds-europe.com\/ro\/"},{"@type":"ListItem","position":2,"name":"Fi\u0219a cu date de securitate servicii rapide \u00een termen de 72 de ore"}]},{"@type":"WebSite","@id":"https:\/\/www.msds-europe.com\/es\/#website","url":"https:\/\/www.msds-europe.com\/es\/","name":"MSDS Europe","description":"","publisher":{"@id":"https:\/\/www.msds-europe.com\/es\/#organization"},"potentialAction":[{"@type":"SearchAction","target":{"@type":"EntryPoint","urlTemplate":"https:\/\/www.msds-europe.com\/es\/?s={search_term_string}"},"query-input":{"@type":"PropertyValueSpecification","valueRequired":true,"valueName":"search_term_string"}}],"inLanguage":"ro-RO"},{"@type":"Organization","@id":"https:\/\/www.msds-europe.com\/es\/#organization","name":"MSDS-Europe International branch of ToxInfo","url":"https:\/\/www.msds-europe.com\/es\/","logo":{"@type":"ImageObject","inLanguage":"ro-RO","@id":"https:\/\/www.msds-europe.com\/es\/#\/schema\/logo\/image\/","url":"https:\/\/www.msds-europe.com\/wp-content\/uploads\/2021\/04\/msds-europe-logo.jpg","contentUrl":"https:\/\/www.msds-europe.com\/wp-content\/uploads\/2021\/04\/msds-europe-logo.jpg","width":2296,"height":1067,"caption":"MSDS-Europe International branch of ToxInfo"},"image":{"@id":"https:\/\/www.msds-europe.com\/es\/#\/schema\/logo\/image\/"},"sameAs":["https:\/\/www.facebook.com\/toxinfokft\/","https:\/\/x.com\/ToxInfoKft"]}]}},"_links":{"self":[{"href":"https:\/\/www.msds-europe.com\/ro\/wp-json\/wp\/v2\/pages\/5589","targetHints":{"allow":["GET"]}}],"collection":[{"href":"https:\/\/www.msds-europe.com\/ro\/wp-json\/wp\/v2\/pages"}],"about":[{"href":"https:\/\/www.msds-europe.com\/ro\/wp-json\/wp\/v2\/types\/page"}],"author":[{"embeddable":true,"href":"https:\/\/www.msds-europe.com\/ro\/wp-json\/wp\/v2\/users\/2"}],"replies":[{"embeddable":true,"href":"https:\/\/www.msds-europe.com\/ro\/wp-json\/wp\/v2\/comments?post=5589"}],"version-history":[{"count":9,"href":"https:\/\/www.msds-europe.com\/ro\/wp-json\/wp\/v2\/pages\/5589\/revisions"}],"predecessor-version":[{"id":37129,"href":"https:\/\/www.msds-europe.com\/ro\/wp-json\/wp\/v2\/pages\/5589\/revisions\/37129"}],"wp:attachment":[{"href":"https:\/\/www.msds-europe.com\/ro\/wp-json\/wp\/v2\/media?parent=5589"}],"wp:term":[{"taxonomy":"post_tag","embeddable":true,"href":"https:\/\/www.msds-europe.com\/ro\/wp-json\/wp\/v2\/tags?post=5589"}],"curies":[{"name":"wp","href":"https:\/\/api.w.org\/{rel}","templated":true}]}}