{"id":5441,"date":"2018-06-21T09:53:30","date_gmt":"2018-06-21T09:53:30","guid":{"rendered":"http:\/\/www.msds-europe.com\/intocmirea-fisei-cu-date-de-securitate-pentru-produse-cosmetice\/"},"modified":"2018-06-29T13:01:23","modified_gmt":"2018-06-29T13:01:23","slug":"intocmirea-fisei-cu-date-de-securitate-pentru-produse-cosmetice","status":"publish","type":"page","link":"https:\/\/www.msds-europe.com\/ro\/intocmirea-fisei-cu-date-de-securitate-pentru-produse-cosmetice\/","title":{"rendered":"\u00centocmirea fi\u0219ei cu date de securitate pentru produse cosmetice"},"content":{"rendered":"<p style=\"text-align: right;\"><em><a href=\"http:\/\/www.msds-europe.com\/ro\/servicii-legate-produse-cosmetice\/\">Servicii legate de produse cosmetice<\/a>\u00a0\u2013\u00a0\u00centocmirea fi\u0219ei cu date de securitate pentru produsele cosmetice<\/em><\/p>\n<p>&nbsp;<\/p>\n<p style=\"text-align: justify;\">\u00cen multe cazuri, clien\u021bii no\u0219tri ne-au contactat cu solicitarea de a crea o fi\u0219\u0103 cu date de securitate pentru produsele lor cosmetice.<\/p>\n<p style=\"text-align: justify;\">Desigur, clien\u021bii no\u0219tri au fost de asemenea con\u0219tien\u021bi de faptul men\u0163ionat de mai sus, \u0219i am atras aten\u021bia lor asupra faptului c\u0103 pentru produsele cosmetice direc\u021biile de reglementare a securit\u0103\u021bii chimice nu se aplic\u0103.<\/p>\n<p style=\"text-align: justify;\">Nu exist\u0103 o obliga\u021bie legal\u0103 pentru produsele cosmetice care s\u0103 impun\u0103 participan\u021bilor pe pia\u021b\u0103 obliga\u021bii privind realizarea, transferul sau \u00eentocmirea unei fi\u0219e cu date de securitate.<\/p>\n<p>&nbsp;<\/p>\n<h2 style=\"text-align: justify;\">Fi\u0219a cu date de securitate pentru produse cosmetice este recomandat pentru urm\u0103toarele cazuri<\/h2>\n<p style=\"text-align: justify;\">\u00cen timpul producerii, depozit\u0103rii, ambal\u0103rii sau transportului produselor cosmetice, pot ap\u0103rea pericole poten\u021biale pentru angaja\u021bi. O fi\u0219\u0103 cu date de securitate poate fi un \u201emijloc&#8221; excelent pentru transferul informa\u021biilor necesare privind condi\u0163iile de munc\u0103 sigure.<\/p>\n<p style=\"text-align: justify;\">Atunci c\u00e2nd se preg\u0103te\u0219te o fi\u0219\u0103 cu date de securitate pentru un produs cosmetic, acesta este tratat\u0103 \u00een acela\u0219i mod ca orice alt amestec.<\/p>\n<p style=\"text-align: justify;\">Lu\u0103m pe deplin \u00een considerare cerin\u021bele privind con\u021binutul \u0219i formatul \u0219i <a href=\"http:\/\/www.msds-europe.com\/ro\/securitatea-chimica-schimbari-reglementare\/\">legisla\u021bia relevant\u0103<\/a> legat\u0103 de fi\u0219ele cu date de securitate.<\/p>\n<p>&nbsp;<\/p>\n<h2 style=\"text-align: justify;\">Mai multe informa\u0163ii despre serviciile legate de \u00eentocmirea fi\u0219elor cu date de securitate<\/h2>\n<p style=\"text-align: justify;\">Descrierile serviciilor pe care le pute\u021bi g\u0103si \u00een sec\u021biunea \u201e<a href=\"http:\/\/www.msds-europe.com\/ro\/efisa-cu-date-de-securitate-elaborare-intocmire\/\">Servicii referitoare la fi\u0219a cu date de securitate<\/a>&#8221; se aplic\u0103 \u0219i \u00een cazul procedurilor utilizate pentru produsele cosmetice.<\/p>\n<p style=\"text-align: justify;\">\u00cen fiecare caz, indic\u0103m \u00een fi\u0219a cu date de securitate c\u0103, \u00een cazul produsului actual, nu este obligatoriu s\u0103 se furnizeze o fi\u0219\u0103 cu date de securitate pentru consumator, \u00een plus, datele publicate au doar un scop informativ.<\/p>\n<p>&nbsp;<\/p>\n<h2 style=\"text-align: justify;\">Cerere de cota\u021bie de pre\u021b referitor la \u00eentocmirea fi\u0219elor cu date de securitate<\/h2>\n<p style=\"text-align: justify;\"><a href=\"mailto:info@msds-europe.com\">R\u0103spundem la cererile de cota\u0163ie trimise prin e-mail<\/a> sau prin <a href=\"http:\/\/www.msds-europe.com\/ro\/cerere-cotatie-pentru-serviciile-privind-produsele-cosmetice\/\">formularul online<\/a> \u00een 24 de ore.<br \/>\n<a href=\"http:\/\/www.msds-europe.com\/ro\/serviciul-pentru-clienti\/\">Serviciul nostru pentru clien\u021bi<\/a> v\u0103 ajut\u0103 \u00een alegerea serviciului potrivit.<\/p>\n<p>&nbsp;<\/p>\n<h3 style=\"text-align: justify;\"><span style=\"color: #333333;\">Serviciile anexe de \u00eentocmirea fi\u0219elor cu date de securitate<\/span><\/h3>\n<ul>\n<li><a title=\"Serviciul de notificare CPNP\" href=\"http:\/\/www.msds-europe.com\/ro\/serviciul-de-notificare-cpnp\/\">Serviciul de notificare CPNP<\/a><\/li>\n<li><a title=\"Redactare, traducere de proiect de etichet\u0103 pentru produse cosmetice\" href=\"http:\/\/www.msds-europe.com\/ro\/redactare-traducere-de-proiect-de-eticheta-pentru-produse-cosmetice\/\">Redactare, traducere de proiect de etichet\u0103 pentru produse cosmetice<\/a><\/li>\n<\/ul>\n<p>&nbsp;<\/p>\n","protected":false},"excerpt":{"rendered":"<p>Serviciul nostru de \u00eentocmire a fi\u0219elor cu date de securitate, \u00een cazul produselor cosmetice este un serviciu op\u0163ional. Nu este obligatoriu \u00eentocmirea fi\u0219ei cu date de securitate pentru produsele cosmetice, dar \u00een multe cazuri documentul poate fi un mijloc adecvat de comunicare \u00een ceea ce prive\u0219te siguran\u021ba la locul de munc\u0103.<\/p>\n","protected":false},"author":2,"featured_media":0,"parent":0,"menu_order":0,"comment_status":"closed","ping_status":"closed","template":"","meta":{"_acf_changed":false,"footnotes":""},"tags":[366,367,375],"class_list":["post-5441","page","type-page","status-publish","hentry","tag-cosmetice","tag-fisa-cu-date-de-securitate","tag-servicii-legate-de-produse-cosmetice"],"acf":[],"yoast_head":"<!-- This site is optimized with the Yoast SEO plugin v27.2 - https:\/\/yoast.com\/product\/yoast-seo-wordpress\/ -->\n<title>\u00centocmirea fi\u0219ei cu date de securitate pentru produse cosmetice<\/title>\n<meta name=\"description\" content=\"Serviciul nostru de \u00eentocmire a fi\u0219elor cu date de securitate pentru produse cosmetice este un serviciu op\u021bional. Nu exist\u0103 o obliga\u021bie legal\u0103 pentru \u00eentocmirea fi\u0219ei cu date de securitate privind produsele cosmetice, dar \u00een unele cazuri, aceasta poate fi un document util.\" \/>\n<meta name=\"robots\" content=\"index, follow, max-snippet:-1, max-image-preview:large, max-video-preview:-1\" \/>\n<link rel=\"canonical\" href=\"https:\/\/www.msds-europe.com\/ro\/intocmirea-fisei-cu-date-de-securitate-pentru-produse-cosmetice\/\" \/>\n<meta property=\"og:locale\" content=\"ro_RO\" \/>\n<meta property=\"og:type\" content=\"article\" \/>\n<meta property=\"og:title\" content=\"\u00centocmirea fi\u0219ei cu date de securitate pentru produse cosmetice\" \/>\n<meta property=\"og:description\" content=\"Serviciul nostru de \u00eentocmire a fi\u0219elor cu date de securitate pentru produse cosmetice este un serviciu op\u021bional. Nu exist\u0103 o obliga\u021bie legal\u0103 pentru \u00eentocmirea fi\u0219ei cu date de securitate privind produsele cosmetice, dar \u00een unele cazuri, aceasta poate fi un document util.\" \/>\n<meta property=\"og:url\" content=\"https:\/\/www.msds-europe.com\/ro\/intocmirea-fisei-cu-date-de-securitate-pentru-produse-cosmetice\/\" \/>\n<meta property=\"og:site_name\" content=\"MSDS Europe\" \/>\n<meta property=\"article:publisher\" content=\"https:\/\/www.facebook.com\/toxinfokft\/\" \/>\n<meta property=\"article:modified_time\" content=\"2018-06-29T13:01:23+00:00\" \/>\n<meta name=\"twitter:card\" content=\"summary_large_image\" \/>\n<meta name=\"twitter:site\" content=\"@ToxInfoKft\" \/>\n<meta name=\"twitter:label1\" content=\"Timp estimat pentru citire\" \/>\n\t<meta name=\"twitter:data1\" content=\"2 minute\" \/>\n<script type=\"application\/ld+json\" class=\"yoast-schema-graph\">{\"@context\":\"https:\/\/schema.org\",\"@graph\":[{\"@type\":\"WebPage\",\"@id\":\"https:\/\/www.msds-europe.com\/ro\/intocmirea-fisei-cu-date-de-securitate-pentru-produse-cosmetice\/\",\"url\":\"https:\/\/www.msds-europe.com\/ro\/intocmirea-fisei-cu-date-de-securitate-pentru-produse-cosmetice\/\",\"name\":\"\u00centocmirea fi\u0219ei cu date de securitate pentru produse cosmetice\",\"isPartOf\":{\"@id\":\"https:\/\/www.msds-europe.com\/es\/#website\"},\"datePublished\":\"2018-06-21T09:53:30+00:00\",\"dateModified\":\"2018-06-29T13:01:23+00:00\",\"description\":\"Serviciul nostru de \u00eentocmire a fi\u0219elor cu date de securitate pentru produse cosmetice este un serviciu op\u021bional. Nu exist\u0103 o obliga\u021bie legal\u0103 pentru \u00eentocmirea fi\u0219ei cu date de securitate privind produsele cosmetice, dar \u00een unele cazuri, aceasta poate fi un document util.\",\"breadcrumb\":{\"@id\":\"https:\/\/www.msds-europe.com\/ro\/intocmirea-fisei-cu-date-de-securitate-pentru-produse-cosmetice\/#breadcrumb\"},\"inLanguage\":\"ro-RO\",\"potentialAction\":[{\"@type\":\"ReadAction\",\"target\":[\"https:\/\/www.msds-europe.com\/ro\/intocmirea-fisei-cu-date-de-securitate-pentru-produse-cosmetice\/\"]}]},{\"@type\":\"BreadcrumbList\",\"@id\":\"https:\/\/www.msds-europe.com\/ro\/intocmirea-fisei-cu-date-de-securitate-pentru-produse-cosmetice\/#breadcrumb\",\"itemListElement\":[{\"@type\":\"ListItem\",\"position\":1,\"name\":\"F\u0151oldal\",\"item\":\"https:\/\/www.msds-europe.com\/ro\/\"},{\"@type\":\"ListItem\",\"position\":2,\"name\":\"\u00centocmirea fi\u0219ei cu date de securitate pentru produse cosmetice\"}]},{\"@type\":\"WebSite\",\"@id\":\"https:\/\/www.msds-europe.com\/es\/#website\",\"url\":\"https:\/\/www.msds-europe.com\/es\/\",\"name\":\"MSDS Europe\",\"description\":\"\",\"publisher\":{\"@id\":\"https:\/\/www.msds-europe.com\/es\/#organization\"},\"potentialAction\":[{\"@type\":\"SearchAction\",\"target\":{\"@type\":\"EntryPoint\",\"urlTemplate\":\"https:\/\/www.msds-europe.com\/es\/?s={search_term_string}\"},\"query-input\":{\"@type\":\"PropertyValueSpecification\",\"valueRequired\":true,\"valueName\":\"search_term_string\"}}],\"inLanguage\":\"ro-RO\"},{\"@type\":\"Organization\",\"@id\":\"https:\/\/www.msds-europe.com\/es\/#organization\",\"name\":\"MSDS-Europe International branch of ToxInfo\",\"url\":\"https:\/\/www.msds-europe.com\/es\/\",\"logo\":{\"@type\":\"ImageObject\",\"inLanguage\":\"ro-RO\",\"@id\":\"https:\/\/www.msds-europe.com\/es\/#\/schema\/logo\/image\/\",\"url\":\"https:\/\/www.msds-europe.com\/wp-content\/uploads\/2021\/04\/msds-europe-logo.jpg\",\"contentUrl\":\"https:\/\/www.msds-europe.com\/wp-content\/uploads\/2021\/04\/msds-europe-logo.jpg\",\"width\":2296,\"height\":1067,\"caption\":\"MSDS-Europe International branch of ToxInfo\"},\"image\":{\"@id\":\"https:\/\/www.msds-europe.com\/es\/#\/schema\/logo\/image\/\"},\"sameAs\":[\"https:\/\/www.facebook.com\/toxinfokft\/\",\"https:\/\/x.com\/ToxInfoKft\"]}]}<\/script>\n<!-- \/ Yoast SEO plugin. -->","yoast_head_json":{"title":"\u00centocmirea fi\u0219ei cu date de securitate pentru produse cosmetice","description":"Serviciul nostru de \u00eentocmire a fi\u0219elor cu date de securitate pentru produse cosmetice este un serviciu op\u021bional. Nu exist\u0103 o obliga\u021bie legal\u0103 pentru \u00eentocmirea fi\u0219ei cu date de securitate privind produsele cosmetice, dar \u00een unele cazuri, aceasta poate fi un document util.","robots":{"index":"index","follow":"follow","max-snippet":"max-snippet:-1","max-image-preview":"max-image-preview:large","max-video-preview":"max-video-preview:-1"},"canonical":"https:\/\/www.msds-europe.com\/ro\/intocmirea-fisei-cu-date-de-securitate-pentru-produse-cosmetice\/","og_locale":"ro_RO","og_type":"article","og_title":"\u00centocmirea fi\u0219ei cu date de securitate pentru produse cosmetice","og_description":"Serviciul nostru de \u00eentocmire a fi\u0219elor cu date de securitate pentru produse cosmetice este un serviciu op\u021bional. Nu exist\u0103 o obliga\u021bie legal\u0103 pentru \u00eentocmirea fi\u0219ei cu date de securitate privind produsele cosmetice, dar \u00een unele cazuri, aceasta poate fi un document util.","og_url":"https:\/\/www.msds-europe.com\/ro\/intocmirea-fisei-cu-date-de-securitate-pentru-produse-cosmetice\/","og_site_name":"MSDS Europe","article_publisher":"https:\/\/www.facebook.com\/toxinfokft\/","article_modified_time":"2018-06-29T13:01:23+00:00","twitter_card":"summary_large_image","twitter_site":"@ToxInfoKft","twitter_misc":{"Timp estimat pentru citire":"2 minute"},"schema":{"@context":"https:\/\/schema.org","@graph":[{"@type":"WebPage","@id":"https:\/\/www.msds-europe.com\/ro\/intocmirea-fisei-cu-date-de-securitate-pentru-produse-cosmetice\/","url":"https:\/\/www.msds-europe.com\/ro\/intocmirea-fisei-cu-date-de-securitate-pentru-produse-cosmetice\/","name":"\u00centocmirea fi\u0219ei cu date de securitate pentru produse cosmetice","isPartOf":{"@id":"https:\/\/www.msds-europe.com\/es\/#website"},"datePublished":"2018-06-21T09:53:30+00:00","dateModified":"2018-06-29T13:01:23+00:00","description":"Serviciul nostru de \u00eentocmire a fi\u0219elor cu date de securitate pentru produse cosmetice este un serviciu op\u021bional. Nu exist\u0103 o obliga\u021bie legal\u0103 pentru \u00eentocmirea fi\u0219ei cu date de securitate privind produsele cosmetice, dar \u00een unele cazuri, aceasta poate fi un document util.","breadcrumb":{"@id":"https:\/\/www.msds-europe.com\/ro\/intocmirea-fisei-cu-date-de-securitate-pentru-produse-cosmetice\/#breadcrumb"},"inLanguage":"ro-RO","potentialAction":[{"@type":"ReadAction","target":["https:\/\/www.msds-europe.com\/ro\/intocmirea-fisei-cu-date-de-securitate-pentru-produse-cosmetice\/"]}]},{"@type":"BreadcrumbList","@id":"https:\/\/www.msds-europe.com\/ro\/intocmirea-fisei-cu-date-de-securitate-pentru-produse-cosmetice\/#breadcrumb","itemListElement":[{"@type":"ListItem","position":1,"name":"F\u0151oldal","item":"https:\/\/www.msds-europe.com\/ro\/"},{"@type":"ListItem","position":2,"name":"\u00centocmirea fi\u0219ei cu date de securitate pentru produse cosmetice"}]},{"@type":"WebSite","@id":"https:\/\/www.msds-europe.com\/es\/#website","url":"https:\/\/www.msds-europe.com\/es\/","name":"MSDS Europe","description":"","publisher":{"@id":"https:\/\/www.msds-europe.com\/es\/#organization"},"potentialAction":[{"@type":"SearchAction","target":{"@type":"EntryPoint","urlTemplate":"https:\/\/www.msds-europe.com\/es\/?s={search_term_string}"},"query-input":{"@type":"PropertyValueSpecification","valueRequired":true,"valueName":"search_term_string"}}],"inLanguage":"ro-RO"},{"@type":"Organization","@id":"https:\/\/www.msds-europe.com\/es\/#organization","name":"MSDS-Europe International branch of ToxInfo","url":"https:\/\/www.msds-europe.com\/es\/","logo":{"@type":"ImageObject","inLanguage":"ro-RO","@id":"https:\/\/www.msds-europe.com\/es\/#\/schema\/logo\/image\/","url":"https:\/\/www.msds-europe.com\/wp-content\/uploads\/2021\/04\/msds-europe-logo.jpg","contentUrl":"https:\/\/www.msds-europe.com\/wp-content\/uploads\/2021\/04\/msds-europe-logo.jpg","width":2296,"height":1067,"caption":"MSDS-Europe International branch of ToxInfo"},"image":{"@id":"https:\/\/www.msds-europe.com\/es\/#\/schema\/logo\/image\/"},"sameAs":["https:\/\/www.facebook.com\/toxinfokft\/","https:\/\/x.com\/ToxInfoKft"]}]}},"_links":{"self":[{"href":"https:\/\/www.msds-europe.com\/ro\/wp-json\/wp\/v2\/pages\/5441","targetHints":{"allow":["GET"]}}],"collection":[{"href":"https:\/\/www.msds-europe.com\/ro\/wp-json\/wp\/v2\/pages"}],"about":[{"href":"https:\/\/www.msds-europe.com\/ro\/wp-json\/wp\/v2\/types\/page"}],"author":[{"embeddable":true,"href":"https:\/\/www.msds-europe.com\/ro\/wp-json\/wp\/v2\/users\/2"}],"replies":[{"embeddable":true,"href":"https:\/\/www.msds-europe.com\/ro\/wp-json\/wp\/v2\/comments?post=5441"}],"version-history":[{"count":3,"href":"https:\/\/www.msds-europe.com\/ro\/wp-json\/wp\/v2\/pages\/5441\/revisions"}],"predecessor-version":[{"id":6781,"href":"https:\/\/www.msds-europe.com\/ro\/wp-json\/wp\/v2\/pages\/5441\/revisions\/6781"}],"wp:attachment":[{"href":"https:\/\/www.msds-europe.com\/ro\/wp-json\/wp\/v2\/media?parent=5441"}],"wp:term":[{"taxonomy":"post_tag","embeddable":true,"href":"https:\/\/www.msds-europe.com\/ro\/wp-json\/wp\/v2\/tags?post=5441"}],"curies":[{"name":"wp","href":"https:\/\/api.w.org\/{rel}","templated":true}]}}