{"id":5403,"date":"2018-06-21T09:27:40","date_gmt":"2018-06-21T09:27:40","guid":{"rendered":"http:\/\/www.msds-europe.com\/simbolurile-de-pericol\/"},"modified":"2026-02-20T11:33:21","modified_gmt":"2026-02-20T11:33:21","slug":"simbolurile-de-pericol","status":"publish","type":"page","link":"https:\/\/www.msds-europe.com\/ro\/simbolurile-de-pericol\/","title":{"rendered":"Simbolurile de pericol"},"content":{"rendered":"<p style=\"text-align: right;\"><em><a href=\"https:\/\/www.msds-europe.com\/ro\/cunostinte-fisa-cu-date-de-securitate\/\">Baza de cuno\u0219tin\u021be despre fi\u0219ele cu date de securitate<\/a> \u2013 Simbolurile de pericol<\/em><\/p>\n<p>&nbsp;<\/p>\n<h3>\u00cencep\u00e2nd cu 1 iunie 2017, simbolurile de pericol DSD\/DPD nu se mai utilizeaz\u0103.<\/h3>\n<p>&nbsp;<\/p>\n<div class=\"su-custom-gallery su-custom-gallery-align-left su-custom-gallery-title-always su-lightbox-gallery\"><div class=\"su-custom-gallery-slide\" style=\"width:200px;height:200px\"><a href=\"https:\/\/www.msds-europe.com\/wp-content\/uploads\/2018\/06\/C_Coroziv.jpg\" title=\"C_Coroziv\"><img decoding=\"async\" src=\"https:\/\/www.msds-europe.com\/wp-content\/uploads\/2018\/06\/C_Coroziv-200x200.jpg\" alt=\"C_Coroziv\" width=\"200\" height=\"200\" \/><span class=\"su-custom-gallery-title\">C_Coroziv<\/span><\/a><\/div><div class=\"su-custom-gallery-slide\" style=\"width:200px;height:200px\"><a href=\"https:\/\/www.msds-europe.com\/wp-content\/uploads\/2018\/06\/E_Exploziv.jpg\" title=\"E_Exploziv\"><img decoding=\"async\" src=\"https:\/\/www.msds-europe.com\/wp-content\/uploads\/2018\/06\/E_Exploziv-200x200.jpg\" alt=\"E_Exploziv\" width=\"200\" height=\"200\" \/><span class=\"su-custom-gallery-title\">E_Exploziv<\/span><\/a><\/div><div class=\"su-custom-gallery-slide\" style=\"width:200px;height:200px\"><a href=\"https:\/\/www.msds-europe.com\/wp-content\/uploads\/2018\/06\/F_Foarte-inflamabil.jpg\" title=\"F_Foarte inflamabil\"><img decoding=\"async\" src=\"https:\/\/www.msds-europe.com\/wp-content\/uploads\/2018\/06\/F_Foarte-inflamabil-200x200.jpg\" alt=\"F_Foarte inflamabil\" width=\"200\" height=\"200\" \/><span class=\"su-custom-gallery-title\">F_Foarte inflamabil<\/span><\/a><\/div><div class=\"su-custom-gallery-slide\" style=\"width:200px;height:200px\"><a href=\"https:\/\/www.msds-europe.com\/wp-content\/uploads\/2018\/06\/F_-Extrem-de-inflamabil.jpg\" title=\"F+_ Extrem de inflamabil\"><img decoding=\"async\" src=\"https:\/\/www.msds-europe.com\/wp-content\/uploads\/2018\/06\/F_-Extrem-de-inflamabil-200x200.jpg\" alt=\"F+_ Extrem de inflamabil\" width=\"200\" height=\"200\" \/><span class=\"su-custom-gallery-title\">F+_ Extrem de inflamabil<\/span><\/a><\/div><div class=\"su-custom-gallery-slide\" style=\"width:200px;height:200px\"><a href=\"https:\/\/www.msds-europe.com\/wp-content\/uploads\/2018\/06\/N_Periculos-pentru-mediu.jpg\" title=\"N_Periculos pentru mediu\"><img decoding=\"async\" src=\"https:\/\/www.msds-europe.com\/wp-content\/uploads\/2018\/06\/N_Periculos-pentru-mediu-200x200.jpg\" alt=\"N_Periculos pentru mediu\" width=\"200\" height=\"200\" \/><span class=\"su-custom-gallery-title\">N_Periculos pentru mediu<\/span><\/a><\/div><div class=\"su-custom-gallery-slide\" style=\"width:200px;height:200px\"><a href=\"https:\/\/www.msds-europe.com\/wp-content\/uploads\/2018\/06\/O_Oxidant.jpg\" title=\"O_Oxidant\"><img decoding=\"async\" src=\"https:\/\/www.msds-europe.com\/wp-content\/uploads\/2018\/06\/O_Oxidant-200x200.jpg\" alt=\"O_Oxidant\" width=\"200\" height=\"200\" \/><span class=\"su-custom-gallery-title\">O_Oxidant<\/span><\/a><\/div><div class=\"su-custom-gallery-slide\" style=\"width:200px;height:200px\"><a href=\"https:\/\/www.msds-europe.com\/wp-content\/uploads\/2018\/06\/T_Toxic-2.jpg\" title=\"T_Toxic\"><img decoding=\"async\" src=\"https:\/\/www.msds-europe.com\/wp-content\/uploads\/2018\/06\/T_Toxic-2-200x200.jpg\" alt=\"T_Toxic\" width=\"200\" height=\"200\" \/><span class=\"su-custom-gallery-title\">T_Toxic<\/span><\/a><\/div><div class=\"su-custom-gallery-slide\" style=\"width:200px;height:200px\"><a href=\"https:\/\/www.msds-europe.com\/wp-content\/uploads\/2018\/06\/T_Foarte-toxic.jpg\" title=\"T+_Foarte toxic\"><img decoding=\"async\" src=\"https:\/\/www.msds-europe.com\/wp-content\/uploads\/2018\/06\/T_Foarte-toxic-200x200.jpg\" alt=\"T+_Foarte toxic\" width=\"200\" height=\"200\" \/><span class=\"su-custom-gallery-title\">T+_Foarte toxic<\/span><\/a><\/div><div class=\"su-custom-gallery-slide\" style=\"width:200px;height:200px\"><a href=\"https:\/\/www.msds-europe.com\/wp-content\/uploads\/2018\/06\/Xi_Iritant.jpg\" title=\"Xi_Iritant\"><img decoding=\"async\" src=\"https:\/\/www.msds-europe.com\/wp-content\/uploads\/2018\/06\/Xi_Iritant-200x200.jpg\" alt=\"Xi_Iritant\" width=\"200\" height=\"200\" \/><span class=\"su-custom-gallery-title\">Xi_Iritant<\/span><\/a><\/div><div class=\"su-custom-gallery-slide\" style=\"width:200px;height:200px\"><a href=\"https:\/\/www.msds-europe.com\/wp-content\/uploads\/2018\/06\/Xn_Nociv.jpg\" title=\"Xn_Nociv\"><img decoding=\"async\" src=\"https:\/\/www.msds-europe.com\/wp-content\/uploads\/2018\/06\/Xn_Nociv-200x200.jpg\" alt=\"Xn_Nociv\" width=\"200\" height=\"200\" \/><span class=\"su-custom-gallery-title\">Xn_Nociv<\/span><\/a><\/div><div class=\"su-clear\"><\/div><\/div>\n<p>&nbsp;<\/p>\n<h3><span style=\"color: #333333;\">Serviciile oferite<\/span><\/h3>\n<ul>\n<li><a href=\"https:\/\/www.msds-europe.com\/ro\/efisa-cu-date-de-securitate-elaborare-intocmire\/\">Elaborarea \u0219i \u00eentocmirea unei fi\u0219e cu date de securitate<\/a><\/li>\n<li><a href=\"https:\/\/www.msds-europe.com\/ro\/intocmire-proiect-de-eticheta\/\">\u00centocmirea proiectului de etichet\u0103<\/a><\/li>\n<\/ul>\n<p>&nbsp;<\/p>\n<h3><span style=\"color: #333333;\">Articole recomandate<\/span><\/h3>\n<ul>\n<li><a href=\"https:\/\/www.msds-europe.com\/ro\/fraze-de-pericol-h\/\">Fraze de pericol H<\/a><\/li>\n<li><a href=\"https:\/\/www.msds-europe.com\/ro\/pictograma-de-pericol\/\">Pictograme de pericol<\/a><\/li>\n<li><a href=\"https:\/\/www.msds-europe.com\/ro\/fraze-de-precautie-p\/\">Fraze de precau\u021bie P<\/a><\/li>\n<li><a href=\"https:\/\/www.msds-europe.com\/safety-data-sheet-label-elements\/\">Elementele de etichetare ale fi\u0219ei cu date de securitate<\/a><\/li>\n<li><a href=\"https:\/\/www.msds-europe.com\/clp-labelling-in-practice\/\">Etichetarea CLP \u00een practic\u0103<\/a><\/li>\n<\/ul>\n<p>&nbsp;<\/p>\n<h3>\u00centreb\u0103ri frecvente \u0219i r\u0103spunsuri<\/h3>\n<div class=\"su-spoiler su-spoiler-style-fancy su-spoiler-icon-chevron su-spoiler-closed\" data-scroll-offset=\"0\" data-anchor-in-url=\"no\"><div class=\"su-spoiler-title\" tabindex=\"0\" role=\"button\"><span class=\"su-spoiler-icon\"><\/span>De ce simbolurile de pericol DSD\/DPD nu mai pot fi utilizate pe etichete \u0219i \u00een fi\u0219e cu date de securitate dup\u0103 1 iunie 2017?<\/div><div class=\"su-spoiler-content su-u-clearfix su-u-trim\">\n\u00cencep\u00e2nd cu aceast\u0103 dat\u0103 se pot utiliza doar pictogramele de pericol conforme cu Regulamentul CLP, astfel \u00eenc\u00e2t simbolurile anterioare \u0219i-au pierdut valabilitatea legal\u0103.<br \/>\n<\/div><\/div>\n<div class=\"su-spoiler su-spoiler-style-fancy su-spoiler-icon-chevron su-spoiler-closed\" data-scroll-offset=\"0\" data-anchor-in-url=\"no\"><div class=\"su-spoiler-title\" tabindex=\"0\" role=\"button\"><span class=\"su-spoiler-icon\"><\/span>Unde pot g\u0103si noile pictograme de pericol CLP acum c\u0103 vechile simboluri nu mai sunt permise?<\/div><div class=\"su-spoiler-content su-u-clearfix su-u-trim\">\nLe pute\u021bi desc\u0103rca din articolul nostru despre <a href=\"https:\/\/www.msds-europe.com\/ro\/pictograma-de-pericol\/\">pictogramele de pericol CLP<\/a>.<br \/>\n<\/div><\/div>\n","protected":false},"excerpt":{"rendered":"<p>Colec\u0163ia simbolurilor de pericol DPD (nu se aplic\u0103 de la 1 iunie 2017).<\/p>\n","protected":false},"author":2,"featured_media":0,"parent":0,"menu_order":0,"comment_status":"closed","ping_status":"closed","template":"","meta":{"_acf_changed":false,"footnotes":""},"tags":[367,380],"class_list":["post-5403","page","type-page","status-publish","hentry","tag-fisa-cu-date-de-securitate","tag-fisa-cu-date-de-securitate-baza-de-cunostinte"],"acf":[],"yoast_head":"<!-- This site is optimized with the Yoast SEO plugin v27.2 - https:\/\/yoast.com\/product\/yoast-seo-wordpress\/ -->\n<title>Simbolurile de pericol. Desc\u0103rca\u0163i simbolurile de pericol.<\/title>\n<meta name=\"description\" content=\"De la 1 iunie 2017, \u00een conformitate cu ordonan\u021ba regulamentului CLP, simbolurile de pericol DPD nu se utilizeaz\u0103 pe etichete.\" \/>\n<meta name=\"robots\" content=\"index, follow, max-snippet:-1, max-image-preview:large, max-video-preview:-1\" \/>\n<link rel=\"canonical\" href=\"https:\/\/www.msds-europe.com\/ro\/simbolurile-de-pericol\/\" \/>\n<meta property=\"og:locale\" content=\"ro_RO\" \/>\n<meta property=\"og:type\" content=\"article\" \/>\n<meta property=\"og:title\" content=\"Simbolurile de pericol. Desc\u0103rca\u0163i simbolurile de pericol.\" \/>\n<meta property=\"og:description\" content=\"De la 1 iunie 2017, \u00een conformitate cu ordonan\u021ba regulamentului CLP, simbolurile de pericol DPD nu se utilizeaz\u0103 pe etichete.\" \/>\n<meta property=\"og:url\" content=\"https:\/\/www.msds-europe.com\/ro\/simbolurile-de-pericol\/\" \/>\n<meta property=\"og:site_name\" content=\"MSDS Europe\" \/>\n<meta property=\"article:publisher\" content=\"https:\/\/www.facebook.com\/toxinfokft\/\" \/>\n<meta property=\"article:modified_time\" content=\"2026-02-20T11:33:21+00:00\" \/>\n<meta name=\"twitter:card\" content=\"summary_large_image\" \/>\n<meta name=\"twitter:site\" content=\"@ToxInfoKft\" \/>\n<meta name=\"twitter:label1\" content=\"Timp estimat pentru citire\" \/>\n\t<meta name=\"twitter:data1\" content=\"1 minut\" \/>\n<script type=\"application\/ld+json\" class=\"yoast-schema-graph\">{\"@context\":\"https:\/\/schema.org\",\"@graph\":[{\"@type\":\"WebPage\",\"@id\":\"https:\/\/www.msds-europe.com\/ro\/simbolurile-de-pericol\/\",\"url\":\"https:\/\/www.msds-europe.com\/ro\/simbolurile-de-pericol\/\",\"name\":\"Simbolurile de pericol. Desc\u0103rca\u0163i simbolurile de pericol.\",\"isPartOf\":{\"@id\":\"https:\/\/www.msds-europe.com\/es\/#website\"},\"datePublished\":\"2018-06-21T09:27:40+00:00\",\"dateModified\":\"2026-02-20T11:33:21+00:00\",\"description\":\"De la 1 iunie 2017, \u00een conformitate cu ordonan\u021ba regulamentului CLP, simbolurile de pericol DPD nu se utilizeaz\u0103 pe etichete.\",\"breadcrumb\":{\"@id\":\"https:\/\/www.msds-europe.com\/ro\/simbolurile-de-pericol\/#breadcrumb\"},\"inLanguage\":\"ro-RO\",\"potentialAction\":[{\"@type\":\"ReadAction\",\"target\":[\"https:\/\/www.msds-europe.com\/ro\/simbolurile-de-pericol\/\"]}]},{\"@type\":\"BreadcrumbList\",\"@id\":\"https:\/\/www.msds-europe.com\/ro\/simbolurile-de-pericol\/#breadcrumb\",\"itemListElement\":[{\"@type\":\"ListItem\",\"position\":1,\"name\":\"F\u0151oldal\",\"item\":\"https:\/\/www.msds-europe.com\/ro\/\"},{\"@type\":\"ListItem\",\"position\":2,\"name\":\"Simbolurile de pericol\"}]},{\"@type\":\"WebSite\",\"@id\":\"https:\/\/www.msds-europe.com\/es\/#website\",\"url\":\"https:\/\/www.msds-europe.com\/es\/\",\"name\":\"MSDS Europe\",\"description\":\"\",\"publisher\":{\"@id\":\"https:\/\/www.msds-europe.com\/es\/#organization\"},\"potentialAction\":[{\"@type\":\"SearchAction\",\"target\":{\"@type\":\"EntryPoint\",\"urlTemplate\":\"https:\/\/www.msds-europe.com\/es\/?s={search_term_string}\"},\"query-input\":{\"@type\":\"PropertyValueSpecification\",\"valueRequired\":true,\"valueName\":\"search_term_string\"}}],\"inLanguage\":\"ro-RO\"},{\"@type\":\"Organization\",\"@id\":\"https:\/\/www.msds-europe.com\/es\/#organization\",\"name\":\"MSDS-Europe International branch of ToxInfo\",\"url\":\"https:\/\/www.msds-europe.com\/es\/\",\"logo\":{\"@type\":\"ImageObject\",\"inLanguage\":\"ro-RO\",\"@id\":\"https:\/\/www.msds-europe.com\/es\/#\/schema\/logo\/image\/\",\"url\":\"https:\/\/www.msds-europe.com\/wp-content\/uploads\/2021\/04\/msds-europe-logo.jpg\",\"contentUrl\":\"https:\/\/www.msds-europe.com\/wp-content\/uploads\/2021\/04\/msds-europe-logo.jpg\",\"width\":2296,\"height\":1067,\"caption\":\"MSDS-Europe International branch of ToxInfo\"},\"image\":{\"@id\":\"https:\/\/www.msds-europe.com\/es\/#\/schema\/logo\/image\/\"},\"sameAs\":[\"https:\/\/www.facebook.com\/toxinfokft\/\",\"https:\/\/x.com\/ToxInfoKft\"]}]}<\/script>\n<!-- \/ Yoast SEO plugin. -->","yoast_head_json":{"title":"Simbolurile de pericol. Desc\u0103rca\u0163i simbolurile de pericol.","description":"De la 1 iunie 2017, \u00een conformitate cu ordonan\u021ba regulamentului CLP, simbolurile de pericol DPD nu se utilizeaz\u0103 pe etichete.","robots":{"index":"index","follow":"follow","max-snippet":"max-snippet:-1","max-image-preview":"max-image-preview:large","max-video-preview":"max-video-preview:-1"},"canonical":"https:\/\/www.msds-europe.com\/ro\/simbolurile-de-pericol\/","og_locale":"ro_RO","og_type":"article","og_title":"Simbolurile de pericol. Desc\u0103rca\u0163i simbolurile de pericol.","og_description":"De la 1 iunie 2017, \u00een conformitate cu ordonan\u021ba regulamentului CLP, simbolurile de pericol DPD nu se utilizeaz\u0103 pe etichete.","og_url":"https:\/\/www.msds-europe.com\/ro\/simbolurile-de-pericol\/","og_site_name":"MSDS Europe","article_publisher":"https:\/\/www.facebook.com\/toxinfokft\/","article_modified_time":"2026-02-20T11:33:21+00:00","twitter_card":"summary_large_image","twitter_site":"@ToxInfoKft","twitter_misc":{"Timp estimat pentru citire":"1 minut"},"schema":{"@context":"https:\/\/schema.org","@graph":[{"@type":"WebPage","@id":"https:\/\/www.msds-europe.com\/ro\/simbolurile-de-pericol\/","url":"https:\/\/www.msds-europe.com\/ro\/simbolurile-de-pericol\/","name":"Simbolurile de pericol. Desc\u0103rca\u0163i simbolurile de pericol.","isPartOf":{"@id":"https:\/\/www.msds-europe.com\/es\/#website"},"datePublished":"2018-06-21T09:27:40+00:00","dateModified":"2026-02-20T11:33:21+00:00","description":"De la 1 iunie 2017, \u00een conformitate cu ordonan\u021ba regulamentului CLP, simbolurile de pericol DPD nu se utilizeaz\u0103 pe etichete.","breadcrumb":{"@id":"https:\/\/www.msds-europe.com\/ro\/simbolurile-de-pericol\/#breadcrumb"},"inLanguage":"ro-RO","potentialAction":[{"@type":"ReadAction","target":["https:\/\/www.msds-europe.com\/ro\/simbolurile-de-pericol\/"]}]},{"@type":"BreadcrumbList","@id":"https:\/\/www.msds-europe.com\/ro\/simbolurile-de-pericol\/#breadcrumb","itemListElement":[{"@type":"ListItem","position":1,"name":"F\u0151oldal","item":"https:\/\/www.msds-europe.com\/ro\/"},{"@type":"ListItem","position":2,"name":"Simbolurile de pericol"}]},{"@type":"WebSite","@id":"https:\/\/www.msds-europe.com\/es\/#website","url":"https:\/\/www.msds-europe.com\/es\/","name":"MSDS Europe","description":"","publisher":{"@id":"https:\/\/www.msds-europe.com\/es\/#organization"},"potentialAction":[{"@type":"SearchAction","target":{"@type":"EntryPoint","urlTemplate":"https:\/\/www.msds-europe.com\/es\/?s={search_term_string}"},"query-input":{"@type":"PropertyValueSpecification","valueRequired":true,"valueName":"search_term_string"}}],"inLanguage":"ro-RO"},{"@type":"Organization","@id":"https:\/\/www.msds-europe.com\/es\/#organization","name":"MSDS-Europe International branch of ToxInfo","url":"https:\/\/www.msds-europe.com\/es\/","logo":{"@type":"ImageObject","inLanguage":"ro-RO","@id":"https:\/\/www.msds-europe.com\/es\/#\/schema\/logo\/image\/","url":"https:\/\/www.msds-europe.com\/wp-content\/uploads\/2021\/04\/msds-europe-logo.jpg","contentUrl":"https:\/\/www.msds-europe.com\/wp-content\/uploads\/2021\/04\/msds-europe-logo.jpg","width":2296,"height":1067,"caption":"MSDS-Europe International branch of ToxInfo"},"image":{"@id":"https:\/\/www.msds-europe.com\/es\/#\/schema\/logo\/image\/"},"sameAs":["https:\/\/www.facebook.com\/toxinfokft\/","https:\/\/x.com\/ToxInfoKft"]}]}},"_links":{"self":[{"href":"https:\/\/www.msds-europe.com\/ro\/wp-json\/wp\/v2\/pages\/5403","targetHints":{"allow":["GET"]}}],"collection":[{"href":"https:\/\/www.msds-europe.com\/ro\/wp-json\/wp\/v2\/pages"}],"about":[{"href":"https:\/\/www.msds-europe.com\/ro\/wp-json\/wp\/v2\/types\/page"}],"author":[{"embeddable":true,"href":"https:\/\/www.msds-europe.com\/ro\/wp-json\/wp\/v2\/users\/2"}],"replies":[{"embeddable":true,"href":"https:\/\/www.msds-europe.com\/ro\/wp-json\/wp\/v2\/comments?post=5403"}],"version-history":[{"count":6,"href":"https:\/\/www.msds-europe.com\/ro\/wp-json\/wp\/v2\/pages\/5403\/revisions"}],"predecessor-version":[{"id":37316,"href":"https:\/\/www.msds-europe.com\/ro\/wp-json\/wp\/v2\/pages\/5403\/revisions\/37316"}],"wp:attachment":[{"href":"https:\/\/www.msds-europe.com\/ro\/wp-json\/wp\/v2\/media?parent=5403"}],"wp:term":[{"taxonomy":"post_tag","embeddable":true,"href":"https:\/\/www.msds-europe.com\/ro\/wp-json\/wp\/v2\/tags?post=5403"}],"curies":[{"name":"wp","href":"https:\/\/api.w.org\/{rel}","templated":true}]}}