{"id":5365,"date":"2018-06-21T08:55:12","date_gmt":"2018-06-21T08:55:12","guid":{"rendered":"http:\/\/www.msds-europe.com\/redactare-traducere-de-proiect-de-eticheta-pentru-produse-cosmetice\/"},"modified":"2018-07-04T13:28:09","modified_gmt":"2018-07-04T13:28:09","slug":"redactare-traducere-de-proiect-de-eticheta-pentru-produse-cosmetice","status":"publish","type":"page","link":"https:\/\/www.msds-europe.com\/ro\/redactare-traducere-de-proiect-de-eticheta-pentru-produse-cosmetice\/","title":{"rendered":"Redactare, traducere de proiect de etichet\u0103 pentru produse cosmetice"},"content":{"rendered":"<p style=\"text-align: right;\"><em><a href=\"http:\/\/www.msds-europe.com\/ro\/servicii-legate-produse-cosmetice\/\">Servicii legate de produse cosmetice<\/a>\u00a0\u2013\u00a0Redactare, traducere de proiect de etichet\u0103 pentru produse cosmetice<\/em><\/p>\n<p>&nbsp;<\/p>\n<p style=\"text-align: justify;\">Redactarea, traducerea proiectelor de etichet\u0103 pentru produse cosmetice \u00een conformitate cu reglement\u0103rile relevante \u00een toate limbile UE.<\/p>\n<p>&nbsp;<\/p>\n<h2 style=\"text-align: justify;\">\u00centocmirea unui proiect de etichet\u0103 pentru persoanele responsabile<\/h2>\n<p style=\"text-align: justify;\">\u00centocmirea proiectelor de etichet\u0103 pentru produsele cosmetice, \u00een conformitate cu <strong>articolul 19 din Regulamentul (CE) nr. 1223\/2009.<\/strong><\/p>\n<p>&nbsp;<\/p>\n<h2 style=\"text-align: justify;\">Traducerea proiectului de etichet\u0103 pentru distribuitori<\/h2>\n<p style=\"text-align: justify;\">Traducerea etichetelor produselor cosmetice \u00een limba maghiar\u0103 \u0219i <strong>\u00een urm\u0103toarele limbi:<\/strong><\/p>\n<p style=\"text-align: justify;\"><em>Englez\u0103, ceh\u0103, finlandez\u0103, francez\u0103, olandez\u0103, croat\u0103, chinez\u0103, norvegian\u0103, german\u0103, italian\u0103, rus\u0103, portughez\u0103, rom\u00e2n\u0103, spaniol\u0103, s\u00e2rb\u0103, slovac\u0103, sloven\u0103, turc\u0103, ucrainean\u0103, polonez\u0103, suedez\u0103<\/em><\/p>\n<p>&nbsp;<\/p>\n<h2 style=\"text-align: justify;\">Cerere de cota\u0163ie pentru \u00eentocmirea, traducerea proiectului de etichet\u0103<\/h2>\n<p style=\"text-align: justify;\"><a href=\"mailto:info@msds-europe.com\">R\u0103spundem la cererile de cota\u0163ie trimise prin e-mail<\/a> sau prin <a href=\"http:\/\/www.msds-europe.com\/ro\/cerere-cotatie-pentru-serviciile-privind-produsele-cosmetice\/\">formularul online<\/a> \u00een 24 de ore.<br \/>\n<a href=\"http:\/\/www.msds-europe.com\/ro\/serviciul-pentru-clienti\/\">Serviciul nostru pentru clien\u021bi<\/a> v\u0103 ajut\u0103 \u00een alegerea serviciului potrivit.<\/p>\n<p>&nbsp;<\/p>\n<h3 style=\"text-align: justify;\"><span style=\"color: #333333;\">Material profesional interesant \u0219i util referitor la \u00eentocmirea proiectului de etichet\u0103<\/span><\/h3>\n<ul>\n<li><a title=\"Responsabilit\u0103\u021bile persoanei responsabile\" href=\"http:\/\/www.msds-europe.com\/ro\/responsabilitatile-persoanei-responsabile\/\">Responsabilit\u0103\u021bile persoanei responsabile<\/a><\/li>\n<li><a title=\"Obliga\u021biile distribuitorilor produselor cosmetice\" href=\"http:\/\/www.msds-europe.com\/ro\/obligatiile-distribuitorilor-produselor-cosmetice\/\">Obliga\u021biile distribuitorilor produselor cosmetice<\/a><\/li>\n<\/ul>\n<p>&nbsp;<\/p>\n<h3 style=\"text-align: justify;\"><span style=\"color: #333333;\">Servicii anexe recomandate \u00eempreun\u0103 cu redactarea, traducerea unui proiect de etichet\u0103 pentru produsele cosmetice<\/span><\/h3>\n<p style=\"text-align: justify;\">\n<ul>\n<li><a title=\"Serviciul de notificare CPNP\" href=\"http:\/\/www.msds-europe.com\/ro\/serviciul-de-notificare-cpnp\/\">Serviciul de notificare CPNP<\/a><\/li>\n<li><a title=\"\u00eentocmirea evalu\u0103rii siguran\u0163ei pentru cosmetice\" href=\"http:\/\/www.msds-europe.com\/ro\/intocmirea-evaluarii-sigurantei-pentru-cosmetice\/\">\u00eentocmirea evalu\u0103rii siguran\u0163ei pentru cosmetice<\/a><\/li>\n<\/ul>\n<p>&nbsp;<\/p>\n<p>&nbsp;<\/p>\n","protected":false},"excerpt":{"rendered":"<p>Redactare, traducere de proiect de etichet\u0103 pentru produse cosmetice \u00een conformitate cu reglement\u0103rile relevante.<\/p>\n","protected":false},"author":2,"featured_media":0,"parent":0,"menu_order":0,"comment_status":"closed","ping_status":"closed","template":"","meta":{"_acf_changed":false,"footnotes":""},"tags":[366,375],"class_list":["post-5365","page","type-page","status-publish","hentry","tag-cosmetice","tag-servicii-legate-de-produse-cosmetice"],"acf":[],"yoast_head":"<!-- This site is optimized with the Yoast SEO plugin v27.2 - https:\/\/yoast.com\/product\/yoast-seo-wordpress\/ -->\n<title>Redactare, traducere de proiect de etichet\u0103 pentru cosmetice, produse cosmetice<\/title>\n<meta name=\"description\" content=\"Redactare, traducere de proiect de etichet\u0103 pentru produse cosmetice \u00een conformitate cu reglement\u0103rile relevante. Traducem proiectele de etichet\u0103 pentru produse cosmetice \u00een toate limbile oficiale ale Uniunii Europene.\" \/>\n<meta name=\"robots\" content=\"index, follow, max-snippet:-1, max-image-preview:large, max-video-preview:-1\" \/>\n<link rel=\"canonical\" href=\"https:\/\/www.msds-europe.com\/ro\/redactare-traducere-de-proiect-de-eticheta-pentru-produse-cosmetice\/\" \/>\n<meta property=\"og:locale\" content=\"ro_RO\" \/>\n<meta property=\"og:type\" content=\"article\" \/>\n<meta property=\"og:title\" content=\"Redactare, traducere de proiect de etichet\u0103 pentru cosmetice, produse cosmetice\" \/>\n<meta property=\"og:description\" content=\"Redactare, traducere de proiect de etichet\u0103 pentru produse cosmetice \u00een conformitate cu reglement\u0103rile relevante. Traducem proiectele de etichet\u0103 pentru produse cosmetice \u00een toate limbile oficiale ale Uniunii Europene.\" \/>\n<meta property=\"og:url\" content=\"https:\/\/www.msds-europe.com\/ro\/redactare-traducere-de-proiect-de-eticheta-pentru-produse-cosmetice\/\" \/>\n<meta property=\"og:site_name\" content=\"MSDS Europe\" \/>\n<meta property=\"article:publisher\" content=\"https:\/\/www.facebook.com\/toxinfokft\/\" \/>\n<meta property=\"article:modified_time\" content=\"2018-07-04T13:28:09+00:00\" \/>\n<meta name=\"twitter:card\" content=\"summary_large_image\" \/>\n<meta name=\"twitter:site\" content=\"@ToxInfoKft\" \/>\n<meta name=\"twitter:label1\" content=\"Timp estimat pentru citire\" \/>\n\t<meta name=\"twitter:data1\" content=\"1 minut\" \/>\n<script type=\"application\/ld+json\" class=\"yoast-schema-graph\">{\"@context\":\"https:\/\/schema.org\",\"@graph\":[{\"@type\":\"WebPage\",\"@id\":\"https:\/\/www.msds-europe.com\/ro\/redactare-traducere-de-proiect-de-eticheta-pentru-produse-cosmetice\/\",\"url\":\"https:\/\/www.msds-europe.com\/ro\/redactare-traducere-de-proiect-de-eticheta-pentru-produse-cosmetice\/\",\"name\":\"Redactare, traducere de proiect de etichet\u0103 pentru cosmetice, produse cosmetice\",\"isPartOf\":{\"@id\":\"https:\/\/www.msds-europe.com\/es\/#website\"},\"datePublished\":\"2018-06-21T08:55:12+00:00\",\"dateModified\":\"2018-07-04T13:28:09+00:00\",\"description\":\"Redactare, traducere de proiect de etichet\u0103 pentru produse cosmetice \u00een conformitate cu reglement\u0103rile relevante. Traducem proiectele de etichet\u0103 pentru produse cosmetice \u00een toate limbile oficiale ale Uniunii Europene.\",\"breadcrumb\":{\"@id\":\"https:\/\/www.msds-europe.com\/ro\/redactare-traducere-de-proiect-de-eticheta-pentru-produse-cosmetice\/#breadcrumb\"},\"inLanguage\":\"ro-RO\",\"potentialAction\":[{\"@type\":\"ReadAction\",\"target\":[\"https:\/\/www.msds-europe.com\/ro\/redactare-traducere-de-proiect-de-eticheta-pentru-produse-cosmetice\/\"]}]},{\"@type\":\"BreadcrumbList\",\"@id\":\"https:\/\/www.msds-europe.com\/ro\/redactare-traducere-de-proiect-de-eticheta-pentru-produse-cosmetice\/#breadcrumb\",\"itemListElement\":[{\"@type\":\"ListItem\",\"position\":1,\"name\":\"F\u0151oldal\",\"item\":\"https:\/\/www.msds-europe.com\/ro\/\"},{\"@type\":\"ListItem\",\"position\":2,\"name\":\"Redactare, traducere de proiect de etichet\u0103 pentru produse cosmetice\"}]},{\"@type\":\"WebSite\",\"@id\":\"https:\/\/www.msds-europe.com\/es\/#website\",\"url\":\"https:\/\/www.msds-europe.com\/es\/\",\"name\":\"MSDS Europe\",\"description\":\"\",\"publisher\":{\"@id\":\"https:\/\/www.msds-europe.com\/es\/#organization\"},\"potentialAction\":[{\"@type\":\"SearchAction\",\"target\":{\"@type\":\"EntryPoint\",\"urlTemplate\":\"https:\/\/www.msds-europe.com\/es\/?s={search_term_string}\"},\"query-input\":{\"@type\":\"PropertyValueSpecification\",\"valueRequired\":true,\"valueName\":\"search_term_string\"}}],\"inLanguage\":\"ro-RO\"},{\"@type\":\"Organization\",\"@id\":\"https:\/\/www.msds-europe.com\/es\/#organization\",\"name\":\"MSDS-Europe International branch of ToxInfo\",\"url\":\"https:\/\/www.msds-europe.com\/es\/\",\"logo\":{\"@type\":\"ImageObject\",\"inLanguage\":\"ro-RO\",\"@id\":\"https:\/\/www.msds-europe.com\/es\/#\/schema\/logo\/image\/\",\"url\":\"https:\/\/www.msds-europe.com\/wp-content\/uploads\/2021\/04\/msds-europe-logo.jpg\",\"contentUrl\":\"https:\/\/www.msds-europe.com\/wp-content\/uploads\/2021\/04\/msds-europe-logo.jpg\",\"width\":2296,\"height\":1067,\"caption\":\"MSDS-Europe International branch of ToxInfo\"},\"image\":{\"@id\":\"https:\/\/www.msds-europe.com\/es\/#\/schema\/logo\/image\/\"},\"sameAs\":[\"https:\/\/www.facebook.com\/toxinfokft\/\",\"https:\/\/x.com\/ToxInfoKft\"]}]}<\/script>\n<!-- \/ Yoast SEO plugin. -->","yoast_head_json":{"title":"Redactare, traducere de proiect de etichet\u0103 pentru cosmetice, produse cosmetice","description":"Redactare, traducere de proiect de etichet\u0103 pentru produse cosmetice \u00een conformitate cu reglement\u0103rile relevante. Traducem proiectele de etichet\u0103 pentru produse cosmetice \u00een toate limbile oficiale ale Uniunii Europene.","robots":{"index":"index","follow":"follow","max-snippet":"max-snippet:-1","max-image-preview":"max-image-preview:large","max-video-preview":"max-video-preview:-1"},"canonical":"https:\/\/www.msds-europe.com\/ro\/redactare-traducere-de-proiect-de-eticheta-pentru-produse-cosmetice\/","og_locale":"ro_RO","og_type":"article","og_title":"Redactare, traducere de proiect de etichet\u0103 pentru cosmetice, produse cosmetice","og_description":"Redactare, traducere de proiect de etichet\u0103 pentru produse cosmetice \u00een conformitate cu reglement\u0103rile relevante. Traducem proiectele de etichet\u0103 pentru produse cosmetice \u00een toate limbile oficiale ale Uniunii Europene.","og_url":"https:\/\/www.msds-europe.com\/ro\/redactare-traducere-de-proiect-de-eticheta-pentru-produse-cosmetice\/","og_site_name":"MSDS Europe","article_publisher":"https:\/\/www.facebook.com\/toxinfokft\/","article_modified_time":"2018-07-04T13:28:09+00:00","twitter_card":"summary_large_image","twitter_site":"@ToxInfoKft","twitter_misc":{"Timp estimat pentru citire":"1 minut"},"schema":{"@context":"https:\/\/schema.org","@graph":[{"@type":"WebPage","@id":"https:\/\/www.msds-europe.com\/ro\/redactare-traducere-de-proiect-de-eticheta-pentru-produse-cosmetice\/","url":"https:\/\/www.msds-europe.com\/ro\/redactare-traducere-de-proiect-de-eticheta-pentru-produse-cosmetice\/","name":"Redactare, traducere de proiect de etichet\u0103 pentru cosmetice, produse cosmetice","isPartOf":{"@id":"https:\/\/www.msds-europe.com\/es\/#website"},"datePublished":"2018-06-21T08:55:12+00:00","dateModified":"2018-07-04T13:28:09+00:00","description":"Redactare, traducere de proiect de etichet\u0103 pentru produse cosmetice \u00een conformitate cu reglement\u0103rile relevante. Traducem proiectele de etichet\u0103 pentru produse cosmetice \u00een toate limbile oficiale ale Uniunii Europene.","breadcrumb":{"@id":"https:\/\/www.msds-europe.com\/ro\/redactare-traducere-de-proiect-de-eticheta-pentru-produse-cosmetice\/#breadcrumb"},"inLanguage":"ro-RO","potentialAction":[{"@type":"ReadAction","target":["https:\/\/www.msds-europe.com\/ro\/redactare-traducere-de-proiect-de-eticheta-pentru-produse-cosmetice\/"]}]},{"@type":"BreadcrumbList","@id":"https:\/\/www.msds-europe.com\/ro\/redactare-traducere-de-proiect-de-eticheta-pentru-produse-cosmetice\/#breadcrumb","itemListElement":[{"@type":"ListItem","position":1,"name":"F\u0151oldal","item":"https:\/\/www.msds-europe.com\/ro\/"},{"@type":"ListItem","position":2,"name":"Redactare, traducere de proiect de etichet\u0103 pentru produse cosmetice"}]},{"@type":"WebSite","@id":"https:\/\/www.msds-europe.com\/es\/#website","url":"https:\/\/www.msds-europe.com\/es\/","name":"MSDS Europe","description":"","publisher":{"@id":"https:\/\/www.msds-europe.com\/es\/#organization"},"potentialAction":[{"@type":"SearchAction","target":{"@type":"EntryPoint","urlTemplate":"https:\/\/www.msds-europe.com\/es\/?s={search_term_string}"},"query-input":{"@type":"PropertyValueSpecification","valueRequired":true,"valueName":"search_term_string"}}],"inLanguage":"ro-RO"},{"@type":"Organization","@id":"https:\/\/www.msds-europe.com\/es\/#organization","name":"MSDS-Europe International branch of ToxInfo","url":"https:\/\/www.msds-europe.com\/es\/","logo":{"@type":"ImageObject","inLanguage":"ro-RO","@id":"https:\/\/www.msds-europe.com\/es\/#\/schema\/logo\/image\/","url":"https:\/\/www.msds-europe.com\/wp-content\/uploads\/2021\/04\/msds-europe-logo.jpg","contentUrl":"https:\/\/www.msds-europe.com\/wp-content\/uploads\/2021\/04\/msds-europe-logo.jpg","width":2296,"height":1067,"caption":"MSDS-Europe International branch of ToxInfo"},"image":{"@id":"https:\/\/www.msds-europe.com\/es\/#\/schema\/logo\/image\/"},"sameAs":["https:\/\/www.facebook.com\/toxinfokft\/","https:\/\/x.com\/ToxInfoKft"]}]}},"_links":{"self":[{"href":"https:\/\/www.msds-europe.com\/ro\/wp-json\/wp\/v2\/pages\/5365","targetHints":{"allow":["GET"]}}],"collection":[{"href":"https:\/\/www.msds-europe.com\/ro\/wp-json\/wp\/v2\/pages"}],"about":[{"href":"https:\/\/www.msds-europe.com\/ro\/wp-json\/wp\/v2\/types\/page"}],"author":[{"embeddable":true,"href":"https:\/\/www.msds-europe.com\/ro\/wp-json\/wp\/v2\/users\/2"}],"replies":[{"embeddable":true,"href":"https:\/\/www.msds-europe.com\/ro\/wp-json\/wp\/v2\/comments?post=5365"}],"version-history":[{"count":4,"href":"https:\/\/www.msds-europe.com\/ro\/wp-json\/wp\/v2\/pages\/5365\/revisions"}],"predecessor-version":[{"id":7359,"href":"https:\/\/www.msds-europe.com\/ro\/wp-json\/wp\/v2\/pages\/5365\/revisions\/7359"}],"wp:attachment":[{"href":"https:\/\/www.msds-europe.com\/ro\/wp-json\/wp\/v2\/media?parent=5365"}],"wp:term":[{"taxonomy":"post_tag","embeddable":true,"href":"https:\/\/www.msds-europe.com\/ro\/wp-json\/wp\/v2\/tags?post=5365"}],"curies":[{"name":"wp","href":"https:\/\/api.w.org\/{rel}","templated":true}]}}