{"id":5319,"date":"2018-06-21T07:51:14","date_gmt":"2018-06-21T07:51:14","guid":{"rendered":"http:\/\/www.msds-europe.com\/consultare-online-gratuita\/"},"modified":"2019-01-02T11:02:00","modified_gmt":"2019-01-02T11:02:00","slug":"consultare-online-gratuita","status":"publish","type":"page","link":"https:\/\/www.msds-europe.com\/ro\/consultare-online-gratuita\/","title":{"rendered":"Consultare online gratuit\u0103"},"content":{"rendered":"<p style=\"text-align: right;\"><em><a href=\"http:\/\/www.msds-europe.com\/ro\/\">MSDS-Europe<\/a> \u2013 Consultare Online<\/em><\/p>\n<h2><span style=\"color: #333333;\">Adresa\u021bi-v\u0103 expertului nostru \u00een domeniul securit\u0103\u021bii chimice!<\/span><\/h2>\n<p>Pute\u021bi adresa \u00eentreb\u0103ri legate de securitatea chimic\u0103 (fi\u0219a cu date de securitate, REACH, GHS \/ CLP) <a href=\"http:\/\/www.msds-europe.com\/ro\/consultare-online-gratuita\/\">direct exper\u021bilor no\u0219tri<\/a> (serviciu gratuit).<\/p>\n<p><em>Timp de r\u0103spuns mediu:<strong> 24 de ore.<\/strong><\/em><\/p>\n\n<div class=\"wpcf7 no-js\" id=\"wpcf7-f6229-o1\" lang=\"hu-HU\" dir=\"ltr\" data-wpcf7-id=\"6229\">\n<div class=\"screen-reader-response\"><p role=\"status\" aria-live=\"polite\" aria-atomic=\"true\"><\/p> <ul><\/ul><\/div>\n<form action=\"\/ro\/wp-json\/wp\/v2\/pages\/5319#wpcf7-f6229-o1\" method=\"post\" class=\"wpcf7-form init\" aria-label=\"Kapcsolatfelv\u00e9teli \u0171rlap\" novalidate=\"novalidate\" data-status=\"init\">\n<fieldset class=\"hidden-fields-container\"><input type=\"hidden\" name=\"_wpcf7\" value=\"6229\" \/><input type=\"hidden\" name=\"_wpcf7_version\" value=\"6.1.5\" \/><input type=\"hidden\" name=\"_wpcf7_locale\" value=\"hu_HU\" \/><input type=\"hidden\" name=\"_wpcf7_unit_tag\" value=\"wpcf7-f6229-o1\" \/><input type=\"hidden\" name=\"_wpcf7_container_post\" value=\"0\" \/><input type=\"hidden\" name=\"_wpcf7_posted_data_hash\" value=\"\" \/><input type=\"hidden\" name=\"_wpcf7_recaptcha_response\" value=\"\" \/>\n<\/fieldset>\n<div class=\"arajanlatkeres_form onlineinfo_form\">\n\t<div class=\"row contact_row\">\n\t\t<div class=\"col-sm-5 col-sm-offset-1\">\n\t\t\t<p><label>Numele persoanei de contact<\/label>\n\t\t\t<\/p>\n\t\t<\/div>\n\t\t<div class=\"col-sm-5\">\n\t\t\t<p><span class=\"wpcf7-form-control-wrap\" data-name=\"your-name\"><input size=\"40\" maxlength=\"400\" class=\"wpcf7-form-control wpcf7-text wpcf7-validates-as-required\" aria-required=\"true\" aria-invalid=\"false\" value=\"\" type=\"text\" name=\"your-name\" \/><\/span>\n\t\t\t<\/p>\n\t\t<\/div>\n\t<\/div>\n\t<div class=\"row contact_row\">\n\t\t<div class=\"col-sm-5 col-sm-offset-1\">\n\t\t\t<p><label>Numele companiei<\/label>\n\t\t\t<\/p>\n\t\t<\/div>\n\t\t<div class=\"col-sm-5\">\n\t\t\t<p><span class=\"wpcf7-form-control-wrap\" data-name=\"company-name\"><input size=\"40\" maxlength=\"400\" class=\"wpcf7-form-control wpcf7-text wpcf7-validates-as-required\" aria-required=\"true\" aria-invalid=\"false\" value=\"\" type=\"text\" name=\"company-name\" \/><\/span>\n\t\t\t<\/p>\n\t\t<\/div>\n\t<\/div>\n\t<div class=\"row contact_row\">\n\t\t<div class=\"col-sm-5 col-sm-offset-1\">\n\t\t\t<p><label>Adresa companiei<\/label>\n\t\t\t<\/p>\n\t\t<\/div>\n\t\t<div class=\"col-sm-5\">\n\t\t\t<p><span class=\"wpcf7-form-control-wrap\" data-name=\"company-address\"><input size=\"40\" maxlength=\"400\" class=\"wpcf7-form-control wpcf7-text wpcf7-validates-as-required\" aria-required=\"true\" aria-invalid=\"false\" value=\"\" type=\"text\" name=\"company-address\" \/><\/span>\n\t\t\t<\/p>\n\t\t<\/div>\n\t<\/div>\n\t<div class=\"row contact_row\">\n\t\t<div class=\"col-sm-5 col-sm-offset-1\">\n\t\t\t<p><label>Num\u0103r de telefon<\/label>\n\t\t\t<\/p>\n\t\t<\/div>\n\t\t<div class=\"col-sm-5\">\n\t\t\t<p><span class=\"wpcf7-form-control-wrap\" data-name=\"company-phone\"><input size=\"40\" maxlength=\"400\" class=\"wpcf7-form-control wpcf7-text wpcf7-validates-as-required\" aria-required=\"true\" aria-invalid=\"false\" value=\"\" type=\"text\" name=\"company-phone\" \/><\/span>\n\t\t\t<\/p>\n\t\t<\/div>\n\t<\/div>\n\t<div class=\"row contact_row\">\n\t\t<div class=\"col-sm-5 col-sm-offset-1\">\n\t\t\t<p><label>Adresa e-mail<\/label>\n\t\t\t<\/p>\n\t\t<\/div>\n\t\t<div class=\"col-sm-5\">\n\t\t\t<p><span class=\"wpcf7-form-control-wrap\" data-name=\"your-email\"><input size=\"40\" maxlength=\"400\" class=\"wpcf7-form-control wpcf7-email wpcf7-validates-as-required wpcf7-text wpcf7-validates-as-email\" aria-required=\"true\" aria-invalid=\"false\" value=\"\" type=\"email\" name=\"your-email\" \/><\/span>\n\t\t\t<\/p>\n\t\t<\/div>\n\t<\/div>\n\t<div class=\"row contact_row\">\n\t\t<div class=\"col-sm-5 col-sm-offset-1\">\n\t\t\t<p><label>\u00centreb\u0103ri adresate exper\u021bilor no\u0219tri<\/label>\n\t\t\t<\/p>\n\t\t<\/div>\n\t\t<div class=\"col-sm-5\">\n\t\t\t<p><span class=\"wpcf7-form-control-wrap\" data-name=\"your-message\"><textarea cols=\"40\" rows=\"10\" maxlength=\"2000\" class=\"wpcf7-form-control wpcf7-textarea\" aria-invalid=\"false\" name=\"your-message\"><\/textarea><\/span>\n\t\t\t<\/p>\n\t\t<\/div>\n\t<\/div>\n\t<div class=\"row contact_row policy_row\">\n\t\t<div class=\"col-sm-10 col-sm-offset-1\">\n\t\t\t<p><span class=\"wpcf7-form-control-wrap\" data-name=\"policy\"><span class=\"wpcf7-form-control wpcf7-acceptance\"><span class=\"wpcf7-list-item\"><label><input type=\"checkbox\" name=\"policy\" value=\"1\" aria-invalid=\"false\" \/><span class=\"wpcf7-list-item-label\">Sunt de acord cu <a href=\"http:\/\/www.msds-europe.com\/privacy-policy\/\" target=\"_blank\" title=\"Politica de confiden\u021bialitate\">Politica de confiden\u021bialitate<\/a>.<\/span><\/label><\/span><\/span><\/span>\n\t\t\t<\/p>\n\t\t<\/div>\n\t<\/div>\n\t<div class=\"row contact_row\">\n\t\t<div class=\"col-sm-10 col-sm-offset-1 text-right\">\n\t\t\t<p><input class=\"wpcf7-form-control wpcf7-submit has-spinner\" type=\"submit\" value=\"Trimite\" \/>\n\t\t\t<\/p>\n\t\t<\/div>\n\t<\/div>\n<\/div><div class=\"wpcf7-response-output\" aria-hidden=\"true\"><\/div>\n<\/form>\n<\/div>\n\n","protected":false},"excerpt":{"rendered":"<p>Pute\u021bi adresa \u00eentreb\u0103ri legate de securitatea chimic\u0103 direct exper\u021bilor no\u0219tri.  Timp de r\u0103spuns mediu: 24 ore. Serviciu gratuit<\/p>\n","protected":false},"author":2,"featured_media":0,"parent":0,"menu_order":0,"comment_status":"closed","ping_status":"closed","template":"","meta":{"_acf_changed":false,"footnotes":""},"class_list":["post-5319","page","type-page","status-publish","hentry"],"acf":[],"yoast_head":"<!-- This site is optimized with the Yoast SEO plugin v27.2 - https:\/\/yoast.com\/product\/yoast-seo-wordpress\/ -->\n<title>Consultare online cu exper\u021bi \u00een domeniul securit\u0103\u021bii chimice<\/title>\n<meta name=\"description\" content=\"Consultare online gratuit\u0103 Vom r\u0103spunde la \u00eentreb\u0103rile dvs. privind securitatea chimic\u0103 \u00een 24 de ore. Adresa\u021bi-v\u0103 expertului nostru \u00een domeniul securit\u0103\u021bii chimice!\" \/>\n<meta name=\"robots\" content=\"index, follow, max-snippet:-1, max-image-preview:large, max-video-preview:-1\" \/>\n<link rel=\"canonical\" href=\"https:\/\/www.msds-europe.com\/ro\/consultare-online-gratuita\/\" \/>\n<meta property=\"og:locale\" content=\"ro_RO\" \/>\n<meta property=\"og:type\" content=\"article\" \/>\n<meta property=\"og:title\" content=\"Consultare online cu exper\u021bi \u00een domeniul securit\u0103\u021bii chimice\" \/>\n<meta property=\"og:description\" content=\"Consultare online gratuit\u0103 Vom r\u0103spunde la \u00eentreb\u0103rile dvs. privind securitatea chimic\u0103 \u00een 24 de ore. Adresa\u021bi-v\u0103 expertului nostru \u00een domeniul securit\u0103\u021bii chimice!\" \/>\n<meta property=\"og:url\" content=\"https:\/\/www.msds-europe.com\/ro\/consultare-online-gratuita\/\" \/>\n<meta property=\"og:site_name\" content=\"MSDS Europe\" \/>\n<meta property=\"article:publisher\" content=\"https:\/\/www.facebook.com\/toxinfokft\/\" \/>\n<meta property=\"article:modified_time\" content=\"2019-01-02T11:02:00+00:00\" \/>\n<meta name=\"twitter:card\" content=\"summary_large_image\" \/>\n<meta name=\"twitter:site\" content=\"@ToxInfoKft\" \/>\n<script type=\"application\/ld+json\" class=\"yoast-schema-graph\">{\"@context\":\"https:\/\/schema.org\",\"@graph\":[{\"@type\":\"WebPage\",\"@id\":\"https:\/\/www.msds-europe.com\/ro\/consultare-online-gratuita\/\",\"url\":\"https:\/\/www.msds-europe.com\/ro\/consultare-online-gratuita\/\",\"name\":\"Consultare online cu exper\u021bi \u00een domeniul securit\u0103\u021bii chimice\",\"isPartOf\":{\"@id\":\"https:\/\/www.msds-europe.com\/es\/#website\"},\"datePublished\":\"2018-06-21T07:51:14+00:00\",\"dateModified\":\"2019-01-02T11:02:00+00:00\",\"description\":\"Consultare online gratuit\u0103 Vom r\u0103spunde la \u00eentreb\u0103rile dvs. privind securitatea chimic\u0103 \u00een 24 de ore. Adresa\u021bi-v\u0103 expertului nostru \u00een domeniul securit\u0103\u021bii chimice!\",\"breadcrumb\":{\"@id\":\"https:\/\/www.msds-europe.com\/ro\/consultare-online-gratuita\/#breadcrumb\"},\"inLanguage\":\"ro-RO\",\"potentialAction\":[{\"@type\":\"ReadAction\",\"target\":[\"https:\/\/www.msds-europe.com\/ro\/consultare-online-gratuita\/\"]}]},{\"@type\":\"BreadcrumbList\",\"@id\":\"https:\/\/www.msds-europe.com\/ro\/consultare-online-gratuita\/#breadcrumb\",\"itemListElement\":[{\"@type\":\"ListItem\",\"position\":1,\"name\":\"F\u0151oldal\",\"item\":\"https:\/\/www.msds-europe.com\/ro\/\"},{\"@type\":\"ListItem\",\"position\":2,\"name\":\"Consultare online gratuit\u0103\"}]},{\"@type\":\"WebSite\",\"@id\":\"https:\/\/www.msds-europe.com\/es\/#website\",\"url\":\"https:\/\/www.msds-europe.com\/es\/\",\"name\":\"MSDS Europe\",\"description\":\"\",\"publisher\":{\"@id\":\"https:\/\/www.msds-europe.com\/es\/#organization\"},\"potentialAction\":[{\"@type\":\"SearchAction\",\"target\":{\"@type\":\"EntryPoint\",\"urlTemplate\":\"https:\/\/www.msds-europe.com\/es\/?s={search_term_string}\"},\"query-input\":{\"@type\":\"PropertyValueSpecification\",\"valueRequired\":true,\"valueName\":\"search_term_string\"}}],\"inLanguage\":\"ro-RO\"},{\"@type\":\"Organization\",\"@id\":\"https:\/\/www.msds-europe.com\/es\/#organization\",\"name\":\"MSDS-Europe International branch of ToxInfo\",\"url\":\"https:\/\/www.msds-europe.com\/es\/\",\"logo\":{\"@type\":\"ImageObject\",\"inLanguage\":\"ro-RO\",\"@id\":\"https:\/\/www.msds-europe.com\/es\/#\/schema\/logo\/image\/\",\"url\":\"https:\/\/www.msds-europe.com\/wp-content\/uploads\/2021\/04\/msds-europe-logo.jpg\",\"contentUrl\":\"https:\/\/www.msds-europe.com\/wp-content\/uploads\/2021\/04\/msds-europe-logo.jpg\",\"width\":2296,\"height\":1067,\"caption\":\"MSDS-Europe International branch of ToxInfo\"},\"image\":{\"@id\":\"https:\/\/www.msds-europe.com\/es\/#\/schema\/logo\/image\/\"},\"sameAs\":[\"https:\/\/www.facebook.com\/toxinfokft\/\",\"https:\/\/x.com\/ToxInfoKft\"]}]}<\/script>\n<!-- \/ Yoast SEO plugin. -->","yoast_head_json":{"title":"Consultare online cu exper\u021bi \u00een domeniul securit\u0103\u021bii chimice","description":"Consultare online gratuit\u0103 Vom r\u0103spunde la \u00eentreb\u0103rile dvs. privind securitatea chimic\u0103 \u00een 24 de ore. Adresa\u021bi-v\u0103 expertului nostru \u00een domeniul securit\u0103\u021bii chimice!","robots":{"index":"index","follow":"follow","max-snippet":"max-snippet:-1","max-image-preview":"max-image-preview:large","max-video-preview":"max-video-preview:-1"},"canonical":"https:\/\/www.msds-europe.com\/ro\/consultare-online-gratuita\/","og_locale":"ro_RO","og_type":"article","og_title":"Consultare online cu exper\u021bi \u00een domeniul securit\u0103\u021bii chimice","og_description":"Consultare online gratuit\u0103 Vom r\u0103spunde la \u00eentreb\u0103rile dvs. privind securitatea chimic\u0103 \u00een 24 de ore. Adresa\u021bi-v\u0103 expertului nostru \u00een domeniul securit\u0103\u021bii chimice!","og_url":"https:\/\/www.msds-europe.com\/ro\/consultare-online-gratuita\/","og_site_name":"MSDS Europe","article_publisher":"https:\/\/www.facebook.com\/toxinfokft\/","article_modified_time":"2019-01-02T11:02:00+00:00","twitter_card":"summary_large_image","twitter_site":"@ToxInfoKft","schema":{"@context":"https:\/\/schema.org","@graph":[{"@type":"WebPage","@id":"https:\/\/www.msds-europe.com\/ro\/consultare-online-gratuita\/","url":"https:\/\/www.msds-europe.com\/ro\/consultare-online-gratuita\/","name":"Consultare online cu exper\u021bi \u00een domeniul securit\u0103\u021bii chimice","isPartOf":{"@id":"https:\/\/www.msds-europe.com\/es\/#website"},"datePublished":"2018-06-21T07:51:14+00:00","dateModified":"2019-01-02T11:02:00+00:00","description":"Consultare online gratuit\u0103 Vom r\u0103spunde la \u00eentreb\u0103rile dvs. privind securitatea chimic\u0103 \u00een 24 de ore. Adresa\u021bi-v\u0103 expertului nostru \u00een domeniul securit\u0103\u021bii chimice!","breadcrumb":{"@id":"https:\/\/www.msds-europe.com\/ro\/consultare-online-gratuita\/#breadcrumb"},"inLanguage":"ro-RO","potentialAction":[{"@type":"ReadAction","target":["https:\/\/www.msds-europe.com\/ro\/consultare-online-gratuita\/"]}]},{"@type":"BreadcrumbList","@id":"https:\/\/www.msds-europe.com\/ro\/consultare-online-gratuita\/#breadcrumb","itemListElement":[{"@type":"ListItem","position":1,"name":"F\u0151oldal","item":"https:\/\/www.msds-europe.com\/ro\/"},{"@type":"ListItem","position":2,"name":"Consultare online gratuit\u0103"}]},{"@type":"WebSite","@id":"https:\/\/www.msds-europe.com\/es\/#website","url":"https:\/\/www.msds-europe.com\/es\/","name":"MSDS Europe","description":"","publisher":{"@id":"https:\/\/www.msds-europe.com\/es\/#organization"},"potentialAction":[{"@type":"SearchAction","target":{"@type":"EntryPoint","urlTemplate":"https:\/\/www.msds-europe.com\/es\/?s={search_term_string}"},"query-input":{"@type":"PropertyValueSpecification","valueRequired":true,"valueName":"search_term_string"}}],"inLanguage":"ro-RO"},{"@type":"Organization","@id":"https:\/\/www.msds-europe.com\/es\/#organization","name":"MSDS-Europe International branch of ToxInfo","url":"https:\/\/www.msds-europe.com\/es\/","logo":{"@type":"ImageObject","inLanguage":"ro-RO","@id":"https:\/\/www.msds-europe.com\/es\/#\/schema\/logo\/image\/","url":"https:\/\/www.msds-europe.com\/wp-content\/uploads\/2021\/04\/msds-europe-logo.jpg","contentUrl":"https:\/\/www.msds-europe.com\/wp-content\/uploads\/2021\/04\/msds-europe-logo.jpg","width":2296,"height":1067,"caption":"MSDS-Europe International branch of ToxInfo"},"image":{"@id":"https:\/\/www.msds-europe.com\/es\/#\/schema\/logo\/image\/"},"sameAs":["https:\/\/www.facebook.com\/toxinfokft\/","https:\/\/x.com\/ToxInfoKft"]}]}},"_links":{"self":[{"href":"https:\/\/www.msds-europe.com\/ro\/wp-json\/wp\/v2\/pages\/5319","targetHints":{"allow":["GET"]}}],"collection":[{"href":"https:\/\/www.msds-europe.com\/ro\/wp-json\/wp\/v2\/pages"}],"about":[{"href":"https:\/\/www.msds-europe.com\/ro\/wp-json\/wp\/v2\/types\/page"}],"author":[{"embeddable":true,"href":"https:\/\/www.msds-europe.com\/ro\/wp-json\/wp\/v2\/users\/2"}],"replies":[{"embeddable":true,"href":"https:\/\/www.msds-europe.com\/ro\/wp-json\/wp\/v2\/comments?post=5319"}],"version-history":[{"count":4,"href":"https:\/\/www.msds-europe.com\/ro\/wp-json\/wp\/v2\/pages\/5319\/revisions"}],"predecessor-version":[{"id":7735,"href":"https:\/\/www.msds-europe.com\/ro\/wp-json\/wp\/v2\/pages\/5319\/revisions\/7735"}],"wp:attachment":[{"href":"https:\/\/www.msds-europe.com\/ro\/wp-json\/wp\/v2\/media?parent=5319"}],"curies":[{"name":"wp","href":"https:\/\/api.w.org\/{rel}","templated":true}]}}