{"id":5313,"date":"2018-06-21T07:44:50","date_gmt":"2018-06-21T07:44:50","guid":{"rendered":"http:\/\/www.msds-europe.com\/cerere-cotatie-pentru-serviciile-privind-produsele-cosmetice\/"},"modified":"2018-06-29T19:38:39","modified_gmt":"2018-06-29T19:38:39","slug":"cerere-cotatie-pentru-serviciile-privind-produsele-cosmetice","status":"publish","type":"page","link":"https:\/\/www.msds-europe.com\/ro\/cerere-cotatie-pentru-serviciile-privind-produsele-cosmetice\/","title":{"rendered":"Cerere cota\u0163ie pentru serviciile privind produsele cosmetice"},"content":{"rendered":"<p style=\"text-align: right;\"><em><a href=\"http:\/\/www.msds-europe.com\/ro\/\">MSDS-Europe<\/a> \u2013 Cerere cota\u0163ie pentru Serviciile privind produsele cosmetice<\/em><\/p>\n<p>&nbsp;<\/p>\n<p style=\"text-align: justify;\">V\u0103 trimitem o ofert\u0103 scris\u0103 pentru serviciul selectat \u00een termen de <strong>24 de ore<\/strong> de la primirea unei cereri de cota\u0163ie online.<\/p>\n<p>&nbsp;<\/p>\n<h2>Asisten\u021b\u0103 pentru selectarea serviciului potrivit<\/h2>\n<p>&nbsp;<\/p>\n<p style=\"text-align: justify;\">Dac\u0103 ave\u021bi \u00eentreb\u0103ri legate de comanda dvs. sau de securitatea chimic\u0103, v\u0103 rug\u0103m s\u0103 contacta\u021bi <a href=\"http:\/\/www.msds-europe.com\/ro\/serviciul-pentru-clienti\/\">Serviciul Clien\u021bi<\/a>.<\/p>\n<p style=\"text-align: justify;\"><strong>Pe site-ul nostru pute\u021bi g\u0103si mai multe informa\u021bii despre serviciile \u00a0noastre referitoare la produsele cosmetice.<\/strong><\/p>\n\n<div class=\"wpcf7 no-js\" id=\"wpcf7-f6181-o1\" lang=\"hu-HU\" dir=\"ltr\" data-wpcf7-id=\"6181\">\n<div class=\"screen-reader-response\"><p role=\"status\" aria-live=\"polite\" aria-atomic=\"true\"><\/p> <ul><\/ul><\/div>\n<form action=\"\/ro\/wp-json\/wp\/v2\/pages\/5313#wpcf7-f6181-o1\" method=\"post\" class=\"wpcf7-form init\" aria-label=\"Kapcsolatfelv\u00e9teli \u0171rlap\" novalidate=\"novalidate\" data-status=\"init\">\n<fieldset class=\"hidden-fields-container\"><input type=\"hidden\" name=\"_wpcf7\" value=\"6181\" \/><input type=\"hidden\" name=\"_wpcf7_version\" value=\"6.1.5\" \/><input type=\"hidden\" name=\"_wpcf7_locale\" value=\"hu_HU\" \/><input type=\"hidden\" name=\"_wpcf7_unit_tag\" value=\"wpcf7-f6181-o1\" \/><input type=\"hidden\" name=\"_wpcf7_container_post\" value=\"0\" \/><input type=\"hidden\" name=\"_wpcf7_posted_data_hash\" value=\"\" \/><input type=\"hidden\" name=\"_wpcf7_recaptcha_response\" value=\"\" \/>\n<\/fieldset>\n<div class=\"arajanlatkeres_form kozmetikum_form\">\n\t<div class=\"row contact_row\">\n\t\t<div class=\"col-sm-5 col-sm-offset-1\">\n\t\t\t<p><label>Numele persoanei de contact<\/label>\n\t\t\t<\/p>\n\t\t<\/div>\n\t\t<div class=\"col-sm-5\">\n\t\t\t<p><span class=\"wpcf7-form-control-wrap\" data-name=\"your-name\"><input size=\"40\" maxlength=\"400\" class=\"wpcf7-form-control wpcf7-text wpcf7-validates-as-required\" aria-required=\"true\" aria-invalid=\"false\" value=\"\" type=\"text\" name=\"your-name\" \/><\/span>\n\t\t\t<\/p>\n\t\t<\/div>\n\t<\/div>\n\t<div class=\"row contact_row\">\n\t\t<div class=\"col-sm-5 col-sm-offset-1\">\n\t\t\t<p><label>Numele companiei<\/label>\n\t\t\t<\/p>\n\t\t<\/div>\n\t\t<div class=\"col-sm-5\">\n\t\t\t<p><span class=\"wpcf7-form-control-wrap\" data-name=\"company-name\"><input size=\"40\" maxlength=\"400\" class=\"wpcf7-form-control wpcf7-text wpcf7-validates-as-required\" aria-required=\"true\" aria-invalid=\"false\" value=\"\" type=\"text\" name=\"company-name\" \/><\/span>\n\t\t\t<\/p>\n\t\t<\/div>\n\t<\/div>\n\t<div class=\"row contact_row\">\n\t\t<div class=\"col-sm-5 col-sm-offset-1\">\n\t\t\t<p><label>Adresa companiei<\/label>\n\t\t\t<\/p>\n\t\t<\/div>\n\t\t<div class=\"col-sm-5\">\n\t\t\t<p><span class=\"wpcf7-form-control-wrap\" data-name=\"company-address\"><input size=\"40\" maxlength=\"400\" class=\"wpcf7-form-control wpcf7-text wpcf7-validates-as-required\" aria-required=\"true\" aria-invalid=\"false\" value=\"\" type=\"text\" name=\"company-address\" \/><\/span>\n\t\t\t<\/p>\n\t\t<\/div>\n\t<\/div>\n\t<div class=\"row contact_row\">\n\t\t<div class=\"col-sm-5 col-sm-offset-1\">\n\t\t\t<p><label>Num\u0103r de telefon<\/label>\n\t\t\t<\/p>\n\t\t<\/div>\n\t\t<div class=\"col-sm-5\">\n\t\t\t<p><span class=\"wpcf7-form-control-wrap\" data-name=\"company-phone\"><input size=\"40\" maxlength=\"400\" class=\"wpcf7-form-control wpcf7-text wpcf7-validates-as-required\" aria-required=\"true\" aria-invalid=\"false\" value=\"\" type=\"text\" name=\"company-phone\" \/><\/span>\n\t\t\t<\/p>\n\t\t<\/div>\n\t<\/div>\n\t<div class=\"row contact_row\">\n\t\t<div class=\"col-sm-5 col-sm-offset-1\">\n\t\t\t<p><label>Adresa e-mail<\/label>\n\t\t\t<\/p>\n\t\t<\/div>\n\t\t<div class=\"col-sm-5\">\n\t\t\t<p><span class=\"wpcf7-form-control-wrap\" data-name=\"your-email\"><input size=\"40\" maxlength=\"400\" class=\"wpcf7-form-control wpcf7-email wpcf7-validates-as-required wpcf7-text wpcf7-validates-as-email\" aria-required=\"true\" aria-invalid=\"false\" value=\"\" type=\"email\" name=\"your-email\" \/><\/span>\n\t\t\t<\/p>\n\t\t<\/div>\n\t<\/div>\n\t<div class=\"row contact_row\">\n\t\t<div class=\"col-sm-5 col-sm-offset-1\">\n\t\t\t<p><label>Cantitate<\/label>\n\t\t\t<\/p>\n\t\t<\/div>\n\t\t<div class=\"col-sm-5\">\n\t\t\t<p><span class=\"wpcf7-form-control-wrap\" data-name=\"number\"><input size=\"40\" maxlength=\"400\" class=\"wpcf7-form-control wpcf7-text wpcf7-validates-as-required\" aria-required=\"true\" aria-invalid=\"false\" value=\"\" type=\"text\" name=\"number\" \/><\/span>\n\t\t\t<\/p>\n\t\t<\/div>\n\t<\/div>\n\t<div class=\"row contact_row\">\n\t\t<div class=\"col-sm-5 col-sm-offset-1\">\n\t\t\t<p><label>Observa\u0163ii<\/label>\n\t\t\t<\/p>\n\t\t<\/div>\n\t\t<div class=\"col-sm-5\">\n\t\t\t<p><span class=\"wpcf7-form-control-wrap\" data-name=\"your-message\"><textarea cols=\"40\" rows=\"10\" maxlength=\"2000\" class=\"wpcf7-form-control wpcf7-textarea\" aria-invalid=\"false\" name=\"your-message\"><\/textarea><\/span>\n\t\t\t<\/p>\n\t\t<\/div>\n\t<\/div>\n\t<div class=\"row contact_row\">\n\t\t<div class=\"col-sm-10 col-sm-offset-1\">\n\t\t\t<p><span class=\"wpcf7-form-control-wrap\" data-name=\"radio-917\"><span class=\"wpcf7-form-control wpcf7-radio\"><span class=\"wpcf7-list-item first\"><input type=\"radio\" name=\"radio-917\" value=\"Evaluarea siguran\u0163ei\" checked=\"checked\" \/><span class=\"wpcf7-list-item-label\">Evaluarea siguran\u0163ei<\/span><\/span><span class=\"wpcf7-list-item\"><input type=\"radio\" name=\"radio-917\" value=\"Notificare prin portalul CPNP\" \/><span class=\"wpcf7-list-item-label\">Notificare prin portalul CPNP<\/span><\/span><span class=\"wpcf7-list-item\"><input type=\"radio\" name=\"radio-917\" value=\"Proiect etichet\u0103 pentru produse cosmetice\" \/><span class=\"wpcf7-list-item-label\">Proiect etichet\u0103 pentru produse cosmetice<\/span><\/span><span class=\"wpcf7-list-item last\"><input type=\"radio\" name=\"radio-917\" value=\"Fi\u0219\u0103 cu date de securitate pentru produse cosmetice\" \/><span class=\"wpcf7-list-item-label\">Fi\u0219\u0103 cu date de securitate pentru produse cosmetice<\/span><\/span><\/span><\/span>\n\t\t\t<\/p>\n\t\t<\/div>\n\t<\/div>\n\t<div class=\"row contact_row policy_row\">\n\t\t<div class=\"col-sm-10 col-sm-offset-1\">\n\t\t\t<p><span class=\"wpcf7-form-control-wrap\" data-name=\"policy\"><span class=\"wpcf7-form-control wpcf7-acceptance\"><span class=\"wpcf7-list-item\"><label><input type=\"checkbox\" name=\"policy\" value=\"1\" aria-invalid=\"false\" \/><span class=\"wpcf7-list-item-label\">Sunt de acord cu <a href=\"http:\/\/www.msds-europe.com\/privacy-policy\/\" target=\"_blank\" title=\"Politica de confiden\u021bialitate\">Politica de confiden\u021bialitate<\/a>.<\/span><\/label><\/span><\/span><\/span>\n\t\t\t<\/p>\n\t\t<\/div>\n\t<\/div>\n\t<div class=\"row contact_row\">\n\t\t<div class=\"col-sm-10 col-sm-offset-1 text-right\">\n\t\t\t<p><input class=\"wpcf7-form-control wpcf7-submit has-spinner\" type=\"submit\" value=\"Trimite\" \/>\n\t\t\t<\/p>\n\t\t<\/div>\n\t<\/div>\n<\/div><div class=\"wpcf7-response-output\" aria-hidden=\"true\"><\/div>\n<\/form>\n<\/div>\n\n","protected":false},"excerpt":{"rendered":"<p>Formularul de cota\u021bie de pre\u021b online pentru serviciile privind produsele cosmetice<\/p>\n","protected":false},"author":2,"featured_media":0,"parent":0,"menu_order":0,"comment_status":"closed","ping_status":"closed","template":"","meta":{"_acf_changed":false,"footnotes":""},"class_list":["post-5313","page","type-page","status-publish","hentry"],"acf":[],"yoast_head":"<!-- This site is optimized with the Yoast SEO plugin v27.2 - https:\/\/yoast.com\/product\/yoast-seo-wordpress\/ -->\n<title>Cerere cota\u0163ie pentru serviciile privind produsele cosmetice<\/title>\n<meta name=\"description\" content=\"Cererea de cota\u0163ie online pentru evaluarea siguran\u021bei, notificarea CPNP \u0219i proiect etichet\u0103 pentru produse cosmetice. Cota\u0163ie \u00een scris \u00een 24 ore.\" \/>\n<meta name=\"robots\" content=\"index, follow, max-snippet:-1, max-image-preview:large, max-video-preview:-1\" \/>\n<link rel=\"canonical\" href=\"https:\/\/www.msds-europe.com\/ro\/cerere-cotatie-pentru-serviciile-privind-produsele-cosmetice\/\" \/>\n<meta property=\"og:locale\" content=\"ro_RO\" \/>\n<meta property=\"og:type\" content=\"article\" \/>\n<meta property=\"og:title\" content=\"Cerere cota\u0163ie pentru serviciile privind produsele cosmetice\" \/>\n<meta property=\"og:description\" content=\"Cererea de cota\u0163ie online pentru evaluarea siguran\u021bei, notificarea CPNP \u0219i proiect etichet\u0103 pentru produse cosmetice. Cota\u0163ie \u00een scris \u00een 24 ore.\" \/>\n<meta property=\"og:url\" content=\"https:\/\/www.msds-europe.com\/ro\/cerere-cotatie-pentru-serviciile-privind-produsele-cosmetice\/\" \/>\n<meta property=\"og:site_name\" content=\"MSDS Europe\" \/>\n<meta property=\"article:publisher\" content=\"https:\/\/www.facebook.com\/toxinfokft\/\" \/>\n<meta property=\"article:modified_time\" content=\"2018-06-29T19:38:39+00:00\" \/>\n<meta name=\"twitter:card\" content=\"summary_large_image\" \/>\n<meta name=\"twitter:site\" content=\"@ToxInfoKft\" \/>\n<script type=\"application\/ld+json\" class=\"yoast-schema-graph\">{\"@context\":\"https:\/\/schema.org\",\"@graph\":[{\"@type\":\"WebPage\",\"@id\":\"https:\/\/www.msds-europe.com\/ro\/cerere-cotatie-pentru-serviciile-privind-produsele-cosmetice\/\",\"url\":\"https:\/\/www.msds-europe.com\/ro\/cerere-cotatie-pentru-serviciile-privind-produsele-cosmetice\/\",\"name\":\"Cerere cota\u0163ie pentru serviciile privind produsele cosmetice\",\"isPartOf\":{\"@id\":\"https:\/\/www.msds-europe.com\/es\/#website\"},\"datePublished\":\"2018-06-21T07:44:50+00:00\",\"dateModified\":\"2018-06-29T19:38:39+00:00\",\"description\":\"Cererea de cota\u0163ie online pentru evaluarea siguran\u021bei, notificarea CPNP \u0219i proiect etichet\u0103 pentru produse cosmetice. Cota\u0163ie \u00een scris \u00een 24 ore.\",\"breadcrumb\":{\"@id\":\"https:\/\/www.msds-europe.com\/ro\/cerere-cotatie-pentru-serviciile-privind-produsele-cosmetice\/#breadcrumb\"},\"inLanguage\":\"ro-RO\",\"potentialAction\":[{\"@type\":\"ReadAction\",\"target\":[\"https:\/\/www.msds-europe.com\/ro\/cerere-cotatie-pentru-serviciile-privind-produsele-cosmetice\/\"]}]},{\"@type\":\"BreadcrumbList\",\"@id\":\"https:\/\/www.msds-europe.com\/ro\/cerere-cotatie-pentru-serviciile-privind-produsele-cosmetice\/#breadcrumb\",\"itemListElement\":[{\"@type\":\"ListItem\",\"position\":1,\"name\":\"F\u0151oldal\",\"item\":\"https:\/\/www.msds-europe.com\/ro\/\"},{\"@type\":\"ListItem\",\"position\":2,\"name\":\"Cerere cota\u0163ie pentru serviciile privind produsele cosmetice\"}]},{\"@type\":\"WebSite\",\"@id\":\"https:\/\/www.msds-europe.com\/es\/#website\",\"url\":\"https:\/\/www.msds-europe.com\/es\/\",\"name\":\"MSDS Europe\",\"description\":\"\",\"publisher\":{\"@id\":\"https:\/\/www.msds-europe.com\/es\/#organization\"},\"potentialAction\":[{\"@type\":\"SearchAction\",\"target\":{\"@type\":\"EntryPoint\",\"urlTemplate\":\"https:\/\/www.msds-europe.com\/es\/?s={search_term_string}\"},\"query-input\":{\"@type\":\"PropertyValueSpecification\",\"valueRequired\":true,\"valueName\":\"search_term_string\"}}],\"inLanguage\":\"ro-RO\"},{\"@type\":\"Organization\",\"@id\":\"https:\/\/www.msds-europe.com\/es\/#organization\",\"name\":\"MSDS-Europe International branch of ToxInfo\",\"url\":\"https:\/\/www.msds-europe.com\/es\/\",\"logo\":{\"@type\":\"ImageObject\",\"inLanguage\":\"ro-RO\",\"@id\":\"https:\/\/www.msds-europe.com\/es\/#\/schema\/logo\/image\/\",\"url\":\"https:\/\/www.msds-europe.com\/wp-content\/uploads\/2021\/04\/msds-europe-logo.jpg\",\"contentUrl\":\"https:\/\/www.msds-europe.com\/wp-content\/uploads\/2021\/04\/msds-europe-logo.jpg\",\"width\":2296,\"height\":1067,\"caption\":\"MSDS-Europe International branch of ToxInfo\"},\"image\":{\"@id\":\"https:\/\/www.msds-europe.com\/es\/#\/schema\/logo\/image\/\"},\"sameAs\":[\"https:\/\/www.facebook.com\/toxinfokft\/\",\"https:\/\/x.com\/ToxInfoKft\"]}]}<\/script>\n<!-- \/ Yoast SEO plugin. -->","yoast_head_json":{"title":"Cerere cota\u0163ie pentru serviciile privind produsele cosmetice","description":"Cererea de cota\u0163ie online pentru evaluarea siguran\u021bei, notificarea CPNP \u0219i proiect etichet\u0103 pentru produse cosmetice. Cota\u0163ie \u00een scris \u00een 24 ore.","robots":{"index":"index","follow":"follow","max-snippet":"max-snippet:-1","max-image-preview":"max-image-preview:large","max-video-preview":"max-video-preview:-1"},"canonical":"https:\/\/www.msds-europe.com\/ro\/cerere-cotatie-pentru-serviciile-privind-produsele-cosmetice\/","og_locale":"ro_RO","og_type":"article","og_title":"Cerere cota\u0163ie pentru serviciile privind produsele cosmetice","og_description":"Cererea de cota\u0163ie online pentru evaluarea siguran\u021bei, notificarea CPNP \u0219i proiect etichet\u0103 pentru produse cosmetice. Cota\u0163ie \u00een scris \u00een 24 ore.","og_url":"https:\/\/www.msds-europe.com\/ro\/cerere-cotatie-pentru-serviciile-privind-produsele-cosmetice\/","og_site_name":"MSDS Europe","article_publisher":"https:\/\/www.facebook.com\/toxinfokft\/","article_modified_time":"2018-06-29T19:38:39+00:00","twitter_card":"summary_large_image","twitter_site":"@ToxInfoKft","schema":{"@context":"https:\/\/schema.org","@graph":[{"@type":"WebPage","@id":"https:\/\/www.msds-europe.com\/ro\/cerere-cotatie-pentru-serviciile-privind-produsele-cosmetice\/","url":"https:\/\/www.msds-europe.com\/ro\/cerere-cotatie-pentru-serviciile-privind-produsele-cosmetice\/","name":"Cerere cota\u0163ie pentru serviciile privind produsele cosmetice","isPartOf":{"@id":"https:\/\/www.msds-europe.com\/es\/#website"},"datePublished":"2018-06-21T07:44:50+00:00","dateModified":"2018-06-29T19:38:39+00:00","description":"Cererea de cota\u0163ie online pentru evaluarea siguran\u021bei, notificarea CPNP \u0219i proiect etichet\u0103 pentru produse cosmetice. Cota\u0163ie \u00een scris \u00een 24 ore.","breadcrumb":{"@id":"https:\/\/www.msds-europe.com\/ro\/cerere-cotatie-pentru-serviciile-privind-produsele-cosmetice\/#breadcrumb"},"inLanguage":"ro-RO","potentialAction":[{"@type":"ReadAction","target":["https:\/\/www.msds-europe.com\/ro\/cerere-cotatie-pentru-serviciile-privind-produsele-cosmetice\/"]}]},{"@type":"BreadcrumbList","@id":"https:\/\/www.msds-europe.com\/ro\/cerere-cotatie-pentru-serviciile-privind-produsele-cosmetice\/#breadcrumb","itemListElement":[{"@type":"ListItem","position":1,"name":"F\u0151oldal","item":"https:\/\/www.msds-europe.com\/ro\/"},{"@type":"ListItem","position":2,"name":"Cerere cota\u0163ie pentru serviciile privind produsele cosmetice"}]},{"@type":"WebSite","@id":"https:\/\/www.msds-europe.com\/es\/#website","url":"https:\/\/www.msds-europe.com\/es\/","name":"MSDS Europe","description":"","publisher":{"@id":"https:\/\/www.msds-europe.com\/es\/#organization"},"potentialAction":[{"@type":"SearchAction","target":{"@type":"EntryPoint","urlTemplate":"https:\/\/www.msds-europe.com\/es\/?s={search_term_string}"},"query-input":{"@type":"PropertyValueSpecification","valueRequired":true,"valueName":"search_term_string"}}],"inLanguage":"ro-RO"},{"@type":"Organization","@id":"https:\/\/www.msds-europe.com\/es\/#organization","name":"MSDS-Europe International branch of ToxInfo","url":"https:\/\/www.msds-europe.com\/es\/","logo":{"@type":"ImageObject","inLanguage":"ro-RO","@id":"https:\/\/www.msds-europe.com\/es\/#\/schema\/logo\/image\/","url":"https:\/\/www.msds-europe.com\/wp-content\/uploads\/2021\/04\/msds-europe-logo.jpg","contentUrl":"https:\/\/www.msds-europe.com\/wp-content\/uploads\/2021\/04\/msds-europe-logo.jpg","width":2296,"height":1067,"caption":"MSDS-Europe International branch of ToxInfo"},"image":{"@id":"https:\/\/www.msds-europe.com\/es\/#\/schema\/logo\/image\/"},"sameAs":["https:\/\/www.facebook.com\/toxinfokft\/","https:\/\/x.com\/ToxInfoKft"]}]}},"_links":{"self":[{"href":"https:\/\/www.msds-europe.com\/ro\/wp-json\/wp\/v2\/pages\/5313","targetHints":{"allow":["GET"]}}],"collection":[{"href":"https:\/\/www.msds-europe.com\/ro\/wp-json\/wp\/v2\/pages"}],"about":[{"href":"https:\/\/www.msds-europe.com\/ro\/wp-json\/wp\/v2\/types\/page"}],"author":[{"embeddable":true,"href":"https:\/\/www.msds-europe.com\/ro\/wp-json\/wp\/v2\/users\/2"}],"replies":[{"embeddable":true,"href":"https:\/\/www.msds-europe.com\/ro\/wp-json\/wp\/v2\/comments?post=5313"}],"version-history":[{"count":5,"href":"https:\/\/www.msds-europe.com\/ro\/wp-json\/wp\/v2\/pages\/5313\/revisions"}],"predecessor-version":[{"id":6968,"href":"https:\/\/www.msds-europe.com\/ro\/wp-json\/wp\/v2\/pages\/5313\/revisions\/6968"}],"wp:attachment":[{"href":"https:\/\/www.msds-europe.com\/ro\/wp-json\/wp\/v2\/media?parent=5313"}],"curies":[{"name":"wp","href":"https:\/\/api.w.org\/{rel}","templated":true}]}}