{"id":5312,"date":"2018-06-21T07:43:59","date_gmt":"2018-06-21T07:43:59","guid":{"rendered":"http:\/\/www.msds-europe.com\/intocmirea-evaluarii-sigurantei-pentru-cosmetice\/"},"modified":"2023-02-14T08:07:26","modified_gmt":"2023-02-14T08:07:26","slug":"intocmirea-evaluarii-sigurantei-pentru-cosmetice","status":"publish","type":"page","link":"https:\/\/www.msds-europe.com\/ro\/intocmirea-evaluarii-sigurantei-pentru-cosmetice\/","title":{"rendered":"\u00eentocmirea evalu\u0103rii siguran\u0163ei pentru cosmetice"},"content":{"rendered":"<p style=\"text-align: right;\"><em><a href=\"http:\/\/www.msds-europe.com\/ro\/servicii-legate-produse-cosmetice\/\">Servicii legate de produse cosmetice<\/a>\u00a0\u2013\u00a0\u00centocmirea evalu\u0103rii siguran\u0163ei pentru cosmetice<\/em><\/p>\n<p>&nbsp;<\/p>\n<p style=\"text-align: justify;\">\u00cen timpul elabor\u0103rii unei evalu\u0103ri a siguran\u021bei, lu\u0103m \u00een considerare indica\u021biile din anexa I al <strong>Regulamentului (CE) nr. 1223\/2009.<\/strong><\/p>\n<p style=\"text-align: right;\"><a href=\"https:\/\/www.msds-europe.com\/ro\/securitatea-chimica-schimbari-reglementare\/\"><em>Observatorul schimb\u0103rilor reglementare<\/em><\/a><\/p>\n<h2 style=\"text-align: justify;\">\u00centocmirea Evalu\u0103rii siguran\u0163ei<\/h2>\n<p style=\"text-align: justify;\">Pentru a demonstra c\u0103 un produs cosmetic respect\u0103 reglement\u0103rile, \u00eenainte de a introduce un produs cosmetic pe pia\u0163\u0103, persoana responsabil\u0103 se asigur\u0103 c\u0103 produsul cosmetic a f\u0103cut obiectul unei evalu\u0103ri a siguran\u0163ei \u0219i c\u0103 raportul privind siguran\u0163a produsului cosmetic a fost actualizat \u00een cazul \u00een care orice informa\u021bie relevant\u0103 suplimentar\u0103 este primit\u0103 dup\u0103 \u00eenceperea distribu\u021biei.<\/p>\n<p style=\"text-align: justify;\">Evaluarea siguran\u021bei poate fi efectuat\u0103 numai de o persoan\u0103 calificat\u0103, care are o experien\u021ba profesional\u0103 adecvat\u0103 \u0219i calific\u0103rile specificate de regulament.<\/p>\n<p>&nbsp;<\/p>\n<h2 style=\"text-align: justify;\">Informa\u021bii necesare pentru realizarea evalu\u0103rii siguran\u021bei<\/h2>\n<ul>\n<li style=\"text-align: justify;\">Date despre companie \u0219i informa\u021bii de contact ale produc\u0103torului \u0219i ale distribuitorului<\/li>\n<li style=\"text-align: justify;\">Formularea produsului<\/li>\n<li style=\"text-align: justify;\">Fi\u0219ele cu date de securitate ale componentelor \u00een conformitate cu <strong>Regulamentul (UE) 2020\/878<\/strong>, specifica\u0163ia \u0219i certificatul de analiz\u0103 a componentelor, care garanteaz\u0103 c\u0103 acestea \u00eendeplinesc cerin\u021bele privind produsele cosmetice.<br \/>\nValorile LOAEL sau NOAEL relevante pentru componente se ata\u0219eaz\u0103, de asemenea (acestea pot fi solicitate de la furnizorul materialelor de baz\u0103.)<\/li>\n<li style=\"text-align: justify;\">Lista parfumurilor alergenice<\/li>\n<li style=\"text-align: justify;\">Date \u0219i specifica\u021bii relevante pentru produsul finit (parametri fizici, chimici, cur\u0103\u021benie microbiologic\u0103 etc.)<br \/>\nCur\u0103\u021benia microbiologic\u0103 se justific\u0103 prin rezultatele testelor de laborator<\/li>\n<li style=\"text-align: justify;\">Specificarea dimensiunilor ambalajelor, ambalajele \u0219i materialele de ambalare, certificatul c\u0103 acestea \u00eendeplinesc cerin\u021bele relevante pentru ambalarea produselor cosmetice<\/li>\n<li style=\"text-align: justify;\">Teste de stabilitate<\/li>\n<li style=\"text-align: justify;\">Descrierea metodei de fabrica\u021bie, certificatele locului de fabrica\u021bie (cu privire la respectarea bunelor practici de fabrica\u021bie &#8211; GMP)<\/li>\n<li style=\"text-align: justify;\">Ghidul de utilizare<\/li>\n<li style=\"text-align: justify;\">Eticheta produsului original \u00een limba \u021b\u0103rii \u00een care produsul a fost introdus pe pia\u021b\u0103 pentru prima dat\u0103<\/li>\n<li style=\"text-align: justify;\">Declara\u021bia privind test\u0103rile pe animale<\/li>\n<\/ul>\n<p style=\"text-align: justify;\"><em>Lista este numai orientativ\u0103. Pe l\u00e2ng\u0103 informa\u021biile de mai sus, pot fi necesare mai multe date, \u00een func\u021bie de tipul \/ natura produsului.<\/em><\/p>\n<p>&nbsp;<\/p>\n<h2 style=\"text-align: justify;\">Evaluarea siguran\u021bei realizat\u0103 de compania noastr\u0103 poate fi utilizat\u0103 pentru<\/h2>\n<ul>\n<li style=\"text-align: justify;\">etichetarea produsului cosmetic utiliz\u00e2nd informa\u021biile corespunz\u0103toare<\/li>\n<li style=\"text-align: justify;\">informarea clien\u021bilor<\/li>\n<li style=\"text-align: justify;\">notificarea produsului prin sistemul CPNP<\/li>\n<li style=\"text-align: justify;\">transmiterea informa\u021biilor cerute de regulamentul privind produsele cosmetice<\/li>\n<li style=\"text-align: justify;\">crearea condi\u021biilor de munc\u0103 sigure<\/li>\n<\/ul>\n<p>&nbsp;<\/p>\n<h2 style=\"text-align: justify;\">Asigurarea calit\u0103\u021bii \u00een Evaluarea siguran\u0163ei produsului cosmetic<\/h2>\n<p style=\"text-align: justify;\">Ne asum\u0103m responsabilitatea complet\u0103 privind conformitatea legal\u0103 a evalu\u0103rilor de siguran\u021b\u0103 efectuate de compania noastr\u0103 \u0219i pentru acceptarea lor de c\u0103tre autorit\u0103\u0163i.<\/p>\n<p style=\"text-align: justify;\">\u00cen cazul unor eventuale cereri de autoritate, compania noastr\u0103 va modifica documentul.<br \/>\nCompania noastr\u0103 nu \u00ee\u0219i asum\u0103 r\u0103sponsabilitatea pentru problemele \/ pierderile rezultate din datele \/ informa\u021biile insuficiente sau neprev\u0103zute.<\/p>\n<p>&nbsp;<\/p>\n<h2 style=\"text-align: justify;\">Metode simple \u0219i rapide pe parcursul procesului de\u00a0 \u00eentocmire a evalu\u0103rii siguran\u0163ei<\/h2>\n<p style=\"text-align: justify;\"><a href=\"mailto:info@msds-europe.com\">R\u0103spundem la cererile de cota\u0163ie trimise prin e-mail<\/a> sau prin formularul online \u00een 24 de ore.<br \/>\nCa ata\u0219ament la oferta noastr\u0103, v\u0103 trimitem formularul nostru de comand\u0103 pentru a simplifica procesul de comand\u0103.<\/p>\n<p style=\"text-align: justify;\">Completa\u0163i formularul de comand\u0103 \u0219i furniza\u021bi documentele \u0219i datele necesare pe care le-am cerut \u00een oferta noastr\u0103 \u0219i vom gestiona comanda.<\/p>\n<p style=\"text-align: right;\"><a href=\"https:\/\/www.msds-europe.com\/ro\/cerere-cotatie-pentru-serviciile-privind-produsele-cosmetice\/\"><em>Cerere cota\u0163ie pentru serviciile privind produsele cosmetice<\/em><\/a><\/p>\n<h2 style=\"text-align: justify;\">Garan\u021bie<\/h2>\n<p style=\"text-align: justify;\">Ne asum\u0103m responsabilitatea profesional\u0103 \u0219i financiar\u0103 complet\u0103 privind evaluarea de siguran\u0163\u0103 \u015fi serviciile oferite de firma noastr\u0103. Garan\u021bia noastr\u0103 financiar\u0103 include rambursarea tuturor daunelor directe \u0219i indirecte.<\/p>\n<p>&nbsp;<\/p>\n<h2 style=\"text-align: justify;\">Asisten\u021b\u0103 dup\u0103 utilizarea serviciilor noastre<\/h2>\n<p style=\"text-align: justify;\">Dup\u0103 utilizarea serviciului, exper\u021bii no\u0219tri pentru servicii de asisten\u021b\u0103 pentru clien\u021bi v\u0103 vor ajuta \u00een interpretarea \u0219i \u00een utilizarea evalu\u0103rii de siguran\u0163\u0103\u00a0 \u0219i vor r\u0103m\u00e2ne la dispozi\u0163ia dumneavoastr\u0103 cu privire la sarcinile legate de acest document.<\/p>\n<p style=\"text-align: right;\"><a href=\"https:\/\/www.msds-europe.com\/ro\/serviciul-pentru-clienti\/\"><em>Serviciul pentru clien\u0163i<\/em><\/a><\/p>\n<p>&nbsp;<\/p>\n<h3 style=\"text-align: justify;\">Servicii legate de procesul de\u00a0 \u00eentocmire a evalu\u0103rii siguran\u0163ei<\/h3>\n<ul>\n<li><a href=\"https:\/\/www.msds-europe.com\/ro\/serviciul-de-notificare-cpnp\/\">Serviciul de notificare CPNP<\/a><\/li>\n<li><a href=\"https:\/\/www.msds-europe.com\/ro\/intocmirea-fisei-cu-date-de-securitate-pentru-produse-cosmetice\/\">\u00centocmirea fi\u0219ei cu date de securitate pentru produse cosmetice<\/a><\/li>\n<\/ul>\n<p>&nbsp;<\/p>\n<h3 style=\"text-align: justify;\">Material profesional interesant \u0219i util referitor la serviciul de \u00eentocmire a evalu\u0103rii siguran\u021bei<\/h3>\n<ul>\n<li><a href=\"https:\/\/www.msds-europe.com\/ro\/obligatiile-distribuitorilor-produselor-cosmetice\/\">Obliga\u021biile distribuitorilor produselor cosmetice<\/a><\/li>\n<li><a href=\"https:\/\/www.msds-europe.com\/ro\/responsabilitatile-persoanei-responsabile\/\">Responsabilit\u0103\u021bile persoanei responsabile<\/a><\/li>\n<\/ul>\n<p>&nbsp;<\/p>\n","protected":false},"excerpt":{"rendered":"<p>Serviciul nostru de \u00eentocmire a evalu\u0103rii siguran\u021bei pentru produsele cosmetice conform regulamentului (CE) nr. 1223\/2009<\/p>\n","protected":false},"author":2,"featured_media":0,"parent":0,"menu_order":0,"comment_status":"closed","ping_status":"closed","template":"","meta":{"_acf_changed":false,"footnotes":""},"tags":[366,375],"class_list":["post-5312","page","type-page","status-publish","hentry","tag-cosmetice","tag-servicii-legate-de-produse-cosmetice"],"acf":[],"yoast_head":"<!-- This site is optimized with the Yoast SEO plugin v27.2 - https:\/\/yoast.com\/product\/yoast-seo-wordpress\/ -->\n<title>\u00eentocmirea evalu\u0103rii siguran\u0163ei pentru produse cosmetice<\/title>\n<meta name=\"description\" content=\"\u00centocmirea evalu\u0103rii siguran\u0163ei pentru cosmetice, produse cosmetice. \u00centocmirea Evalu\u0103rii siguran\u0163ei cu referin\u0163e interna\u0163ionale\" \/>\n<meta name=\"robots\" content=\"index, follow, max-snippet:-1, max-image-preview:large, max-video-preview:-1\" \/>\n<link rel=\"canonical\" href=\"https:\/\/www.msds-europe.com\/ro\/intocmirea-evaluarii-sigurantei-pentru-cosmetice\/\" \/>\n<meta property=\"og:locale\" content=\"ro_RO\" \/>\n<meta property=\"og:type\" content=\"article\" \/>\n<meta property=\"og:title\" content=\"\u00eentocmirea evalu\u0103rii siguran\u0163ei pentru produse cosmetice\" \/>\n<meta property=\"og:description\" content=\"\u00centocmirea evalu\u0103rii siguran\u0163ei pentru cosmetice, produse cosmetice. \u00centocmirea Evalu\u0103rii siguran\u0163ei cu referin\u0163e interna\u0163ionale\" \/>\n<meta property=\"og:url\" content=\"https:\/\/www.msds-europe.com\/ro\/intocmirea-evaluarii-sigurantei-pentru-cosmetice\/\" \/>\n<meta property=\"og:site_name\" content=\"MSDS Europe\" \/>\n<meta property=\"article:publisher\" content=\"https:\/\/www.facebook.com\/toxinfokft\/\" \/>\n<meta property=\"article:modified_time\" content=\"2023-02-14T08:07:26+00:00\" \/>\n<meta name=\"twitter:card\" content=\"summary_large_image\" \/>\n<meta name=\"twitter:site\" content=\"@ToxInfoKft\" \/>\n<meta name=\"twitter:label1\" content=\"Timp estimat pentru citire\" \/>\n\t<meta name=\"twitter:data1\" content=\"3 minute\" \/>\n<script type=\"application\/ld+json\" class=\"yoast-schema-graph\">{\"@context\":\"https:\/\/schema.org\",\"@graph\":[{\"@type\":\"WebPage\",\"@id\":\"https:\/\/www.msds-europe.com\/ro\/intocmirea-evaluarii-sigurantei-pentru-cosmetice\/\",\"url\":\"https:\/\/www.msds-europe.com\/ro\/intocmirea-evaluarii-sigurantei-pentru-cosmetice\/\",\"name\":\"\u00eentocmirea evalu\u0103rii siguran\u0163ei pentru produse cosmetice\",\"isPartOf\":{\"@id\":\"https:\/\/www.msds-europe.com\/es\/#website\"},\"datePublished\":\"2018-06-21T07:43:59+00:00\",\"dateModified\":\"2023-02-14T08:07:26+00:00\",\"description\":\"\u00centocmirea evalu\u0103rii siguran\u0163ei pentru cosmetice, produse cosmetice. \u00centocmirea Evalu\u0103rii siguran\u0163ei cu referin\u0163e interna\u0163ionale\",\"breadcrumb\":{\"@id\":\"https:\/\/www.msds-europe.com\/ro\/intocmirea-evaluarii-sigurantei-pentru-cosmetice\/#breadcrumb\"},\"inLanguage\":\"ro-RO\",\"potentialAction\":[{\"@type\":\"ReadAction\",\"target\":[\"https:\/\/www.msds-europe.com\/ro\/intocmirea-evaluarii-sigurantei-pentru-cosmetice\/\"]}]},{\"@type\":\"BreadcrumbList\",\"@id\":\"https:\/\/www.msds-europe.com\/ro\/intocmirea-evaluarii-sigurantei-pentru-cosmetice\/#breadcrumb\",\"itemListElement\":[{\"@type\":\"ListItem\",\"position\":1,\"name\":\"F\u0151oldal\",\"item\":\"https:\/\/www.msds-europe.com\/ro\/\"},{\"@type\":\"ListItem\",\"position\":2,\"name\":\"\u00eentocmirea evalu\u0103rii siguran\u0163ei pentru cosmetice\"}]},{\"@type\":\"WebSite\",\"@id\":\"https:\/\/www.msds-europe.com\/es\/#website\",\"url\":\"https:\/\/www.msds-europe.com\/es\/\",\"name\":\"MSDS Europe\",\"description\":\"\",\"publisher\":{\"@id\":\"https:\/\/www.msds-europe.com\/es\/#organization\"},\"potentialAction\":[{\"@type\":\"SearchAction\",\"target\":{\"@type\":\"EntryPoint\",\"urlTemplate\":\"https:\/\/www.msds-europe.com\/es\/?s={search_term_string}\"},\"query-input\":{\"@type\":\"PropertyValueSpecification\",\"valueRequired\":true,\"valueName\":\"search_term_string\"}}],\"inLanguage\":\"ro-RO\"},{\"@type\":\"Organization\",\"@id\":\"https:\/\/www.msds-europe.com\/es\/#organization\",\"name\":\"MSDS-Europe International branch of ToxInfo\",\"url\":\"https:\/\/www.msds-europe.com\/es\/\",\"logo\":{\"@type\":\"ImageObject\",\"inLanguage\":\"ro-RO\",\"@id\":\"https:\/\/www.msds-europe.com\/es\/#\/schema\/logo\/image\/\",\"url\":\"https:\/\/www.msds-europe.com\/wp-content\/uploads\/2021\/04\/msds-europe-logo.jpg\",\"contentUrl\":\"https:\/\/www.msds-europe.com\/wp-content\/uploads\/2021\/04\/msds-europe-logo.jpg\",\"width\":2296,\"height\":1067,\"caption\":\"MSDS-Europe International branch of ToxInfo\"},\"image\":{\"@id\":\"https:\/\/www.msds-europe.com\/es\/#\/schema\/logo\/image\/\"},\"sameAs\":[\"https:\/\/www.facebook.com\/toxinfokft\/\",\"https:\/\/x.com\/ToxInfoKft\"]}]}<\/script>\n<!-- \/ Yoast SEO plugin. -->","yoast_head_json":{"title":"\u00eentocmirea evalu\u0103rii siguran\u0163ei pentru produse cosmetice","description":"\u00centocmirea evalu\u0103rii siguran\u0163ei pentru cosmetice, produse cosmetice. \u00centocmirea Evalu\u0103rii siguran\u0163ei cu referin\u0163e interna\u0163ionale","robots":{"index":"index","follow":"follow","max-snippet":"max-snippet:-1","max-image-preview":"max-image-preview:large","max-video-preview":"max-video-preview:-1"},"canonical":"https:\/\/www.msds-europe.com\/ro\/intocmirea-evaluarii-sigurantei-pentru-cosmetice\/","og_locale":"ro_RO","og_type":"article","og_title":"\u00eentocmirea evalu\u0103rii siguran\u0163ei pentru produse cosmetice","og_description":"\u00centocmirea evalu\u0103rii siguran\u0163ei pentru cosmetice, produse cosmetice. \u00centocmirea Evalu\u0103rii siguran\u0163ei cu referin\u0163e interna\u0163ionale","og_url":"https:\/\/www.msds-europe.com\/ro\/intocmirea-evaluarii-sigurantei-pentru-cosmetice\/","og_site_name":"MSDS Europe","article_publisher":"https:\/\/www.facebook.com\/toxinfokft\/","article_modified_time":"2023-02-14T08:07:26+00:00","twitter_card":"summary_large_image","twitter_site":"@ToxInfoKft","twitter_misc":{"Timp estimat pentru citire":"3 minute"},"schema":{"@context":"https:\/\/schema.org","@graph":[{"@type":"WebPage","@id":"https:\/\/www.msds-europe.com\/ro\/intocmirea-evaluarii-sigurantei-pentru-cosmetice\/","url":"https:\/\/www.msds-europe.com\/ro\/intocmirea-evaluarii-sigurantei-pentru-cosmetice\/","name":"\u00eentocmirea evalu\u0103rii siguran\u0163ei pentru produse cosmetice","isPartOf":{"@id":"https:\/\/www.msds-europe.com\/es\/#website"},"datePublished":"2018-06-21T07:43:59+00:00","dateModified":"2023-02-14T08:07:26+00:00","description":"\u00centocmirea evalu\u0103rii siguran\u0163ei pentru cosmetice, produse cosmetice. \u00centocmirea Evalu\u0103rii siguran\u0163ei cu referin\u0163e interna\u0163ionale","breadcrumb":{"@id":"https:\/\/www.msds-europe.com\/ro\/intocmirea-evaluarii-sigurantei-pentru-cosmetice\/#breadcrumb"},"inLanguage":"ro-RO","potentialAction":[{"@type":"ReadAction","target":["https:\/\/www.msds-europe.com\/ro\/intocmirea-evaluarii-sigurantei-pentru-cosmetice\/"]}]},{"@type":"BreadcrumbList","@id":"https:\/\/www.msds-europe.com\/ro\/intocmirea-evaluarii-sigurantei-pentru-cosmetice\/#breadcrumb","itemListElement":[{"@type":"ListItem","position":1,"name":"F\u0151oldal","item":"https:\/\/www.msds-europe.com\/ro\/"},{"@type":"ListItem","position":2,"name":"\u00eentocmirea evalu\u0103rii siguran\u0163ei pentru cosmetice"}]},{"@type":"WebSite","@id":"https:\/\/www.msds-europe.com\/es\/#website","url":"https:\/\/www.msds-europe.com\/es\/","name":"MSDS Europe","description":"","publisher":{"@id":"https:\/\/www.msds-europe.com\/es\/#organization"},"potentialAction":[{"@type":"SearchAction","target":{"@type":"EntryPoint","urlTemplate":"https:\/\/www.msds-europe.com\/es\/?s={search_term_string}"},"query-input":{"@type":"PropertyValueSpecification","valueRequired":true,"valueName":"search_term_string"}}],"inLanguage":"ro-RO"},{"@type":"Organization","@id":"https:\/\/www.msds-europe.com\/es\/#organization","name":"MSDS-Europe International branch of ToxInfo","url":"https:\/\/www.msds-europe.com\/es\/","logo":{"@type":"ImageObject","inLanguage":"ro-RO","@id":"https:\/\/www.msds-europe.com\/es\/#\/schema\/logo\/image\/","url":"https:\/\/www.msds-europe.com\/wp-content\/uploads\/2021\/04\/msds-europe-logo.jpg","contentUrl":"https:\/\/www.msds-europe.com\/wp-content\/uploads\/2021\/04\/msds-europe-logo.jpg","width":2296,"height":1067,"caption":"MSDS-Europe International branch of ToxInfo"},"image":{"@id":"https:\/\/www.msds-europe.com\/es\/#\/schema\/logo\/image\/"},"sameAs":["https:\/\/www.facebook.com\/toxinfokft\/","https:\/\/x.com\/ToxInfoKft"]}]}},"_links":{"self":[{"href":"https:\/\/www.msds-europe.com\/ro\/wp-json\/wp\/v2\/pages\/5312","targetHints":{"allow":["GET"]}}],"collection":[{"href":"https:\/\/www.msds-europe.com\/ro\/wp-json\/wp\/v2\/pages"}],"about":[{"href":"https:\/\/www.msds-europe.com\/ro\/wp-json\/wp\/v2\/types\/page"}],"author":[{"embeddable":true,"href":"https:\/\/www.msds-europe.com\/ro\/wp-json\/wp\/v2\/users\/2"}],"replies":[{"embeddable":true,"href":"https:\/\/www.msds-europe.com\/ro\/wp-json\/wp\/v2\/comments?post=5312"}],"version-history":[{"count":7,"href":"https:\/\/www.msds-europe.com\/ro\/wp-json\/wp\/v2\/pages\/5312\/revisions"}],"predecessor-version":[{"id":28112,"href":"https:\/\/www.msds-europe.com\/ro\/wp-json\/wp\/v2\/pages\/5312\/revisions\/28112"}],"wp:attachment":[{"href":"https:\/\/www.msds-europe.com\/ro\/wp-json\/wp\/v2\/media?parent=5312"}],"wp:term":[{"taxonomy":"post_tag","embeddable":true,"href":"https:\/\/www.msds-europe.com\/ro\/wp-json\/wp\/v2\/tags?post=5312"}],"curies":[{"name":"wp","href":"https:\/\/api.w.org\/{rel}","templated":true}]}}