{"id":5288,"date":"2018-06-21T07:24:18","date_gmt":"2018-06-21T07:24:18","guid":{"rendered":"http:\/\/www.msds-europe.com\/produse-cosmetice-o-colectie-de-informatii-utile\/"},"modified":"2020-03-12T11:34:55","modified_gmt":"2020-03-12T11:34:55","slug":"produse-cosmetice","status":"publish","type":"page","link":"https:\/\/www.msds-europe.com\/ro\/produse-cosmetice\/","title":{"rendered":"Produse cosmetice &#8211; o colec\u021bie de informa\u021bii utile"},"content":{"rendered":"<p style=\"text-align: right;\"><em><a href=\"https:\/\/www.msds-europe.com\/ro\/\">MSDS-Europe<\/a> \u2013 Produse cosmetice baze de cuno\u0219tin\u021be<\/em><\/p>\n<p style=\"text-align: justify;\">Date \u0219i informa\u021bii utile privind cerin\u021bele referitoare la plasarea produselor cosmetice pe pia\u021b\u0103 \u0219i la procedura de autorizare.<\/p>\n<p>&nbsp;<\/p>\n<h2 style=\"text-align: justify;\">Scopul bazei de cuno\u0219tin\u021be al produselor cosmetice<\/h2>\n<p style=\"text-align: justify;\">Prin crearea acestei baze de cuno\u0219tin\u021be, dorim s\u0103 sprijinim activitatea produc\u0103torilor\/distribuitorilor produselor cosmetice.<\/p>\n<p style=\"text-align: justify;\">Articolele sunt publicate \u00een general \u00een categoria baze de cuno\u0219tin\u021be privind produsele cosmetice, nu sunt legate \u00een mod specific de o sarcin\u0103 sau de o cerin\u021b\u0103 reglementar\u0103, dar pot con\u021bine \u00een informa\u021bii importante.<\/p>\n<p style=\"text-align: justify;\"><strong>Aten\u0163ie!<\/strong><br \/>\nLa stabilirea sarcinilor legate de un produs cosmetic, este \u00eentotdeauna necesar luarea \u00een considerare tuturor aspectelor speciale ale produsului precum \u0219i activit\u0103\u0163ii cu produsul.<br \/>\nPot fi considerate autentice numai textele regulamentelor relevante, articolele publicate pe site-ul nostru au doar scop informativ.<\/p>\n<p style=\"text-align: justify;\">Verifica\u021bi ultima modificare din &#8222;<a href=\"https:\/\/www.msds-europe.com\/ro\/securitatea-chimica-schimbari-reglementare\/\">Regulamentele referitoare la securitatea chimic\u0103<\/a>&#8222;.<\/p>\n<p>&nbsp;<\/p>\n<h4 style=\"text-align: justify;\"><span style=\"color: #333333;\">Cele mai recente articole din baza de cuno\u0219tin\u021be privind produsele cosmetice<\/span><\/h4>\n<ul>\n<li style=\"text-align: justify;\"><a href=\"https:\/\/www.msds-europe.com\/ro\/obligatiile-distribuitorilor-produselor-cosmetice\/\">Obliga\u021biile distribuitorilor produselor cosmetice<\/a><\/li>\n<li style=\"text-align: justify;\"><a href=\"https:\/\/www.msds-europe.com\/ro\/responsabilitatile-persoanei-responsabile\/\">Responsabilit\u0103\u021bile persoanei responsabile<\/a><\/li>\n<\/ul>\n<p>&nbsp;<\/p>\n<h3>Consultare online gratuit\u0103<\/h3>\n<p>Dac\u0103 nu a\u021bi g\u0103sit informa\u021biile de care ave\u021bi nevoie pe site-ul nostru, pute\u021bi adresa \u00eentreb\u0103ri legate de securitatea chimic\u0103 direct exper\u021bilor no\u0219tri.<\/p>\n<p>Pentru a trimite \u00eentreb\u0103ri, utiliza\u021bi urm\u0103toarea aplica\u021bie de trimitere a mesajelor:<br \/>\n<a href=\"https:\/\/www.msds-europe.com\/ro\/consultare-online-gratuita\/\">Consultare online gratuit\u0103<\/a><\/p>\n<p>&nbsp;<\/p>\n<h3>C\u00e2nd ave\u0163i nevoie de asisten\u021b\u0103<\/h3>\n<p>Serviciul nostru <a href=\"https:\/\/www.msds-europe.com\/ro\/serviciul-pentru-clienti\/\">pentru clien\u021bi<\/a> v\u0103 ajut\u0103 \u00een alegerea serviciului potrivit.<\/p>\n<p>&nbsp;<\/p>\n<h3><span style=\"color: #333333;\">Serviciile noastre<\/span><\/h3>\n<ul>\n<li>Serviciul de <a href=\"https:\/\/www.msds-europe.com\/ro\/serviciul-de-notificare-cpnp\/\">notificare a produselor cosmetice<\/a> pe portalul CPNP<\/li>\n<li style=\"text-align: justify;\">Serviciul nostru de \u00eentocmire a <a href=\"https:\/\/www.msds-europe.com\/ro\/intocmirea-evaluarii-sigurantei-pentru-cosmetice\/\">evalu\u0103rii siguran\u021bei pentru produsele cosmetice<\/a> conform regulamentului (CE) nr. 1223\/2009<\/li>\n<li style=\"text-align: justify;\"><a href=\"https:\/\/www.msds-europe.com\/ro\/redactare-traducere-de-proiect-de-eticheta-pentru-produse-cosmetice\/\">Redactare, traducere de proiect de etichet\u0103<\/a> pentru produse cosmetice \u00een conformitate cu reglement\u0103rile relevante<\/li>\n<\/ul>\n<p>&nbsp;<\/p>\n<blockquote class=\"wp-embedded-content\" data-secret=\"9Y47kkMMqn\"><p><a href=\"https:\/\/www.msds-europe.com\/ro\/servicii-legate-produse-cosmetice\/\">Servicii legate de introducerea pe pia\u021b\u0103 a produselor cosmetice<\/a><\/p><\/blockquote>\n<p><iframe class=\"wp-embedded-content\" sandbox=\"allow-scripts\" security=\"restricted\" style=\"position: absolute; visibility: hidden;\" title=\"&#8222;Servicii legate de introducerea pe pia\u021b\u0103 a produselor cosmetice&#8221; &#8211; MSDS Europe\" src=\"https:\/\/www.msds-europe.com\/ro\/servicii-legate-produse-cosmetice\/embed\/#?secret=IrM0o2bkLT#?secret=9Y47kkMMqn\" data-secret=\"9Y47kkMMqn\" width=\"500\" height=\"282\" frameborder=\"0\" marginwidth=\"0\" marginheight=\"0\" scrolling=\"no\"><\/iframe><\/p>\n<p>&nbsp;<\/p>\n","protected":false},"excerpt":{"rendered":"<p>O colec\u021bie de informa\u0163ii de baz\u0103 utile privind produsele cosmetice ajut\u0103 \u00een\u021belegerea \u0219i respectarea cerin\u021belor legale privind produsele cosmetice.<\/p>\n","protected":false},"author":2,"featured_media":0,"parent":0,"menu_order":0,"comment_status":"closed","ping_status":"closed","template":"page-category.php","meta":{"_acf_changed":false,"footnotes":""},"tags":[379,366,382],"class_list":["post-5288","page","type-page","status-publish","hentry","tag-baza-de-cunostinte","tag-cosmetice","tag-produse-cosmetice-baze-de-cunostinte"],"acf":[],"yoast_head":"<!-- This site is optimized with the Yoast SEO plugin v27.2 - https:\/\/yoast.com\/product\/yoast-seo-wordpress\/ -->\n<title>Informa\u021bii necesare pentru distribuirea produselor cosmetice<\/title>\n<meta name=\"description\" content=\"Baza de cuno\u0219tin\u021be privind produsele cosmetice este util pentru \u00een\u021belegerea \u0219i respectarea cerin\u021belor legale privind produsele cosmetice.\" \/>\n<meta name=\"robots\" content=\"index, follow, max-snippet:-1, max-image-preview:large, max-video-preview:-1\" \/>\n<link rel=\"canonical\" href=\"https:\/\/www.msds-europe.com\/ro\/produse-cosmetice\/\" \/>\n<meta property=\"og:locale\" content=\"ro_RO\" \/>\n<meta property=\"og:type\" content=\"article\" \/>\n<meta property=\"og:title\" content=\"Informa\u021bii necesare pentru distribuirea produselor cosmetice\" \/>\n<meta property=\"og:description\" content=\"Baza de cuno\u0219tin\u021be privind produsele cosmetice este util pentru \u00een\u021belegerea \u0219i respectarea cerin\u021belor legale privind produsele cosmetice.\" \/>\n<meta property=\"og:url\" content=\"https:\/\/www.msds-europe.com\/ro\/produse-cosmetice\/\" \/>\n<meta property=\"og:site_name\" content=\"MSDS Europe\" \/>\n<meta property=\"article:publisher\" content=\"https:\/\/www.facebook.com\/toxinfokft\/\" \/>\n<meta property=\"article:modified_time\" content=\"2020-03-12T11:34:55+00:00\" \/>\n<meta name=\"twitter:card\" content=\"summary_large_image\" \/>\n<meta name=\"twitter:site\" content=\"@ToxInfoKft\" \/>\n<meta name=\"twitter:label1\" content=\"Timp estimat pentru citire\" \/>\n\t<meta name=\"twitter:data1\" content=\"1 minut\" \/>\n<script type=\"application\/ld+json\" class=\"yoast-schema-graph\">{\"@context\":\"https:\/\/schema.org\",\"@graph\":[{\"@type\":\"WebPage\",\"@id\":\"https:\/\/www.msds-europe.com\/ro\/produse-cosmetice\/\",\"url\":\"https:\/\/www.msds-europe.com\/ro\/produse-cosmetice\/\",\"name\":\"Informa\u021bii necesare pentru distribuirea produselor cosmetice\",\"isPartOf\":{\"@id\":\"https:\/\/www.msds-europe.com\/es\/#website\"},\"datePublished\":\"2018-06-21T07:24:18+00:00\",\"dateModified\":\"2020-03-12T11:34:55+00:00\",\"description\":\"Baza de cuno\u0219tin\u021be privind produsele cosmetice este util pentru \u00een\u021belegerea \u0219i respectarea cerin\u021belor legale privind produsele cosmetice.\",\"breadcrumb\":{\"@id\":\"https:\/\/www.msds-europe.com\/ro\/produse-cosmetice\/#breadcrumb\"},\"inLanguage\":\"ro-RO\",\"potentialAction\":[{\"@type\":\"ReadAction\",\"target\":[\"https:\/\/www.msds-europe.com\/ro\/produse-cosmetice\/\"]}]},{\"@type\":\"BreadcrumbList\",\"@id\":\"https:\/\/www.msds-europe.com\/ro\/produse-cosmetice\/#breadcrumb\",\"itemListElement\":[{\"@type\":\"ListItem\",\"position\":1,\"name\":\"F\u0151oldal\",\"item\":\"https:\/\/www.msds-europe.com\/ro\/\"},{\"@type\":\"ListItem\",\"position\":2,\"name\":\"Produse cosmetice &#8211; o colec\u021bie de informa\u021bii utile\"}]},{\"@type\":\"WebSite\",\"@id\":\"https:\/\/www.msds-europe.com\/es\/#website\",\"url\":\"https:\/\/www.msds-europe.com\/es\/\",\"name\":\"MSDS Europe\",\"description\":\"\",\"publisher\":{\"@id\":\"https:\/\/www.msds-europe.com\/es\/#organization\"},\"potentialAction\":[{\"@type\":\"SearchAction\",\"target\":{\"@type\":\"EntryPoint\",\"urlTemplate\":\"https:\/\/www.msds-europe.com\/es\/?s={search_term_string}\"},\"query-input\":{\"@type\":\"PropertyValueSpecification\",\"valueRequired\":true,\"valueName\":\"search_term_string\"}}],\"inLanguage\":\"ro-RO\"},{\"@type\":\"Organization\",\"@id\":\"https:\/\/www.msds-europe.com\/es\/#organization\",\"name\":\"MSDS-Europe International branch of ToxInfo\",\"url\":\"https:\/\/www.msds-europe.com\/es\/\",\"logo\":{\"@type\":\"ImageObject\",\"inLanguage\":\"ro-RO\",\"@id\":\"https:\/\/www.msds-europe.com\/es\/#\/schema\/logo\/image\/\",\"url\":\"https:\/\/www.msds-europe.com\/wp-content\/uploads\/2021\/04\/msds-europe-logo.jpg\",\"contentUrl\":\"https:\/\/www.msds-europe.com\/wp-content\/uploads\/2021\/04\/msds-europe-logo.jpg\",\"width\":2296,\"height\":1067,\"caption\":\"MSDS-Europe International branch of ToxInfo\"},\"image\":{\"@id\":\"https:\/\/www.msds-europe.com\/es\/#\/schema\/logo\/image\/\"},\"sameAs\":[\"https:\/\/www.facebook.com\/toxinfokft\/\",\"https:\/\/x.com\/ToxInfoKft\"]}]}<\/script>\n<!-- \/ Yoast SEO plugin. -->","yoast_head_json":{"title":"Informa\u021bii necesare pentru distribuirea produselor cosmetice","description":"Baza de cuno\u0219tin\u021be privind produsele cosmetice este util pentru \u00een\u021belegerea \u0219i respectarea cerin\u021belor legale privind produsele cosmetice.","robots":{"index":"index","follow":"follow","max-snippet":"max-snippet:-1","max-image-preview":"max-image-preview:large","max-video-preview":"max-video-preview:-1"},"canonical":"https:\/\/www.msds-europe.com\/ro\/produse-cosmetice\/","og_locale":"ro_RO","og_type":"article","og_title":"Informa\u021bii necesare pentru distribuirea produselor cosmetice","og_description":"Baza de cuno\u0219tin\u021be privind produsele cosmetice este util pentru \u00een\u021belegerea \u0219i respectarea cerin\u021belor legale privind produsele cosmetice.","og_url":"https:\/\/www.msds-europe.com\/ro\/produse-cosmetice\/","og_site_name":"MSDS Europe","article_publisher":"https:\/\/www.facebook.com\/toxinfokft\/","article_modified_time":"2020-03-12T11:34:55+00:00","twitter_card":"summary_large_image","twitter_site":"@ToxInfoKft","twitter_misc":{"Timp estimat pentru citire":"1 minut"},"schema":{"@context":"https:\/\/schema.org","@graph":[{"@type":"WebPage","@id":"https:\/\/www.msds-europe.com\/ro\/produse-cosmetice\/","url":"https:\/\/www.msds-europe.com\/ro\/produse-cosmetice\/","name":"Informa\u021bii necesare pentru distribuirea produselor cosmetice","isPartOf":{"@id":"https:\/\/www.msds-europe.com\/es\/#website"},"datePublished":"2018-06-21T07:24:18+00:00","dateModified":"2020-03-12T11:34:55+00:00","description":"Baza de cuno\u0219tin\u021be privind produsele cosmetice este util pentru \u00een\u021belegerea \u0219i respectarea cerin\u021belor legale privind produsele cosmetice.","breadcrumb":{"@id":"https:\/\/www.msds-europe.com\/ro\/produse-cosmetice\/#breadcrumb"},"inLanguage":"ro-RO","potentialAction":[{"@type":"ReadAction","target":["https:\/\/www.msds-europe.com\/ro\/produse-cosmetice\/"]}]},{"@type":"BreadcrumbList","@id":"https:\/\/www.msds-europe.com\/ro\/produse-cosmetice\/#breadcrumb","itemListElement":[{"@type":"ListItem","position":1,"name":"F\u0151oldal","item":"https:\/\/www.msds-europe.com\/ro\/"},{"@type":"ListItem","position":2,"name":"Produse cosmetice &#8211; o colec\u021bie de informa\u021bii utile"}]},{"@type":"WebSite","@id":"https:\/\/www.msds-europe.com\/es\/#website","url":"https:\/\/www.msds-europe.com\/es\/","name":"MSDS Europe","description":"","publisher":{"@id":"https:\/\/www.msds-europe.com\/es\/#organization"},"potentialAction":[{"@type":"SearchAction","target":{"@type":"EntryPoint","urlTemplate":"https:\/\/www.msds-europe.com\/es\/?s={search_term_string}"},"query-input":{"@type":"PropertyValueSpecification","valueRequired":true,"valueName":"search_term_string"}}],"inLanguage":"ro-RO"},{"@type":"Organization","@id":"https:\/\/www.msds-europe.com\/es\/#organization","name":"MSDS-Europe International branch of ToxInfo","url":"https:\/\/www.msds-europe.com\/es\/","logo":{"@type":"ImageObject","inLanguage":"ro-RO","@id":"https:\/\/www.msds-europe.com\/es\/#\/schema\/logo\/image\/","url":"https:\/\/www.msds-europe.com\/wp-content\/uploads\/2021\/04\/msds-europe-logo.jpg","contentUrl":"https:\/\/www.msds-europe.com\/wp-content\/uploads\/2021\/04\/msds-europe-logo.jpg","width":2296,"height":1067,"caption":"MSDS-Europe International branch of ToxInfo"},"image":{"@id":"https:\/\/www.msds-europe.com\/es\/#\/schema\/logo\/image\/"},"sameAs":["https:\/\/www.facebook.com\/toxinfokft\/","https:\/\/x.com\/ToxInfoKft"]}]}},"_links":{"self":[{"href":"https:\/\/www.msds-europe.com\/ro\/wp-json\/wp\/v2\/pages\/5288","targetHints":{"allow":["GET"]}}],"collection":[{"href":"https:\/\/www.msds-europe.com\/ro\/wp-json\/wp\/v2\/pages"}],"about":[{"href":"https:\/\/www.msds-europe.com\/ro\/wp-json\/wp\/v2\/types\/page"}],"author":[{"embeddable":true,"href":"https:\/\/www.msds-europe.com\/ro\/wp-json\/wp\/v2\/users\/2"}],"replies":[{"embeddable":true,"href":"https:\/\/www.msds-europe.com\/ro\/wp-json\/wp\/v2\/comments?post=5288"}],"version-history":[{"count":6,"href":"https:\/\/www.msds-europe.com\/ro\/wp-json\/wp\/v2\/pages\/5288\/revisions"}],"predecessor-version":[{"id":20794,"href":"https:\/\/www.msds-europe.com\/ro\/wp-json\/wp\/v2\/pages\/5288\/revisions\/20794"}],"wp:attachment":[{"href":"https:\/\/www.msds-europe.com\/ro\/wp-json\/wp\/v2\/media?parent=5288"}],"wp:term":[{"taxonomy":"post_tag","embeddable":true,"href":"https:\/\/www.msds-europe.com\/ro\/wp-json\/wp\/v2\/tags?post=5288"}],"curies":[{"name":"wp","href":"https:\/\/api.w.org\/{rel}","templated":true}]}}