{"id":5272,"date":"2018-06-21T07:09:45","date_gmt":"2018-06-21T07:09:45","guid":{"rendered":"http:\/\/www.msds-europe.com\/reach-baza-de-cunostinte\/"},"modified":"2026-03-11T14:10:31","modified_gmt":"2026-03-11T14:10:31","slug":"reach-baza-de-cunostinte","status":"publish","type":"page","link":"https:\/\/www.msds-europe.com\/ro\/reach-baza-de-cunostinte\/","title":{"rendered":"REACH baz\u0103 de cuno\u0219tin\u021be"},"content":{"rendered":"<p>&nbsp;<\/p>\n<h2><span style=\"color: #333333;\">Scopul bazei de cuno\u0219tin\u021be REACH<\/span><\/h2>\n<p style=\"text-align: justify;\">Prin crearea acestei baze de cuno\u0219tin\u021be, dorim s\u0103 sprijinim activitatea produc\u0103torilor, a utilizatorilor din aval \u0219i a distribuitorilor care au obliga\u021bii \u00een temeiul Regulamentului REACH.<\/p>\n<p style=\"text-align: justify;\">Public\u0103m, \u00een principal, articole \u00een baza de cuno\u0219tin\u021be REACH, care atrag aten\u021bia asupra obliga\u021biilor de baz\u0103 privind REACH sau pot fi utilizate ca surs\u0103 imediat\u0103 de informa\u021bii, f\u0103r\u0103 a fi necesar\u0103 analizarea textului integral al regulamentului.<\/p>\n<p style=\"text-align: justify;\">Prin materialele profesionale publicate pe site-ul nostru, dorim s\u0103 ajut\u0103m companiile s\u0103 \u00ee\u0219i determine obliga\u021biile \u0219i responsabilit\u0103\u021bile \u00een temeiul Regulamentului REACH. Oferim informa\u021bii de baz\u0103 pentru anumite reglement\u0103ri \u0219i sub-sarcini, care v\u0103 ajut\u0103 s\u0103 g\u0103si\u021bi direc\u021biile potrivite \u00een timpul implement\u0103rii.<\/p>\n<p>&nbsp;<\/p>\n<p style=\"text-align: justify;\"><strong>Aten\u021bie!<\/strong><br \/>\nAnumite articole de pe pagina noastr\u0103 web nu iau neap\u0103rat \u00een considerare toate aspectele legate de siguran\u021ba chimic\u0103 \u2013 pentru o \u00een\u021belegere mai u\u0219oar\u0103 \u2013 \u0219i pot con\u021bine, prin urmare, unele formul\u0103ri \u201esimplificate\u201d.<\/p>\n<p style=\"text-align: justify;\">\u00cen fiecare caz, este necesar\u0103 definirea sarcinilor specifice legate de REACH pentru compania \u00een cauz\u0103, iar ca surse autentice pot fi considerate doar textele regulamentelor relevante.<\/p>\n<p style=\"text-align: justify;\">Verifica\u021bi cele mai recente modific\u0103ri ale Regulamentului REACH \u00een sec\u021biunea \u201e<a href=\"https:\/\/www.msds-europe.com\/ro\/securitatea-chimica-schimbari-reglementare\/\">Reglement\u0103ri privind siguran\u021ba chimic\u0103<\/a>\u201d.<\/p>\n<p>&nbsp;<\/p>\n<h4><span style=\"color: #333333;\">Ultimele articole din baza de cuno\u0219tin\u021be REACH<\/span><\/h4>\n<ul>\n<li><a href=\"https:\/\/www.msds-europe.com\/distributors-reach-communication-obligations\/\">Obliga\u021biile distribuitorilor \u00een comunicarea REACH<\/a><\/li>\n<li><a href=\"https:\/\/www.msds-europe.com\/reach-obligations-manufacturers-importers\/\">Obliga\u021biile REACH ale produc\u0103torilor \u0219i importatorilor<\/a><\/li>\n<li><a href=\"https:\/\/www.msds-europe.com\/authorization-svhc-substances\/\">Autorizarea substan\u021belor SVHC<\/a><\/li>\n<li><a href=\"https:\/\/www.msds-europe.com\/articels-reach-provisions\/\">Dispozi\u021biile REACH pentru articole<\/a><\/li>\n<\/ul>\n<p>&nbsp;<\/p>\n<h4><span style=\"color: #333333;\">Alte articole utile<\/span><\/h4>\n<p><a href=\"https:\/\/www.msds-europe.com\/ro\/cunostinte-fisa-cu-date-de-securitate\/\"><img decoding=\"async\" class=\"size-full wp-image-33441 alignright\" src=\"https:\/\/www.msds-europe.com\/wp-content\/uploads\/2025\/06\/MSDS-Europe-\u2013-Resurse-profesionale.jpg\" alt=\"\" width=\"300\" height=\"277\" \/><\/a><\/p>\n<h3>Baz\u0103 de cuno\u0219tin\u021be despre fi\u0219ele cu date de securitate<\/h3>\n<p style=\"text-align: justify;\">\u00cen categoria \u201e<strong>Baz\u0103 de cuno\u0219tin\u021be SDS<\/strong>\u201d public\u0103m, \u00een principal, articole care atrag aten\u021bia asupra obliga\u021biilor fundamentale \u0219i a informa\u021biilor esen\u021biale legate de fi\u0219ele cu date de securitate.<\/p>\n<p style=\"text-align: justify;\"><em>Articole noi \u00een categoria \u201eBaz\u0103 de cuno\u0219tin\u021be SDS\u201d:<\/em><\/p>\n<ul>\n<li style=\"text-align: justify;\"><a href=\"https:\/\/www.msds-europe.com\/ro\/clp-2026-clase-pericol-amestecuri-fds-etichetare\/\"><em>CLP 2026: noi clase de pericol pentru amestecuri \u2013 ac\u021biuni necesare privind SDS \u0219i etichetarea<\/em><\/a><\/li>\n<li style=\"text-align: justify;\"><a href=\"https:\/\/www.msds-europe.com\/ro\/sds-sectiunea-1-identificator-produs-ufi-amestecuri\/\"><em>SDS Sec\u021biunea 1: identificator de produs \u0219i UFI<\/em><\/a><\/li>\n<li style=\"text-align: justify;\"><a href=\"https:\/\/www.msds-europe.com\/ro\/sds-cerinte-lingvistice\/\"><em>Limba fi\u0219ei cu date de securitate \u00een UE \u2013 \u00cen ce limb\u0103 este obligatorie FDS?<\/em><\/a><\/li>\n<li style=\"text-align: justify;\"><a href=\"https:\/\/www.msds-europe.com\/ro\/sds-surse-informare-baze-date\/\"><em>Surse de informare \u0219i baze de date utile pentru elaborarea SDS<\/em><\/a><\/li>\n<\/ul>\n<p>&nbsp;<\/p>\n<h3>Busol\u0103 pentru siguran\u021ba chimic\u0103<\/h3>\n<p style=\"text-align: justify;\"><strong><a href=\"https:\/\/www.msds-europe.com\/ro\/siguranta-chimica-articole-analize\/\"><img decoding=\"async\" class=\"alignright size-full wp-image-33453\" src=\"https:\/\/www.msds-europe.com\/wp-content\/uploads\/2025\/06\/MSDS-Europe-\u2013-Busola-pentru-siguranta-chimica.jpg\" alt=\"\" width=\"300\" height=\"180\" \/><\/a>Siguran\u021ba chimic\u0103 pe \u00een\u021belesul tuturor.<\/strong><\/p>\n<p style=\"text-align: justify;\">Articole mai accesibile despre siguran\u021ba chimic\u0103, care includ informa\u021bii de context utile \u0219i analize.<\/p>\n<p style=\"text-align: justify;\"><em>Articole recente din \u201eBusola pentru siguran\u021ba chimic\u0103\u201d:<\/em><\/p>\n<ul>\n<li><a href=\"https:\/\/www.msds-europe.com\/ro\/siguranta-chimica-articole-analize\/#firefighting-foams\"><em>Eliminarea treptat\u0103 a spumelor de stingere a incendiilor care con\u021bin PFAS: termene, tranzi\u021bie \u0219i gestionarea de\u0219eurilor<\/em><\/a><\/li>\n<li><a href=\"https:\/\/www.msds-europe.com\/ro\/siguranta-chimica-articole-analize\/#clp-trap\"><em>Capcana CLP pentru produc\u0103torii de amestecuri \u00een 2026: termene pentru substan\u021be \u0219i amestecuri \u0219i puncte de ac\u021biune<\/em><\/a><\/li>\n<li><a href=\"https:\/\/www.msds-europe.com\/ro\/siguranta-chimica-articole-analize\/#digital-label\"><em>Eticheta digital\u0103 \u00een CLP: obliga\u021bii, ac\u021biuni ale companiei \u0219i implementare tehnic\u0103 (cod QR)<\/em><\/a><\/li>\n<li style=\"text-align: justify;\"><a href=\"https:\/\/www.msds-europe.com\/ro\/siguranta-chimica-articole-analize\/#calendar-2026\"><em>Calendarul 2026 al termenelor \u0219i ac\u021biunilor privind siguran\u021ba chimic\u0103<\/em><\/a><\/li>\n<li style=\"text-align: justify;\"><a href=\"https:\/\/www.msds-europe.com\/ro\/siguranta-chimica-articole-analize\/#publicitate-online\"><em>Noi reguli CLP pentru e-commerce: etichetare \u0219i publicitate<\/em><\/a><\/li>\n<\/ul>\n<p>&nbsp;<\/p>\n<h4><span style=\"color: #333333;\">\u00centreb\u0103ri suplimentare?<\/span><\/h4>\n<p style=\"text-align: justify;\">Contacta\u021bi serviciul nostru pentru clien\u021bi sau adresa\u021bi-v\u0103 expertului nostru online.<\/p>\n<a href=\"https:\/\/www.msds-europe.com\/ro\/serviciul-pentru-clienti\/\" class=\"su-button su-button-style-default\" style=\"color:#ef552d;background-color:#fefefe;border-color:#cccccc;border-radius:6px\" target=\"_self\"><span style=\"color:#ef552d;padding:0px 18px;font-size:14px;line-height:28px;border-color:#ffffff;border-radius:6px;text-shadow:none\"> Serviciul clien\u021bi<\/span><\/a>\u00a0 \u00a0 \u00a0 \u00a0 \u00a0 \u00a0 \u00a0 <a href=\"https:\/\/www.msds-europe.com\/ro\/consultare-online-gratuita\/\" class=\"su-button su-button-style-default\" style=\"color:#ffffff;background-color:#ef552d;border-color:#c04424;border-radius:6px\" target=\"_self\"><span style=\"color:#ffffff;padding:0px 18px;font-size:14px;line-height:28px;border-color:#f4886c;border-radius:6px;text-shadow:0px 0px 2px #ffffff\"> \u00centreba\u021bi expertul nostru<\/span><\/a>\n<p>&nbsp;<\/p>\n<h4><span style=\"color: #333333;\">Servicii recomandate:<\/span><\/h4>\n<ul>\n<li><a href=\"https:\/\/www.msds-europe.com\/ro\/fisa-cu-date-de-securitate-traductie\/\">Servicii de traducere FDS<\/a><\/li>\n<li><a href=\"https:\/\/www.msds-europe.com\/ro\/efisa-cu-date-de-securitate-elaborare-intocmire\/\">Elaborarea \u0219i \u00eentocmirea unei fi\u0219e cu date de securitate<\/a><\/li>\n<li><a href=\"https:\/\/www.msds-europe.com\/ro\/notificare-amestecuri-pcn-cod-ufi\/\">Notificarea amestecurilor \u00een PCN<\/a><\/li>\n<\/ul>\n<p>&nbsp;<\/p>\n","protected":false},"excerpt":{"rendered":"<p>Baza de cuno\u0219tin\u021be REACH con\u021bine informa\u021bii utile necesare pentru a se conforma cerin\u021belor REACH la toate nivelurile ale lan\u021bului de aprovizionare.<\/p>\n","protected":false},"author":2,"featured_media":0,"parent":0,"menu_order":0,"comment_status":"closed","ping_status":"closed","template":"page-category.php","meta":{"_acf_changed":false,"footnotes":""},"tags":[379],"class_list":["post-5272","page","type-page","status-publish","hentry","tag-baza-de-cunostinte"],"acf":[],"yoast_head":"<!-- This site is optimized with the Yoast SEO plugin v27.2 - https:\/\/yoast.com\/product\/yoast-seo-wordpress\/ -->\n<title>Baz\u0103 de cuno\u0219tin\u021be REACH: ghiduri \u0219i obliga\u021bii | MSDS-Europe<\/title>\n<meta name=\"description\" content=\"Articole practice despre cerin\u021bele REACH pentru produc\u0103tori, importatori, distribuitori \u0219i utilizatori din aval.\" \/>\n<meta name=\"robots\" content=\"index, follow, max-snippet:-1, max-image-preview:large, max-video-preview:-1\" \/>\n<link rel=\"canonical\" href=\"https:\/\/www.msds-europe.com\/ro\/reach-baza-de-cunostinte\/\" \/>\n<meta property=\"og:locale\" content=\"ro_RO\" \/>\n<meta property=\"og:type\" content=\"article\" \/>\n<meta property=\"og:title\" content=\"Baz\u0103 de cuno\u0219tin\u021be REACH: ghiduri \u0219i obliga\u021bii | MSDS-Europe\" \/>\n<meta property=\"og:description\" content=\"Articole practice despre cerin\u021bele REACH pentru produc\u0103tori, importatori, distribuitori \u0219i utilizatori din aval.\" \/>\n<meta property=\"og:url\" content=\"https:\/\/www.msds-europe.com\/ro\/reach-baza-de-cunostinte\/\" \/>\n<meta property=\"og:site_name\" content=\"MSDS Europe\" \/>\n<meta property=\"article:publisher\" content=\"https:\/\/www.facebook.com\/toxinfokft\/\" \/>\n<meta property=\"article:modified_time\" content=\"2026-03-11T14:10:31+00:00\" \/>\n<meta name=\"twitter:card\" content=\"summary_large_image\" \/>\n<meta name=\"twitter:site\" content=\"@ToxInfoKft\" \/>\n<meta name=\"twitter:label1\" content=\"Timp estimat pentru citire\" \/>\n\t<meta name=\"twitter:data1\" content=\"3 minute\" \/>\n<script type=\"application\/ld+json\" class=\"yoast-schema-graph\">{\"@context\":\"https:\/\/schema.org\",\"@graph\":[{\"@type\":\"WebPage\",\"@id\":\"https:\/\/www.msds-europe.com\/ro\/reach-baza-de-cunostinte\/\",\"url\":\"https:\/\/www.msds-europe.com\/ro\/reach-baza-de-cunostinte\/\",\"name\":\"Baz\u0103 de cuno\u0219tin\u021be REACH: ghiduri \u0219i obliga\u021bii | MSDS-Europe\",\"isPartOf\":{\"@id\":\"https:\/\/www.msds-europe.com\/es\/#website\"},\"datePublished\":\"2018-06-21T07:09:45+00:00\",\"dateModified\":\"2026-03-11T14:10:31+00:00\",\"description\":\"Articole practice despre cerin\u021bele REACH pentru produc\u0103tori, importatori, distribuitori \u0219i utilizatori din aval.\",\"breadcrumb\":{\"@id\":\"https:\/\/www.msds-europe.com\/ro\/reach-baza-de-cunostinte\/#breadcrumb\"},\"inLanguage\":\"ro-RO\",\"potentialAction\":[{\"@type\":\"ReadAction\",\"target\":[\"https:\/\/www.msds-europe.com\/ro\/reach-baza-de-cunostinte\/\"]}]},{\"@type\":\"BreadcrumbList\",\"@id\":\"https:\/\/www.msds-europe.com\/ro\/reach-baza-de-cunostinte\/#breadcrumb\",\"itemListElement\":[{\"@type\":\"ListItem\",\"position\":1,\"name\":\"F\u0151oldal\",\"item\":\"https:\/\/www.msds-europe.com\/ro\/\"},{\"@type\":\"ListItem\",\"position\":2,\"name\":\"REACH baz\u0103 de cuno\u0219tin\u021be\"}]},{\"@type\":\"WebSite\",\"@id\":\"https:\/\/www.msds-europe.com\/es\/#website\",\"url\":\"https:\/\/www.msds-europe.com\/es\/\",\"name\":\"MSDS Europe\",\"description\":\"\",\"publisher\":{\"@id\":\"https:\/\/www.msds-europe.com\/es\/#organization\"},\"potentialAction\":[{\"@type\":\"SearchAction\",\"target\":{\"@type\":\"EntryPoint\",\"urlTemplate\":\"https:\/\/www.msds-europe.com\/es\/?s={search_term_string}\"},\"query-input\":{\"@type\":\"PropertyValueSpecification\",\"valueRequired\":true,\"valueName\":\"search_term_string\"}}],\"inLanguage\":\"ro-RO\"},{\"@type\":\"Organization\",\"@id\":\"https:\/\/www.msds-europe.com\/es\/#organization\",\"name\":\"MSDS-Europe International branch of ToxInfo\",\"url\":\"https:\/\/www.msds-europe.com\/es\/\",\"logo\":{\"@type\":\"ImageObject\",\"inLanguage\":\"ro-RO\",\"@id\":\"https:\/\/www.msds-europe.com\/es\/#\/schema\/logo\/image\/\",\"url\":\"https:\/\/www.msds-europe.com\/wp-content\/uploads\/2021\/04\/msds-europe-logo.jpg\",\"contentUrl\":\"https:\/\/www.msds-europe.com\/wp-content\/uploads\/2021\/04\/msds-europe-logo.jpg\",\"width\":2296,\"height\":1067,\"caption\":\"MSDS-Europe International branch of ToxInfo\"},\"image\":{\"@id\":\"https:\/\/www.msds-europe.com\/es\/#\/schema\/logo\/image\/\"},\"sameAs\":[\"https:\/\/www.facebook.com\/toxinfokft\/\",\"https:\/\/x.com\/ToxInfoKft\"]}]}<\/script>\n<!-- \/ Yoast SEO plugin. -->","yoast_head_json":{"title":"Baz\u0103 de cuno\u0219tin\u021be REACH: ghiduri \u0219i obliga\u021bii | MSDS-Europe","description":"Articole practice despre cerin\u021bele REACH pentru produc\u0103tori, importatori, distribuitori \u0219i utilizatori din aval.","robots":{"index":"index","follow":"follow","max-snippet":"max-snippet:-1","max-image-preview":"max-image-preview:large","max-video-preview":"max-video-preview:-1"},"canonical":"https:\/\/www.msds-europe.com\/ro\/reach-baza-de-cunostinte\/","og_locale":"ro_RO","og_type":"article","og_title":"Baz\u0103 de cuno\u0219tin\u021be REACH: ghiduri \u0219i obliga\u021bii | MSDS-Europe","og_description":"Articole practice despre cerin\u021bele REACH pentru produc\u0103tori, importatori, distribuitori \u0219i utilizatori din aval.","og_url":"https:\/\/www.msds-europe.com\/ro\/reach-baza-de-cunostinte\/","og_site_name":"MSDS Europe","article_publisher":"https:\/\/www.facebook.com\/toxinfokft\/","article_modified_time":"2026-03-11T14:10:31+00:00","twitter_card":"summary_large_image","twitter_site":"@ToxInfoKft","twitter_misc":{"Timp estimat pentru citire":"3 minute"},"schema":{"@context":"https:\/\/schema.org","@graph":[{"@type":"WebPage","@id":"https:\/\/www.msds-europe.com\/ro\/reach-baza-de-cunostinte\/","url":"https:\/\/www.msds-europe.com\/ro\/reach-baza-de-cunostinte\/","name":"Baz\u0103 de cuno\u0219tin\u021be REACH: ghiduri \u0219i obliga\u021bii | MSDS-Europe","isPartOf":{"@id":"https:\/\/www.msds-europe.com\/es\/#website"},"datePublished":"2018-06-21T07:09:45+00:00","dateModified":"2026-03-11T14:10:31+00:00","description":"Articole practice despre cerin\u021bele REACH pentru produc\u0103tori, importatori, distribuitori \u0219i utilizatori din aval.","breadcrumb":{"@id":"https:\/\/www.msds-europe.com\/ro\/reach-baza-de-cunostinte\/#breadcrumb"},"inLanguage":"ro-RO","potentialAction":[{"@type":"ReadAction","target":["https:\/\/www.msds-europe.com\/ro\/reach-baza-de-cunostinte\/"]}]},{"@type":"BreadcrumbList","@id":"https:\/\/www.msds-europe.com\/ro\/reach-baza-de-cunostinte\/#breadcrumb","itemListElement":[{"@type":"ListItem","position":1,"name":"F\u0151oldal","item":"https:\/\/www.msds-europe.com\/ro\/"},{"@type":"ListItem","position":2,"name":"REACH baz\u0103 de cuno\u0219tin\u021be"}]},{"@type":"WebSite","@id":"https:\/\/www.msds-europe.com\/es\/#website","url":"https:\/\/www.msds-europe.com\/es\/","name":"MSDS Europe","description":"","publisher":{"@id":"https:\/\/www.msds-europe.com\/es\/#organization"},"potentialAction":[{"@type":"SearchAction","target":{"@type":"EntryPoint","urlTemplate":"https:\/\/www.msds-europe.com\/es\/?s={search_term_string}"},"query-input":{"@type":"PropertyValueSpecification","valueRequired":true,"valueName":"search_term_string"}}],"inLanguage":"ro-RO"},{"@type":"Organization","@id":"https:\/\/www.msds-europe.com\/es\/#organization","name":"MSDS-Europe International branch of ToxInfo","url":"https:\/\/www.msds-europe.com\/es\/","logo":{"@type":"ImageObject","inLanguage":"ro-RO","@id":"https:\/\/www.msds-europe.com\/es\/#\/schema\/logo\/image\/","url":"https:\/\/www.msds-europe.com\/wp-content\/uploads\/2021\/04\/msds-europe-logo.jpg","contentUrl":"https:\/\/www.msds-europe.com\/wp-content\/uploads\/2021\/04\/msds-europe-logo.jpg","width":2296,"height":1067,"caption":"MSDS-Europe International branch of ToxInfo"},"image":{"@id":"https:\/\/www.msds-europe.com\/es\/#\/schema\/logo\/image\/"},"sameAs":["https:\/\/www.facebook.com\/toxinfokft\/","https:\/\/x.com\/ToxInfoKft"]}]}},"_links":{"self":[{"href":"https:\/\/www.msds-europe.com\/ro\/wp-json\/wp\/v2\/pages\/5272","targetHints":{"allow":["GET"]}}],"collection":[{"href":"https:\/\/www.msds-europe.com\/ro\/wp-json\/wp\/v2\/pages"}],"about":[{"href":"https:\/\/www.msds-europe.com\/ro\/wp-json\/wp\/v2\/types\/page"}],"author":[{"embeddable":true,"href":"https:\/\/www.msds-europe.com\/ro\/wp-json\/wp\/v2\/users\/2"}],"replies":[{"embeddable":true,"href":"https:\/\/www.msds-europe.com\/ro\/wp-json\/wp\/v2\/comments?post=5272"}],"version-history":[{"count":14,"href":"https:\/\/www.msds-europe.com\/ro\/wp-json\/wp\/v2\/pages\/5272\/revisions"}],"predecessor-version":[{"id":38577,"href":"https:\/\/www.msds-europe.com\/ro\/wp-json\/wp\/v2\/pages\/5272\/revisions\/38577"}],"wp:attachment":[{"href":"https:\/\/www.msds-europe.com\/ro\/wp-json\/wp\/v2\/media?parent=5272"}],"wp:term":[{"taxonomy":"post_tag","embeddable":true,"href":"https:\/\/www.msds-europe.com\/ro\/wp-json\/wp\/v2\/tags?post=5272"}],"curies":[{"name":"wp","href":"https:\/\/api.w.org\/{rel}","templated":true}]}}