{"id":5240,"date":"2018-06-21T06:33:16","date_gmt":"2018-06-21T06:33:16","guid":{"rendered":"http:\/\/www.msds-europe.com\/materiale-de-baza-utile-si-ghiduri-pentru-fisele-cu-date-de-securitate\/"},"modified":"2026-03-11T14:11:29","modified_gmt":"2026-03-11T14:11:29","slug":"cunostinte-fisa-cu-date-de-securitate","status":"publish","type":"page","link":"https:\/\/www.msds-europe.com\/ro\/cunostinte-fisa-cu-date-de-securitate\/","title":{"rendered":"Materiale de baz\u0103 utile \u0219i ghiduri pentru fi\u0219ele cu date de securitate"},"content":{"rendered":"<p style=\"text-align: right;\"><em><a href=\"https:\/\/www.msds-europe.com\/ro\/\">MSDS-Europe<\/a> \u2013 Baza de cuno\u0219tin\u021be privind fi\u0219a cu date de securitate<\/em><\/p>\n<p>&nbsp;<\/p>\n<p style=\"text-align: justify;\">Baza de cuno\u0219tin\u021be privind <a href=\"https:\/\/www.msds-europe.com\/ro\/definitie-fisa-de-date-de-securitate\/\">fi\u0219a cu date de securitate<\/a> ofer\u0103 asisten\u021b\u0103 pentru interpretarea fi\u0219ei cu date de securitate \u0219i pentru cerin\u021bele de <a href=\"https:\/\/www.msds-europe.com\/ro\/securitatea-chimica-schimbari-reglementare\/\">reglementare aferente<\/a>.<\/p>\n<p>&nbsp;<\/p>\n<h2 style=\"text-align: justify;\">Scopul bazei de cuno\u0219tin\u021be privind fi\u0219a cu date de securitate<\/h2>\n<p style=\"text-align: justify;\">Prin crearea acestei baze de cuno\u0219tin\u021be, dorim s\u0103 sprijinim activitatea societ\u0103\u021bilor care utilizeaz\u0103 amestecuri \u0219i substan\u021be periculoase.<\/p>\n<p style=\"text-align: justify;\">\u00cen baza de cuno\u0219tin\u021be privind fi\u0219ele cu date de securitate public\u0103m, \u00een principal, articole relevante, care atrag aten\u021bia asupra obliga\u021biilor de baz\u0103 privind fi\u0219ele cu date de securitate sau pot fi utilizate ca surs\u0103 imediat\u0103 de informa\u021bii, f\u0103r\u0103 analizarea textului integral al regulamentelor.<\/p>\n<p style=\"text-align: justify;\">Identificarea obliga\u021biilor \u0219i a sarcinilor legate de fi\u0219ele cu date de securitate este doar primul pas. Sunt necesare cuno\u0219tin\u021be de baz\u0103 adecvate pentru a dezvolta o solu\u021bie strategic\u0103 specific\u0103, pentru a evalua necesarul de resurse umane \u0219i\/sau de asisten\u021b\u0103 extern\u0103. \u00cen cazul angaj\u0103rii unei societ\u0103\u021bi de consultan\u021b\u0103 \/ furnizor de servicii, este necesar s\u0103 cunoa\u0219tem reglement\u0103rile relevante la un nivel suficient de detaliu \u00eenc\u00e2t activitatea efectuat\u0103 (sau serviciul utilizat) s\u0103 poat\u0103 fi evaluat\u0103 \u0219i controlat\u0103.<\/p>\n<p style=\"text-align: justify;\"><strong>Aten\u021bie!<\/strong> Anumite articole din \u201eBaza de cuno\u0219tin\u021be privind fi\u0219a cu date de securitate\u201d nu iau \u00een considerare neap\u0103rat toate aspectele legate de siguran\u021ba chimic\u0103 \u2014 pentru o \u00een\u021belegere mai u\u0219oar\u0103 \u2014 \u0219i pot con\u021bine, prin urmare, c\u00e2teva afirma\u021bii \u201esimplificate\u201d. \u00cen fiecare caz, este necesar\u0103 definirea sarcinilor specifice legate de siguran\u021ba chimic\u0103 pentru compania \u00een cauz\u0103, iar ca referin\u021b\u0103 autentic\u0103 pot fi considerate numai textele regulamentelor relevante.<\/p>\n<p style=\"text-align: justify;\">Verifica\u021bi cele mai recente reglement\u0103ri privind siguran\u021ba chimic\u0103 \u00een \u201e<a href=\"https:\/\/www.msds-europe.com\/ro\/securitatea-chimica-schimbari-reglementare\/\">Regulamentele referitoare la siguran\u021ba chimic\u0103<\/a>\u201d.<\/p>\n<p>&nbsp;<\/p>\n<p><strong>Ultimele articole din categoria Baza de cuno\u0219tin\u021be privind fi\u0219a cu date de securitate:<\/strong><\/p>\n<ul>\n<li><a href=\"https:\/\/www.msds-europe.com\/ro\/clp-2026-clase-pericol-amestecuri-fds-etichetare\/\"><em>CLP 2026: noi clase de pericol pentru amestecuri \u2013 ac\u021biuni necesare privind SDS \u0219i etichetarea<\/em><\/a><\/li>\n<li><em><a href=\"https:\/\/www.msds-europe.com\/ro\/sds-sectiunea-1-identificator-produs-ufi-amestecuri\/\">SDS Sec\u021biunea 1: identificator de produs \u0219i UFI<\/a><\/em><\/li>\n<li><a href=\"https:\/\/www.msds-europe.com\/ro\/sds-cerinte-lingvistice\/\"><em>Limba fi\u0219ei cu date de securitate \u00een UE \u2013 \u00cen ce limb\u0103 este obligatorie FDS?<\/em><\/a><\/li>\n<li><a href=\"https:\/\/www.msds-europe.com\/ro\/sds-surse-informare-baze-date\/\"><em>Surse de informare \u0219i baze de date utile pentru elaborarea SDS<\/em><\/a><\/li>\n<\/ul>\n<p>&nbsp;<\/p>\n<h4><span style=\"color: #333333;\">Alte articole utile<\/span><img decoding=\"async\" class=\"alignright size-full wp-image-36412\" src=\"https:\/\/www.msds-europe.com\/wp-content\/uploads\/2026\/02\/Busola-pentru-siguranta-chimica.jpg\" alt=\"\" width=\"300\" height=\"180\" \/><\/h4>\n<h3>Busola pentru siguran\u021ba chimic\u0103<\/h3>\n<p><strong>Siguran\u021ba chimic\u0103 \u00een limbaj clar.<\/strong><\/p>\n<p style=\"text-align: justify;\">Articole accesibile, \u00een limbaj clar, despre siguran\u021ba chimic\u0103 \u2014 cu informa\u021bii de context utile \u0219i analize practice.<\/p>\n<p><em>Nout\u0103\u021bi \u00een <a href=\"https:\/\/www.msds-europe.com\/ro\/siguranta-chimica-articole-analize\/\">Busola siguran\u021bei chimice<\/a>:<\/em><\/p>\n<ul>\n<li><a href=\"https:\/\/www.msds-europe.com\/ro\/siguranta-chimica-articole-analize\/#firefighting-foams\"><em>Eliminarea treptat\u0103 a spumelor de stingere a incendiilor care con\u021bin PFAS: termene, tranzi\u021bie \u0219i gestionarea de\u0219eurilor<\/em><\/a><\/li>\n<li><a href=\"https:\/\/www.msds-europe.com\/ro\/siguranta-chimica-articole-analize\/#clp-trap\"><em>Capcana CLP pentru produc\u0103torii de amestecuri \u00een 2026: termene pentru substan\u021be \u0219i amestecuri \u0219i puncte de ac\u021biune<\/em><\/a><\/li>\n<li><a href=\"https:\/\/www.msds-europe.com\/ro\/siguranta-chimica-articole-analize\/#digital-label\"><em>Eticheta digital\u0103 \u00een CLP: obliga\u021bii, ac\u021biuni ale companiei \u0219i implementare tehnic\u0103 (cod QR)<\/em><\/a><\/li>\n<li><a href=\"https:\/\/www.msds-europe.com\/ro\/siguranta-chimica-articole-analize\/#calendar-2026\"><em>Calendarul 2026 al termenelor \u0219i ac\u021biunilor privind siguran\u021ba chimic\u0103<\/em><\/a><\/li>\n<li><a href=\"https:\/\/www.msds-europe.com\/ro\/siguranta-chimica-articole-analize\/#publicitate-online\"><em>Noi reguli CLP pentru e-commerce: etichetare \u0219i publicitate<\/em><\/a><\/li>\n<\/ul>\n<p>&nbsp;<\/p>\n<h3>Consultare online gratuit\u0103<\/h3>\n<p style=\"text-align: justify;\">Dac\u0103 nu a\u021bi g\u0103sit informa\u021biile de care ave\u021bi nevoie pe site-ul nostru, pute\u021bi adresa \u00eentreb\u0103ri legate de fi\u0219ele cu date de securitate direct exper\u021bilor no\u0219tri.<\/p>\n<p style=\"text-align: justify;\">Pentru a trimite \u00eentreb\u0103ri, utiliza\u021bi urm\u0103toarea aplica\u021bie de trimitere a mesajelor: <a href=\"https:\/\/www.msds-europe.com\/ro\/consultare-online-gratuita\/\">Consultare online gratuit\u0103<\/a><\/p>\n<p>&nbsp;<\/p>\n<h3>Serviciile noastre<\/h3>\n<p style=\"text-align: justify;\">Pentru a rezolva problemele \u0219i obliga\u021biile privind fi\u0219ele cu date de securitate, v\u0103 recomand\u0103m serviciile noastre de <a href=\"https:\/\/www.msds-europe.com\/ro\/efisa-cu-date-de-securitate-elaborare-intocmire\/\">elaborare<\/a>, de <a href=\"https:\/\/www.msds-europe.com\/ro\/fisa-cu-date-de-securitate-traductie\/\">traducere<\/a> \u0219i de <a href=\"https:\/\/www.msds-europe.com\/ro\/revizuirea-actualizarea-fisei-cu-date-de-securitate\/\">revizuire<\/a> a fi\u0219elor cu date de securitate.<\/p>\n<p>&nbsp;<\/p>\n","protected":false},"excerpt":{"rendered":"<p>O colec\u021bie de materiale de informare profesionale utile pentru interpretarea \u015fi \u00eentocmirea fi\u0219elor cu date de securitate.<\/p>\n","protected":false},"author":2,"featured_media":0,"parent":0,"menu_order":0,"comment_status":"closed","ping_status":"closed","template":"page-category.php","meta":{"_acf_changed":false,"footnotes":""},"tags":[379,367,380],"class_list":["post-5240","page","type-page","status-publish","hentry","tag-baza-de-cunostinte","tag-fisa-cu-date-de-securitate","tag-fisa-cu-date-de-securitate-baza-de-cunostinte"],"acf":[],"yoast_head":"<!-- This site is optimized with the Yoast SEO plugin v27.2 - https:\/\/yoast.com\/product\/yoast-seo-wordpress\/ -->\n<title>Fi\u0219a cu date de securitate \u2013 informa\u021bii esen\u021biale<\/title>\n<meta name=\"description\" content=\"Baza de cuno\u0219tin\u021be con\u021bine articole \u0219i materiale utile pentru \u00een\u021belegerea FDS \u0219i a cerin\u021belor legale legate de aceasta.\" \/>\n<meta name=\"robots\" content=\"index, follow, max-snippet:-1, max-image-preview:large, max-video-preview:-1\" \/>\n<link rel=\"canonical\" href=\"https:\/\/www.msds-europe.com\/ro\/cunostinte-fisa-cu-date-de-securitate\/\" \/>\n<meta property=\"og:locale\" content=\"ro_RO\" \/>\n<meta property=\"og:type\" content=\"article\" \/>\n<meta property=\"og:title\" content=\"Fi\u0219a cu date de securitate \u2013 informa\u021bii esen\u021biale\" \/>\n<meta property=\"og:description\" content=\"Baza de cuno\u0219tin\u021be con\u021bine articole \u0219i materiale utile pentru \u00een\u021belegerea FDS \u0219i a cerin\u021belor legale legate de aceasta.\" \/>\n<meta property=\"og:url\" content=\"https:\/\/www.msds-europe.com\/ro\/cunostinte-fisa-cu-date-de-securitate\/\" \/>\n<meta property=\"og:site_name\" content=\"MSDS Europe\" \/>\n<meta property=\"article:publisher\" content=\"https:\/\/www.facebook.com\/toxinfokft\/\" \/>\n<meta property=\"article:modified_time\" content=\"2026-03-11T14:11:29+00:00\" \/>\n<meta property=\"og:image\" content=\"https:\/\/www.msds-europe.com\/wp-content\/uploads\/2026\/02\/Busola-pentru-siguranta-chimica.jpg\" \/>\n\t<meta property=\"og:image:width\" content=\"300\" \/>\n\t<meta property=\"og:image:height\" content=\"180\" \/>\n\t<meta property=\"og:image:type\" content=\"image\/jpeg\" \/>\n<meta name=\"twitter:card\" content=\"summary_large_image\" \/>\n<meta name=\"twitter:site\" content=\"@ToxInfoKft\" \/>\n<meta name=\"twitter:label1\" content=\"Timp estimat pentru citire\" \/>\n\t<meta name=\"twitter:data1\" content=\"4 minute\" \/>\n<script type=\"application\/ld+json\" class=\"yoast-schema-graph\">{\"@context\":\"https:\/\/schema.org\",\"@graph\":[{\"@type\":\"WebPage\",\"@id\":\"https:\/\/www.msds-europe.com\/ro\/cunostinte-fisa-cu-date-de-securitate\/\",\"url\":\"https:\/\/www.msds-europe.com\/ro\/cunostinte-fisa-cu-date-de-securitate\/\",\"name\":\"Fi\u0219a cu date de securitate \u2013 informa\u021bii esen\u021biale\",\"isPartOf\":{\"@id\":\"https:\/\/www.msds-europe.com\/es\/#website\"},\"primaryImageOfPage\":{\"@id\":\"https:\/\/www.msds-europe.com\/ro\/cunostinte-fisa-cu-date-de-securitate\/#primaryimage\"},\"image\":{\"@id\":\"https:\/\/www.msds-europe.com\/ro\/cunostinte-fisa-cu-date-de-securitate\/#primaryimage\"},\"thumbnailUrl\":\"https:\/\/www.msds-europe.com\/wp-content\/uploads\/2026\/02\/Busola-pentru-siguranta-chimica.jpg\",\"datePublished\":\"2018-06-21T06:33:16+00:00\",\"dateModified\":\"2026-03-11T14:11:29+00:00\",\"description\":\"Baza de cuno\u0219tin\u021be con\u021bine articole \u0219i materiale utile pentru \u00een\u021belegerea FDS \u0219i a cerin\u021belor legale legate de aceasta.\",\"breadcrumb\":{\"@id\":\"https:\/\/www.msds-europe.com\/ro\/cunostinte-fisa-cu-date-de-securitate\/#breadcrumb\"},\"inLanguage\":\"ro-RO\",\"potentialAction\":[{\"@type\":\"ReadAction\",\"target\":[\"https:\/\/www.msds-europe.com\/ro\/cunostinte-fisa-cu-date-de-securitate\/\"]}]},{\"@type\":\"ImageObject\",\"inLanguage\":\"ro-RO\",\"@id\":\"https:\/\/www.msds-europe.com\/ro\/cunostinte-fisa-cu-date-de-securitate\/#primaryimage\",\"url\":\"https:\/\/www.msds-europe.com\/wp-content\/uploads\/2026\/02\/Busola-pentru-siguranta-chimica.jpg\",\"contentUrl\":\"https:\/\/www.msds-europe.com\/wp-content\/uploads\/2026\/02\/Busola-pentru-siguranta-chimica.jpg\"},{\"@type\":\"BreadcrumbList\",\"@id\":\"https:\/\/www.msds-europe.com\/ro\/cunostinte-fisa-cu-date-de-securitate\/#breadcrumb\",\"itemListElement\":[{\"@type\":\"ListItem\",\"position\":1,\"name\":\"F\u0151oldal\",\"item\":\"https:\/\/www.msds-europe.com\/ro\/\"},{\"@type\":\"ListItem\",\"position\":2,\"name\":\"Materiale de baz\u0103 utile \u0219i ghiduri pentru fi\u0219ele cu date de securitate\"}]},{\"@type\":\"WebSite\",\"@id\":\"https:\/\/www.msds-europe.com\/es\/#website\",\"url\":\"https:\/\/www.msds-europe.com\/es\/\",\"name\":\"MSDS Europe\",\"description\":\"\",\"publisher\":{\"@id\":\"https:\/\/www.msds-europe.com\/es\/#organization\"},\"potentialAction\":[{\"@type\":\"SearchAction\",\"target\":{\"@type\":\"EntryPoint\",\"urlTemplate\":\"https:\/\/www.msds-europe.com\/es\/?s={search_term_string}\"},\"query-input\":{\"@type\":\"PropertyValueSpecification\",\"valueRequired\":true,\"valueName\":\"search_term_string\"}}],\"inLanguage\":\"ro-RO\"},{\"@type\":\"Organization\",\"@id\":\"https:\/\/www.msds-europe.com\/es\/#organization\",\"name\":\"MSDS-Europe International branch of ToxInfo\",\"url\":\"https:\/\/www.msds-europe.com\/es\/\",\"logo\":{\"@type\":\"ImageObject\",\"inLanguage\":\"ro-RO\",\"@id\":\"https:\/\/www.msds-europe.com\/es\/#\/schema\/logo\/image\/\",\"url\":\"https:\/\/www.msds-europe.com\/wp-content\/uploads\/2021\/04\/msds-europe-logo.jpg\",\"contentUrl\":\"https:\/\/www.msds-europe.com\/wp-content\/uploads\/2021\/04\/msds-europe-logo.jpg\",\"width\":2296,\"height\":1067,\"caption\":\"MSDS-Europe International branch of ToxInfo\"},\"image\":{\"@id\":\"https:\/\/www.msds-europe.com\/es\/#\/schema\/logo\/image\/\"},\"sameAs\":[\"https:\/\/www.facebook.com\/toxinfokft\/\",\"https:\/\/x.com\/ToxInfoKft\"]}]}<\/script>\n<!-- \/ Yoast SEO plugin. -->","yoast_head_json":{"title":"Fi\u0219a cu date de securitate \u2013 informa\u021bii esen\u021biale","description":"Baza de cuno\u0219tin\u021be con\u021bine articole \u0219i materiale utile pentru \u00een\u021belegerea FDS \u0219i a cerin\u021belor legale legate de aceasta.","robots":{"index":"index","follow":"follow","max-snippet":"max-snippet:-1","max-image-preview":"max-image-preview:large","max-video-preview":"max-video-preview:-1"},"canonical":"https:\/\/www.msds-europe.com\/ro\/cunostinte-fisa-cu-date-de-securitate\/","og_locale":"ro_RO","og_type":"article","og_title":"Fi\u0219a cu date de securitate \u2013 informa\u021bii esen\u021biale","og_description":"Baza de cuno\u0219tin\u021be con\u021bine articole \u0219i materiale utile pentru \u00een\u021belegerea FDS \u0219i a cerin\u021belor legale legate de aceasta.","og_url":"https:\/\/www.msds-europe.com\/ro\/cunostinte-fisa-cu-date-de-securitate\/","og_site_name":"MSDS Europe","article_publisher":"https:\/\/www.facebook.com\/toxinfokft\/","article_modified_time":"2026-03-11T14:11:29+00:00","og_image":[{"width":300,"height":180,"url":"https:\/\/www.msds-europe.com\/wp-content\/uploads\/2026\/02\/Busola-pentru-siguranta-chimica.jpg","type":"image\/jpeg"}],"twitter_card":"summary_large_image","twitter_site":"@ToxInfoKft","twitter_misc":{"Timp estimat pentru citire":"4 minute"},"schema":{"@context":"https:\/\/schema.org","@graph":[{"@type":"WebPage","@id":"https:\/\/www.msds-europe.com\/ro\/cunostinte-fisa-cu-date-de-securitate\/","url":"https:\/\/www.msds-europe.com\/ro\/cunostinte-fisa-cu-date-de-securitate\/","name":"Fi\u0219a cu date de securitate \u2013 informa\u021bii esen\u021biale","isPartOf":{"@id":"https:\/\/www.msds-europe.com\/es\/#website"},"primaryImageOfPage":{"@id":"https:\/\/www.msds-europe.com\/ro\/cunostinte-fisa-cu-date-de-securitate\/#primaryimage"},"image":{"@id":"https:\/\/www.msds-europe.com\/ro\/cunostinte-fisa-cu-date-de-securitate\/#primaryimage"},"thumbnailUrl":"https:\/\/www.msds-europe.com\/wp-content\/uploads\/2026\/02\/Busola-pentru-siguranta-chimica.jpg","datePublished":"2018-06-21T06:33:16+00:00","dateModified":"2026-03-11T14:11:29+00:00","description":"Baza de cuno\u0219tin\u021be con\u021bine articole \u0219i materiale utile pentru \u00een\u021belegerea FDS \u0219i a cerin\u021belor legale legate de aceasta.","breadcrumb":{"@id":"https:\/\/www.msds-europe.com\/ro\/cunostinte-fisa-cu-date-de-securitate\/#breadcrumb"},"inLanguage":"ro-RO","potentialAction":[{"@type":"ReadAction","target":["https:\/\/www.msds-europe.com\/ro\/cunostinte-fisa-cu-date-de-securitate\/"]}]},{"@type":"ImageObject","inLanguage":"ro-RO","@id":"https:\/\/www.msds-europe.com\/ro\/cunostinte-fisa-cu-date-de-securitate\/#primaryimage","url":"https:\/\/www.msds-europe.com\/wp-content\/uploads\/2026\/02\/Busola-pentru-siguranta-chimica.jpg","contentUrl":"https:\/\/www.msds-europe.com\/wp-content\/uploads\/2026\/02\/Busola-pentru-siguranta-chimica.jpg"},{"@type":"BreadcrumbList","@id":"https:\/\/www.msds-europe.com\/ro\/cunostinte-fisa-cu-date-de-securitate\/#breadcrumb","itemListElement":[{"@type":"ListItem","position":1,"name":"F\u0151oldal","item":"https:\/\/www.msds-europe.com\/ro\/"},{"@type":"ListItem","position":2,"name":"Materiale de baz\u0103 utile \u0219i ghiduri pentru fi\u0219ele cu date de securitate"}]},{"@type":"WebSite","@id":"https:\/\/www.msds-europe.com\/es\/#website","url":"https:\/\/www.msds-europe.com\/es\/","name":"MSDS Europe","description":"","publisher":{"@id":"https:\/\/www.msds-europe.com\/es\/#organization"},"potentialAction":[{"@type":"SearchAction","target":{"@type":"EntryPoint","urlTemplate":"https:\/\/www.msds-europe.com\/es\/?s={search_term_string}"},"query-input":{"@type":"PropertyValueSpecification","valueRequired":true,"valueName":"search_term_string"}}],"inLanguage":"ro-RO"},{"@type":"Organization","@id":"https:\/\/www.msds-europe.com\/es\/#organization","name":"MSDS-Europe International branch of ToxInfo","url":"https:\/\/www.msds-europe.com\/es\/","logo":{"@type":"ImageObject","inLanguage":"ro-RO","@id":"https:\/\/www.msds-europe.com\/es\/#\/schema\/logo\/image\/","url":"https:\/\/www.msds-europe.com\/wp-content\/uploads\/2021\/04\/msds-europe-logo.jpg","contentUrl":"https:\/\/www.msds-europe.com\/wp-content\/uploads\/2021\/04\/msds-europe-logo.jpg","width":2296,"height":1067,"caption":"MSDS-Europe International branch of ToxInfo"},"image":{"@id":"https:\/\/www.msds-europe.com\/es\/#\/schema\/logo\/image\/"},"sameAs":["https:\/\/www.facebook.com\/toxinfokft\/","https:\/\/x.com\/ToxInfoKft"]}]}},"_links":{"self":[{"href":"https:\/\/www.msds-europe.com\/ro\/wp-json\/wp\/v2\/pages\/5240","targetHints":{"allow":["GET"]}}],"collection":[{"href":"https:\/\/www.msds-europe.com\/ro\/wp-json\/wp\/v2\/pages"}],"about":[{"href":"https:\/\/www.msds-europe.com\/ro\/wp-json\/wp\/v2\/types\/page"}],"author":[{"embeddable":true,"href":"https:\/\/www.msds-europe.com\/ro\/wp-json\/wp\/v2\/users\/2"}],"replies":[{"embeddable":true,"href":"https:\/\/www.msds-europe.com\/ro\/wp-json\/wp\/v2\/comments?post=5240"}],"version-history":[{"count":29,"href":"https:\/\/www.msds-europe.com\/ro\/wp-json\/wp\/v2\/pages\/5240\/revisions"}],"predecessor-version":[{"id":38579,"href":"https:\/\/www.msds-europe.com\/ro\/wp-json\/wp\/v2\/pages\/5240\/revisions\/38579"}],"wp:attachment":[{"href":"https:\/\/www.msds-europe.com\/ro\/wp-json\/wp\/v2\/media?parent=5240"}],"wp:term":[{"taxonomy":"post_tag","embeddable":true,"href":"https:\/\/www.msds-europe.com\/ro\/wp-json\/wp\/v2\/tags?post=5240"}],"curies":[{"name":"wp","href":"https:\/\/api.w.org\/{rel}","templated":true}]}}