{"id":5233,"date":"2018-06-21T05:29:57","date_gmt":"2018-06-21T05:29:57","guid":{"rendered":"http:\/\/www.msds-europe.com\/serviciul-de-notificare-cpnp\/"},"modified":"2018-06-28T11:27:13","modified_gmt":"2018-06-28T11:27:13","slug":"serviciul-de-notificare-cpnp","status":"publish","type":"page","link":"https:\/\/www.msds-europe.com\/ro\/serviciul-de-notificare-cpnp\/","title":{"rendered":"Serviciul de notificare CPNP"},"content":{"rendered":"<p style=\"text-align: right;\"><em><a href=\"http:\/\/www.msds-europe.com\/ro\/produse-cosmetice\/\">Servicii legate de produse cosmetice<\/a>\u00a0\u2013\u00a0Serviciu de notificare CPNP<\/em><\/p>\n<p>&nbsp;<\/p>\n<p style=\"text-align: justify;\">Conform Regulamentului (CE) nr. 1223\/2009, condi\u021bia prealabil\u0103 pentru introducerea pe pia\u021b\u0103 a unui produs cosmetic \u00een Uniunea European\u0103 este notificarea acestuia prin intermediul unei interfe\u021be electronice centrale, CPNP (Portalul de notificare a produselor cosmetice).<\/p>\n<p>&nbsp;<\/p>\n<h3 style=\"text-align: justify;\"><span style=\"color: #333333;\">Procesul serviciului de notificare CPNP<\/span><\/h3>\n<h2 style=\"text-align: justify;\">Furnizarea accesului la portalul CPNP (\u00eenregistrare)<\/h2>\n<p style=\"text-align: justify;\">Pentru a utiliza portalul CPNP, notificatorul trebuie s\u0103 creeze un cont UE de Login (fostul ECAS) \u0219i trebuie s\u0103 solicite accesul \u00een SAAS.<\/p>\n<p style=\"text-align: justify;\">Dac\u0103 este necesar, oferim de asemenea asisten\u021b\u0103 \u00een procesul de \u00eenregistrare<\/p>\n<p style=\"text-align: justify;\">Asisten\u021b\u0103 \u00een auto-\u00eenregistrare:<\/p>\n<ul>\n<li style=\"text-align: justify;\"><a href=\"https:\/\/webgate.ec.europa.eu\/cas\/eim\/external\/register.cgi\">Creare cont de utilizator \/ parol\u0103 de conectare la UE (fostul ECAS)<\/a><\/li>\n<li style=\"text-align: justify;\"><a href=\"https:\/\/webgate.ec.europa.eu\/saas\/requestAccess\/application\/21\/create.html\">Cerere acces la portalul CPNP prin sistemul SAAS<\/a><\/li>\n<li style=\"text-align: justify;\"><a href=\"https:\/\/webgate.ec.europa.eu\/cpnp\">Conectare la portalul CPNP (\u00eenregistrare)<\/a><\/li>\n<\/ul>\n<p>&nbsp;<\/p>\n<h2 style=\"text-align: justify;\">Comunicarea datelor \u00een func\u021bie de &#8222;statutul&#8221; distribuitorului produsului cosmetic &#8211; notificarea CPNP<\/h2>\n<p style=\"text-align: justify;\">Exist\u0103 dou\u0103 tipuri de notific\u0103ri bazate pe statutul distribuitorului:<\/p>\n<ul>\n<li style=\"text-align: justify;\">Notificare de c\u0103tre persoana responsabil\u0103 (produc\u0103tor, importator)<\/li>\n<li style=\"text-align: justify;\">Notificare de c\u0103tre distribuitorul<\/li>\n<\/ul>\n<p style=\"text-align: justify;\">\u00cen posesia informa\u021biilor de \u00eenregistrare, transmitem datele \u0219i informa\u021biile solicitate prin intermediul portalului CPNP cu privire la \u201estatutul&#8221; notificatorului.<\/p>\n<p>&nbsp;<\/p>\n<h2 style=\"text-align: justify;\">Pentru notificarea CPNP f\u0103cut\u0103 \u00een numele persoanei responsabile, sunt transmise urm\u0103toarele date \/ informa\u021bii<\/h2>\n<ul>\n<li style=\"text-align: justify;\">etichetarea original\u0103<\/li>\n<li style=\"text-align: justify;\">fotografia ambalajului produsului<\/li>\n<li style=\"text-align: justify;\">alte date \u015fi informa\u0163ii, \u00een conformitate cu articolul 13 din Regulamentul (CE) nr. 1223\/2009 privind produsele cosmetice<\/li>\n<\/ul>\n<p>&nbsp;<\/p>\n<h2 style=\"text-align: justify;\">Pentru notificarea CPNP f\u0103cut\u0103 \u00een numele persoanei responsabile, sunt transmise urm\u0103toarele date \/ informa\u021bii<\/h2>\n<ul>\n<li style=\"text-align: justify;\">Textul etichetei, tradus\u0103 \u00een limba oficial\u0103 a statului membru \u00een care produsul cosmetic urmeaz\u0103 a fi introdus pe pia\u0163\u0103.<\/li>\n<li style=\"text-align: justify;\">alte informa\u0163ii relevante<\/li>\n<\/ul>\n<p style=\"text-align: justify;\"><em>Not\u0103:<\/em><br \/>\n<em>Dac\u0103 distribuitorul introduce pe pia\u0163\u0103 un produs cosmetic sub numele sau marca sa sau modific\u0103 un produs deja introdus pe pia\u0163\u0103 astfel \u00eenc\u00e2t poate fi afectat\u0103 conformitatea cu cerin\u0163ele aplicabile, distribuitorul este considerat persoana responsabil\u0103.<\/em><br \/>\n<em>Dac\u0103 cele de mai sus sunt \u00eendeplinite, notificarea CPNP va fi efectuat\u0103 \u00een conformitate cu cerin\u021bele pentru persoanele responsabile.<\/em><\/p>\n<p>&nbsp;<\/p>\n<h2 style=\"text-align: justify;\">Cerere de cota\u0163ie pentru Serviciul de notificare CPNP<\/h2>\n<p style=\"text-align: justify;\"><a href=\"mailto:info@msds-europe.com\">R\u0103spundem la cererile de cota\u0163ie trimise prin e-mail<\/a> sau <a href=\"http:\/\/www.msds-europe.com\/ro\/cerere-cotatie-pentru-serviciile-privind-produsele-cosmetice\/\">prin formularul online<\/a> \u00een 24 de ore.<br \/>\nServiciul nostru <a href=\"http:\/\/www.msds-europe.com\/ro\/serviciul-pentru-clienti\/\">pentru clien\u021bi<\/a> v\u0103 ajut\u0103 \u00een alegerea serviciului potrivit.<\/p>\n<p>&nbsp;<\/p>\n<h2 style=\"text-align: justify;\">Servicii legate de produse cosmetice \u2013\u00a0Serviciu de notificare CPNP<\/h2>\n<p style=\"text-align: justify;\">Serviciul de coordonare a procesului de notificare complet\u0103 a produselor cosmetice (colectarea datelor, organizarea testelor de laborator,<a href=\"http:\/\/www.msds-europe.com\/ro\/redactare-traducere-de-proiect-de-eticheta-pentru-produse-cosmetice\/\"> crearea etichetelor<\/a>, crearea evalu\u0103rii siguran\u021bei).<\/p>\n<p>&nbsp;<\/p>\n","protected":false},"excerpt":{"rendered":"<p>Serviciul de notificare a produselor cosmetice pe portalul CPNP.<\/p>\n","protected":false},"author":2,"featured_media":0,"parent":0,"menu_order":0,"comment_status":"closed","ping_status":"closed","template":"","meta":{"_acf_changed":false,"footnotes":""},"tags":[366,375],"class_list":["post-5233","page","type-page","status-publish","hentry","tag-cosmetice","tag-servicii-legate-de-produse-cosmetice"],"acf":[],"yoast_head":"<!-- This site is optimized with the Yoast SEO plugin v27.2 - https:\/\/yoast.com\/product\/yoast-seo-wordpress\/ -->\n<title>Serviciul nostru de notificare CPNP pentru cosmetice, produsele cosmetice<\/title>\n<meta name=\"description\" content=\"Serviciul de notificare CPNP pentru distribuirea produselor cosmetice Asisten\u021b\u0103 \u00een notificarea CPNP \u00een numele persoanei responsabile \u00een cazul fabric\u0103rii sau importului produselor cosmetice.\" \/>\n<meta name=\"robots\" content=\"index, follow, max-snippet:-1, max-image-preview:large, max-video-preview:-1\" \/>\n<link rel=\"canonical\" href=\"https:\/\/www.msds-europe.com\/ro\/serviciul-de-notificare-cpnp\/\" \/>\n<meta property=\"og:locale\" content=\"ro_RO\" \/>\n<meta property=\"og:type\" content=\"article\" \/>\n<meta property=\"og:title\" content=\"Serviciul nostru de notificare CPNP pentru cosmetice, produsele cosmetice\" \/>\n<meta property=\"og:description\" content=\"Serviciul de notificare CPNP pentru distribuirea produselor cosmetice Asisten\u021b\u0103 \u00een notificarea CPNP \u00een numele persoanei responsabile \u00een cazul fabric\u0103rii sau importului produselor cosmetice.\" \/>\n<meta property=\"og:url\" content=\"https:\/\/www.msds-europe.com\/ro\/serviciul-de-notificare-cpnp\/\" \/>\n<meta property=\"og:site_name\" content=\"MSDS Europe\" \/>\n<meta property=\"article:publisher\" content=\"https:\/\/www.facebook.com\/toxinfokft\/\" \/>\n<meta property=\"article:modified_time\" content=\"2018-06-28T11:27:13+00:00\" \/>\n<meta name=\"twitter:card\" content=\"summary_large_image\" \/>\n<meta name=\"twitter:site\" content=\"@ToxInfoKft\" \/>\n<meta name=\"twitter:label1\" content=\"Timp estimat pentru citire\" \/>\n\t<meta name=\"twitter:data1\" content=\"2 minute\" \/>\n<script type=\"application\/ld+json\" class=\"yoast-schema-graph\">{\"@context\":\"https:\/\/schema.org\",\"@graph\":[{\"@type\":\"WebPage\",\"@id\":\"https:\/\/www.msds-europe.com\/ro\/serviciul-de-notificare-cpnp\/\",\"url\":\"https:\/\/www.msds-europe.com\/ro\/serviciul-de-notificare-cpnp\/\",\"name\":\"Serviciul nostru de notificare CPNP pentru cosmetice, produsele cosmetice\",\"isPartOf\":{\"@id\":\"https:\/\/www.msds-europe.com\/es\/#website\"},\"datePublished\":\"2018-06-21T05:29:57+00:00\",\"dateModified\":\"2018-06-28T11:27:13+00:00\",\"description\":\"Serviciul de notificare CPNP pentru distribuirea produselor cosmetice Asisten\u021b\u0103 \u00een notificarea CPNP \u00een numele persoanei responsabile \u00een cazul fabric\u0103rii sau importului produselor cosmetice.\",\"breadcrumb\":{\"@id\":\"https:\/\/www.msds-europe.com\/ro\/serviciul-de-notificare-cpnp\/#breadcrumb\"},\"inLanguage\":\"ro-RO\",\"potentialAction\":[{\"@type\":\"ReadAction\",\"target\":[\"https:\/\/www.msds-europe.com\/ro\/serviciul-de-notificare-cpnp\/\"]}]},{\"@type\":\"BreadcrumbList\",\"@id\":\"https:\/\/www.msds-europe.com\/ro\/serviciul-de-notificare-cpnp\/#breadcrumb\",\"itemListElement\":[{\"@type\":\"ListItem\",\"position\":1,\"name\":\"F\u0151oldal\",\"item\":\"https:\/\/www.msds-europe.com\/ro\/\"},{\"@type\":\"ListItem\",\"position\":2,\"name\":\"Serviciul de notificare CPNP\"}]},{\"@type\":\"WebSite\",\"@id\":\"https:\/\/www.msds-europe.com\/es\/#website\",\"url\":\"https:\/\/www.msds-europe.com\/es\/\",\"name\":\"MSDS Europe\",\"description\":\"\",\"publisher\":{\"@id\":\"https:\/\/www.msds-europe.com\/es\/#organization\"},\"potentialAction\":[{\"@type\":\"SearchAction\",\"target\":{\"@type\":\"EntryPoint\",\"urlTemplate\":\"https:\/\/www.msds-europe.com\/es\/?s={search_term_string}\"},\"query-input\":{\"@type\":\"PropertyValueSpecification\",\"valueRequired\":true,\"valueName\":\"search_term_string\"}}],\"inLanguage\":\"ro-RO\"},{\"@type\":\"Organization\",\"@id\":\"https:\/\/www.msds-europe.com\/es\/#organization\",\"name\":\"MSDS-Europe International branch of ToxInfo\",\"url\":\"https:\/\/www.msds-europe.com\/es\/\",\"logo\":{\"@type\":\"ImageObject\",\"inLanguage\":\"ro-RO\",\"@id\":\"https:\/\/www.msds-europe.com\/es\/#\/schema\/logo\/image\/\",\"url\":\"https:\/\/www.msds-europe.com\/wp-content\/uploads\/2021\/04\/msds-europe-logo.jpg\",\"contentUrl\":\"https:\/\/www.msds-europe.com\/wp-content\/uploads\/2021\/04\/msds-europe-logo.jpg\",\"width\":2296,\"height\":1067,\"caption\":\"MSDS-Europe International branch of ToxInfo\"},\"image\":{\"@id\":\"https:\/\/www.msds-europe.com\/es\/#\/schema\/logo\/image\/\"},\"sameAs\":[\"https:\/\/www.facebook.com\/toxinfokft\/\",\"https:\/\/x.com\/ToxInfoKft\"]}]}<\/script>\n<!-- \/ Yoast SEO plugin. -->","yoast_head_json":{"title":"Serviciul nostru de notificare CPNP pentru cosmetice, produsele cosmetice","description":"Serviciul de notificare CPNP pentru distribuirea produselor cosmetice Asisten\u021b\u0103 \u00een notificarea CPNP \u00een numele persoanei responsabile \u00een cazul fabric\u0103rii sau importului produselor cosmetice.","robots":{"index":"index","follow":"follow","max-snippet":"max-snippet:-1","max-image-preview":"max-image-preview:large","max-video-preview":"max-video-preview:-1"},"canonical":"https:\/\/www.msds-europe.com\/ro\/serviciul-de-notificare-cpnp\/","og_locale":"ro_RO","og_type":"article","og_title":"Serviciul nostru de notificare CPNP pentru cosmetice, produsele cosmetice","og_description":"Serviciul de notificare CPNP pentru distribuirea produselor cosmetice Asisten\u021b\u0103 \u00een notificarea CPNP \u00een numele persoanei responsabile \u00een cazul fabric\u0103rii sau importului produselor cosmetice.","og_url":"https:\/\/www.msds-europe.com\/ro\/serviciul-de-notificare-cpnp\/","og_site_name":"MSDS Europe","article_publisher":"https:\/\/www.facebook.com\/toxinfokft\/","article_modified_time":"2018-06-28T11:27:13+00:00","twitter_card":"summary_large_image","twitter_site":"@ToxInfoKft","twitter_misc":{"Timp estimat pentru citire":"2 minute"},"schema":{"@context":"https:\/\/schema.org","@graph":[{"@type":"WebPage","@id":"https:\/\/www.msds-europe.com\/ro\/serviciul-de-notificare-cpnp\/","url":"https:\/\/www.msds-europe.com\/ro\/serviciul-de-notificare-cpnp\/","name":"Serviciul nostru de notificare CPNP pentru cosmetice, produsele cosmetice","isPartOf":{"@id":"https:\/\/www.msds-europe.com\/es\/#website"},"datePublished":"2018-06-21T05:29:57+00:00","dateModified":"2018-06-28T11:27:13+00:00","description":"Serviciul de notificare CPNP pentru distribuirea produselor cosmetice Asisten\u021b\u0103 \u00een notificarea CPNP \u00een numele persoanei responsabile \u00een cazul fabric\u0103rii sau importului produselor cosmetice.","breadcrumb":{"@id":"https:\/\/www.msds-europe.com\/ro\/serviciul-de-notificare-cpnp\/#breadcrumb"},"inLanguage":"ro-RO","potentialAction":[{"@type":"ReadAction","target":["https:\/\/www.msds-europe.com\/ro\/serviciul-de-notificare-cpnp\/"]}]},{"@type":"BreadcrumbList","@id":"https:\/\/www.msds-europe.com\/ro\/serviciul-de-notificare-cpnp\/#breadcrumb","itemListElement":[{"@type":"ListItem","position":1,"name":"F\u0151oldal","item":"https:\/\/www.msds-europe.com\/ro\/"},{"@type":"ListItem","position":2,"name":"Serviciul de notificare CPNP"}]},{"@type":"WebSite","@id":"https:\/\/www.msds-europe.com\/es\/#website","url":"https:\/\/www.msds-europe.com\/es\/","name":"MSDS Europe","description":"","publisher":{"@id":"https:\/\/www.msds-europe.com\/es\/#organization"},"potentialAction":[{"@type":"SearchAction","target":{"@type":"EntryPoint","urlTemplate":"https:\/\/www.msds-europe.com\/es\/?s={search_term_string}"},"query-input":{"@type":"PropertyValueSpecification","valueRequired":true,"valueName":"search_term_string"}}],"inLanguage":"ro-RO"},{"@type":"Organization","@id":"https:\/\/www.msds-europe.com\/es\/#organization","name":"MSDS-Europe International branch of ToxInfo","url":"https:\/\/www.msds-europe.com\/es\/","logo":{"@type":"ImageObject","inLanguage":"ro-RO","@id":"https:\/\/www.msds-europe.com\/es\/#\/schema\/logo\/image\/","url":"https:\/\/www.msds-europe.com\/wp-content\/uploads\/2021\/04\/msds-europe-logo.jpg","contentUrl":"https:\/\/www.msds-europe.com\/wp-content\/uploads\/2021\/04\/msds-europe-logo.jpg","width":2296,"height":1067,"caption":"MSDS-Europe International branch of ToxInfo"},"image":{"@id":"https:\/\/www.msds-europe.com\/es\/#\/schema\/logo\/image\/"},"sameAs":["https:\/\/www.facebook.com\/toxinfokft\/","https:\/\/x.com\/ToxInfoKft"]}]}},"_links":{"self":[{"href":"https:\/\/www.msds-europe.com\/ro\/wp-json\/wp\/v2\/pages\/5233","targetHints":{"allow":["GET"]}}],"collection":[{"href":"https:\/\/www.msds-europe.com\/ro\/wp-json\/wp\/v2\/pages"}],"about":[{"href":"https:\/\/www.msds-europe.com\/ro\/wp-json\/wp\/v2\/types\/page"}],"author":[{"embeddable":true,"href":"https:\/\/www.msds-europe.com\/ro\/wp-json\/wp\/v2\/users\/2"}],"replies":[{"embeddable":true,"href":"https:\/\/www.msds-europe.com\/ro\/wp-json\/wp\/v2\/comments?post=5233"}],"version-history":[{"count":5,"href":"https:\/\/www.msds-europe.com\/ro\/wp-json\/wp\/v2\/pages\/5233\/revisions"}],"predecessor-version":[{"id":6652,"href":"https:\/\/www.msds-europe.com\/ro\/wp-json\/wp\/v2\/pages\/5233\/revisions\/6652"}],"wp:attachment":[{"href":"https:\/\/www.msds-europe.com\/ro\/wp-json\/wp\/v2\/media?parent=5233"}],"wp:term":[{"taxonomy":"post_tag","embeddable":true,"href":"https:\/\/www.msds-europe.com\/ro\/wp-json\/wp\/v2\/tags?post=5233"}],"curies":[{"name":"wp","href":"https:\/\/api.w.org\/{rel}","templated":true}]}}