{"id":5215,"date":"2018-06-20T14:17:10","date_gmt":"2018-06-20T14:17:10","guid":{"rendered":"http:\/\/www.msds-europe.com\/serviciul-pentru-clienti\/"},"modified":"2025-01-06T07:02:48","modified_gmt":"2025-01-06T07:02:48","slug":"serviciul-pentru-clienti","status":"publish","type":"page","link":"https:\/\/www.msds-europe.com\/ro\/serviciul-pentru-clienti\/","title":{"rendered":"Serviciul pentru clien\u0163i"},"content":{"rendered":"<p style=\"text-align: right;\"><em><a href=\"http:\/\/www.msds-europe.com\/ro\/\">MSDS-Europe<\/a> &#8211;\u00a0Serviciul pentru clien\u0163i<\/em><\/p>\n<h2 style=\"text-align: justify;\"><span style=\"color: #333333;\">Serviciul pentru clien\u0163i pentru securitatea chimic\u0103<\/span><\/h2>\n<p style=\"text-align: justify;\">V\u0103 oferim asisten\u021b\u0103 profesional\u0103 pentru selectarea serviciului potrivit sau \u00een caz de \u00eentreb\u0103ri \u00een leg\u0103tur\u0103 cu securitatea chimic\u0103.<\/p>\n<p style=\"text-align: justify;\">Suntem convin\u0219i c\u0103 unul dintre pietrele de temelie ale \u00eencrederii \u00een compania noastr\u0103 este serviciul nostru de \u00eenalt\u0103 calitate, care ofer\u0103 asisten\u021b\u0103 \u00een cel mai eficient mod.<\/p>\n<p style=\"text-align: justify;\">R\u0103spundem la oricare solicitare scris\u0103 \u00een termen de<strong> 24 de ore<\/strong>.<\/p>\n<p>&nbsp;<\/p>\n<h2>Contact<\/h2>\n<p><strong>E-mail:<\/strong> <a href=\"mailto:info@msds-europe.com\">info@msds-europe.com<\/a><\/p>\n<p><strong>Telefon:<\/strong>\u00a0\u00a0<a href=\"tel:+36706376986\"><u>+36 70 637 6986<\/u><\/a><\/p>\n<p><strong>Adresa postal\u0103:<\/strong>\u00a0H-1143 Budapest, Eleon\u00f3ra utca 8.<\/p>\n<p>&nbsp;<\/p>\n<h2>Orele de birou<\/h2>\n<p>Zile de lucru: 8.00 \u2013 16.00 CET<\/p>\n<p>&nbsp;<\/p>\n<h2>Office Manager<\/h2>\n<h4>Dalma Peregi<\/h4>\n\n<div class=\"wpcf7 no-js\" id=\"wpcf7-f1118-o1\" lang=\"hu-HU\" dir=\"ltr\" data-wpcf7-id=\"1118\">\n<div class=\"screen-reader-response\"><p role=\"status\" aria-live=\"polite\" aria-atomic=\"true\"><\/p> <ul><\/ul><\/div>\n<form action=\"\/ro\/wp-json\/wp\/v2\/pages\/5215#wpcf7-f1118-o1\" method=\"post\" class=\"wpcf7-form init\" aria-label=\"Kapcsolatfelv\u00e9teli \u0171rlap\" novalidate=\"novalidate\" data-status=\"init\">\n<fieldset class=\"hidden-fields-container\"><input type=\"hidden\" name=\"_wpcf7\" value=\"1118\" \/><input type=\"hidden\" name=\"_wpcf7_version\" value=\"6.1.5\" \/><input type=\"hidden\" name=\"_wpcf7_locale\" value=\"hu_HU\" \/><input type=\"hidden\" name=\"_wpcf7_unit_tag\" value=\"wpcf7-f1118-o1\" \/><input type=\"hidden\" name=\"_wpcf7_container_post\" value=\"0\" \/><input type=\"hidden\" name=\"_wpcf7_posted_data_hash\" value=\"\" \/><input type=\"hidden\" name=\"_wpcf7_recaptcha_response\" value=\"\" \/>\n<\/fieldset>\n<div class=\"contact_page_form\">\n\t<div class=\"row contact_row\">\n\t\t<div class=\"col-sm-4\">\n\t\t\t<p><span class=\"wpcf7-form-control-wrap\" data-name=\"your-name\"><input size=\"40\" maxlength=\"400\" class=\"wpcf7-form-control wpcf7-text wpcf7-validates-as-required\" aria-required=\"true\" aria-invalid=\"false\" placeholder=\"Name*\" value=\"\" type=\"text\" name=\"your-name\" \/><\/span>\n\t\t\t<\/p>\n\t\t<\/div>\n\t\t<div class=\"col-sm-4\">\n\t\t\t<p><span class=\"wpcf7-form-control-wrap\" data-name=\"your-email\"><input size=\"40\" maxlength=\"400\" class=\"wpcf7-form-control wpcf7-email wpcf7-validates-as-required wpcf7-text wpcf7-validates-as-email\" aria-required=\"true\" aria-invalid=\"false\" placeholder=\"E-mail*\" value=\"\" type=\"email\" name=\"your-email\" \/><\/span>\n\t\t\t<\/p>\n\t\t<\/div>\n\t\t<div class=\"col-sm-4\">\n\t\t\t<p><span class=\"wpcf7-form-control-wrap\" data-name=\"your-phone\"><input size=\"40\" maxlength=\"400\" class=\"wpcf7-form-control wpcf7-text wpcf7-validates-as-required\" aria-required=\"true\" aria-invalid=\"false\" placeholder=\"Phone*\" value=\"\" type=\"text\" name=\"your-phone\" \/><\/span>\n\t\t\t<\/p>\n\t\t<\/div>\n\t<\/div>\n\t<div class=\"row contact_row\">\n\t\t<div class=\"col-sm-12\">\n\t\t\t<p><span class=\"wpcf7-form-control-wrap\" data-name=\"your-message\"><textarea cols=\"40\" rows=\"10\" maxlength=\"2000\" class=\"wpcf7-form-control wpcf7-textarea wpcf7-validates-as-required\" aria-required=\"true\" aria-invalid=\"false\" placeholder=\"Message*\" name=\"your-message\"><\/textarea><\/span>\n\t\t\t<\/p>\n\t\t<\/div>\n\t<\/div>\n\t<div class=\"row contact_row policy_row\">\n\t\t<div class=\"col-sm-12\">\n\t\t\t<p><span class=\"wpcf7-form-control-wrap\" data-name=\"policy\"><span class=\"wpcf7-form-control wpcf7-acceptance\"><span class=\"wpcf7-list-item\"><label><input type=\"checkbox\" name=\"policy\" value=\"1\" aria-invalid=\"false\" \/><span class=\"wpcf7-list-item-label\">I agree to the <a href=\"http:\/\/www.msds-europe.com\/privacy-policy\/\" target=\"_blank\" title=\"Privacy Policy\">Privacy Policy.<\/a><\/span><\/label><\/span><\/span><\/span>\n\t\t\t<\/p>\n\t\t<\/div>\n\t<\/div>\n\t<div class=\"row contact_row\">\n\t\t<div class=\"col-sm-12 text-center\">\n\t\t\t<p><input class=\"wpcf7-form-control wpcf7-submit has-spinner\" type=\"submit\" value=\"Send Message &raquo;\" \/>\n\t\t\t<\/p>\n\t\t<\/div>\n\t<\/div>\n<\/div><div class=\"wpcf7-response-output\" aria-hidden=\"true\"><\/div>\n<\/form>\n<\/div>\n\n<p>&nbsp;<\/p>\n","protected":false},"excerpt":{"rendered":"<p>De asemenea, pute\u021bi solicita o ofert\u0103 pentru oricare dintre serviciile noastre contact\u00e2nd serviciul nostru pentru clien\u021bi sau pute\u021bi ob\u021bine sfaturi specializate pentru alegerea serviciului potrivit.<\/p>\n","protected":false},"author":2,"featured_media":0,"parent":0,"menu_order":0,"comment_status":"closed","ping_status":"closed","template":"","meta":{"_acf_changed":false,"footnotes":""},"class_list":["post-5215","page","type-page","status-publish","hentry"],"acf":[],"yoast_head":"<!-- This site is optimized with the Yoast SEO plugin v27.2 - https:\/\/yoast.com\/product\/yoast-seo-wordpress\/ -->\n<title>MSDS-Europe serviciul pentru clien\u0163i - C\u00e2nd ave\u0163i nevoie de asisten\u021b\u0103<\/title>\n<meta name=\"description\" content=\"Serviciul pentru clien\u0163i pentru securitatea chimic\u0103 Dac\u0103 ave\u021bi nevoie de asisten\u021b\u0103 \u00een alegerea serviciului potrivit sau \u00een caz de \u00eentreb\u0103ri, v\u0103 rug\u0103m s\u0103 contacta\u021bi serviciul nostru de clien\u021bi.\" \/>\n<meta name=\"robots\" content=\"index, follow, max-snippet:-1, max-image-preview:large, max-video-preview:-1\" \/>\n<link rel=\"canonical\" href=\"https:\/\/www.msds-europe.com\/ro\/serviciul-pentru-clienti\/\" \/>\n<meta property=\"og:locale\" content=\"ro_RO\" \/>\n<meta property=\"og:type\" content=\"article\" \/>\n<meta property=\"og:title\" content=\"MSDS-Europe serviciul pentru clien\u0163i - C\u00e2nd ave\u0163i nevoie de asisten\u021b\u0103\" \/>\n<meta property=\"og:description\" content=\"Serviciul pentru clien\u0163i pentru securitatea chimic\u0103 Dac\u0103 ave\u021bi nevoie de asisten\u021b\u0103 \u00een alegerea serviciului potrivit sau \u00een caz de \u00eentreb\u0103ri, v\u0103 rug\u0103m s\u0103 contacta\u021bi serviciul nostru de clien\u021bi.\" \/>\n<meta property=\"og:url\" content=\"https:\/\/www.msds-europe.com\/ro\/serviciul-pentru-clienti\/\" \/>\n<meta property=\"og:site_name\" content=\"MSDS Europe\" \/>\n<meta property=\"article:publisher\" content=\"https:\/\/www.facebook.com\/toxinfokft\/\" \/>\n<meta property=\"article:modified_time\" content=\"2025-01-06T07:02:48+00:00\" \/>\n<meta name=\"twitter:card\" content=\"summary_large_image\" \/>\n<meta name=\"twitter:site\" content=\"@ToxInfoKft\" \/>\n<meta name=\"twitter:label1\" content=\"Timp estimat pentru citire\" \/>\n\t<meta name=\"twitter:data1\" content=\"1 minut\" \/>\n<script type=\"application\/ld+json\" class=\"yoast-schema-graph\">{\"@context\":\"https:\/\/schema.org\",\"@graph\":[{\"@type\":\"WebPage\",\"@id\":\"https:\/\/www.msds-europe.com\/ro\/serviciul-pentru-clienti\/\",\"url\":\"https:\/\/www.msds-europe.com\/ro\/serviciul-pentru-clienti\/\",\"name\":\"MSDS-Europe serviciul pentru clien\u0163i - C\u00e2nd ave\u0163i nevoie de asisten\u021b\u0103\",\"isPartOf\":{\"@id\":\"https:\/\/www.msds-europe.com\/es\/#website\"},\"datePublished\":\"2018-06-20T14:17:10+00:00\",\"dateModified\":\"2025-01-06T07:02:48+00:00\",\"description\":\"Serviciul pentru clien\u0163i pentru securitatea chimic\u0103 Dac\u0103 ave\u021bi nevoie de asisten\u021b\u0103 \u00een alegerea serviciului potrivit sau \u00een caz de \u00eentreb\u0103ri, v\u0103 rug\u0103m s\u0103 contacta\u021bi serviciul nostru de clien\u021bi.\",\"breadcrumb\":{\"@id\":\"https:\/\/www.msds-europe.com\/ro\/serviciul-pentru-clienti\/#breadcrumb\"},\"inLanguage\":\"ro-RO\",\"potentialAction\":[{\"@type\":\"ReadAction\",\"target\":[\"https:\/\/www.msds-europe.com\/ro\/serviciul-pentru-clienti\/\"]}]},{\"@type\":\"BreadcrumbList\",\"@id\":\"https:\/\/www.msds-europe.com\/ro\/serviciul-pentru-clienti\/#breadcrumb\",\"itemListElement\":[{\"@type\":\"ListItem\",\"position\":1,\"name\":\"F\u0151oldal\",\"item\":\"https:\/\/www.msds-europe.com\/ro\/\"},{\"@type\":\"ListItem\",\"position\":2,\"name\":\"Serviciul pentru clien\u0163i\"}]},{\"@type\":\"WebSite\",\"@id\":\"https:\/\/www.msds-europe.com\/es\/#website\",\"url\":\"https:\/\/www.msds-europe.com\/es\/\",\"name\":\"MSDS Europe\",\"description\":\"\",\"publisher\":{\"@id\":\"https:\/\/www.msds-europe.com\/es\/#organization\"},\"potentialAction\":[{\"@type\":\"SearchAction\",\"target\":{\"@type\":\"EntryPoint\",\"urlTemplate\":\"https:\/\/www.msds-europe.com\/es\/?s={search_term_string}\"},\"query-input\":{\"@type\":\"PropertyValueSpecification\",\"valueRequired\":true,\"valueName\":\"search_term_string\"}}],\"inLanguage\":\"ro-RO\"},{\"@type\":\"Organization\",\"@id\":\"https:\/\/www.msds-europe.com\/es\/#organization\",\"name\":\"MSDS-Europe International branch of ToxInfo\",\"url\":\"https:\/\/www.msds-europe.com\/es\/\",\"logo\":{\"@type\":\"ImageObject\",\"inLanguage\":\"ro-RO\",\"@id\":\"https:\/\/www.msds-europe.com\/es\/#\/schema\/logo\/image\/\",\"url\":\"https:\/\/www.msds-europe.com\/wp-content\/uploads\/2021\/04\/msds-europe-logo.jpg\",\"contentUrl\":\"https:\/\/www.msds-europe.com\/wp-content\/uploads\/2021\/04\/msds-europe-logo.jpg\",\"width\":2296,\"height\":1067,\"caption\":\"MSDS-Europe International branch of ToxInfo\"},\"image\":{\"@id\":\"https:\/\/www.msds-europe.com\/es\/#\/schema\/logo\/image\/\"},\"sameAs\":[\"https:\/\/www.facebook.com\/toxinfokft\/\",\"https:\/\/x.com\/ToxInfoKft\"]}]}<\/script>\n<!-- \/ Yoast SEO plugin. -->","yoast_head_json":{"title":"MSDS-Europe serviciul pentru clien\u0163i - C\u00e2nd ave\u0163i nevoie de asisten\u021b\u0103","description":"Serviciul pentru clien\u0163i pentru securitatea chimic\u0103 Dac\u0103 ave\u021bi nevoie de asisten\u021b\u0103 \u00een alegerea serviciului potrivit sau \u00een caz de \u00eentreb\u0103ri, v\u0103 rug\u0103m s\u0103 contacta\u021bi serviciul nostru de clien\u021bi.","robots":{"index":"index","follow":"follow","max-snippet":"max-snippet:-1","max-image-preview":"max-image-preview:large","max-video-preview":"max-video-preview:-1"},"canonical":"https:\/\/www.msds-europe.com\/ro\/serviciul-pentru-clienti\/","og_locale":"ro_RO","og_type":"article","og_title":"MSDS-Europe serviciul pentru clien\u0163i - C\u00e2nd ave\u0163i nevoie de asisten\u021b\u0103","og_description":"Serviciul pentru clien\u0163i pentru securitatea chimic\u0103 Dac\u0103 ave\u021bi nevoie de asisten\u021b\u0103 \u00een alegerea serviciului potrivit sau \u00een caz de \u00eentreb\u0103ri, v\u0103 rug\u0103m s\u0103 contacta\u021bi serviciul nostru de clien\u021bi.","og_url":"https:\/\/www.msds-europe.com\/ro\/serviciul-pentru-clienti\/","og_site_name":"MSDS Europe","article_publisher":"https:\/\/www.facebook.com\/toxinfokft\/","article_modified_time":"2025-01-06T07:02:48+00:00","twitter_card":"summary_large_image","twitter_site":"@ToxInfoKft","twitter_misc":{"Timp estimat pentru citire":"1 minut"},"schema":{"@context":"https:\/\/schema.org","@graph":[{"@type":"WebPage","@id":"https:\/\/www.msds-europe.com\/ro\/serviciul-pentru-clienti\/","url":"https:\/\/www.msds-europe.com\/ro\/serviciul-pentru-clienti\/","name":"MSDS-Europe serviciul pentru clien\u0163i - C\u00e2nd ave\u0163i nevoie de asisten\u021b\u0103","isPartOf":{"@id":"https:\/\/www.msds-europe.com\/es\/#website"},"datePublished":"2018-06-20T14:17:10+00:00","dateModified":"2025-01-06T07:02:48+00:00","description":"Serviciul pentru clien\u0163i pentru securitatea chimic\u0103 Dac\u0103 ave\u021bi nevoie de asisten\u021b\u0103 \u00een alegerea serviciului potrivit sau \u00een caz de \u00eentreb\u0103ri, v\u0103 rug\u0103m s\u0103 contacta\u021bi serviciul nostru de clien\u021bi.","breadcrumb":{"@id":"https:\/\/www.msds-europe.com\/ro\/serviciul-pentru-clienti\/#breadcrumb"},"inLanguage":"ro-RO","potentialAction":[{"@type":"ReadAction","target":["https:\/\/www.msds-europe.com\/ro\/serviciul-pentru-clienti\/"]}]},{"@type":"BreadcrumbList","@id":"https:\/\/www.msds-europe.com\/ro\/serviciul-pentru-clienti\/#breadcrumb","itemListElement":[{"@type":"ListItem","position":1,"name":"F\u0151oldal","item":"https:\/\/www.msds-europe.com\/ro\/"},{"@type":"ListItem","position":2,"name":"Serviciul pentru clien\u0163i"}]},{"@type":"WebSite","@id":"https:\/\/www.msds-europe.com\/es\/#website","url":"https:\/\/www.msds-europe.com\/es\/","name":"MSDS Europe","description":"","publisher":{"@id":"https:\/\/www.msds-europe.com\/es\/#organization"},"potentialAction":[{"@type":"SearchAction","target":{"@type":"EntryPoint","urlTemplate":"https:\/\/www.msds-europe.com\/es\/?s={search_term_string}"},"query-input":{"@type":"PropertyValueSpecification","valueRequired":true,"valueName":"search_term_string"}}],"inLanguage":"ro-RO"},{"@type":"Organization","@id":"https:\/\/www.msds-europe.com\/es\/#organization","name":"MSDS-Europe International branch of ToxInfo","url":"https:\/\/www.msds-europe.com\/es\/","logo":{"@type":"ImageObject","inLanguage":"ro-RO","@id":"https:\/\/www.msds-europe.com\/es\/#\/schema\/logo\/image\/","url":"https:\/\/www.msds-europe.com\/wp-content\/uploads\/2021\/04\/msds-europe-logo.jpg","contentUrl":"https:\/\/www.msds-europe.com\/wp-content\/uploads\/2021\/04\/msds-europe-logo.jpg","width":2296,"height":1067,"caption":"MSDS-Europe International branch of ToxInfo"},"image":{"@id":"https:\/\/www.msds-europe.com\/es\/#\/schema\/logo\/image\/"},"sameAs":["https:\/\/www.facebook.com\/toxinfokft\/","https:\/\/x.com\/ToxInfoKft"]}]}},"_links":{"self":[{"href":"https:\/\/www.msds-europe.com\/ro\/wp-json\/wp\/v2\/pages\/5215","targetHints":{"allow":["GET"]}}],"collection":[{"href":"https:\/\/www.msds-europe.com\/ro\/wp-json\/wp\/v2\/pages"}],"about":[{"href":"https:\/\/www.msds-europe.com\/ro\/wp-json\/wp\/v2\/types\/page"}],"author":[{"embeddable":true,"href":"https:\/\/www.msds-europe.com\/ro\/wp-json\/wp\/v2\/users\/2"}],"replies":[{"embeddable":true,"href":"https:\/\/www.msds-europe.com\/ro\/wp-json\/wp\/v2\/comments?post=5215"}],"version-history":[{"count":16,"href":"https:\/\/www.msds-europe.com\/ro\/wp-json\/wp\/v2\/pages\/5215\/revisions"}],"predecessor-version":[{"id":30317,"href":"https:\/\/www.msds-europe.com\/ro\/wp-json\/wp\/v2\/pages\/5215\/revisions\/30317"}],"wp:attachment":[{"href":"https:\/\/www.msds-europe.com\/ro\/wp-json\/wp\/v2\/media?parent=5215"}],"curies":[{"name":"wp","href":"https:\/\/api.w.org\/{rel}","templated":true}]}}