{"id":5209,"date":"2018-06-20T11:53:33","date_gmt":"2018-06-20T11:53:33","guid":{"rendered":"http:\/\/www.msds-europe.com\/servicii-legate-de-introducerea-pe-piata-a-produselor-cosmetice\/"},"modified":"2018-07-03T14:08:40","modified_gmt":"2018-07-03T14:08:40","slug":"servicii-legate-produse-cosmetice","status":"publish","type":"page","link":"https:\/\/www.msds-europe.com\/ro\/servicii-legate-produse-cosmetice\/","title":{"rendered":"Servicii legate de introducerea pe pia\u021b\u0103 a produselor cosmetice"},"content":{"rendered":"<p style=\"text-align: right;\"><em><a href=\"http:\/\/www.msds-europe.com\/ro\/\">MSDS-Europe<\/a> \u2013 Servicii legate de introducerea pe pia\u021b\u0103 a produselor cosmetice<\/em><\/p>\n<p>&nbsp;<\/p>\n<p style=\"text-align: justify;\">Gama noastr\u0103 de servicii se bazeaz\u0103 cerin\u0163ele firmelor implicate \u00een importul \u0219i distribu\u021bia produselor cosmetice, cu scopul de a ajuta comercializarea eficient\u0103 al produselor cosmetice.<\/p>\n<p style=\"text-align: justify;\">Ajut\u0103m partenerii no\u0219tri pe parcursul derul\u0103rii \u00eentregului proces de licen\u021biere, de la \u00eentocmirea etichetei produsului p\u00e2n\u0103 la finalizarea procesului de notificare.<\/p>\n<p style=\"text-align: justify;\">Serviciile noastre sunt \u00een conformitate cu regulamentul privind produsele cosmetice (<strong>Regulamentul 1223\/2009\/CE<\/strong>).<br \/>\nCompania noastra aplic\u0103 legisla\u021bia relevant\u0103 \u015fi dispune de experien\u021ba profesional\u0103 necesar\u0103.<\/p>\n<p>&nbsp;<\/p>\n<h3>V\u0103 ajut\u0103m \u00een<\/h3>\n<ul>\n<li style=\"text-align: justify;\"><a href=\"http:\/\/www.msds-europe.com\/ro\/intocmirea-evaluarii-sigurantei-pentru-cosmetice\/\">\u00centocmirea Evalu\u0103rii siguran\u0163ei<\/a><\/li>\n<li style=\"text-align: justify;\"><a href=\"http:\/\/www.msds-europe.com\/ro\/redactare-traducere-de-proiect-de-eticheta-pentru-produse-cosmetice\/\">\u00centocmirea unui proiect de etichet\u0103<\/a><\/li>\n<li style=\"text-align: justify;\"><a href=\"http:\/\/www.msds-europe.com\/ro\/serviciul-de-notificare-cpnp\/\">Notificare prin sistemul CPNP<\/a> (Portalul de notificare a\u00a0 produselor cosmetice)<\/li>\n<li style=\"text-align: justify;\"><a href=\"http:\/\/www.msds-europe.com\/ro\/intocmirea-fisei-cu-date-de-securitate-pentru-produse-cosmetice\/\">\u00centocmirea fi\u0219ei cu date de securitate pentru produse cosmetice<\/a><\/li>\n<\/ul>\n<p style=\"text-align: justify;\"><em>Pentru a vedea o descriere detaliat\u0103 a serviciilor noastre legate de produse cosmetice click pe oricare dintre link-urile de mai sus.<\/em><\/p>\n<p>&nbsp;<\/p>\n<h2 style=\"text-align: justify;\">Garan\u021bie<\/h2>\n<p style=\"text-align: justify;\">Compania noastra \u00ee\u015fi asum\u0103 \u00eentreag\u0103 responsabilitate profesional\u0103 \u015fi financiar\u0103 pentru serviciile noastre legate de procesul de autorizare a produselor cosmetice. Observa\u0163iile clien\u021bilor no\u0219tri sau observa\u0163iile autorit\u0103\u0163ilor sunt tratate \u00een termen de 24 de ore. Accept\u0103m observa\u0163iile sau cererile la orice contact.<\/p>\n<p>&nbsp;<\/p>\n<h2 style=\"text-align: justify;\">Asisten\u021b\u0103 pentru clien\u021bi<\/h2>\n<p style=\"text-align: justify;\">Serviciul nostru clien\u021bi v\u0103 furnizeaz\u0103 informa\u021bii rapide, de o calitate corespunz\u0103toare.<\/p>\n<p style=\"text-align: justify;\">Serviciul <a href=\"http:\/\/www.msds-europe.com\/ro\/serviciul-pentru-clienti\/\">nostru clien\u021bi<\/a> este disponibil pentru a r\u0103spunde la \u00eentreb\u0103ri tehnice sau de alt\u0103 natur\u0103 chiar \u0219i dup\u0103 \u00eendeplinirea serviciului comandat privind produsele cosmetice.<\/p>\n<p>&nbsp;<\/p>\n<h2 style=\"text-align: justify;\"><span style=\"color: #333333;\">Cerere cota\u0163ie pentru serviciile privind produsele cosmetice<\/span><\/h2>\n<p style=\"text-align: justify;\"><a href=\"mailto:info@msds-europe.com\">R\u0103spundem la cererile de cota\u0163ie trimise prin e-mail<\/a> sau prin <a href=\"http:\/\/www.msds-europe.com\/ro\/cerere-cotatie-pentru-serviciile-privind-produsele-cosmetice\/\">formularul online<\/a> \u00een 24 de ore.<br \/>\nServiciul <a href=\"http:\/\/www.msds-europe.com\/ro\/serviciul-pentru-clienti\/\">nostru pentru clien\u021bi<\/a> v\u0103 ajut\u0103 \u00een alegerea serviciului potrivit.<\/p>\n<p>&nbsp;<\/p>\n","protected":false},"excerpt":{"rendered":"<p>Servicii legate de introducerea pe pia\u021b\u0103 a produselor cosmetice. \u00centocmirea notific\u0103rilor \u0219i documenta\u021biilor necesare pentru distribuirea \u0219i fabricarea produselor cosmetice.<\/p>\n","protected":false},"author":2,"featured_media":0,"parent":0,"menu_order":0,"comment_status":"closed","ping_status":"closed","template":"page-category.php","meta":{"_acf_changed":false,"footnotes":""},"tags":[366,375],"class_list":["post-5209","page","type-page","status-publish","hentry","tag-cosmetice","tag-servicii-legate-de-produse-cosmetice"],"acf":[],"yoast_head":"<!-- This site is optimized with the Yoast SEO plugin v27.2 - https:\/\/yoast.com\/product\/yoast-seo-wordpress\/ -->\n<title>Servicii legate de introducerea pe pia\u021b\u0103 a produselor cosmetice<\/title>\n<meta name=\"description\" content=\"Servicii legate de introducerea pe pia\u021b\u0103 a produselor cosmetice. \u00centocmirea cu garan\u0163ie a notific\u0103rilor \u0219i documenta\u021biilor necesare pentru distribuirea \u0219i fabricarea produselor cosmetice.\" \/>\n<meta name=\"robots\" content=\"index, follow, max-snippet:-1, max-image-preview:large, max-video-preview:-1\" \/>\n<link rel=\"canonical\" href=\"https:\/\/www.msds-europe.com\/ro\/servicii-legate-produse-cosmetice\/\" \/>\n<meta property=\"og:locale\" content=\"ro_RO\" \/>\n<meta property=\"og:type\" content=\"article\" \/>\n<meta property=\"og:title\" content=\"Servicii legate de introducerea pe pia\u021b\u0103 a produselor cosmetice\" \/>\n<meta property=\"og:description\" content=\"Servicii legate de introducerea pe pia\u021b\u0103 a produselor cosmetice. \u00centocmirea cu garan\u0163ie a notific\u0103rilor \u0219i documenta\u021biilor necesare pentru distribuirea \u0219i fabricarea produselor cosmetice.\" \/>\n<meta property=\"og:url\" content=\"https:\/\/www.msds-europe.com\/ro\/servicii-legate-produse-cosmetice\/\" \/>\n<meta property=\"og:site_name\" content=\"MSDS Europe\" \/>\n<meta property=\"article:publisher\" content=\"https:\/\/www.facebook.com\/toxinfokft\/\" \/>\n<meta property=\"article:modified_time\" content=\"2018-07-03T14:08:40+00:00\" \/>\n<meta name=\"twitter:card\" content=\"summary_large_image\" \/>\n<meta name=\"twitter:site\" content=\"@ToxInfoKft\" \/>\n<meta name=\"twitter:label1\" content=\"Timp estimat pentru citire\" \/>\n\t<meta name=\"twitter:data1\" content=\"1 minut\" \/>\n<script type=\"application\/ld+json\" class=\"yoast-schema-graph\">{\"@context\":\"https:\/\/schema.org\",\"@graph\":[{\"@type\":\"WebPage\",\"@id\":\"https:\/\/www.msds-europe.com\/ro\/servicii-legate-produse-cosmetice\/\",\"url\":\"https:\/\/www.msds-europe.com\/ro\/servicii-legate-produse-cosmetice\/\",\"name\":\"Servicii legate de introducerea pe pia\u021b\u0103 a produselor cosmetice\",\"isPartOf\":{\"@id\":\"https:\/\/www.msds-europe.com\/es\/#website\"},\"datePublished\":\"2018-06-20T11:53:33+00:00\",\"dateModified\":\"2018-07-03T14:08:40+00:00\",\"description\":\"Servicii legate de introducerea pe pia\u021b\u0103 a produselor cosmetice. \u00centocmirea cu garan\u0163ie a notific\u0103rilor \u0219i documenta\u021biilor necesare pentru distribuirea \u0219i fabricarea produselor cosmetice.\",\"breadcrumb\":{\"@id\":\"https:\/\/www.msds-europe.com\/ro\/servicii-legate-produse-cosmetice\/#breadcrumb\"},\"inLanguage\":\"ro-RO\",\"potentialAction\":[{\"@type\":\"ReadAction\",\"target\":[\"https:\/\/www.msds-europe.com\/ro\/servicii-legate-produse-cosmetice\/\"]}]},{\"@type\":\"BreadcrumbList\",\"@id\":\"https:\/\/www.msds-europe.com\/ro\/servicii-legate-produse-cosmetice\/#breadcrumb\",\"itemListElement\":[{\"@type\":\"ListItem\",\"position\":1,\"name\":\"F\u0151oldal\",\"item\":\"https:\/\/www.msds-europe.com\/ro\/\"},{\"@type\":\"ListItem\",\"position\":2,\"name\":\"Servicii legate de introducerea pe pia\u021b\u0103 a produselor cosmetice\"}]},{\"@type\":\"WebSite\",\"@id\":\"https:\/\/www.msds-europe.com\/es\/#website\",\"url\":\"https:\/\/www.msds-europe.com\/es\/\",\"name\":\"MSDS Europe\",\"description\":\"\",\"publisher\":{\"@id\":\"https:\/\/www.msds-europe.com\/es\/#organization\"},\"potentialAction\":[{\"@type\":\"SearchAction\",\"target\":{\"@type\":\"EntryPoint\",\"urlTemplate\":\"https:\/\/www.msds-europe.com\/es\/?s={search_term_string}\"},\"query-input\":{\"@type\":\"PropertyValueSpecification\",\"valueRequired\":true,\"valueName\":\"search_term_string\"}}],\"inLanguage\":\"ro-RO\"},{\"@type\":\"Organization\",\"@id\":\"https:\/\/www.msds-europe.com\/es\/#organization\",\"name\":\"MSDS-Europe International branch of ToxInfo\",\"url\":\"https:\/\/www.msds-europe.com\/es\/\",\"logo\":{\"@type\":\"ImageObject\",\"inLanguage\":\"ro-RO\",\"@id\":\"https:\/\/www.msds-europe.com\/es\/#\/schema\/logo\/image\/\",\"url\":\"https:\/\/www.msds-europe.com\/wp-content\/uploads\/2021\/04\/msds-europe-logo.jpg\",\"contentUrl\":\"https:\/\/www.msds-europe.com\/wp-content\/uploads\/2021\/04\/msds-europe-logo.jpg\",\"width\":2296,\"height\":1067,\"caption\":\"MSDS-Europe International branch of ToxInfo\"},\"image\":{\"@id\":\"https:\/\/www.msds-europe.com\/es\/#\/schema\/logo\/image\/\"},\"sameAs\":[\"https:\/\/www.facebook.com\/toxinfokft\/\",\"https:\/\/x.com\/ToxInfoKft\"]}]}<\/script>\n<!-- \/ Yoast SEO plugin. -->","yoast_head_json":{"title":"Servicii legate de introducerea pe pia\u021b\u0103 a produselor cosmetice","description":"Servicii legate de introducerea pe pia\u021b\u0103 a produselor cosmetice. \u00centocmirea cu garan\u0163ie a notific\u0103rilor \u0219i documenta\u021biilor necesare pentru distribuirea \u0219i fabricarea produselor cosmetice.","robots":{"index":"index","follow":"follow","max-snippet":"max-snippet:-1","max-image-preview":"max-image-preview:large","max-video-preview":"max-video-preview:-1"},"canonical":"https:\/\/www.msds-europe.com\/ro\/servicii-legate-produse-cosmetice\/","og_locale":"ro_RO","og_type":"article","og_title":"Servicii legate de introducerea pe pia\u021b\u0103 a produselor cosmetice","og_description":"Servicii legate de introducerea pe pia\u021b\u0103 a produselor cosmetice. \u00centocmirea cu garan\u0163ie a notific\u0103rilor \u0219i documenta\u021biilor necesare pentru distribuirea \u0219i fabricarea produselor cosmetice.","og_url":"https:\/\/www.msds-europe.com\/ro\/servicii-legate-produse-cosmetice\/","og_site_name":"MSDS Europe","article_publisher":"https:\/\/www.facebook.com\/toxinfokft\/","article_modified_time":"2018-07-03T14:08:40+00:00","twitter_card":"summary_large_image","twitter_site":"@ToxInfoKft","twitter_misc":{"Timp estimat pentru citire":"1 minut"},"schema":{"@context":"https:\/\/schema.org","@graph":[{"@type":"WebPage","@id":"https:\/\/www.msds-europe.com\/ro\/servicii-legate-produse-cosmetice\/","url":"https:\/\/www.msds-europe.com\/ro\/servicii-legate-produse-cosmetice\/","name":"Servicii legate de introducerea pe pia\u021b\u0103 a produselor cosmetice","isPartOf":{"@id":"https:\/\/www.msds-europe.com\/es\/#website"},"datePublished":"2018-06-20T11:53:33+00:00","dateModified":"2018-07-03T14:08:40+00:00","description":"Servicii legate de introducerea pe pia\u021b\u0103 a produselor cosmetice. \u00centocmirea cu garan\u0163ie a notific\u0103rilor \u0219i documenta\u021biilor necesare pentru distribuirea \u0219i fabricarea produselor cosmetice.","breadcrumb":{"@id":"https:\/\/www.msds-europe.com\/ro\/servicii-legate-produse-cosmetice\/#breadcrumb"},"inLanguage":"ro-RO","potentialAction":[{"@type":"ReadAction","target":["https:\/\/www.msds-europe.com\/ro\/servicii-legate-produse-cosmetice\/"]}]},{"@type":"BreadcrumbList","@id":"https:\/\/www.msds-europe.com\/ro\/servicii-legate-produse-cosmetice\/#breadcrumb","itemListElement":[{"@type":"ListItem","position":1,"name":"F\u0151oldal","item":"https:\/\/www.msds-europe.com\/ro\/"},{"@type":"ListItem","position":2,"name":"Servicii legate de introducerea pe pia\u021b\u0103 a produselor cosmetice"}]},{"@type":"WebSite","@id":"https:\/\/www.msds-europe.com\/es\/#website","url":"https:\/\/www.msds-europe.com\/es\/","name":"MSDS Europe","description":"","publisher":{"@id":"https:\/\/www.msds-europe.com\/es\/#organization"},"potentialAction":[{"@type":"SearchAction","target":{"@type":"EntryPoint","urlTemplate":"https:\/\/www.msds-europe.com\/es\/?s={search_term_string}"},"query-input":{"@type":"PropertyValueSpecification","valueRequired":true,"valueName":"search_term_string"}}],"inLanguage":"ro-RO"},{"@type":"Organization","@id":"https:\/\/www.msds-europe.com\/es\/#organization","name":"MSDS-Europe International branch of ToxInfo","url":"https:\/\/www.msds-europe.com\/es\/","logo":{"@type":"ImageObject","inLanguage":"ro-RO","@id":"https:\/\/www.msds-europe.com\/es\/#\/schema\/logo\/image\/","url":"https:\/\/www.msds-europe.com\/wp-content\/uploads\/2021\/04\/msds-europe-logo.jpg","contentUrl":"https:\/\/www.msds-europe.com\/wp-content\/uploads\/2021\/04\/msds-europe-logo.jpg","width":2296,"height":1067,"caption":"MSDS-Europe International branch of ToxInfo"},"image":{"@id":"https:\/\/www.msds-europe.com\/es\/#\/schema\/logo\/image\/"},"sameAs":["https:\/\/www.facebook.com\/toxinfokft\/","https:\/\/x.com\/ToxInfoKft"]}]}},"_links":{"self":[{"href":"https:\/\/www.msds-europe.com\/ro\/wp-json\/wp\/v2\/pages\/5209","targetHints":{"allow":["GET"]}}],"collection":[{"href":"https:\/\/www.msds-europe.com\/ro\/wp-json\/wp\/v2\/pages"}],"about":[{"href":"https:\/\/www.msds-europe.com\/ro\/wp-json\/wp\/v2\/types\/page"}],"author":[{"embeddable":true,"href":"https:\/\/www.msds-europe.com\/ro\/wp-json\/wp\/v2\/users\/2"}],"replies":[{"embeddable":true,"href":"https:\/\/www.msds-europe.com\/ro\/wp-json\/wp\/v2\/comments?post=5209"}],"version-history":[{"count":4,"href":"https:\/\/www.msds-europe.com\/ro\/wp-json\/wp\/v2\/pages\/5209\/revisions"}],"predecessor-version":[{"id":7289,"href":"https:\/\/www.msds-europe.com\/ro\/wp-json\/wp\/v2\/pages\/5209\/revisions\/7289"}],"wp:attachment":[{"href":"https:\/\/www.msds-europe.com\/ro\/wp-json\/wp\/v2\/media?parent=5209"}],"wp:term":[{"taxonomy":"post_tag","embeddable":true,"href":"https:\/\/www.msds-europe.com\/ro\/wp-json\/wp\/v2\/tags?post=5209"}],"curies":[{"name":"wp","href":"https:\/\/api.w.org\/{rel}","templated":true}]}}