{"id":34842,"date":"2025-09-03T12:02:26","date_gmt":"2025-09-03T12:02:26","guid":{"rendered":"https:\/\/www.msds-europe.com\/?page_id=34842"},"modified":"2026-02-23T09:43:05","modified_gmt":"2026-02-23T09:43:05","slug":"inteligenta-artificiala-in-siguranta-chimica-sds-clp-reach","status":"publish","type":"page","link":"https:\/\/www.msds-europe.com\/ro\/inteligenta-artificiala-in-siguranta-chimica-sds-clp-reach\/","title":{"rendered":"Aplicabilitatea inteligen\u021bei artificiale \u00een siguran\u021ba chimic\u0103"},"content":{"rendered":"<p style=\"text-align: right;\"><em><a href=\"https:\/\/www.msds-europe.com\/\">MSDS-Europe<\/a> \u2013 <a href=\"https:\/\/www.msds-europe.com\/ro\/siguranta-chimica-articole-analize\/\">Busola siguran\u021bei chimice<\/a> \u2013 Aplicabilitatea inteligen\u021bei artificiale \u00een siguran\u021ba chimic\u0103<\/em><\/p>\n<p style=\"text-align: justify;\">Inteligen\u021ba artificial\u0103 (IA) \u0219i-a f\u0103cut apari\u021bia \u0219i \u00een industria chimic\u0103. \u00cen domeniul <a href=\"https:\/\/www.msds-europe.com\/ro\/siguranta-chimica-articole-analize\/\">siguran\u021bei chimice<\/a>, a ap\u0103rut nevoia unui proces mai eficient de gestionare a datelor \u0219i de automatizare a sarcinilor de rutin\u0103.<\/p>\n<p>&nbsp;<\/p>\n<h3 style=\"text-align: justify;\"><strong>Elaborarea fi\u0219elor cu date de securitate (FDS) cu ajutorul IA<\/strong><\/h3>\n<p style=\"text-align: justify;\"><a href=\"https:\/\/www.msds-europe.com\/ro\/efisa-cu-date-de-securitate-elaborare-intocmire\/\">Elaborarea fi\u0219elor cu date de securitate<\/a> a fost, \u00een mod tradi\u021bional, un proces manual, consumator de timp \u0219i resurse. <strong>IA \u00een domeniul siguran\u021bei chimice<\/strong> permite accelerarea semnificativ\u0103 a acestui proces.<\/p>\n<p style=\"text-align: justify;\">Exist\u0103 deja programe bazate pe IA care pot genera automat FDS utiliz\u00e2nd bazele de date chimice existente \u0219i cerin\u021bele legale. Acest lucru reduce semnificativ timpul \u0219i resursele necesare pentru elaborarea acestor documente.<\/p>\n<p style=\"text-align: justify;\">Sistemele bazate pe IA, \u00een timpul gener\u0103rii <a href=\"https:\/\/www.msds-europe.com\/ro\/definitie-fisa-de-date-de-securitate\/\">fi\u0219elor cu date de securitate (FDS)<\/a>, iau \u00een considerare cerin\u021bele legislative \u0219i normative relevante, astfel \u00eenc\u00e2t documentele rezultate respect\u0103, \u00een esen\u021b\u0103, reglement\u0103rile aplicabile.<\/p>\n<p style=\"text-align: justify;\">Acest lucru este deosebit de eficient pentru amestecurile nou dezvoltate, unde sistemul utilizeaz\u0103 cele mai recente baze de date \u0219i <a href=\"https:\/\/www.msds-europe.com\/ro\/securitatea-chimica-schimbari-reglementare\/\">modific\u0103ri legislative<\/a>.<\/p>\n<p style=\"text-align: justify;\">Totu\u0219i, este important de subliniat c\u0103, pentru amestecurile existente care au deja o FDS, inteligen\u021ba artificial\u0103, de una singur\u0103, nu garanteaz\u0103 conformitatea deplin\u0103.<\/p>\n<p style=\"text-align: justify;\">\u00cen astfel de cazuri, fi\u0219ele cu date de securitate trebuie <a href=\"https:\/\/www.msds-europe.com\/ro\/serviciul-pentru-clienti\/\">revizuite \u0219i completate de un expert uman<\/a>, pentru a se asigura c\u0103 modific\u0103rile, deficien\u021bele sau noile cerin\u021be legale sunt reflectate corespunz\u0103tor \u00een documenta\u021bia actualizat\u0103.<\/p>\n<p>&nbsp;<\/p>\n<h3 style=\"text-align: justify;\"><strong>Aplica\u021bii bazate pe IA \u00een siguran\u021ba chimic\u0103<\/strong><\/h3>\n<p style=\"text-align: justify;\">IA sprijin\u0103 domeniul <strong>siguran\u021bei chimice<\/strong> nu doar \u00een elaborarea FDS:<\/p>\n<ul style=\"text-align: justify;\">\n<li><strong>Clasificarea amestecurilor periculoase<\/strong>: IA poate ajuta la clasificarea corect\u0103 a amestecurilor complexe \u00een categoria de pericol corespunz\u0103toare. Pe baza datelor componentelor amestecului, sistemul poate determina \u00een ce <a href=\"https:\/\/www.msds-europe.com\/ro\/fraze-de-precautie-p\/\">categorii de pericol<\/a> trebuie clasificat amestecul, sprijinind astfel o clasificare GHS rapid\u0103 \u0219i precis\u0103.<\/li>\n<li><strong>Modele de toxicologie predictiv\u0103:<\/strong> folosind modele predictive bazate pe \u00eenv\u0103\u021bare automat\u0103, pot fi anticipate din timp riscurile poten\u021biale asupra s\u0103n\u0103t\u0103\u021bii sau mediului ale unei substan\u021be chimice noi. Algoritmii antrena\u021bi pe date toxicologice existente pot prezice ce efecte toxice poten\u021biale ar putea avea un compus nou. Astfel, pericolele poten\u021biale pot fi identificate chiar \u00eenainte de \u00eenceperea testelor de laborator, f\u0103c\u00e2nd procesele de evaluare a riscurilor mai rapide \u0219i mai eficiente.<\/li>\n<\/ul>\n<p>&nbsp;<\/p>\n<h3 style=\"text-align: justify;\"><strong>Importan\u021ba revizuirii umane<\/strong><\/h3>\n<p style=\"text-align: justify;\">\u00cen ciuda tuturor progreselor tehnologice, <strong>expertiza uman\u0103 r\u0103m\u00e2ne indispensabil\u0103<\/strong>. Chiar dac\u0103 IA poate procesa cantit\u0103\u021bi mari de date, FDS-urile generate automat trebuie \u00eentotdeauna revizuite de un profesionist cu experien\u021b\u0103.<\/p>\n<p style=\"text-align: justify;\">IA poate face gre\u0219eli sau poate interpreta gre\u0219it informa\u021biile; \u00een cele din urm\u0103, omul este responsabil pentru acurate\u021bea con\u021binutului \u0219i pentru <a href=\"https:\/\/www.msds-europe.com\/ro\/reach-baza-de-cunostinte\/\">conformitatea legal\u0103<\/a>. Din acest motiv, fi\u0219ele cu date de securitate elaborate cu IA ar trebui emise sau utilizate oficial doar dup\u0103 verificarea de c\u0103tre un expert.<\/p>\n<p>&nbsp;<\/p>\n<h3 style=\"text-align: justify;\"><strong>Ce ar trebui s\u0103 aleg?<\/strong><\/h3>\n<p style=\"text-align: justify;\">Aplicarea inteligen\u021bei artificiale (IA) \u00een domeniul siguran\u021bei chimice poate aduce beneficii semnificative, mai ales pentru sarcini care necesit\u0103 gestionarea unor volume mari de date sau respectarea unor cerin\u021be legislative complexe.<\/p>\n<p style=\"text-align: justify;\">Viteza \u0219i capacitatea de procesare a datelor prin IA permit cre\u0219terea eficien\u021bei muncii, dar, pentru a ob\u021bine cele mai bune rezultate, utilizarea prudent\u0103 a acestor sisteme \u0219i revizuirea de c\u0103tre exper\u021bi umani sunt indispensabile.<\/p>\n<p style=\"text-align: justify;\">Compania noastr\u0103 exploreaz\u0103 \u0219i dezvolt\u0103 continuu posibile aplica\u021bii ale inteligen\u021bei artificiale \u00een cadrul proiectelor noastre de inovare. Suntem convin\u0219i c\u0103 IA are un poten\u021bial remarcabil \u00een domeniul siguran\u021bei chimice, \u00eens\u0103 nivelul tehnologic actual nu permite \u00eenc\u0103 \u00eenlocuirea complet\u0103 a expertizei umane.<\/p>\n<p style=\"text-align: justify;\">Prin urmare, monitoriz\u0103m \u00eendeaproape evolu\u021bia IA pentru ca, \u00een viitor, s\u0103 putem integra \u00een mod eficient \u0219i fiabil cele mai avansate solu\u021bii \u00een serviciile noastre de siguran\u021b\u0103 chimic\u0103.<\/p>\n<p>&nbsp;<\/p>\n<h3>Ave\u021bi \u00eentreb\u0103ri suplimentare?<\/h3>\n<p>Contacta\u021bi serviciul nostru clien\u021bi sau adresa\u021bi \u00eentrebarea dvs. expertului nostru <a href=\"https:\/\/www.msds-europe.com\/online-consultation\/\">online<\/a>.<\/p>\n<a href=\"https:\/\/www.msds-europe.com\/ro\/serviciul-pentru-clienti\/\" class=\"su-button su-button-style-default\" style=\"color:#ef552d;background-color:#fefefe;border-color:#cccccc;border-radius:6px\" target=\"_self\"><span style=\"color:#ef552d;padding:0px 18px;font-size:14px;line-height:28px;border-color:#ffffff;border-radius:6px;text-shadow:none\"> Serviciu clien\u021bi<\/span><\/a>\n<a href=\"http:\/\/Consultare%20online%20cu%20exper\u021bi%20\u00een%20domeniul%20securit\u0103\u021bii%20chimice\" class=\"su-button su-button-style-default\" style=\"color:#ffffff;background-color:#ef552d;border-color:#c04424;border-radius:6px\" target=\"_self\"><span style=\"color:#ffffff;padding:0px 18px;font-size:14px;line-height:28px;border-color:#f4886c;border-radius:6px;text-shadow:0px 0px 2px #ffffff\"> \u00centreba\u021bi expertul nostru<\/span><\/a>\n<p>&nbsp;<\/p>\n<p><strong>Serviciile noastre:<\/strong><\/p>\n<ul>\n<li><a href=\"https:\/\/www.msds-europe.com\/ro\/fisa-cu-date-de-securitate-traductie\/\">Traducerea fi\u0219elor cu date de securitate<\/a><\/li>\n<li><a href=\"https:\/\/www.msds-europe.com\/ro\/efisa-cu-date-de-securitate-elaborare-intocmire\/\">Elaborarea \u0219i \u00eentocmirea FDS<\/a><\/li>\n<li>Elaborarea proiectelor de <a href=\"https:\/\/www.msds-europe.com\/ro\/intocmire-proiect-de-eticheta\/\">etichet\u0103 CLP<\/a><\/li>\n<li><a href=\"https:\/\/www.msds-europe.com\/ro\/notificare-amestecuri-pcn-cod-ufi\/\">Notificarea PCN a amestecurilor periculoase<\/a><\/li>\n<\/ul>\n<p>&nbsp;<\/p>\n<p><strong>Articole utile:<\/strong><\/p>\n<ul>\n<li><a href=\"https:\/\/www.msds-europe.com\/ro\/siguranta-chimica-articole-analize\/\">Busola siguran\u021bei chimice<\/a><\/li>\n<li><a href=\"https:\/\/www.msds-europe.com\/ro\/intrebari-frecvente-si-raspunsuri-in-siguranta-chimica\/\">\u00centreb\u0103ri frecvente \u2013 FAQ<\/a><\/li>\n<li><a href=\"https:\/\/www.msds-europe.com\/ro\/securitatea-chimica-schimbari-reglementare\/\">Monitorizarea modific\u0103rilor legislative<\/a><\/li>\n<\/ul>\n<p>&nbsp;<\/p>\n<h4 style=\"text-align: justify;\"><span style=\"color: #333333;\">\u00centreb\u0103ri frecvente<\/span><\/h4>\n<p style=\"text-align: justify;\"><div class=\"su-spoiler su-spoiler-style-fancy su-spoiler-icon-chevron su-spoiler-closed\" data-scroll-offset=\"0\" data-anchor-in-url=\"no\"><div class=\"su-spoiler-title\" tabindex=\"0\" role=\"button\"><span class=\"su-spoiler-icon\"><\/span>Cum accelereaz\u0103 IA elaborarea fi\u0219elor cu date de securitate (FDS)?<\/div><div class=\"su-spoiler-content su-u-clearfix su-u-trim\">\n<p style=\"text-align: justify;\">Software-ul bazat pe IA utilizeaz\u0103 bazele de date existente de substan\u021be chimice \u0219i cerin\u021bele legale pentru a genera automat FDS-uri, reduc\u00e2nd considerabil timpul \u0219i efortul comparativ cu \u00eentocmirea manual\u0103 tradi\u021bional\u0103.<\/p>\n<p style=\"text-align: justify;\"><\/div><\/div>\n<p style=\"text-align: justify;\"><div class=\"su-spoiler su-spoiler-style-fancy su-spoiler-icon-chevron su-spoiler-closed\" data-scroll-offset=\"0\" data-anchor-in-url=\"no\"><div class=\"su-spoiler-title\" tabindex=\"0\" role=\"button\"><span class=\"su-spoiler-icon\"><\/span>C\u00e2nd r\u0103m\u00e2ne indispensabil expertul uman?<\/div><div class=\"su-spoiler-content su-u-clearfix su-u-trim\">\n<p style=\"text-align: justify;\">FDS-urile generate automat trebuie \u00eentotdeauna revizuite de un specialist uman pentru a asigura acurate\u021bea con\u021binutului \u0219i conformitatea continu\u0103 cu legisla\u021bia \u00een permanent\u0103 schimbare.<\/p>\n<p style=\"text-align: justify;\"><\/div><\/div>\n<p style=\"text-align: justify;\"><div class=\"su-spoiler su-spoiler-style-fancy su-spoiler-icon-chevron su-spoiler-closed\" data-scroll-offset=\"0\" data-anchor-in-url=\"no\"><div class=\"su-spoiler-title\" tabindex=\"0\" role=\"button\"><span class=\"su-spoiler-icon\"><\/span>Cum asist\u0103 IA clasificarea amestecurilor periculoase?<\/div><div class=\"su-spoiler-content su-u-clearfix su-u-trim\">\n<p style=\"text-align: justify;\">Pe baza datelor componentelor amestecului, sistemul atribuie rapid clasele \u0219i categoriile de pericol GHS corecte, sprijinind o clasificare precis\u0103 \u0219i consecvent\u0103.<\/p>\n<p style=\"text-align: justify;\"><\/div><\/div>\n<p style=\"text-align: justify;\"><div class=\"su-spoiler su-spoiler-style-fancy su-spoiler-icon-chevron su-spoiler-closed\" data-scroll-offset=\"0\" data-anchor-in-url=\"no\"><div class=\"su-spoiler-title\" tabindex=\"0\" role=\"button\"><span class=\"su-spoiler-icon\"><\/span>Cum sprijin\u0103 IA monitorizarea reglement\u0103rilor?<\/div><div class=\"su-spoiler-content su-u-clearfix su-u-trim\">\n<p style=\"text-align: justify;\">Anumite platforme bazate pe IA analizeaz\u0103 legisla\u021bia actualizat\u0103 \u0219i semnaleaz\u0103 c\u00e2nd noile prevederi impun modific\u0103ri ale FDS-urilor sau etichetelor, sprijinind astfel o conformare proactiv\u0103.<\/p>\n<p style=\"text-align: justify;\"><\/div><\/div>\n<p>&nbsp;<\/p>\n","protected":false},"excerpt":{"rendered":"<p>MSDS-Europe \u2013 Busola siguran\u021bei chimice \u2013 Aplicabilitatea inteligen\u021bei artificiale \u00een siguran\u021ba chimic\u0103 Inteligen\u021ba artificial\u0103 (IA) \u0219i-a f\u0103cut apari\u021bia \u0219i \u00een industria chimic\u0103. \u00cen domeniul siguran\u021bei chimice, a ap\u0103rut nevoia unui proces mai eficient de gestionare a datelor \u0219i de automatizare a sarcinilor de rutin\u0103. &nbsp; Elaborarea fi\u0219elor cu date de&#8230;<\/p>\n","protected":false},"author":2,"featured_media":0,"parent":0,"menu_order":0,"comment_status":"closed","ping_status":"closed","template":"","meta":{"_acf_changed":false,"footnotes":""},"tags":[],"class_list":["post-34842","page","type-page","status-publish","hentry"],"acf":[],"yoast_head":"<!-- This site is optimized with the Yoast SEO plugin v27.2 - https:\/\/yoast.com\/product\/yoast-seo-wordpress\/ -->\n<title>Aplicabilitatea inteligen\u021bei artificiale \u00een siguran\u021ba chimic\u0103<\/title>\n<meta name=\"description\" content=\"Descoperi\u021bi cum inteligen\u021ba artificial\u0103 \u00eembun\u0103t\u0103\u021be\u0219te siguran\u021ba chimic\u0103 prin automatizarea FDS, clasificarea pericolelor.\" \/>\n<meta name=\"robots\" content=\"index, follow, max-snippet:-1, max-image-preview:large, max-video-preview:-1\" \/>\n<link rel=\"canonical\" href=\"https:\/\/www.msds-europe.com\/ro\/inteligenta-artificiala-in-siguranta-chimica-sds-clp-reach\/\" \/>\n<meta property=\"og:locale\" content=\"ro_RO\" \/>\n<meta property=\"og:type\" content=\"article\" \/>\n<meta property=\"og:title\" content=\"Aplicabilitatea inteligen\u021bei artificiale \u00een siguran\u021ba chimic\u0103\" \/>\n<meta property=\"og:description\" content=\"Descoperi\u021bi cum inteligen\u021ba artificial\u0103 \u00eembun\u0103t\u0103\u021be\u0219te siguran\u021ba chimic\u0103 prin automatizarea FDS, clasificarea pericolelor.\" \/>\n<meta property=\"og:url\" content=\"https:\/\/www.msds-europe.com\/ro\/inteligenta-artificiala-in-siguranta-chimica-sds-clp-reach\/\" \/>\n<meta property=\"og:site_name\" content=\"MSDS Europe\" \/>\n<meta property=\"article:publisher\" content=\"https:\/\/www.facebook.com\/toxinfokft\/\" \/>\n<meta property=\"article:modified_time\" content=\"2026-02-23T09:43:05+00:00\" \/>\n<meta name=\"twitter:card\" content=\"summary_large_image\" \/>\n<meta name=\"twitter:site\" content=\"@ToxInfoKft\" \/>\n<meta name=\"twitter:label1\" content=\"Timp estimat pentru citire\" \/>\n\t<meta name=\"twitter:data1\" content=\"4 minute\" \/>\n<script type=\"application\/ld+json\" class=\"yoast-schema-graph\">{\"@context\":\"https:\/\/schema.org\",\"@graph\":[{\"@type\":\"WebPage\",\"@id\":\"https:\/\/www.msds-europe.com\/ro\/inteligenta-artificiala-in-siguranta-chimica-sds-clp-reach\/\",\"url\":\"https:\/\/www.msds-europe.com\/ro\/inteligenta-artificiala-in-siguranta-chimica-sds-clp-reach\/\",\"name\":\"Aplicabilitatea inteligen\u021bei artificiale \u00een siguran\u021ba chimic\u0103\",\"isPartOf\":{\"@id\":\"https:\/\/www.msds-europe.com\/es\/#website\"},\"datePublished\":\"2025-09-03T12:02:26+00:00\",\"dateModified\":\"2026-02-23T09:43:05+00:00\",\"description\":\"Descoperi\u021bi cum inteligen\u021ba artificial\u0103 \u00eembun\u0103t\u0103\u021be\u0219te siguran\u021ba chimic\u0103 prin automatizarea FDS, clasificarea pericolelor.\",\"breadcrumb\":{\"@id\":\"https:\/\/www.msds-europe.com\/ro\/inteligenta-artificiala-in-siguranta-chimica-sds-clp-reach\/#breadcrumb\"},\"inLanguage\":\"ro-RO\",\"potentialAction\":[{\"@type\":\"ReadAction\",\"target\":[\"https:\/\/www.msds-europe.com\/ro\/inteligenta-artificiala-in-siguranta-chimica-sds-clp-reach\/\"]}]},{\"@type\":\"BreadcrumbList\",\"@id\":\"https:\/\/www.msds-europe.com\/ro\/inteligenta-artificiala-in-siguranta-chimica-sds-clp-reach\/#breadcrumb\",\"itemListElement\":[{\"@type\":\"ListItem\",\"position\":1,\"name\":\"F\u0151oldal\",\"item\":\"https:\/\/www.msds-europe.com\/ro\/\"},{\"@type\":\"ListItem\",\"position\":2,\"name\":\"Aplicabilitatea inteligen\u021bei artificiale \u00een siguran\u021ba chimic\u0103\"}]},{\"@type\":\"WebSite\",\"@id\":\"https:\/\/www.msds-europe.com\/es\/#website\",\"url\":\"https:\/\/www.msds-europe.com\/es\/\",\"name\":\"MSDS Europe\",\"description\":\"\",\"publisher\":{\"@id\":\"https:\/\/www.msds-europe.com\/es\/#organization\"},\"potentialAction\":[{\"@type\":\"SearchAction\",\"target\":{\"@type\":\"EntryPoint\",\"urlTemplate\":\"https:\/\/www.msds-europe.com\/es\/?s={search_term_string}\"},\"query-input\":{\"@type\":\"PropertyValueSpecification\",\"valueRequired\":true,\"valueName\":\"search_term_string\"}}],\"inLanguage\":\"ro-RO\"},{\"@type\":\"Organization\",\"@id\":\"https:\/\/www.msds-europe.com\/es\/#organization\",\"name\":\"MSDS-Europe International branch of ToxInfo\",\"url\":\"https:\/\/www.msds-europe.com\/es\/\",\"logo\":{\"@type\":\"ImageObject\",\"inLanguage\":\"ro-RO\",\"@id\":\"https:\/\/www.msds-europe.com\/es\/#\/schema\/logo\/image\/\",\"url\":\"https:\/\/www.msds-europe.com\/wp-content\/uploads\/2021\/04\/msds-europe-logo.jpg\",\"contentUrl\":\"https:\/\/www.msds-europe.com\/wp-content\/uploads\/2021\/04\/msds-europe-logo.jpg\",\"width\":2296,\"height\":1067,\"caption\":\"MSDS-Europe International branch of ToxInfo\"},\"image\":{\"@id\":\"https:\/\/www.msds-europe.com\/es\/#\/schema\/logo\/image\/\"},\"sameAs\":[\"https:\/\/www.facebook.com\/toxinfokft\/\",\"https:\/\/x.com\/ToxInfoKft\"]}]}<\/script>\n<!-- \/ Yoast SEO plugin. -->","yoast_head_json":{"title":"Aplicabilitatea inteligen\u021bei artificiale \u00een siguran\u021ba chimic\u0103","description":"Descoperi\u021bi cum inteligen\u021ba artificial\u0103 \u00eembun\u0103t\u0103\u021be\u0219te siguran\u021ba chimic\u0103 prin automatizarea FDS, clasificarea pericolelor.","robots":{"index":"index","follow":"follow","max-snippet":"max-snippet:-1","max-image-preview":"max-image-preview:large","max-video-preview":"max-video-preview:-1"},"canonical":"https:\/\/www.msds-europe.com\/ro\/inteligenta-artificiala-in-siguranta-chimica-sds-clp-reach\/","og_locale":"ro_RO","og_type":"article","og_title":"Aplicabilitatea inteligen\u021bei artificiale \u00een siguran\u021ba chimic\u0103","og_description":"Descoperi\u021bi cum inteligen\u021ba artificial\u0103 \u00eembun\u0103t\u0103\u021be\u0219te siguran\u021ba chimic\u0103 prin automatizarea FDS, clasificarea pericolelor.","og_url":"https:\/\/www.msds-europe.com\/ro\/inteligenta-artificiala-in-siguranta-chimica-sds-clp-reach\/","og_site_name":"MSDS Europe","article_publisher":"https:\/\/www.facebook.com\/toxinfokft\/","article_modified_time":"2026-02-23T09:43:05+00:00","twitter_card":"summary_large_image","twitter_site":"@ToxInfoKft","twitter_misc":{"Timp estimat pentru citire":"4 minute"},"schema":{"@context":"https:\/\/schema.org","@graph":[{"@type":"WebPage","@id":"https:\/\/www.msds-europe.com\/ro\/inteligenta-artificiala-in-siguranta-chimica-sds-clp-reach\/","url":"https:\/\/www.msds-europe.com\/ro\/inteligenta-artificiala-in-siguranta-chimica-sds-clp-reach\/","name":"Aplicabilitatea inteligen\u021bei artificiale \u00een siguran\u021ba chimic\u0103","isPartOf":{"@id":"https:\/\/www.msds-europe.com\/es\/#website"},"datePublished":"2025-09-03T12:02:26+00:00","dateModified":"2026-02-23T09:43:05+00:00","description":"Descoperi\u021bi cum inteligen\u021ba artificial\u0103 \u00eembun\u0103t\u0103\u021be\u0219te siguran\u021ba chimic\u0103 prin automatizarea FDS, clasificarea pericolelor.","breadcrumb":{"@id":"https:\/\/www.msds-europe.com\/ro\/inteligenta-artificiala-in-siguranta-chimica-sds-clp-reach\/#breadcrumb"},"inLanguage":"ro-RO","potentialAction":[{"@type":"ReadAction","target":["https:\/\/www.msds-europe.com\/ro\/inteligenta-artificiala-in-siguranta-chimica-sds-clp-reach\/"]}]},{"@type":"BreadcrumbList","@id":"https:\/\/www.msds-europe.com\/ro\/inteligenta-artificiala-in-siguranta-chimica-sds-clp-reach\/#breadcrumb","itemListElement":[{"@type":"ListItem","position":1,"name":"F\u0151oldal","item":"https:\/\/www.msds-europe.com\/ro\/"},{"@type":"ListItem","position":2,"name":"Aplicabilitatea inteligen\u021bei artificiale \u00een siguran\u021ba chimic\u0103"}]},{"@type":"WebSite","@id":"https:\/\/www.msds-europe.com\/es\/#website","url":"https:\/\/www.msds-europe.com\/es\/","name":"MSDS Europe","description":"","publisher":{"@id":"https:\/\/www.msds-europe.com\/es\/#organization"},"potentialAction":[{"@type":"SearchAction","target":{"@type":"EntryPoint","urlTemplate":"https:\/\/www.msds-europe.com\/es\/?s={search_term_string}"},"query-input":{"@type":"PropertyValueSpecification","valueRequired":true,"valueName":"search_term_string"}}],"inLanguage":"ro-RO"},{"@type":"Organization","@id":"https:\/\/www.msds-europe.com\/es\/#organization","name":"MSDS-Europe International branch of ToxInfo","url":"https:\/\/www.msds-europe.com\/es\/","logo":{"@type":"ImageObject","inLanguage":"ro-RO","@id":"https:\/\/www.msds-europe.com\/es\/#\/schema\/logo\/image\/","url":"https:\/\/www.msds-europe.com\/wp-content\/uploads\/2021\/04\/msds-europe-logo.jpg","contentUrl":"https:\/\/www.msds-europe.com\/wp-content\/uploads\/2021\/04\/msds-europe-logo.jpg","width":2296,"height":1067,"caption":"MSDS-Europe International branch of ToxInfo"},"image":{"@id":"https:\/\/www.msds-europe.com\/es\/#\/schema\/logo\/image\/"},"sameAs":["https:\/\/www.facebook.com\/toxinfokft\/","https:\/\/x.com\/ToxInfoKft"]}]}},"_links":{"self":[{"href":"https:\/\/www.msds-europe.com\/ro\/wp-json\/wp\/v2\/pages\/34842","targetHints":{"allow":["GET"]}}],"collection":[{"href":"https:\/\/www.msds-europe.com\/ro\/wp-json\/wp\/v2\/pages"}],"about":[{"href":"https:\/\/www.msds-europe.com\/ro\/wp-json\/wp\/v2\/types\/page"}],"author":[{"embeddable":true,"href":"https:\/\/www.msds-europe.com\/ro\/wp-json\/wp\/v2\/users\/2"}],"replies":[{"embeddable":true,"href":"https:\/\/www.msds-europe.com\/ro\/wp-json\/wp\/v2\/comments?post=34842"}],"version-history":[{"count":6,"href":"https:\/\/www.msds-europe.com\/ro\/wp-json\/wp\/v2\/pages\/34842\/revisions"}],"predecessor-version":[{"id":37469,"href":"https:\/\/www.msds-europe.com\/ro\/wp-json\/wp\/v2\/pages\/34842\/revisions\/37469"}],"wp:attachment":[{"href":"https:\/\/www.msds-europe.com\/ro\/wp-json\/wp\/v2\/media?parent=34842"}],"wp:term":[{"taxonomy":"post_tag","embeddable":true,"href":"https:\/\/www.msds-europe.com\/ro\/wp-json\/wp\/v2\/tags?post=34842"}],"curies":[{"name":"wp","href":"https:\/\/api.w.org\/{rel}","templated":true}]}}