{"id":34581,"date":"2025-09-01T12:01:20","date_gmt":"2025-09-01T12:01:20","guid":{"rendered":"https:\/\/www.msds-europe.com\/?page_id=34581"},"modified":"2026-04-22T12:22:18","modified_gmt":"2026-04-22T12:22:18","slug":"informatii-despre-fds-pentru-utilizatori-aval","status":"publish","type":"page","link":"https:\/\/www.msds-europe.com\/ro\/informatii-despre-fds-pentru-utilizatori-aval\/","title":{"rendered":"Informa\u021bii utile pentru utilizatorii din aval privind fi\u0219ele cu date de securitate"},"content":{"rendered":"<p style=\"text-align: right;\"><em><a href=\"https:\/\/www.msds-europe.com\/ro\/cunostinte-fisa-cu-date-de-securitate\/\">Baza de cuno\u0219tin\u021be despre fi\u0219ele cu date de securitate<\/a> \u2013 Despre fi\u0219a cu date de securitate pentru utilizatorii din aval<\/em><\/p>\n<p>&nbsp;<\/p>\n<h2 style=\"text-align: justify;\">Fi\u0219a cu date de securitate ca instrument de comunicare<\/h2>\n<p style=\"text-align: justify;\">Fi\u0219ele cu date de securitate sunt instrumente importante de comunicare \u00een lan\u021bul de aprovizionare. Ele ajut\u0103 to\u021bi membrii lan\u021bului de aprovizionare s\u0103 \u00ee\u0219i \u00eendeplineasc\u0103 responsabilit\u0103\u021bile legate de gestionarea riscurilor care decurg din utilizarea substan\u021belor \u0219i a amestecurilor.<\/p>\n<p style=\"text-align: justify;\">Utilizatorii din aval sunt informa\u021bi, prin intermediul unei fi\u0219e cu date de securitate, despre riscurile care decurg din utilizarea identificat\u0103 \u0219i despre m\u0103surile ce trebuie luate pentru a controla aceste riscuri.<\/p>\n<p>&nbsp;<\/p>\n<h2 style=\"text-align: justify;\">Scenariul de expunere<\/h2>\n<p style=\"text-align: justify;\">Unele fi\u0219e cu date de securitate au \u0219i o anex\u0103 numit\u0103 \u201escenariu de expunere\u201d. <a href=\"https:\/\/www.msds-europe.com\/checking-implementing-exposure-scenario\/\">Scenariul de expunere<\/a> ofer\u0103 informa\u021bii mai precise privind utilizarea \u00een siguran\u021b\u0103 \u0219i reducerea expunerii dec\u00e2t o fi\u0219\u0103 cu date de securitate.<\/p>\n<p style=\"text-align: justify;\">Dac\u0103 scenariul de expunere nu acoper\u0103 utilizarea preconizat\u0103, trebuie contactat furnizorul. \u00cen caz contrar, utilizatorii din aval trebuie s\u0103 elaboreze propriul <a href=\"https:\/\/www.msds-europe.com\/ro\/intrebari-frecvente-si-raspunsuri-in-siguranta-chimica\/\">raport de securitate chimic\u0103<\/a>.<\/p>\n<p>&nbsp;<\/p>\n<h2 style=\"text-align: justify;\">Sarcini de efectuat dac\u0103 nu primi\u021bi o fi\u0219\u0103 cu date de securitate pentru substan\u021ba\/amestecul achizi\u021bionat<\/h2>\n<p style=\"text-align: justify;\">Aceasta nu \u00eenseamn\u0103 c\u0103 nu trebuie puse \u00een aplicare (\u0219i comunicate celorlal\u021bi membri ai lan\u021bului de aprovizionare) m\u0103surile de gestionare a riscurilor pe care furnizorul le comunic\u0103 \u00een alt mod (de exemplu, \u00eentr-o declara\u021bie scris\u0103, \u00eentr-o fi\u0219\u0103 tehnic\u0103, \u00een specifica\u021bii etc.).<\/p>\n<p style=\"text-align: justify;\">Faptul c\u0103 nu a\u021bi primit o fi\u0219\u0103 cu date de securitate \u00eenseamn\u0103, probabil, c\u0103 substan\u021ba sau amestecul nu este considerat periculos.<\/p>\n<p style=\"text-align: justify;\">Cu toate acestea, trebuie s\u0103 contacta\u021bi furnizorul \u0219i s\u0103 solicita\u021bi o fi\u0219\u0103 cu date de securitate (\u00een unele cazuri, legisla\u021bia permite furnizorilor s\u0103 furnizeze o fi\u0219\u0103 cu date de securitate numai la cerere).<\/p>\n<p>&nbsp;<\/p>\n<h2 style=\"text-align: justify;\">Sarcini de efectuat dup\u0103 primirea unei fi\u0219e cu date de securitate<\/h2>\n<p style=\"text-align: justify;\">Trebuie s\u0103 verifica\u021bi dac\u0103 fi\u0219a cu date de securitate con\u021bine un num\u0103r de \u00eenregistrare REACH.<\/p>\n<p style=\"text-align: justify;\">Dac\u0103 num\u0103rul de \u00eenregistrare REACH este inclus \u00een fi\u0219a cu date de securitate, ave\u021bi la dispozi\u021bie 12 luni pentru a respecta cerin\u021bele REACH prev\u0103zute pentru utilizatorii din aval.<\/p>\n<p style=\"text-align: justify;\">Dac\u0103 o substan\u021b\u0103 nu a fost \u00eenc\u0103 \u00eenregistrat\u0103 \u0219i nu a fost emis un num\u0103r de \u00eenregistrare, trebuie urmate instruc\u021biunile din fi\u0219a cu date de securitate.<\/p>\n<p style=\"text-align: justify;\">Trebuie s\u0103 verifica\u021bi informa\u021biile privind pericolele \u0219i m\u0103surile de gestionare a riscurilor. De asemenea, trebuie verificat\u0103 implementarea m\u0103surilor de gestionare a riscurilor \u0219i dac\u0103 vreo substan\u021b\u0103 prezent\u0103 individual sau ca parte a unui amestec este supus\u0103 autoriz\u0103rii ori restric\u021biilor.<\/p>\n<p style=\"text-align: justify;\">Dac\u0103 furnizorul nu sprijin\u0103 anumite utiliz\u0103ri pentru a proteja s\u0103n\u0103tatea uman\u0103 sau mediul, acesta trebuie s\u0103 indice acest lucru \u00een sec\u021biunea 16 a fi\u0219ei cu date de securitate sau printre informa\u021biile furnizate \u00een conformitate cu articolul 32. Dac\u0103 aceast\u0103 contraindica\u021bie nu este justificat\u0103, utilizatorul din aval are dreptul de a solicita informa\u021bii suplimentare sau o justificare.<\/p>\n<p>&nbsp;<\/p>\n<h3 style=\"text-align: justify;\">Sarcini de efectuat \u00een cazul utiliz\u0103rilor nerecomandate<\/h3>\n<ul>\n<li style=\"text-align: justify;\">Trebuie \u00eentrerupt\u0103 utilizarea substan\u021bei sau a amestecului.<\/li>\n<li style=\"text-align: justify;\">Utilizarea \u00een siguran\u021b\u0103 poate fi demonstrat\u0103 prin elaborarea unui raport de securitate chimic\u0103 al utilizatorului din aval. \u00cen acest scop, trebuie evaluat\u0103 utilizarea substan\u021bei sau a amestecului mai detaliat dec\u00e2t a f\u0103cut furnizorul \u0219i, dup\u0103 caz, trebuie modificate condi\u021biile de utilizare.<\/li>\n<\/ul>\n<p>&nbsp;<\/p>\n<h3 style=\"text-align: justify;\">Sarcinile utilizatorilor din aval care produc amestecuri \u00een leg\u0103tur\u0103 cu fi\u0219ele cu date de securitate<\/h3>\n<p style=\"text-align: justify;\">Dup\u0103 <a href=\"https:\/\/www.msds-europe.com\/ro\/efisa-cu-date-de-securitate-elaborare-intocmire\/\">efectuarea clasific\u0103rii<\/a>, ve\u021bi putea stabili dac\u0103 trebuie sau nu s\u0103 furniza\u021bi o fi\u0219\u0103 cu date de securitate clien\u021bilor dumneavoastr\u0103 pentru amestecul respectiv.<\/p>\n<p>&nbsp;<\/p>\n<h2 style=\"text-align: justify;\">Fi\u0219a cu date de securitate trebuie furnizat\u0103 utilizatorilor profesionali \u00een urm\u0103toarele cazuri<\/h2>\n<ul>\n<li style=\"text-align: justify;\">Dac\u0103 o substan\u021b\u0103 sau un amestec este clasificat ca periculos.<\/li>\n<li style=\"text-align: justify;\">Dac\u0103 o substan\u021b\u0103 este persistent\u0103, bioacumulabil\u0103 \u0219i toxic\u0103 (PBT) sau foarte persistent\u0103 \u0219i foarte bioacumulabil\u0103 (vPvB), \u00een conformitate cu criteriile din anexa XIII.<\/li>\n<li style=\"text-align: justify;\">Dac\u0103 o substan\u021b\u0103 este inclus\u0103 \u00een lista candidat\u0103 stabilit\u0103 \u00een conformitate cu articolul 59 alineatul (1).<\/li>\n<\/ul>\n<p>&nbsp;<\/p>\n<h3 style=\"text-align: justify;\">Dac\u0103 amestecul nu este considerat periculos, clientul poate solicita fi\u0219a cu date de securitate \u00een urm\u0103toarele cazuri<\/h3>\n<ul>\n<li style=\"text-align: justify;\">Con\u021bine o substan\u021b\u0103 periculoas\u0103 \u00eentr-o concentra\u021bie \u2265 1 % (\u00een greutate), pentru amestecuri negazoase.<\/li>\n<li style=\"text-align: justify;\">Con\u021bine o substan\u021b\u0103 periculoas\u0103 \u00eentr-o concentra\u021bie \u2265 0,2 % (\u00een volum), pentru amestecuri gazoase.<\/li>\n<li style=\"text-align: justify;\">Con\u021bine, \u00eentr-o concentra\u021bie individual\u0103 \u2265 0,1 % (\u00een greutate), pentru amestecuri negazoase, cel pu\u021bin o substan\u021b\u0103 clasificat\u0103 ca fiind cancerigen\u0103 de categoria 2 sau toxic\u0103 pentru reproducere de categoriile 1A, 1B \u0219i 2, sensibilizant cutanat categoria 1, sensibilizant respirator categoria 1, cu efecte asupra sau prin al\u0103ptare, ori PBT conform criteriilor din anexa XIII sau vPvB conform criteriilor din anexa XIII.<\/li>\n<li style=\"text-align: justify;\">Dac\u0103 con\u021bine o substan\u021b\u0103 inclus\u0103 \u00een lista candidat\u0103 stabilit\u0103 \u00een conformitate cu articolul 59 alineatul (1).<\/li>\n<li style=\"text-align: justify;\">Con\u021bine o substan\u021b\u0103 pentru care exist\u0103 valori limit\u0103 de expunere profesional\u0103 la nivelul Uniunii.<\/li>\n<\/ul>\n<p>&nbsp;<\/p>\n<p style=\"text-align: justify;\">\u00cen cazurile \u00een care nu se aplic\u0103 excep\u021biile de mai sus \u2013 \u0219i deci nu este necesar\u0103 \u00eentocmirea unei fi\u0219e cu date de securitate \u2013 furnizorii trebuie s\u0103 furnizeze urm\u0103toarele informa\u021bii tuturor utilizatorilor lor din aval \u0219i distribuitorilor (articolul 32 din REACH):<\/p>\n<ul>\n<li style=\"text-align: justify;\">Dac\u0103 substan\u021ba este supus\u0103 autoriz\u0103rii, detaliile autoriza\u021biei acordate sau, dac\u0103 autoriza\u021bia este refuzat\u0103, informa\u021biile corespunz\u0103toare privind detaliile restric\u021biei.<\/li>\n<li style=\"text-align: justify;\">Orice informa\u021bie relevant\u0103 despre substan\u021b\u0103 care este necesar\u0103 pentru a permite identificarea \u0219i aplicarea m\u0103surilor adecvate de gestionare a riscurilor.<\/li>\n<li style=\"text-align: justify;\">Num\u0103rul\/numerele de \u00eenregistrare, dac\u0103 sunt disponibile, pentru orice substan\u021b\u0103 pentru care se comunic\u0103 informa\u021bii conform punctelor de mai sus.<\/li>\n<\/ul>\n<p>&nbsp;<\/p>\n<p style=\"text-align: justify;\">Nu trebuie \u00eentocmit\u0103 o fi\u0219\u0103 cu date de securitate pentru substan\u021bele sau amestecurile periculoase destinate utiliz\u0103rii de c\u0103tre consumatori pe pia\u021b\u0103 atunci c\u00e2nd sunt furnizate informa\u021bii suficiente pentru a permite utilizatorilor s\u0103 ia m\u0103surile necesare pentru a proteja s\u0103n\u0103tatea uman\u0103, siguran\u021ba \u0219i mediul, cu excep\u021bia cazului \u00een care utilizatorul din aval sau distribuitorul solicit\u0103 acest lucru \u00een mod expres.<\/p>\n<p style=\"text-align: justify;\">Pute\u021bi g\u0103si articolul nostru despre con\u021binutul \u0219i elementele de format ale unei fi\u0219e cu date de securitate <a href=\"https:\/\/www.msds-europe.com\/ro\/elementele-de-cuprins-si-elementele-formale-ale-fiselor-cu-date-de-securitate\/\">aici<\/a>.<\/p>\n<p>&nbsp;<\/p>\n<h3 style=\"text-align: justify;\"><span style=\"color: #333333;\">Servicii oferite<\/span><\/h3>\n<ul>\n<li style=\"text-align: justify;\"><a href=\"https:\/\/www.msds-europe.com\/ro\/fisa-cu-date-de-securitate-traductie\/\">Traducerea fi\u0219elor cu date de securitate<\/a><\/li>\n<li style=\"text-align: justify;\"><a href=\"https:\/\/www.msds-europe.com\/ro\/revizuirea-actualizarea-fisei-cu-date-de-securitate\/\">Revizuirea \u0219i actualizarea fi\u0219elor cu date de securitate<\/a><\/li>\n<li style=\"text-align: justify;\"><a href=\"https:\/\/www.msds-europe.com\/ro\/creare-fisa-cu-date-de-securitate-produse-noi\/\">\u00centocmirea unei fi\u0219e cu date de securitate<\/a><\/li>\n<\/ul>\n<p>&nbsp;<\/p>\n<h3><span style=\"color: #333333;\">\u00centreb\u0103ri rapide \u0219i r\u0103spunsuri<\/span><\/h3>\n<p style=\"text-align: justify;\"><div class=\"su-spoiler su-spoiler-style-fancy su-spoiler-icon-chevron su-spoiler-closed\" data-scroll-offset=\"0\" data-anchor-in-url=\"no\"><div class=\"su-spoiler-title\" tabindex=\"0\" role=\"button\"><span class=\"su-spoiler-icon\"><\/span>De ce fi\u0219a cu date de securitate este un instrument important de comunicare \u00een lan\u021bul de aprovizionare?<\/div><div class=\"su-spoiler-content su-u-clearfix su-u-trim\">\nPentru c\u0103 transmite \u00een mod uniform riscurile \u0219i m\u0103surile de gestionare a riscurilor necesare fiec\u0103rui actor, ajut\u00e2ndu-i s\u0103 \u00ee\u0219i \u00eendeplineasc\u0103 obliga\u021biile legale.<br \/>\n<\/div><\/div>\n<p style=\"text-align: justify;\"><div class=\"su-spoiler su-spoiler-style-fancy su-spoiler-icon-chevron su-spoiler-closed\" data-scroll-offset=\"0\" data-anchor-in-url=\"no\"><div class=\"su-spoiler-title\" tabindex=\"0\" role=\"button\"><span class=\"su-spoiler-icon\"><\/span>Ce trebuie f\u0103cut dac\u0103 scenariul de expunere nu acoper\u0103 utilizarea preconizat\u0103?<\/div><div class=\"su-spoiler-content su-u-clearfix su-u-trim\">\nContacta\u021bi furnizorul pentru a include utilizarea respectiv\u0103 \u00een scenariul de expunere; \u00een caz contrar, utilizatorul din aval trebuie s\u0103 elaboreze propriul raport de securitate chimic\u0103.<br \/>\n<\/div><\/div>\n<p>&nbsp;<\/p>\n","protected":false},"excerpt":{"rendered":"<p>Baza de cuno\u0219tin\u021be despre fi\u0219ele cu date de securitate \u2013 Despre fi\u0219a cu date de securitate pentru utilizatorii din aval &nbsp; Fi\u0219a cu date de securitate ca instrument de comunicare Fi\u0219ele cu date de securitate sunt instrumente importante de comunicare \u00een lan\u021bul de aprovizionare. Ele ajut\u0103 to\u021bi membrii lan\u021bului de&#8230;<\/p>\n","protected":false},"author":2,"featured_media":0,"parent":0,"menu_order":0,"comment_status":"closed","ping_status":"closed","template":"","meta":{"_acf_changed":false,"footnotes":""},"tags":[367,380],"class_list":["post-34581","page","type-page","status-publish","hentry","tag-fisa-cu-date-de-securitate","tag-fisa-cu-date-de-securitate-baza-de-cunostinte"],"acf":[],"yoast_head":"<!-- This site is optimized with the Yoast SEO plugin v27.2 - https:\/\/yoast.com\/product\/yoast-seo-wordpress\/ -->\n<title>Informa\u021bii utile pentru utilizatorii din aval privind FDS<\/title>\n<meta name=\"description\" content=\"Sarcinile utilizatorilor din aval legate de fi\u0219a cu date de securitate primit\u0103. Ce trebuie f\u0103cut dac\u0103 nu primi\u021bi o FDS.\" \/>\n<meta name=\"robots\" content=\"index, follow, max-snippet:-1, max-image-preview:large, max-video-preview:-1\" \/>\n<link rel=\"canonical\" href=\"https:\/\/www.msds-europe.com\/ro\/informatii-despre-fds-pentru-utilizatori-aval\/\" \/>\n<meta property=\"og:locale\" content=\"ro_RO\" \/>\n<meta property=\"og:type\" content=\"article\" \/>\n<meta property=\"og:title\" content=\"Informa\u021bii utile pentru utilizatorii din aval privind FDS\" \/>\n<meta property=\"og:description\" content=\"Sarcinile utilizatorilor din aval legate de fi\u0219a cu date de securitate primit\u0103. Ce trebuie f\u0103cut dac\u0103 nu primi\u021bi o FDS.\" \/>\n<meta property=\"og:url\" content=\"https:\/\/www.msds-europe.com\/ro\/informatii-despre-fds-pentru-utilizatori-aval\/\" \/>\n<meta property=\"og:site_name\" content=\"MSDS Europe\" \/>\n<meta property=\"article:publisher\" content=\"https:\/\/www.facebook.com\/toxinfokft\/\" \/>\n<meta property=\"article:modified_time\" content=\"2026-04-22T12:22:18+00:00\" \/>\n<meta name=\"twitter:card\" content=\"summary_large_image\" \/>\n<meta name=\"twitter:site\" content=\"@ToxInfoKft\" \/>\n<meta name=\"twitter:label1\" content=\"Timp estimat pentru citire\" \/>\n\t<meta name=\"twitter:data1\" content=\"5 minute\" \/>\n<script type=\"application\/ld+json\" class=\"yoast-schema-graph\">{\"@context\":\"https:\/\/schema.org\",\"@graph\":[{\"@type\":\"WebPage\",\"@id\":\"https:\/\/www.msds-europe.com\/ro\/informatii-despre-fds-pentru-utilizatori-aval\/\",\"url\":\"https:\/\/www.msds-europe.com\/ro\/informatii-despre-fds-pentru-utilizatori-aval\/\",\"name\":\"Informa\u021bii utile pentru utilizatorii din aval privind FDS\",\"isPartOf\":{\"@id\":\"https:\/\/www.msds-europe.com\/es\/#website\"},\"datePublished\":\"2025-09-01T12:01:20+00:00\",\"dateModified\":\"2026-04-22T12:22:18+00:00\",\"description\":\"Sarcinile utilizatorilor din aval legate de fi\u0219a cu date de securitate primit\u0103. Ce trebuie f\u0103cut dac\u0103 nu primi\u021bi o FDS.\",\"breadcrumb\":{\"@id\":\"https:\/\/www.msds-europe.com\/ro\/informatii-despre-fds-pentru-utilizatori-aval\/#breadcrumb\"},\"inLanguage\":\"ro-RO\",\"potentialAction\":[{\"@type\":\"ReadAction\",\"target\":[\"https:\/\/www.msds-europe.com\/ro\/informatii-despre-fds-pentru-utilizatori-aval\/\"]}]},{\"@type\":\"BreadcrumbList\",\"@id\":\"https:\/\/www.msds-europe.com\/ro\/informatii-despre-fds-pentru-utilizatori-aval\/#breadcrumb\",\"itemListElement\":[{\"@type\":\"ListItem\",\"position\":1,\"name\":\"F\u0151oldal\",\"item\":\"https:\/\/www.msds-europe.com\/ro\/\"},{\"@type\":\"ListItem\",\"position\":2,\"name\":\"Informa\u021bii utile pentru utilizatorii din aval privind fi\u0219ele cu date de securitate\"}]},{\"@type\":\"WebSite\",\"@id\":\"https:\/\/www.msds-europe.com\/es\/#website\",\"url\":\"https:\/\/www.msds-europe.com\/es\/\",\"name\":\"MSDS Europe\",\"description\":\"\",\"publisher\":{\"@id\":\"https:\/\/www.msds-europe.com\/es\/#organization\"},\"potentialAction\":[{\"@type\":\"SearchAction\",\"target\":{\"@type\":\"EntryPoint\",\"urlTemplate\":\"https:\/\/www.msds-europe.com\/es\/?s={search_term_string}\"},\"query-input\":{\"@type\":\"PropertyValueSpecification\",\"valueRequired\":true,\"valueName\":\"search_term_string\"}}],\"inLanguage\":\"ro-RO\"},{\"@type\":\"Organization\",\"@id\":\"https:\/\/www.msds-europe.com\/es\/#organization\",\"name\":\"MSDS-Europe International branch of ToxInfo\",\"url\":\"https:\/\/www.msds-europe.com\/es\/\",\"logo\":{\"@type\":\"ImageObject\",\"inLanguage\":\"ro-RO\",\"@id\":\"https:\/\/www.msds-europe.com\/es\/#\/schema\/logo\/image\/\",\"url\":\"https:\/\/www.msds-europe.com\/wp-content\/uploads\/2021\/04\/msds-europe-logo.jpg\",\"contentUrl\":\"https:\/\/www.msds-europe.com\/wp-content\/uploads\/2021\/04\/msds-europe-logo.jpg\",\"width\":2296,\"height\":1067,\"caption\":\"MSDS-Europe International branch of ToxInfo\"},\"image\":{\"@id\":\"https:\/\/www.msds-europe.com\/es\/#\/schema\/logo\/image\/\"},\"sameAs\":[\"https:\/\/www.facebook.com\/toxinfokft\/\",\"https:\/\/x.com\/ToxInfoKft\"]}]}<\/script>\n<!-- \/ Yoast SEO plugin. -->","yoast_head_json":{"title":"Informa\u021bii utile pentru utilizatorii din aval privind FDS","description":"Sarcinile utilizatorilor din aval legate de fi\u0219a cu date de securitate primit\u0103. Ce trebuie f\u0103cut dac\u0103 nu primi\u021bi o FDS.","robots":{"index":"index","follow":"follow","max-snippet":"max-snippet:-1","max-image-preview":"max-image-preview:large","max-video-preview":"max-video-preview:-1"},"canonical":"https:\/\/www.msds-europe.com\/ro\/informatii-despre-fds-pentru-utilizatori-aval\/","og_locale":"ro_RO","og_type":"article","og_title":"Informa\u021bii utile pentru utilizatorii din aval privind FDS","og_description":"Sarcinile utilizatorilor din aval legate de fi\u0219a cu date de securitate primit\u0103. Ce trebuie f\u0103cut dac\u0103 nu primi\u021bi o FDS.","og_url":"https:\/\/www.msds-europe.com\/ro\/informatii-despre-fds-pentru-utilizatori-aval\/","og_site_name":"MSDS Europe","article_publisher":"https:\/\/www.facebook.com\/toxinfokft\/","article_modified_time":"2026-04-22T12:22:18+00:00","twitter_card":"summary_large_image","twitter_site":"@ToxInfoKft","twitter_misc":{"Timp estimat pentru citire":"5 minute"},"schema":{"@context":"https:\/\/schema.org","@graph":[{"@type":"WebPage","@id":"https:\/\/www.msds-europe.com\/ro\/informatii-despre-fds-pentru-utilizatori-aval\/","url":"https:\/\/www.msds-europe.com\/ro\/informatii-despre-fds-pentru-utilizatori-aval\/","name":"Informa\u021bii utile pentru utilizatorii din aval privind FDS","isPartOf":{"@id":"https:\/\/www.msds-europe.com\/es\/#website"},"datePublished":"2025-09-01T12:01:20+00:00","dateModified":"2026-04-22T12:22:18+00:00","description":"Sarcinile utilizatorilor din aval legate de fi\u0219a cu date de securitate primit\u0103. Ce trebuie f\u0103cut dac\u0103 nu primi\u021bi o FDS.","breadcrumb":{"@id":"https:\/\/www.msds-europe.com\/ro\/informatii-despre-fds-pentru-utilizatori-aval\/#breadcrumb"},"inLanguage":"ro-RO","potentialAction":[{"@type":"ReadAction","target":["https:\/\/www.msds-europe.com\/ro\/informatii-despre-fds-pentru-utilizatori-aval\/"]}]},{"@type":"BreadcrumbList","@id":"https:\/\/www.msds-europe.com\/ro\/informatii-despre-fds-pentru-utilizatori-aval\/#breadcrumb","itemListElement":[{"@type":"ListItem","position":1,"name":"F\u0151oldal","item":"https:\/\/www.msds-europe.com\/ro\/"},{"@type":"ListItem","position":2,"name":"Informa\u021bii utile pentru utilizatorii din aval privind fi\u0219ele cu date de securitate"}]},{"@type":"WebSite","@id":"https:\/\/www.msds-europe.com\/es\/#website","url":"https:\/\/www.msds-europe.com\/es\/","name":"MSDS Europe","description":"","publisher":{"@id":"https:\/\/www.msds-europe.com\/es\/#organization"},"potentialAction":[{"@type":"SearchAction","target":{"@type":"EntryPoint","urlTemplate":"https:\/\/www.msds-europe.com\/es\/?s={search_term_string}"},"query-input":{"@type":"PropertyValueSpecification","valueRequired":true,"valueName":"search_term_string"}}],"inLanguage":"ro-RO"},{"@type":"Organization","@id":"https:\/\/www.msds-europe.com\/es\/#organization","name":"MSDS-Europe International branch of ToxInfo","url":"https:\/\/www.msds-europe.com\/es\/","logo":{"@type":"ImageObject","inLanguage":"ro-RO","@id":"https:\/\/www.msds-europe.com\/es\/#\/schema\/logo\/image\/","url":"https:\/\/www.msds-europe.com\/wp-content\/uploads\/2021\/04\/msds-europe-logo.jpg","contentUrl":"https:\/\/www.msds-europe.com\/wp-content\/uploads\/2021\/04\/msds-europe-logo.jpg","width":2296,"height":1067,"caption":"MSDS-Europe International branch of ToxInfo"},"image":{"@id":"https:\/\/www.msds-europe.com\/es\/#\/schema\/logo\/image\/"},"sameAs":["https:\/\/www.facebook.com\/toxinfokft\/","https:\/\/x.com\/ToxInfoKft"]}]}},"_links":{"self":[{"href":"https:\/\/www.msds-europe.com\/ro\/wp-json\/wp\/v2\/pages\/34581","targetHints":{"allow":["GET"]}}],"collection":[{"href":"https:\/\/www.msds-europe.com\/ro\/wp-json\/wp\/v2\/pages"}],"about":[{"href":"https:\/\/www.msds-europe.com\/ro\/wp-json\/wp\/v2\/types\/page"}],"author":[{"embeddable":true,"href":"https:\/\/www.msds-europe.com\/ro\/wp-json\/wp\/v2\/users\/2"}],"replies":[{"embeddable":true,"href":"https:\/\/www.msds-europe.com\/ro\/wp-json\/wp\/v2\/comments?post=34581"}],"version-history":[{"count":10,"href":"https:\/\/www.msds-europe.com\/ro\/wp-json\/wp\/v2\/pages\/34581\/revisions"}],"predecessor-version":[{"id":39005,"href":"https:\/\/www.msds-europe.com\/ro\/wp-json\/wp\/v2\/pages\/34581\/revisions\/39005"}],"wp:attachment":[{"href":"https:\/\/www.msds-europe.com\/ro\/wp-json\/wp\/v2\/media?parent=34581"}],"wp:term":[{"taxonomy":"post_tag","embeddable":true,"href":"https:\/\/www.msds-europe.com\/ro\/wp-json\/wp\/v2\/tags?post=34581"}],"curies":[{"name":"wp","href":"https:\/\/api.w.org\/{rel}","templated":true}]}}