{"id":34388,"date":"2025-08-15T12:54:29","date_gmt":"2025-08-15T12:54:29","guid":{"rendered":"https:\/\/www.msds-europe.com\/?page_id=34388"},"modified":"2026-02-25T10:00:01","modified_gmt":"2026-02-25T10:00:01","slug":"verificare-fds-fise-date-securitate","status":"publish","type":"page","link":"https:\/\/www.msds-europe.com\/ro\/verificare-fds-fise-date-securitate\/","title":{"rendered":"Ce trebuie s\u0103 verific\u0103m absolut \u00een fi\u0219ele cu date de securitate"},"content":{"rendered":"<p style=\"text-align: right;\"><em><a href=\"https:\/\/www.msds-europe.com\/\">MSDS-Europe<\/a> \u2013 Ce trebuie s\u0103 verific\u0103m neap\u0103rat \u00een fi\u0219ele cu date de securitate<\/em><\/p>\n<p>&nbsp;<\/p>\n<p style=\"text-align: justify;\">\u00cenainte de a enumera punctele esen\u021biale pe care trebuie s\u0103 le verific\u0103m \u00eentr-o fi\u0219\u0103 cu date de securitate (FDS) primit\u0103, v\u0103 invit\u0103m s\u0103 citi\u021bi articolul nostru despre <a href=\"https:\/\/www.msds-europe.com\/conditions-under-which-a-safety-data-sheet-must-be-supplied\/\">regulile privind furnizarea unei FDS<\/a>.<\/p>\n<h5><strong>Primul pas:<\/strong><\/h5>\n<p style=\"text-align: justify;\">\u00cen primul r\u00e2nd, putem (\u0219i trebuie) s\u0103 verific\u0103m <a href=\"https:\/\/www.msds-europe.com\/ro\/elaborarea-fds-introducere\/\">limba<\/a> FDS-ului furnizat. Poate p\u0103rea surprinz\u0103tor, dar furnizorul unui produs chimic nu este \u00eentotdeauna obligat s\u0103 furnizeze fi\u0219a \u00een limba noastr\u0103 na\u021bional\u0103.<\/p>\n<p style=\"text-align: justify;\">Companiile care dispun de software pentru traducerea FDS-urilor ofer\u0103 adesea documentul \u00een limba cump\u0103r\u0103torului, chiar dac\u0103 legisla\u021bia nu le atribuie explicit aceast\u0103 sarcin\u0103. Totu\u0219i, trebuie s\u0103 fim aten\u021bi la <a href=\"https:\/\/www.msds-europe.com\/ro\/despre-software-pentru-creare-fds\/\">FDS-urile generate de software<\/a>, deoarece acestea sunt adesea discutabile din punct de vedere tehnic. Chiar \u0219i o traducere uman\u0103 literal\u0103 nu este automat satisf\u0103c\u0103toare: doar o mic\u0103 parte din <a href=\"https:\/\/www.msds-europe.com\/ro\/procesul-de-lucru-al-intocmirii-traducerii-unei-fise-cu-date-de-securitate\/\">procesul de creare\/traducere a unei FDS<\/a> reprezint\u0103 un serviciu lingvistic pur; este esen\u021bial s\u0103 fie verificate legisla\u021bia na\u021bional\u0103 \u0219i con\u021binutul (de exemplu, clasificarea).<\/p>\n<h5><strong>Al doilea pas:<\/strong><\/h5>\n<p style=\"text-align: justify;\">Apoi, trebuie s\u0103 verific\u0103m dac\u0103 fi\u0219a este \u201eactualizat\u0103\u201d \u2013 ceea ce este adesea denumit \u00een mod eronat data de valabilitate. Din punct de vedere juridic, nu exist\u0103 o \u201edat\u0103 de expirare\u201d formal\u0103, dar exist\u0103 <a href=\"https:\/\/www.msds-europe.com\/safety-data-sheet-validity-period\/\">reguli privind actualizarea FDS-urilor<\/a> pe care trebuie s\u0103 le cunoa\u0219tem.<\/p>\n<h5><strong>Alte etape:<\/strong><\/h5>\n<p style=\"text-align: justify;\">Un criteriu esen\u021bial de control este dac\u0103 FDS-ul citeaz\u0103 <a href=\"https:\/\/www.msds-europe.com\/ro\/sds-surse-informare-baze-date\/\">surse de informare \u0219i baze de date actualizate pentru fi\u0219ele cu date de securitate<\/a>, nu doar referin\u021be generale f\u0103r\u0103 trimitere la autorit\u0103\u021bi sau organisme interna\u021bionale.<\/p>\n<p style=\"text-align: justify;\">Alte verific\u0103ri de conformitate depind \u00een mare m\u0103sur\u0103 de activitatea companiei \u0219i de tipul de substan\u021be\/amestecuri utilizate. \u00cen calitate de distribuitor care se aprovizioneaz\u0103 de pe pia\u021ba na\u021bional\u0103, folosirea unei FDS neconforme implic\u0103 \u00een principal riscul ca clientul s\u0103 resping\u0103 produsul, ceea ce ar duce la pierderea cotei de pia\u021b\u0103.<\/p>\n<p style=\"text-align: justify;\">Dac\u0103 \u00eens\u0103 cump\u0103r\u0103m o substan\u021b\u0103 chimic\u0103 dintr-o alt\u0103 \u021bar\u0103 SEE, compania noastr\u0103 este responsabil\u0103 pentru <a href=\"https:\/\/www.msds-europe.com\/ro\/notificare-amestecuri-pcn-cod-ufi\/\">notificarea PCN<\/a> \u0219i etichetare, pe care nu le vom putea realiza corect dac\u0103 ne baz\u0103m pe o FDS eronat\u0103.<\/p>\n<p style=\"text-align: justify;\">Utilizatorii din aval au probabil cele mai multe sarcini legate de FDS-urile primite. Consulta\u021bi rezumatul nostru privind <a href=\"https:\/\/www.msds-europe.com\/downstream-user-reach-communication-obligations\/\">informa\u021biile de baz\u0103 pentru utilizatorii din aval<\/a> referitoare la obliga\u021biile privind FDS-urile.<\/p>\n<p style=\"text-align: justify;\">Este important de men\u021bionat c\u0103 utilizatorii din aval au deja obliga\u021bia de a verifica con\u021binutul unei FDS, lucru ce poate fi controlat de autoritate \u00een timpul inspec\u021biilor la fa\u021ba locului. Sunt necesare m\u0103suri specifice dac\u0103 FDS-ul con\u021bine un <a href=\"https:\/\/www.msds-europe.com\/checking-implementing-exposure-scenario\/\">scenariu de expunere<\/a>.<\/p>\n<p>&nbsp;<\/p>\n<p><strong>Servicii recomandate:<\/strong><\/p>\n<ul>\n<li><a href=\"https:\/\/www.msds-europe.com\/ro\/fisa-cu-date-de-securitate-traductie\/\">Traducerea FDS<\/a><\/li>\n<li><a href=\"https:\/\/www.msds-europe.com\/ro\/revizuirea-actualizarea-fisei-cu-date-de-securitate\/\">Revizuirea FDS<\/a><\/li>\n<li><a href=\"https:\/\/www.msds-europe.com\/ro\/efisa-cu-date-de-securitate-elaborare-intocmire\/\">Elaborarea \u0219i compilarea fi\u0219elor cu date de securitate<\/a><\/li>\n<li>Crearea de <a href=\"https:\/\/www.msds-europe.com\/ro\/intocmire-proiect-de-eticheta\/\">proiecte de etichete CLP<\/a><\/li>\n<li><a href=\"https:\/\/www.msds-europe.com\/ro\/notificare-amestecuri-pcn-cod-ufi\/\">Notificarea PCN pentru amestecuri periculoase<\/a><\/li>\n<\/ul>\n<p>&nbsp;<\/p>\n<p><strong>Articole utile:<\/strong><\/p>\n<ul>\n<li><a href=\"https:\/\/www.msds-europe.com\/ro\/siguranta-chimica-articole-analize\/\">Busola siguran\u021bei chimice<\/a><\/li>\n<li><a href=\"https:\/\/www.msds-europe.com\/ro\/intrebari-frecvente-si-raspunsuri-in-siguranta-chimica\/\">FAQ \u2013 \u00centreb\u0103ri \u0219i r\u0103spunsuri despre siguran\u021ba chimic\u0103<\/a><\/li>\n<li><a href=\"https:\/\/www.msds-europe.com\/ro\/securitatea-chimica-schimbari-reglementare\/\">Monitorizarea modific\u0103rilor legislative<\/a><\/li>\n<\/ul>\n<p>&nbsp;<\/p>\n<h4>\u00centreb\u0103ri \u0219i r\u0103spunsuri rapide<\/h4>\n<div class=\"su-spoiler su-spoiler-style-fancy su-spoiler-icon-chevron su-spoiler-closed\" data-scroll-offset=\"0\" data-anchor-in-url=\"no\"><div class=\"su-spoiler-title\" tabindex=\"0\" role=\"button\"><span class=\"su-spoiler-icon\"><\/span>Care sunt primele trei aspecte pe care trebuie s\u0103 le verifica\u021bi \u00eentr-o FDS de la un furnizor str\u0103in?<\/div><div class=\"su-spoiler-content su-u-clearfix su-u-trim\">\n<p>Limba documentului, formatul \u00een 16 sec\u021biuni \u0219i respectarea noilor cerin\u021be de con\u021binut prev\u0103zute de Regulamentul (UE) 2020\/878.<\/p>\n<\/div><\/div>\n<div class=\"su-spoiler su-spoiler-style-fancy su-spoiler-icon-chevron su-spoiler-closed\" data-scroll-offset=\"0\" data-anchor-in-url=\"no\"><div class=\"su-spoiler-title\" tabindex=\"0\" role=\"button\"><span class=\"su-spoiler-icon\"><\/span>Ce trebuie f\u0103cut dac\u0103 FDS-ul importat nu respect\u0103 2020\/878 sau con\u021bine date \u00eenvechite?<\/div><div class=\"su-spoiler-content su-u-clearfix su-u-trim\">\n<p>Compania care introduce produsul pe pia\u021b\u0103 trebuie s\u0103 \u00eel actualizeze sau s\u0103 elaboreze o FDS nou\u0103 pentru a-l putea comercializa legal \u00eentr-un stat membru al UE.<\/p>\n<\/div><\/div>\n<div class=\"su-spoiler su-spoiler-style-fancy su-spoiler-icon-chevron su-spoiler-closed\" data-scroll-offset=\"0\" data-anchor-in-url=\"no\"><div class=\"su-spoiler-title\" tabindex=\"0\" role=\"button\"><span class=\"su-spoiler-icon\"><\/span>Cine este responsabil din punct de vedere legal pentru erorile dintr-o FDS preluat\u0103 ca atare \u00een UE?<\/div><div class=\"su-spoiler-content su-u-clearfix su-u-trim\">\n<p>Importatorul\/distribuitorul din UE; autorit\u0103\u021bile \u00eel pot sanc\u021biona chiar dac\u0103 FDS-ul eronat provine de la un furnizor din afara UE.<\/p>\n<\/div><\/div>\n","protected":false},"excerpt":{"rendered":"<p>MSDS-Europe \u2013 Ce trebuie s\u0103 verific\u0103m neap\u0103rat \u00een fi\u0219ele cu date de securitate &nbsp; \u00cenainte de a enumera punctele esen\u021biale pe care trebuie s\u0103 le verific\u0103m \u00eentr-o fi\u0219\u0103 cu date de securitate (FDS) primit\u0103, v\u0103 invit\u0103m s\u0103 citi\u021bi articolul nostru despre regulile privind furnizarea unei FDS. Primul pas: \u00cen primul&#8230;<\/p>\n","protected":false},"author":2,"featured_media":0,"parent":0,"menu_order":0,"comment_status":"closed","ping_status":"closed","template":"","meta":{"_acf_changed":false,"footnotes":""},"tags":[],"class_list":["post-34388","page","type-page","status-publish","hentry"],"acf":[],"yoast_head":"<!-- This site is optimized with the Yoast SEO plugin v27.2 - https:\/\/yoast.com\/product\/yoast-seo-wordpress\/ -->\n<title>Ce trebuie s\u0103 verific\u0103m absolut \u00een fi\u0219ele cu date de securitate<\/title>\n<meta name=\"description\" content=\"Cum \u00eemi dau seama dac\u0103 am primit o FDS conform\u0103 de la furnizorul meu? Verificarea FDS prezint\u0103 puncte concrete de control pentru a asigura o recep\u021bie sigur\u0103 a m\u0103rfurilor.\" \/>\n<meta name=\"robots\" content=\"index, follow, max-snippet:-1, max-image-preview:large, max-video-preview:-1\" \/>\n<link rel=\"canonical\" href=\"https:\/\/www.msds-europe.com\/ro\/verificare-fds-fise-date-securitate\/\" \/>\n<meta property=\"og:locale\" content=\"ro_RO\" \/>\n<meta property=\"og:type\" content=\"article\" \/>\n<meta property=\"og:title\" content=\"Ce trebuie s\u0103 verific\u0103m absolut \u00een fi\u0219ele cu date de securitate\" \/>\n<meta property=\"og:description\" content=\"Cum \u00eemi dau seama dac\u0103 am primit o FDS conform\u0103 de la furnizorul meu? Verificarea FDS prezint\u0103 puncte concrete de control pentru a asigura o recep\u021bie sigur\u0103 a m\u0103rfurilor.\" \/>\n<meta property=\"og:url\" content=\"https:\/\/www.msds-europe.com\/ro\/verificare-fds-fise-date-securitate\/\" \/>\n<meta property=\"og:site_name\" content=\"MSDS Europe\" \/>\n<meta property=\"article:publisher\" content=\"https:\/\/www.facebook.com\/toxinfokft\/\" \/>\n<meta property=\"article:modified_time\" content=\"2026-02-25T10:00:01+00:00\" \/>\n<meta name=\"twitter:card\" content=\"summary_large_image\" \/>\n<meta name=\"twitter:site\" content=\"@ToxInfoKft\" \/>\n<meta name=\"twitter:label1\" content=\"Timp estimat pentru citire\" \/>\n\t<meta name=\"twitter:data1\" content=\"3 minute\" \/>\n<script type=\"application\/ld+json\" class=\"yoast-schema-graph\">{\"@context\":\"https:\/\/schema.org\",\"@graph\":[{\"@type\":\"WebPage\",\"@id\":\"https:\/\/www.msds-europe.com\/ro\/verificare-fds-fise-date-securitate\/\",\"url\":\"https:\/\/www.msds-europe.com\/ro\/verificare-fds-fise-date-securitate\/\",\"name\":\"Ce trebuie s\u0103 verific\u0103m absolut \u00een fi\u0219ele cu date de securitate\",\"isPartOf\":{\"@id\":\"https:\/\/www.msds-europe.com\/es\/#website\"},\"datePublished\":\"2025-08-15T12:54:29+00:00\",\"dateModified\":\"2026-02-25T10:00:01+00:00\",\"description\":\"Cum \u00eemi dau seama dac\u0103 am primit o FDS conform\u0103 de la furnizorul meu? Verificarea FDS prezint\u0103 puncte concrete de control pentru a asigura o recep\u021bie sigur\u0103 a m\u0103rfurilor.\",\"breadcrumb\":{\"@id\":\"https:\/\/www.msds-europe.com\/ro\/verificare-fds-fise-date-securitate\/#breadcrumb\"},\"inLanguage\":\"ro-RO\",\"potentialAction\":[{\"@type\":\"ReadAction\",\"target\":[\"https:\/\/www.msds-europe.com\/ro\/verificare-fds-fise-date-securitate\/\"]}]},{\"@type\":\"BreadcrumbList\",\"@id\":\"https:\/\/www.msds-europe.com\/ro\/verificare-fds-fise-date-securitate\/#breadcrumb\",\"itemListElement\":[{\"@type\":\"ListItem\",\"position\":1,\"name\":\"F\u0151oldal\",\"item\":\"https:\/\/www.msds-europe.com\/ro\/\"},{\"@type\":\"ListItem\",\"position\":2,\"name\":\"Ce trebuie s\u0103 verific\u0103m absolut \u00een fi\u0219ele cu date de securitate\"}]},{\"@type\":\"WebSite\",\"@id\":\"https:\/\/www.msds-europe.com\/es\/#website\",\"url\":\"https:\/\/www.msds-europe.com\/es\/\",\"name\":\"MSDS Europe\",\"description\":\"\",\"publisher\":{\"@id\":\"https:\/\/www.msds-europe.com\/es\/#organization\"},\"potentialAction\":[{\"@type\":\"SearchAction\",\"target\":{\"@type\":\"EntryPoint\",\"urlTemplate\":\"https:\/\/www.msds-europe.com\/es\/?s={search_term_string}\"},\"query-input\":{\"@type\":\"PropertyValueSpecification\",\"valueRequired\":true,\"valueName\":\"search_term_string\"}}],\"inLanguage\":\"ro-RO\"},{\"@type\":\"Organization\",\"@id\":\"https:\/\/www.msds-europe.com\/es\/#organization\",\"name\":\"MSDS-Europe International branch of ToxInfo\",\"url\":\"https:\/\/www.msds-europe.com\/es\/\",\"logo\":{\"@type\":\"ImageObject\",\"inLanguage\":\"ro-RO\",\"@id\":\"https:\/\/www.msds-europe.com\/es\/#\/schema\/logo\/image\/\",\"url\":\"https:\/\/www.msds-europe.com\/wp-content\/uploads\/2021\/04\/msds-europe-logo.jpg\",\"contentUrl\":\"https:\/\/www.msds-europe.com\/wp-content\/uploads\/2021\/04\/msds-europe-logo.jpg\",\"width\":2296,\"height\":1067,\"caption\":\"MSDS-Europe International branch of ToxInfo\"},\"image\":{\"@id\":\"https:\/\/www.msds-europe.com\/es\/#\/schema\/logo\/image\/\"},\"sameAs\":[\"https:\/\/www.facebook.com\/toxinfokft\/\",\"https:\/\/x.com\/ToxInfoKft\"]}]}<\/script>\n<!-- \/ Yoast SEO plugin. -->","yoast_head_json":{"title":"Ce trebuie s\u0103 verific\u0103m absolut \u00een fi\u0219ele cu date de securitate","description":"Cum \u00eemi dau seama dac\u0103 am primit o FDS conform\u0103 de la furnizorul meu? Verificarea FDS prezint\u0103 puncte concrete de control pentru a asigura o recep\u021bie sigur\u0103 a m\u0103rfurilor.","robots":{"index":"index","follow":"follow","max-snippet":"max-snippet:-1","max-image-preview":"max-image-preview:large","max-video-preview":"max-video-preview:-1"},"canonical":"https:\/\/www.msds-europe.com\/ro\/verificare-fds-fise-date-securitate\/","og_locale":"ro_RO","og_type":"article","og_title":"Ce trebuie s\u0103 verific\u0103m absolut \u00een fi\u0219ele cu date de securitate","og_description":"Cum \u00eemi dau seama dac\u0103 am primit o FDS conform\u0103 de la furnizorul meu? Verificarea FDS prezint\u0103 puncte concrete de control pentru a asigura o recep\u021bie sigur\u0103 a m\u0103rfurilor.","og_url":"https:\/\/www.msds-europe.com\/ro\/verificare-fds-fise-date-securitate\/","og_site_name":"MSDS Europe","article_publisher":"https:\/\/www.facebook.com\/toxinfokft\/","article_modified_time":"2026-02-25T10:00:01+00:00","twitter_card":"summary_large_image","twitter_site":"@ToxInfoKft","twitter_misc":{"Timp estimat pentru citire":"3 minute"},"schema":{"@context":"https:\/\/schema.org","@graph":[{"@type":"WebPage","@id":"https:\/\/www.msds-europe.com\/ro\/verificare-fds-fise-date-securitate\/","url":"https:\/\/www.msds-europe.com\/ro\/verificare-fds-fise-date-securitate\/","name":"Ce trebuie s\u0103 verific\u0103m absolut \u00een fi\u0219ele cu date de securitate","isPartOf":{"@id":"https:\/\/www.msds-europe.com\/es\/#website"},"datePublished":"2025-08-15T12:54:29+00:00","dateModified":"2026-02-25T10:00:01+00:00","description":"Cum \u00eemi dau seama dac\u0103 am primit o FDS conform\u0103 de la furnizorul meu? Verificarea FDS prezint\u0103 puncte concrete de control pentru a asigura o recep\u021bie sigur\u0103 a m\u0103rfurilor.","breadcrumb":{"@id":"https:\/\/www.msds-europe.com\/ro\/verificare-fds-fise-date-securitate\/#breadcrumb"},"inLanguage":"ro-RO","potentialAction":[{"@type":"ReadAction","target":["https:\/\/www.msds-europe.com\/ro\/verificare-fds-fise-date-securitate\/"]}]},{"@type":"BreadcrumbList","@id":"https:\/\/www.msds-europe.com\/ro\/verificare-fds-fise-date-securitate\/#breadcrumb","itemListElement":[{"@type":"ListItem","position":1,"name":"F\u0151oldal","item":"https:\/\/www.msds-europe.com\/ro\/"},{"@type":"ListItem","position":2,"name":"Ce trebuie s\u0103 verific\u0103m absolut \u00een fi\u0219ele cu date de securitate"}]},{"@type":"WebSite","@id":"https:\/\/www.msds-europe.com\/es\/#website","url":"https:\/\/www.msds-europe.com\/es\/","name":"MSDS Europe","description":"","publisher":{"@id":"https:\/\/www.msds-europe.com\/es\/#organization"},"potentialAction":[{"@type":"SearchAction","target":{"@type":"EntryPoint","urlTemplate":"https:\/\/www.msds-europe.com\/es\/?s={search_term_string}"},"query-input":{"@type":"PropertyValueSpecification","valueRequired":true,"valueName":"search_term_string"}}],"inLanguage":"ro-RO"},{"@type":"Organization","@id":"https:\/\/www.msds-europe.com\/es\/#organization","name":"MSDS-Europe International branch of ToxInfo","url":"https:\/\/www.msds-europe.com\/es\/","logo":{"@type":"ImageObject","inLanguage":"ro-RO","@id":"https:\/\/www.msds-europe.com\/es\/#\/schema\/logo\/image\/","url":"https:\/\/www.msds-europe.com\/wp-content\/uploads\/2021\/04\/msds-europe-logo.jpg","contentUrl":"https:\/\/www.msds-europe.com\/wp-content\/uploads\/2021\/04\/msds-europe-logo.jpg","width":2296,"height":1067,"caption":"MSDS-Europe International branch of ToxInfo"},"image":{"@id":"https:\/\/www.msds-europe.com\/es\/#\/schema\/logo\/image\/"},"sameAs":["https:\/\/www.facebook.com\/toxinfokft\/","https:\/\/x.com\/ToxInfoKft"]}]}},"_links":{"self":[{"href":"https:\/\/www.msds-europe.com\/ro\/wp-json\/wp\/v2\/pages\/34388","targetHints":{"allow":["GET"]}}],"collection":[{"href":"https:\/\/www.msds-europe.com\/ro\/wp-json\/wp\/v2\/pages"}],"about":[{"href":"https:\/\/www.msds-europe.com\/ro\/wp-json\/wp\/v2\/types\/page"}],"author":[{"embeddable":true,"href":"https:\/\/www.msds-europe.com\/ro\/wp-json\/wp\/v2\/users\/2"}],"replies":[{"embeddable":true,"href":"https:\/\/www.msds-europe.com\/ro\/wp-json\/wp\/v2\/comments?post=34388"}],"version-history":[{"count":6,"href":"https:\/\/www.msds-europe.com\/ro\/wp-json\/wp\/v2\/pages\/34388\/revisions"}],"predecessor-version":[{"id":37811,"href":"https:\/\/www.msds-europe.com\/ro\/wp-json\/wp\/v2\/pages\/34388\/revisions\/37811"}],"wp:attachment":[{"href":"https:\/\/www.msds-europe.com\/ro\/wp-json\/wp\/v2\/media?parent=34388"}],"wp:term":[{"taxonomy":"post_tag","embeddable":true,"href":"https:\/\/www.msds-europe.com\/ro\/wp-json\/wp\/v2\/tags?post=34388"}],"curies":[{"name":"wp","href":"https:\/\/api.w.org\/{rel}","templated":true}]}}