{"id":34340,"date":"2025-08-15T11:53:13","date_gmt":"2025-08-15T11:53:13","guid":{"rendered":"https:\/\/www.msds-europe.com\/?page_id=34340"},"modified":"2026-02-24T10:17:47","modified_gmt":"2026-02-24T10:17:47","slug":"perioada-de-valabilitate-a-fisei-cu-date-de-securitate","status":"publish","type":"page","link":"https:\/\/www.msds-europe.com\/ro\/perioada-de-valabilitate-a-fisei-cu-date-de-securitate\/","title":{"rendered":"Perioada de valabilitate a unei fi\u0219e cu date de securitate"},"content":{"rendered":"<p style=\"text-align: right;\"><em><a href=\"https:\/\/www.msds-europe.com\/ro\/cunostinte-fisa-cu-date-de-securitate\/\">Baza de cuno\u0219tin\u021be privind fi\u0219ele cu date de securitate<\/a> \u2013 Perioada de valabilitate a fi\u0219elor cu date de securitate<\/em><\/p>\n<p style=\"text-align: justify;\"><strong>Revizuirea sau actualizarea unei fi\u0219e cu date de securitate (FDS) este esen\u021bial\u0103 pentru a asigura c\u0103 informa\u021biile con\u021binute \u00een document sunt corecte \u0219i actualizate.<\/strong><\/p>\n<p>&nbsp;<\/p>\n<ul>\n<li><a href=\"#validity\">Perioada de valabilitate<\/a><\/li>\n<li><a href=\"#necessary\">C\u00e2nd este necesar\u0103 revizuirea fi\u0219ei cu date de securitate<\/a><\/li>\n<li><a href=\"#rules\">Reguli pentru fi\u0219ele cu date de securitate revizuite (actualizate)<\/a><\/li>\n<li><a href=\"#responsible\">Responsabilitatea angajatorilor \u0219i a produc\u0103torilor<\/a><\/li>\n<li><a href=\"#conclusion\">Concluzie<\/a><\/li>\n<\/ul>\n<p>&nbsp;<\/p>\n<p><a name=\"validity\"><\/a><\/p>\n<h2 style=\"text-align: justify;\">Perioada de valabilitate<\/h2>\n<p style=\"text-align: justify;\"><strong>C\u00e2t timp poate fi considerat\u0103 valabil\u0103 o fi\u0219\u0103 cu date de securitate?<\/strong><\/p>\n<p style=\"text-align: justify;\">Fi\u0219ele cu date de securitate nu au \u201edat\u0103 de valabilitate\u201d sau \u201edat\u0103 de expirare\u201d \u00een UE.<\/p>\n<p style=\"text-align: justify;\">\u201eValabilitatea\u201d (conformitatea) unei <a href=\"https:\/\/www.msds-europe.com\/safety-data-sheet-definition\/\">fi\u0219e cu date de securitate<\/a> nu se bazeaz\u0103 pe data emiterii sau pe data revizuirii, ci pe faptul dac\u0103 documentul respect\u0103 sau nu reglement\u0103rile relevante \u00een vigoare.<\/p>\n<p style=\"text-align: justify;\">Dup\u0103 <strong>1 ianuarie 2021<\/strong>, fi\u0219ele cu date de securitate trebuie \u00eentocmite \u00een conformitate cu cerin\u021bele de con\u021binut \u0219i de format ale <a href=\"https:\/\/www.msds-europe.com\/ro\/securitatea-chimica-schimbari-reglementare\/\">Regulamentului (UE) 2020\/878<\/a>.<\/p>\n<p style=\"text-align: justify;\">Aceasta nu \u00eenseamn\u0103 c\u0103 sunt valabile doar fi\u0219ele cu date de securitate care au data revizuirii \u201e1 ianuarie 2021\u201d.<\/p>\n<p style=\"text-align: justify;\">Fi\u0219ele cu date de securitate care nu respect\u0103 \u00eenc\u0103 <strong>Regulamentul (UE) 2020\/878<\/strong> (dar respect\u0103 Regulamentul (UE) 2015\/830) au putut fi utilizate p\u00e2n\u0103 la <strong>31 decembrie 2022<\/strong>.<\/p>\n<p style=\"text-align: right;\"><a href=\"https:\/\/www.msds-europe.com\/ro\/elementele-de-cuprins-si-elementele-formale-ale-fiselor-cu-date-de-securitate\/\"><em>Exemplu desc\u0103rcabil de fi\u0219\u0103 cu date de securitate conform Regulamentului (UE) 2020\/878<\/em><\/a><\/p>\n<p>&nbsp;<\/p>\n<p><a name=\"necessary\"><\/a><\/p>\n<h2 style=\"text-align: justify;\">C\u00e2nd este necesar\u0103 revizuirea fi\u0219ei cu date de securitate<\/h2>\n<p style=\"text-align: justify;\"><a href=\"https:\/\/www.msds-europe.com\/ro\/revizuirea-actualizarea-fisei-cu-date-de-securitate\/\">Revizuirea \u0219i actualizarea fi\u0219elor cu date de securitate<\/a> nu este prestabilit\u0103 (nu exist\u0103 cerin\u021ba de revizuire anual\u0103, la fiecare doi ani sau la fiecare cinci ani).<\/p>\n<p style=\"text-align: justify;\">Revizuirea este necesar\u0103 ori de c\u00e2te ori devin disponibile informa\u021bii noi relevante despre produs.<\/p>\n<p style=\"text-align: justify;\">Fi\u0219a cu date de securitate trebuie revizuit\u0103 f\u0103r\u0103 \u00eent\u00e2rziere, \u00een conformitate cu articolul 31 alineatul (9) din REACH, dac\u0103:<\/p>\n<ul>\n<li style=\"text-align: justify;\">sunt disponibile informa\u021bii noi care pot afecta m\u0103surile de gestionare a riscurilor;<\/li>\n<li style=\"text-align: justify;\">sunt disponibile informa\u021bii noi privind pericolele (de exemplu, o nou\u0103 clasificare conform CLP);<\/li>\n<li style=\"text-align: justify;\">a fost acordat\u0103 sau refuzat\u0103 o autoriza\u021bie (substan\u021ba este inclus\u0103 \u00een Anexa XIV la REACH ca substan\u021b\u0103 supus\u0103 autoriz\u0103rii);<\/li>\n<li style=\"text-align: justify;\">a fost impus\u0103 o restric\u021bie asupra substan\u021bei (Anexa XVII).<\/li>\n<\/ul>\n<p>&nbsp;<\/p>\n<p><a name=\"rules\"><\/a><\/p>\n<h2 style=\"text-align: justify;\">Reguli pentru fi\u0219ele cu date de securitate revizuite (actualizate)<\/h2>\n<p style=\"text-align: justify;\">Fi\u0219a cu date de securitate revizuit\u0103 trebuie transmis\u0103 tuturor destinatarilor care au primit substan\u021ba sau amestecul \u00een ultimele 12 luni, gratuit \u0219i f\u0103r\u0103 solicitare, pe suport de h\u00e2rtie sau \u00een format electronic. Fi\u0219a revizuit\u0103 trebuie s\u0103 con\u021bin\u0103 data ultimei actualiz\u0103ri.<\/p>\n<p style=\"text-align: justify;\">Data \u00eentocmirii fi\u0219ei cu date de securitate trebuie indicat\u0103 pe <a href=\"https:\/\/www.msds-europe.com\/ro\/elementele-de-cuprins-si-elementele-formale-ale-fiselor-cu-date-de-securitate\/\">prima pagin\u0103<\/a>. Atunci c\u00e2nd se furnizeaz\u0103 destinatarilor o nou\u0103 versiune revizuit\u0103, aten\u021bia acestora trebuie atras\u0103 asupra modific\u0103rilor, de regul\u0103 \u00een sec\u021biunea 16 a fi\u0219ei cu date de securitate (dac\u0103 modific\u0103rile nu sunt indicate \u00een alt\u0103 parte).<\/p>\n<p style=\"text-align: justify;\">Pentru fi\u0219ele revizuite, pe prima pagin\u0103 trebuie s\u0103 apar\u0103 data reviziei, identificat\u0103 ca \u201eRevizie: (data)\u201d, precum \u0219i un num\u0103r de versiune\/num\u0103r de revizie sau o alt\u0103 indica\u021bie a versiunii \u00eenlocuite.<\/p>\n<p>&nbsp;<\/p>\n<p><a name=\"responsible\"><\/a><\/p>\n<h2>Responsabilitatea angajatorilor \u0219i a produc\u0103torilor<\/h2>\n<p style=\"text-align: justify;\">Angajatorii \u0219i produc\u0103torii sunt responsabili s\u0103 se asigure c\u0103 fi\u0219a cu date de securitate (FDS) pentru produsele lor este actual\u0103 \u0219i corect\u0103. Aceasta include revizuirea sau actualizarea FDS atunci c\u00e2nd este necesar \u0219i furnizarea c\u0103tre angaja\u021bi a celor mai recente informa\u021bii privind pericolele asociate produsului. Neactualizarea la timp a FDS poate duce la nerespectarea cerin\u021belor legale \u0219i la riscuri pentru siguran\u021ba angaja\u021bilor \u0219i a utilizatorilor.<\/p>\n<p>&nbsp;<\/p>\n<p><a name=\"conclusion\"><\/a><\/p>\n<h2>Concluzie<\/h2>\n<p style=\"text-align: justify;\">Revizuirea sau actualizarea unei fi\u0219e cu date de securitate (FDS) este esen\u021bial\u0103 pentru protejarea lucr\u0103torilor, a consumatorilor \u0219i a mediului. Angajatorii \u0219i produc\u0103torii trebuie s\u0103 acorde prioritate siguran\u021bei \u0219i s\u0103 se asigure c\u0103 produsele lor sunt \u00eenso\u021bite de fi\u0219e cu date de securitate corecte \u0219i actualizate, revizuite ori de c\u00e2te ori apar informa\u021bii noi relevante.<\/p>\n<p>&nbsp;<\/p>\n<h3 style=\"text-align: justify;\"><span style=\"color: #333333;\">Servicii oferite<\/span><\/h3>\n<ul>\n<li style=\"text-align: justify;\"><a href=\"https:\/\/www.msds-europe.com\/ro\/revizuirea-actualizarea-fisei-cu-date-de-securitate\/\">Revizuirea \u0219i actualizarea fi\u0219elor cu date de securitate<\/a> conform reglement\u0103rilor actuale<\/li>\n<li><a href=\"https:\/\/www.msds-europe.com\/ro\/intocmire-proiect-de-eticheta\/\">\u00centocmirea proiectului de etichet\u0103<\/a><\/li>\n<\/ul>\n<p>&nbsp;<\/p>\n<h3><span style=\"color: #333333;\">Articole recomandate<\/span><\/h3>\n<ul>\n<li><a href=\"http:\/\/www.msds-europe.com\/conditions-under-which-a-safety-data-sheet-must-be-supplied\/\">Condi\u021biile \u00een care trebuie furnizat\u0103 o fi\u0219\u0103 cu date de securitate<\/a><\/li>\n<li><a href=\"https:\/\/www.msds-europe.com\/ro\/elementele-de-cuprins-si-elementele-formale-ale-fiselor-cu-date-de-securitate\/\">Elementele de con\u021binut \u0219i format ale unei fi\u0219e cu date de securitate<\/a><\/li>\n<\/ul>\n<p>&nbsp;<\/p>\n<h3><span style=\"color: #333333;\">\u00centreb\u0103ri \u0219i r\u0103spunsuri frecvente<\/span><\/h3>\n<div class=\"su-spoiler su-spoiler-style-fancy su-spoiler-icon-chevron su-spoiler-closed\" data-scroll-offset=\"0\" data-anchor-in-url=\"no\"><div class=\"su-spoiler-title\" tabindex=\"0\" role=\"button\"><span class=\"su-spoiler-icon\"><\/span>C\u00e2nd trebuie actualizat\u0103 imediat fi\u0219a cu date de securitate?<\/div><div class=\"su-spoiler-content su-u-clearfix su-u-trim\">\nDe \u00eendat\u0103 ce devin disponibile informa\u021bii noi care afecteaz\u0103 m\u0103surile de gestionare a riscurilor, clasificarea pericolelor sau o decizie de autorizare\/restric\u021bionare a substan\u021bei.<br \/>\n<\/div><\/div>\n<div class=\"su-spoiler su-spoiler-style-fancy su-spoiler-icon-chevron su-spoiler-closed\" data-scroll-offset=\"0\" data-anchor-in-url=\"no\"><div class=\"su-spoiler-title\" tabindex=\"0\" role=\"button\"><span class=\"su-spoiler-icon\"><\/span>Ce face o fi\u0219\u0103 cu date de securitate \u201evalabil\u0103\u201d dac\u0103 nu are dat\u0103 de expirare?<\/div><div class=\"su-spoiler-content su-u-clearfix su-u-trim\">\nFaptul c\u0103 documentul (con\u021binutul \u0219i formatul) respect\u0103 legisla\u021bia \u00een vigoare; \u00een prezent, cerin\u021bele sunt stabilite de Regulamentul (UE) 2020\/878 (Anexa II la REACH).<br \/>\n<\/div><\/div>\n<div class=\"su-spoiler su-spoiler-style-fancy su-spoiler-icon-chevron su-spoiler-closed\" data-scroll-offset=\"0\" data-anchor-in-url=\"no\"><div class=\"su-spoiler-title\" tabindex=\"0\" role=\"button\"><span class=\"su-spoiler-icon\"><\/span>Cui trebuie trimis\u0103 fi\u0219a cu date de securitate actualizat\u0103 \u0219i \u00een ce termen?<\/div><div class=\"su-spoiler-content su-u-clearfix su-u-trim\">\nTuturor destinatarilor care au primit substan\u021ba sau amestecul \u00een ultimele 12 luni, gratuit \u0219i f\u0103r\u0103 solicitare, pe suport de h\u00e2rtie sau \u00een format electronic.<br \/>\n<\/div><\/div>\n","protected":false},"excerpt":{"rendered":"<p>Baza de cuno\u0219tin\u021be privind fi\u0219ele cu date de securitate \u2013 Perioada de valabilitate a fi\u0219elor cu date de securitate Revizuirea sau actualizarea unei fi\u0219e cu date de securitate (FDS) este esen\u021bial\u0103 pentru a asigura c\u0103 informa\u021biile con\u021binute \u00een document sunt corecte \u0219i actualizate. &nbsp; Perioada de valabilitate C\u00e2nd este necesar\u0103&#8230;<\/p>\n","protected":false},"author":2,"featured_media":0,"parent":0,"menu_order":0,"comment_status":"closed","ping_status":"closed","template":"","meta":{"_acf_changed":false,"footnotes":""},"tags":[367,380],"class_list":["post-34340","page","type-page","status-publish","hentry","tag-fisa-cu-date-de-securitate","tag-fisa-cu-date-de-securitate-baza-de-cunostinte"],"acf":[],"yoast_head":"<!-- This site is optimized with the Yoast SEO plugin v27.2 - https:\/\/yoast.com\/product\/yoast-seo-wordpress\/ -->\n<title>Perioada de valabilitate a unei fi\u0219e cu date de securitate<\/title>\n<meta name=\"description\" content=\"Care este perioada de valabilitate a unei fi\u0219e cu date de securitate? C\u00e2nd trebuie actualizat\u0103\/revizuit\u0103 o fi\u0219\u0103 cu date de securitate?\" \/>\n<meta name=\"robots\" content=\"index, follow, max-snippet:-1, max-image-preview:large, max-video-preview:-1\" \/>\n<link rel=\"canonical\" href=\"https:\/\/www.msds-europe.com\/ro\/perioada-de-valabilitate-a-fisei-cu-date-de-securitate\/\" \/>\n<meta property=\"og:locale\" content=\"ro_RO\" \/>\n<meta property=\"og:type\" content=\"article\" \/>\n<meta property=\"og:title\" content=\"Perioada de valabilitate a unei fi\u0219e cu date de securitate\" \/>\n<meta property=\"og:description\" content=\"Care este perioada de valabilitate a unei fi\u0219e cu date de securitate? C\u00e2nd trebuie actualizat\u0103\/revizuit\u0103 o fi\u0219\u0103 cu date de securitate?\" \/>\n<meta property=\"og:url\" content=\"https:\/\/www.msds-europe.com\/ro\/perioada-de-valabilitate-a-fisei-cu-date-de-securitate\/\" \/>\n<meta property=\"og:site_name\" content=\"MSDS Europe\" \/>\n<meta property=\"article:publisher\" content=\"https:\/\/www.facebook.com\/toxinfokft\/\" \/>\n<meta property=\"article:modified_time\" content=\"2026-02-24T10:17:47+00:00\" \/>\n<meta name=\"twitter:card\" content=\"summary_large_image\" \/>\n<meta name=\"twitter:site\" content=\"@ToxInfoKft\" \/>\n<meta name=\"twitter:label1\" content=\"Timp estimat pentru citire\" \/>\n\t<meta name=\"twitter:data1\" content=\"4 minute\" \/>\n<script type=\"application\/ld+json\" class=\"yoast-schema-graph\">{\"@context\":\"https:\/\/schema.org\",\"@graph\":[{\"@type\":\"WebPage\",\"@id\":\"https:\/\/www.msds-europe.com\/ro\/perioada-de-valabilitate-a-fisei-cu-date-de-securitate\/\",\"url\":\"https:\/\/www.msds-europe.com\/ro\/perioada-de-valabilitate-a-fisei-cu-date-de-securitate\/\",\"name\":\"Perioada de valabilitate a unei fi\u0219e cu date de securitate\",\"isPartOf\":{\"@id\":\"https:\/\/www.msds-europe.com\/es\/#website\"},\"datePublished\":\"2025-08-15T11:53:13+00:00\",\"dateModified\":\"2026-02-24T10:17:47+00:00\",\"description\":\"Care este perioada de valabilitate a unei fi\u0219e cu date de securitate? C\u00e2nd trebuie actualizat\u0103\/revizuit\u0103 o fi\u0219\u0103 cu date de securitate?\",\"breadcrumb\":{\"@id\":\"https:\/\/www.msds-europe.com\/ro\/perioada-de-valabilitate-a-fisei-cu-date-de-securitate\/#breadcrumb\"},\"inLanguage\":\"ro-RO\",\"potentialAction\":[{\"@type\":\"ReadAction\",\"target\":[\"https:\/\/www.msds-europe.com\/ro\/perioada-de-valabilitate-a-fisei-cu-date-de-securitate\/\"]}]},{\"@type\":\"BreadcrumbList\",\"@id\":\"https:\/\/www.msds-europe.com\/ro\/perioada-de-valabilitate-a-fisei-cu-date-de-securitate\/#breadcrumb\",\"itemListElement\":[{\"@type\":\"ListItem\",\"position\":1,\"name\":\"F\u0151oldal\",\"item\":\"https:\/\/www.msds-europe.com\/ro\/\"},{\"@type\":\"ListItem\",\"position\":2,\"name\":\"Perioada de valabilitate a unei fi\u0219e cu date de securitate\"}]},{\"@type\":\"WebSite\",\"@id\":\"https:\/\/www.msds-europe.com\/es\/#website\",\"url\":\"https:\/\/www.msds-europe.com\/es\/\",\"name\":\"MSDS Europe\",\"description\":\"\",\"publisher\":{\"@id\":\"https:\/\/www.msds-europe.com\/es\/#organization\"},\"potentialAction\":[{\"@type\":\"SearchAction\",\"target\":{\"@type\":\"EntryPoint\",\"urlTemplate\":\"https:\/\/www.msds-europe.com\/es\/?s={search_term_string}\"},\"query-input\":{\"@type\":\"PropertyValueSpecification\",\"valueRequired\":true,\"valueName\":\"search_term_string\"}}],\"inLanguage\":\"ro-RO\"},{\"@type\":\"Organization\",\"@id\":\"https:\/\/www.msds-europe.com\/es\/#organization\",\"name\":\"MSDS-Europe International branch of ToxInfo\",\"url\":\"https:\/\/www.msds-europe.com\/es\/\",\"logo\":{\"@type\":\"ImageObject\",\"inLanguage\":\"ro-RO\",\"@id\":\"https:\/\/www.msds-europe.com\/es\/#\/schema\/logo\/image\/\",\"url\":\"https:\/\/www.msds-europe.com\/wp-content\/uploads\/2021\/04\/msds-europe-logo.jpg\",\"contentUrl\":\"https:\/\/www.msds-europe.com\/wp-content\/uploads\/2021\/04\/msds-europe-logo.jpg\",\"width\":2296,\"height\":1067,\"caption\":\"MSDS-Europe International branch of ToxInfo\"},\"image\":{\"@id\":\"https:\/\/www.msds-europe.com\/es\/#\/schema\/logo\/image\/\"},\"sameAs\":[\"https:\/\/www.facebook.com\/toxinfokft\/\",\"https:\/\/x.com\/ToxInfoKft\"]}]}<\/script>\n<!-- \/ Yoast SEO plugin. -->","yoast_head_json":{"title":"Perioada de valabilitate a unei fi\u0219e cu date de securitate","description":"Care este perioada de valabilitate a unei fi\u0219e cu date de securitate? C\u00e2nd trebuie actualizat\u0103\/revizuit\u0103 o fi\u0219\u0103 cu date de securitate?","robots":{"index":"index","follow":"follow","max-snippet":"max-snippet:-1","max-image-preview":"max-image-preview:large","max-video-preview":"max-video-preview:-1"},"canonical":"https:\/\/www.msds-europe.com\/ro\/perioada-de-valabilitate-a-fisei-cu-date-de-securitate\/","og_locale":"ro_RO","og_type":"article","og_title":"Perioada de valabilitate a unei fi\u0219e cu date de securitate","og_description":"Care este perioada de valabilitate a unei fi\u0219e cu date de securitate? C\u00e2nd trebuie actualizat\u0103\/revizuit\u0103 o fi\u0219\u0103 cu date de securitate?","og_url":"https:\/\/www.msds-europe.com\/ro\/perioada-de-valabilitate-a-fisei-cu-date-de-securitate\/","og_site_name":"MSDS Europe","article_publisher":"https:\/\/www.facebook.com\/toxinfokft\/","article_modified_time":"2026-02-24T10:17:47+00:00","twitter_card":"summary_large_image","twitter_site":"@ToxInfoKft","twitter_misc":{"Timp estimat pentru citire":"4 minute"},"schema":{"@context":"https:\/\/schema.org","@graph":[{"@type":"WebPage","@id":"https:\/\/www.msds-europe.com\/ro\/perioada-de-valabilitate-a-fisei-cu-date-de-securitate\/","url":"https:\/\/www.msds-europe.com\/ro\/perioada-de-valabilitate-a-fisei-cu-date-de-securitate\/","name":"Perioada de valabilitate a unei fi\u0219e cu date de securitate","isPartOf":{"@id":"https:\/\/www.msds-europe.com\/es\/#website"},"datePublished":"2025-08-15T11:53:13+00:00","dateModified":"2026-02-24T10:17:47+00:00","description":"Care este perioada de valabilitate a unei fi\u0219e cu date de securitate? C\u00e2nd trebuie actualizat\u0103\/revizuit\u0103 o fi\u0219\u0103 cu date de securitate?","breadcrumb":{"@id":"https:\/\/www.msds-europe.com\/ro\/perioada-de-valabilitate-a-fisei-cu-date-de-securitate\/#breadcrumb"},"inLanguage":"ro-RO","potentialAction":[{"@type":"ReadAction","target":["https:\/\/www.msds-europe.com\/ro\/perioada-de-valabilitate-a-fisei-cu-date-de-securitate\/"]}]},{"@type":"BreadcrumbList","@id":"https:\/\/www.msds-europe.com\/ro\/perioada-de-valabilitate-a-fisei-cu-date-de-securitate\/#breadcrumb","itemListElement":[{"@type":"ListItem","position":1,"name":"F\u0151oldal","item":"https:\/\/www.msds-europe.com\/ro\/"},{"@type":"ListItem","position":2,"name":"Perioada de valabilitate a unei fi\u0219e cu date de securitate"}]},{"@type":"WebSite","@id":"https:\/\/www.msds-europe.com\/es\/#website","url":"https:\/\/www.msds-europe.com\/es\/","name":"MSDS Europe","description":"","publisher":{"@id":"https:\/\/www.msds-europe.com\/es\/#organization"},"potentialAction":[{"@type":"SearchAction","target":{"@type":"EntryPoint","urlTemplate":"https:\/\/www.msds-europe.com\/es\/?s={search_term_string}"},"query-input":{"@type":"PropertyValueSpecification","valueRequired":true,"valueName":"search_term_string"}}],"inLanguage":"ro-RO"},{"@type":"Organization","@id":"https:\/\/www.msds-europe.com\/es\/#organization","name":"MSDS-Europe International branch of ToxInfo","url":"https:\/\/www.msds-europe.com\/es\/","logo":{"@type":"ImageObject","inLanguage":"ro-RO","@id":"https:\/\/www.msds-europe.com\/es\/#\/schema\/logo\/image\/","url":"https:\/\/www.msds-europe.com\/wp-content\/uploads\/2021\/04\/msds-europe-logo.jpg","contentUrl":"https:\/\/www.msds-europe.com\/wp-content\/uploads\/2021\/04\/msds-europe-logo.jpg","width":2296,"height":1067,"caption":"MSDS-Europe International branch of ToxInfo"},"image":{"@id":"https:\/\/www.msds-europe.com\/es\/#\/schema\/logo\/image\/"},"sameAs":["https:\/\/www.facebook.com\/toxinfokft\/","https:\/\/x.com\/ToxInfoKft"]}]}},"_links":{"self":[{"href":"https:\/\/www.msds-europe.com\/ro\/wp-json\/wp\/v2\/pages\/34340","targetHints":{"allow":["GET"]}}],"collection":[{"href":"https:\/\/www.msds-europe.com\/ro\/wp-json\/wp\/v2\/pages"}],"about":[{"href":"https:\/\/www.msds-europe.com\/ro\/wp-json\/wp\/v2\/types\/page"}],"author":[{"embeddable":true,"href":"https:\/\/www.msds-europe.com\/ro\/wp-json\/wp\/v2\/users\/2"}],"replies":[{"embeddable":true,"href":"https:\/\/www.msds-europe.com\/ro\/wp-json\/wp\/v2\/comments?post=34340"}],"version-history":[{"count":5,"href":"https:\/\/www.msds-europe.com\/ro\/wp-json\/wp\/v2\/pages\/34340\/revisions"}],"predecessor-version":[{"id":37652,"href":"https:\/\/www.msds-europe.com\/ro\/wp-json\/wp\/v2\/pages\/34340\/revisions\/37652"}],"wp:attachment":[{"href":"https:\/\/www.msds-europe.com\/ro\/wp-json\/wp\/v2\/media?parent=34340"}],"wp:term":[{"taxonomy":"post_tag","embeddable":true,"href":"https:\/\/www.msds-europe.com\/ro\/wp-json\/wp\/v2\/tags?post=34340"}],"curies":[{"name":"wp","href":"https:\/\/api.w.org\/{rel}","templated":true}]}}