{"id":34319,"date":"2025-08-15T11:39:30","date_gmt":"2025-08-15T11:39:30","guid":{"rendered":"https:\/\/www.msds-europe.com\/?page_id=34319"},"modified":"2026-02-24T20:11:42","modified_gmt":"2026-02-24T20:11:42","slug":"registru-erori-sds","status":"publish","type":"page","link":"https:\/\/www.msds-europe.com\/ro\/registru-erori-sds\/","title":{"rendered":"De ce a respins partenerul meu fi\u0219a cu date de securitate?"},"content":{"rendered":"<p style=\"text-align: right;\"><em><a href=\"https:\/\/www.msds-europe.com\/ro\/\">MSDS-Europe<\/a> \u2013 De ce a respins partenerul meu fi\u0219a cu date de securitate?<\/em><\/p>\n<p>&nbsp;<\/p>\n<p style=\"text-align: justify;\"><a href=\"https:\/\/www.msds-europe.com\/ro\/elementele-de-cuprins-si-elementele-formale-ale-fiselor-cu-date-de-securitate\/\">Fi\u0219a cu date de securitate<\/a> (FDS) este un document central \u00een domeniul siguran\u021bei chimice. Partenerii no\u0219tri de afaceri au, \u00een mod justificat, a\u0219teptarea ca FDS-ul pe care \u00eel primesc s\u0103 fie pe deplin conform cerin\u021belor legale. Dac\u0103 un partener respinge FDS-ul nostru, de obicei motivul este lipsa de conformitate. Mai jos prezent\u0103m cele mai frecvente cauze \u0219i o list\u0103 de verificare practic\u0103 pentru a evita respingerea unei FDS.<\/p>\n<h3 style=\"text-align: justify;\"><strong>Motive frecvente pentru care o FDS poate fi respins\u0103<\/strong><\/h3>\n<h4 style=\"text-align: justify;\"><span style=\"color: #000000;\"><strong>FDS redactat\u0103 \u00eentr-o limb\u0103 necorespunz\u0103toare<\/strong><\/span><\/h4>\n<p style=\"text-align: justify;\">Unul dintre cele mai frecvente motive este faptul c\u0103 fi\u0219a cu date de securitate nu este redactat\u0103 \u00een limba solicitat\u0103 de destinatar sau de autorit\u0103\u021bi. Regulamentul REACH impune ca FDS-ul s\u0103 fie furnizat \u00een limba oficial\u0103 a statului membru \u00een care produsul este pus pe pia\u021b\u0103. \u00cen Ungaria, de exemplu, <strong>FDS-ul \u00een limba maghiar\u0103 este obligatoriu<\/strong>, iar partenerul nu este obligat s\u0103 accepte un document \u00eentr-o alt\u0103 limb\u0103.<\/p>\n<h4 style=\"text-align: justify;\"><span style=\"color: #000000;\"><strong>Format FDS incomplet sau \u00eenvechit<\/strong><\/span><\/h4>\n<p style=\"text-align: justify;\">Se poate \u00eent\u00e2mpla ca FDS-ul s\u0103 fie redactat \u00een limba corect\u0103, dar s\u0103 fie incomplet din punct de vedere formal sau material. \u00cen trecut, se vorbea despre \u201e<em>control de conformitate 830<\/em>\u201d, \u00een referire la Regulamentul <strong>(UE) 2015\/830<\/strong>, care stabilea o structur\u0103 \u00een 16 sec\u021biuni \u0219i cerin\u021be detaliate de con\u021binut.<\/p>\n<p style=\"text-align: justify;\">\u00cen ultimii ani \u00eens\u0103, a intrat \u00een vigoare un nou regulament european: <a href=\"https:\/\/www.msds-europe.com\/ro\/elaborarea-fds-bune-practici\/\">Regulamentul (UE) 2020\/878<\/a> a \u00eenlocuit regulile anterioare. \u00cencep\u00e2nd cu 1 ianuarie 2023, <strong>\u00een UE sunt acceptate numai FDS-uri conforme cu formatul prev\u0103zut de Regulamentul (UE) 2020\/878<\/strong>. Prin urmare, toate fi\u0219ele cu date de securitate anterioare au trebuit actualizate p\u00e2n\u0103 la sf\u00e2r\u0219itul anului 2022.<\/p>\n<p style=\"text-align: justify;\">\u201eConformitatea 878\u201d \u00eenseamn\u0103 c\u0103 FDS-ul include \u0219i noile informa\u021bii obligatorii \u2013 de exemplu, nanoformele, propriet\u0103\u021bile de perturbare endocrin\u0103, valorile ATE \u0219i factorii M. Un FDS elaborat dup\u0103 un model vechi va fi foarte probabil respins.<\/p>\n<h4 style=\"text-align: justify;\"><span style=\"color: #000000;\"><strong>Dreptul clientului la un FDS conform<\/strong><\/span><\/h4>\n<p style=\"text-align: justify;\">Partenerul nostru \u2013 \u00een calitate de <em>destinatar<\/em> al unei substan\u021be sau al unui amestec periculos \u2013 are dreptul \u0219i obliga\u021bia de a primi o fi\u0219\u0103 cu date de securitate corect\u0103 \u0219i actualizat\u0103. Legisla\u021bia maghiar\u0103 prevede acest lucru: Ordinul 25\/2000 (IX. 30.) E\u00fcM\u2013SZCSM impune companiilor din Ungaria s\u0103 ob\u021bin\u0103 de la furnizor un FDS conform legisla\u021biei. F\u0103r\u0103 acest document, clientul nu \u00ee\u0219i poate \u00eendeplini propriile obliga\u021bii privind siguran\u021ba chimic\u0103 \u0219i este \u00eendrept\u0103\u021bit s\u0103 refuze un FDS incomplet sau \u00eenvechit \u0219i s\u0103 solicite o versiune actualizat\u0103.<\/p>\n<h3 style=\"text-align: justify;\"><strong>List\u0103 de verificare practic\u0103 pentru conformitate<\/strong><\/h3>\n<p style=\"text-align: justify;\">Lista de control de mai jos \u00eei ajut\u0103 pe furnizori \u0219i distribuitori s\u0103 verifice dac\u0103 fi\u0219a cu date de securitate este conform\u0103 cerin\u021belor \u00eenainte de a o transmite unui partener:<\/p>\n<ul style=\"text-align: justify;\">\n<li><strong>Limb\u0103 adecvat\u0103:<\/strong> verifica\u021bi dac\u0103 FDS-ul este redactat \u00een limba oficial\u0103 a \u021b\u0103rii \u00een care produsul este comercializat.<\/li>\n<li><strong>Clasificare \u0219i etichetare corecte:<\/strong> asigura\u021bi-v\u0103 c\u0103 clasificarea pericolelor indicat\u0103 \u00een FDS este conform\u0103 cu Regulamentul CLP. Trebuie incluse toate <em>frazele H \u0219i P<\/em> obligatorii, precum \u0219i <em>pictogramele de pericol<\/em> necesare.<\/li>\n<li><strong>Versiune actualizat\u0103:<\/strong> FDS-ul trebuie s\u0103 con\u021bin\u0103 data emiterii \u0219i num\u0103rul versiunii \u0219i s\u0103 fie conform cu formatul actual (UE 2020\/878). Dac\u0103 ultima actualizare a fost \u00eenainte de 2023, este necesar\u0103 o revizuire pentru a include noile elemente obligatorii (de exemplu, propriet\u0103\u021bi de perturbare endocrin\u0103).<\/li>\n<li><strong>Anexe:<\/strong> verifica\u021bi dac\u0103 sunt incluse toate anexele obligatorii (dac\u0103 este cazul).<\/li>\n<\/ul>\n<h3 style=\"text-align: justify;\"><strong>Corectarea erorilor frecvente<\/strong><\/h3>\n<p style=\"text-align: justify;\">Dac\u0103 \u00een urma verific\u0103rii se constat\u0103 c\u0103 fi\u0219a cu date de securitate nu respect\u0103 cerin\u021bele, aceasta trebuie corectat\u0103 c\u00e2t mai repede. Dac\u0103 problema este legat\u0103 de limb\u0103, de cele mai multe ori este necesar s\u0103 elabor\u0103m noi \u00een\u0219ine un FDS \u00een limba local\u0103. Este recomandat s\u0103 se utilizeze un traduc\u0103tor calificat, iar traducerea s\u0103 fie verificat\u0103 de un expert \u00een siguran\u021b\u0103 chimic\u0103, deoarece conformitatea legal\u0103 necesit\u0103 at\u00e2t precizie lingvistic\u0103, c\u00e2t \u0219i tehnic\u0103.<\/p>\n<p style=\"text-align: justify;\">Dac\u0103 formatul sau con\u021binutul FDS-ului este dep\u0103\u0219it, acesta trebuie actualizat \u00een conformitate cu legisla\u021bia \u00een vigoare. Aceasta presupune includerea noilor informa\u021bii obligatorii \u0219i, dac\u0103 este cazul, modificarea clasific\u0103rii.<\/p>\n<p style=\"text-align: justify;\">Aceast\u0103 sarcin\u0103 nu este simpl\u0103, deoarece <a href=\"https:\/\/www.msds-europe.com\/ro\/elaborarea-fds-bune-practici\/\">asigurarea conformit\u0103\u021bii unei FDS<\/a> este un domeniu complex \u0219i \u00een continu\u0103 schimbare, iar majoritatea companiilor nu dispun de resurse interne suficiente pentru a o gestiona singure. Men\u021binerea unui <strong>registru intern al erorilor FDS<\/strong> poate ajuta la prevenirea problemelor recurente \u0219i la \u00eembun\u0103t\u0103\u021birea calit\u0103\u021bii documentelor.<\/p>\n<h3 style=\"background: white; margin: 0cm 0cm 15.0pt 0cm;\"><span style=\"font-size: 18.0pt; font-family: 'Arial',sans-serif; color: #e67817;\">\u00centreb\u0103ri suplimentare?<\/span><\/h3>\n<p style=\"background: white; margin: 0cm 0cm 15.0pt 0cm; font-size: 11.5pt; font-family: 'Arial',sans-serif; color: black;\">Contacta\u021bi <a href=\"https:\/\/www.msds-europe.com\/ro\/serviciul-pentru-clienti\/\">serviciul nostru pentru clien\u021bi<\/a> sau adresa\u021bi o \u00eentrebare <a href=\"https:\/\/www.msds-europe.com\/ro\/consultare-online-gratuita\/\">expertului nostru online<\/a>.<\/p>\n<a href=\"https:\/\/www.msds-europe.com\/ro\/serviciul-pentru-clienti\/\" class=\"su-button su-button-style-default\" style=\"color:#ef552d;background-color:#fefefe;border-color:#cccccc;border-radius:6px\" target=\"_self\"><span style=\"color:#ef552d;padding:0px 18px;font-size:14px;line-height:28px;border-color:#ffffff;border-radius:6px;text-shadow:none\"> Serviciu clien\u021bi<\/span><\/a> <a href=\"https:\/\/www.msds-europe.com\/ro\/consultare-online-gratuita\/\" class=\"su-button su-button-style-default\" style=\"color:#ffffff;background-color:#ef552d;border-color:#c04424;border-radius:6px\" target=\"_self\"><span style=\"color:#ffffff;padding:0px 18px;font-size:14px;line-height:28px;border-color:#f4886c;border-radius:6px;text-shadow:0px 0px 2px #ffffff\"> Pune o \u00eentrebare<\/span><\/a>\n<p>&nbsp;<\/p>\n<p><strong><span style=\"color: #333333;\">Servicii recomandate:<\/span><\/strong><\/p>\n<ul>\n<li><a href=\"https:\/\/www.msds-europe.com\/ro\/fisa-cu-date-de-securitate-traductie\/\">Servicii de traducere FDS<\/a><\/li>\n<li><a href=\"https:\/\/www.msds-europe.com\/ro\/efisa-cu-date-de-securitate-elaborare-intocmire\/\">Elaborare \u0219i \u00eentocmire fi\u0219e cu date de securitate (FDS)<\/a><\/li>\n<li><a href=\"https:\/\/www.msds-europe.com\/ro\/intocmire-proiect-de-eticheta\/\">Creare proiecte de etichete CLP<\/a><\/li>\n<li><a href=\"https:\/\/www.msds-europe.com\/ro\/notificare-amestecuri-pcn-cod-ufi\/\">Notificare PCN pentru amestecuri periculoase<\/a><\/li>\n<\/ul>\n<p>&nbsp;<\/p>\n<p><strong>Articole utile:<\/strong><\/p>\n<ul>\n<li><a href=\"https:\/\/www.msds-europe.com\/ro\/siguranta-chimica-articole-analize\/\">Busola siguran\u021bei chimice<\/a><\/li>\n<li><a href=\"https:\/\/www.msds-europe.com\/ro\/intrebari-frecvente-si-raspunsuri-in-siguranta-chimica\/\">FAQ \u2013 \u00centreb\u0103ri \u0219i r\u0103spunsuri despre siguran\u021ba chimic\u0103<\/a><\/li>\n<li><a href=\"https:\/\/www.msds-europe.com\/ro\/securitatea-chimica-schimbari-reglementare\/\">Monitorizarea modific\u0103rilor legislative<\/a><\/li>\n<\/ul>\n<p>&nbsp;<\/p>\n<h4>\u00centreb\u0103ri rapide \u0219i r\u0103spunsuri<\/h4>\n<div class=\"su-spoiler su-spoiler-style-fancy su-spoiler-icon-chevron su-spoiler-closed\" data-scroll-offset=\"0\" data-anchor-in-url=\"no\"><div class=\"su-spoiler-title\" tabindex=\"0\" role=\"button\"><span class=\"su-spoiler-icon\"><\/span>Cum \u0219ti\u021bi dac\u0103 un FDS este deja conform noului format al UE?<\/div><div class=\"su-spoiler-content su-u-clearfix su-u-trim\">\n<p>Verifica\u021bi data emiterii FDS-ului: dac\u0103 a fost elaborat \u00eenainte de 1 ianuarie 2023, este foarte probabil s\u0103 nu con\u021bin\u0103 \u00eenc\u0103 noile elemente prev\u0103zute de Regulamentul (UE) 2020\/878 (de exemplu, nanoforme, propriet\u0103\u021bi de perturbare endocrin\u0103) \u0219i s\u0103 necesite o actualizare.<\/p>\n<\/div><\/div>\n<div class=\"su-spoiler su-spoiler-style-fancy su-spoiler-icon-chevron su-spoiler-closed\" data-scroll-offset=\"0\" data-anchor-in-url=\"no\"><div class=\"su-spoiler-title\" tabindex=\"0\" role=\"button\"><span class=\"su-spoiler-icon\"><\/span>Ce trebuie f\u0103cut dac\u0103 descoperi\u021bi c\u0103 un FDS nu este suficient de precis?<\/div><div class=\"su-spoiler-content su-u-clearfix su-u-trim\">\n<p>Solicita\u021bi corectarea FDS-ului, apel\u00e2nd la un traduc\u0103tor profesionist \u0219i la un expert \u00een siguran\u021b\u0103 chimic\u0103 \u2013 conformitatea legal\u0103 necesit\u0103 at\u00e2t precizie lingvistic\u0103, c\u00e2t \u0219i tehnic\u0103.<\/p>\n<\/div><\/div>\n","protected":false},"excerpt":{"rendered":"<p>MSDS-Europe \u2013 De ce a respins partenerul meu fi\u0219a cu date de securitate? &nbsp; Fi\u0219a cu date de securitate (FDS) este un document central \u00een domeniul siguran\u021bei chimice. Partenerii no\u0219tri de afaceri au, \u00een mod justificat, a\u0219teptarea ca FDS-ul pe care \u00eel primesc s\u0103 fie pe deplin conform cerin\u021belor legale&#8230;.<\/p>\n","protected":false},"author":2,"featured_media":0,"parent":0,"menu_order":0,"comment_status":"closed","ping_status":"closed","template":"","meta":{"_acf_changed":false,"footnotes":""},"tags":[],"class_list":["post-34319","page","type-page","status-publish","hentry"],"acf":[],"yoast_head":"<!-- This site is optimized with the Yoast SEO plugin v27.2 - https:\/\/yoast.com\/product\/yoast-seo-wordpress\/ -->\n<title>De ce a respins partenerul meu fi\u0219a cu date de securitate?<\/title>\n<meta name=\"description\" content=\"List\u0103 de erori \u0219i checklist de conformitate pentru SDS pentru a asigura respectarea cerin\u021belor legale. MSDS-Europe\" \/>\n<meta name=\"robots\" content=\"index, follow, max-snippet:-1, max-image-preview:large, max-video-preview:-1\" \/>\n<link rel=\"canonical\" href=\"https:\/\/www.msds-europe.com\/ro\/registru-erori-sds\/\" \/>\n<meta property=\"og:locale\" content=\"ro_RO\" \/>\n<meta property=\"og:type\" content=\"article\" \/>\n<meta property=\"og:title\" content=\"De ce a respins partenerul meu fi\u0219a cu date de securitate?\" \/>\n<meta property=\"og:description\" content=\"List\u0103 de erori \u0219i checklist de conformitate pentru SDS pentru a asigura respectarea cerin\u021belor legale. MSDS-Europe\" \/>\n<meta property=\"og:url\" content=\"https:\/\/www.msds-europe.com\/ro\/registru-erori-sds\/\" \/>\n<meta property=\"og:site_name\" content=\"MSDS Europe\" \/>\n<meta property=\"article:publisher\" content=\"https:\/\/www.facebook.com\/toxinfokft\/\" \/>\n<meta property=\"article:modified_time\" content=\"2026-02-24T20:11:42+00:00\" \/>\n<meta name=\"twitter:card\" content=\"summary_large_image\" \/>\n<meta name=\"twitter:site\" content=\"@ToxInfoKft\" \/>\n<meta name=\"twitter:label1\" content=\"Timp estimat pentru citire\" \/>\n\t<meta name=\"twitter:data1\" content=\"4 minute\" \/>\n<script type=\"application\/ld+json\" class=\"yoast-schema-graph\">{\"@context\":\"https:\/\/schema.org\",\"@graph\":[{\"@type\":\"WebPage\",\"@id\":\"https:\/\/www.msds-europe.com\/ro\/registru-erori-sds\/\",\"url\":\"https:\/\/www.msds-europe.com\/ro\/registru-erori-sds\/\",\"name\":\"De ce a respins partenerul meu fi\u0219a cu date de securitate?\",\"isPartOf\":{\"@id\":\"https:\/\/www.msds-europe.com\/es\/#website\"},\"datePublished\":\"2025-08-15T11:39:30+00:00\",\"dateModified\":\"2026-02-24T20:11:42+00:00\",\"description\":\"List\u0103 de erori \u0219i checklist de conformitate pentru SDS pentru a asigura respectarea cerin\u021belor legale. MSDS-Europe\",\"breadcrumb\":{\"@id\":\"https:\/\/www.msds-europe.com\/ro\/registru-erori-sds\/#breadcrumb\"},\"inLanguage\":\"ro-RO\",\"potentialAction\":[{\"@type\":\"ReadAction\",\"target\":[\"https:\/\/www.msds-europe.com\/ro\/registru-erori-sds\/\"]}]},{\"@type\":\"BreadcrumbList\",\"@id\":\"https:\/\/www.msds-europe.com\/ro\/registru-erori-sds\/#breadcrumb\",\"itemListElement\":[{\"@type\":\"ListItem\",\"position\":1,\"name\":\"F\u0151oldal\",\"item\":\"https:\/\/www.msds-europe.com\/ro\/\"},{\"@type\":\"ListItem\",\"position\":2,\"name\":\"De ce a respins partenerul meu fi\u0219a cu date de securitate?\"}]},{\"@type\":\"WebSite\",\"@id\":\"https:\/\/www.msds-europe.com\/es\/#website\",\"url\":\"https:\/\/www.msds-europe.com\/es\/\",\"name\":\"MSDS Europe\",\"description\":\"\",\"publisher\":{\"@id\":\"https:\/\/www.msds-europe.com\/es\/#organization\"},\"potentialAction\":[{\"@type\":\"SearchAction\",\"target\":{\"@type\":\"EntryPoint\",\"urlTemplate\":\"https:\/\/www.msds-europe.com\/es\/?s={search_term_string}\"},\"query-input\":{\"@type\":\"PropertyValueSpecification\",\"valueRequired\":true,\"valueName\":\"search_term_string\"}}],\"inLanguage\":\"ro-RO\"},{\"@type\":\"Organization\",\"@id\":\"https:\/\/www.msds-europe.com\/es\/#organization\",\"name\":\"MSDS-Europe International branch of ToxInfo\",\"url\":\"https:\/\/www.msds-europe.com\/es\/\",\"logo\":{\"@type\":\"ImageObject\",\"inLanguage\":\"ro-RO\",\"@id\":\"https:\/\/www.msds-europe.com\/es\/#\/schema\/logo\/image\/\",\"url\":\"https:\/\/www.msds-europe.com\/wp-content\/uploads\/2021\/04\/msds-europe-logo.jpg\",\"contentUrl\":\"https:\/\/www.msds-europe.com\/wp-content\/uploads\/2021\/04\/msds-europe-logo.jpg\",\"width\":2296,\"height\":1067,\"caption\":\"MSDS-Europe International branch of ToxInfo\"},\"image\":{\"@id\":\"https:\/\/www.msds-europe.com\/es\/#\/schema\/logo\/image\/\"},\"sameAs\":[\"https:\/\/www.facebook.com\/toxinfokft\/\",\"https:\/\/x.com\/ToxInfoKft\"]}]}<\/script>\n<!-- \/ Yoast SEO plugin. -->","yoast_head_json":{"title":"De ce a respins partenerul meu fi\u0219a cu date de securitate?","description":"List\u0103 de erori \u0219i checklist de conformitate pentru SDS pentru a asigura respectarea cerin\u021belor legale. MSDS-Europe","robots":{"index":"index","follow":"follow","max-snippet":"max-snippet:-1","max-image-preview":"max-image-preview:large","max-video-preview":"max-video-preview:-1"},"canonical":"https:\/\/www.msds-europe.com\/ro\/registru-erori-sds\/","og_locale":"ro_RO","og_type":"article","og_title":"De ce a respins partenerul meu fi\u0219a cu date de securitate?","og_description":"List\u0103 de erori \u0219i checklist de conformitate pentru SDS pentru a asigura respectarea cerin\u021belor legale. MSDS-Europe","og_url":"https:\/\/www.msds-europe.com\/ro\/registru-erori-sds\/","og_site_name":"MSDS Europe","article_publisher":"https:\/\/www.facebook.com\/toxinfokft\/","article_modified_time":"2026-02-24T20:11:42+00:00","twitter_card":"summary_large_image","twitter_site":"@ToxInfoKft","twitter_misc":{"Timp estimat pentru citire":"4 minute"},"schema":{"@context":"https:\/\/schema.org","@graph":[{"@type":"WebPage","@id":"https:\/\/www.msds-europe.com\/ro\/registru-erori-sds\/","url":"https:\/\/www.msds-europe.com\/ro\/registru-erori-sds\/","name":"De ce a respins partenerul meu fi\u0219a cu date de securitate?","isPartOf":{"@id":"https:\/\/www.msds-europe.com\/es\/#website"},"datePublished":"2025-08-15T11:39:30+00:00","dateModified":"2026-02-24T20:11:42+00:00","description":"List\u0103 de erori \u0219i checklist de conformitate pentru SDS pentru a asigura respectarea cerin\u021belor legale. MSDS-Europe","breadcrumb":{"@id":"https:\/\/www.msds-europe.com\/ro\/registru-erori-sds\/#breadcrumb"},"inLanguage":"ro-RO","potentialAction":[{"@type":"ReadAction","target":["https:\/\/www.msds-europe.com\/ro\/registru-erori-sds\/"]}]},{"@type":"BreadcrumbList","@id":"https:\/\/www.msds-europe.com\/ro\/registru-erori-sds\/#breadcrumb","itemListElement":[{"@type":"ListItem","position":1,"name":"F\u0151oldal","item":"https:\/\/www.msds-europe.com\/ro\/"},{"@type":"ListItem","position":2,"name":"De ce a respins partenerul meu fi\u0219a cu date de securitate?"}]},{"@type":"WebSite","@id":"https:\/\/www.msds-europe.com\/es\/#website","url":"https:\/\/www.msds-europe.com\/es\/","name":"MSDS Europe","description":"","publisher":{"@id":"https:\/\/www.msds-europe.com\/es\/#organization"},"potentialAction":[{"@type":"SearchAction","target":{"@type":"EntryPoint","urlTemplate":"https:\/\/www.msds-europe.com\/es\/?s={search_term_string}"},"query-input":{"@type":"PropertyValueSpecification","valueRequired":true,"valueName":"search_term_string"}}],"inLanguage":"ro-RO"},{"@type":"Organization","@id":"https:\/\/www.msds-europe.com\/es\/#organization","name":"MSDS-Europe International branch of ToxInfo","url":"https:\/\/www.msds-europe.com\/es\/","logo":{"@type":"ImageObject","inLanguage":"ro-RO","@id":"https:\/\/www.msds-europe.com\/es\/#\/schema\/logo\/image\/","url":"https:\/\/www.msds-europe.com\/wp-content\/uploads\/2021\/04\/msds-europe-logo.jpg","contentUrl":"https:\/\/www.msds-europe.com\/wp-content\/uploads\/2021\/04\/msds-europe-logo.jpg","width":2296,"height":1067,"caption":"MSDS-Europe International branch of ToxInfo"},"image":{"@id":"https:\/\/www.msds-europe.com\/es\/#\/schema\/logo\/image\/"},"sameAs":["https:\/\/www.facebook.com\/toxinfokft\/","https:\/\/x.com\/ToxInfoKft"]}]}},"_links":{"self":[{"href":"https:\/\/www.msds-europe.com\/ro\/wp-json\/wp\/v2\/pages\/34319","targetHints":{"allow":["GET"]}}],"collection":[{"href":"https:\/\/www.msds-europe.com\/ro\/wp-json\/wp\/v2\/pages"}],"about":[{"href":"https:\/\/www.msds-europe.com\/ro\/wp-json\/wp\/v2\/types\/page"}],"author":[{"embeddable":true,"href":"https:\/\/www.msds-europe.com\/ro\/wp-json\/wp\/v2\/users\/2"}],"replies":[{"embeddable":true,"href":"https:\/\/www.msds-europe.com\/ro\/wp-json\/wp\/v2\/comments?post=34319"}],"version-history":[{"count":6,"href":"https:\/\/www.msds-europe.com\/ro\/wp-json\/wp\/v2\/pages\/34319\/revisions"}],"predecessor-version":[{"id":37781,"href":"https:\/\/www.msds-europe.com\/ro\/wp-json\/wp\/v2\/pages\/34319\/revisions\/37781"}],"wp:attachment":[{"href":"https:\/\/www.msds-europe.com\/ro\/wp-json\/wp\/v2\/media?parent=34319"}],"wp:term":[{"taxonomy":"post_tag","embeddable":true,"href":"https:\/\/www.msds-europe.com\/ro\/wp-json\/wp\/v2\/tags?post=34319"}],"curies":[{"name":"wp","href":"https:\/\/api.w.org\/{rel}","templated":true}]}}