{"id":34177,"date":"2025-07-24T11:37:12","date_gmt":"2025-07-24T11:37:12","guid":{"rendered":"https:\/\/www.msds-europe.com\/?page_id=34177"},"modified":"2026-02-24T11:52:24","modified_gmt":"2026-02-24T11:52:24","slug":"ufi-identificator-unic-de-formula","status":"publish","type":"page","link":"https:\/\/www.msds-europe.com\/ro\/ufi-identificator-unic-de-formula\/","title":{"rendered":"Informa\u021bii privind aplicarea UFI\u2011ului (Identificator Unic de Formul\u0103)"},"content":{"rendered":"<p style=\"text-align: right;\"><em><a href=\"https:\/\/www.msds-europe.com\/ro\/\">MSDS-Europe<\/a> \u2013 Informa\u021bii privind aplicarea UFI (identificator unic de formul\u0103)<\/em><\/p>\n<p style=\"text-align: justify;\"><strong>Identificatorul unic de formul\u0103 (UFI) este un cod din 16 caractere care trebuie indicat pe eticheta amestecurilor periculoase. UFI este un element al notific\u0103rii amestecurilor periculoase, care trebuie efectuat\u0103 prin <a href=\"https:\/\/www.msds-europe.com\/ro\/notificare-amestecuri-pcn-cod-ufi\/\">notificarea armonizat\u0103 (PCN)<\/a>.<\/strong><\/p>\n<p style=\"text-align: justify;\"><strong>Ca urmare a notific\u0103rii PCN, personalul medical din statele membre UE va avea acces la date unificate. Aplicarea acestui cod permite centrelor de informare toxicologic\u0103 s\u0103 ofere informa\u021bii despre amestecul periculos \u00een situa\u021bii de urgen\u021b\u0103.<\/strong><\/p>\n<p style=\"text-align: justify;\"><strong>Prevederile privind aplicarea UFI, precum \u0219i notificarea PCN \u0219i etichetarea amestecurilor, au fost introduse prin <a href=\"https:\/\/www.msds-europe.com\/ro\/securitatea-chimica-schimbari-reglementare\/\">Regulamentul (UE) 2017\/542<\/a> al Comisiei, care modific\u0103 Regulamentul (CE) nr. 1272\/2008 (CLP) prin ad\u0103ugarea <strong>Anexei VIII<\/strong>. Aceste prevederi sunt obligatorii pentru toate statele SEE.<\/strong><\/p>\n<p>&nbsp;<\/p>\n<h2 style=\"text-align: justify;\">Scopul identificatorului unic de formul\u0103<\/h2>\n<p style=\"text-align: justify;\">Utilizarea codului UFI (transmis autorit\u0103\u021bilor \u00een cadrul notific\u0103rii PCN) permite identificarea rapid\u0103 a informa\u021biilor privind compozi\u021bia asociate unui anumit amestec, facilit\u00e2nd un r\u0103spuns rapid \u00een caz de urgen\u021b\u0103. Numai autoritatea relevant\u0103 (din statul membru) are acces la datele furnizate \u00een notificare.<\/p>\n<p>&nbsp;<\/p>\n<h2 style=\"text-align: justify;\">Abordare strategic\u0103<\/h2>\n<h4 style=\"text-align: justify;\"><span style=\"color: #333333;\">Metode posibile de creare a identificatorului unic de formul\u0103<\/span><\/h4>\n<p style=\"text-align: justify;\"><strong>Abordare bazat\u0103 pe amestec<\/strong><\/p>\n<p style=\"text-align: justify;\">O compozi\u021bie determinat\u0103 a unui amestec este identificat\u0103 printr-un singur cod UFI.<\/p>\n<p style=\"text-align: justify;\">Produsele cu compozi\u021bie identic\u0103, dar cu denumiri comerciale diferite (acela\u0219i amestec comercializat sub denumiri diferite), pot primi acela\u0219i cod UFI.<\/p>\n<p style=\"text-align: justify;\"><strong>Abordare bazat\u0103 pe produs<\/strong><\/p>\n<p style=\"text-align: justify;\">Fiecare produs (de exemplu, fiecare denumire comercial\u0103) prime\u0219te un cod UFI separat.<\/p>\n<p style=\"text-align: justify;\">\u00cen acest caz, acela\u0219i amestec poate avea mai multe coduri UFI (de exemplu, atunci c\u00e2nd este comercializat sub mai multe denumiri comerciale).<\/p>\n<p style=\"text-align: justify;\"><em>Pentru a \u00een\u021belege mai bine diferen\u021ba dintre abordarea bazat\u0103 pe amestec \u0219i cea bazat\u0103 pe produs, trebuie defini\u021bi termenii \u201eamestec\u201d \u0219i \u201eprodus\u201d:<\/em><\/p>\n<p style=\"text-align: justify;\"><em><strong>Amestec:<\/strong><\/em><\/p>\n<p style=\"text-align: justify;\"><em>Con\u021bine cel pu\u021bin dou\u0103 ingrediente (substan\u021be \u0219i\/sau amestec \u00een amestec \u2013 AIA).<\/em><\/p>\n<p style=\"text-align: justify;\"><em>Caracteristicile unui amestec sunt determinate \u00een principal de compozi\u021bia sa \u0219i de propriet\u0103\u021bile sale fizico-chimice.<\/em><\/p>\n<p style=\"text-align: justify;\"><em><strong>Produs:<\/strong><\/em><\/p>\n<p style=\"text-align: justify;\"><em>Amestec destinat v\u00e2nz\u0103rii, identificat de regul\u0103 printr-o denumire comercial\u0103 \u0219i ale c\u0103rui caracteristici sunt influen\u021bate \u00een principal de ambalaj, etichetare \u0219i categoria de produs.<\/em><\/p>\n<p style=\"text-align: justify;\"><strong>Abordare centrat\u0103 pe pia\u021b\u0103<\/strong><\/p>\n<p style=\"text-align: justify;\">Amestecuri identice primesc coduri UFI diferite dac\u0103 sunt introduse pe pie\u021be na\u021bionale diferite.<\/p>\n<p style=\"text-align: justify;\">De exemplu, \u201eProdusul 1\u201d v\u00e2ndut \u00een Germania prime\u0219te \u201eUFI 1\u201d, iar acela\u0219i \u201eProdus 1\u201d v\u00e2ndut \u00een Spania prime\u0219te \u201eUFI 2\u201d.<\/p>\n<p style=\"text-align: justify;\"><strong>Abordare centrat\u0103 pe limb\u0103\/etichet\u0103<\/strong><\/p>\n<p style=\"text-align: justify;\">Similar\u0103 abord\u0103rii centrate pe pia\u021b\u0103, dar \u021bine cont de faptul c\u0103 limba oficial\u0103 poate fi aceea\u0219i \u00een mai multe \u021b\u0103ri (de ex.: germana \u00een Germania \u0219i Austria).<\/p>\n<p style=\"text-align: center;\">Oricare dintre strategiile de mai sus este corect\u0103, at\u00e2t timp c\u00e2t nu \u00eencalc\u0103 <strong>principiul fundamental<\/strong>:<\/p>\n<p style=\"text-align: center;\">UFI trebuie s\u0103 identifice o compozi\u021bie dat\u0103 \u0219i nu poate indica amestecuri cu compozi\u021bii diferite!<\/p>\n<p>&nbsp;<\/p>\n<h2 style=\"text-align: justify;\">Generator UFI \u2013 creare identificator unic de formul\u0103<\/h2>\n<p style=\"text-align: justify;\">Aplica\u021bia <a href=\"https:\/\/ufi.echa.europa.eu\/#\/create\">UFI Generator<\/a> este un instrument web gratuit, disponibil online \u0219i tradus \u00een toate limbile oficiale ale Uniunii Europene.<\/p>\n<p style=\"text-align: justify;\">Codul UFI se creeaz\u0103 prin introducerea <strong>codului fiscal\/num\u0103rului de TVA<\/strong> al companiei \u0219i a unui <strong>num\u0103r de formul\u0103<\/strong> (identificator intern al amestecului).<\/p>\n<p style=\"text-align: justify;\"><strong>Important!<\/strong><\/p>\n<ul>\n<li style=\"text-align: justify;\">Sistemul nu salveaz\u0103 automat UFI-urile generate; utilizatorul trebuie s\u0103 le p\u0103streze.<\/li>\n<li style=\"text-align: justify;\">UFI se poate genera f\u0103r\u0103 cod fiscal\/num\u0103r de TVA, \u00eens\u0103 aceast\u0103 op\u021biune este rezervat\u0103 doar companiilor care nu de\u021bin un astfel de identificator.<\/li>\n<li style=\"text-align: justify;\">Validarea UFI trebuie realizat\u0103 separat (de exemplu, cu func\u021bia de validare din instrumentul ECHA).<\/li>\n<\/ul>\n<p>&nbsp;<\/p>\n<h2 style=\"text-align: justify;\">Valabilitatea UFI<\/h2>\n<p style=\"text-align: justify;\"><strong>Actualizarea notific\u0103rii PCN este necesar\u0103:<\/strong><\/p>\n<p style=\"text-align: justify;\">Dac\u0103 se modific\u0103 informa\u021biile raportate (de exemplu, date de contact, denumire comercial\u0103, pie\u021be, clasificare) sau dac\u0103 se modific\u0103 compozi\u021bia amestecului, trebuie evaluat dac\u0103 este suficient\u0103 o <strong>actualizare a dosarului PCN<\/strong> (\u0219i a etichetei\/fi\u0219ei cu date de securitate) sau dac\u0103 este necesar\u0103 o notificare nou\u0103.<\/p>\n<p style=\"text-align: justify;\"><strong>Crearea unui UFI nou \u0219i depunerea unei notific\u0103ri PCN noi sunt, de regul\u0103, necesare \u00een urm\u0103toarele situa\u021bii:<\/strong><\/p>\n<ul>\n<li style=\"text-align: justify;\">Ad\u0103ugarea, \u00eenlocuirea sau eliminarea unui ingredient.<\/li>\n<li style=\"text-align: justify;\">\u00cen cazul unui amestec \u00een amestec (AIA), dac\u0103 furnizorul schimb\u0103 codul UFI al amestecului utilizat.<\/li>\n<li style=\"text-align: justify;\">Modificarea compozi\u021biei dep\u0103\u0219e\u0219te limitele de varia\u021bie permise de legisla\u021bie (Anexa VIII).<\/li>\n<\/ul>\n<p style=\"text-align: justify;\">Exemple orientative de varia\u021bii ale concentra\u021biei componentelor care pot declan\u0219a necesitatea unui UFI nou (dac\u0103 se dep\u0103\u0219esc limitele permise):<\/p>\n<p style=\"text-align: justify;\">Concentra\u021bia componentei \u00een amestec (interval de modificare):<\/p>\n<ul>\n<li style=\"text-align: justify;\">25\u2013100 % (\u00b15 %)<\/li>\n<li style=\"text-align: justify;\">10\u201325 % (\u00b110 %)<\/li>\n<li style=\"text-align: justify;\">2,5\u201310 % (\u00b120 %)<\/li>\n<li style=\"text-align: justify;\">&lt; 2,5 % (\u00b130 %)<\/li>\n<\/ul>\n<p>&nbsp;<\/p>\n<p style=\"text-align: justify;\">Pa\u0219i de urmat dup\u0103 crearea unui UFI nou:<\/p>\n<ul>\n<li style=\"text-align: justify;\"><a href=\"https:\/\/www.msds-europe.com\/ro\/intocmire-proiect-de-eticheta\/\">Actualizarea etichetei<\/a><\/li>\n<li style=\"text-align: justify;\">Actualizarea\/depunerea notific\u0103rii PCN<\/li>\n<li style=\"text-align: justify;\">Comunicare \u00een lan\u021bul de aprovizionare<\/li>\n<\/ul>\n<p>&nbsp;<\/p>\n<p style=\"text-align: justify;\"><strong>Crearea unui UFI nou nu este necesar\u0103 dac\u0103:<\/strong><\/p>\n<ul>\n<li style=\"text-align: justify;\">se schimb\u0103 doar denumirea comercial\u0103 a amestecului (produsului), f\u0103r\u0103 modificarea compozi\u021biei (de regul\u0103, este suficient\u0103 actualizarea notific\u0103rii PCN, dac\u0103 este cazul);<\/li>\n<li style=\"text-align: justify;\">modificarea afecteaz\u0103 exclusiv parfumurile din produs (\u00een limitele permise de Anexa VIII);<\/li>\n<li style=\"text-align: justify;\">se utilizeaz\u0103 un ambalaj nou (f\u0103r\u0103 modific\u0103ri relevante ale informa\u021biilor notificate).<\/li>\n<\/ul>\n<p style=\"text-align: right;\"><em>Informa\u021bii suplimentare despre obliga\u021bia de a actualiza <a href=\"https:\/\/www.msds-europe.com\/ro\/notificare-amestecuri-pcn-cod-ufi\/\">notificarea PCN<\/a><\/em><\/p>\n<p>&nbsp;<\/p>\n<h2 style=\"text-align: justify;\">Comunicare \u00een lan\u021bul de aprovizionare<\/h2>\n<p style=\"text-align: justify;\">Dac\u0103 un utilizator din aval folose\u0219te un amestec \u00een amestec (AIA) pentru formularea altui amestec, \u00een multe cazuri este suficient s\u0103 cunoasc\u0103 <strong>codul UFI<\/strong> \u00een locul compozi\u021biei complete.<\/p>\n<p style=\"text-align: justify;\">Motivul practic: \u00een notificare trebuie declarat\u0103 fiecare component\u0103, ceea ce ar fi dificil \u00een cazul unui AIA. Compozi\u021bia amestecului utilizat a fost probabil notificat\u0103 anterior, astfel \u00eenc\u00e2t, cunosc\u00e2nd UFI-ul, autorit\u0103\u021bile pot identifica rapid datele relevante. UFI-ul amestecului utilizat nu trebuie s\u0103 apar\u0103 pe eticheta produsului finit, evit\u00e2nd divulgarea de informa\u021bii confiden\u021biale.<\/p>\n<p style=\"text-align: justify;\">Prin urmare, comunicarea modific\u0103rilor UFI \u00een lan\u021bul de aprovizionare este esen\u021bial\u0103, deoarece p\u0103r\u021bile care utilizeaz\u0103 amestecul \u00een propria formul\u0103 trebuie s\u0103 \u00ee\u0219i actualizeze notificarea.<\/p>\n<p style=\"text-align: right;\"><em>Informa\u021bii detaliate despre alte <a href=\"https:\/\/www.msds-europe.com\/distributors-reach-communication-obligations\/\">obliga\u021bii de comunicare<\/a> g\u0103si\u021bi aici<\/em><\/p>\n<p>&nbsp;<\/p>\n<h2 style=\"text-align: justify;\">Aplicarea UFI pe etichetele amestecurilor<\/h2>\n<p style=\"text-align: justify;\">Mai multe detalii despre plasarea identificatorului unic de formul\u0103 \u0219i despre etichetarea CLP g\u0103si\u021bi \u00een articolul \u201e<a href=\"https:\/\/www.msds-europe.com\/ro\/eticheta-clp-etichetare-in-practica\/\">Eticheta CLP \u00een practic\u0103<\/a>\u201d.<\/p>\n<p>&nbsp;<\/p>\n<h4><span style=\"color: #333333;\">Recomandare de servicii<\/span><\/h4>\n<ul>\n<li><a href=\"https:\/\/www.msds-europe.com\/ro\/intocmire-proiect-de-eticheta\/\">\u00centocmirea proiectului de etichet\u0103 CLP<\/a> pentru substan\u021be \u0219i amestecuri<\/li>\n<li><a href=\"https:\/\/www.msds-europe.com\/ro\/fisa-cu-date-de-securitate-traductie\/\">Traducerea fi\u0219ei cu date de securitate<\/a> \u00een conformitate cu reglement\u0103rile privind siguran\u021ba chimic\u0103<\/li>\n<li>Servicii de <a href=\"https:\/\/www.msds-europe.com\/ro\/notificare-amestecuri-pcn-cod-ufi\/\">generare a codurilor UFI \u0219i depunere a notific\u0103rilor PCN<\/a><\/li>\n<\/ul>\n<p>&nbsp;<\/p>\n<h3>\u00centreb\u0103ri frecvente \u0219i r\u0103spunsuri<\/h3>\n<div class=\"su-spoiler su-spoiler-style-fancy su-spoiler-icon-chevron su-spoiler-closed\" data-scroll-offset=\"0\" data-anchor-in-url=\"no\"><div class=\"su-spoiler-title\" tabindex=\"0\" role=\"button\"><span class=\"su-spoiler-icon\"><\/span>Ce este un UFI \u0219i unde trebuie s\u0103 apar\u0103?<\/div><div class=\"su-spoiler-content su-u-clearfix su-u-trim\">\nUFI (identificator unic de formul\u0103) este un cod din 16 caractere care leag\u0103 un amestec periculos de datele din notificarea PCN; \u00een mod normal, trebuie indicat pe etichet\u0103. Pentru amestecuri neambalate (vrac) \u0219i \u00een anumite cazuri (de exemplu, unele amestecuri pentru utilizare industrial\u0103), UFI poate fi indicat \u00een fi\u0219a cu date de securitate, de regul\u0103 \u00een Sec\u021biunea 1.1. Pentru detalii, vede\u021bi \u0219i: <a href=\"https:\/\/www.msds-europe.com\/ro\/sds-sectiunea-1-identificator-produs-ufi-amestecuri\/\">SDS Sec\u021biunea 1: identificator de produs \u0219i UFI<\/a>.<br \/>\n<\/div><\/div>\n<div class=\"su-spoiler su-spoiler-style-fancy su-spoiler-icon-chevron su-spoiler-closed\" data-scroll-offset=\"0\" data-anchor-in-url=\"no\"><div class=\"su-spoiler-title\" tabindex=\"0\" role=\"button\"><span class=\"su-spoiler-icon\"><\/span>Cine este responsabil de generarea \u0219i transmiterea UFI?<\/div><div class=\"su-spoiler-content su-u-clearfix su-u-trim\">\nCompania care introduce amestecul pe pia\u021b\u0103 (de exemplu, produc\u0103torul sau importatorul) genereaz\u0103 codul prin UFI Generator al ECHA \u0219i \u00eel transmite \u00eempreun\u0103 cu notificarea PCN (depus\u0103 prin portalul ECHA) c\u0103tre centrele de informare toxicologic\u0103 din \u021b\u0103rile \u00een care amestecul este introdus pe pia\u021b\u0103.<br \/>\n<\/div><\/div>\n<div class=\"su-spoiler su-spoiler-style-fancy su-spoiler-icon-chevron su-spoiler-closed\" data-scroll-offset=\"0\" data-anchor-in-url=\"no\"><div class=\"su-spoiler-title\" tabindex=\"0\" role=\"button\"><span class=\"su-spoiler-icon\"><\/span>Este UFI obligatoriu pentru amestecuri neclasificate ca periculoase?<\/div><div class=\"su-spoiler-content su-u-clearfix su-u-trim\">\n\u00cen general, nu. Dac\u0103 un amestec nu are clasificare de pericol pentru s\u0103n\u0103tate sau pericol fizic (conform CLP), de regul\u0103 nu intr\u0103 \u00een domeniul de aplicare al notific\u0103rii PCN \u0219i nu necesit\u0103 UFI. Dac\u0103 amestecul este periculos doar pentru mediu, cerin\u021bele pot fi diferite; este recomandat\u0103 verificarea regulilor aplicabile \u0219i a pie\u021bei-\u021bint\u0103.<br \/>\n<\/div><\/div>\n","protected":false},"excerpt":{"rendered":"<p>MSDS-Europe \u2013 Informa\u021bii privind aplicarea UFI (identificator unic de formul\u0103) Identificatorul unic de formul\u0103 (UFI) este un cod din 16 caractere care trebuie indicat pe eticheta amestecurilor periculoase. UFI este un element al notific\u0103rii amestecurilor periculoase, care trebuie efectuat\u0103 prin notificarea armonizat\u0103 (PCN). Ca urmare a notific\u0103rii PCN, personalul medical&#8230;<\/p>\n","protected":false},"author":2,"featured_media":0,"parent":0,"menu_order":0,"comment_status":"closed","ping_status":"closed","template":"","meta":{"_acf_changed":false,"footnotes":""},"tags":[395,380],"class_list":["post-34177","page","type-page","status-publish","hentry","tag-eticheta-clp","tag-fisa-cu-date-de-securitate-baza-de-cunostinte"],"acf":[],"yoast_head":"<!-- This site is optimized with the Yoast SEO plugin v27.2 - https:\/\/yoast.com\/product\/yoast-seo-wordpress\/ -->\n<title>Informa\u021bii privind aplicarea UFI\u2011ului<\/title>\n<meta name=\"description\" content=\"Obliga\u021biile importatorilor \u0219i utilizatorilor din aval privind UFI. Crearea, validarea \u0219i notificarea UFI. Modific\u0103ri referitoare la etichetarea amestecurilor.\" \/>\n<meta name=\"robots\" content=\"index, follow, max-snippet:-1, max-image-preview:large, max-video-preview:-1\" \/>\n<link rel=\"canonical\" href=\"https:\/\/www.msds-europe.com\/ro\/ufi-identificator-unic-de-formula\/\" \/>\n<meta property=\"og:locale\" content=\"ro_RO\" \/>\n<meta property=\"og:type\" content=\"article\" \/>\n<meta property=\"og:title\" content=\"Informa\u021bii privind aplicarea UFI\u2011ului\" \/>\n<meta property=\"og:description\" content=\"Obliga\u021biile importatorilor \u0219i utilizatorilor din aval privind UFI. Crearea, validarea \u0219i notificarea UFI. Modific\u0103ri referitoare la etichetarea amestecurilor.\" \/>\n<meta property=\"og:url\" content=\"https:\/\/www.msds-europe.com\/ro\/ufi-identificator-unic-de-formula\/\" \/>\n<meta property=\"og:site_name\" content=\"MSDS Europe\" \/>\n<meta property=\"article:publisher\" content=\"https:\/\/www.facebook.com\/toxinfokft\/\" \/>\n<meta property=\"article:modified_time\" content=\"2026-02-24T11:52:24+00:00\" \/>\n<meta name=\"twitter:card\" content=\"summary_large_image\" \/>\n<meta name=\"twitter:site\" content=\"@ToxInfoKft\" \/>\n<meta name=\"twitter:label1\" content=\"Timp estimat pentru citire\" \/>\n\t<meta name=\"twitter:data1\" content=\"5 minute\" \/>\n<script type=\"application\/ld+json\" class=\"yoast-schema-graph\">{\"@context\":\"https:\/\/schema.org\",\"@graph\":[{\"@type\":\"WebPage\",\"@id\":\"https:\/\/www.msds-europe.com\/ro\/ufi-identificator-unic-de-formula\/\",\"url\":\"https:\/\/www.msds-europe.com\/ro\/ufi-identificator-unic-de-formula\/\",\"name\":\"Informa\u021bii privind aplicarea UFI\u2011ului\",\"isPartOf\":{\"@id\":\"https:\/\/www.msds-europe.com\/es\/#website\"},\"datePublished\":\"2025-07-24T11:37:12+00:00\",\"dateModified\":\"2026-02-24T11:52:24+00:00\",\"description\":\"Obliga\u021biile importatorilor \u0219i utilizatorilor din aval privind UFI. Crearea, validarea \u0219i notificarea UFI. Modific\u0103ri referitoare la etichetarea amestecurilor.\",\"breadcrumb\":{\"@id\":\"https:\/\/www.msds-europe.com\/ro\/ufi-identificator-unic-de-formula\/#breadcrumb\"},\"inLanguage\":\"ro-RO\",\"potentialAction\":[{\"@type\":\"ReadAction\",\"target\":[\"https:\/\/www.msds-europe.com\/ro\/ufi-identificator-unic-de-formula\/\"]}]},{\"@type\":\"BreadcrumbList\",\"@id\":\"https:\/\/www.msds-europe.com\/ro\/ufi-identificator-unic-de-formula\/#breadcrumb\",\"itemListElement\":[{\"@type\":\"ListItem\",\"position\":1,\"name\":\"F\u0151oldal\",\"item\":\"https:\/\/www.msds-europe.com\/ro\/\"},{\"@type\":\"ListItem\",\"position\":2,\"name\":\"Informa\u021bii privind aplicarea UFI\u2011ului (Identificator Unic de Formul\u0103)\"}]},{\"@type\":\"WebSite\",\"@id\":\"https:\/\/www.msds-europe.com\/es\/#website\",\"url\":\"https:\/\/www.msds-europe.com\/es\/\",\"name\":\"MSDS Europe\",\"description\":\"\",\"publisher\":{\"@id\":\"https:\/\/www.msds-europe.com\/es\/#organization\"},\"potentialAction\":[{\"@type\":\"SearchAction\",\"target\":{\"@type\":\"EntryPoint\",\"urlTemplate\":\"https:\/\/www.msds-europe.com\/es\/?s={search_term_string}\"},\"query-input\":{\"@type\":\"PropertyValueSpecification\",\"valueRequired\":true,\"valueName\":\"search_term_string\"}}],\"inLanguage\":\"ro-RO\"},{\"@type\":\"Organization\",\"@id\":\"https:\/\/www.msds-europe.com\/es\/#organization\",\"name\":\"MSDS-Europe International branch of ToxInfo\",\"url\":\"https:\/\/www.msds-europe.com\/es\/\",\"logo\":{\"@type\":\"ImageObject\",\"inLanguage\":\"ro-RO\",\"@id\":\"https:\/\/www.msds-europe.com\/es\/#\/schema\/logo\/image\/\",\"url\":\"https:\/\/www.msds-europe.com\/wp-content\/uploads\/2021\/04\/msds-europe-logo.jpg\",\"contentUrl\":\"https:\/\/www.msds-europe.com\/wp-content\/uploads\/2021\/04\/msds-europe-logo.jpg\",\"width\":2296,\"height\":1067,\"caption\":\"MSDS-Europe International branch of ToxInfo\"},\"image\":{\"@id\":\"https:\/\/www.msds-europe.com\/es\/#\/schema\/logo\/image\/\"},\"sameAs\":[\"https:\/\/www.facebook.com\/toxinfokft\/\",\"https:\/\/x.com\/ToxInfoKft\"]}]}<\/script>\n<!-- \/ Yoast SEO plugin. -->","yoast_head_json":{"title":"Informa\u021bii privind aplicarea UFI\u2011ului","description":"Obliga\u021biile importatorilor \u0219i utilizatorilor din aval privind UFI. Crearea, validarea \u0219i notificarea UFI. Modific\u0103ri referitoare la etichetarea amestecurilor.","robots":{"index":"index","follow":"follow","max-snippet":"max-snippet:-1","max-image-preview":"max-image-preview:large","max-video-preview":"max-video-preview:-1"},"canonical":"https:\/\/www.msds-europe.com\/ro\/ufi-identificator-unic-de-formula\/","og_locale":"ro_RO","og_type":"article","og_title":"Informa\u021bii privind aplicarea UFI\u2011ului","og_description":"Obliga\u021biile importatorilor \u0219i utilizatorilor din aval privind UFI. Crearea, validarea \u0219i notificarea UFI. Modific\u0103ri referitoare la etichetarea amestecurilor.","og_url":"https:\/\/www.msds-europe.com\/ro\/ufi-identificator-unic-de-formula\/","og_site_name":"MSDS Europe","article_publisher":"https:\/\/www.facebook.com\/toxinfokft\/","article_modified_time":"2026-02-24T11:52:24+00:00","twitter_card":"summary_large_image","twitter_site":"@ToxInfoKft","twitter_misc":{"Timp estimat pentru citire":"5 minute"},"schema":{"@context":"https:\/\/schema.org","@graph":[{"@type":"WebPage","@id":"https:\/\/www.msds-europe.com\/ro\/ufi-identificator-unic-de-formula\/","url":"https:\/\/www.msds-europe.com\/ro\/ufi-identificator-unic-de-formula\/","name":"Informa\u021bii privind aplicarea UFI\u2011ului","isPartOf":{"@id":"https:\/\/www.msds-europe.com\/es\/#website"},"datePublished":"2025-07-24T11:37:12+00:00","dateModified":"2026-02-24T11:52:24+00:00","description":"Obliga\u021biile importatorilor \u0219i utilizatorilor din aval privind UFI. Crearea, validarea \u0219i notificarea UFI. Modific\u0103ri referitoare la etichetarea amestecurilor.","breadcrumb":{"@id":"https:\/\/www.msds-europe.com\/ro\/ufi-identificator-unic-de-formula\/#breadcrumb"},"inLanguage":"ro-RO","potentialAction":[{"@type":"ReadAction","target":["https:\/\/www.msds-europe.com\/ro\/ufi-identificator-unic-de-formula\/"]}]},{"@type":"BreadcrumbList","@id":"https:\/\/www.msds-europe.com\/ro\/ufi-identificator-unic-de-formula\/#breadcrumb","itemListElement":[{"@type":"ListItem","position":1,"name":"F\u0151oldal","item":"https:\/\/www.msds-europe.com\/ro\/"},{"@type":"ListItem","position":2,"name":"Informa\u021bii privind aplicarea UFI\u2011ului (Identificator Unic de Formul\u0103)"}]},{"@type":"WebSite","@id":"https:\/\/www.msds-europe.com\/es\/#website","url":"https:\/\/www.msds-europe.com\/es\/","name":"MSDS Europe","description":"","publisher":{"@id":"https:\/\/www.msds-europe.com\/es\/#organization"},"potentialAction":[{"@type":"SearchAction","target":{"@type":"EntryPoint","urlTemplate":"https:\/\/www.msds-europe.com\/es\/?s={search_term_string}"},"query-input":{"@type":"PropertyValueSpecification","valueRequired":true,"valueName":"search_term_string"}}],"inLanguage":"ro-RO"},{"@type":"Organization","@id":"https:\/\/www.msds-europe.com\/es\/#organization","name":"MSDS-Europe International branch of ToxInfo","url":"https:\/\/www.msds-europe.com\/es\/","logo":{"@type":"ImageObject","inLanguage":"ro-RO","@id":"https:\/\/www.msds-europe.com\/es\/#\/schema\/logo\/image\/","url":"https:\/\/www.msds-europe.com\/wp-content\/uploads\/2021\/04\/msds-europe-logo.jpg","contentUrl":"https:\/\/www.msds-europe.com\/wp-content\/uploads\/2021\/04\/msds-europe-logo.jpg","width":2296,"height":1067,"caption":"MSDS-Europe International branch of ToxInfo"},"image":{"@id":"https:\/\/www.msds-europe.com\/es\/#\/schema\/logo\/image\/"},"sameAs":["https:\/\/www.facebook.com\/toxinfokft\/","https:\/\/x.com\/ToxInfoKft"]}]}},"_links":{"self":[{"href":"https:\/\/www.msds-europe.com\/ro\/wp-json\/wp\/v2\/pages\/34177","targetHints":{"allow":["GET"]}}],"collection":[{"href":"https:\/\/www.msds-europe.com\/ro\/wp-json\/wp\/v2\/pages"}],"about":[{"href":"https:\/\/www.msds-europe.com\/ro\/wp-json\/wp\/v2\/types\/page"}],"author":[{"embeddable":true,"href":"https:\/\/www.msds-europe.com\/ro\/wp-json\/wp\/v2\/users\/2"}],"replies":[{"embeddable":true,"href":"https:\/\/www.msds-europe.com\/ro\/wp-json\/wp\/v2\/comments?post=34177"}],"version-history":[{"count":6,"href":"https:\/\/www.msds-europe.com\/ro\/wp-json\/wp\/v2\/pages\/34177\/revisions"}],"predecessor-version":[{"id":37713,"href":"https:\/\/www.msds-europe.com\/ro\/wp-json\/wp\/v2\/pages\/34177\/revisions\/37713"}],"wp:attachment":[{"href":"https:\/\/www.msds-europe.com\/ro\/wp-json\/wp\/v2\/media?parent=34177"}],"wp:term":[{"taxonomy":"post_tag","embeddable":true,"href":"https:\/\/www.msds-europe.com\/ro\/wp-json\/wp\/v2\/tags?post=34177"}],"curies":[{"name":"wp","href":"https:\/\/api.w.org\/{rel}","templated":true}]}}