{"id":31093,"date":"2025-04-07T14:08:10","date_gmt":"2025-04-07T14:08:10","guid":{"rendered":"https:\/\/www.msds-europe.com\/?page_id=31093"},"modified":"2026-02-25T11:04:41","modified_gmt":"2026-02-25T11:04:41","slug":"elaborarea-fds-introducere","status":"publish","type":"page","link":"https:\/\/www.msds-europe.com\/ro\/elaborarea-fds-introducere\/","title":{"rendered":"Elaborarea fi\u0219elor cu date de securitate (FDS) \u2013 Partea 1"},"content":{"rendered":"<h2><span style=\"color: #333333;\">Introducere \u0219i fundament legislativ<\/span><\/h2>\n<p style=\"text-align: right;\"><em><a href=\"https:\/\/www.msds-europe.com\/ro\/\">MSDS-Europe<\/a> &#8211; <a href=\"https:\/\/www.msds-europe.com\/ro\/cunostinte-fisa-cu-date-de-securitate\/\">Baza de cuno\u0219tin\u021be despre fi\u0219ele cu date de securitate<\/a> \u2013 Elaborarea fi\u0219elor cu date de securitate \u2013 Partea 1: Introducere \u0219i fundament legislativ<\/em><\/p>\n<p>&nbsp;<\/p>\n<p style=\"text-align: justify;\">\u00cen seria noastr\u0103 de 5 articole, ghid\u0103m cititorii pas cu pas prin procesul de elaborare a fi\u0219elor cu date de securitate (FDS). Explic\u0103m cum poate fi definit\u0103 o FDS, de ce este important\u0103 \u0219i ce cerin\u021be legislative i se aplic\u0103 (de ex., regulamentele REACH \u0219i CLP).<\/p>\n<p style=\"text-align: justify;\">De asemenea, abord\u0103m \u00eentreb\u0103ri practice legate de \u00eentocmirea FDS: pentru substan\u021be \u0219i amestecuri periculoase, c\u00e2nd este obligatorie, cine este responsabil de preg\u0103tirea FDS, ce informa\u021bii trebuie s\u0103 con\u021bin\u0103 \u0219i cum \u0219i \u00een ce cazuri trebuie actualizat\u0103.<\/p>\n<p style=\"text-align: justify;\">\u00cenc\u0103 din faza de planificare este recomandat s\u0103 stabili\u021bi clar <a href=\"https:\/\/www.msds-europe.com\/ro\/sds-surse-informare-baze-date\/\">sursele de informare \u0219i bazele de date pe care le ve\u021bi utiliza pentru elaborarea FDS<\/a>, astfel \u00eenc\u00e2t toate deciziile ulterioare s\u0103 se bazeze pe date solide.<\/p>\n<p style=\"text-align: justify;\"><em>(Acest ghid se bazeaz\u0103 pe un document oficial publicat la 7 aprilie 2021, disponibil online: <a href=\"https:\/\/www.echa.europa.eu\/documents\/10162\/2324906\/sds_ro.pdf\/57f8515b-1968-428c-9458-874c55ddeaeb\">Ghid de redactare a fi\u0219elor cu date de securitate<\/a> \u2013 ECHA, 2021.)<\/em><\/p>\n<p>&nbsp;<\/p>\n<h3 style=\"text-align: justify;\">Cum poate fi definit\u0103 o fi\u0219\u0103 cu date de securitate (FDS)?<\/h3>\n<p style=\"text-align: justify;\"><a href=\"https:\/\/www.msds-europe.com\/ro\/fisa-cu-date-de-securitate-traductie\/#1\">Fi\u0219a cu date de securitate<\/a> este un document care furnizeaz\u0103 informa\u021bii detaliate despre propriet\u0103\u021bile, pericolele \u0219i utilizarea \u00een siguran\u021b\u0103 a unei substan\u021be sau a unui amestec periculos.<\/p>\n<p style=\"text-align: justify;\">Scopul FDS este s\u0103 <a href=\"https:\/\/www.msds-europe.com\/ro\/informatii-despre-fds-pentru-utilizatori-aval\/\">pun\u0103 la dispozi\u021bia utilizatorilor din aval<\/a> (utilizatori industriali sau profesionali, lucr\u0103tori) \u0219i a autorit\u0103\u021bilor datele necesare pentru manipularea \u00een siguran\u021b\u0103 a produsului. Orice substan\u021b\u0103 chimic\u0103 sau amestec clasificat ca periculos trebuie s\u0103 aib\u0103 o fi\u0219\u0103 cu date de securitate conform reglement\u0103rilor UE relevante (\u0219i \u00een anumite alte cazuri specificate de aceste reglement\u0103ri).<\/p>\n<p style=\"text-align: justify;\">Structura standardizat\u0103 a <a href=\"https:\/\/www.msds-europe.com\/ro\/elementele-de-cuprins-si-elementele-formale-ale-fiselor-cu-date-de-securitate\/\">FDS cuprinde 16 sec\u021biuni<\/a>, ceea ce asigur\u0103 c\u0103 informa\u021biile importante legate de produs sunt prezentate \u00eentr-un mod clar \u0219i organizat.<\/p>\n<p style=\"text-align: justify;\"><strong>Aceste 16 sec\u021biuni acoper\u0103:<\/strong><\/p>\n<ul>\n<li style=\"text-align: justify;\">identificarea produsului<\/li>\n<li style=\"text-align: justify;\">clasificarea pericolelor<\/li>\n<li style=\"text-align: justify;\">compozi\u021bia<\/li>\n<li style=\"text-align: justify;\">m\u0103surile de prim ajutor<\/li>\n<li style=\"text-align: justify;\">m\u0103surile de combatere a incendiilor \u0219i m\u0103surile pentru mediul \u00eenconjur\u0103tor<\/li>\n<li style=\"text-align: justify;\">manipularea<\/li>\n<li style=\"text-align: justify;\">depozitarea<\/li>\n<li style=\"text-align: justify;\">efectele asupra s\u0103n\u0103t\u0103\u021bii umane \u0219i asupra mediului<\/li>\n<li style=\"text-align: justify;\">gestionarea de\u0219eurilor<\/li>\n<\/ul>\n<p>&nbsp;<\/p>\n<p style=\"text-align: justify;\">Astfel, o <a href=\"https:\/\/www.msds-europe.com\/ro\/procesul-de-lucru-al-intocmirii-traducerii-unei-fise-cu-date-de-securitate\/\">fi\u0219\u0103 cu date de securitate bine \u00eentocmit\u0103<\/a> ajut\u0103 la prevenirea accidentelor \u0219i a afect\u0103rii s\u0103n\u0103t\u0103\u021bii \u0219i, de asemenea, sus\u021bine conformitatea cu reglement\u0103rile.<\/p>\n<p>&nbsp;<\/p>\n<h3 style=\"text-align: justify;\">Cadru legislativ: Regulamentele REACH \u0219i CLP<\/h3>\n<p style=\"text-align: justify;\">Cerin\u021bele pentru FDS sunt definite \u00een principal de legisla\u021bia european\u0103 privind substan\u021bele chimice, <strong>Regulamentul REACH (CE nr. 1907\/2006)<\/strong>.<\/p>\n<p style=\"text-align: justify;\"><strong>Articolul 31 din REACH<\/strong> precizeaz\u0103 \u00een ce cazuri trebuie furnizat\u0103 o fi\u0219\u0103 cu date de securitate, iar cerin\u021bele detaliate privind con\u021binutul acesteia sunt stabilite \u00een Anexa II a REACH. Anexa II este <a href=\"https:\/\/www.msds-europe.com\/safety-data-sheet-validity-period\/\">actualizat\u0103 periodic<\/a>; cel mai recent, Regulamentul (UE) 2020\/878 al Comisiei a actualizat cerin\u021bele privind con\u021binutul FDS (inclusiv prin introducerea cerin\u021bei de a include informa\u021bii despre propriet\u0103\u021bile de perturbator endocrin, dup\u0103 caz). Ghidul oficial pe care se bazeaz\u0103 aceast\u0103 serie de articole \u00eencorporeaz\u0103, de asemenea, aceste cerin\u021be curente \u0219i ofer\u0103 sfaturi practice despre cum pot fi implementate.<\/p>\n<p style=\"text-align: justify;\">Str\u00e2ns legat de acest subiect este <strong>Regulamentul CLP (CE nr. 1272\/2008)<\/strong>, care se ocup\u0103 de clasificarea, etichetarea \u0219i ambalarea substan\u021belor \u0219i amestecurilor chimice.<\/p>\n<p style=\"text-align: justify;\"><strong>Sec\u021biunea 2 a fi\u0219ei cu date de securitate<\/strong> trebuie s\u0103 furnizeze elementele de clasificare \u0219i <a href=\"https:\/\/www.msds-europe.com\/ro\/eticheta-clp-etichetare-in-practica\/\">etichetare<\/a> conform <a href=\"https:\/\/www.msds-europe.com\/ro\/securitatea-chimica-schimbari-reglementare\/\">Regulamentului CLP<\/a>. Prin urmare, \u00eentocmirea unei FDS necesit\u0103 familiarizare cu clasele \u0219i categoriile de pericol din CLP, <a href=\"https:\/\/www.msds-europe.com\/ro\/pictograma-de-pericol\/\">pictogramele de pericol<\/a>, frazele H (<a href=\"https:\/\/www.msds-europe.com\/ro\/fraze-de-pericol-h\/\">indica\u021bii de pericol<\/a>) \u0219i frazele P (<a href=\"https:\/\/www.msds-europe.com\/ro\/fraze-de-precautie-p\/\">fraze de precau\u021bie<\/a>).<\/p>\n<p style=\"text-align: justify;\">\u00cempreun\u0103, regulamentele REACH \u0219i CLP asigur\u0103 c\u0103 informa\u021biile legate de substan\u021bele periculoase sunt transmise \u00eentr-un format unitar tuturor celor care lucreaz\u0103 cu produsul.<\/p>\n<p style=\"text-align: justify;\"><em>Acest cadru legislativ include \u0219i <a href=\"https:\/\/www.msds-europe.com\/ro\/sds-cerinte-lingvistice\/\">reguli detaliate privind limba \u00een care trebuie redactat\u0103 \u0219i furnizat\u0103 FDS pentru diferitele pie\u021be europene<\/a>, aspect adesea neglijat \u00een practic\u0103.<\/em><\/p>\n<p>&nbsp;<\/p>\n<p><em>Alte articole din serie<\/em><\/p>\n<ul>\n<li style=\"text-align: justify;\"><em><a href=\"https:\/\/www.msds-europe.com\/ro\/responsabilita%C8%9Bi-procesul-redactare-fds\/\">Elaborarea fi\u0219elor cu date de securitate (FDS) \u2013 Partea 2: Responsabilit\u0103\u021bi \u0219i procesul de redactare a FDS<\/a><\/em><\/li>\n<li style=\"text-align: justify;\"><em><a href=\"https:\/\/www.msds-europe.com\/ro\/elaborarea-fds-primele-8-sectiuni\/\">Elaborarea fi\u0219elor cu date de securitate (FDS) \u2013 Partea 3: Primele 8 sec\u021biuni ale FDS, \u00een detaliu<\/a><\/em><\/li>\n<li style=\"text-align: justify;\"><em><a href=\"https:\/\/www.msds-europe.com\/ro\/elaborarea-fds-9-16-sectiuni\/\">Elaborarea fi\u0219elor cu date de securitate (FDS) \u2013 Partea 4: Urm\u0103toarele sec\u021biuni ale FDS (9\u201316)<\/a><\/em><\/li>\n<li style=\"text-align: justify;\"><em><a href=\"https:\/\/www.msds-europe.com\/ro\/elaborarea-fds-bune-practici\/\">Elaborarea fi\u0219elor cu date de securitate (FDS) \u2013 Partea 5: Cazuri speciale \u0219i bune practici<\/a><\/em><\/li>\n<\/ul>\n<p>&nbsp;<\/p>\n<h4>Consultan\u021b\u0103 online gratuit\u0103<\/h4>\n<p style=\"text-align: justify;\">Dac\u0103 nu a\u021bi g\u0103sit informa\u021biile de care avea\u021bi nevoie pe site-ul nostru, pute\u021bi adresa \u00eentreb\u0103rile dvs. legate de fi\u0219ele cu date de securitate direct expertului nostru.<\/p>\n<p style=\"text-align: justify;\">Pentru a trimite \u00eentreb\u0103ri, v\u0103 rug\u0103m s\u0103 folosi\u021bi urm\u0103toarea aplica\u021bie de trimitere a mesajelor:<\/p>\n<p>Contacta\u021bi serviciul nostru clien\u021bi, sau adresa\u021bi-v\u0103 expertului nostru online.<br \/>\n&nbsp;<br \/>\n<a href=\"https:\/\/www.msds-europe.com\/ro\/serviciul-pentru-clienti\/\" class=\"su-button su-button-style-default\" style=\"color:#ef552d;background-color:#fefefe;border-color:#cccccc;border-radius:6px\" target=\"_self\"><span style=\"color:#ef552d;padding:0px 18px;font-size:14px;line-height:28px;border-color:#ffffff;border-radius:6px;text-shadow:none\"> Serviciul clien\u021bi<\/span><\/a> <a href=\"https:\/\/www.msds-europe.com\/ro\/consultare-online-gratuita\/\" class=\"su-button su-button-style-default\" style=\"color:#ffffff;background-color:#ef552d;border-color:#c04424;border-radius:6px\" target=\"_self\"><span style=\"color:#ffffff;padding:0px 18px;font-size:14px;line-height:28px;border-color:#f4886c;border-radius:6px;text-shadow:0px 0px 2px #ffffff\"> \u00centreba\u021bi expertul nostru<\/span><\/a>\n<p>\u00a0<\/p>\n<h4><span style=\"color: #333333;\">Alte servicii conexe<\/span><\/h4>\n<ul>\n<li><a href=\"https:\/\/www.msds-europe.com\/ro\/fisa-cu-date-de-securitate-traductie\/\">Servicii de traducere FDS<\/a><\/li>\n<li><a href=\"https:\/\/www.msds-europe.com\/ro\/revizuirea-actualizarea-fisei-cu-date-de-securitate\/\">Revizuirea \u0219i actualizarea fi\u0219ei cu date de securitate<\/a><\/li>\n<li><a href=\"https:\/\/www.msds-europe.com\/ro\/efisa-cu-date-de-securitate-elaborare-intocmire\/\">Elaborarea \u0219i \u00eentocmirea unei fi\u0219e cu date de securitate<\/a><\/li>\n<\/ul>\n<p>&nbsp;<\/p>\n<h4><span style=\"color: #333333;\">Articole recomandate<\/span><\/h4>\n<ul>\n<li style=\"text-align: justify;\"><a href=\"https:\/\/www.msds-europe.com\/ro\/elementele-de-cuprins-si-elementele-formale-ale-fiselor-cu-date-de-securitate\/\">Elementele de cuprins \u0219i elementele formale ale fi\u0219elor cu date de securitate<\/a><\/li>\n<li style=\"text-align: justify;\"><a href=\"https:\/\/www.msds-europe.com\/ro\/despre-software-pentru-creare-fds\/\">Despre software pentru crearea fi\u0219elor cu date de securitate<\/a><\/li>\n<li style=\"text-align: justify;\"><a href=\"https:\/\/www.msds-europe.com\/ro\/pictograma-de-pericol\/\">Pictograma de pericol<\/a><\/li>\n<li style=\"text-align: justify;\"><a href=\"https:\/\/www.msds-europe.com\/ro\/eticheta-clp-etichetare-in-practica\/\">Eticheta CLP, etichetare \u00een practic\u0103<\/a><\/li>\n<li style=\"text-align: justify;\"><a href=\"https:\/\/www.msds-europe.com\/ro\/procesul-de-lucru-al-intocmirii-traducerii-unei-fise-cu-date-de-securitate\/\">Procesul de lucru al \u00eentocmirii \u0219i traducerii unei fi\u0219e cu date de securitate<\/a><\/li>\n<\/ul>\n<p>&nbsp;<\/p>\n<h4><span style=\"color: #333333;\">Materiale profesionale utile<\/span><\/h4>\n<p><a href=\"https:\/\/www.msds-europe.com\/ro\/cunostinte-fisa-cu-date-de-securitate\/\">Baza de cuno\u0219tin\u021be despre fi\u0219ele cu date de securitate<\/a><\/p>\n<p style=\"text-align: justify;\">Baza de cuno\u0219tin\u021be privind fi\u0219ele cu date de securitate ofer\u0103 asisten\u021b\u0103 \u00een interpretarea fi\u0219elor cu date de securitate \u0219i a reglement\u0103rilor aferente.<\/p>\n<p>&nbsp;<\/p>\n","protected":false},"excerpt":{"rendered":"<p>Introducere \u0219i fundament legislativ MSDS-Europe &#8211; Baza de cuno\u0219tin\u021be despre fi\u0219ele cu date de securitate \u2013 Elaborarea fi\u0219elor cu date de securitate \u2013 Partea 1: Introducere \u0219i fundament legislativ &nbsp; \u00cen seria noastr\u0103 de 5 articole, ghid\u0103m cititorii pas cu pas prin procesul de elaborare a fi\u0219elor cu date de&#8230;<\/p>\n","protected":false},"author":2,"featured_media":0,"parent":0,"menu_order":0,"comment_status":"closed","ping_status":"closed","template":"","meta":{"_acf_changed":false,"footnotes":""},"tags":[367,380],"class_list":["post-31093","page","type-page","status-publish","hentry","tag-fisa-cu-date-de-securitate","tag-fisa-cu-date-de-securitate-baza-de-cunostinte"],"acf":[],"yoast_head":"<!-- This site is optimized with the Yoast SEO plugin v27.2 - https:\/\/yoast.com\/product\/yoast-seo-wordpress\/ -->\n<title>Elaborarea FDS \u2013 Partea 1: Introducere \u0219i cadru legislativ<\/title>\n<meta name=\"description\" content=\"Conceptul \u0219i importan\u021ba FDS, precum \u0219i baza legal\u0103 a elabor\u0103rii sale, inclusiv reglement\u0103rile REACH \u0219i CLP.\" \/>\n<meta name=\"robots\" content=\"index, follow, max-snippet:-1, max-image-preview:large, max-video-preview:-1\" \/>\n<link rel=\"canonical\" href=\"https:\/\/www.msds-europe.com\/ro\/elaborarea-fds-introducere\/\" \/>\n<meta property=\"og:locale\" content=\"ro_RO\" \/>\n<meta property=\"og:type\" content=\"article\" \/>\n<meta property=\"og:title\" content=\"Elaborarea FDS \u2013 Partea 1: Introducere \u0219i cadru legislativ\" \/>\n<meta property=\"og:description\" content=\"Conceptul \u0219i importan\u021ba FDS, precum \u0219i baza legal\u0103 a elabor\u0103rii sale, inclusiv reglement\u0103rile REACH \u0219i CLP.\" \/>\n<meta property=\"og:url\" content=\"https:\/\/www.msds-europe.com\/ro\/elaborarea-fds-introducere\/\" \/>\n<meta property=\"og:site_name\" content=\"MSDS Europe\" \/>\n<meta property=\"article:publisher\" content=\"https:\/\/www.facebook.com\/toxinfokft\/\" \/>\n<meta property=\"article:modified_time\" content=\"2026-02-25T11:04:41+00:00\" \/>\n<meta name=\"twitter:card\" content=\"summary_large_image\" \/>\n<meta name=\"twitter:site\" content=\"@ToxInfoKft\" \/>\n<meta name=\"twitter:label1\" content=\"Timp estimat pentru citire\" \/>\n\t<meta name=\"twitter:data1\" content=\"4 minute\" \/>\n<script type=\"application\/ld+json\" class=\"yoast-schema-graph\">{\"@context\":\"https:\/\/schema.org\",\"@graph\":[{\"@type\":\"WebPage\",\"@id\":\"https:\/\/www.msds-europe.com\/ro\/elaborarea-fds-introducere\/\",\"url\":\"https:\/\/www.msds-europe.com\/ro\/elaborarea-fds-introducere\/\",\"name\":\"Elaborarea FDS \u2013 Partea 1: Introducere \u0219i cadru legislativ\",\"isPartOf\":{\"@id\":\"https:\/\/www.msds-europe.com\/es\/#website\"},\"datePublished\":\"2025-04-07T14:08:10+00:00\",\"dateModified\":\"2026-02-25T11:04:41+00:00\",\"description\":\"Conceptul \u0219i importan\u021ba FDS, precum \u0219i baza legal\u0103 a elabor\u0103rii sale, inclusiv reglement\u0103rile REACH \u0219i CLP.\",\"breadcrumb\":{\"@id\":\"https:\/\/www.msds-europe.com\/ro\/elaborarea-fds-introducere\/#breadcrumb\"},\"inLanguage\":\"ro-RO\",\"potentialAction\":[{\"@type\":\"ReadAction\",\"target\":[\"https:\/\/www.msds-europe.com\/ro\/elaborarea-fds-introducere\/\"]}]},{\"@type\":\"BreadcrumbList\",\"@id\":\"https:\/\/www.msds-europe.com\/ro\/elaborarea-fds-introducere\/#breadcrumb\",\"itemListElement\":[{\"@type\":\"ListItem\",\"position\":1,\"name\":\"F\u0151oldal\",\"item\":\"https:\/\/www.msds-europe.com\/ro\/\"},{\"@type\":\"ListItem\",\"position\":2,\"name\":\"Elaborarea fi\u0219elor cu date de securitate (FDS) \u2013 Partea 1\"}]},{\"@type\":\"WebSite\",\"@id\":\"https:\/\/www.msds-europe.com\/es\/#website\",\"url\":\"https:\/\/www.msds-europe.com\/es\/\",\"name\":\"MSDS Europe\",\"description\":\"\",\"publisher\":{\"@id\":\"https:\/\/www.msds-europe.com\/es\/#organization\"},\"potentialAction\":[{\"@type\":\"SearchAction\",\"target\":{\"@type\":\"EntryPoint\",\"urlTemplate\":\"https:\/\/www.msds-europe.com\/es\/?s={search_term_string}\"},\"query-input\":{\"@type\":\"PropertyValueSpecification\",\"valueRequired\":true,\"valueName\":\"search_term_string\"}}],\"inLanguage\":\"ro-RO\"},{\"@type\":\"Organization\",\"@id\":\"https:\/\/www.msds-europe.com\/es\/#organization\",\"name\":\"MSDS-Europe International branch of ToxInfo\",\"url\":\"https:\/\/www.msds-europe.com\/es\/\",\"logo\":{\"@type\":\"ImageObject\",\"inLanguage\":\"ro-RO\",\"@id\":\"https:\/\/www.msds-europe.com\/es\/#\/schema\/logo\/image\/\",\"url\":\"https:\/\/www.msds-europe.com\/wp-content\/uploads\/2021\/04\/msds-europe-logo.jpg\",\"contentUrl\":\"https:\/\/www.msds-europe.com\/wp-content\/uploads\/2021\/04\/msds-europe-logo.jpg\",\"width\":2296,\"height\":1067,\"caption\":\"MSDS-Europe International branch of ToxInfo\"},\"image\":{\"@id\":\"https:\/\/www.msds-europe.com\/es\/#\/schema\/logo\/image\/\"},\"sameAs\":[\"https:\/\/www.facebook.com\/toxinfokft\/\",\"https:\/\/x.com\/ToxInfoKft\"]}]}<\/script>\n<!-- \/ Yoast SEO plugin. -->","yoast_head_json":{"title":"Elaborarea FDS \u2013 Partea 1: Introducere \u0219i cadru legislativ","description":"Conceptul \u0219i importan\u021ba FDS, precum \u0219i baza legal\u0103 a elabor\u0103rii sale, inclusiv reglement\u0103rile REACH \u0219i CLP.","robots":{"index":"index","follow":"follow","max-snippet":"max-snippet:-1","max-image-preview":"max-image-preview:large","max-video-preview":"max-video-preview:-1"},"canonical":"https:\/\/www.msds-europe.com\/ro\/elaborarea-fds-introducere\/","og_locale":"ro_RO","og_type":"article","og_title":"Elaborarea FDS \u2013 Partea 1: Introducere \u0219i cadru legislativ","og_description":"Conceptul \u0219i importan\u021ba FDS, precum \u0219i baza legal\u0103 a elabor\u0103rii sale, inclusiv reglement\u0103rile REACH \u0219i CLP.","og_url":"https:\/\/www.msds-europe.com\/ro\/elaborarea-fds-introducere\/","og_site_name":"MSDS Europe","article_publisher":"https:\/\/www.facebook.com\/toxinfokft\/","article_modified_time":"2026-02-25T11:04:41+00:00","twitter_card":"summary_large_image","twitter_site":"@ToxInfoKft","twitter_misc":{"Timp estimat pentru citire":"4 minute"},"schema":{"@context":"https:\/\/schema.org","@graph":[{"@type":"WebPage","@id":"https:\/\/www.msds-europe.com\/ro\/elaborarea-fds-introducere\/","url":"https:\/\/www.msds-europe.com\/ro\/elaborarea-fds-introducere\/","name":"Elaborarea FDS \u2013 Partea 1: Introducere \u0219i cadru legislativ","isPartOf":{"@id":"https:\/\/www.msds-europe.com\/es\/#website"},"datePublished":"2025-04-07T14:08:10+00:00","dateModified":"2026-02-25T11:04:41+00:00","description":"Conceptul \u0219i importan\u021ba FDS, precum \u0219i baza legal\u0103 a elabor\u0103rii sale, inclusiv reglement\u0103rile REACH \u0219i CLP.","breadcrumb":{"@id":"https:\/\/www.msds-europe.com\/ro\/elaborarea-fds-introducere\/#breadcrumb"},"inLanguage":"ro-RO","potentialAction":[{"@type":"ReadAction","target":["https:\/\/www.msds-europe.com\/ro\/elaborarea-fds-introducere\/"]}]},{"@type":"BreadcrumbList","@id":"https:\/\/www.msds-europe.com\/ro\/elaborarea-fds-introducere\/#breadcrumb","itemListElement":[{"@type":"ListItem","position":1,"name":"F\u0151oldal","item":"https:\/\/www.msds-europe.com\/ro\/"},{"@type":"ListItem","position":2,"name":"Elaborarea fi\u0219elor cu date de securitate (FDS) \u2013 Partea 1"}]},{"@type":"WebSite","@id":"https:\/\/www.msds-europe.com\/es\/#website","url":"https:\/\/www.msds-europe.com\/es\/","name":"MSDS Europe","description":"","publisher":{"@id":"https:\/\/www.msds-europe.com\/es\/#organization"},"potentialAction":[{"@type":"SearchAction","target":{"@type":"EntryPoint","urlTemplate":"https:\/\/www.msds-europe.com\/es\/?s={search_term_string}"},"query-input":{"@type":"PropertyValueSpecification","valueRequired":true,"valueName":"search_term_string"}}],"inLanguage":"ro-RO"},{"@type":"Organization","@id":"https:\/\/www.msds-europe.com\/es\/#organization","name":"MSDS-Europe International branch of ToxInfo","url":"https:\/\/www.msds-europe.com\/es\/","logo":{"@type":"ImageObject","inLanguage":"ro-RO","@id":"https:\/\/www.msds-europe.com\/es\/#\/schema\/logo\/image\/","url":"https:\/\/www.msds-europe.com\/wp-content\/uploads\/2021\/04\/msds-europe-logo.jpg","contentUrl":"https:\/\/www.msds-europe.com\/wp-content\/uploads\/2021\/04\/msds-europe-logo.jpg","width":2296,"height":1067,"caption":"MSDS-Europe International branch of ToxInfo"},"image":{"@id":"https:\/\/www.msds-europe.com\/es\/#\/schema\/logo\/image\/"},"sameAs":["https:\/\/www.facebook.com\/toxinfokft\/","https:\/\/x.com\/ToxInfoKft"]}]}},"_links":{"self":[{"href":"https:\/\/www.msds-europe.com\/ro\/wp-json\/wp\/v2\/pages\/31093","targetHints":{"allow":["GET"]}}],"collection":[{"href":"https:\/\/www.msds-europe.com\/ro\/wp-json\/wp\/v2\/pages"}],"about":[{"href":"https:\/\/www.msds-europe.com\/ro\/wp-json\/wp\/v2\/types\/page"}],"author":[{"embeddable":true,"href":"https:\/\/www.msds-europe.com\/ro\/wp-json\/wp\/v2\/users\/2"}],"replies":[{"embeddable":true,"href":"https:\/\/www.msds-europe.com\/ro\/wp-json\/wp\/v2\/comments?post=31093"}],"version-history":[{"count":15,"href":"https:\/\/www.msds-europe.com\/ro\/wp-json\/wp\/v2\/pages\/31093\/revisions"}],"predecessor-version":[{"id":37834,"href":"https:\/\/www.msds-europe.com\/ro\/wp-json\/wp\/v2\/pages\/31093\/revisions\/37834"}],"wp:attachment":[{"href":"https:\/\/www.msds-europe.com\/ro\/wp-json\/wp\/v2\/media?parent=31093"}],"wp:term":[{"taxonomy":"post_tag","embeddable":true,"href":"https:\/\/www.msds-europe.com\/ro\/wp-json\/wp\/v2\/tags?post=31093"}],"curies":[{"name":"wp","href":"https:\/\/api.w.org\/{rel}","templated":true}]}}