{"id":24841,"date":"2021-03-03T10:55:34","date_gmt":"2021-03-03T10:55:34","guid":{"rendered":"https:\/\/www.msds-europe.com\/?page_id=24841"},"modified":"2026-02-19T10:27:49","modified_gmt":"2026-02-19T10:27:49","slug":"fisa-cu-date-de-securitate-contract","status":"publish","type":"page","link":"https:\/\/www.msds-europe.com\/ro\/fisa-cu-date-de-securitate-contract\/","title":{"rendered":"Cooperare pe termen lung \u00een Securitatea chimic\u0103"},"content":{"rendered":"<p style=\"text-align: right;\"><em><a href=\"https:\/\/www.msds-europe.com\/ro\/programul-de-asistenta-pentru-clienti\/\">Programul de asisten\u021b\u0103 pentru clien\u021bi MSDS-Europe<\/a> \u2013 angajament contractual<\/em><\/p>\n<p>&nbsp;<\/p>\n<p style=\"text-align: justify;\"><strong>Ca parte a <a href=\"https:\/\/www.msds-europe.com\/ro\/programul-de-asistenta-pentru-clienti\/\">Programului de asisten\u021b\u0103 pentru clien\u021bi MSDS-Europe<\/a>, am creat un acord contractual care poate oferi flexibilitatea necesar\u0103 \u0219i beneficii financiare pentru a r\u0103spunde cerin\u021belor pe termen lung.<\/strong><\/p>\n<p style=\"text-align: justify;\"><strong>\u00cen cazul contract\u0103rii, oferim reduceri cumulative pentru toate <a href=\"https:\/\/www.msds-europe.com\/ro\/fisa-cu-date-de-securitate-traductie\/\">fi\u0219ele cu date de securitate achizi\u021bionate<\/a> \u00eentr-o anumit\u0103 perioad\u0103 (lun\u0103 sau trimestru), cu plat\u0103 am\u00e2nat\u0103.<\/strong><\/p>\n<p>&nbsp;<\/p>\n<h2>Beneficii financiare<\/h2>\n<ul>\n<li>Reduceri cumulative de cantitate \u2013 reducere pentru \u00eentregul volum comandat \u00een trimestrul curent<\/li>\n<li>Plat\u0103 am\u00e2nat\u0103 \u2013 facturare lunar\u0103 sau trimestrial\u0103<\/li>\n<li>\u201eCreditare\u201d a cheltuielilor \u2013 plat\u0103 am\u00e2nat\u0103 (peste 90 de zile)<\/li>\n<li>Costuri de tranzac\u021bionare mai mici<\/li>\n<\/ul>\n<p>&nbsp;<\/p>\n<h2>Administrare simplificat\u0103<\/h2>\n<ul>\n<li>O singur\u0103 factur\u0103 care include toate comenzile din ultimele 3 luni<\/li>\n<li>Administrare redus\u0103, contabilitate mai u\u0219oar\u0103<\/li>\n<li>Proces de comand\u0103 accelerat<\/li>\n<\/ul>\n<p>&nbsp;<\/p>\n<h2 style=\"text-align: justify;\">Alte beneficii<\/h2>\n<p style=\"text-align: justify;\">Desigur, v\u0103 pute\u021bi bucura \u00een continuare de toate avantajele Statutului de Client Cheie, men\u021bionat anterior.<\/p>\n<p>&nbsp;<\/p>\n<h4 style=\"text-align: justify;\"><span style=\"color: #333333;\">Despre contract<\/span><\/h4>\n<ul>\n<li style=\"text-align: justify;\">Tipul contractului: contract-cadru de afaceri<\/li>\n<li style=\"text-align: justify;\">Durat\u0103 determinat\u0103, de obicei cu dat\u0103 de expirare pentru anul de referin\u021b\u0103<\/li>\n<li style=\"text-align: justify;\">Contractul-cadru nu implic\u0103 obliga\u021bii de comand\u0103<\/li>\n<li style=\"text-align: justify;\">Include facturare lunar\u0103 sau trimestrial\u0103<\/li>\n<\/ul>\n<p style=\"text-align: right;\"><em>Pentru a afla con\u021binutul, v\u0103 rug\u0103m s\u0103 contacta\u021bi <a href=\"https:\/\/www.msds-europe.com\/ro\/serviciul-pentru-clienti\/\">Serviciul pentru clien\u021bi<\/a> pentru proiectul de contract.<\/em><\/p>\n<p style=\"text-align: right;\"><a href=\"https:\/\/www.msds-europe.com\/ro\/serviciul-pentru-clienti\/\" class=\"su-button su-button-style-default\" style=\"color:#060606;background-color:#ffffff;border-color:#cccccc;border-radius:5px\" target=\"_self\"><span style=\"color:#060606;padding:0px 16px;font-size:13px;line-height:26px;border-color:#ffffff;border-radius:5px;text-shadow:none\"> Serviciul pentru clien\u021bi<\/span><\/a>\n<h2 style=\"text-align: justify;\">Programul de asisten\u021b\u0103 pentru clien\u021bi MSDS-Europe<\/h2>\n<p style=\"text-align: justify;\">\u00cen cazul contract\u0103rii, oferim o <a href=\"https:\/\/www.msds-europe.com\/ro\/programul-de-asistenta-pentru-clienti\/\">persoan\u0103 de contact dedicat\u0103<\/a> pentru a asigura o administrare f\u0103r\u0103 probleme \u0219i asisten\u021b\u0103 de cea mai \u00eenalt\u0103 calitate.<\/p>\n<p>&nbsp;<\/p>\n<h4><span style=\"color: #333333;\">Serviciile recomandate<\/span><\/h4>\n<ul>\n<li><a href=\"https:\/\/www.msds-europe.com\/ro\/fisa-cu-date-de-securitate-traductie\/\">Traducerea fi\u0219ei cu date de securitate<\/a> \u00een conformitate cu reglement\u0103rile din domeniul siguran\u021bei chimice<\/li>\n<li>Revizuirea \u0219i <a href=\"https:\/\/www.msds-europe.com\/ro\/revizuirea-actualizarea-fisei-cu-date-de-securitate\/\">actualizarea unei FDS<\/a> conform reglement\u0103rilor \u00een vigoare<\/li>\n<li>Elaborarea \u0219i <a href=\"https:\/\/www.msds-europe.com\/ro\/efisa-cu-date-de-securitate-elaborare-intocmire\/\">\u00eentocmirea unei fi\u0219e cu date de securitate<\/a><\/li>\n<li>\u00centocmirea unui proiect de <a href=\"https:\/\/www.msds-europe.com\/ro\/intocmire-proiect-de-eticheta\/\">etichet\u0103 CLP<\/a> pentru substan\u021be \u0219i amestecuri<\/li>\n<\/ul>\n<p>&nbsp;<\/p>\n","protected":false},"excerpt":{"rendered":"<p>Programul de asisten\u021b\u0103 pentru clien\u021bi MSDS-Europe \u2013 angajament contractual &nbsp; Ca parte a Programului de asisten\u021b\u0103 pentru clien\u021bi MSDS-Europe, am creat un acord contractual care poate oferi flexibilitatea necesar\u0103 \u0219i beneficii financiare pentru a r\u0103spunde cerin\u021belor pe termen lung. \u00cen cazul contract\u0103rii, oferim reduceri cumulative pentru toate fi\u0219ele cu date&#8230;<\/p>\n","protected":false},"author":2,"featured_media":0,"parent":0,"menu_order":0,"comment_status":"closed","ping_status":"closed","template":"","meta":{"_acf_changed":false,"footnotes":""},"tags":[],"class_list":["post-24841","page","type-page","status-publish","hentry"],"acf":[],"yoast_head":"<!-- This site is optimized with the Yoast SEO plugin v27.2 - https:\/\/yoast.com\/product\/yoast-seo-wordpress\/ -->\n<title>Cooperare pe termen lung \u00een Securitatea chimic\u0103<\/title>\n<meta name=\"description\" content=\"Traducerea fi\u015felor cu date de securitate sub forma unui angajament contractual. Facturare periodic\u0103, plat\u0103 am\u00e2nat\u0103\" \/>\n<meta name=\"robots\" content=\"index, follow, max-snippet:-1, max-image-preview:large, max-video-preview:-1\" \/>\n<link rel=\"canonical\" href=\"https:\/\/www.msds-europe.com\/ro\/fisa-cu-date-de-securitate-contract\/\" \/>\n<meta property=\"og:locale\" content=\"ro_RO\" \/>\n<meta property=\"og:type\" content=\"article\" \/>\n<meta property=\"og:title\" content=\"Cooperare pe termen lung \u00een Securitatea chimic\u0103\" \/>\n<meta property=\"og:description\" content=\"Traducerea fi\u015felor cu date de securitate sub forma unui angajament contractual. Facturare periodic\u0103, plat\u0103 am\u00e2nat\u0103\" \/>\n<meta property=\"og:url\" content=\"https:\/\/www.msds-europe.com\/ro\/fisa-cu-date-de-securitate-contract\/\" \/>\n<meta property=\"og:site_name\" content=\"MSDS Europe\" \/>\n<meta property=\"article:publisher\" content=\"https:\/\/www.facebook.com\/toxinfokft\/\" \/>\n<meta property=\"article:modified_time\" content=\"2026-02-19T10:27:49+00:00\" \/>\n<meta name=\"twitter:card\" content=\"summary_large_image\" \/>\n<meta name=\"twitter:site\" content=\"@ToxInfoKft\" \/>\n<meta name=\"twitter:label1\" content=\"Timp estimat pentru citire\" \/>\n\t<meta name=\"twitter:data1\" content=\"2 minute\" \/>\n<script type=\"application\/ld+json\" class=\"yoast-schema-graph\">{\"@context\":\"https:\/\/schema.org\",\"@graph\":[{\"@type\":\"WebPage\",\"@id\":\"https:\/\/www.msds-europe.com\/ro\/fisa-cu-date-de-securitate-contract\/\",\"url\":\"https:\/\/www.msds-europe.com\/ro\/fisa-cu-date-de-securitate-contract\/\",\"name\":\"Cooperare pe termen lung \u00een Securitatea chimic\u0103\",\"isPartOf\":{\"@id\":\"https:\/\/www.msds-europe.com\/es\/#website\"},\"datePublished\":\"2021-03-03T10:55:34+00:00\",\"dateModified\":\"2026-02-19T10:27:49+00:00\",\"description\":\"Traducerea fi\u015felor cu date de securitate sub forma unui angajament contractual. Facturare periodic\u0103, plat\u0103 am\u00e2nat\u0103\",\"breadcrumb\":{\"@id\":\"https:\/\/www.msds-europe.com\/ro\/fisa-cu-date-de-securitate-contract\/#breadcrumb\"},\"inLanguage\":\"ro-RO\",\"potentialAction\":[{\"@type\":\"ReadAction\",\"target\":[\"https:\/\/www.msds-europe.com\/ro\/fisa-cu-date-de-securitate-contract\/\"]}]},{\"@type\":\"BreadcrumbList\",\"@id\":\"https:\/\/www.msds-europe.com\/ro\/fisa-cu-date-de-securitate-contract\/#breadcrumb\",\"itemListElement\":[{\"@type\":\"ListItem\",\"position\":1,\"name\":\"F\u0151oldal\",\"item\":\"https:\/\/www.msds-europe.com\/ro\/\"},{\"@type\":\"ListItem\",\"position\":2,\"name\":\"Cooperare pe termen lung \u00een Securitatea chimic\u0103\"}]},{\"@type\":\"WebSite\",\"@id\":\"https:\/\/www.msds-europe.com\/es\/#website\",\"url\":\"https:\/\/www.msds-europe.com\/es\/\",\"name\":\"MSDS Europe\",\"description\":\"\",\"publisher\":{\"@id\":\"https:\/\/www.msds-europe.com\/es\/#organization\"},\"potentialAction\":[{\"@type\":\"SearchAction\",\"target\":{\"@type\":\"EntryPoint\",\"urlTemplate\":\"https:\/\/www.msds-europe.com\/es\/?s={search_term_string}\"},\"query-input\":{\"@type\":\"PropertyValueSpecification\",\"valueRequired\":true,\"valueName\":\"search_term_string\"}}],\"inLanguage\":\"ro-RO\"},{\"@type\":\"Organization\",\"@id\":\"https:\/\/www.msds-europe.com\/es\/#organization\",\"name\":\"MSDS-Europe International branch of ToxInfo\",\"url\":\"https:\/\/www.msds-europe.com\/es\/\",\"logo\":{\"@type\":\"ImageObject\",\"inLanguage\":\"ro-RO\",\"@id\":\"https:\/\/www.msds-europe.com\/es\/#\/schema\/logo\/image\/\",\"url\":\"https:\/\/www.msds-europe.com\/wp-content\/uploads\/2021\/04\/msds-europe-logo.jpg\",\"contentUrl\":\"https:\/\/www.msds-europe.com\/wp-content\/uploads\/2021\/04\/msds-europe-logo.jpg\",\"width\":2296,\"height\":1067,\"caption\":\"MSDS-Europe International branch of ToxInfo\"},\"image\":{\"@id\":\"https:\/\/www.msds-europe.com\/es\/#\/schema\/logo\/image\/\"},\"sameAs\":[\"https:\/\/www.facebook.com\/toxinfokft\/\",\"https:\/\/x.com\/ToxInfoKft\"]}]}<\/script>\n<!-- \/ Yoast SEO plugin. -->","yoast_head_json":{"title":"Cooperare pe termen lung \u00een Securitatea chimic\u0103","description":"Traducerea fi\u015felor cu date de securitate sub forma unui angajament contractual. Facturare periodic\u0103, plat\u0103 am\u00e2nat\u0103","robots":{"index":"index","follow":"follow","max-snippet":"max-snippet:-1","max-image-preview":"max-image-preview:large","max-video-preview":"max-video-preview:-1"},"canonical":"https:\/\/www.msds-europe.com\/ro\/fisa-cu-date-de-securitate-contract\/","og_locale":"ro_RO","og_type":"article","og_title":"Cooperare pe termen lung \u00een Securitatea chimic\u0103","og_description":"Traducerea fi\u015felor cu date de securitate sub forma unui angajament contractual. Facturare periodic\u0103, plat\u0103 am\u00e2nat\u0103","og_url":"https:\/\/www.msds-europe.com\/ro\/fisa-cu-date-de-securitate-contract\/","og_site_name":"MSDS Europe","article_publisher":"https:\/\/www.facebook.com\/toxinfokft\/","article_modified_time":"2026-02-19T10:27:49+00:00","twitter_card":"summary_large_image","twitter_site":"@ToxInfoKft","twitter_misc":{"Timp estimat pentru citire":"2 minute"},"schema":{"@context":"https:\/\/schema.org","@graph":[{"@type":"WebPage","@id":"https:\/\/www.msds-europe.com\/ro\/fisa-cu-date-de-securitate-contract\/","url":"https:\/\/www.msds-europe.com\/ro\/fisa-cu-date-de-securitate-contract\/","name":"Cooperare pe termen lung \u00een Securitatea chimic\u0103","isPartOf":{"@id":"https:\/\/www.msds-europe.com\/es\/#website"},"datePublished":"2021-03-03T10:55:34+00:00","dateModified":"2026-02-19T10:27:49+00:00","description":"Traducerea fi\u015felor cu date de securitate sub forma unui angajament contractual. Facturare periodic\u0103, plat\u0103 am\u00e2nat\u0103","breadcrumb":{"@id":"https:\/\/www.msds-europe.com\/ro\/fisa-cu-date-de-securitate-contract\/#breadcrumb"},"inLanguage":"ro-RO","potentialAction":[{"@type":"ReadAction","target":["https:\/\/www.msds-europe.com\/ro\/fisa-cu-date-de-securitate-contract\/"]}]},{"@type":"BreadcrumbList","@id":"https:\/\/www.msds-europe.com\/ro\/fisa-cu-date-de-securitate-contract\/#breadcrumb","itemListElement":[{"@type":"ListItem","position":1,"name":"F\u0151oldal","item":"https:\/\/www.msds-europe.com\/ro\/"},{"@type":"ListItem","position":2,"name":"Cooperare pe termen lung \u00een Securitatea chimic\u0103"}]},{"@type":"WebSite","@id":"https:\/\/www.msds-europe.com\/es\/#website","url":"https:\/\/www.msds-europe.com\/es\/","name":"MSDS Europe","description":"","publisher":{"@id":"https:\/\/www.msds-europe.com\/es\/#organization"},"potentialAction":[{"@type":"SearchAction","target":{"@type":"EntryPoint","urlTemplate":"https:\/\/www.msds-europe.com\/es\/?s={search_term_string}"},"query-input":{"@type":"PropertyValueSpecification","valueRequired":true,"valueName":"search_term_string"}}],"inLanguage":"ro-RO"},{"@type":"Organization","@id":"https:\/\/www.msds-europe.com\/es\/#organization","name":"MSDS-Europe International branch of ToxInfo","url":"https:\/\/www.msds-europe.com\/es\/","logo":{"@type":"ImageObject","inLanguage":"ro-RO","@id":"https:\/\/www.msds-europe.com\/es\/#\/schema\/logo\/image\/","url":"https:\/\/www.msds-europe.com\/wp-content\/uploads\/2021\/04\/msds-europe-logo.jpg","contentUrl":"https:\/\/www.msds-europe.com\/wp-content\/uploads\/2021\/04\/msds-europe-logo.jpg","width":2296,"height":1067,"caption":"MSDS-Europe International branch of ToxInfo"},"image":{"@id":"https:\/\/www.msds-europe.com\/es\/#\/schema\/logo\/image\/"},"sameAs":["https:\/\/www.facebook.com\/toxinfokft\/","https:\/\/x.com\/ToxInfoKft"]}]}},"_links":{"self":[{"href":"https:\/\/www.msds-europe.com\/ro\/wp-json\/wp\/v2\/pages\/24841","targetHints":{"allow":["GET"]}}],"collection":[{"href":"https:\/\/www.msds-europe.com\/ro\/wp-json\/wp\/v2\/pages"}],"about":[{"href":"https:\/\/www.msds-europe.com\/ro\/wp-json\/wp\/v2\/types\/page"}],"author":[{"embeddable":true,"href":"https:\/\/www.msds-europe.com\/ro\/wp-json\/wp\/v2\/users\/2"}],"replies":[{"embeddable":true,"href":"https:\/\/www.msds-europe.com\/ro\/wp-json\/wp\/v2\/comments?post=24841"}],"version-history":[{"count":4,"href":"https:\/\/www.msds-europe.com\/ro\/wp-json\/wp\/v2\/pages\/24841\/revisions"}],"predecessor-version":[{"id":37186,"href":"https:\/\/www.msds-europe.com\/ro\/wp-json\/wp\/v2\/pages\/24841\/revisions\/37186"}],"wp:attachment":[{"href":"https:\/\/www.msds-europe.com\/ro\/wp-json\/wp\/v2\/media?parent=24841"}],"wp:term":[{"taxonomy":"post_tag","embeddable":true,"href":"https:\/\/www.msds-europe.com\/ro\/wp-json\/wp\/v2\/tags?post=24841"}],"curies":[{"name":"wp","href":"https:\/\/api.w.org\/{rel}","templated":true}]}}