{"id":6005,"date":"2018-06-25T15:49:41","date_gmt":"2018-06-25T15:49:41","guid":{"rendered":"http:\/\/www.msds-europe.com\/obowiazki-dystrybutorow-produktow-kosmetycznych\/"},"modified":"2018-07-04T07:02:59","modified_gmt":"2018-07-04T07:02:59","slug":"obowiazki-dystrybutorow-produktow-kosmetycznych","status":"publish","type":"page","link":"https:\/\/www.msds-europe.com\/pl\/obowiazki-dystrybutorow-produktow-kosmetycznych\/","title":{"rendered":"Obowi\u0105zki dystrybutor\u00f3w produkt\u00f3w kosmetycznych"},"content":{"rendered":"<p style=\"text-align: right;\"><em><a href=\"http:\/\/www.msds-europe.com\/pl\/produkty-kosmetyczne\/\">Baza wiedzy o produktach kosmetycznych<\/a>\u00a0\u2013\u00a0Obowi\u0105zki dystrybutor\u00f3w produkt\u00f3w kosmetycznych<\/em><\/p>\n<p>&nbsp;<\/p>\n<h2 style=\"text-align: justify;\"><span style=\"color: #333333;\">Podstawowe zasady zrozumienia odpowiedzialno\u015bci dystrybutor\u00f3w produkt\u00f3w kosmetycznych<\/span><\/h2>\n<p style=\"text-align: justify;\">Je\u015bli dystrybutor uzna lub ma pow\u00f3d wierzy\u0107, \u017ce produkt kosmetyczny nie spe\u0142nia <a href=\"http:\/\/www.msds-europe.com\/pl\/zmiany-przepisow-bezpieczenstwa-chemicznego\/\">Rozporz\u0105dzenia (WE) nr 1223\/2009<\/a>, musi natychmiast podj\u0105\u0107 dzia\u0142ania naprawcze, konieczne do przywr\u00f3cenia zgodno\u015bci produktu, wycofa\u0107 go, je\u017celi zajdzie taka potrzeba.<\/p>\n<p style=\"text-align: justify;\">Ponadto w sytuacji, gdzie produkt kosmetyczny stwarza zagro\u017cenie dla zdrowia ludzi, osoby odpowiedzialne musz\u0105 natychmiast poinformowa\u0107 odpowiednie w\u0142adze krajowe kraju cz\u0142onkowskiego, w kt\u00f3rych produkt by\u0142 dost\u0119pny, i kraju cz\u0142onkowskiego, w kt\u00f3rym akta z informacjami o produkcie s\u0105 \u0142atwo dost\u0119pne, podaj\u0105c szczeg\u00f3\u0142y, a w szczeg\u00f3lno\u015bci o niezgodno\u015bci i o podj\u0119tych dzia\u0142aniach naprawczych.<\/p>\n<p>&nbsp;<\/p>\n<h2 style=\"text-align: justify;\">Dystrybutor<\/h2>\n<p style=\"text-align: justify;\">Oznacza ka\u017cd\u0105 osob\u0119 fizyczn\u0105 lub prawn\u0105 w \u0142a\u0144cuchu dostaw, nieb\u0119d\u0105c\u0105 producentem ani importerem, kt\u00f3ra udost\u0119pnia produkt kosmetyczny na rynku Wsp\u00f3lnoty.<\/p>\n<p style=\"text-align: justify;\">Nie uznaje si\u0119 za dystrybutora podmiotu, kt\u00f3ry wprowadza produkt kosmetyczny pod w\u0142asn\u0105 nazw\u0105 lub znakiem towarowym na rynek, lub zmienia produkt obecny ju\u017c na rynku w taki spos\u00f3b, kt\u00f3ry mo\u017ce wp\u0142yn\u0105\u0107 na zgodno\u015b\u0107 z wymogami dla danego produktu, jak w tym przypadku, jest on uwa\u017cany za osob\u0119 odpowiedzialn\u0105.<\/p>\n<p style=\"text-align: justify;\">Na rynek mog\u0105 by\u0107 wprowadzone jedynie produkty kosmetyczne posiadaj\u0105ce ocen\u0119 bezpiecze\u0144stwa, dokumentacj\u0119 produktu i oznaczenia zgodnie z rozporz\u0105dzenie 1223\/2009\/WE oraz kt\u00f3re zosta\u0142y wyprodukowane zgodnie z dobrymi praktykami produkcyjnymi.<\/p>\n<p style=\"text-align: justify;\">Od 11 lipca 2013 roku Rozporz\u0105dzenie (WE) nr 1223\/2009 obowi\u0105zuje cz\u0142onk\u00f3w Wsp\u00f3lnoty Europejskiej i cz\u0142onk\u00f3w Europejskiego Stowarzyszenia Wolnego Handlu (EFTA) \u2013 Norwegia, Szwajcaria, Islandia, Liechtenstein.<\/p>\n<p>&nbsp;<\/p>\n<h2 style=\"text-align: justify;\">Zobowi\u0105zania dystrybutor\u00f3w<\/h2>\n<p style=\"text-align: justify;\">1.\u00a0<strong>Obowi\u0105zek sprawdzenia przez dystrybutora:<\/strong><\/p>\n<ul>\n<li style=\"text-align: justify;\">czy wymagane informacje na etykiecie znajduj\u0105 si\u0119 na produkcie<\/li>\n<li style=\"text-align: justify;\">nazwisko osoby odpowiedzialnej lub nazwa i adres zarejestrowanej sp\u00f3\u0142ki<\/li>\n<li style=\"text-align: justify;\">numer serii lub numer identyfikacyjny produktu kosmetycznego<\/li>\n<li style=\"text-align: justify;\">lista sk\u0142adnik\u00f3w na pojemniku lub opakowaniu, lub zawarta w dostarczonym materiale informacyjnym<\/li>\n<\/ul>\n<p style=\"text-align: justify;\">2. Je\u017celi wyznaczone wymagania j\u0119zykowe s\u0105 spe\u0142nione \u2013 informacja musi by\u0107 podana w formie pisemnej w oficjalnym j\u0119zyku kraju, na kt\u00f3rego rynek zostanie wprowadzony produkt ko\u0144cowy<\/p>\n<p style=\"text-align: justify;\">3. Konieczne jest sprawdzenie czy okre\u015blony okres przechowywania jeszcze nie up\u0142yn\u0105\u0142.<\/p>\n<p>&nbsp;<\/p>\n<h2 style=\"text-align: justify;\">Elementy oznakowania<\/h2>\n<p style=\"text-align: justify;\">Na rynku udost\u0119pniane s\u0105 wy\u0142\u0105cznie produkty kosmetyczne, na kt\u00f3rych pojemnikach i\u00a0opakowaniach zewn\u0119trzych znajduj\u0105 si\u0119 nast\u0119puj\u0105ce, nieusuwalne, \u0142atwe do odczytania i\u00a0 widoczne informacje:<\/p>\n<p style=\"text-align: justify;\">1. Imi\u0119 i\u00a0nazwisko lub zarejestrowana firma oraz\u00a0adres osoby odpowiedzialnej. W\u00a0przypadku importowanych produkt\u00f3w kosmetycznych podaje si\u0119 nazw\u0119 kraju pochodzenia.<\/p>\n<p style=\"text-align: justify;\">2. nominalna zawarto\u015b\u0107 w\u00a0momencie pakowania, wyra\u017cona w\u00a0jednostkach masy lub obj\u0119to\u015bci (z\u00a0wyj\u0105tkiem: opakowa\u0144 zawieraj\u0105cych mniej ni\u017c pi\u0119\u0107 gram\u00f3w lub mniej ni\u017c pi\u0119\u0107 mililitr\u00f3w, bezp\u0142atnych pr\u00f3bek i\u00a0produkt\u00f3w w\u00a0opakowaniach jednorazowego u\u017cycia)<\/p>\n<p style=\"text-align: justify;\">3. Data minimalnej trwa\u0142o\u015bci<\/p>\n<p style=\"text-align: justify;\">a, podan\u0105 dat\u0119 minimalnej przydatno\u015bci produkt\u00f3w kosmetycznych z minimalnym okresem przydatno\u015bci kr\u00f3tszym ni\u017c 30 dni.<\/p>\n<p style=\"text-align: justify;\">Odpowiedni format: po dacie przydatno\u015bci musi znajdowa\u0107 si\u0119 wyra\u017any symbol lub s\u0142owa \u201enajlepiej zu\u017cy\u0107 przed ko\u0144cem\u201d i musi sk\u0142ada\u0107 si\u0119 z miesi\u0105ca i roku lub dnia, miesi\u0105ca i roku, w tej kolejno\u015bci.<\/p>\n<p style=\"text-align: justify;\">b, w przypadku produkt\u00f3w kosmetycznych o\u00a0minimalnej trwa\u0142o\u015bci d\u0142u\u017cszej ni\u017c 30 miesi\u0119c,\u00a0 produkty takie zawieraj\u0105 informacj\u0119 o\u00a0okresie, w\u00a0jakim po otwarciu pojemnika, produkt jest bezpieczny i\u00a0mo\u017ce by\u0107 stosowany bez szkody dla konsumenta.\u00a0 Po symbolu minimalnej przydatno\u015bci znajduje si\u0119 czas podany w miesi\u0105cach i\/lub latach, wym\u00f3g ten nie powinien mie\u0107 zastosowania, gdy poj\u0119cie trwa\u0142o\u015bci po otwarciu nie ma zastosowania, to znaczy w przypadku produkt\u00f3w jednorazowego u\u017cytku, produkt\u00f3w, dla kt\u00f3rych nie istnieje ryzyko zepsucia lub produkt\u00f3w, kt\u00f3rych si\u0119 nie otwiera.<\/p>\n<p style=\"text-align: justify;\">4. Szczeg\u00f3lne \u015brodki ostro\u017cno\u015bci, kt\u00f3rych nale\u017cy przestrzega\u0107 podczas stosowani.<\/p>\n<p style=\"text-align: justify;\">5. Numer partii produktu lub oznaczenia pozwalaj\u0105ce na identyfikacj\u0119 produktu kosmetycznego.<\/p>\n<p style=\"text-align: justify;\">6. Funkcja produktu kosmetycznego, chyba \u017ce jednoznacznie wynika ona z\u00a0jego prezentacji.<\/p>\n<p style=\"text-align: justify;\">7. Lista sk\u0142adnik\u00f3w zgodnie z Mi\u0119dzynarodowym Nazewnictwem Sk\u0142adnik\u00f3w Kosmetycznych (INCI). Ta informacja powinna by\u0107 umieszczona wy\u0142\u0105cznie na opakowaniu zewn\u0119trznym (je\u015bli dotyczy).<\/p>\n<p style=\"text-align: justify;\">Informacje na etykiecie musz\u0105 by\u0107 dost\u0119pne w j\u0119zyku urz\u0119dowym pa\u0144stwa cz\u0142onkowskiego, w kt\u00f3rym produkt jest dystrybuowany do u\u017cytkownik\u00f3w ko\u0144cowych (wyj\u0105tek: \u201eSk\u0142adniki\u201d).<\/p>\n<p style=\"text-align: justify;\">Je\u015bli nie ma mo\u017cliwo\u015bci wskazania wymienionych informacji na etykiecie z przyczyn praktycznych, informacje musz\u0105 by\u0107 podane na ulotce, etykiecie, ta\u015bmie lub karcie do\u0142\u0105czonej lub zamocowanej do produktu.<\/p>\n<p style=\"text-align: justify;\"><strong>Oferowane us\u0142ugi:<\/strong>\u00a0<a href=\"http:\/\/www.msds-europe.com\/pl\/tworzenie-tlumaczenie-projektu-etykiety-dla-produktow-kosmetycznych\/\">Tworzenie t\u0142umaczenie projektu etykiety dla produkt\u00f3w kosmetycznych<\/a><\/p>\n<p>&nbsp;<\/p>\n<h2 style=\"text-align: justify;\">Notyfikacja produktu znajduj\u0105cego si\u0119 ju\u017c na rynku<\/h2>\n<p style=\"text-align: justify;\">Dystrybutor, kt\u00f3ry udost\u0119pniaj\u0105 w pa\u0144stwie cz\u0142onkowskim produkt kosmetyczny wprowadzony ju\u017c do obrotu w innym pa\u0144stwie cz\u0142onkowskimi t\u0142umaczy, z w\u0142asnej inicjatywy, w celu zapewnienia zgodno\u015bciz prawem krajowym dowolny fragment oznakowania tego produktu, drog\u0105 elektroniczn\u0105 przedk\u0142ada Komisji (<a href=\"http:\/\/www.msds-europe.com\/pl\/usluga-notyfikacji-cpnp\/\">CPNP<\/a>) informacje.<\/p>\n<p style=\"text-align: justify;\"><strong>Do z\u0142o\u017cenia zawiadomienia potrzebne s\u0105 nast\u0119puj\u0105ce informacje:<\/strong><\/p>\n<ul>\n<li style=\"text-align: justify;\">imi\u0119 i\u00a0nazwisko (firm\u0119) osoby odpowiedzialnej oraz jej adres, pod kt\u00f3rym udost\u0119pniana jest dokumentacja produktu;<\/li>\n<li style=\"text-align: justify;\">kategoria produktu kosmetycznego, jego nazwa w pa\u0144stwie cz\u0142onkowskim wysy\u0142ki i jego nazwa w pa\u0144stwie cz\u0142onkowski, w kt\u00f3rym jest on dost\u0119pny, umo\u017cliwiaj\u0105c dok\u0142adn\u0105 identyfikacj\u0119.<\/li>\n<li style=\"text-align: justify;\">nazwa pa\u0144stwa cz\u0142onkowskiego, w kt\u00f3rym produkt kosmetyczny jest obecny na rynku;<\/li>\n<li style=\"text-align: justify;\">nazwa i adres dystrybutora<\/li>\n<\/ul>\n<p style=\"text-align: justify;\">Gdy jakakolwiek informacje ulegnie zmianie, dystrybutor lub osoba odpowiedzialna musi zapewni\u0107 aktualizacj\u0119 bez zb\u0119dnej zw\u0142oki za pomoc\u0105 <a href=\"http:\/\/www.msds-europe.com\/pl\/usluga-notyfikacji-cpnp\/\">CPNP<\/a>.<\/p>\n<p>&nbsp;<\/p>\n<h3 style=\"text-align: justify;\"><span style=\"color: #333333;\">Powi\u0105zane profesjonalne materia\u0142y<\/span><\/h3>\n<ul>\n<li style=\"text-align: justify;\"><a href=\"http:\/\/www.msds-europe.com\/pl\/obowiazki-osoby-odpowiedzialnej\/\">Obowi\u0105zki osoby odpowiedzialnej<\/a><\/li>\n<\/ul>\n<p>&nbsp;<\/p>\n<h3 style=\"text-align: justify;\"><span style=\"color: #333333;\">Oferowane us\u0142ugi<\/span><\/h3>\n<ul>\n<li><a href=\"http:\/\/www.msds-europe.com\/pl\/usluga-notyfikacji-cpnp\/\">Nasza us\u0142uga notyfikacji CPNP dla produkt\u00f3w kosmetycznych<\/a><\/li>\n<li><a href=\"http:\/\/www.msds-europe.com\/pl\/tworzenie-tlumaczenie-projektu-etykiety-dla-produktow-kosmetycznych\/\">Nasza us\u0142uga tworzenia i t\u0142umaczenia projektu etykiet dla produkt\u00f3w kosmetycznych<\/a><\/li>\n<li><a href=\"http:\/\/www.msds-europe.com\/pl\/tworzenie-oceny-zagrozen-dla-kosmetykow\/\">Nasza us\u0142uga przygotowania oceny bezpiecze\u0144stwa dla produkt\u00f3w kosmetycznych<\/a><\/li>\n<\/ul>\n<p>&nbsp;<\/p>\n","protected":false},"excerpt":{"rendered":"<p>Kr\u00f3tkie podsumowanie zobowi\u0105za\u0144 dystrybutor\u00f3w produkt\u00f3w kosmetycznych.<\/p>\n","protected":false},"author":2,"featured_media":0,"parent":0,"menu_order":0,"comment_status":"closed","ping_status":"closed","template":"","meta":{"_acf_changed":false,"footnotes":""},"tags":[308,284],"class_list":["post-6005","page","type-page","status-publish","hentry","tag-baza-wiedzy-o-produktach-kosmetycznych","tag-kosmetyki"],"acf":[],"yoast_head":"<!-- This site is optimized with the Yoast SEO plugin v27.2 - https:\/\/yoast.com\/product\/yoast-seo-wordpress\/ -->\n<title>Zobowi\u0105zania prawne dystrybutor\u00f3w produkt\u00f3w kosmetycznych<\/title>\n<meta name=\"description\" content=\"Podsumowanie niezb\u0119dnych ustawie\u0144 i zada\u0144, kt\u00f3re nale\u017cy wykona\u0107 przed wprowadzeniem produkt\u00f3w kosmetycznych na rynek. Zobowi\u0105zania dystrybutor\u00f3w produkt\u00f3w kosmetycznych w skr\u00f3cie.\" \/>\n<meta name=\"robots\" content=\"index, follow, max-snippet:-1, max-image-preview:large, max-video-preview:-1\" \/>\n<link rel=\"canonical\" href=\"https:\/\/www.msds-europe.com\/pl\/obowiazki-dystrybutorow-produktow-kosmetycznych\/\" \/>\n<meta property=\"og:locale\" content=\"pl_PL\" \/>\n<meta property=\"og:type\" content=\"article\" \/>\n<meta property=\"og:title\" content=\"Zobowi\u0105zania prawne dystrybutor\u00f3w produkt\u00f3w kosmetycznych\" \/>\n<meta property=\"og:description\" content=\"Podsumowanie niezb\u0119dnych ustawie\u0144 i zada\u0144, kt\u00f3re nale\u017cy wykona\u0107 przed wprowadzeniem produkt\u00f3w kosmetycznych na rynek. Zobowi\u0105zania dystrybutor\u00f3w produkt\u00f3w kosmetycznych w skr\u00f3cie.\" \/>\n<meta property=\"og:url\" content=\"https:\/\/www.msds-europe.com\/pl\/obowiazki-dystrybutorow-produktow-kosmetycznych\/\" \/>\n<meta property=\"og:site_name\" content=\"MSDS Europe\" \/>\n<meta property=\"article:publisher\" content=\"https:\/\/www.facebook.com\/toxinfokft\/\" \/>\n<meta property=\"article:modified_time\" content=\"2018-07-04T07:02:59+00:00\" \/>\n<meta name=\"twitter:card\" content=\"summary_large_image\" \/>\n<meta name=\"twitter:site\" content=\"@ToxInfoKft\" \/>\n<meta name=\"twitter:label1\" content=\"Szacowany czas czytania\" \/>\n\t<meta name=\"twitter:data1\" content=\"5 minut\" \/>\n<script type=\"application\/ld+json\" class=\"yoast-schema-graph\">{\"@context\":\"https:\/\/schema.org\",\"@graph\":[{\"@type\":\"WebPage\",\"@id\":\"https:\/\/www.msds-europe.com\/pl\/obowiazki-dystrybutorow-produktow-kosmetycznych\/\",\"url\":\"https:\/\/www.msds-europe.com\/pl\/obowiazki-dystrybutorow-produktow-kosmetycznych\/\",\"name\":\"Zobowi\u0105zania prawne dystrybutor\u00f3w produkt\u00f3w kosmetycznych\",\"isPartOf\":{\"@id\":\"https:\/\/www.msds-europe.com\/es\/#website\"},\"datePublished\":\"2018-06-25T15:49:41+00:00\",\"dateModified\":\"2018-07-04T07:02:59+00:00\",\"description\":\"Podsumowanie niezb\u0119dnych ustawie\u0144 i zada\u0144, kt\u00f3re nale\u017cy wykona\u0107 przed wprowadzeniem produkt\u00f3w kosmetycznych na rynek. Zobowi\u0105zania dystrybutor\u00f3w produkt\u00f3w kosmetycznych w skr\u00f3cie.\",\"breadcrumb\":{\"@id\":\"https:\/\/www.msds-europe.com\/pl\/obowiazki-dystrybutorow-produktow-kosmetycznych\/#breadcrumb\"},\"inLanguage\":\"pl-PL\",\"potentialAction\":[{\"@type\":\"ReadAction\",\"target\":[\"https:\/\/www.msds-europe.com\/pl\/obowiazki-dystrybutorow-produktow-kosmetycznych\/\"]}]},{\"@type\":\"BreadcrumbList\",\"@id\":\"https:\/\/www.msds-europe.com\/pl\/obowiazki-dystrybutorow-produktow-kosmetycznych\/#breadcrumb\",\"itemListElement\":[{\"@type\":\"ListItem\",\"position\":1,\"name\":\"F\u0151oldal\",\"item\":\"https:\/\/www.msds-europe.com\/pl\/\"},{\"@type\":\"ListItem\",\"position\":2,\"name\":\"Obowi\u0105zki dystrybutor\u00f3w produkt\u00f3w kosmetycznych\"}]},{\"@type\":\"WebSite\",\"@id\":\"https:\/\/www.msds-europe.com\/es\/#website\",\"url\":\"https:\/\/www.msds-europe.com\/es\/\",\"name\":\"MSDS Europe\",\"description\":\"\",\"publisher\":{\"@id\":\"https:\/\/www.msds-europe.com\/es\/#organization\"},\"potentialAction\":[{\"@type\":\"SearchAction\",\"target\":{\"@type\":\"EntryPoint\",\"urlTemplate\":\"https:\/\/www.msds-europe.com\/es\/?s={search_term_string}\"},\"query-input\":{\"@type\":\"PropertyValueSpecification\",\"valueRequired\":true,\"valueName\":\"search_term_string\"}}],\"inLanguage\":\"pl-PL\"},{\"@type\":\"Organization\",\"@id\":\"https:\/\/www.msds-europe.com\/es\/#organization\",\"name\":\"MSDS-Europe International branch of ToxInfo\",\"url\":\"https:\/\/www.msds-europe.com\/es\/\",\"logo\":{\"@type\":\"ImageObject\",\"inLanguage\":\"pl-PL\",\"@id\":\"https:\/\/www.msds-europe.com\/es\/#\/schema\/logo\/image\/\",\"url\":\"https:\/\/www.msds-europe.com\/wp-content\/uploads\/2021\/04\/msds-europe-logo.jpg\",\"contentUrl\":\"https:\/\/www.msds-europe.com\/wp-content\/uploads\/2021\/04\/msds-europe-logo.jpg\",\"width\":2296,\"height\":1067,\"caption\":\"MSDS-Europe International branch of ToxInfo\"},\"image\":{\"@id\":\"https:\/\/www.msds-europe.com\/es\/#\/schema\/logo\/image\/\"},\"sameAs\":[\"https:\/\/www.facebook.com\/toxinfokft\/\",\"https:\/\/x.com\/ToxInfoKft\"]}]}<\/script>\n<!-- \/ Yoast SEO plugin. -->","yoast_head_json":{"title":"Zobowi\u0105zania prawne dystrybutor\u00f3w produkt\u00f3w kosmetycznych","description":"Podsumowanie niezb\u0119dnych ustawie\u0144 i zada\u0144, kt\u00f3re nale\u017cy wykona\u0107 przed wprowadzeniem produkt\u00f3w kosmetycznych na rynek. Zobowi\u0105zania dystrybutor\u00f3w produkt\u00f3w kosmetycznych w skr\u00f3cie.","robots":{"index":"index","follow":"follow","max-snippet":"max-snippet:-1","max-image-preview":"max-image-preview:large","max-video-preview":"max-video-preview:-1"},"canonical":"https:\/\/www.msds-europe.com\/pl\/obowiazki-dystrybutorow-produktow-kosmetycznych\/","og_locale":"pl_PL","og_type":"article","og_title":"Zobowi\u0105zania prawne dystrybutor\u00f3w produkt\u00f3w kosmetycznych","og_description":"Podsumowanie niezb\u0119dnych ustawie\u0144 i zada\u0144, kt\u00f3re nale\u017cy wykona\u0107 przed wprowadzeniem produkt\u00f3w kosmetycznych na rynek. Zobowi\u0105zania dystrybutor\u00f3w produkt\u00f3w kosmetycznych w skr\u00f3cie.","og_url":"https:\/\/www.msds-europe.com\/pl\/obowiazki-dystrybutorow-produktow-kosmetycznych\/","og_site_name":"MSDS Europe","article_publisher":"https:\/\/www.facebook.com\/toxinfokft\/","article_modified_time":"2018-07-04T07:02:59+00:00","twitter_card":"summary_large_image","twitter_site":"@ToxInfoKft","twitter_misc":{"Szacowany czas czytania":"5 minut"},"schema":{"@context":"https:\/\/schema.org","@graph":[{"@type":"WebPage","@id":"https:\/\/www.msds-europe.com\/pl\/obowiazki-dystrybutorow-produktow-kosmetycznych\/","url":"https:\/\/www.msds-europe.com\/pl\/obowiazki-dystrybutorow-produktow-kosmetycznych\/","name":"Zobowi\u0105zania prawne dystrybutor\u00f3w produkt\u00f3w kosmetycznych","isPartOf":{"@id":"https:\/\/www.msds-europe.com\/es\/#website"},"datePublished":"2018-06-25T15:49:41+00:00","dateModified":"2018-07-04T07:02:59+00:00","description":"Podsumowanie niezb\u0119dnych ustawie\u0144 i zada\u0144, kt\u00f3re nale\u017cy wykona\u0107 przed wprowadzeniem produkt\u00f3w kosmetycznych na rynek. Zobowi\u0105zania dystrybutor\u00f3w produkt\u00f3w kosmetycznych w skr\u00f3cie.","breadcrumb":{"@id":"https:\/\/www.msds-europe.com\/pl\/obowiazki-dystrybutorow-produktow-kosmetycznych\/#breadcrumb"},"inLanguage":"pl-PL","potentialAction":[{"@type":"ReadAction","target":["https:\/\/www.msds-europe.com\/pl\/obowiazki-dystrybutorow-produktow-kosmetycznych\/"]}]},{"@type":"BreadcrumbList","@id":"https:\/\/www.msds-europe.com\/pl\/obowiazki-dystrybutorow-produktow-kosmetycznych\/#breadcrumb","itemListElement":[{"@type":"ListItem","position":1,"name":"F\u0151oldal","item":"https:\/\/www.msds-europe.com\/pl\/"},{"@type":"ListItem","position":2,"name":"Obowi\u0105zki dystrybutor\u00f3w produkt\u00f3w kosmetycznych"}]},{"@type":"WebSite","@id":"https:\/\/www.msds-europe.com\/es\/#website","url":"https:\/\/www.msds-europe.com\/es\/","name":"MSDS Europe","description":"","publisher":{"@id":"https:\/\/www.msds-europe.com\/es\/#organization"},"potentialAction":[{"@type":"SearchAction","target":{"@type":"EntryPoint","urlTemplate":"https:\/\/www.msds-europe.com\/es\/?s={search_term_string}"},"query-input":{"@type":"PropertyValueSpecification","valueRequired":true,"valueName":"search_term_string"}}],"inLanguage":"pl-PL"},{"@type":"Organization","@id":"https:\/\/www.msds-europe.com\/es\/#organization","name":"MSDS-Europe International branch of ToxInfo","url":"https:\/\/www.msds-europe.com\/es\/","logo":{"@type":"ImageObject","inLanguage":"pl-PL","@id":"https:\/\/www.msds-europe.com\/es\/#\/schema\/logo\/image\/","url":"https:\/\/www.msds-europe.com\/wp-content\/uploads\/2021\/04\/msds-europe-logo.jpg","contentUrl":"https:\/\/www.msds-europe.com\/wp-content\/uploads\/2021\/04\/msds-europe-logo.jpg","width":2296,"height":1067,"caption":"MSDS-Europe International branch of ToxInfo"},"image":{"@id":"https:\/\/www.msds-europe.com\/es\/#\/schema\/logo\/image\/"},"sameAs":["https:\/\/www.facebook.com\/toxinfokft\/","https:\/\/x.com\/ToxInfoKft"]}]}},"_links":{"self":[{"href":"https:\/\/www.msds-europe.com\/pl\/wp-json\/wp\/v2\/pages\/6005","targetHints":{"allow":["GET"]}}],"collection":[{"href":"https:\/\/www.msds-europe.com\/pl\/wp-json\/wp\/v2\/pages"}],"about":[{"href":"https:\/\/www.msds-europe.com\/pl\/wp-json\/wp\/v2\/types\/page"}],"author":[{"embeddable":true,"href":"https:\/\/www.msds-europe.com\/pl\/wp-json\/wp\/v2\/users\/2"}],"replies":[{"embeddable":true,"href":"https:\/\/www.msds-europe.com\/pl\/wp-json\/wp\/v2\/comments?post=6005"}],"version-history":[{"count":4,"href":"https:\/\/www.msds-europe.com\/pl\/wp-json\/wp\/v2\/pages\/6005\/revisions"}],"predecessor-version":[{"id":7303,"href":"https:\/\/www.msds-europe.com\/pl\/wp-json\/wp\/v2\/pages\/6005\/revisions\/7303"}],"wp:attachment":[{"href":"https:\/\/www.msds-europe.com\/pl\/wp-json\/wp\/v2\/media?parent=6005"}],"wp:term":[{"taxonomy":"post_tag","embeddable":true,"href":"https:\/\/www.msds-europe.com\/pl\/wp-json\/wp\/v2\/tags?post=6005"}],"curies":[{"name":"wp","href":"https:\/\/api.w.org\/{rel}","templated":true}]}}