{"id":5956,"date":"2018-06-25T13:34:42","date_gmt":"2018-06-25T13:34:42","guid":{"rendered":"http:\/\/www.msds-europe.com\/obowiazki-osoby-odpowiedzialnej\/"},"modified":"2018-07-04T07:02:50","modified_gmt":"2018-07-04T07:02:50","slug":"obowiazki-osoby-odpowiedzialnej","status":"publish","type":"page","link":"https:\/\/www.msds-europe.com\/pl\/obowiazki-osoby-odpowiedzialnej\/","title":{"rendered":"Obowi\u0105zki osoby odpowiedzialnej"},"content":{"rendered":"<p style=\"text-align: right;\"><em><a href=\"http:\/\/www.msds-europe.com\/pl\/produkty-kosmetyczne\/\">Baza wiedzy o produktach kosmetycznych<\/a>\u00a0\u2013\u00a0Obowi\u0105zki osoby odpowiedzialnej<\/em><\/p>\n<p>&nbsp;<\/p>\n<p style=\"text-align: justify;\">Zgodnie z <a href=\"http:\/\/www.msds-europe.com\/pl\/zmiany-przepisow-bezpieczenstwa-chemicznego\/\">Rozporz\u0105dzeniem (WE) nr 1223\/2009<\/a>, wyr\u00f3\u017cniamy dw\u00f3ch g\u0142\u00f3wnych uczestnik\u00f3w, kt\u00f3rych obowi\u0105zki i odpowiedzialno\u015b\u0107 s\u0105 r\u00f3\u017cne, z tego powodu w pierwszej kolejno\u015bci kluczowe znaczenie ma okre\u015blenie, do kt\u00f3rej kategorii nale\u017cy nasza firma.<\/p>\n<p>&nbsp;<\/p>\n<h2>Osoba odpowiedzialna<\/h2>\n<p style=\"text-align: justify;\">W wypadku produktu kosmetycznego wyprodukowanego we Wsp\u00f3lnocie, kt\u00f3ry nie podlega eksportowi i importowi do Wsp\u00f3lnoty, osob\u0105 odpowiedzialn\u0105 jest producent maj\u0105cy siedzib\u0119 na terenie Wsp\u00f3lnoty.<\/p>\n<p style=\"text-align: justify;\">W przypadku importowanych produkt\u00f3w kosmetycznych ka\u017cdy importer powinien by\u0107 osob\u0105 odpowiedzialn\u0105 dla okre\u015blonego produktu kosmetycznego, kt\u00f3ry wprowadza na rynek.\u00a0 Importer mo\u017ce wyznaczy\u0107 osob\u0119 maj\u0105c\u0105 siedzib\u0119 na terenie Wsp\u00f3lnoty na osob\u0119 odpowiedzialn\u0105, udzielaj\u0105c jej pisemnego upowa\u017cnienia, kt\u00f3re ta osoba akceptuje w\u00a0formie pisemnej.<\/p>\n<p style=\"text-align: justify;\">Dystrybutor jest osob\u0105 odpowiedzialn\u0105, je\u017celi wprowadza produkt kosmetyczny do obrotu pod w\u0142asn\u0105 nazw\u0105 lub znakiem towarowym lub zmienia produkt ju\u017c wprowadzony na rynek w\u00a0spos\u00f3b mog\u0105cy mie\u0107 wp\u0142yw na zgodno\u015b\u0107 z\u00a0obowi\u0105zuj\u0105cymi wymogami.<\/p>\n<p>&nbsp;<\/p>\n<h2>Osob\u0105 odpowiedzialn\u0105 mo\u017ce by\u0107<\/h2>\n<ul>\n<li>producent (je\u015bli jest umocowany na terenie Unii Europejskiej)<\/li>\n<li>importer (je\u015bli wytw\u00f3rca produktu jest umocowany poza Uni\u0105 Europejsk\u0105)<\/li>\n<li>dystrybutor (je\u015bli wprowadza produkt na rynek pod w\u0142asn\u0105 mark\u0105)<\/li>\n<li>wskazana osoba lub firma (wyznaczona przez wytw\u00f3rc\u0119 lub importera, powinna zaakceptowa\u0107 to na pi\u015bmie)<\/li>\n<\/ul>\n<p>Osoba odpowiedzialna ma obowi\u0105zek zagwarantowa\u0107, \u017ce produkt kosmetyczny spe\u0142nia wymagania Rozporz\u0105dzenie 1223\/2009\/WE.<\/p>\n<p>&nbsp;<\/p>\n<h2>Zgodnie z przepisami produkt kosmetyczny mo\u017ce by\u0107 dystrybuowany<\/h2>\n<ul>\n<li><a href=\"http:\/\/www.msds-europe.com\/pl\/tworzenie-oceny-zagrozen-dla-kosmetykow\/\">tylko je\u015bli ma ocen\u0119 bezpiecze\u0144stwa i raport bezpiecze\u0144stwa<\/a><\/li>\n<li>Dokumentacja produktu (PIF)<\/li>\n<li><a href=\"http:\/\/www.msds-europe.com\/pl\/tworzenie-tlumaczenie-projektu-etykiety-dla-produktow-kosmetycznych\/\">odpowiednie oznakowanie<\/a><\/li>\n<li>i produkcja odbywa si\u0119 zgodnie z wytycznymi ISO 22716, zgodnie z dobrymi praktyki produkcyjnymi (GMP)<\/li>\n<\/ul>\n<p>&nbsp;<\/p>\n<h2>Tworzenie Oceny bezpiecze\u0144stwa i Raport bezpiecze\u0144stwa<\/h2>\n<p style=\"text-align: justify;\">Ocena bezpiecze\u0144stwa i raport bezpiecze\u0144stwa, kt\u00f3rych celem jest udowodnienie, \u017ce produkty kosmetyczne s\u0105 bezpieczne dla zdrowia ludzi podczas stosowania w normalnych lub rozs\u0105dnych, przewidywalnych warunkach.<\/p>\n<p style=\"text-align: justify;\">Przed wprowadzeniem produktu kosmetycznego do obrotu osoba odpowiedzialna zapewnia przeprowadzenie oceny bezpiecze\u0144stwa produktu na podstawie odpowiednich informacji i\u00a0sporz\u0105dzenie raportu bezpiecze\u0144stwa produktu kosmetycznego.<\/p>\n<p style=\"text-align: justify;\">Ocena bezpiecze\u0144stwa produktu kosmetycznego jest niezb\u0119dn\u0105 cz\u0119\u015bci\u0105 dokumentacji produktu (PIF), wymaganej przy dystrybucji produktu kosmetycznego.<\/p>\n<p>&nbsp;<\/p>\n<h2>Sporz\u0105dzenie dokumentacji produktu<\/h2>\n<p style=\"text-align: justify;\">Sporz\u0105dzenie dokumentacji produktu (PIF) jest warunkiem notyfikacje i dystrybucji w EU zgodnie z Rozporz\u0105dzeniem Parlamentu Europejskiego i Rady (WE) nr 1223\/2009\u00a0 dotycz\u0105cym produkt\u00f3w kosmetycznych (kosmetyk\u00f3w).<\/p>\n<p><strong>Dokumentacja produktu (PIF) zawiera nast\u0119puj\u0105ce informacje i\u00a0dane:<\/strong><\/p>\n<ul>\n<li>opis produktu kosmetycznego<\/li>\n<li>raport bezpiecze\u0144stwa produktu kosmetycznego<\/li>\n<li style=\"text-align: justify;\">opis metod produkcji<\/li>\n<li style=\"text-align: justify;\">o\u015bwiadczenie o\u00a0zgodno\u015bci z\u00a0dobr\u0105 praktyk\u0105 produkcji (GMP)<\/li>\n<li style=\"text-align: justify;\">je\u017celi jest to uzasadnione ze wzgl\u0119du na rodzaj produktu kosmetycznego lub efekt jego dzia\u0142ania, dow\u00f3d deklarowanego dzia\u0142ania<\/li>\n<li style=\"text-align: justify;\">dane dotycz\u0105ce wszelkich test\u00f3w na zwierz\u0119tach, przeprowadzonych przez producenta, jego przedstawicieli lub dostawc\u00f3w w\u00a0 trakcie opracowania lub oceny bezpiecze\u0144stwa produktu kosmetycznego lub jego sk\u0142adnik\u00f3w<\/li>\n<li style=\"text-align: justify;\">Osoba odpowiedzialna udost\u0119pnia, pod swoim adresem podanym na etykiecie w\u0142a\u015bciwemu organowi pa\u0144stwa cz\u0142onkowskiego, w\u00a0 kt\u00f3rym przechowywana jest dokumentacja, dokumentacj\u0119 produktu w\u00a0formacie elektronicznym lub innym.\u00a0 Informacje zawarte w\u00a0dokumentacji produktu (PIF) s\u0105 udost\u0119pniane w\u00a0j\u0119zyku \u0142atwo zrozumia\u0142ym dla w\u0142a\u015bciwych organ\u00f3w danego pa\u0144stwa cz\u0142onkowskiego.<\/li>\n<\/ul>\n<p>Dokumentacj\u0119 produktu przechowuje si\u0119 przez okres 10 lat od dnia wprowadzenia do obrotu ostatniej partii danego produktu kosmetycznego.<\/p>\n<p>&nbsp;<\/p>\n<h2>Elementy oznakowania<\/h2>\n<p style=\"text-align: justify;\">Na rynku udost\u0119pniane s\u0105 wy\u0142\u0105cznie produkty kosmetyczne, na kt\u00f3rych pojemnikach i\u00a0opakowaniach zewn\u0119trzych znajduj\u0105 si\u0119 nast\u0119puj\u0105ce, nieusuwalne, \u0142atwe do odczytania i\u00a0 widoczne informacje:<\/p>\n<p style=\"text-align: justify;\">1. Imi\u0119 i\u00a0nazwisko lub zarejestrowana firma oraz\u00a0adres osoby odpowiedzialnej. W\u00a0przypadku importowanych produkt\u00f3w kosmetycznych podaje si\u0119 nazw\u0119 kraju pochodzenia.<\/p>\n<p style=\"text-align: justify;\">2. nominalna zawarto\u015b\u0107 w\u00a0momencie pakowania, wyra\u017cona w\u00a0jednostkach masy lub obj\u0119to\u015bci (z\u00a0wyj\u0105tkiem: opakowa\u0144 zawieraj\u0105cych mniej ni\u017c pi\u0119\u0107 gram\u00f3w lub mniej ni\u017c pi\u0119\u0107 mililitr\u00f3w, bezp\u0142atnych pr\u00f3bek i\u00a0produkt\u00f3w w\u00a0opakowaniach jednorazowego u\u017cycia)<\/p>\n<p>3. Data minimalnej trwa\u0142o\u015bci<\/p>\n<p style=\"text-align: justify;\">a, podan\u0105 dat\u0119 minimalnej przydatno\u015bci produkt\u00f3w kosmetycznych z minimalnym okresem przydatno\u015bci kr\u00f3tszym ni\u017c 30 dni.<\/p>\n<p style=\"text-align: justify;\">Odpowiedni format: po dacie przydatno\u015bci musi znajdowa\u0107 si\u0119 wyra\u017any symbol lub s\u0142owa \u201enajlepiej zu\u017cy\u0107 przed ko\u0144cem\u201d i musi sk\u0142ada\u0107 si\u0119 z miesi\u0105ca i roku lub dnia, miesi\u0105ca i roku, w tej kolejno\u015bci.<\/p>\n<p style=\"text-align: justify;\">b, w przypadku produkt\u00f3w kosmetycznych o\u00a0minimalnej trwa\u0142o\u015bci d\u0142u\u017cszej ni\u017c 30 miesi\u0119c,\u00a0 produkty takie zawieraj\u0105 informacj\u0119 o\u00a0okresie, w\u00a0jakim po otwarciu pojemnika, produkt jest bezpieczny i\u00a0mo\u017ce by\u0107 stosowany bez szkody dla konsumenta.\u00a0 Po symbolu minimalnej przydatno\u015bci znajduje si\u0119 czas podany w miesi\u0105cach i\/lub latach, wym\u00f3g ten nie powinien mie\u0107 zastosowania, gdy poj\u0119cie trwa\u0142o\u015bci po otwarciu nie ma zastosowania, to znaczy w przypadku produkt\u00f3w jednorazowego u\u017cytku, produkt\u00f3w, dla kt\u00f3rych nie istnieje ryzyko zepsucia lub produkt\u00f3w, kt\u00f3rych si\u0119 nie otwiera.<\/p>\n<p style=\"text-align: justify;\">4. Szczeg\u00f3lne \u015brodki ostro\u017cno\u015bci, kt\u00f3rych nale\u017cy przestrzega\u0107 podczas stosowani.<\/p>\n<p style=\"text-align: justify;\">5. Numer partii produktu lub oznaczenia pozwalaj\u0105ce na identyfikacj\u0119 produktu kosmetycznego.<\/p>\n<p style=\"text-align: justify;\">6. Funkcja produktu kosmetycznego, chyba \u017ce jednoznacznie wynika ona z\u00a0jego prezentacji.<\/p>\n<p style=\"text-align: justify;\">7. Lista sk\u0142adnik\u00f3w zgodnie z Mi\u0119dzynarodowym Nazewnictwem Sk\u0142adnik\u00f3w Kosmetycznych (INCI). Ta informacja powinna by\u0107 umieszczona wy\u0142\u0105cznie na opakowaniu zewn\u0119trznym (je\u015bli dotyczy).<\/p>\n<p style=\"text-align: justify;\">Informacje na etykiecie musz\u0105 by\u0107 dost\u0119pne w j\u0119zyku urz\u0119dowym pa\u0144stwa cz\u0142onkowskiego, w kt\u00f3rym produkt jest dystrybuowany do u\u017cytkownik\u00f3w ko\u0144cowych (wyj\u0105tek: \u201eSk\u0142adniki\u201d).<\/p>\n<p style=\"text-align: justify;\">Je\u015bli nie ma mo\u017cliwo\u015bci wskazania wymienionych informacji na etykiecie z przyczyn praktycznych, informacje musz\u0105 by\u0107 podane na ulotce, etykiecie, ta\u015bmie lub karcie do\u0142\u0105czonej lub zamocowanej do produktu.<\/p>\n<p>&nbsp;<\/p>\n<h2>Notyfikacje produkt\u00f3w kosmetycznych<\/h2>\n<p style=\"text-align: justify;\">Przed rozpocz\u0119ciem dystrybucji osoba odpowiedzialna ma obowi\u0105zek zg\u0142osi\u0107 elektronicznie nast\u0119puj\u0105ce informacje dotycz\u0105ce produktu kosmetycznego za pomoc\u0105 <a href=\"http:\/\/www.msds-europe.com\/pl\/usluga-notyfikacji-cpnp\/\">CPNP<\/a>:<\/p>\n<ul>\n<li style=\"text-align: justify;\">kategori\u0119 produktu kosmetycznego i\u00a0jego nazw\u0119 lub nazwy umo\u017cliwiaj\u0105ce jednoznaczn\u0105 identyfikacj\u0119,<\/li>\n<li style=\"text-align: justify;\">imi\u0119 i\u00a0nazwisko (firm\u0119) osoby odpowiedzialnej oraz jej adres, pod kt\u00f3rym udost\u0119pniana jest dokumentacja produktu<\/li>\n<li style=\"text-align: justify;\">kraj pochodzenia,<\/li>\n<li style=\"text-align: justify;\">pa\u0144stwo cz\u0142onkowskie, w\u00a0kt\u00f3rym produkt kosmetyczny ma zosta\u0107 wprowadzony do obrotu,<\/li>\n<li style=\"text-align: justify;\">dane kontaktowe osoby fizycznej, z\u00a0kt\u00f3r\u0105 mo\u017cna si\u0119 kontaktowa\u0107, w\u00a0razie konieczno\u015bc,<\/li>\n<li style=\"text-align: justify;\">obecno\u015b\u0107 substancji w formie nanomateria\u0142\u00f3w i ich identyfikacja, w tym nazwa chemiczna daj\u0105ce si\u0119 racjonalnie przewidzie\u0107 warunki nara\u017cenia,<\/li>\n<li style=\"text-align: justify;\">nazwa i numer Chemicals Abstracts Service (CAS) lub WE substancji sklasyfikowanych jako rakotw\u00f3rcze, mutagennelub dzia\u0142aj\u0105ce szkodliwie na rozrodczo\u015b\u0107 (CMR),<\/li>\n<li style=\"text-align: justify;\">sformu\u0142owanie ram<\/li>\n<li style=\"text-align: justify;\">oryginalne etykietowanie<\/li>\n<li style=\"text-align: justify;\">zdj\u0119cie opakowania<\/li>\n<\/ul>\n<p>Gdy jakakolwiek informacje ulegnie zmianie, osoba odpowiedzialna musi zapewni\u0107 aktualizacj\u0119 bez zb\u0119dnej zw\u0142oki za pomoc\u0105 CPNP.<\/p>\n<p>&nbsp;<\/p>\n<h3><span style=\"color: #333333;\">Powi\u0105zane profesjonalne materia\u0142y<\/span><\/h3>\n<ul>\n<li><a href=\"http:\/\/www.msds-europe.com\/pl\/obowiazki-dystrybutorow-produktow-kosmetycznych\/\">Zobowi\u0105zania dystrybutor\u00f3w produkt\u00f3w kosmetycznych<\/a><\/li>\n<\/ul>\n<p>&nbsp;<\/p>\n<h3><span style=\"color: #333333;\">Oferowane us\u0142ugi<\/span><\/h3>\n<ul>\n<li><a href=\"http:\/\/www.msds-europe.com\/pl\/usluga-notyfikacji-cpnp\/\">Nasza us\u0142uga notyfikacji CPNP dla produkt\u00f3w kosmetycznych<\/a><\/li>\n<li><a href=\"http:\/\/www.msds-europe.com\/pl\/tworzenie-tlumaczenie-projektu-etykiety-dla-produktow-kosmetycznych\/\">Nasza us\u0142uga tworzenia i t\u0142umaczenia projektu etykiet dla produkt\u00f3w kosmetycznych<\/a><\/li>\n<li><a href=\"http:\/\/www.msds-europe.com\/pl\/tworzenie-oceny-zagrozen-dla-kosmetykow\/\">Nasza us\u0142uga przygotowania oceny bezpiecze\u0144stwa dla produkt\u00f3w kosmetycznych<\/a><\/li>\n<\/ul>\n<p>&nbsp;<\/p>\n","protected":false},"excerpt":{"rendered":"<p>Zadania dla \u201eosoby odpowiedzialnej\u201d okre\u015blone przez przepisy dotycz\u0105ce produkt\u00f3w kosmetycznych.<\/p>\n","protected":false},"author":2,"featured_media":0,"parent":0,"menu_order":0,"comment_status":"closed","ping_status":"closed","template":"","meta":{"_acf_changed":false,"footnotes":""},"tags":[308,284],"class_list":["post-5956","page","type-page","status-publish","hentry","tag-baza-wiedzy-o-produktach-kosmetycznych","tag-kosmetyki"],"acf":[],"yoast_head":"<!-- This site is optimized with the Yoast SEO plugin v27.2 - https:\/\/yoast.com\/product\/yoast-seo-wordpress\/ -->\n<title>Obowi\u0105zki osoby odpowiedzialnej zwi\u0105zane z kosmetykami<\/title>\n<meta name=\"description\" content=\"Zadania osoby odpowiedzialnej zwi\u0105zane z wprowadzaniem produkt\u00f3w kosmetycznych na rynek. Zadania i wymagania zwi\u0105zane z produkcj\u0105 i importem kosmetyk\u00f3w.\" \/>\n<meta name=\"robots\" content=\"index, follow, max-snippet:-1, max-image-preview:large, max-video-preview:-1\" \/>\n<link rel=\"canonical\" href=\"https:\/\/www.msds-europe.com\/pl\/obowiazki-osoby-odpowiedzialnej\/\" \/>\n<meta property=\"og:locale\" content=\"pl_PL\" \/>\n<meta property=\"og:type\" content=\"article\" \/>\n<meta property=\"og:title\" content=\"Obowi\u0105zki osoby odpowiedzialnej zwi\u0105zane z kosmetykami\" \/>\n<meta property=\"og:description\" content=\"Zadania osoby odpowiedzialnej zwi\u0105zane z wprowadzaniem produkt\u00f3w kosmetycznych na rynek. Zadania i wymagania zwi\u0105zane z produkcj\u0105 i importem kosmetyk\u00f3w.\" \/>\n<meta property=\"og:url\" content=\"https:\/\/www.msds-europe.com\/pl\/obowiazki-osoby-odpowiedzialnej\/\" \/>\n<meta property=\"og:site_name\" content=\"MSDS Europe\" \/>\n<meta property=\"article:publisher\" content=\"https:\/\/www.facebook.com\/toxinfokft\/\" \/>\n<meta property=\"article:modified_time\" content=\"2018-07-04T07:02:50+00:00\" \/>\n<meta name=\"twitter:card\" content=\"summary_large_image\" \/>\n<meta name=\"twitter:site\" content=\"@ToxInfoKft\" \/>\n<meta name=\"twitter:label1\" content=\"Szacowany czas czytania\" \/>\n\t<meta name=\"twitter:data1\" content=\"6 minut\" \/>\n<script type=\"application\/ld+json\" class=\"yoast-schema-graph\">{\"@context\":\"https:\/\/schema.org\",\"@graph\":[{\"@type\":\"WebPage\",\"@id\":\"https:\/\/www.msds-europe.com\/pl\/obowiazki-osoby-odpowiedzialnej\/\",\"url\":\"https:\/\/www.msds-europe.com\/pl\/obowiazki-osoby-odpowiedzialnej\/\",\"name\":\"Obowi\u0105zki osoby odpowiedzialnej zwi\u0105zane z kosmetykami\",\"isPartOf\":{\"@id\":\"https:\/\/www.msds-europe.com\/es\/#website\"},\"datePublished\":\"2018-06-25T13:34:42+00:00\",\"dateModified\":\"2018-07-04T07:02:50+00:00\",\"description\":\"Zadania osoby odpowiedzialnej zwi\u0105zane z wprowadzaniem produkt\u00f3w kosmetycznych na rynek. Zadania i wymagania zwi\u0105zane z produkcj\u0105 i importem kosmetyk\u00f3w.\",\"breadcrumb\":{\"@id\":\"https:\/\/www.msds-europe.com\/pl\/obowiazki-osoby-odpowiedzialnej\/#breadcrumb\"},\"inLanguage\":\"pl-PL\",\"potentialAction\":[{\"@type\":\"ReadAction\",\"target\":[\"https:\/\/www.msds-europe.com\/pl\/obowiazki-osoby-odpowiedzialnej\/\"]}]},{\"@type\":\"BreadcrumbList\",\"@id\":\"https:\/\/www.msds-europe.com\/pl\/obowiazki-osoby-odpowiedzialnej\/#breadcrumb\",\"itemListElement\":[{\"@type\":\"ListItem\",\"position\":1,\"name\":\"F\u0151oldal\",\"item\":\"https:\/\/www.msds-europe.com\/pl\/\"},{\"@type\":\"ListItem\",\"position\":2,\"name\":\"Obowi\u0105zki osoby odpowiedzialnej\"}]},{\"@type\":\"WebSite\",\"@id\":\"https:\/\/www.msds-europe.com\/es\/#website\",\"url\":\"https:\/\/www.msds-europe.com\/es\/\",\"name\":\"MSDS Europe\",\"description\":\"\",\"publisher\":{\"@id\":\"https:\/\/www.msds-europe.com\/es\/#organization\"},\"potentialAction\":[{\"@type\":\"SearchAction\",\"target\":{\"@type\":\"EntryPoint\",\"urlTemplate\":\"https:\/\/www.msds-europe.com\/es\/?s={search_term_string}\"},\"query-input\":{\"@type\":\"PropertyValueSpecification\",\"valueRequired\":true,\"valueName\":\"search_term_string\"}}],\"inLanguage\":\"pl-PL\"},{\"@type\":\"Organization\",\"@id\":\"https:\/\/www.msds-europe.com\/es\/#organization\",\"name\":\"MSDS-Europe International branch of ToxInfo\",\"url\":\"https:\/\/www.msds-europe.com\/es\/\",\"logo\":{\"@type\":\"ImageObject\",\"inLanguage\":\"pl-PL\",\"@id\":\"https:\/\/www.msds-europe.com\/es\/#\/schema\/logo\/image\/\",\"url\":\"https:\/\/www.msds-europe.com\/wp-content\/uploads\/2021\/04\/msds-europe-logo.jpg\",\"contentUrl\":\"https:\/\/www.msds-europe.com\/wp-content\/uploads\/2021\/04\/msds-europe-logo.jpg\",\"width\":2296,\"height\":1067,\"caption\":\"MSDS-Europe International branch of ToxInfo\"},\"image\":{\"@id\":\"https:\/\/www.msds-europe.com\/es\/#\/schema\/logo\/image\/\"},\"sameAs\":[\"https:\/\/www.facebook.com\/toxinfokft\/\",\"https:\/\/x.com\/ToxInfoKft\"]}]}<\/script>\n<!-- \/ Yoast SEO plugin. -->","yoast_head_json":{"title":"Obowi\u0105zki osoby odpowiedzialnej zwi\u0105zane z kosmetykami","description":"Zadania osoby odpowiedzialnej zwi\u0105zane z wprowadzaniem produkt\u00f3w kosmetycznych na rynek. Zadania i wymagania zwi\u0105zane z produkcj\u0105 i importem kosmetyk\u00f3w.","robots":{"index":"index","follow":"follow","max-snippet":"max-snippet:-1","max-image-preview":"max-image-preview:large","max-video-preview":"max-video-preview:-1"},"canonical":"https:\/\/www.msds-europe.com\/pl\/obowiazki-osoby-odpowiedzialnej\/","og_locale":"pl_PL","og_type":"article","og_title":"Obowi\u0105zki osoby odpowiedzialnej zwi\u0105zane z kosmetykami","og_description":"Zadania osoby odpowiedzialnej zwi\u0105zane z wprowadzaniem produkt\u00f3w kosmetycznych na rynek. Zadania i wymagania zwi\u0105zane z produkcj\u0105 i importem kosmetyk\u00f3w.","og_url":"https:\/\/www.msds-europe.com\/pl\/obowiazki-osoby-odpowiedzialnej\/","og_site_name":"MSDS Europe","article_publisher":"https:\/\/www.facebook.com\/toxinfokft\/","article_modified_time":"2018-07-04T07:02:50+00:00","twitter_card":"summary_large_image","twitter_site":"@ToxInfoKft","twitter_misc":{"Szacowany czas czytania":"6 minut"},"schema":{"@context":"https:\/\/schema.org","@graph":[{"@type":"WebPage","@id":"https:\/\/www.msds-europe.com\/pl\/obowiazki-osoby-odpowiedzialnej\/","url":"https:\/\/www.msds-europe.com\/pl\/obowiazki-osoby-odpowiedzialnej\/","name":"Obowi\u0105zki osoby odpowiedzialnej zwi\u0105zane z kosmetykami","isPartOf":{"@id":"https:\/\/www.msds-europe.com\/es\/#website"},"datePublished":"2018-06-25T13:34:42+00:00","dateModified":"2018-07-04T07:02:50+00:00","description":"Zadania osoby odpowiedzialnej zwi\u0105zane z wprowadzaniem produkt\u00f3w kosmetycznych na rynek. Zadania i wymagania zwi\u0105zane z produkcj\u0105 i importem kosmetyk\u00f3w.","breadcrumb":{"@id":"https:\/\/www.msds-europe.com\/pl\/obowiazki-osoby-odpowiedzialnej\/#breadcrumb"},"inLanguage":"pl-PL","potentialAction":[{"@type":"ReadAction","target":["https:\/\/www.msds-europe.com\/pl\/obowiazki-osoby-odpowiedzialnej\/"]}]},{"@type":"BreadcrumbList","@id":"https:\/\/www.msds-europe.com\/pl\/obowiazki-osoby-odpowiedzialnej\/#breadcrumb","itemListElement":[{"@type":"ListItem","position":1,"name":"F\u0151oldal","item":"https:\/\/www.msds-europe.com\/pl\/"},{"@type":"ListItem","position":2,"name":"Obowi\u0105zki osoby odpowiedzialnej"}]},{"@type":"WebSite","@id":"https:\/\/www.msds-europe.com\/es\/#website","url":"https:\/\/www.msds-europe.com\/es\/","name":"MSDS Europe","description":"","publisher":{"@id":"https:\/\/www.msds-europe.com\/es\/#organization"},"potentialAction":[{"@type":"SearchAction","target":{"@type":"EntryPoint","urlTemplate":"https:\/\/www.msds-europe.com\/es\/?s={search_term_string}"},"query-input":{"@type":"PropertyValueSpecification","valueRequired":true,"valueName":"search_term_string"}}],"inLanguage":"pl-PL"},{"@type":"Organization","@id":"https:\/\/www.msds-europe.com\/es\/#organization","name":"MSDS-Europe International branch of ToxInfo","url":"https:\/\/www.msds-europe.com\/es\/","logo":{"@type":"ImageObject","inLanguage":"pl-PL","@id":"https:\/\/www.msds-europe.com\/es\/#\/schema\/logo\/image\/","url":"https:\/\/www.msds-europe.com\/wp-content\/uploads\/2021\/04\/msds-europe-logo.jpg","contentUrl":"https:\/\/www.msds-europe.com\/wp-content\/uploads\/2021\/04\/msds-europe-logo.jpg","width":2296,"height":1067,"caption":"MSDS-Europe International branch of ToxInfo"},"image":{"@id":"https:\/\/www.msds-europe.com\/es\/#\/schema\/logo\/image\/"},"sameAs":["https:\/\/www.facebook.com\/toxinfokft\/","https:\/\/x.com\/ToxInfoKft"]}]}},"_links":{"self":[{"href":"https:\/\/www.msds-europe.com\/pl\/wp-json\/wp\/v2\/pages\/5956","targetHints":{"allow":["GET"]}}],"collection":[{"href":"https:\/\/www.msds-europe.com\/pl\/wp-json\/wp\/v2\/pages"}],"about":[{"href":"https:\/\/www.msds-europe.com\/pl\/wp-json\/wp\/v2\/types\/page"}],"author":[{"embeddable":true,"href":"https:\/\/www.msds-europe.com\/pl\/wp-json\/wp\/v2\/users\/2"}],"replies":[{"embeddable":true,"href":"https:\/\/www.msds-europe.com\/pl\/wp-json\/wp\/v2\/comments?post=5956"}],"version-history":[{"count":4,"href":"https:\/\/www.msds-europe.com\/pl\/wp-json\/wp\/v2\/pages\/5956\/revisions"}],"predecessor-version":[{"id":7304,"href":"https:\/\/www.msds-europe.com\/pl\/wp-json\/wp\/v2\/pages\/5956\/revisions\/7304"}],"wp:attachment":[{"href":"https:\/\/www.msds-europe.com\/pl\/wp-json\/wp\/v2\/media?parent=5956"}],"wp:term":[{"taxonomy":"post_tag","embeddable":true,"href":"https:\/\/www.msds-europe.com\/pl\/wp-json\/wp\/v2\/tags?post=5956"}],"curies":[{"name":"wp","href":"https:\/\/api.w.org\/{rel}","templated":true}]}}