{"id":5804,"date":"2018-06-25T08:42:18","date_gmt":"2018-06-25T08:42:18","guid":{"rendered":"http:\/\/www.msds-europe.com\/proces-roboczy-tworzenia-tlumaczenia-karty-charakterystyki\/"},"modified":"2026-04-23T12:29:11","modified_gmt":"2026-04-23T12:29:11","slug":"proces-roboczy-tworzenia-tlumaczenia-karty-charakterystyki","status":"publish","type":"page","link":"https:\/\/www.msds-europe.com\/pl\/proces-roboczy-tworzenia-tlumaczenia-karty-charakterystyki\/","title":{"rendered":"Proces roboczy tworzenia, t\u0142umaczenia karty charakterystyki"},"content":{"rendered":"<p style=\"text-align: right;\"><em><a href=\"https:\/\/www.msds-europe.com\/pl\/\">MSDS-Europe<\/a> &#8211; <a href=\"https:\/\/www.msds-europe.com\/pl\/bezpieczenstwo-chemiczne-artykuly-analizy\/\">Kompas bezpiecze\u0144stwa chemicznego<\/a> \u2013 Proces roboczy tworzenia i t\u0142umaczenia karty charakterystyki<\/em><\/p>\n<p>&nbsp;<\/p>\n<h4 style=\"text-align: justify;\"><span style=\"color: #333333;\">Pierwszy krok<\/span><\/h4>\n<h3 style=\"text-align: justify;\">T\u0142umaczenie \u2013 okre\u015blenie formatu i element\u00f3w tre\u015bci<\/h3>\n<p style=\"text-align: justify;\"><a href=\"https:\/\/www.msds-europe.com\/pl\/sds-wymagania-jezykowe\/\">Opracowanie tre\u015bci i formatu karty charakterystyki zgodnie z odpowiednimi przepisami krajowymi i UE<\/a>.<\/p>\n<p style=\"text-align: justify;\">Na tym etapie, je\u015bli karta charakterystyki jest sporz\u0105dzona w j\u0119zyku obcym, t\u0142umaczymy jej tre\u015b\u0107. W wi\u0119kszo\u015bci przypadk\u00f3w nie jest to jedynie literalny przek\u0142ad, lecz t\u0142umaczenie oddaj\u0105ce w\u0142a\u015bciwe znaczenie. W j\u0119zyku docelowym dla wielu okre\u015blonych zda\u0144 i fraz istnieje ustalona terminologia, kt\u00f3r\u0105 nale\u017cy stosowa\u0107, aby tre\u015b\u0107 karty charakterystyki by\u0142a przejrzysta i zgodna z przepisami.<\/p>\n<p style=\"text-align: justify;\">Nale\u017cy zwr\u00f3ci\u0107 szczeg\u00f3ln\u0105 uwag\u0119 na t\u0142umaczenie znormalizowanych cz\u0119\u015bci tekstu. W niekt\u00f3rych sekcjach karty charakterystyki wyst\u0119puj\u0105 tre\u015bci wykorzystuj\u0105ce \u015bci\u015ble okre\u015blone s\u0142ownictwo wskazane w przepisach. Zgodnie z zasadami bezpiecze\u0144stwa chemicznego takie sformu\u0142owania mog\u0105 by\u0107 stosowane wy\u0142\u0105cznie w brzmieniu okre\u015blonym w odpowiednich aktach prawnych. Najbardziej znanym przyk\u0142adem s\u0105 <strong>zwroty wskazuj\u0105ce rodzaj zagro\u017cenia (H)<\/strong> i <strong>zwroty wskazuj\u0105ce \u015brodki ostro\u017cno\u015bci (P)<\/strong>, a tak\u017ce inne elementy oznakowania. Oczywi\u015bcie w karcie charakterystyki wyst\u0119puj\u0105 r\u00f3wnie\u017c inne tre\u015bci wymagaj\u0105ce stosowania oficjalnej terminologii.<\/p>\n<p style=\"text-align: justify;\">Z powy\u017cszych powod\u00f3w sam proces t\u0142umaczenia nie mo\u017ce odbywa\u0107 si\u0119 bez odpowiedniego poziomu wiedzy z zakresu przepis\u00f3w dotycz\u0105cych bezpiecze\u0144stwa chemicznego oraz specjalistycznych procedur <a href=\"https:\/\/www.msds-europe.com\/pl\/tlumaczenie-karty-charakterystyki\/\">t\u0142umaczenia kart charakterystyki<\/a>.<\/p>\n<p style=\"text-align: justify;\">Na etapie t\u0142umaczenia karty charakterystyki \u2013 w przypadku mieszanin \u2013 sprawdzane s\u0105 r\u00f3wnie\u017c sk\u0142adniki. Przy pomocy odpowiednich wykaz\u00f3w substancji niebezpiecznych nasi specjali\u015bci weryfikuj\u0105 poprawno\u015b\u0107 nazw sk\u0142adnik\u00f3w, numer\u00f3w CAS i WE oraz wskazanych element\u00f3w klasyfikacji (piktogram\u00f3w zagro\u017cenia i zwrot\u00f3w wskazuj\u0105cych rodzaj zagro\u017cenia).<\/p>\n<p style=\"text-align: justify;\">Szczeg\u00f3ln\u0105 uwag\u0119 nale\u017cy zwr\u00f3ci\u0107 tak\u017ce na prawid\u0142owe dopuszczalne warto\u015bci nara\u017cenia zawodowego. Na podstawie odpowiednich przepis\u00f3w nale\u017cy sprawdzi\u0107, czy dla sk\u0142adnik\u00f3w wymienionych w karcie charakterystyki obowi\u0105zuj\u0105 takie warto\u015bci, a je\u015bli tak \u2013 nale\u017cy je wskaza\u0107 w odpowiedniej sekcji karty charakterystyki.<\/p>\n<p>&nbsp;<\/p>\n<h4 style=\"text-align: justify;\"><span style=\"color: #333333;\">Drugi krok<\/span><\/h4>\n<h3 style=\"text-align: justify;\">Klasyfikacja, profesjonalny nadz\u00f3r<\/h3>\n<p style=\"text-align: justify;\">Najpierw nasz ekspert przegl\u0105da przet\u0142umaczon\u0105 kart\u0119 charakterystyki i sprawdza, czy nie wyst\u0119puj\u0105 braki danych ani b\u0142\u0119dy j\u0119zykowe powsta\u0142e podczas t\u0142umaczenia. Na tym etapie konieczne jest przeprowadzenie wielu kluczowych kontroli.<\/p>\n<p style=\"text-align: justify;\">Nast\u0119pnie nasz ekspert sprawdza klasyfikacj\u0119 substancji lub mieszaniny na podstawie dost\u0119pnych danych, a w razie potrzeby wprowadza zmiany, okre\u015bla wymagane piktogramy zagro\u017cenia oraz dodaje lub koryguje wymagane zwroty H i P. W wielu przypadkach w karcie charakterystyki brakuje niekt\u00f3rych element\u00f3w oznakowania, dlatego tej cz\u0119\u015bci r\u00f3wnie\u017c po\u015bwi\u0119camy szczeg\u00f3ln\u0105 uwag\u0119.<\/p>\n<p>&nbsp;<\/p>\n<h4 style=\"text-align: justify;\"><span style=\"color: #333333;\">Trzeci krok<\/span><\/h4>\n<h3 style=\"text-align: justify;\">Profesjonalna kontrola ko\u0144cowa<\/h3>\n<p style=\"text-align: justify;\">Przygotowanie logicznie sp\u00f3jnej karty charakterystyki, kt\u00f3ra nie zawiera niezgodno\u015bci.<\/p>\n<p style=\"text-align: justify;\">W naszej opinii jest to bardzo wa\u017cny etap, poniewa\u017c na podstawie naszego do\u015bwiadczenia wiemy, \u017ce mo\u017ce pojawi\u0107 si\u0119 wiele problem\u00f3w wynikaj\u0105cych ze sprzeczno\u015bci w karcie charakterystyki (np. dane toksykologiczne w sekcji 11 nie mog\u0105 pozostawa\u0107 w sprzeczno\u015bci z klasyfikacj\u0105 substancji lub mieszaniny itd.).<\/p>\n<p style=\"text-align: justify;\">Dostarczamy klientowi uko\u0144czon\u0105 kart\u0119 charakterystyki w formacie PDF.<\/p>\n<p style=\"text-align: justify;\">Gwarantujemy profesjonaln\u0105 jako\u015b\u0107, zgodno\u015b\u0107 prawn\u0105 i akceptacj\u0119 urz\u0119dow\u0105 naszej karty charakterystyki wy\u0142\u0105cznie wtedy, gdy dokument jest u\u017cywany lub drukowany w ca\u0142o\u015bci.<\/p>\n<p>&nbsp;<\/p>\n<h2 style=\"text-align: justify;\">Po dostarczeniu karty charakterystyki&#8230;<\/h2>\n<p style=\"text-align: justify;\">Nasza us\u0142uga tworzenia karty charakterystyki nie ko\u0144czy si\u0119 wraz z jej dostarczeniem.<\/p>\n<p style=\"text-align: justify;\">Pomagamy naszym klientom w interpretacji i stosowaniu kart charakterystyki oraz wspieramy ich w okre\u015bleniu innych niezb\u0119dnych dzia\u0142a\u0144 zwi\u0105zanych z kartami charakterystyki.<\/p>\n<p>&nbsp;<\/p>\n<h4 style=\"text-align: justify;\">Profesjonalne gwarancje w trakcie procesu tworzenia i t\u0142umaczenia kart charakterystyki<\/h4>\n<p style=\"text-align: justify;\">W przypadku kontroli urz\u0119dowej, je\u015bli inspektor zg\u0142osi zastrze\u017cenia do kt\u00f3rejkolwiek cz\u0119\u015bci karty charakterystyki, nasz ekspert skontaktuje si\u0119 z przedstawicielem organu i odpowie na wszelkie pytania.<\/p>\n<p style=\"text-align: justify;\">Je\u015bli zostanie stwierdzone, \u017ce podczas tworzenia karty charakterystyki powsta\u0142 b\u0142\u0105d administracyjny, poprawiamy tak\u0105 kart\u0119 bezp\u0142atnie.<\/p>\n<p>&nbsp;<\/p>\n<h4 style=\"text-align: justify;\">Gwarancja finansowa<\/h4>\n<p style=\"text-align: justify;\">Je\u015bli kt\u00f3rykolwiek z naszych klient\u00f3w lub partner\u00f3w naszych klient\u00f3w poniesie straty materialne (np. kary urz\u0119dowe, koszty zmiany etykiet itp.) z powodu nieprawid\u0142owej karty charakterystyki sporz\u0105dzonej przez nasz\u0105 firm\u0119, w ca\u0142o\u015bci zwr\u00f3cimy naszym klientom poniesione koszty.<\/p>\n<p>&nbsp;<\/p>\n<h4 style=\"text-align: justify;\"><span style=\"color: #333333;\">Oferowane us\u0142ugi<\/span><\/h4>\n<ul>\n<li><a href=\"https:\/\/www.msds-europe.com\/pl\/tlumaczenie-karty-charakterystyki\/\">T\u0142umaczenie karty charakterystyki<\/a><\/li>\n<li><a href=\"https:\/\/www.msds-europe.com\/pl\/sprawdzenie-aktualizacja-kart-charakterystyk\/\">Sprawdzenie i aktualizacja kart charakterystyki<\/a><\/li>\n<li><a href=\"https:\/\/www.msds-europe.com\/pl\/kompilacja-tworzenie-karty-charakterystyki\/\">Opracowanie i tworzenie karty charakterystyki<\/a><\/li>\n<li><a href=\"https:\/\/www.msds-europe.com\/pl\/uslugi-ekspresowe-kart-charakterystyk\/\">Us\u0142ugi ekspresowe dotycz\u0105ce kart charakterystyki wykonywane w 24 godziny<\/a><\/li>\n<li><a href=\"https:\/\/www.msds-europe.com\/pl\/tworzenie-projektu-etykiety\/\">Tworzenie projektu etykiety<\/a><\/li>\n<\/ul>\n<p>&nbsp;<\/p>\n<h4 class=\"title_4\"><span style=\"color: #333333;\">Przydatne informacje<\/span><\/h4>\n<ul>\n<li><a title=\"Informacje o oprogramowaniu do tworzenia kart charakterystyki\" href=\"https:\/\/www.msds-europe.com\/pl\/informacje-o-oprogramowaniu-do-tworzenia-kart-charakterystyki\/\">Informacje o oprogramowaniu do tworzenia kart charakterystyki<\/a><\/li>\n<\/ul>\n<p>&nbsp;<\/p>\n<h4><span style=\"color: #333333;\">Szybkie pytania i odpowiedzi<\/span><\/h4>\n<div class=\"su-spoiler su-spoiler-style-fancy su-spoiler-icon-chevron su-spoiler-closed\" data-scroll-offset=\"0\" data-anchor-in-url=\"no\"><div class=\"su-spoiler-title\" tabindex=\"0\" role=\"button\"><span class=\"su-spoiler-icon\"><\/span>Dlaczego ju\u017c na etapie t\u0142umaczenia potrzebna jest znajomo\u015b\u0107 przepis\u00f3w?<\/div><div class=\"su-spoiler-content su-u-clearfix su-u-trim\">\n<p style=\"text-align: justify;\">Poniewa\u017c wiele znormalizowanych fragment\u00f3w tekstu (np. zwroty H i P) musi zosta\u0107 przytoczonych dok\u0142adnie w brzmieniu okre\u015blonym przez przepisy, poprawne t\u0142umaczenie wymaga znajomo\u015bci obowi\u0105zuj\u0105cych regulacji.<\/p>\n<\/div><\/div>\n<div class=\"su-spoiler su-spoiler-style-fancy su-spoiler-icon-chevron su-spoiler-closed\" data-scroll-offset=\"0\" data-anchor-in-url=\"no\"><div class=\"su-spoiler-title\" tabindex=\"0\" role=\"button\"><span class=\"su-spoiler-icon\"><\/span>Co sprawdza ekspert w drugim etapie procesu?<\/div><div class=\"su-spoiler-content su-u-clearfix su-u-trim\">\n<p style=\"text-align: justify;\">Weryfikuje przet\u0142umaczone dane (numery CAS\/WE, warto\u015bci graniczne), prawid\u0142owo\u015b\u0107 klasyfikacji oraz kompletno\u015b\u0107 wymaganych piktogram\u00f3w zagro\u017cenia i zwrot\u00f3w H\/P.<\/p>\n<\/div><\/div>\n<div class=\"su-spoiler su-spoiler-style-fancy su-spoiler-icon-chevron su-spoiler-closed\" data-scroll-offset=\"0\" data-anchor-in-url=\"no\"><div class=\"su-spoiler-title\" tabindex=\"0\" role=\"button\"><span class=\"su-spoiler-icon\"><\/span>Jaki jest g\u0142\u00f3wny cel trzeciego etapu przygotowania karty SDS?<\/div><div class=\"su-spoiler-content su-u-clearfix su-u-trim\">\n<p style=\"text-align: justify;\">Przygotowanie logicznie sp\u00f3jnej, wolnej od sprzeczno\u015bci karty charakterystyki, w kt\u00f3rej informacje we wszystkich sekcjach s\u0105 ze sob\u0105 zgodne.<\/p>\n<\/div><\/div>\n<p>&nbsp;<\/p>\n","protected":false},"excerpt":{"rendered":"<p>Opis przep\u0142ywu pracy, kt\u00f3ry wykorzystuje nasza firma podczas t\u0142umaczenia karty charakterystyki.<\/p>\n","protected":false},"author":2,"featured_media":0,"parent":0,"menu_order":0,"comment_status":"closed","ping_status":"closed","template":"","meta":{"_acf_changed":false,"footnotes":""},"tags":[361,261],"class_list":["post-5804","page","type-page","status-publish","hentry","tag-baza-wiedzy-karta-charakterystyk","tag-karta-charakterystyki"],"acf":[],"yoast_head":"<!-- This site is optimized with the Yoast SEO plugin v27.2 - https:\/\/yoast.com\/product\/yoast-seo-wordpress\/ -->\n<title>Proces roboczy tworzenia, t\u0142umaczenia karty charakterystyki<\/title>\n<meta name=\"description\" content=\"Prosz\u0119 pozna\u0107 nasz\u0105 metod\u0119 pracy u\u017cywan\u0105 do uzyskania najwy\u017cszej profesjonalnej jako\u015bci w czasie tworzenia\/t\u0142umaczenia karty charakterystyki\" \/>\n<meta name=\"robots\" content=\"index, follow, max-snippet:-1, max-image-preview:large, max-video-preview:-1\" \/>\n<link rel=\"canonical\" href=\"https:\/\/www.msds-europe.com\/pl\/proces-roboczy-tworzenia-tlumaczenia-karty-charakterystyki\/\" \/>\n<meta property=\"og:locale\" content=\"pl_PL\" \/>\n<meta property=\"og:type\" content=\"article\" \/>\n<meta property=\"og:title\" content=\"Proces roboczy tworzenia, t\u0142umaczenia karty charakterystyki\" \/>\n<meta property=\"og:description\" content=\"Prosz\u0119 pozna\u0107 nasz\u0105 metod\u0119 pracy u\u017cywan\u0105 do uzyskania najwy\u017cszej profesjonalnej jako\u015bci w czasie tworzenia\/t\u0142umaczenia karty charakterystyki\" \/>\n<meta property=\"og:url\" content=\"https:\/\/www.msds-europe.com\/pl\/proces-roboczy-tworzenia-tlumaczenia-karty-charakterystyki\/\" \/>\n<meta property=\"og:site_name\" content=\"MSDS Europe\" \/>\n<meta property=\"article:publisher\" content=\"https:\/\/www.facebook.com\/toxinfokft\/\" \/>\n<meta property=\"article:modified_time\" content=\"2026-04-23T12:29:11+00:00\" \/>\n<meta name=\"twitter:card\" content=\"summary_large_image\" \/>\n<meta name=\"twitter:site\" content=\"@ToxInfoKft\" \/>\n<meta name=\"twitter:label1\" content=\"Szacowany czas czytania\" \/>\n\t<meta name=\"twitter:data1\" content=\"4 minuty\" \/>\n<script type=\"application\/ld+json\" class=\"yoast-schema-graph\">{\"@context\":\"https:\/\/schema.org\",\"@graph\":[{\"@type\":\"WebPage\",\"@id\":\"https:\/\/www.msds-europe.com\/pl\/proces-roboczy-tworzenia-tlumaczenia-karty-charakterystyki\/\",\"url\":\"https:\/\/www.msds-europe.com\/pl\/proces-roboczy-tworzenia-tlumaczenia-karty-charakterystyki\/\",\"name\":\"Proces roboczy tworzenia, t\u0142umaczenia karty charakterystyki\",\"isPartOf\":{\"@id\":\"https:\/\/www.msds-europe.com\/es\/#website\"},\"datePublished\":\"2018-06-25T08:42:18+00:00\",\"dateModified\":\"2026-04-23T12:29:11+00:00\",\"description\":\"Prosz\u0119 pozna\u0107 nasz\u0105 metod\u0119 pracy u\u017cywan\u0105 do uzyskania najwy\u017cszej profesjonalnej jako\u015bci w czasie tworzenia\/t\u0142umaczenia karty charakterystyki\",\"breadcrumb\":{\"@id\":\"https:\/\/www.msds-europe.com\/pl\/proces-roboczy-tworzenia-tlumaczenia-karty-charakterystyki\/#breadcrumb\"},\"inLanguage\":\"pl-PL\",\"potentialAction\":[{\"@type\":\"ReadAction\",\"target\":[\"https:\/\/www.msds-europe.com\/pl\/proces-roboczy-tworzenia-tlumaczenia-karty-charakterystyki\/\"]}]},{\"@type\":\"BreadcrumbList\",\"@id\":\"https:\/\/www.msds-europe.com\/pl\/proces-roboczy-tworzenia-tlumaczenia-karty-charakterystyki\/#breadcrumb\",\"itemListElement\":[{\"@type\":\"ListItem\",\"position\":1,\"name\":\"F\u0151oldal\",\"item\":\"https:\/\/www.msds-europe.com\/pl\/\"},{\"@type\":\"ListItem\",\"position\":2,\"name\":\"Proces roboczy tworzenia, t\u0142umaczenia karty charakterystyki\"}]},{\"@type\":\"WebSite\",\"@id\":\"https:\/\/www.msds-europe.com\/es\/#website\",\"url\":\"https:\/\/www.msds-europe.com\/es\/\",\"name\":\"MSDS Europe\",\"description\":\"\",\"publisher\":{\"@id\":\"https:\/\/www.msds-europe.com\/es\/#organization\"},\"potentialAction\":[{\"@type\":\"SearchAction\",\"target\":{\"@type\":\"EntryPoint\",\"urlTemplate\":\"https:\/\/www.msds-europe.com\/es\/?s={search_term_string}\"},\"query-input\":{\"@type\":\"PropertyValueSpecification\",\"valueRequired\":true,\"valueName\":\"search_term_string\"}}],\"inLanguage\":\"pl-PL\"},{\"@type\":\"Organization\",\"@id\":\"https:\/\/www.msds-europe.com\/es\/#organization\",\"name\":\"MSDS-Europe International branch of ToxInfo\",\"url\":\"https:\/\/www.msds-europe.com\/es\/\",\"logo\":{\"@type\":\"ImageObject\",\"inLanguage\":\"pl-PL\",\"@id\":\"https:\/\/www.msds-europe.com\/es\/#\/schema\/logo\/image\/\",\"url\":\"https:\/\/www.msds-europe.com\/wp-content\/uploads\/2021\/04\/msds-europe-logo.jpg\",\"contentUrl\":\"https:\/\/www.msds-europe.com\/wp-content\/uploads\/2021\/04\/msds-europe-logo.jpg\",\"width\":2296,\"height\":1067,\"caption\":\"MSDS-Europe International branch of ToxInfo\"},\"image\":{\"@id\":\"https:\/\/www.msds-europe.com\/es\/#\/schema\/logo\/image\/\"},\"sameAs\":[\"https:\/\/www.facebook.com\/toxinfokft\/\",\"https:\/\/x.com\/ToxInfoKft\"]}]}<\/script>\n<!-- \/ Yoast SEO plugin. -->","yoast_head_json":{"title":"Proces roboczy tworzenia, t\u0142umaczenia karty charakterystyki","description":"Prosz\u0119 pozna\u0107 nasz\u0105 metod\u0119 pracy u\u017cywan\u0105 do uzyskania najwy\u017cszej profesjonalnej jako\u015bci w czasie tworzenia\/t\u0142umaczenia karty charakterystyki","robots":{"index":"index","follow":"follow","max-snippet":"max-snippet:-1","max-image-preview":"max-image-preview:large","max-video-preview":"max-video-preview:-1"},"canonical":"https:\/\/www.msds-europe.com\/pl\/proces-roboczy-tworzenia-tlumaczenia-karty-charakterystyki\/","og_locale":"pl_PL","og_type":"article","og_title":"Proces roboczy tworzenia, t\u0142umaczenia karty charakterystyki","og_description":"Prosz\u0119 pozna\u0107 nasz\u0105 metod\u0119 pracy u\u017cywan\u0105 do uzyskania najwy\u017cszej profesjonalnej jako\u015bci w czasie tworzenia\/t\u0142umaczenia karty charakterystyki","og_url":"https:\/\/www.msds-europe.com\/pl\/proces-roboczy-tworzenia-tlumaczenia-karty-charakterystyki\/","og_site_name":"MSDS Europe","article_publisher":"https:\/\/www.facebook.com\/toxinfokft\/","article_modified_time":"2026-04-23T12:29:11+00:00","twitter_card":"summary_large_image","twitter_site":"@ToxInfoKft","twitter_misc":{"Szacowany czas czytania":"4 minuty"},"schema":{"@context":"https:\/\/schema.org","@graph":[{"@type":"WebPage","@id":"https:\/\/www.msds-europe.com\/pl\/proces-roboczy-tworzenia-tlumaczenia-karty-charakterystyki\/","url":"https:\/\/www.msds-europe.com\/pl\/proces-roboczy-tworzenia-tlumaczenia-karty-charakterystyki\/","name":"Proces roboczy tworzenia, t\u0142umaczenia karty charakterystyki","isPartOf":{"@id":"https:\/\/www.msds-europe.com\/es\/#website"},"datePublished":"2018-06-25T08:42:18+00:00","dateModified":"2026-04-23T12:29:11+00:00","description":"Prosz\u0119 pozna\u0107 nasz\u0105 metod\u0119 pracy u\u017cywan\u0105 do uzyskania najwy\u017cszej profesjonalnej jako\u015bci w czasie tworzenia\/t\u0142umaczenia karty charakterystyki","breadcrumb":{"@id":"https:\/\/www.msds-europe.com\/pl\/proces-roboczy-tworzenia-tlumaczenia-karty-charakterystyki\/#breadcrumb"},"inLanguage":"pl-PL","potentialAction":[{"@type":"ReadAction","target":["https:\/\/www.msds-europe.com\/pl\/proces-roboczy-tworzenia-tlumaczenia-karty-charakterystyki\/"]}]},{"@type":"BreadcrumbList","@id":"https:\/\/www.msds-europe.com\/pl\/proces-roboczy-tworzenia-tlumaczenia-karty-charakterystyki\/#breadcrumb","itemListElement":[{"@type":"ListItem","position":1,"name":"F\u0151oldal","item":"https:\/\/www.msds-europe.com\/pl\/"},{"@type":"ListItem","position":2,"name":"Proces roboczy tworzenia, t\u0142umaczenia karty charakterystyki"}]},{"@type":"WebSite","@id":"https:\/\/www.msds-europe.com\/es\/#website","url":"https:\/\/www.msds-europe.com\/es\/","name":"MSDS Europe","description":"","publisher":{"@id":"https:\/\/www.msds-europe.com\/es\/#organization"},"potentialAction":[{"@type":"SearchAction","target":{"@type":"EntryPoint","urlTemplate":"https:\/\/www.msds-europe.com\/es\/?s={search_term_string}"},"query-input":{"@type":"PropertyValueSpecification","valueRequired":true,"valueName":"search_term_string"}}],"inLanguage":"pl-PL"},{"@type":"Organization","@id":"https:\/\/www.msds-europe.com\/es\/#organization","name":"MSDS-Europe International branch of ToxInfo","url":"https:\/\/www.msds-europe.com\/es\/","logo":{"@type":"ImageObject","inLanguage":"pl-PL","@id":"https:\/\/www.msds-europe.com\/es\/#\/schema\/logo\/image\/","url":"https:\/\/www.msds-europe.com\/wp-content\/uploads\/2021\/04\/msds-europe-logo.jpg","contentUrl":"https:\/\/www.msds-europe.com\/wp-content\/uploads\/2021\/04\/msds-europe-logo.jpg","width":2296,"height":1067,"caption":"MSDS-Europe International branch of ToxInfo"},"image":{"@id":"https:\/\/www.msds-europe.com\/es\/#\/schema\/logo\/image\/"},"sameAs":["https:\/\/www.facebook.com\/toxinfokft\/","https:\/\/x.com\/ToxInfoKft"]}]}},"_links":{"self":[{"href":"https:\/\/www.msds-europe.com\/pl\/wp-json\/wp\/v2\/pages\/5804","targetHints":{"allow":["GET"]}}],"collection":[{"href":"https:\/\/www.msds-europe.com\/pl\/wp-json\/wp\/v2\/pages"}],"about":[{"href":"https:\/\/www.msds-europe.com\/pl\/wp-json\/wp\/v2\/types\/page"}],"author":[{"embeddable":true,"href":"https:\/\/www.msds-europe.com\/pl\/wp-json\/wp\/v2\/users\/2"}],"replies":[{"embeddable":true,"href":"https:\/\/www.msds-europe.com\/pl\/wp-json\/wp\/v2\/comments?post=5804"}],"version-history":[{"count":11,"href":"https:\/\/www.msds-europe.com\/pl\/wp-json\/wp\/v2\/pages\/5804\/revisions"}],"predecessor-version":[{"id":39054,"href":"https:\/\/www.msds-europe.com\/pl\/wp-json\/wp\/v2\/pages\/5804\/revisions\/39054"}],"wp:attachment":[{"href":"https:\/\/www.msds-europe.com\/pl\/wp-json\/wp\/v2\/media?parent=5804"}],"wp:term":[{"taxonomy":"post_tag","embeddable":true,"href":"https:\/\/www.msds-europe.com\/pl\/wp-json\/wp\/v2\/tags?post=5804"}],"curies":[{"name":"wp","href":"https:\/\/api.w.org\/{rel}","templated":true}]}}