{"id":5779,"date":"2018-06-25T08:06:56","date_gmt":"2018-06-25T08:06:56","guid":{"rendered":"http:\/\/www.msds-europe.com\/piktogram-zagrozeniu\/"},"modified":"2026-02-20T10:08:49","modified_gmt":"2026-02-20T10:08:49","slug":"piktogram-zagrozeniu","status":"publish","type":"page","link":"https:\/\/www.msds-europe.com\/pl\/piktogram-zagrozeniu\/","title":{"rendered":"Piktogram zagro\u017ceniu"},"content":{"rendered":"<p style=\"text-align: right;\"><em><a href=\"https:\/\/www.msds-europe.com\/pl\/przydatne-materialy-pomocnicze-i-wskazowki-dla-kart-charakterystyk\/\">Baza wiedzy o kartach charakterystyki<\/a> \u2013 Piktogramy okre\u015blaj\u0105ce rodzaj zagro\u017cenia<\/em><\/p>\n<p>&nbsp;<\/p>\n<h2 style=\"text-align: justify;\">Og\u00f3lny opis piktogram\u00f3w okre\u015blaj\u0105cych rodzaj zagro\u017cenia<\/h2>\n<p style=\"text-align: justify;\">Piktogram okre\u015blaj\u0105cy rodzaj zagro\u017cenia jest graficznym przedstawieniem okre\u015blonego rodzaju zagro\u017cenia.<\/p>\n<p style=\"text-align: justify;\">Klasyfikacja substancji lub mieszaniny determinuje, jakie piktogramy okre\u015blaj\u0105ce rodzaj zagro\u017cenia nale\u017cy umie\u015bci\u0107 na etykiecie, zgodnie z cz\u0119\u015bciami 2 (zagro\u017cenia fizyczne), 3 (zagro\u017cenia dla zdrowia) i 4 (zagro\u017cenia dla \u015brodowiska) za\u0142\u0105cznika I do <a href=\"https:\/\/www.msds-europe.com\/pl\/etykieta-zgodna-z-rozporzadzeniem-clp\/\">rozporz\u0105dzenia (WE) nr 1272\/2008 (CLP)<\/a> (art. 19 CLP).<\/p>\n<p style=\"text-align: justify;\">Wymagania dotycz\u0105ce stosowania piktogram\u00f3w okre\u015blaj\u0105cych rodzaj zagro\u017cenia \u2013 zgodnie z dan\u0105 klas\u0105 zagro\u017cenia i kategori\u0105 zagro\u017cenia \u2013 okre\u015blono w za\u0142\u0105czniku V do CLP.<\/p>\n<p>&nbsp;<\/p>\n<h2 style=\"text-align: justify;\">Piktogram okre\u015blaj\u0105cy rodzaj zagro\u017cenia na etykiecie<\/h2>\n<p style=\"text-align: justify;\">Kolor i spos\u00f3b przedstawienia etykiety musz\u0105 zapewnia\u0107 dobr\u0105 widoczno\u015b\u0107 piktogramu okre\u015blaj\u0105cego rodzaj zagro\u017cenia oraz jego t\u0142a. Piktogramy okre\u015blaj\u0105ce rodzaj zagro\u017cenia maj\u0105 kszta\u0142t kwadratu ustawionego na wierzcho\u0142ku (w formie rombu) i musz\u0105 zawiera\u0107 czarny symbol na bia\u0142ym tle z czerwon\u0105 obw\u00f3dk\u0105 (pkt 1.2.1 za\u0142\u0105cznika I do CLP).<\/p>\n<p style=\"text-align: justify;\">Ka\u017cdy piktogram musi zajmowa\u0107 co najmniej jedn\u0105 pi\u0119tnast\u0105 powierzchni etykiety, ale nie mniej ni\u017c 1\u00a0cm<sup>2<\/sup>.<\/p>\n<p>&nbsp;<\/p>\n<h2 style=\"text-align: justify;\">Zastosowanie piktogram\u00f3w okre\u015blaj\u0105cych rodzaj zagro\u017cenia w procesie klasyfikacji i oznakowania CLP<\/h2>\n<p style=\"text-align: justify;\">Zgodnie z art. 19 rozporz\u0105dzenia (WE) nr 1272\/2008 (CLP) Parlamentu Europejskiego i Rady z dnia 16 grudnia 2008 r. w sprawie klasyfikacji, oznakowania i pakowania substancji i mieszanin, zmieniaj\u0105cego i uchylaj\u0105cego dyrektywy 67\/548\/EWG i 1999\/45\/WE oraz zmieniaj\u0105cego rozporz\u0105dzenie (WE) nr 1907\/2006, na etykiecie nale\u017cy umieszcza\u0107 odpowiednie piktogramy okre\u015blaj\u0105ce rodzaj zagro\u017cenia.<\/p>\n<p style=\"text-align: justify;\">Poni\u017cej przedstawiamy piktogramy okre\u015blaj\u0105ce rodzaj zagro\u017cenia zgodnie z CLP.<\/p>\n<p>&nbsp;<\/p>\n<h2>Piktogramy okre\u015blaj\u0105ce rodzaj zagro\u017cenia CLP<\/h2>\n<div class=\"su-custom-gallery su-custom-gallery-align-left su-custom-gallery-title-always su-lightbox-gallery\"><div class=\"su-custom-gallery-slide\" style=\"width:200px;height:200px\"><a href=\"https:\/\/www.msds-europe.com\/wp-content\/uploads\/2018\/06\/GHS01-Piktogram-zagro\u017ceniu.jpg\" title=\"GHS01 Piktogram zagro\u017ceniu\"><img decoding=\"async\" src=\"https:\/\/www.msds-europe.com\/wp-content\/uploads\/2018\/06\/GHS01-Piktogram-zagro\u017ceniu-200x200.jpg\" alt=\"GHS01 Piktogram zagro\u017ceniu\" width=\"200\" height=\"200\" \/><span class=\"su-custom-gallery-title\">GHS01 Piktogram zagro\u017ceniu<\/span><\/a><\/div><div class=\"su-custom-gallery-slide\" style=\"width:200px;height:200px\"><a href=\"https:\/\/www.msds-europe.com\/wp-content\/uploads\/2018\/06\/GHS02-Piktogram-zagro\u017ceniu.jpg\" title=\"GHS02 Piktogram zagro\u017ceniu\"><img decoding=\"async\" src=\"https:\/\/www.msds-europe.com\/wp-content\/uploads\/2018\/06\/GHS02-Piktogram-zagro\u017ceniu-200x200.jpg\" alt=\"GHS02 Piktogram zagro\u017ceniu\" width=\"200\" height=\"200\" \/><span class=\"su-custom-gallery-title\">GHS02 Piktogram zagro\u017ceniu<\/span><\/a><\/div><div class=\"su-custom-gallery-slide\" style=\"width:200px;height:200px\"><a href=\"https:\/\/www.msds-europe.com\/wp-content\/uploads\/2018\/06\/GHS03-Piktogram-zagro\u017ceniu.jpg\" title=\"GHS03 Piktogram zagro\u017ceniu\"><img decoding=\"async\" src=\"https:\/\/www.msds-europe.com\/wp-content\/uploads\/2018\/06\/GHS03-Piktogram-zagro\u017ceniu-200x200.jpg\" alt=\"GHS03 Piktogram zagro\u017ceniu\" width=\"200\" height=\"200\" \/><span class=\"su-custom-gallery-title\">GHS03 Piktogram zagro\u017ceniu<\/span><\/a><\/div><div class=\"su-custom-gallery-slide\" style=\"width:200px;height:200px\"><a href=\"https:\/\/www.msds-europe.com\/wp-content\/uploads\/2018\/06\/GHS04-Piktogram-zagro\u017ceniu.jpg\" title=\"GHS04 Piktogram zagro\u017ceniu\"><img decoding=\"async\" src=\"https:\/\/www.msds-europe.com\/wp-content\/uploads\/2018\/06\/GHS04-Piktogram-zagro\u017ceniu-200x200.jpg\" alt=\"GHS04 Piktogram zagro\u017ceniu\" width=\"200\" height=\"200\" \/><span class=\"su-custom-gallery-title\">GHS04 Piktogram zagro\u017ceniu<\/span><\/a><\/div><div class=\"su-custom-gallery-slide\" style=\"width:200px;height:200px\"><a href=\"https:\/\/www.msds-europe.com\/wp-content\/uploads\/2018\/06\/GHS05-Piktogram-zagro\u017ceniu.jpg\" title=\"GHS05 Piktogram zagro\u017ceniu\"><img decoding=\"async\" src=\"https:\/\/www.msds-europe.com\/wp-content\/uploads\/2018\/06\/GHS05-Piktogram-zagro\u017ceniu-200x200.jpg\" alt=\"GHS05 Piktogram zagro\u017ceniu\" width=\"200\" height=\"200\" \/><span class=\"su-custom-gallery-title\">GHS05 Piktogram zagro\u017ceniu<\/span><\/a><\/div><div class=\"su-custom-gallery-slide\" style=\"width:200px;height:200px\"><a href=\"https:\/\/www.msds-europe.com\/wp-content\/uploads\/2018\/06\/GHS06-Piktogram-zagro\u017ceniu.jpg\" title=\"GHS06 Piktogram zagro\u017ceniu\"><img decoding=\"async\" src=\"https:\/\/www.msds-europe.com\/wp-content\/uploads\/2018\/06\/GHS06-Piktogram-zagro\u017ceniu-200x200.jpg\" alt=\"GHS06 Piktogram zagro\u017ceniu\" width=\"200\" height=\"200\" \/><span class=\"su-custom-gallery-title\">GHS06 Piktogram zagro\u017ceniu<\/span><\/a><\/div><div class=\"su-custom-gallery-slide\" style=\"width:200px;height:200px\"><a href=\"https:\/\/www.msds-europe.com\/wp-content\/uploads\/2018\/06\/GHS07-Piktogram-zagro\u017ceniu.jpg\" title=\"GHS07 Piktogram zagro\u017ceniu\"><img decoding=\"async\" src=\"https:\/\/www.msds-europe.com\/wp-content\/uploads\/2018\/06\/GHS07-Piktogram-zagro\u017ceniu-200x200.jpg\" alt=\"GHS07 Piktogram zagro\u017ceniu\" width=\"200\" height=\"200\" \/><span class=\"su-custom-gallery-title\">GHS07 Piktogram zagro\u017ceniu<\/span><\/a><\/div><div class=\"su-custom-gallery-slide\" style=\"width:200px;height:200px\"><a href=\"https:\/\/www.msds-europe.com\/wp-content\/uploads\/2018\/06\/GHS08-Piktogram-zagro\u017ceniu.jpg\" title=\"GHS08 Piktogram zagro\u017ceniu\"><img decoding=\"async\" src=\"https:\/\/www.msds-europe.com\/wp-content\/uploads\/2018\/06\/GHS08-Piktogram-zagro\u017ceniu-200x200.jpg\" alt=\"GHS08 Piktogram zagro\u017ceniu\" width=\"200\" height=\"200\" \/><span class=\"su-custom-gallery-title\">GHS08 Piktogram zagro\u017ceniu<\/span><\/a><\/div><div class=\"su-custom-gallery-slide\" style=\"width:200px;height:200px\"><a href=\"https:\/\/www.msds-europe.com\/wp-content\/uploads\/2018\/06\/GHS09-Piktogram-zagro\u017ceniu.jpg\" title=\"GHS09 Piktogram zagro\u017ceniu\"><img decoding=\"async\" src=\"https:\/\/www.msds-europe.com\/wp-content\/uploads\/2018\/06\/GHS09-Piktogram-zagro\u017ceniu-200x200.jpg\" alt=\"GHS09 Piktogram zagro\u017ceniu\" width=\"200\" height=\"200\" \/><span class=\"su-custom-gallery-title\">GHS09 Piktogram zagro\u017ceniu<\/span><\/a><\/div><div class=\"su-clear\"><\/div><\/div>\n<h4>Pobierz piktogramy okre\u015blaj\u0105ce rodzaj zagro\u017cenia<\/h4>\n<p style=\"text-align: justify;\">Mo\u017cesz klikn\u0105\u0107 na wybrany obraz, aby zobaczy\u0107 go w wi\u0119kszym rozmiarze lub pobra\u0107.<\/p>\n<h4>Bezp\u0142atna konsultacja online<\/h4>\n<p style=\"text-align: justify;\">Je\u015bli nie znaleziono potrzebnych informacji na naszej stronie internetowej, wystarczy zada\u0107 pytanie dotycz\u0105ce karty charakterystyki bezpo\u015brednio naszemu ekspertowi.<\/p>\n<p style=\"text-align: justify;\">Aby wys\u0142a\u0107 pytanie, prosz\u0119 u\u017cy\u0107 poni\u017cszego narz\u0119dzia do przesy\u0142ania wiadomo\u015bci:<\/p>\n<p style=\"text-align: left;\"><a href=\"https:\/\/www.msds-europe.com\/pl\/konsultacja-online\/\" class=\"su-button su-button-style-default\" style=\"color:#ffffff;background-color:#ef552d;border-color:#c04424;border-radius:6px\" target=\"_self\"><span style=\"color:#ffffff;padding:0px 18px;font-size:14px;line-height:28px;border-color:#f4886c;border-radius:6px;text-shadow:0px 0px 2px #ffffff\"> Zapytaj naszego eksperta ds. bezpiecze\u0144stwa chemicznego!<\/span><\/a>\n<h4>Oferowane us\u0142ugi<\/h4>\n<ul>\n<li><a href=\"https:\/\/www.msds-europe.com\/pl\/etykieta-zgodna-z-rozporzadzeniem-clp\/\">Tworzenie projektu etykiety CLP, t\u0142umaczenie etykiety CLP<\/a><\/li>\n<li><a href=\"https:\/\/www.msds-europe.com\/pl\/kompilacja-tworzenie-karty-charakterystyki\/\">Kompilacja, tworzenie karty charakterystyki<\/a><\/li>\n<li><a href=\"https:\/\/www.msds-europe.com\/pl\/ufi-usluga\/\">Zg\u0142oszenia mieszanin przez portal PCN<\/a><\/li>\n<\/ul>\n<h4>Polecane artyku\u0142y<\/h4>\n<ul>\n<li><a href=\"https:\/\/www.msds-europe.com\/pl\/etykieta-zgodna-z-rozporzadzeniem-clp\/\">Oznakowanie CLP w praktyce<\/a><\/li>\n<li><a href=\"https:\/\/www.msds-europe.com\/pl\/zwroty-wskazujace-rodzaj-zagrozenia-h\/\">Zwroty okre\u015blaj\u0105ce zagro\u017cenie (H)<\/a><\/li>\n<li><a href=\"https:\/\/www.msds-europe.com\/pl\/zwroty-wskazujace-srodki-ostroznosci-p\/\">Zwroty okre\u015blaj\u0105ce \u015brodki ostro\u017cno\u015bci (P)<\/a><\/li>\n<li><a href=\"https:\/\/www.msds-europe.com\/pl\/wprowadzenie-przygotowanie-sds\/\">Przygotowanie kart charakterystyki (SDS): wprowadzenie i podstawy prawne<\/a><\/li>\n<li><a href=\"https:\/\/www.msds-europe.com\/pl\/przygotowanie-kart-charakterystyk-cz%c4%99%c5%9b%c4%87-2\/\">Obowi\u0105zki oraz proces opracowywania kart charakterystyki (SDS)<\/a><\/li>\n<li><a href=\"https:\/\/www.msds-europe.com\/pl\/przygotowanie-kart-charakterystyk-cz%c4%99%c5%9b%c4%87-3\/\">Pierwsze 8 sekcji karty charakterystyki \u2013 szczeg\u00f3\u0142owe om\u00f3wienie<\/a><\/li>\n<li><a href=\"https:\/\/www.msds-europe.com\/pl\/przygotowanie-kart-charakterystyk-cz%c4%99%c5%9b%c4%87-4\/\">Pozosta\u0142e sekcje karty charakterystyki (9\u201316)<\/a><\/li>\n<li><a href=\"https:\/\/www.msds-europe.com\/pl\/sds-opracowanie-dobre-praktyki\/\">Szczeg\u00f3lne przypadki i najlepsze praktyki<\/a><\/li>\n<\/ul>\n<p>&nbsp;<\/p>\n","protected":false},"excerpt":{"rendered":"<p>U\u017cyteczne materia\u0142y pomocnicze do praktycznego wdro\u017cenia obowi\u0105zku oznakowania zgodnie z przepisami CLP.<\/p>\n","protected":false},"author":2,"featured_media":0,"parent":0,"menu_order":0,"comment_status":"closed","ping_status":"closed","template":"","meta":{"_acf_changed":false,"footnotes":""},"tags":[361,261],"class_list":["post-5779","page","type-page","status-publish","hentry","tag-baza-wiedzy-karta-charakterystyk","tag-karta-charakterystyki"],"acf":[],"yoast_head":"<!-- This site is optimized with the Yoast SEO plugin v27.2 - https:\/\/yoast.com\/product\/yoast-seo-wordpress\/ -->\n<title>Piktogram zagro\u017ceniu<\/title>\n<meta name=\"description\" content=\"Piktogram o zagro\u017ceniu to grafika informuj\u0105ca o okre\u015blonym zagro\u017ceniu, zgodnie z przepisami CLP. MSDS-Europe\" \/>\n<meta name=\"robots\" content=\"index, follow, max-snippet:-1, max-image-preview:large, max-video-preview:-1\" \/>\n<link rel=\"canonical\" href=\"https:\/\/www.msds-europe.com\/pl\/piktogram-zagrozeniu\/\" \/>\n<meta property=\"og:locale\" content=\"pl_PL\" \/>\n<meta property=\"og:type\" content=\"article\" \/>\n<meta property=\"og:title\" content=\"Piktogram zagro\u017ceniu\" \/>\n<meta property=\"og:description\" content=\"Piktogram o zagro\u017ceniu to grafika informuj\u0105ca o okre\u015blonym zagro\u017ceniu, zgodnie z przepisami CLP. MSDS-Europe\" \/>\n<meta property=\"og:url\" content=\"https:\/\/www.msds-europe.com\/pl\/piktogram-zagrozeniu\/\" \/>\n<meta property=\"og:site_name\" content=\"MSDS Europe\" \/>\n<meta property=\"article:publisher\" content=\"https:\/\/www.facebook.com\/toxinfokft\/\" \/>\n<meta property=\"article:modified_time\" content=\"2026-02-20T10:08:49+00:00\" \/>\n<meta name=\"twitter:card\" content=\"summary_large_image\" \/>\n<meta name=\"twitter:site\" content=\"@ToxInfoKft\" \/>\n<meta name=\"twitter:label1\" content=\"Szacowany czas czytania\" \/>\n\t<meta name=\"twitter:data1\" content=\"2 minuty\" \/>\n<script type=\"application\/ld+json\" class=\"yoast-schema-graph\">{\"@context\":\"https:\/\/schema.org\",\"@graph\":[{\"@type\":\"WebPage\",\"@id\":\"https:\/\/www.msds-europe.com\/pl\/piktogram-zagrozeniu\/\",\"url\":\"https:\/\/www.msds-europe.com\/pl\/piktogram-zagrozeniu\/\",\"name\":\"Piktogram zagro\u017ceniu\",\"isPartOf\":{\"@id\":\"https:\/\/www.msds-europe.com\/es\/#website\"},\"datePublished\":\"2018-06-25T08:06:56+00:00\",\"dateModified\":\"2026-02-20T10:08:49+00:00\",\"description\":\"Piktogram o zagro\u017ceniu to grafika informuj\u0105ca o okre\u015blonym zagro\u017ceniu, zgodnie z przepisami CLP. MSDS-Europe\",\"breadcrumb\":{\"@id\":\"https:\/\/www.msds-europe.com\/pl\/piktogram-zagrozeniu\/#breadcrumb\"},\"inLanguage\":\"pl-PL\",\"potentialAction\":[{\"@type\":\"ReadAction\",\"target\":[\"https:\/\/www.msds-europe.com\/pl\/piktogram-zagrozeniu\/\"]}]},{\"@type\":\"BreadcrumbList\",\"@id\":\"https:\/\/www.msds-europe.com\/pl\/piktogram-zagrozeniu\/#breadcrumb\",\"itemListElement\":[{\"@type\":\"ListItem\",\"position\":1,\"name\":\"F\u0151oldal\",\"item\":\"https:\/\/www.msds-europe.com\/pl\/\"},{\"@type\":\"ListItem\",\"position\":2,\"name\":\"Piktogram zagro\u017ceniu\"}]},{\"@type\":\"WebSite\",\"@id\":\"https:\/\/www.msds-europe.com\/es\/#website\",\"url\":\"https:\/\/www.msds-europe.com\/es\/\",\"name\":\"MSDS Europe\",\"description\":\"\",\"publisher\":{\"@id\":\"https:\/\/www.msds-europe.com\/es\/#organization\"},\"potentialAction\":[{\"@type\":\"SearchAction\",\"target\":{\"@type\":\"EntryPoint\",\"urlTemplate\":\"https:\/\/www.msds-europe.com\/es\/?s={search_term_string}\"},\"query-input\":{\"@type\":\"PropertyValueSpecification\",\"valueRequired\":true,\"valueName\":\"search_term_string\"}}],\"inLanguage\":\"pl-PL\"},{\"@type\":\"Organization\",\"@id\":\"https:\/\/www.msds-europe.com\/es\/#organization\",\"name\":\"MSDS-Europe International branch of ToxInfo\",\"url\":\"https:\/\/www.msds-europe.com\/es\/\",\"logo\":{\"@type\":\"ImageObject\",\"inLanguage\":\"pl-PL\",\"@id\":\"https:\/\/www.msds-europe.com\/es\/#\/schema\/logo\/image\/\",\"url\":\"https:\/\/www.msds-europe.com\/wp-content\/uploads\/2021\/04\/msds-europe-logo.jpg\",\"contentUrl\":\"https:\/\/www.msds-europe.com\/wp-content\/uploads\/2021\/04\/msds-europe-logo.jpg\",\"width\":2296,\"height\":1067,\"caption\":\"MSDS-Europe International branch of ToxInfo\"},\"image\":{\"@id\":\"https:\/\/www.msds-europe.com\/es\/#\/schema\/logo\/image\/\"},\"sameAs\":[\"https:\/\/www.facebook.com\/toxinfokft\/\",\"https:\/\/x.com\/ToxInfoKft\"]}]}<\/script>\n<!-- \/ Yoast SEO plugin. -->","yoast_head_json":{"title":"Piktogram zagro\u017ceniu","description":"Piktogram o zagro\u017ceniu to grafika informuj\u0105ca o okre\u015blonym zagro\u017ceniu, zgodnie z przepisami CLP. MSDS-Europe","robots":{"index":"index","follow":"follow","max-snippet":"max-snippet:-1","max-image-preview":"max-image-preview:large","max-video-preview":"max-video-preview:-1"},"canonical":"https:\/\/www.msds-europe.com\/pl\/piktogram-zagrozeniu\/","og_locale":"pl_PL","og_type":"article","og_title":"Piktogram zagro\u017ceniu","og_description":"Piktogram o zagro\u017ceniu to grafika informuj\u0105ca o okre\u015blonym zagro\u017ceniu, zgodnie z przepisami CLP. MSDS-Europe","og_url":"https:\/\/www.msds-europe.com\/pl\/piktogram-zagrozeniu\/","og_site_name":"MSDS Europe","article_publisher":"https:\/\/www.facebook.com\/toxinfokft\/","article_modified_time":"2026-02-20T10:08:49+00:00","twitter_card":"summary_large_image","twitter_site":"@ToxInfoKft","twitter_misc":{"Szacowany czas czytania":"2 minuty"},"schema":{"@context":"https:\/\/schema.org","@graph":[{"@type":"WebPage","@id":"https:\/\/www.msds-europe.com\/pl\/piktogram-zagrozeniu\/","url":"https:\/\/www.msds-europe.com\/pl\/piktogram-zagrozeniu\/","name":"Piktogram zagro\u017ceniu","isPartOf":{"@id":"https:\/\/www.msds-europe.com\/es\/#website"},"datePublished":"2018-06-25T08:06:56+00:00","dateModified":"2026-02-20T10:08:49+00:00","description":"Piktogram o zagro\u017ceniu to grafika informuj\u0105ca o okre\u015blonym zagro\u017ceniu, zgodnie z przepisami CLP. MSDS-Europe","breadcrumb":{"@id":"https:\/\/www.msds-europe.com\/pl\/piktogram-zagrozeniu\/#breadcrumb"},"inLanguage":"pl-PL","potentialAction":[{"@type":"ReadAction","target":["https:\/\/www.msds-europe.com\/pl\/piktogram-zagrozeniu\/"]}]},{"@type":"BreadcrumbList","@id":"https:\/\/www.msds-europe.com\/pl\/piktogram-zagrozeniu\/#breadcrumb","itemListElement":[{"@type":"ListItem","position":1,"name":"F\u0151oldal","item":"https:\/\/www.msds-europe.com\/pl\/"},{"@type":"ListItem","position":2,"name":"Piktogram zagro\u017ceniu"}]},{"@type":"WebSite","@id":"https:\/\/www.msds-europe.com\/es\/#website","url":"https:\/\/www.msds-europe.com\/es\/","name":"MSDS Europe","description":"","publisher":{"@id":"https:\/\/www.msds-europe.com\/es\/#organization"},"potentialAction":[{"@type":"SearchAction","target":{"@type":"EntryPoint","urlTemplate":"https:\/\/www.msds-europe.com\/es\/?s={search_term_string}"},"query-input":{"@type":"PropertyValueSpecification","valueRequired":true,"valueName":"search_term_string"}}],"inLanguage":"pl-PL"},{"@type":"Organization","@id":"https:\/\/www.msds-europe.com\/es\/#organization","name":"MSDS-Europe International branch of ToxInfo","url":"https:\/\/www.msds-europe.com\/es\/","logo":{"@type":"ImageObject","inLanguage":"pl-PL","@id":"https:\/\/www.msds-europe.com\/es\/#\/schema\/logo\/image\/","url":"https:\/\/www.msds-europe.com\/wp-content\/uploads\/2021\/04\/msds-europe-logo.jpg","contentUrl":"https:\/\/www.msds-europe.com\/wp-content\/uploads\/2021\/04\/msds-europe-logo.jpg","width":2296,"height":1067,"caption":"MSDS-Europe International branch of ToxInfo"},"image":{"@id":"https:\/\/www.msds-europe.com\/es\/#\/schema\/logo\/image\/"},"sameAs":["https:\/\/www.facebook.com\/toxinfokft\/","https:\/\/x.com\/ToxInfoKft"]}]}},"_links":{"self":[{"href":"https:\/\/www.msds-europe.com\/pl\/wp-json\/wp\/v2\/pages\/5779","targetHints":{"allow":["GET"]}}],"collection":[{"href":"https:\/\/www.msds-europe.com\/pl\/wp-json\/wp\/v2\/pages"}],"about":[{"href":"https:\/\/www.msds-europe.com\/pl\/wp-json\/wp\/v2\/types\/page"}],"author":[{"embeddable":true,"href":"https:\/\/www.msds-europe.com\/pl\/wp-json\/wp\/v2\/users\/2"}],"replies":[{"embeddable":true,"href":"https:\/\/www.msds-europe.com\/pl\/wp-json\/wp\/v2\/comments?post=5779"}],"version-history":[{"count":7,"href":"https:\/\/www.msds-europe.com\/pl\/wp-json\/wp\/v2\/pages\/5779\/revisions"}],"predecessor-version":[{"id":37282,"href":"https:\/\/www.msds-europe.com\/pl\/wp-json\/wp\/v2\/pages\/5779\/revisions\/37282"}],"wp:attachment":[{"href":"https:\/\/www.msds-europe.com\/pl\/wp-json\/wp\/v2\/media?parent=5779"}],"wp:term":[{"taxonomy":"post_tag","embeddable":true,"href":"https:\/\/www.msds-europe.com\/pl\/wp-json\/wp\/v2\/tags?post=5779"}],"curies":[{"name":"wp","href":"https:\/\/api.w.org\/{rel}","templated":true}]}}