{"id":5436,"date":"2018-06-21T09:51:09","date_gmt":"2018-06-21T09:51:09","guid":{"rendered":"http:\/\/www.msds-europe.com\/tworzenie-kart-charakterystyk-dla-produktow-kosmetycznych\/"},"modified":"2018-06-29T13:00:45","modified_gmt":"2018-06-29T13:00:45","slug":"tworzenie-kart-charakterystyk-dla-produktow-kosmetycznych","status":"publish","type":"page","link":"https:\/\/www.msds-europe.com\/pl\/tworzenie-kart-charakterystyk-dla-produktow-kosmetycznych\/","title":{"rendered":"Tworzenie kart charakterystyk dla produkt\u00f3w kosmetycznych"},"content":{"rendered":"<p style=\"text-align: right;\"><em><a href=\"http:\/\/www.msds-europe.com\/pl\/uslugi-dotyczace-produktow-kosmetycznych\/\">Us\u0142ugi w zakresie produkt\u00f3w kosmetycznych<\/a>\u00a0\u2013 Tworzenie kart charakterystyk dla produkt\u00f3w kosmetycznych<\/em><\/p>\n<p>&nbsp;<\/p>\n<p style=\"text-align: justify;\">W wielu przypadkach nasi klienci skontaktowali si\u0119 z nami z zapytaniem utworzenia karty charakterystyki dla produkt\u00f3w kosmetycznych.<\/p>\n<p style=\"text-align: justify;\">Oczywi\u015bcie nasi klienci byli r\u00f3wnie\u017c \u015bwiadomi oraz zwr\u00f3cili\u015bmy ich uwag\u0119 na fakt, \u017ce dla produkt\u00f3w kosmetycznych nie maj\u0105 zastosowania wytyczne przepis\u00f3w o bezpiecze\u0144stwie chemicznym.<\/p>\n<p style=\"text-align: justify;\">Nie ma ustawowego obowi\u0105zku dotycz\u0105cego produkt\u00f3w kosmetycznych, kt\u00f3ry nak\u0142ada\u0142by obowi\u0105zek na uczestnik\u00f3w rynku dotycz\u0105cy posiadania, przekazywania ani tworzenia kart charakterystyk.<\/p>\n<p>&nbsp;<\/p>\n<h2 style=\"text-align: justify;\">W poni\u017cszych przypadkach zalecana jest karta charakterystyki dla produkt\u00f3w kosmetycznych<\/h2>\n<p style=\"text-align: justify;\">W czasie produkcji, przechowywania, pakowania lub transportowania produkt\u00f3w kosmetycznych mog\u0105 pojawi\u0107 si\u0119 potencjalne zagro\u017cenia dotycz\u0105ce pracownik\u00f3w. Karta charakterystyki mo\u017ce by\u0107 doskona\u0142ym \u201enarz\u0119dziem\u201d do przekazywania informacji wymaganych dla bezpiecznej pracy.<\/p>\n<p style=\"text-align: justify;\">Podczas przygotowywania karty charakterystyki dla produkt\u00f3w kosmetycznych, jest on traktowany w taki sam spos\u00f3b, jak inne mieszaniny.<\/p>\n<p style=\"text-align: justify;\">Uwzgl\u0119dniamy wszystkie wymagania tre\u015bci i formatu oraz <a href=\"http:\/\/www.msds-europe.com\/pl\/uslugi-dotyczace-produktow-kosmetycznych\/\">odpowiednie przepisy<\/a> dotycz\u0105ce kart charakterystyki.<\/p>\n<p>&nbsp;<\/p>\n<h2 style=\"text-align: justify;\">Wi\u0119cej informacji o naszych us\u0142ugach zwi\u0105zanych z tworzeniem kart charakterystyk<\/h2>\n<p style=\"text-align: justify;\">Opisy us\u0142ug, kt\u00f3re mo\u017cna znale\u017a\u0107 w cz\u0119\u015bci \u201e<a href=\"http:\/\/www.msds-europe.com\/pl\/kompilacja-tworzenie-karty-charakterystyki\/\">Us\u0142ugi zwi\u0105zane z kartami charakterystyk<\/a>\u201d, dotycz\u0105 r\u00f3wnie\u017c procedur u\u017cywanych dla produkt\u00f3w kosmetycznych.<\/p>\n<p style=\"text-align: justify;\">W ka\u017cdym przypadku wskazujemy fakt dotycz\u0105cy karty charakterystyki w przypadku obecnego produktu, nie jest obowi\u0105zkowe zapewnienie klientowi karty charakterystyki, co wi\u0119cej, opublikowane dane maj\u0105 zastosowanie wy\u0142\u0105cznie informacyjne.<\/p>\n<p>&nbsp;<\/p>\n<h2 style=\"text-align: justify;\">Zapytanie ofertowe dotycz\u0105ce tworzenia karty charakterystyki<\/h2>\n<p style=\"text-align: justify;\"><a href=\"mailto:info@msds-europe.com\">Odpowiemy na zapytanie ofertowe wys\u0142ane drog\u0105 mailow\u0105<\/a> lub za pomoc\u0105 <a href=\"http:\/\/www.msds-europe.com\/pl\/zapytanie-ofertowe-dotyczace-kosmetykow\/\">formularza online<\/a> w czasie 24 godzin.<br \/>\nNasza <a href=\"http:\/\/www.msds-europe.com\/pl\/obsluga-klienta\/\">obs\u0142uga klienta<\/a> asystuje przy wyborze odpowiedniej us\u0142ugi.<\/p>\n<p>&nbsp;<\/p>\n<h3 style=\"text-align: justify;\"><span style=\"color: #333333;\">Us\u0142ugi powi\u0105zane z nasz\u0105 us\u0142ug\u0105 tworzenia karty charakterystyki<\/span><\/h3>\n<ul>\n<li><a title=\"Us\u0142uga notyfikacji CPNP\" href=\"http:\/\/www.msds-europe.com\/pl\/usluga-notyfikacji-cpnp\/\">Us\u0142uga notyfikacji CPNP<\/a><\/li>\n<li><a title=\"Tworzenie t\u0142umaczenie projektu etykiety dla produkt\u00f3w kosmetycznych\" href=\"http:\/\/www.msds-europe.com\/pl\/tworzenie-tlumaczenie-projektu-etykiety-dla-produktow-kosmetycznych\/\">Tworzenie t\u0142umaczenie projektu etykiety dla produkt\u00f3w kosmetycznych<\/a><\/li>\n<\/ul>\n<p>&nbsp;<\/p>\n","protected":false},"excerpt":{"rendered":"<p>Nasza us\u0142uga tworzenia karty charakterystyki jest opcjonalna w przypadku produkt\u00f3w kosmetycznych. Tworzenie kart charakterystyki dla produkt\u00f3w kosmetycznych nie jest obowi\u0105zkowe, ale w wielu przypadkach mo\u017ce stanowi\u0107 skuteczny spos\u00f3b komunikacji uwzgl\u0119dniaj\u0105cy bezpiecze\u0144stwo miejsca pracy.<\/p>\n","protected":false},"author":2,"featured_media":0,"parent":0,"menu_order":0,"comment_status":"closed","ping_status":"closed","template":"","meta":{"_acf_changed":false,"footnotes":""},"tags":[261,283],"class_list":["post-5436","page","type-page","status-publish","hentry","tag-karta-charakterystyki","tag-uslugi-w-zakresie-produktow-kosmetycznych"],"acf":[],"yoast_head":"<!-- This site is optimized with the Yoast SEO plugin v27.2 - https:\/\/yoast.com\/product\/yoast-seo-wordpress\/ -->\n<title>Tworzenie kart charakterystyk dla produkt\u00f3w kosmetycznych<\/title>\n<meta name=\"description\" content=\"Nasza us\u0142uga tworzenia karty charakterystyki dla produkt\u00f3w kosmetycznych to us\u0142uga opcjonalna. Nie ma obowi\u0105zku prawnego dotycz\u0105cego kart charakterystyk dla produkt\u00f3w kosmetycznych, ale w niekt\u00f3rych przypadkach mo\u017ce to by\u0107 przydatny dokument.\" \/>\n<meta name=\"robots\" content=\"index, follow, max-snippet:-1, max-image-preview:large, max-video-preview:-1\" \/>\n<link rel=\"canonical\" href=\"https:\/\/www.msds-europe.com\/pl\/tworzenie-kart-charakterystyk-dla-produktow-kosmetycznych\/\" \/>\n<meta property=\"og:locale\" content=\"pl_PL\" \/>\n<meta property=\"og:type\" content=\"article\" \/>\n<meta property=\"og:title\" content=\"Tworzenie kart charakterystyk dla produkt\u00f3w kosmetycznych\" \/>\n<meta property=\"og:description\" content=\"Nasza us\u0142uga tworzenia karty charakterystyki dla produkt\u00f3w kosmetycznych to us\u0142uga opcjonalna. Nie ma obowi\u0105zku prawnego dotycz\u0105cego kart charakterystyk dla produkt\u00f3w kosmetycznych, ale w niekt\u00f3rych przypadkach mo\u017ce to by\u0107 przydatny dokument.\" \/>\n<meta property=\"og:url\" content=\"https:\/\/www.msds-europe.com\/pl\/tworzenie-kart-charakterystyk-dla-produktow-kosmetycznych\/\" \/>\n<meta property=\"og:site_name\" content=\"MSDS Europe\" \/>\n<meta property=\"article:publisher\" content=\"https:\/\/www.facebook.com\/toxinfokft\/\" \/>\n<meta property=\"article:modified_time\" content=\"2018-06-29T13:00:45+00:00\" \/>\n<meta name=\"twitter:card\" content=\"summary_large_image\" \/>\n<meta name=\"twitter:site\" content=\"@ToxInfoKft\" \/>\n<meta name=\"twitter:label1\" content=\"Szacowany czas czytania\" \/>\n\t<meta name=\"twitter:data1\" content=\"2 minuty\" \/>\n<script type=\"application\/ld+json\" class=\"yoast-schema-graph\">{\"@context\":\"https:\/\/schema.org\",\"@graph\":[{\"@type\":\"WebPage\",\"@id\":\"https:\/\/www.msds-europe.com\/pl\/tworzenie-kart-charakterystyk-dla-produktow-kosmetycznych\/\",\"url\":\"https:\/\/www.msds-europe.com\/pl\/tworzenie-kart-charakterystyk-dla-produktow-kosmetycznych\/\",\"name\":\"Tworzenie kart charakterystyk dla produkt\u00f3w kosmetycznych\",\"isPartOf\":{\"@id\":\"https:\/\/www.msds-europe.com\/es\/#website\"},\"datePublished\":\"2018-06-21T09:51:09+00:00\",\"dateModified\":\"2018-06-29T13:00:45+00:00\",\"description\":\"Nasza us\u0142uga tworzenia karty charakterystyki dla produkt\u00f3w kosmetycznych to us\u0142uga opcjonalna. Nie ma obowi\u0105zku prawnego dotycz\u0105cego kart charakterystyk dla produkt\u00f3w kosmetycznych, ale w niekt\u00f3rych przypadkach mo\u017ce to by\u0107 przydatny dokument.\",\"breadcrumb\":{\"@id\":\"https:\/\/www.msds-europe.com\/pl\/tworzenie-kart-charakterystyk-dla-produktow-kosmetycznych\/#breadcrumb\"},\"inLanguage\":\"pl-PL\",\"potentialAction\":[{\"@type\":\"ReadAction\",\"target\":[\"https:\/\/www.msds-europe.com\/pl\/tworzenie-kart-charakterystyk-dla-produktow-kosmetycznych\/\"]}]},{\"@type\":\"BreadcrumbList\",\"@id\":\"https:\/\/www.msds-europe.com\/pl\/tworzenie-kart-charakterystyk-dla-produktow-kosmetycznych\/#breadcrumb\",\"itemListElement\":[{\"@type\":\"ListItem\",\"position\":1,\"name\":\"F\u0151oldal\",\"item\":\"https:\/\/www.msds-europe.com\/pl\/\"},{\"@type\":\"ListItem\",\"position\":2,\"name\":\"Tworzenie kart charakterystyk dla produkt\u00f3w kosmetycznych\"}]},{\"@type\":\"WebSite\",\"@id\":\"https:\/\/www.msds-europe.com\/es\/#website\",\"url\":\"https:\/\/www.msds-europe.com\/es\/\",\"name\":\"MSDS Europe\",\"description\":\"\",\"publisher\":{\"@id\":\"https:\/\/www.msds-europe.com\/es\/#organization\"},\"potentialAction\":[{\"@type\":\"SearchAction\",\"target\":{\"@type\":\"EntryPoint\",\"urlTemplate\":\"https:\/\/www.msds-europe.com\/es\/?s={search_term_string}\"},\"query-input\":{\"@type\":\"PropertyValueSpecification\",\"valueRequired\":true,\"valueName\":\"search_term_string\"}}],\"inLanguage\":\"pl-PL\"},{\"@type\":\"Organization\",\"@id\":\"https:\/\/www.msds-europe.com\/es\/#organization\",\"name\":\"MSDS-Europe International branch of ToxInfo\",\"url\":\"https:\/\/www.msds-europe.com\/es\/\",\"logo\":{\"@type\":\"ImageObject\",\"inLanguage\":\"pl-PL\",\"@id\":\"https:\/\/www.msds-europe.com\/es\/#\/schema\/logo\/image\/\",\"url\":\"https:\/\/www.msds-europe.com\/wp-content\/uploads\/2021\/04\/msds-europe-logo.jpg\",\"contentUrl\":\"https:\/\/www.msds-europe.com\/wp-content\/uploads\/2021\/04\/msds-europe-logo.jpg\",\"width\":2296,\"height\":1067,\"caption\":\"MSDS-Europe International branch of ToxInfo\"},\"image\":{\"@id\":\"https:\/\/www.msds-europe.com\/es\/#\/schema\/logo\/image\/\"},\"sameAs\":[\"https:\/\/www.facebook.com\/toxinfokft\/\",\"https:\/\/x.com\/ToxInfoKft\"]}]}<\/script>\n<!-- \/ Yoast SEO plugin. -->","yoast_head_json":{"title":"Tworzenie kart charakterystyk dla produkt\u00f3w kosmetycznych","description":"Nasza us\u0142uga tworzenia karty charakterystyki dla produkt\u00f3w kosmetycznych to us\u0142uga opcjonalna. Nie ma obowi\u0105zku prawnego dotycz\u0105cego kart charakterystyk dla produkt\u00f3w kosmetycznych, ale w niekt\u00f3rych przypadkach mo\u017ce to by\u0107 przydatny dokument.","robots":{"index":"index","follow":"follow","max-snippet":"max-snippet:-1","max-image-preview":"max-image-preview:large","max-video-preview":"max-video-preview:-1"},"canonical":"https:\/\/www.msds-europe.com\/pl\/tworzenie-kart-charakterystyk-dla-produktow-kosmetycznych\/","og_locale":"pl_PL","og_type":"article","og_title":"Tworzenie kart charakterystyk dla produkt\u00f3w kosmetycznych","og_description":"Nasza us\u0142uga tworzenia karty charakterystyki dla produkt\u00f3w kosmetycznych to us\u0142uga opcjonalna. Nie ma obowi\u0105zku prawnego dotycz\u0105cego kart charakterystyk dla produkt\u00f3w kosmetycznych, ale w niekt\u00f3rych przypadkach mo\u017ce to by\u0107 przydatny dokument.","og_url":"https:\/\/www.msds-europe.com\/pl\/tworzenie-kart-charakterystyk-dla-produktow-kosmetycznych\/","og_site_name":"MSDS Europe","article_publisher":"https:\/\/www.facebook.com\/toxinfokft\/","article_modified_time":"2018-06-29T13:00:45+00:00","twitter_card":"summary_large_image","twitter_site":"@ToxInfoKft","twitter_misc":{"Szacowany czas czytania":"2 minuty"},"schema":{"@context":"https:\/\/schema.org","@graph":[{"@type":"WebPage","@id":"https:\/\/www.msds-europe.com\/pl\/tworzenie-kart-charakterystyk-dla-produktow-kosmetycznych\/","url":"https:\/\/www.msds-europe.com\/pl\/tworzenie-kart-charakterystyk-dla-produktow-kosmetycznych\/","name":"Tworzenie kart charakterystyk dla produkt\u00f3w kosmetycznych","isPartOf":{"@id":"https:\/\/www.msds-europe.com\/es\/#website"},"datePublished":"2018-06-21T09:51:09+00:00","dateModified":"2018-06-29T13:00:45+00:00","description":"Nasza us\u0142uga tworzenia karty charakterystyki dla produkt\u00f3w kosmetycznych to us\u0142uga opcjonalna. Nie ma obowi\u0105zku prawnego dotycz\u0105cego kart charakterystyk dla produkt\u00f3w kosmetycznych, ale w niekt\u00f3rych przypadkach mo\u017ce to by\u0107 przydatny dokument.","breadcrumb":{"@id":"https:\/\/www.msds-europe.com\/pl\/tworzenie-kart-charakterystyk-dla-produktow-kosmetycznych\/#breadcrumb"},"inLanguage":"pl-PL","potentialAction":[{"@type":"ReadAction","target":["https:\/\/www.msds-europe.com\/pl\/tworzenie-kart-charakterystyk-dla-produktow-kosmetycznych\/"]}]},{"@type":"BreadcrumbList","@id":"https:\/\/www.msds-europe.com\/pl\/tworzenie-kart-charakterystyk-dla-produktow-kosmetycznych\/#breadcrumb","itemListElement":[{"@type":"ListItem","position":1,"name":"F\u0151oldal","item":"https:\/\/www.msds-europe.com\/pl\/"},{"@type":"ListItem","position":2,"name":"Tworzenie kart charakterystyk dla produkt\u00f3w kosmetycznych"}]},{"@type":"WebSite","@id":"https:\/\/www.msds-europe.com\/es\/#website","url":"https:\/\/www.msds-europe.com\/es\/","name":"MSDS Europe","description":"","publisher":{"@id":"https:\/\/www.msds-europe.com\/es\/#organization"},"potentialAction":[{"@type":"SearchAction","target":{"@type":"EntryPoint","urlTemplate":"https:\/\/www.msds-europe.com\/es\/?s={search_term_string}"},"query-input":{"@type":"PropertyValueSpecification","valueRequired":true,"valueName":"search_term_string"}}],"inLanguage":"pl-PL"},{"@type":"Organization","@id":"https:\/\/www.msds-europe.com\/es\/#organization","name":"MSDS-Europe International branch of ToxInfo","url":"https:\/\/www.msds-europe.com\/es\/","logo":{"@type":"ImageObject","inLanguage":"pl-PL","@id":"https:\/\/www.msds-europe.com\/es\/#\/schema\/logo\/image\/","url":"https:\/\/www.msds-europe.com\/wp-content\/uploads\/2021\/04\/msds-europe-logo.jpg","contentUrl":"https:\/\/www.msds-europe.com\/wp-content\/uploads\/2021\/04\/msds-europe-logo.jpg","width":2296,"height":1067,"caption":"MSDS-Europe International branch of ToxInfo"},"image":{"@id":"https:\/\/www.msds-europe.com\/es\/#\/schema\/logo\/image\/"},"sameAs":["https:\/\/www.facebook.com\/toxinfokft\/","https:\/\/x.com\/ToxInfoKft"]}]}},"_links":{"self":[{"href":"https:\/\/www.msds-europe.com\/pl\/wp-json\/wp\/v2\/pages\/5436","targetHints":{"allow":["GET"]}}],"collection":[{"href":"https:\/\/www.msds-europe.com\/pl\/wp-json\/wp\/v2\/pages"}],"about":[{"href":"https:\/\/www.msds-europe.com\/pl\/wp-json\/wp\/v2\/types\/page"}],"author":[{"embeddable":true,"href":"https:\/\/www.msds-europe.com\/pl\/wp-json\/wp\/v2\/users\/2"}],"replies":[{"embeddable":true,"href":"https:\/\/www.msds-europe.com\/pl\/wp-json\/wp\/v2\/comments?post=5436"}],"version-history":[{"count":5,"href":"https:\/\/www.msds-europe.com\/pl\/wp-json\/wp\/v2\/pages\/5436\/revisions"}],"predecessor-version":[{"id":6780,"href":"https:\/\/www.msds-europe.com\/pl\/wp-json\/wp\/v2\/pages\/5436\/revisions\/6780"}],"wp:attachment":[{"href":"https:\/\/www.msds-europe.com\/pl\/wp-json\/wp\/v2\/media?parent=5436"}],"wp:term":[{"taxonomy":"post_tag","embeddable":true,"href":"https:\/\/www.msds-europe.com\/pl\/wp-json\/wp\/v2\/tags?post=5436"}],"curies":[{"name":"wp","href":"https:\/\/api.w.org\/{rel}","templated":true}]}}