{"id":5364,"date":"2018-06-21T08:52:35","date_gmt":"2018-06-21T08:52:35","guid":{"rendered":"http:\/\/www.msds-europe.com\/tworzenie-tlumaczenie-projektu-etykiety-dla-produktow-kosmetycznych\/"},"modified":"2018-07-04T13:26:44","modified_gmt":"2018-07-04T13:26:44","slug":"tworzenie-tlumaczenie-projektu-etykiety-dla-produktow-kosmetycznych","status":"publish","type":"page","link":"https:\/\/www.msds-europe.com\/pl\/tworzenie-tlumaczenie-projektu-etykiety-dla-produktow-kosmetycznych\/","title":{"rendered":"Tworzenie t\u0142umaczenie projektu etykiety dla produkt\u00f3w kosmetycznych"},"content":{"rendered":"<p style=\"text-align: right;\"><em><a href=\"http:\/\/www.msds-europe.com\/pl\/uslugi-dotyczace-produktow-kosmetycznych\/\">Us\u0142ugi w zakresie produkt\u00f3w kosmetycznych<\/a>\u00a0\u2013\u00a0Tworzenie t\u0142umaczenie projektu etykiety dla produkt\u00f3w kosmetycznych<\/em><\/p>\n<p>&nbsp;<\/p>\n<p style=\"text-align: justify;\">Tworzenie projektu etykiety dla produkt\u00f3w kosmetycznych zgodnie z odpowiednimi przepisami i t\u0142umaczenie na wszystkie j\u0119zyki UE.<\/p>\n<p>&nbsp;<\/p>\n<h2 style=\"text-align: justify;\">Tworzenie projektu etykiety dla odpowiedzialnych os\u00f3b<\/h2>\n<p style=\"text-align: justify;\">Tworzenie projekt\u00f3w etykiet dla produkt\u00f3w kosmetycznych zgodnie z <strong>artyku\u0142em 19 rozporz\u0105dzenia (WE) nr 1223\/2009.<\/strong><\/p>\n<p>&nbsp;<\/p>\n<h2 style=\"text-align: justify;\">T\u0142umaczenie projektu etykiety dla dystrybutor\u00f3w<\/h2>\n<p style=\"text-align: justify;\">T\u0142umaczenie projekt\u00f3w etykiet dla produkt\u00f3w kosmetycznych na j\u0119zyk w\u0119gierski <strong>i nast\u0119puj\u0105ce j\u0119zyki:<\/strong><\/p>\n<p style=\"text-align: justify;\"><em>angielski, czeski, fi\u0144ski, francuski, holenderski, chorwacki, chi\u0144ski, norweski, niemiecki, w\u0142oski, rosyjski, portugalski, rumu\u0144ski, hiszpa\u0144ski, serbski, s\u0142owacki, s\u0142owe\u0144ski, turecki, ukrai\u0144ski, polski szwedzki<\/em><\/p>\n<p>&nbsp;<\/p>\n<h2 style=\"text-align: justify;\">Zapytanie ofertowe dotycz\u0105ce us\u0142ugi tworzenia, t\u0142umaczenia projektu etykiety<\/h2>\n<p style=\"text-align: justify;\"><a href=\"mailto:info@msds-europe.com\">Odpowiemy na zapytanie ofertowe wys\u0142ane drog\u0105 mailow\u0105<\/a> lub za pomoc\u0105 <a href=\"http:\/\/www.msds-europe.com\/pl\/zapytanie-ofertowe-dotyczace-kosmetykow\/\">formularza online<\/a> w czasie 24 godzin.<br \/>\nNasza <a href=\"http:\/\/www.msds-europe.com\/pl\/obsluga-klienta\/\">obs\u0142uga klienta<\/a> asystuje przy wyborze odpowiedniej us\u0142ugi.<\/p>\n<p>&nbsp;<\/p>\n<h3 style=\"text-align: justify;\"><span style=\"color: #333333;\">Interesuj\u0105ce i przydatne profesjonalne materia\u0142y dotycz\u0105ce oznakowania produkt\u00f3w kosmetycznych<\/span><\/h3>\n<ul>\n<li><a title=\"Obowi\u0105zki osoby odpowiedzialnej\" href=\"http:\/\/www.msds-europe.com\/pl\/obowiazki-osoby-odpowiedzialnej\/\">Obowi\u0105zki osoby odpowiedzialnej<\/a><\/li>\n<li><a title=\"Obowi\u0105zki dystrybutor\u00f3w produkt\u00f3w kosmetycznych\" href=\"http:\/\/www.msds-europe.com\/pl\/obowiazki-dystrybutorow-produktow-kosmetycznych\/\">Obowi\u0105zki dystrybutor\u00f3w produkt\u00f3w kosmetycznych<\/a><\/li>\n<\/ul>\n<p>&nbsp;<\/p>\n<h3 style=\"text-align: justify;\"><span style=\"color: #333333;\">Dodatkowe us\u0142ugi, kt\u00f3re zlecamy, aby zam\u00f3wi\u0107 razem nasz\u0105 us\u0142ug\u0105 tworzenia projektu etykiety, us\u0142ug\u0119 t\u0142umaczenia dla produkt\u00f3w kosmetycznych<\/span><\/h3>\n<ul>\n<li><a title=\"Us\u0142uga notyfikacji CPNP\" href=\"http:\/\/www.msds-europe.com\/pl\/usluga-notyfikacji-cpnp\/\">Us\u0142uga notyfikacji CPNP<\/a><\/li>\n<li><a title=\"Tworzenie oceny zagro\u017ce\u0144 dla kosmetyk\u00f3w\" href=\"http:\/\/www.msds-europe.com\/pl\/tworzenie-oceny-zagrozen-dla-kosmetykow\/\">Tworzenie oceny zagro\u017ce\u0144 dla kosmetyk\u00f3w<\/a><\/li>\n<\/ul>\n<p>&nbsp;<\/p>\n","protected":false},"excerpt":{"rendered":"<p>Tworzenie, t\u0142umaczenie projektu etykiety dla produkt\u00f3w kosmetycznych zgodnie z odpowiednimi przepisami.<\/p>\n","protected":false},"author":2,"featured_media":0,"parent":0,"menu_order":0,"comment_status":"closed","ping_status":"closed","template":"","meta":{"_acf_changed":false,"footnotes":""},"tags":[283],"class_list":["post-5364","page","type-page","status-publish","hentry","tag-uslugi-w-zakresie-produktow-kosmetycznych"],"acf":[],"yoast_head":"<!-- This site is optimized with the Yoast SEO plugin v27.2 - https:\/\/yoast.com\/product\/yoast-seo-wordpress\/ -->\n<title>Tworzenie t\u0142umaczenie projektu etykiety dla kosmetyki, produkt\u00f3w kosmetycznych<\/title>\n<meta name=\"description\" content=\"Tworzenie, t\u0142umaczenie projektu etykiety dla produkt\u00f3w kosmetycznych zgodnie z odpowiednimi przepisami. T\u0142umaczenie projektu etykiety dla produkt\u00f3w kosmetycznych na wszystkie oficjalne j\u0119zyki Unii Europejskiej.\" \/>\n<meta name=\"robots\" content=\"index, follow, max-snippet:-1, max-image-preview:large, max-video-preview:-1\" \/>\n<link rel=\"canonical\" href=\"https:\/\/www.msds-europe.com\/pl\/tworzenie-tlumaczenie-projektu-etykiety-dla-produktow-kosmetycznych\/\" \/>\n<meta property=\"og:locale\" content=\"pl_PL\" \/>\n<meta property=\"og:type\" content=\"article\" \/>\n<meta property=\"og:title\" content=\"Tworzenie t\u0142umaczenie projektu etykiety dla kosmetyki, produkt\u00f3w kosmetycznych\" \/>\n<meta property=\"og:description\" content=\"Tworzenie, t\u0142umaczenie projektu etykiety dla produkt\u00f3w kosmetycznych zgodnie z odpowiednimi przepisami. T\u0142umaczenie projektu etykiety dla produkt\u00f3w kosmetycznych na wszystkie oficjalne j\u0119zyki Unii Europejskiej.\" \/>\n<meta property=\"og:url\" content=\"https:\/\/www.msds-europe.com\/pl\/tworzenie-tlumaczenie-projektu-etykiety-dla-produktow-kosmetycznych\/\" \/>\n<meta property=\"og:site_name\" content=\"MSDS Europe\" \/>\n<meta property=\"article:publisher\" content=\"https:\/\/www.facebook.com\/toxinfokft\/\" \/>\n<meta property=\"article:modified_time\" content=\"2018-07-04T13:26:44+00:00\" \/>\n<meta name=\"twitter:card\" content=\"summary_large_image\" \/>\n<meta name=\"twitter:site\" content=\"@ToxInfoKft\" \/>\n<meta name=\"twitter:label1\" content=\"Szacowany czas czytania\" \/>\n\t<meta name=\"twitter:data1\" content=\"1 minuta\" \/>\n<script type=\"application\/ld+json\" class=\"yoast-schema-graph\">{\"@context\":\"https:\/\/schema.org\",\"@graph\":[{\"@type\":\"WebPage\",\"@id\":\"https:\/\/www.msds-europe.com\/pl\/tworzenie-tlumaczenie-projektu-etykiety-dla-produktow-kosmetycznych\/\",\"url\":\"https:\/\/www.msds-europe.com\/pl\/tworzenie-tlumaczenie-projektu-etykiety-dla-produktow-kosmetycznych\/\",\"name\":\"Tworzenie t\u0142umaczenie projektu etykiety dla kosmetyki, produkt\u00f3w kosmetycznych\",\"isPartOf\":{\"@id\":\"https:\/\/www.msds-europe.com\/es\/#website\"},\"datePublished\":\"2018-06-21T08:52:35+00:00\",\"dateModified\":\"2018-07-04T13:26:44+00:00\",\"description\":\"Tworzenie, t\u0142umaczenie projektu etykiety dla produkt\u00f3w kosmetycznych zgodnie z odpowiednimi przepisami. T\u0142umaczenie projektu etykiety dla produkt\u00f3w kosmetycznych na wszystkie oficjalne j\u0119zyki Unii Europejskiej.\",\"breadcrumb\":{\"@id\":\"https:\/\/www.msds-europe.com\/pl\/tworzenie-tlumaczenie-projektu-etykiety-dla-produktow-kosmetycznych\/#breadcrumb\"},\"inLanguage\":\"pl-PL\",\"potentialAction\":[{\"@type\":\"ReadAction\",\"target\":[\"https:\/\/www.msds-europe.com\/pl\/tworzenie-tlumaczenie-projektu-etykiety-dla-produktow-kosmetycznych\/\"]}]},{\"@type\":\"BreadcrumbList\",\"@id\":\"https:\/\/www.msds-europe.com\/pl\/tworzenie-tlumaczenie-projektu-etykiety-dla-produktow-kosmetycznych\/#breadcrumb\",\"itemListElement\":[{\"@type\":\"ListItem\",\"position\":1,\"name\":\"F\u0151oldal\",\"item\":\"https:\/\/www.msds-europe.com\/pl\/\"},{\"@type\":\"ListItem\",\"position\":2,\"name\":\"Tworzenie t\u0142umaczenie projektu etykiety dla produkt\u00f3w kosmetycznych\"}]},{\"@type\":\"WebSite\",\"@id\":\"https:\/\/www.msds-europe.com\/es\/#website\",\"url\":\"https:\/\/www.msds-europe.com\/es\/\",\"name\":\"MSDS Europe\",\"description\":\"\",\"publisher\":{\"@id\":\"https:\/\/www.msds-europe.com\/es\/#organization\"},\"potentialAction\":[{\"@type\":\"SearchAction\",\"target\":{\"@type\":\"EntryPoint\",\"urlTemplate\":\"https:\/\/www.msds-europe.com\/es\/?s={search_term_string}\"},\"query-input\":{\"@type\":\"PropertyValueSpecification\",\"valueRequired\":true,\"valueName\":\"search_term_string\"}}],\"inLanguage\":\"pl-PL\"},{\"@type\":\"Organization\",\"@id\":\"https:\/\/www.msds-europe.com\/es\/#organization\",\"name\":\"MSDS-Europe International branch of ToxInfo\",\"url\":\"https:\/\/www.msds-europe.com\/es\/\",\"logo\":{\"@type\":\"ImageObject\",\"inLanguage\":\"pl-PL\",\"@id\":\"https:\/\/www.msds-europe.com\/es\/#\/schema\/logo\/image\/\",\"url\":\"https:\/\/www.msds-europe.com\/wp-content\/uploads\/2021\/04\/msds-europe-logo.jpg\",\"contentUrl\":\"https:\/\/www.msds-europe.com\/wp-content\/uploads\/2021\/04\/msds-europe-logo.jpg\",\"width\":2296,\"height\":1067,\"caption\":\"MSDS-Europe International branch of ToxInfo\"},\"image\":{\"@id\":\"https:\/\/www.msds-europe.com\/es\/#\/schema\/logo\/image\/\"},\"sameAs\":[\"https:\/\/www.facebook.com\/toxinfokft\/\",\"https:\/\/x.com\/ToxInfoKft\"]}]}<\/script>\n<!-- \/ Yoast SEO plugin. -->","yoast_head_json":{"title":"Tworzenie t\u0142umaczenie projektu etykiety dla kosmetyki, produkt\u00f3w kosmetycznych","description":"Tworzenie, t\u0142umaczenie projektu etykiety dla produkt\u00f3w kosmetycznych zgodnie z odpowiednimi przepisami. T\u0142umaczenie projektu etykiety dla produkt\u00f3w kosmetycznych na wszystkie oficjalne j\u0119zyki Unii Europejskiej.","robots":{"index":"index","follow":"follow","max-snippet":"max-snippet:-1","max-image-preview":"max-image-preview:large","max-video-preview":"max-video-preview:-1"},"canonical":"https:\/\/www.msds-europe.com\/pl\/tworzenie-tlumaczenie-projektu-etykiety-dla-produktow-kosmetycznych\/","og_locale":"pl_PL","og_type":"article","og_title":"Tworzenie t\u0142umaczenie projektu etykiety dla kosmetyki, produkt\u00f3w kosmetycznych","og_description":"Tworzenie, t\u0142umaczenie projektu etykiety dla produkt\u00f3w kosmetycznych zgodnie z odpowiednimi przepisami. T\u0142umaczenie projektu etykiety dla produkt\u00f3w kosmetycznych na wszystkie oficjalne j\u0119zyki Unii Europejskiej.","og_url":"https:\/\/www.msds-europe.com\/pl\/tworzenie-tlumaczenie-projektu-etykiety-dla-produktow-kosmetycznych\/","og_site_name":"MSDS Europe","article_publisher":"https:\/\/www.facebook.com\/toxinfokft\/","article_modified_time":"2018-07-04T13:26:44+00:00","twitter_card":"summary_large_image","twitter_site":"@ToxInfoKft","twitter_misc":{"Szacowany czas czytania":"1 minuta"},"schema":{"@context":"https:\/\/schema.org","@graph":[{"@type":"WebPage","@id":"https:\/\/www.msds-europe.com\/pl\/tworzenie-tlumaczenie-projektu-etykiety-dla-produktow-kosmetycznych\/","url":"https:\/\/www.msds-europe.com\/pl\/tworzenie-tlumaczenie-projektu-etykiety-dla-produktow-kosmetycznych\/","name":"Tworzenie t\u0142umaczenie projektu etykiety dla kosmetyki, produkt\u00f3w kosmetycznych","isPartOf":{"@id":"https:\/\/www.msds-europe.com\/es\/#website"},"datePublished":"2018-06-21T08:52:35+00:00","dateModified":"2018-07-04T13:26:44+00:00","description":"Tworzenie, t\u0142umaczenie projektu etykiety dla produkt\u00f3w kosmetycznych zgodnie z odpowiednimi przepisami. T\u0142umaczenie projektu etykiety dla produkt\u00f3w kosmetycznych na wszystkie oficjalne j\u0119zyki Unii Europejskiej.","breadcrumb":{"@id":"https:\/\/www.msds-europe.com\/pl\/tworzenie-tlumaczenie-projektu-etykiety-dla-produktow-kosmetycznych\/#breadcrumb"},"inLanguage":"pl-PL","potentialAction":[{"@type":"ReadAction","target":["https:\/\/www.msds-europe.com\/pl\/tworzenie-tlumaczenie-projektu-etykiety-dla-produktow-kosmetycznych\/"]}]},{"@type":"BreadcrumbList","@id":"https:\/\/www.msds-europe.com\/pl\/tworzenie-tlumaczenie-projektu-etykiety-dla-produktow-kosmetycznych\/#breadcrumb","itemListElement":[{"@type":"ListItem","position":1,"name":"F\u0151oldal","item":"https:\/\/www.msds-europe.com\/pl\/"},{"@type":"ListItem","position":2,"name":"Tworzenie t\u0142umaczenie projektu etykiety dla produkt\u00f3w kosmetycznych"}]},{"@type":"WebSite","@id":"https:\/\/www.msds-europe.com\/es\/#website","url":"https:\/\/www.msds-europe.com\/es\/","name":"MSDS Europe","description":"","publisher":{"@id":"https:\/\/www.msds-europe.com\/es\/#organization"},"potentialAction":[{"@type":"SearchAction","target":{"@type":"EntryPoint","urlTemplate":"https:\/\/www.msds-europe.com\/es\/?s={search_term_string}"},"query-input":{"@type":"PropertyValueSpecification","valueRequired":true,"valueName":"search_term_string"}}],"inLanguage":"pl-PL"},{"@type":"Organization","@id":"https:\/\/www.msds-europe.com\/es\/#organization","name":"MSDS-Europe International branch of ToxInfo","url":"https:\/\/www.msds-europe.com\/es\/","logo":{"@type":"ImageObject","inLanguage":"pl-PL","@id":"https:\/\/www.msds-europe.com\/es\/#\/schema\/logo\/image\/","url":"https:\/\/www.msds-europe.com\/wp-content\/uploads\/2021\/04\/msds-europe-logo.jpg","contentUrl":"https:\/\/www.msds-europe.com\/wp-content\/uploads\/2021\/04\/msds-europe-logo.jpg","width":2296,"height":1067,"caption":"MSDS-Europe International branch of ToxInfo"},"image":{"@id":"https:\/\/www.msds-europe.com\/es\/#\/schema\/logo\/image\/"},"sameAs":["https:\/\/www.facebook.com\/toxinfokft\/","https:\/\/x.com\/ToxInfoKft"]}]}},"_links":{"self":[{"href":"https:\/\/www.msds-europe.com\/pl\/wp-json\/wp\/v2\/pages\/5364","targetHints":{"allow":["GET"]}}],"collection":[{"href":"https:\/\/www.msds-europe.com\/pl\/wp-json\/wp\/v2\/pages"}],"about":[{"href":"https:\/\/www.msds-europe.com\/pl\/wp-json\/wp\/v2\/types\/page"}],"author":[{"embeddable":true,"href":"https:\/\/www.msds-europe.com\/pl\/wp-json\/wp\/v2\/users\/2"}],"replies":[{"embeddable":true,"href":"https:\/\/www.msds-europe.com\/pl\/wp-json\/wp\/v2\/comments?post=5364"}],"version-history":[{"count":5,"href":"https:\/\/www.msds-europe.com\/pl\/wp-json\/wp\/v2\/pages\/5364\/revisions"}],"predecessor-version":[{"id":7358,"href":"https:\/\/www.msds-europe.com\/pl\/wp-json\/wp\/v2\/pages\/5364\/revisions\/7358"}],"wp:attachment":[{"href":"https:\/\/www.msds-europe.com\/pl\/wp-json\/wp\/v2\/media?parent=5364"}],"wp:term":[{"taxonomy":"post_tag","embeddable":true,"href":"https:\/\/www.msds-europe.com\/pl\/wp-json\/wp\/v2\/tags?post=5364"}],"curies":[{"name":"wp","href":"https:\/\/api.w.org\/{rel}","templated":true}]}}