{"id":5310,"date":"2018-06-21T07:42:24","date_gmt":"2018-06-21T07:42:24","guid":{"rendered":"http:\/\/www.msds-europe.com\/tworzenie-oceny-zagrozen-dla-kosmetykow\/"},"modified":"2023-02-13T12:57:42","modified_gmt":"2023-02-13T12:57:42","slug":"tworzenie-oceny-zagrozen-dla-kosmetykow","status":"publish","type":"page","link":"https:\/\/www.msds-europe.com\/pl\/tworzenie-oceny-zagrozen-dla-kosmetykow\/","title":{"rendered":"Tworzenie oceny bezpiecze\u0144stwa dla kosmetyk\u00f3w"},"content":{"rendered":"<p style=\"text-align: right;\"><em><a href=\"http:\/\/www.msds-europe.com\/pl\/uslugi-dotyczace-produktow-kosmetycznych\/\">Us\u0142ugi w zakresie produkt\u00f3w kosmetycznych<\/a>\u00a0\u2013\u00a0Tworzenie oceny bezpiecze\u0144stwa dla kosmetyk\u00f3w<\/em><\/p>\n<p>&nbsp;<\/p>\n<p style=\"text-align: justify;\">Podczas tworzenia oceny zagro\u017ce\u0144 bierzemy pod uwag\u0119 wskaz\u00f3wki za\u0142\u0105cznika I <strong>rozporz\u0105dzenia (WE) nr 1223\/2009.<\/strong><\/p>\n<p style=\"text-align: right;\"><a href=\"https:\/\/www.msds-europe.com\/pl\/zmiany-przepisow-bezpieczenstwa-chemicznego\/\"><em>Obserwator zmian rozporz\u0105dze\u0144<\/em><\/a><\/p>\n<h2 style=\"text-align: justify;\">Tworzenie oceny bezpiecze\u0144stwa<\/h2>\n<p style=\"text-align: justify;\">Aby zaprezentowa\u0107, \u017ce produkt kosmetyczny spe\u0142nia wymagania przepis\u00f3w, osoba odpowiedzialna musi, przed wprowadzeniem produktu kosmetycznego na rynek, zapewni\u0107, \u017ce produkt kosmetyczny przeszed\u0142 ocen\u0119 zagro\u017ce\u0144 na podstawie odpowiednich informacji i \u017ce ustawiono raport bezpiecze\u0144stwa produktu kosmetycznego.<\/p>\n<p style=\"text-align: justify;\">Ocen\u0119 bezpiecze\u0144stwa mo\u017ce wykona\u0107 tylko wykwalifikowana osoba, kt\u00f3ra ma odpowiednie do\u015bwiadczenie zawodowe i kwalifikacje okre\u015blone przez przepisy.<\/p>\n<p>&nbsp;<\/p>\n<h2 style=\"text-align: justify;\">Informacje konieczne do tworzenia oceny bezpiecze\u0144stwa<\/h2>\n<ul>\n<li style=\"text-align: justify;\">Dane przedsi\u0119biorstwa i informacje kontaktowe producenta i dystrybutora<\/li>\n<li style=\"text-align: justify;\">Sformu\u0142owanie produktu<\/li>\n<li style=\"text-align: justify;\">Karty charakterystyk sk\u0142adnik\u00f3w zgodne z rozporz\u0105dzeniem (WE) <strong>2020\/878<\/strong>, specyfikacje i certyfikat analizy sk\u0142adnik\u00f3w, zapewniaj\u0105ce, \u017ce spe\u0142niaj\u0105 wymagania produkt\u00f3w kosmetycznych.<br \/>\nWarto\u015bci LOAEL lub NOAEL odnosz\u0105ce si\u0119 do sk\u0142adnik\u00f3w r\u00f3wnie\u017c musz\u0105 by\u0107 za\u0142\u0105czone dla sk\u0142adnik\u00f3w (mo\u017cna ich za\u017c\u0105da\u0107 od dostawcy materia\u0142\u00f3w bazowych)<\/li>\n<li style=\"text-align: justify;\">Lista substancji zapachowych<\/li>\n<li style=\"text-align: justify;\">Dane i specyfikacje odnosz\u0105ce si\u0119 do uko\u0144czonego produktu (fizyczne, parametry chemiczne, czysto\u015b\u0107 mikrobiologiczna itp.)<br \/>\nCzysto\u015b\u0107 mikrobiologiczna musi by\u0107 potwierdzona wynikami test\u00f3w laboratoryjnych<\/li>\n<li style=\"text-align: justify;\">Specyfikacja wielko\u015bci opakowa\u0144, pakowania i materia\u0142u do pakowania, potwierdza, \u017ce spe\u0142niaj\u0105 wymagania dotycz\u0105ce opakowa\u0144 produkt\u00f3w kosmetycznych<\/li>\n<li style=\"text-align: justify;\">Testy stabilno\u015bci<\/li>\n<li style=\"text-align: justify;\">Opis metody produkcji, certyfikaty miejsca produkcji (o zgodno\u015bci GMP)<\/li>\n<li style=\"text-align: justify;\">Instrukcja obs\u0142ugi<\/li>\n<li style=\"text-align: justify;\">Oryginalna etykieta produktu w j\u0119zyku kraju, w kt\u00f3rym produkt jest po raz pierwszy wprowadzany na rynek<\/li>\n<li style=\"text-align: justify;\">O\u015bwiadczenie, czy wykorzystano testy na zwierz\u0119tach<\/li>\n<\/ul>\n<p style=\"text-align: justify;\"><em>Lista ma tylko charakter informacyjny. Poza powy\u017cszymi informacjami mo\u017ce by\u0107 koniecznych wi\u0119cej danych, w zale\u017cno\u015bci od rodzaju\/charakteru produktu.<\/em><\/p>\n<p>&nbsp;<\/p>\n<h2 style=\"text-align: justify;\">Ocena bezpiecze\u0144stwa wykonana przez nasz\u0105 firm\u0119 mo\u017ce s\u0142u\u017cy\u0107 do<\/h2>\n<ul>\n<li style=\"text-align: justify;\">oznakowania etykiet\u0105 produktu kosmetycznego, wykorzystuj\u0105c odpowiednie informacje<\/li>\n<li style=\"text-align: justify;\">informowania klient\u00f3w<\/li>\n<li style=\"text-align: justify;\">notyfikacja CPNP produktu<\/li>\n<li style=\"text-align: justify;\">przesy\u0142anie informacji wymaganych przez przepisy dotycz\u0105ce kosmetyk\u00f3w<\/li>\n<li style=\"text-align: justify;\">tworzenie bezpiecznych warunk\u00f3w pracy<\/li>\n<\/ul>\n<p>&nbsp;<\/p>\n<h2 style=\"text-align: justify;\">Zapewnianie jako\u015bci w procesie tworzenia oceny bezpiecze\u0144stwa<\/h2>\n<p style=\"text-align: justify;\">Ponosimy pe\u0142n\u0105 odpowiedzialno\u015b\u0107 za zgodno\u015b\u0107 prawn\u0105 oceny bezpiecze\u0144stwa, wykonan\u0105 przez nasz\u0105 firm\u0119 i za po oficjalnej akceptacji.<\/p>\n<p style=\"text-align: justify;\">W przypadku mo\u017cliwych roszcze\u0144 urz\u0119dowych nasza firma zmodyfikuje lub zmieni dokument.<br \/>\nNasza firma nie ponosi odpowiedzialno\u015bci za problemy\/straty wynikaj\u0105ce z niewystarczaj\u0105cych danych\/informacji lub ich braku.<\/p>\n<p>&nbsp;<\/p>\n<h2 style=\"text-align: justify;\">Szybkie i \u0142atwe procesy podczas us\u0142ugi tworzenia oceny bezpiecze\u0144stwa<\/h2>\n<p style=\"text-align: justify;\"><a href=\"mailto:info@msds-europe.com\">Odpowiemy na zapytanie ofertowe wys\u0142ane drog\u0105 mailow\u0105<\/a> lub za pomoc\u0105 formularza online w czasie 24 godzin.<br \/>\nJako za\u0142\u0105cznik to naszej oferty wy\u015blemy r\u00f3wnie\u017c nasz formularz zam\u00f3wienia, aby u\u0142atwi\u0107 proces zamawiania.<\/p>\n<p style=\"text-align: justify;\">Wystarczy wys\u0142a\u0107 wype\u0142niony formularz i zapewni\u0107 wymagane dokumenty i dane, o kt\u00f3re poprosili\u015bmy w naszej ofercie, i zajmiemy si\u0119 wszystkimi pozosta\u0142ymi kwestiami zam\u00f3wienia.<\/p>\n<p style=\"text-align: right;\"><a href=\"https:\/\/www.msds-europe.com\/pl\/zapytanie-ofertowe-dotyczace-kosmetykow\/\"><em>Zapytanie o us\u0142ug\u0119 dotycz\u0105c\u0105 produkt\u00f3w kosmetycznych<\/em><\/a><\/p>\n<h2 style=\"text-align: justify;\">Gwarancja<\/h2>\n<p style=\"text-align: justify;\">Ponosimy pe\u0142n\u0105 odpowiedzialno\u015b\u0107 zawodow\u0105 i finansow\u0105 za ocen\u0119 utworzon\u0105 przez nasz\u0105 firm\u0119 oraz za wszystkie powi\u0105zane us\u0142ugi.<\/p>\n<p style=\"text-align: justify;\">Nasz gwarancja finansowa obejmuje zwrot wszystkich szk\u00f3d po\u015brednich i bezpo\u015brednich.<\/p>\n<p>&nbsp;<\/p>\n<h2 style=\"text-align: justify;\">Pomoc po skorzystaniu z naszych us\u0142ug<\/h2>\n<p style=\"text-align: justify;\">Po skorzystaniu z naszych us\u0142ug nasi eksperci b\u0119d\u0105 r\u00f3wnie\u017c pomaga\u0107 w interpretacji i u\u017cywania utworzonej oceny bezpiecze\u0144stwa i mog\u0105 pom\u00f3c w powi\u0105zanych zadaniach.<\/p>\n<p>&nbsp;<\/p>\n<h3 style=\"text-align: justify;\">Us\u0142ugi powi\u0105zane z nasz\u0105 us\u0142ug\u0105 tworzenia oceny bezpiecze\u0144stwa<\/h3>\n<ul>\n<li><a href=\"https:\/\/www.msds-europe.com\/pl\/usluga-notyfikacji-cpnp\/\">Us\u0142uga notyfikacji CPNP<\/a><\/li>\n<li><a href=\"https:\/\/www.msds-europe.com\/pl\/tworzenie-kart-charakterystyk-dla-produktow-kosmetycznych\/\">Tworzenie kart charakterystyk dla produkt\u00f3w kosmetycznych<\/a><\/li>\n<\/ul>\n<p>&nbsp;<\/p>\n<h3 style=\"text-align: justify;\">Interesuj\u0105cy i przydatny profesjonalny materia\u0142 dotycz\u0105cy naszej us\u0142ugi tworzenia oceny bezpiecze\u0144stwa<\/h3>\n<ul>\n<li><a href=\"https:\/\/www.msds-europe.com\/pl\/obowiazki-osoby-odpowiedzialnej\/\">Obowi\u0105zki osoby odpowiedzialnej<\/a><\/li>\n<li><a href=\"https:\/\/www.msds-europe.com\/pl\/obowiazki-dystrybutorow-produktow-kosmetycznych\/\">Obowi\u0105zki dystrybutor\u00f3w produkt\u00f3w kosmetycznych<\/a><\/li>\n<\/ul>\n<p>&nbsp;<\/p>\n<p>&nbsp;<\/p>\n","protected":false},"excerpt":{"rendered":"<p>Us\u0142uga tworzenia oceny zagro\u017ce\u0144 dla produkt\u00f3w kosmetycznych zgodnie z rozporz\u0105dzeniem (WE) nr 1223\/2009<\/p>\n","protected":false},"author":2,"featured_media":0,"parent":0,"menu_order":0,"comment_status":"closed","ping_status":"closed","template":"","meta":{"_acf_changed":false,"footnotes":""},"tags":[284,283],"class_list":["post-5310","page","type-page","status-publish","hentry","tag-kosmetyki","tag-uslugi-w-zakresie-produktow-kosmetycznych"],"acf":[],"yoast_head":"<!-- This site is optimized with the Yoast SEO plugin v27.2 - https:\/\/yoast.com\/product\/yoast-seo-wordpress\/ -->\n<title>Tworzenie oceny bezpiecze\u0144stwa dla kosmetyk\u00f3w<\/title>\n<meta name=\"description\" content=\"Tworzenie oceny bezpiecze\u0144stwa dla kosmetyk\u00f3w, produkt\u00f3w kosmetycznych Tworzenie oceny zagro\u017ce\u0144 z mi\u0119dzynarodowymi referencjami\" \/>\n<meta name=\"robots\" content=\"index, follow, max-snippet:-1, max-image-preview:large, max-video-preview:-1\" \/>\n<link rel=\"canonical\" href=\"https:\/\/www.msds-europe.com\/pl\/tworzenie-oceny-zagrozen-dla-kosmetykow\/\" \/>\n<meta property=\"og:locale\" content=\"pl_PL\" \/>\n<meta property=\"og:type\" content=\"article\" \/>\n<meta property=\"og:title\" content=\"Tworzenie oceny bezpiecze\u0144stwa dla kosmetyk\u00f3w\" \/>\n<meta property=\"og:description\" content=\"Tworzenie oceny bezpiecze\u0144stwa dla kosmetyk\u00f3w, produkt\u00f3w kosmetycznych Tworzenie oceny zagro\u017ce\u0144 z mi\u0119dzynarodowymi referencjami\" \/>\n<meta property=\"og:url\" content=\"https:\/\/www.msds-europe.com\/pl\/tworzenie-oceny-zagrozen-dla-kosmetykow\/\" \/>\n<meta property=\"og:site_name\" content=\"MSDS Europe\" \/>\n<meta property=\"article:publisher\" content=\"https:\/\/www.facebook.com\/toxinfokft\/\" \/>\n<meta property=\"article:modified_time\" content=\"2023-02-13T12:57:42+00:00\" \/>\n<meta name=\"twitter:card\" content=\"summary_large_image\" \/>\n<meta name=\"twitter:site\" content=\"@ToxInfoKft\" \/>\n<meta name=\"twitter:label1\" content=\"Szacowany czas czytania\" \/>\n\t<meta name=\"twitter:data1\" content=\"3 minuty\" \/>\n<script type=\"application\/ld+json\" class=\"yoast-schema-graph\">{\"@context\":\"https:\/\/schema.org\",\"@graph\":[{\"@type\":\"WebPage\",\"@id\":\"https:\/\/www.msds-europe.com\/pl\/tworzenie-oceny-zagrozen-dla-kosmetykow\/\",\"url\":\"https:\/\/www.msds-europe.com\/pl\/tworzenie-oceny-zagrozen-dla-kosmetykow\/\",\"name\":\"Tworzenie oceny bezpiecze\u0144stwa dla kosmetyk\u00f3w\",\"isPartOf\":{\"@id\":\"https:\/\/www.msds-europe.com\/es\/#website\"},\"datePublished\":\"2018-06-21T07:42:24+00:00\",\"dateModified\":\"2023-02-13T12:57:42+00:00\",\"description\":\"Tworzenie oceny bezpiecze\u0144stwa dla kosmetyk\u00f3w, produkt\u00f3w kosmetycznych Tworzenie oceny zagro\u017ce\u0144 z mi\u0119dzynarodowymi referencjami\",\"breadcrumb\":{\"@id\":\"https:\/\/www.msds-europe.com\/pl\/tworzenie-oceny-zagrozen-dla-kosmetykow\/#breadcrumb\"},\"inLanguage\":\"pl-PL\",\"potentialAction\":[{\"@type\":\"ReadAction\",\"target\":[\"https:\/\/www.msds-europe.com\/pl\/tworzenie-oceny-zagrozen-dla-kosmetykow\/\"]}]},{\"@type\":\"BreadcrumbList\",\"@id\":\"https:\/\/www.msds-europe.com\/pl\/tworzenie-oceny-zagrozen-dla-kosmetykow\/#breadcrumb\",\"itemListElement\":[{\"@type\":\"ListItem\",\"position\":1,\"name\":\"F\u0151oldal\",\"item\":\"https:\/\/www.msds-europe.com\/pl\/\"},{\"@type\":\"ListItem\",\"position\":2,\"name\":\"Tworzenie oceny bezpiecze\u0144stwa dla kosmetyk\u00f3w\"}]},{\"@type\":\"WebSite\",\"@id\":\"https:\/\/www.msds-europe.com\/es\/#website\",\"url\":\"https:\/\/www.msds-europe.com\/es\/\",\"name\":\"MSDS Europe\",\"description\":\"\",\"publisher\":{\"@id\":\"https:\/\/www.msds-europe.com\/es\/#organization\"},\"potentialAction\":[{\"@type\":\"SearchAction\",\"target\":{\"@type\":\"EntryPoint\",\"urlTemplate\":\"https:\/\/www.msds-europe.com\/es\/?s={search_term_string}\"},\"query-input\":{\"@type\":\"PropertyValueSpecification\",\"valueRequired\":true,\"valueName\":\"search_term_string\"}}],\"inLanguage\":\"pl-PL\"},{\"@type\":\"Organization\",\"@id\":\"https:\/\/www.msds-europe.com\/es\/#organization\",\"name\":\"MSDS-Europe International branch of ToxInfo\",\"url\":\"https:\/\/www.msds-europe.com\/es\/\",\"logo\":{\"@type\":\"ImageObject\",\"inLanguage\":\"pl-PL\",\"@id\":\"https:\/\/www.msds-europe.com\/es\/#\/schema\/logo\/image\/\",\"url\":\"https:\/\/www.msds-europe.com\/wp-content\/uploads\/2021\/04\/msds-europe-logo.jpg\",\"contentUrl\":\"https:\/\/www.msds-europe.com\/wp-content\/uploads\/2021\/04\/msds-europe-logo.jpg\",\"width\":2296,\"height\":1067,\"caption\":\"MSDS-Europe International branch of ToxInfo\"},\"image\":{\"@id\":\"https:\/\/www.msds-europe.com\/es\/#\/schema\/logo\/image\/\"},\"sameAs\":[\"https:\/\/www.facebook.com\/toxinfokft\/\",\"https:\/\/x.com\/ToxInfoKft\"]}]}<\/script>\n<!-- \/ Yoast SEO plugin. -->","yoast_head_json":{"title":"Tworzenie oceny bezpiecze\u0144stwa dla kosmetyk\u00f3w","description":"Tworzenie oceny bezpiecze\u0144stwa dla kosmetyk\u00f3w, produkt\u00f3w kosmetycznych Tworzenie oceny zagro\u017ce\u0144 z mi\u0119dzynarodowymi referencjami","robots":{"index":"index","follow":"follow","max-snippet":"max-snippet:-1","max-image-preview":"max-image-preview:large","max-video-preview":"max-video-preview:-1"},"canonical":"https:\/\/www.msds-europe.com\/pl\/tworzenie-oceny-zagrozen-dla-kosmetykow\/","og_locale":"pl_PL","og_type":"article","og_title":"Tworzenie oceny bezpiecze\u0144stwa dla kosmetyk\u00f3w","og_description":"Tworzenie oceny bezpiecze\u0144stwa dla kosmetyk\u00f3w, produkt\u00f3w kosmetycznych Tworzenie oceny zagro\u017ce\u0144 z mi\u0119dzynarodowymi referencjami","og_url":"https:\/\/www.msds-europe.com\/pl\/tworzenie-oceny-zagrozen-dla-kosmetykow\/","og_site_name":"MSDS Europe","article_publisher":"https:\/\/www.facebook.com\/toxinfokft\/","article_modified_time":"2023-02-13T12:57:42+00:00","twitter_card":"summary_large_image","twitter_site":"@ToxInfoKft","twitter_misc":{"Szacowany czas czytania":"3 minuty"},"schema":{"@context":"https:\/\/schema.org","@graph":[{"@type":"WebPage","@id":"https:\/\/www.msds-europe.com\/pl\/tworzenie-oceny-zagrozen-dla-kosmetykow\/","url":"https:\/\/www.msds-europe.com\/pl\/tworzenie-oceny-zagrozen-dla-kosmetykow\/","name":"Tworzenie oceny bezpiecze\u0144stwa dla kosmetyk\u00f3w","isPartOf":{"@id":"https:\/\/www.msds-europe.com\/es\/#website"},"datePublished":"2018-06-21T07:42:24+00:00","dateModified":"2023-02-13T12:57:42+00:00","description":"Tworzenie oceny bezpiecze\u0144stwa dla kosmetyk\u00f3w, produkt\u00f3w kosmetycznych Tworzenie oceny zagro\u017ce\u0144 z mi\u0119dzynarodowymi referencjami","breadcrumb":{"@id":"https:\/\/www.msds-europe.com\/pl\/tworzenie-oceny-zagrozen-dla-kosmetykow\/#breadcrumb"},"inLanguage":"pl-PL","potentialAction":[{"@type":"ReadAction","target":["https:\/\/www.msds-europe.com\/pl\/tworzenie-oceny-zagrozen-dla-kosmetykow\/"]}]},{"@type":"BreadcrumbList","@id":"https:\/\/www.msds-europe.com\/pl\/tworzenie-oceny-zagrozen-dla-kosmetykow\/#breadcrumb","itemListElement":[{"@type":"ListItem","position":1,"name":"F\u0151oldal","item":"https:\/\/www.msds-europe.com\/pl\/"},{"@type":"ListItem","position":2,"name":"Tworzenie oceny bezpiecze\u0144stwa dla kosmetyk\u00f3w"}]},{"@type":"WebSite","@id":"https:\/\/www.msds-europe.com\/es\/#website","url":"https:\/\/www.msds-europe.com\/es\/","name":"MSDS Europe","description":"","publisher":{"@id":"https:\/\/www.msds-europe.com\/es\/#organization"},"potentialAction":[{"@type":"SearchAction","target":{"@type":"EntryPoint","urlTemplate":"https:\/\/www.msds-europe.com\/es\/?s={search_term_string}"},"query-input":{"@type":"PropertyValueSpecification","valueRequired":true,"valueName":"search_term_string"}}],"inLanguage":"pl-PL"},{"@type":"Organization","@id":"https:\/\/www.msds-europe.com\/es\/#organization","name":"MSDS-Europe International branch of ToxInfo","url":"https:\/\/www.msds-europe.com\/es\/","logo":{"@type":"ImageObject","inLanguage":"pl-PL","@id":"https:\/\/www.msds-europe.com\/es\/#\/schema\/logo\/image\/","url":"https:\/\/www.msds-europe.com\/wp-content\/uploads\/2021\/04\/msds-europe-logo.jpg","contentUrl":"https:\/\/www.msds-europe.com\/wp-content\/uploads\/2021\/04\/msds-europe-logo.jpg","width":2296,"height":1067,"caption":"MSDS-Europe International branch of ToxInfo"},"image":{"@id":"https:\/\/www.msds-europe.com\/es\/#\/schema\/logo\/image\/"},"sameAs":["https:\/\/www.facebook.com\/toxinfokft\/","https:\/\/x.com\/ToxInfoKft"]}]}},"_links":{"self":[{"href":"https:\/\/www.msds-europe.com\/pl\/wp-json\/wp\/v2\/pages\/5310","targetHints":{"allow":["GET"]}}],"collection":[{"href":"https:\/\/www.msds-europe.com\/pl\/wp-json\/wp\/v2\/pages"}],"about":[{"href":"https:\/\/www.msds-europe.com\/pl\/wp-json\/wp\/v2\/types\/page"}],"author":[{"embeddable":true,"href":"https:\/\/www.msds-europe.com\/pl\/wp-json\/wp\/v2\/users\/2"}],"replies":[{"embeddable":true,"href":"https:\/\/www.msds-europe.com\/pl\/wp-json\/wp\/v2\/comments?post=5310"}],"version-history":[{"count":6,"href":"https:\/\/www.msds-europe.com\/pl\/wp-json\/wp\/v2\/pages\/5310\/revisions"}],"predecessor-version":[{"id":28109,"href":"https:\/\/www.msds-europe.com\/pl\/wp-json\/wp\/v2\/pages\/5310\/revisions\/28109"}],"wp:attachment":[{"href":"https:\/\/www.msds-europe.com\/pl\/wp-json\/wp\/v2\/media?parent=5310"}],"wp:term":[{"taxonomy":"post_tag","embeddable":true,"href":"https:\/\/www.msds-europe.com\/pl\/wp-json\/wp\/v2\/tags?post=5310"}],"curies":[{"name":"wp","href":"https:\/\/api.w.org\/{rel}","templated":true}]}}