{"id":5230,"date":"2018-06-21T05:16:04","date_gmt":"2018-06-21T05:16:04","guid":{"rendered":"http:\/\/www.msds-europe.com\/usluga-notyfikacji-cpnp\/"},"modified":"2018-06-28T11:19:37","modified_gmt":"2018-06-28T11:19:37","slug":"usluga-notyfikacji-cpnp","status":"publish","type":"page","link":"https:\/\/www.msds-europe.com\/pl\/usluga-notyfikacji-cpnp\/","title":{"rendered":"Us\u0142uga notyfikacji CPNP"},"content":{"rendered":"<p style=\"text-align: right;\"><em><a href=\"http:\/\/www.msds-europe.com\/pl\/produkty-kosmetyczne\/\">Us\u0142ugi w zakresie produkt\u00f3w kosmetycznych<\/a>\u00a0\u2013\u00a0Us\u0142uga notyfikacji CPNP<\/em><\/p>\n<p>&nbsp;<\/p>\n<p style=\"text-align: justify;\">Zgodnie z rozporz\u0105dzeniem (WE) nr 1223\/2009, warunkiem wst\u0119pnym wprowadzenia produktu kosmetycznego na rynek w Unii Europejskiej jest powiadomienie poprzez centralny interfejs elektroniczny CPNP (Cosmetic Products Notification Portal).<\/p>\n<p>&nbsp;<\/p>\n<h3 style=\"text-align: justify;\"><span style=\"color: #333333;\">Proces naszej us\u0142ugi notyfikacji CPNP<\/span><\/h3>\n<h2 style=\"text-align: justify;\">Zapewnienie dost\u0119pu do portalu CPNP (rejestracja)<\/h2>\n<p style=\"text-align: justify;\">Aby skorzysta\u0107 z portalu CPNP, osoba notyfikuj\u0105ca musi utworzy\u0107 login konta EU (dawniej ECAS) i musi za\u017c\u0105da\u0107 has\u0142a w SAAS.<\/p>\n<p style=\"text-align: justify;\">Je\u015bli jest to konieczne, my r\u00f3wnie\u017c zapewniamy pomoc w procesie rejestracji.<\/p>\n<p>&nbsp;<\/p>\n<p style=\"text-align: justify;\">Pomoc w samodzielnej rejestracji:<\/p>\n<ul>\n<li style=\"text-align: justify;\"><a href=\"https:\/\/webgate.ec.europa.eu\/cas\/eim\/external\/register.cgi\">Utworzy\u0107 login EU (dawniej ECAS) konta u\u017cytkownika\/has\u0142o<\/a><\/li>\n<li style=\"text-align: justify;\"><a href=\"https:\/\/webgate.ec.europa.eu\/saas\/requestAccess\/application\/21\/create.html\">Za\u017c\u0105da\u0107 dost\u0119pu do portalu CPNP poprzez system SAAS<\/a><\/li>\n<li style=\"text-align: justify;\"><a href=\"https:\/\/webgate.ec.europa.eu\/cpnp\">Po\u0142\u0105czy\u0107 si\u0119 z portalem CPNP<\/a><\/li>\n<\/ul>\n<p>&nbsp;<\/p>\n<h2 style=\"text-align: justify;\">Komunikacja danych zgodnie ze \u201estanem\u201d dystrybutora produktu kosmetycznego \u2013 notyfikacja CPNP<\/h2>\n<p style=\"text-align: justify;\">Istniej\u0105 dwa rodzaje notyfikacji w oparciu o stan dystrybutora:<\/p>\n<ul>\n<li style=\"text-align: justify;\">Notyfikacja przez osob\u0119 odpowiedzialn\u0105 (producent, importer)<\/li>\n<li style=\"text-align: justify;\">Notyfikacja przez dystrybutora<\/li>\n<\/ul>\n<p style=\"text-align: justify;\">Posiadaj\u0105c informacje rejestracyjne notyfikujemy \u017c\u0105dane dane i informacje poprzez portal CPNP zgodnie ze \u201estanem\u201d notyfikuj\u0105cego.<\/p>\n<p>&nbsp;<\/p>\n<h2 style=\"text-align: justify;\">Dla notyfikacji CPNP wykonanej w imieniu osoby odpowiedzialnej, przesy\u0142ane s\u0105 nast\u0119puj\u0105ce dane\/informacje<\/h2>\n<ul>\n<li style=\"text-align: justify;\">oryginalne oznakowanie<\/li>\n<li style=\"text-align: justify;\">zdj\u0119cie opakowania produktu<\/li>\n<li style=\"text-align: justify;\">inne dane i informacje zgodnie z artyku\u0142em 13 rozporz\u0105dzenia (WE) nr 1223\/2009 dotycz\u0105ce produkt\u00f3w kosmetycznych<\/li>\n<\/ul>\n<p>&nbsp;<\/p>\n<h2 style=\"text-align: justify;\">Dla notyfikacji CPNP wykonanej w imieniu dystrybutora, przesy\u0142ane s\u0105 nast\u0119puj\u0105ce dane\/informacje<\/h2>\n<ul>\n<li style=\"text-align: justify;\">Tekst etykiety przet\u0142umaczony na oficjalny j\u0119zyk kraju cz\u0142onkowskiego, w kt\u00f3rym produkt kosmetyczny ma by\u0107 wprowadzony na rynek.<\/li>\n<li style=\"text-align: justify;\">inne powi\u0105zane informacje<\/li>\n<\/ul>\n<p style=\"text-align: justify;\"><em>Uwaga:<\/em><br \/>\n<em>Je\u017celi dystrybutor wprowadza produkt kosmetyczny na rynek pod w\u0142asn\u0105 nazw\u0105 lub znakiem handlowym lub zmienia produkt, obecny ju\u017c na rynku w taki spos\u00f3b, kt\u00f3ry mo\u017ce mie\u0107 wp\u0142yw na zgodno\u015b\u0107 produktu z wymaganiami, jest uwa\u017cany za osob\u0119 odpowiedzialn\u0105.<\/em><br \/>\n<em>Je\u015bli powy\u017csze warunki s\u0105 spe\u0142nione, notyfikacja CPNP zostanie wykonana zgodnie z wymaganiami os\u00f3b odpowiedzialnych.<\/em><\/p>\n<p>&nbsp;<\/p>\n<h2 style=\"text-align: justify;\">Zapytanie ofertowe dla us\u0142ugi notyfikacji CPNP<\/h2>\n<p style=\"text-align: justify;\"><a href=\"mailto:info@msds-europe.com\">Odpowiemy na zapytanie ofertowe wys\u0142ane drog\u0105 mailow\u0105 <\/a>lub<a href=\"http:\/\/www.msds-europe.com\/pl\/zapytanie-ofertowe-dotyczace-kosmetykow\/\"> za pomoc\u0105 formularza online<\/a> w czasie 24 godzin.<br \/>\nNasza <a href=\"http:\/\/www.msds-europe.com\/pl\/obsluga-klienta\/\">obs\u0142uga klienta<\/a> asystuje przy wyborze odpowiedniej us\u0142ugi.<\/p>\n<p>&nbsp;<\/p>\n<h2 style=\"text-align: justify;\">Us\u0142ugi powi\u0105zane z nasz\u0105 us\u0142ug\u0105 notyfikacji CPNP<\/h2>\n<p style=\"text-align: justify;\">Us\u0142ugi dla koordynacji procesu pe\u0142nej notyfikacji dla produkt\u00f3w kosmetycznych (zbieranie danych, organizacja test\u00f3w laboratoryjnych, <a href=\"http:\/\/www.msds-europe.com\/pl\/tworzenie-tlumaczenie-projektu-etykiety-dla-produktow-kosmetycznych\/\">tworzenie etykiet<\/a>, tworzenie oceny bezpiecze\u0144stwa).<\/p>\n<p style=\"text-align: justify;\">\n","protected":false},"excerpt":{"rendered":"<p>Us\u0142uga notyfikacji produkt\u00f3w kosmetycznych do portalu CPNP.<\/p>\n","protected":false},"author":2,"featured_media":0,"parent":0,"menu_order":0,"comment_status":"closed","ping_status":"closed","template":"","meta":{"_acf_changed":false,"footnotes":""},"tags":[283],"class_list":["post-5230","page","type-page","status-publish","hentry","tag-uslugi-w-zakresie-produktow-kosmetycznych"],"acf":[],"yoast_head":"<!-- This site is optimized with the Yoast SEO plugin v27.2 - https:\/\/yoast.com\/product\/yoast-seo-wordpress\/ -->\n<title>Nasza us\u0142uga notyfikacji CPNP dla kosmetyk\u00f3w, produkt\u00f3w kosmetycznych<\/title>\n<meta name=\"description\" content=\"Us\u0142uga notyfikacji CPNP dla dystrybucji produkt\u00f3w kosmetycznych Pomoc w notyfikacji CPNP w imieniu odpowiedzialnej osoby w przypadku produkowania lub importowania produkt\u00f3w kosmetycznych.\" \/>\n<meta name=\"robots\" content=\"index, follow, max-snippet:-1, max-image-preview:large, max-video-preview:-1\" \/>\n<link rel=\"canonical\" href=\"https:\/\/www.msds-europe.com\/pl\/usluga-notyfikacji-cpnp\/\" \/>\n<meta property=\"og:locale\" content=\"pl_PL\" \/>\n<meta property=\"og:type\" content=\"article\" \/>\n<meta property=\"og:title\" content=\"Nasza us\u0142uga notyfikacji CPNP dla kosmetyk\u00f3w, produkt\u00f3w kosmetycznych\" \/>\n<meta property=\"og:description\" content=\"Us\u0142uga notyfikacji CPNP dla dystrybucji produkt\u00f3w kosmetycznych Pomoc w notyfikacji CPNP w imieniu odpowiedzialnej osoby w przypadku produkowania lub importowania produkt\u00f3w kosmetycznych.\" \/>\n<meta property=\"og:url\" content=\"https:\/\/www.msds-europe.com\/pl\/usluga-notyfikacji-cpnp\/\" \/>\n<meta property=\"og:site_name\" content=\"MSDS Europe\" \/>\n<meta property=\"article:publisher\" content=\"https:\/\/www.facebook.com\/toxinfokft\/\" \/>\n<meta property=\"article:modified_time\" content=\"2018-06-28T11:19:37+00:00\" \/>\n<meta name=\"twitter:card\" content=\"summary_large_image\" \/>\n<meta name=\"twitter:site\" content=\"@ToxInfoKft\" \/>\n<meta name=\"twitter:label1\" content=\"Szacowany czas czytania\" \/>\n\t<meta name=\"twitter:data1\" content=\"2 minuty\" \/>\n<script type=\"application\/ld+json\" class=\"yoast-schema-graph\">{\"@context\":\"https:\/\/schema.org\",\"@graph\":[{\"@type\":\"WebPage\",\"@id\":\"https:\/\/www.msds-europe.com\/pl\/usluga-notyfikacji-cpnp\/\",\"url\":\"https:\/\/www.msds-europe.com\/pl\/usluga-notyfikacji-cpnp\/\",\"name\":\"Nasza us\u0142uga notyfikacji CPNP dla kosmetyk\u00f3w, produkt\u00f3w kosmetycznych\",\"isPartOf\":{\"@id\":\"https:\/\/www.msds-europe.com\/es\/#website\"},\"datePublished\":\"2018-06-21T05:16:04+00:00\",\"dateModified\":\"2018-06-28T11:19:37+00:00\",\"description\":\"Us\u0142uga notyfikacji CPNP dla dystrybucji produkt\u00f3w kosmetycznych Pomoc w notyfikacji CPNP w imieniu odpowiedzialnej osoby w przypadku produkowania lub importowania produkt\u00f3w kosmetycznych.\",\"breadcrumb\":{\"@id\":\"https:\/\/www.msds-europe.com\/pl\/usluga-notyfikacji-cpnp\/#breadcrumb\"},\"inLanguage\":\"pl-PL\",\"potentialAction\":[{\"@type\":\"ReadAction\",\"target\":[\"https:\/\/www.msds-europe.com\/pl\/usluga-notyfikacji-cpnp\/\"]}]},{\"@type\":\"BreadcrumbList\",\"@id\":\"https:\/\/www.msds-europe.com\/pl\/usluga-notyfikacji-cpnp\/#breadcrumb\",\"itemListElement\":[{\"@type\":\"ListItem\",\"position\":1,\"name\":\"F\u0151oldal\",\"item\":\"https:\/\/www.msds-europe.com\/pl\/\"},{\"@type\":\"ListItem\",\"position\":2,\"name\":\"Us\u0142uga notyfikacji CPNP\"}]},{\"@type\":\"WebSite\",\"@id\":\"https:\/\/www.msds-europe.com\/es\/#website\",\"url\":\"https:\/\/www.msds-europe.com\/es\/\",\"name\":\"MSDS Europe\",\"description\":\"\",\"publisher\":{\"@id\":\"https:\/\/www.msds-europe.com\/es\/#organization\"},\"potentialAction\":[{\"@type\":\"SearchAction\",\"target\":{\"@type\":\"EntryPoint\",\"urlTemplate\":\"https:\/\/www.msds-europe.com\/es\/?s={search_term_string}\"},\"query-input\":{\"@type\":\"PropertyValueSpecification\",\"valueRequired\":true,\"valueName\":\"search_term_string\"}}],\"inLanguage\":\"pl-PL\"},{\"@type\":\"Organization\",\"@id\":\"https:\/\/www.msds-europe.com\/es\/#organization\",\"name\":\"MSDS-Europe International branch of ToxInfo\",\"url\":\"https:\/\/www.msds-europe.com\/es\/\",\"logo\":{\"@type\":\"ImageObject\",\"inLanguage\":\"pl-PL\",\"@id\":\"https:\/\/www.msds-europe.com\/es\/#\/schema\/logo\/image\/\",\"url\":\"https:\/\/www.msds-europe.com\/wp-content\/uploads\/2021\/04\/msds-europe-logo.jpg\",\"contentUrl\":\"https:\/\/www.msds-europe.com\/wp-content\/uploads\/2021\/04\/msds-europe-logo.jpg\",\"width\":2296,\"height\":1067,\"caption\":\"MSDS-Europe International branch of ToxInfo\"},\"image\":{\"@id\":\"https:\/\/www.msds-europe.com\/es\/#\/schema\/logo\/image\/\"},\"sameAs\":[\"https:\/\/www.facebook.com\/toxinfokft\/\",\"https:\/\/x.com\/ToxInfoKft\"]}]}<\/script>\n<!-- \/ Yoast SEO plugin. -->","yoast_head_json":{"title":"Nasza us\u0142uga notyfikacji CPNP dla kosmetyk\u00f3w, produkt\u00f3w kosmetycznych","description":"Us\u0142uga notyfikacji CPNP dla dystrybucji produkt\u00f3w kosmetycznych Pomoc w notyfikacji CPNP w imieniu odpowiedzialnej osoby w przypadku produkowania lub importowania produkt\u00f3w kosmetycznych.","robots":{"index":"index","follow":"follow","max-snippet":"max-snippet:-1","max-image-preview":"max-image-preview:large","max-video-preview":"max-video-preview:-1"},"canonical":"https:\/\/www.msds-europe.com\/pl\/usluga-notyfikacji-cpnp\/","og_locale":"pl_PL","og_type":"article","og_title":"Nasza us\u0142uga notyfikacji CPNP dla kosmetyk\u00f3w, produkt\u00f3w kosmetycznych","og_description":"Us\u0142uga notyfikacji CPNP dla dystrybucji produkt\u00f3w kosmetycznych Pomoc w notyfikacji CPNP w imieniu odpowiedzialnej osoby w przypadku produkowania lub importowania produkt\u00f3w kosmetycznych.","og_url":"https:\/\/www.msds-europe.com\/pl\/usluga-notyfikacji-cpnp\/","og_site_name":"MSDS Europe","article_publisher":"https:\/\/www.facebook.com\/toxinfokft\/","article_modified_time":"2018-06-28T11:19:37+00:00","twitter_card":"summary_large_image","twitter_site":"@ToxInfoKft","twitter_misc":{"Szacowany czas czytania":"2 minuty"},"schema":{"@context":"https:\/\/schema.org","@graph":[{"@type":"WebPage","@id":"https:\/\/www.msds-europe.com\/pl\/usluga-notyfikacji-cpnp\/","url":"https:\/\/www.msds-europe.com\/pl\/usluga-notyfikacji-cpnp\/","name":"Nasza us\u0142uga notyfikacji CPNP dla kosmetyk\u00f3w, produkt\u00f3w kosmetycznych","isPartOf":{"@id":"https:\/\/www.msds-europe.com\/es\/#website"},"datePublished":"2018-06-21T05:16:04+00:00","dateModified":"2018-06-28T11:19:37+00:00","description":"Us\u0142uga notyfikacji CPNP dla dystrybucji produkt\u00f3w kosmetycznych Pomoc w notyfikacji CPNP w imieniu odpowiedzialnej osoby w przypadku produkowania lub importowania produkt\u00f3w kosmetycznych.","breadcrumb":{"@id":"https:\/\/www.msds-europe.com\/pl\/usluga-notyfikacji-cpnp\/#breadcrumb"},"inLanguage":"pl-PL","potentialAction":[{"@type":"ReadAction","target":["https:\/\/www.msds-europe.com\/pl\/usluga-notyfikacji-cpnp\/"]}]},{"@type":"BreadcrumbList","@id":"https:\/\/www.msds-europe.com\/pl\/usluga-notyfikacji-cpnp\/#breadcrumb","itemListElement":[{"@type":"ListItem","position":1,"name":"F\u0151oldal","item":"https:\/\/www.msds-europe.com\/pl\/"},{"@type":"ListItem","position":2,"name":"Us\u0142uga notyfikacji CPNP"}]},{"@type":"WebSite","@id":"https:\/\/www.msds-europe.com\/es\/#website","url":"https:\/\/www.msds-europe.com\/es\/","name":"MSDS Europe","description":"","publisher":{"@id":"https:\/\/www.msds-europe.com\/es\/#organization"},"potentialAction":[{"@type":"SearchAction","target":{"@type":"EntryPoint","urlTemplate":"https:\/\/www.msds-europe.com\/es\/?s={search_term_string}"},"query-input":{"@type":"PropertyValueSpecification","valueRequired":true,"valueName":"search_term_string"}}],"inLanguage":"pl-PL"},{"@type":"Organization","@id":"https:\/\/www.msds-europe.com\/es\/#organization","name":"MSDS-Europe International branch of ToxInfo","url":"https:\/\/www.msds-europe.com\/es\/","logo":{"@type":"ImageObject","inLanguage":"pl-PL","@id":"https:\/\/www.msds-europe.com\/es\/#\/schema\/logo\/image\/","url":"https:\/\/www.msds-europe.com\/wp-content\/uploads\/2021\/04\/msds-europe-logo.jpg","contentUrl":"https:\/\/www.msds-europe.com\/wp-content\/uploads\/2021\/04\/msds-europe-logo.jpg","width":2296,"height":1067,"caption":"MSDS-Europe International branch of ToxInfo"},"image":{"@id":"https:\/\/www.msds-europe.com\/es\/#\/schema\/logo\/image\/"},"sameAs":["https:\/\/www.facebook.com\/toxinfokft\/","https:\/\/x.com\/ToxInfoKft"]}]}},"_links":{"self":[{"href":"https:\/\/www.msds-europe.com\/pl\/wp-json\/wp\/v2\/pages\/5230","targetHints":{"allow":["GET"]}}],"collection":[{"href":"https:\/\/www.msds-europe.com\/pl\/wp-json\/wp\/v2\/pages"}],"about":[{"href":"https:\/\/www.msds-europe.com\/pl\/wp-json\/wp\/v2\/types\/page"}],"author":[{"embeddable":true,"href":"https:\/\/www.msds-europe.com\/pl\/wp-json\/wp\/v2\/users\/2"}],"replies":[{"embeddable":true,"href":"https:\/\/www.msds-europe.com\/pl\/wp-json\/wp\/v2\/comments?post=5230"}],"version-history":[{"count":4,"href":"https:\/\/www.msds-europe.com\/pl\/wp-json\/wp\/v2\/pages\/5230\/revisions"}],"predecessor-version":[{"id":6651,"href":"https:\/\/www.msds-europe.com\/pl\/wp-json\/wp\/v2\/pages\/5230\/revisions\/6651"}],"wp:attachment":[{"href":"https:\/\/www.msds-europe.com\/pl\/wp-json\/wp\/v2\/media?parent=5230"}],"wp:term":[{"taxonomy":"post_tag","embeddable":true,"href":"https:\/\/www.msds-europe.com\/pl\/wp-json\/wp\/v2\/tags?post=5230"}],"curies":[{"name":"wp","href":"https:\/\/api.w.org\/{rel}","templated":true}]}}