{"id":5142,"date":"2018-06-19T13:33:58","date_gmt":"2018-06-19T13:33:58","guid":{"rendered":"http:\/\/www.msds-europe.com\/informacje-o-oprogramowaniach-do-tworzenia-kart-charakterystyk\/"},"modified":"2026-02-25T10:36:07","modified_gmt":"2026-02-25T10:36:07","slug":"informacje-o-oprogramowaniu-do-tworzenia-kart-charakterystyki","status":"publish","type":"page","link":"https:\/\/www.msds-europe.com\/pl\/informacje-o-oprogramowaniu-do-tworzenia-kart-charakterystyki\/","title":{"rendered":"Informacje o oprogramowaniach do tworzenia kart charakterystyk"},"content":{"rendered":"<p style=\"text-align: right;\"><em><a href=\"https:\/\/www.msds-europe.com\/pl\/\">MSDS-Europe<\/a> &#8211; <a href=\"https:\/\/www.msds-europe.com\/pl\/bezpieczenstwo-chemiczne-artykuly-analizy\/\">Kompas bezpiecze\u0144stwa chemicznego<\/a> \u2013 Oprogramowanie do tworzenia kart charakterystyki<\/em><\/p>\n<p>&nbsp;<\/p>\n<p style=\"text-align: justify;\">Dzi\u0119ki naszemu niemal dwudziestoletniemu do\u015bwiadczeniu zawodowemu w dziedzinie bezpiecze\u0144stwa chemicznego mogli\u015bmy dok\u0142adnie przeanalizowa\u0107 karty charakterystyki <a href=\"https:\/\/www.msds-europe.com\/pl\/sds-wymagania-jezykowe\/\">w wielu j\u0119zykach obcych<\/a>, kt\u00f3re by\u0142y przygotowywane przy u\u017cyciu oprogramowania.<\/p>\n<p style=\"text-align: justify;\">W oparciu o ca\u0142e nasze do\u015bwiadczenie, nasza firma nigdy nie korzysta\u0142a z oprogramowania do tworzenia kart charakterystyki i nigdy nie zalecali\u015bmy jego stosowania naszym partnerom.<\/p>\n<p>&nbsp;<\/p>\n<h2 style=\"text-align: justify;\">Zasada dzia\u0142ania oprogramowania do tworzenia kart charakterystyki i oferowane funkcje<\/h2>\n<p style=\"text-align: justify;\">Oprogramowanie do t\u0142umaczenia kart charakterystyki \u2013 podobnie jak inne programy t\u0142umaczeniowe \u2013 przygotowuje kart\u0119 charakterystyki w j\u0119zyku obcym na podstawie dopasowanych zda\u0144 zapisanych w pami\u0119ci t\u0142umaczeniowej.<\/p>\n<p style=\"text-align: justify;\">Proces ten opiera si\u0119 na dost\u0119pnych \u201epami\u0119ciach\u201d (modu\u0142ach j\u0119zykowych), kt\u00f3re mo\u017cna dokupi\u0107 i kt\u00f3re zawieraj\u0105 przet\u0142umaczone zdania najcz\u0119\u015bciej wyst\u0119puj\u0105ce w kartach charakterystyki.<\/p>\n<p style=\"text-align: justify;\">Zdanie w \u201ej\u0119zyku \u017ar\u00f3d\u0142owym\u201d jest zast\u0119powane odpowiednim zdaniem w \u201ej\u0119zyku docelowym\u201d, je\u015bli system znajdzie pe\u0142ne dopasowanie.<\/p>\n<p style=\"text-align: justify;\">Oprogramowanie t\u0142umaczeniowe przeznaczone do kart charakterystyki zwykle oferuje r\u00f3wnie\u017c inne funkcje, np.:<\/p>\n<ul>\n<li style=\"text-align: justify;\">Na podstawie numeru CAS i istniej\u0105cych wykaz\u00f3w substancji niebezpiecznych (kt\u00f3re w oprogramowaniu bywaj\u0105 nieaktualne) klasyfikuje sk\u0142adniki.<\/li>\n<li style=\"text-align: justify;\">Przypisuje substancjom warto\u015bci graniczne nara\u017cenia.<\/li>\n<li style=\"text-align: justify;\">Wykorzystuje piktogramy (inne ni\u017c <a href=\"https:\/\/www.msds-europe.com\/pl\/piktogram-zagrozeniu\/\">piktogramy zagro\u017ce\u0144 CLP<\/a>), aby w bardziej obrazowy spos\u00f3b przedstawi\u0107 zalecane \u015brodki ochrony.<\/li>\n<li style=\"text-align: justify;\">Okre\u015bla klasy zagro\u017cenia oraz <a href=\"https:\/\/www.msds-europe.com\/pl\/zwroty-wskazujace-rodzaj-zagrozenia-h\/\">zwroty wskazuj\u0105ce rodzaj zagro\u017cenia<\/a> i <a href=\"https:\/\/www.msds-europe.com\/pl\/zwroty-wskazujace-srodki-ostroznosci-p\/\">zwroty wskazuj\u0105ce \u015brodki ostro\u017cno\u015bci<\/a> dla danej mieszaniny (na podstawie sk\u0142adu i limit\u00f3w st\u0119\u017ce\u0144 okre\u015blonych w przepisach).<\/li>\n<li style=\"text-align: justify;\">Mo\u017ce r\u00f3wnie\u017c zawiera\u0107 wybrane funkcje modu\u0142\u00f3w rejestracyjnych.<\/li>\n<\/ul>\n<p>&nbsp;<\/p>\n<h2 style=\"text-align: justify;\">Mocne strony oprogramowania do tworzenia kart charakterystyki<\/h2>\n<ul>\n<li style=\"text-align: justify;\">Mo\u017ce obs\u0142u\u017cy\u0107 du\u017c\u0105 liczb\u0119 kart charakterystyki.<\/li>\n<li style=\"text-align: justify;\">Mo\u017ce t\u0142umaczy\u0107 na wiele j\u0119zyk\u00f3w (po zakupie odpowiednich modu\u0142\u00f3w j\u0119zykowych).<\/li>\n<li style=\"text-align: justify;\">Du\u017ca szybko\u015b\u0107 dzia\u0142ania.<\/li>\n<li style=\"text-align: justify;\">Mo\u017ce by\u0107 op\u0142acalne przy du\u017cej liczbie dokument\u00f3w (je\u015bli pomin\u0105\u0107 potencjalne koszty wynikaj\u0105ce z b\u0142\u0119d\u00f3w merytorycznych).<\/li>\n<li style=\"text-align: justify;\">Funkcje rejestracyjne i organizacyjne.<\/li>\n<\/ul>\n<p>&nbsp;<\/p>\n<h2 style=\"text-align: justify;\">S\u0142abe strony oprogramowania do tworzenia kart charakterystyki<\/h2>\n<h3 style=\"text-align: justify;\"><span style=\"color: #333333;\">Braki merytoryczne<\/span><\/h3>\n<ul>\n<li style=\"text-align: justify;\">W przypadku b\u0142\u0119d\u00f3w pojawiaj\u0105cych si\u0119 podczas klasyfikacji zagro\u017ce\u0144 produktu konsekwencje ponosi u\u017cytkownik oprogramowania.<\/li>\n<li style=\"text-align: justify;\">B\u0142\u0119dy merytoryczne \u201eoryginalnej\u201d karty charakterystyki zostan\u0105 przeniesione r\u00f3wnie\u017c do t\u0142umaczonej karty, bez wprowadzenia korekty.<\/li>\n<li style=\"text-align: justify;\">Mo\u017ce zawiera\u0107 nieprzet\u0142umaczone fragmenty (je\u015bli program nie znajduje pe\u0142nego dopasowania zda\u0144 w pami\u0119ci t\u0142umaczeniowej).<\/li>\n<li style=\"text-align: justify;\">B\u0142\u0119dnie przet\u0142umaczone zdania, frazy lub nazwy substancji mog\u0105 by\u0107 nast\u0119pnie powielane w wielu dokumentach, co znacz\u0105co obni\u017ca ich warto\u015b\u0107 u\u017cytkow\u0105.<\/li>\n<li style=\"text-align: justify;\">Nie uzupe\u0142nia brakuj\u0105cych danych (np. numer\u00f3w WE, warto\u015bci granicznych nara\u017cenia itp.).<\/li>\n<li style=\"text-align: justify;\">Dzia\u0142a g\u0142\u00f3wnie w oparciu o og\u00f3lne przepisy UE, pomijaj\u0105c r\u00f3\u017cnice wynikaj\u0105ce z przepis\u00f3w krajowych pa\u0144stwa docelowego.<\/li>\n<\/ul>\n<p>&nbsp;<\/p>\n<h3 style=\"text-align: justify;\"><span style=\"color: #333333;\">Inne ograniczenia praktyczne<\/span><\/h3>\n<ul>\n<li style=\"text-align: justify;\">Nie jest to wydatek jednorazowy. Zakup r\u00f3\u017cnych modu\u0142\u00f3w j\u0119zykowych i aktualizacji generuje dodatkowe koszty.<\/li>\n<li style=\"text-align: justify;\">Oprogramowanie musi by\u0107 tak\u017ce obs\u0142ugiwane przez cz\u0142owieka, wi\u0119c wi\u0105\u017c\u0105 si\u0119 z tym koszty zatrudnienia.<\/li>\n<li style=\"text-align: justify;\">Jego stosowanie zapewnia oszcz\u0119dno\u015bci tylko przy okre\u015blonej liczbie kart charakterystyki.<\/li>\n<li style=\"text-align: justify;\">U\u017cytkownik otrzymuje jedynie wsparcie dotycz\u0105ce samego oprogramowania; nie ma osoby, na kt\u00f3rej mo\u017ce polega\u0107 w innych kwestiach zwi\u0105zanych z bezpiecze\u0144stwem chemicznym.<\/li>\n<li style=\"text-align: justify;\">W przypadku zastrze\u017ce\u0144 ze strony organu lub partnera handlowego u\u017cytkownik cz\u0119sto nie b\u0119dzie w stanie samodzielnie poprawi\u0107 karty charakterystyki.<\/li>\n<\/ul>\n<p>&nbsp;<\/p>\n<h3 style=\"text-align: justify;\"><span style=\"color: #333333;\">Oferowane us\u0142ugi<\/span><\/h3>\n<ul>\n<li><a href=\"https:\/\/www.msds-europe.com\/pl\/tlumaczenie-karty-charakterystyki\/\">T\u0142umaczenie karty charakterystyki<\/a><\/li>\n<li><a href=\"https:\/\/www.msds-europe.com\/pl\/sprawdzenie-aktualizacja-kart-charakterystyk\/\">Sprawdzenie i aktualizacja kart charakterystyki<\/a><\/li>\n<li><a href=\"https:\/\/www.msds-europe.com\/pl\/kompilacja-tworzenie-karty-charakterystyki\/\">Opracowanie i tworzenie karty charakterystyki<\/a><\/li>\n<li><a href=\"https:\/\/www.msds-europe.com\/pl\/uslugi-ekspresowe-kart-charakterystyk\/\">Us\u0142ugi ekspresowe dotycz\u0105ce kart charakterystyki (realizacja w 24 godziny)<\/a><\/li>\n<li><a href=\"https:\/\/www.msds-europe.com\/pl\/tworzenie-projektu-etykiety\/\">Tworzenie projektu etykiety<\/a><\/li>\n<\/ul>\n<p>&nbsp;<\/p>\n<h3><span style=\"color: #333333;\">Szybkie pytania i odpowiedzi<\/span><\/h3>\n<div class=\"su-spoiler su-spoiler-style-fancy su-spoiler-icon-chevron su-spoiler-closed\" data-scroll-offset=\"0\" data-anchor-in-url=\"no\"><div class=\"su-spoiler-title\" tabindex=\"0\" role=\"button\"><span class=\"su-spoiler-icon\"><\/span>Czy utworzenie karty charakterystyki (SDS) za pomoc\u0105 oprogramowania jest szybsze ni\u017c przy udziale specjalisty?<\/div><div class=\"su-spoiler-content su-u-clearfix su-u-trim\">\n<p style=\"text-align: justify;\">Tak, ale oprogramowanie przenosi b\u0142\u0119dy techniczne bez poprawek, co ostatecznie mo\u017ce generowa\u0107 wi\u0119ksze koszty.<\/p>\n<\/div><\/div>\n<div class=\"su-spoiler su-spoiler-style-fancy su-spoiler-icon-chevron su-spoiler-closed\" data-scroll-offset=\"0\" data-anchor-in-url=\"no\"><div class=\"su-spoiler-title\" tabindex=\"0\" role=\"button\"><span class=\"su-spoiler-icon\"><\/span>Kto ponosi odpowiedzialno\u015b\u0107 za b\u0142\u0119dn\u0105 klasyfikacj\u0119 zagro\u017ce\u0144 przy u\u017cyciu oprogramowania?<\/div><div class=\"su-spoiler-content su-u-clearfix su-u-trim\">\n<p style=\"text-align: justify;\">Ca\u0142a odpowiedzialno\u015b\u0107 prawna spoczywa na firmie korzystaj\u0105cej z oprogramowania, a nie na jego dostawcy.<\/p>\n<\/div><\/div>\n<div class=\"su-spoiler su-spoiler-style-fancy su-spoiler-icon-chevron su-spoiler-closed\" data-scroll-offset=\"0\" data-anchor-in-url=\"no\"><div class=\"su-spoiler-title\" tabindex=\"0\" role=\"button\"><span class=\"su-spoiler-icon\"><\/span>Kiedy oprogramowanie do tworzenia kart charakterystyki mo\u017ce by\u0107 op\u0142acalne?<\/div><div class=\"su-spoiler-content su-u-clearfix su-u-trim\">\n<p style=\"text-align: justify;\">Przede wszystkim przy bardzo du\u017cej liczbie kart charakterystyki i przy zapewnieniu wewn\u0119trznej wiedzy z zakresu bezpiecze\u0144stwa chemicznego.<\/p>\n<\/div><\/div>\n<p>&nbsp;<\/p>\n","protected":false},"excerpt":{"rendered":"<p>Nasz artyku\u0142 o mocnych i s\u0142abych stronach oprogramowa\u0144 do tworzenia kart charakterystyk.<\/p>\n","protected":false},"author":2,"featured_media":0,"parent":0,"menu_order":0,"comment_status":"closed","ping_status":"closed","template":"","meta":{"_acf_changed":false,"footnotes":""},"tags":[361,261],"class_list":["post-5142","page","type-page","status-publish","hentry","tag-baza-wiedzy-karta-charakterystyk","tag-karta-charakterystyki"],"acf":[],"yoast_head":"<!-- This site is optimized with the Yoast SEO plugin v27.2 - https:\/\/yoast.com\/product\/yoast-seo-wordpress\/ -->\n<title>Plusy i minusy program\u00f3w do SDS<\/title>\n<meta name=\"description\" content=\"Sugestie, kt\u00f3re nale\u017cy rozwa\u017cy\u0107 przed u\u017cyciem oprogramowa\u0144 do tworzenia kart charakterystyk, aby unikn\u0105\u0107 typowych b\u0142\u0119d\u00f3w.\" \/>\n<meta name=\"robots\" content=\"index, follow, max-snippet:-1, max-image-preview:large, max-video-preview:-1\" \/>\n<link rel=\"canonical\" href=\"https:\/\/www.msds-europe.com\/pl\/informacje-o-oprogramowaniu-do-tworzenia-kart-charakterystyki\/\" \/>\n<meta property=\"og:locale\" content=\"pl_PL\" \/>\n<meta property=\"og:type\" content=\"article\" \/>\n<meta property=\"og:title\" content=\"Plusy i minusy program\u00f3w do SDS\" \/>\n<meta property=\"og:description\" content=\"Sugestie, kt\u00f3re nale\u017cy rozwa\u017cy\u0107 przed u\u017cyciem oprogramowa\u0144 do tworzenia kart charakterystyk, aby unikn\u0105\u0107 typowych b\u0142\u0119d\u00f3w.\" \/>\n<meta property=\"og:url\" content=\"https:\/\/www.msds-europe.com\/pl\/informacje-o-oprogramowaniu-do-tworzenia-kart-charakterystyki\/\" \/>\n<meta property=\"og:site_name\" content=\"MSDS Europe\" \/>\n<meta property=\"article:publisher\" content=\"https:\/\/www.facebook.com\/toxinfokft\/\" \/>\n<meta property=\"article:modified_time\" content=\"2026-02-25T10:36:07+00:00\" \/>\n<meta name=\"twitter:card\" content=\"summary_large_image\" \/>\n<meta name=\"twitter:site\" content=\"@ToxInfoKft\" \/>\n<meta name=\"twitter:label1\" content=\"Szacowany czas czytania\" \/>\n\t<meta name=\"twitter:data1\" content=\"3 minuty\" \/>\n<script type=\"application\/ld+json\" class=\"yoast-schema-graph\">{\"@context\":\"https:\/\/schema.org\",\"@graph\":[{\"@type\":\"WebPage\",\"@id\":\"https:\/\/www.msds-europe.com\/pl\/informacje-o-oprogramowaniu-do-tworzenia-kart-charakterystyki\/\",\"url\":\"https:\/\/www.msds-europe.com\/pl\/informacje-o-oprogramowaniu-do-tworzenia-kart-charakterystyki\/\",\"name\":\"Plusy i minusy program\u00f3w do SDS\",\"isPartOf\":{\"@id\":\"https:\/\/www.msds-europe.com\/es\/#website\"},\"datePublished\":\"2018-06-19T13:33:58+00:00\",\"dateModified\":\"2026-02-25T10:36:07+00:00\",\"description\":\"Sugestie, kt\u00f3re nale\u017cy rozwa\u017cy\u0107 przed u\u017cyciem oprogramowa\u0144 do tworzenia kart charakterystyk, aby unikn\u0105\u0107 typowych b\u0142\u0119d\u00f3w.\",\"breadcrumb\":{\"@id\":\"https:\/\/www.msds-europe.com\/pl\/informacje-o-oprogramowaniu-do-tworzenia-kart-charakterystyki\/#breadcrumb\"},\"inLanguage\":\"pl-PL\",\"potentialAction\":[{\"@type\":\"ReadAction\",\"target\":[\"https:\/\/www.msds-europe.com\/pl\/informacje-o-oprogramowaniu-do-tworzenia-kart-charakterystyki\/\"]}]},{\"@type\":\"BreadcrumbList\",\"@id\":\"https:\/\/www.msds-europe.com\/pl\/informacje-o-oprogramowaniu-do-tworzenia-kart-charakterystyki\/#breadcrumb\",\"itemListElement\":[{\"@type\":\"ListItem\",\"position\":1,\"name\":\"F\u0151oldal\",\"item\":\"https:\/\/www.msds-europe.com\/pl\/\"},{\"@type\":\"ListItem\",\"position\":2,\"name\":\"Informacje o oprogramowaniach do tworzenia kart charakterystyk\"}]},{\"@type\":\"WebSite\",\"@id\":\"https:\/\/www.msds-europe.com\/es\/#website\",\"url\":\"https:\/\/www.msds-europe.com\/es\/\",\"name\":\"MSDS Europe\",\"description\":\"\",\"publisher\":{\"@id\":\"https:\/\/www.msds-europe.com\/es\/#organization\"},\"potentialAction\":[{\"@type\":\"SearchAction\",\"target\":{\"@type\":\"EntryPoint\",\"urlTemplate\":\"https:\/\/www.msds-europe.com\/es\/?s={search_term_string}\"},\"query-input\":{\"@type\":\"PropertyValueSpecification\",\"valueRequired\":true,\"valueName\":\"search_term_string\"}}],\"inLanguage\":\"pl-PL\"},{\"@type\":\"Organization\",\"@id\":\"https:\/\/www.msds-europe.com\/es\/#organization\",\"name\":\"MSDS-Europe International branch of ToxInfo\",\"url\":\"https:\/\/www.msds-europe.com\/es\/\",\"logo\":{\"@type\":\"ImageObject\",\"inLanguage\":\"pl-PL\",\"@id\":\"https:\/\/www.msds-europe.com\/es\/#\/schema\/logo\/image\/\",\"url\":\"https:\/\/www.msds-europe.com\/wp-content\/uploads\/2021\/04\/msds-europe-logo.jpg\",\"contentUrl\":\"https:\/\/www.msds-europe.com\/wp-content\/uploads\/2021\/04\/msds-europe-logo.jpg\",\"width\":2296,\"height\":1067,\"caption\":\"MSDS-Europe International branch of ToxInfo\"},\"image\":{\"@id\":\"https:\/\/www.msds-europe.com\/es\/#\/schema\/logo\/image\/\"},\"sameAs\":[\"https:\/\/www.facebook.com\/toxinfokft\/\",\"https:\/\/x.com\/ToxInfoKft\"]}]}<\/script>\n<!-- \/ Yoast SEO plugin. -->","yoast_head_json":{"title":"Plusy i minusy program\u00f3w do SDS","description":"Sugestie, kt\u00f3re nale\u017cy rozwa\u017cy\u0107 przed u\u017cyciem oprogramowa\u0144 do tworzenia kart charakterystyk, aby unikn\u0105\u0107 typowych b\u0142\u0119d\u00f3w.","robots":{"index":"index","follow":"follow","max-snippet":"max-snippet:-1","max-image-preview":"max-image-preview:large","max-video-preview":"max-video-preview:-1"},"canonical":"https:\/\/www.msds-europe.com\/pl\/informacje-o-oprogramowaniu-do-tworzenia-kart-charakterystyki\/","og_locale":"pl_PL","og_type":"article","og_title":"Plusy i minusy program\u00f3w do SDS","og_description":"Sugestie, kt\u00f3re nale\u017cy rozwa\u017cy\u0107 przed u\u017cyciem oprogramowa\u0144 do tworzenia kart charakterystyk, aby unikn\u0105\u0107 typowych b\u0142\u0119d\u00f3w.","og_url":"https:\/\/www.msds-europe.com\/pl\/informacje-o-oprogramowaniu-do-tworzenia-kart-charakterystyki\/","og_site_name":"MSDS Europe","article_publisher":"https:\/\/www.facebook.com\/toxinfokft\/","article_modified_time":"2026-02-25T10:36:07+00:00","twitter_card":"summary_large_image","twitter_site":"@ToxInfoKft","twitter_misc":{"Szacowany czas czytania":"3 minuty"},"schema":{"@context":"https:\/\/schema.org","@graph":[{"@type":"WebPage","@id":"https:\/\/www.msds-europe.com\/pl\/informacje-o-oprogramowaniu-do-tworzenia-kart-charakterystyki\/","url":"https:\/\/www.msds-europe.com\/pl\/informacje-o-oprogramowaniu-do-tworzenia-kart-charakterystyki\/","name":"Plusy i minusy program\u00f3w do SDS","isPartOf":{"@id":"https:\/\/www.msds-europe.com\/es\/#website"},"datePublished":"2018-06-19T13:33:58+00:00","dateModified":"2026-02-25T10:36:07+00:00","description":"Sugestie, kt\u00f3re nale\u017cy rozwa\u017cy\u0107 przed u\u017cyciem oprogramowa\u0144 do tworzenia kart charakterystyk, aby unikn\u0105\u0107 typowych b\u0142\u0119d\u00f3w.","breadcrumb":{"@id":"https:\/\/www.msds-europe.com\/pl\/informacje-o-oprogramowaniu-do-tworzenia-kart-charakterystyki\/#breadcrumb"},"inLanguage":"pl-PL","potentialAction":[{"@type":"ReadAction","target":["https:\/\/www.msds-europe.com\/pl\/informacje-o-oprogramowaniu-do-tworzenia-kart-charakterystyki\/"]}]},{"@type":"BreadcrumbList","@id":"https:\/\/www.msds-europe.com\/pl\/informacje-o-oprogramowaniu-do-tworzenia-kart-charakterystyki\/#breadcrumb","itemListElement":[{"@type":"ListItem","position":1,"name":"F\u0151oldal","item":"https:\/\/www.msds-europe.com\/pl\/"},{"@type":"ListItem","position":2,"name":"Informacje o oprogramowaniach do tworzenia kart charakterystyk"}]},{"@type":"WebSite","@id":"https:\/\/www.msds-europe.com\/es\/#website","url":"https:\/\/www.msds-europe.com\/es\/","name":"MSDS Europe","description":"","publisher":{"@id":"https:\/\/www.msds-europe.com\/es\/#organization"},"potentialAction":[{"@type":"SearchAction","target":{"@type":"EntryPoint","urlTemplate":"https:\/\/www.msds-europe.com\/es\/?s={search_term_string}"},"query-input":{"@type":"PropertyValueSpecification","valueRequired":true,"valueName":"search_term_string"}}],"inLanguage":"pl-PL"},{"@type":"Organization","@id":"https:\/\/www.msds-europe.com\/es\/#organization","name":"MSDS-Europe International branch of ToxInfo","url":"https:\/\/www.msds-europe.com\/es\/","logo":{"@type":"ImageObject","inLanguage":"pl-PL","@id":"https:\/\/www.msds-europe.com\/es\/#\/schema\/logo\/image\/","url":"https:\/\/www.msds-europe.com\/wp-content\/uploads\/2021\/04\/msds-europe-logo.jpg","contentUrl":"https:\/\/www.msds-europe.com\/wp-content\/uploads\/2021\/04\/msds-europe-logo.jpg","width":2296,"height":1067,"caption":"MSDS-Europe International branch of ToxInfo"},"image":{"@id":"https:\/\/www.msds-europe.com\/es\/#\/schema\/logo\/image\/"},"sameAs":["https:\/\/www.facebook.com\/toxinfokft\/","https:\/\/x.com\/ToxInfoKft"]}]}},"_links":{"self":[{"href":"https:\/\/www.msds-europe.com\/pl\/wp-json\/wp\/v2\/pages\/5142","targetHints":{"allow":["GET"]}}],"collection":[{"href":"https:\/\/www.msds-europe.com\/pl\/wp-json\/wp\/v2\/pages"}],"about":[{"href":"https:\/\/www.msds-europe.com\/pl\/wp-json\/wp\/v2\/types\/page"}],"author":[{"embeddable":true,"href":"https:\/\/www.msds-europe.com\/pl\/wp-json\/wp\/v2\/users\/2"}],"replies":[{"embeddable":true,"href":"https:\/\/www.msds-europe.com\/pl\/wp-json\/wp\/v2\/comments?post=5142"}],"version-history":[{"count":11,"href":"https:\/\/www.msds-europe.com\/pl\/wp-json\/wp\/v2\/pages\/5142\/revisions"}],"predecessor-version":[{"id":37819,"href":"https:\/\/www.msds-europe.com\/pl\/wp-json\/wp\/v2\/pages\/5142\/revisions\/37819"}],"wp:attachment":[{"href":"https:\/\/www.msds-europe.com\/pl\/wp-json\/wp\/v2\/media?parent=5142"}],"wp:term":[{"taxonomy":"post_tag","embeddable":true,"href":"https:\/\/www.msds-europe.com\/pl\/wp-json\/wp\/v2\/tags?post=5142"}],"curies":[{"name":"wp","href":"https:\/\/api.w.org\/{rel}","templated":true}]}}