{"id":4799,"date":"2018-06-18T11:07:00","date_gmt":"2018-06-18T11:07:00","guid":{"rendered":"http:\/\/www.msds-europe.com\/baza-wiedzy-reach\/"},"modified":"2026-03-11T13:28:29","modified_gmt":"2026-03-11T13:28:29","slug":"baza-wiedzy-reach","status":"publish","type":"page","link":"https:\/\/www.msds-europe.com\/pl\/baza-wiedzy-reach\/","title":{"rendered":"Baza wiedzy REACH"},"content":{"rendered":"<p>&nbsp;<\/p>\n<h2><span style=\"color: #333333;\">Cel bazy wiedzy REACH<\/span><\/h2>\n<p style=\"text-align: justify;\">Tworz\u0105c baz\u0119 wiedzy, pragniemy wspiera\u0107 producent\u00f3w, dalszych u\u017cytkownik\u00f3w i dystrybutor\u00f3w, na kt\u00f3rych ci\u0105\u017c\u0105 obowi\u0105zki wynikaj\u0105ce z rozporz\u0105dzenia REACH.<\/p>\n<p style=\"text-align: justify;\">W kategorii bazy wiedzy REACH publikujemy g\u0142\u00f3wnie artyku\u0142y, kt\u00f3re zwracaj\u0105 uwag\u0119 na podstawowe obowi\u0105zki wynikaj\u0105ce z REACH lub mog\u0105 s\u0142u\u017cy\u0107 jako szybkie \u017ar\u00f3d\u0142o informacji bez konieczno\u015bci bardzo szczeg\u00f3\u0142owego zag\u0142\u0119biania si\u0119 w przepisy.<\/p>\n<p style=\"text-align: justify;\">Dzi\u0119ki profesjonalnym materia\u0142om opublikowanym na naszej stronie internetowej pragniemy umo\u017cliwi\u0107 przedsi\u0119biorstwom okre\u015blenie w\u0142asnego zakresu zaanga\u017cowania i odpowiedzialno\u015bci w zwi\u0105zku z przepisami REACH.<\/p>\n<p style=\"text-align: justify;\">Chcemy zapewni\u0107 podstawowe informacje pomocnicze dotycz\u0105ce wybranych przepis\u00f3w i zada\u0144, kt\u00f3re mog\u0105 pom\u00f3c w wyznaczeniu w\u0142a\u015bciwego kierunku wdro\u017cenia.<\/p>\n<p>&nbsp;<\/p>\n<p style=\"text-align: justify;\"><strong>Uwaga!<\/strong><br \/>\nNiekt\u00f3re artyku\u0142y na naszej stronie internetowej niekoniecznie uwzgl\u0119dniaj\u0105 wszystkie aspekty bezpiecze\u0144stwa chemicznego \u2014 dla u\u0142atwienia zrozumienia \u2014 i dlatego mog\u0105 zawiera\u0107 pewne uproszczenia.<br \/>\nW ka\u017cdym przypadku konieczne jest okre\u015blenie obowi\u0105zk\u00f3w REACH w\u0142a\u015bciwych dla danego przedsi\u0119biorstwa, a za wi\u0105\u017c\u0105ce nale\u017cy uznawa\u0107 wy\u0142\u0105cznie tre\u015b\u0107 odpowiednich przepis\u00f3w.<\/p>\n<p style=\"text-align: justify;\">Najnowsze zmiany przepis\u00f3w REACH mo\u017cna sprawdzi\u0107 w sekcji \u201e<a href=\"https:\/\/www.msds-europe.com\/pl\/zmiany-przepisow-bezpieczenstwa-chemicznego\/\">Przepisy dotycz\u0105ce bezpiecze\u0144stwa chemicznego<\/a>\u201d.<\/p>\n<p>&nbsp;<\/p>\n<p><strong>Najnowsze artyku\u0142y bazy wiedzy REACH<\/strong><\/p>\n<ul>\n<li><a href=\"https:\/\/www.msds-europe.com\/distributors-reach-communication-obligations\/\">Obowi\u0105zki dystrybutor\u00f3w w komunikacji REACH<\/a><\/li>\n<li><a href=\"https:\/\/www.msds-europe.com\/authorization-svhc-substances\/\">Autoryzacja substancji SVHC<\/a><\/li>\n<li><a href=\"https:\/\/www.msds-europe.com\/downstream-user-reach-communication-obligations\/\">Obowi\u0105zki dalszych u\u017cytkownik\u00f3w w komunikacji REACH<\/a><\/li>\n<\/ul>\n<p>&nbsp;<\/p>\n<h4><span style=\"color: #333333;\">Inne przydatne artyku\u0142y<\/span><\/h4>\n<p><a href=\"https:\/\/www.msds-europe.com\/pl\/przydatne-materialy-pomocnicze-i-wskazowki-dla-kart-charakterystyk\/\"><img decoding=\"async\" class=\"size-full wp-image-33507 alignright\" src=\"https:\/\/www.msds-europe.com\/wp-content\/uploads\/2025\/06\/MSDS-Europe-\u2013-Zasoby-profesjonalne.jpg\" alt=\"\" width=\"300\" height=\"277\" \/><\/a><\/p>\n<h3>Baza wiedzy o kartach charakterystyki<\/h3>\n<p style=\"text-align: justify;\">W kategorii \u201e<strong>Baza wiedzy SDS<\/strong>\u201d publikujemy g\u0142\u00f3wnie artyku\u0142y zwracaj\u0105ce uwag\u0119 na kluczowe obowi\u0105zki i informacje dotycz\u0105ce kart charakterystyki.<\/p>\n<p style=\"text-align: justify;\"><em>Nowe artyku\u0142y w kategorii \u201eBaza wiedzy SDS\u201d:<\/em><\/p>\n<ul>\n<li style=\"text-align: justify;\"><a href=\"https:\/\/www.msds-europe.com\/pl\/sds-wymagania-jezykowe\/\"><em>J\u0119zyk karty charakterystyki w UE \u2013 w jakim j\u0119zyku SDS jest obowi\u0105zkowa?<\/em><\/a><\/li>\n<li style=\"text-align: justify;\"><a href=\"https:\/\/www.msds-europe.com\/pl\/sds-zrodla-informacji-bazy-danych\/\"><em>Przydatne \u017ar\u00f3d\u0142a informacji i bazy danych do przygotowania SDS<\/em><\/a><\/li>\n<li style=\"text-align: justify;\"><a href=\"https:\/\/www.msds-europe.com\/pl\/clp-2026-klasy-zagrozenia-mieszaniny-sds-etykietowanie\/\"><em>CLP 2026: nowe klasy zagro\u017ce\u0144 dla mieszanin \u2013 dzia\u0142ania w zakresie SDS i oznakowania<\/em><\/a><\/li>\n<li style=\"text-align: justify;\"><a href=\"https:\/\/www.msds-europe.com\/pl\/sds-sekcja-1-identyfikator-produktu-ufi-mieszaniny\/\"><em>SDS Sekcja 1: identyfikator produktu i UFI<\/em><\/a><\/li>\n<\/ul>\n<p>&nbsp;<\/p>\n<h3>Kompas bezpiecze\u0144stwa chemicznego<\/h3>\n<p><strong><a href=\"https:\/\/www.msds-europe.com\/pl\/bezpieczenstwo-chemiczne-artykuly-analizy\/\"><img decoding=\"async\" class=\"alignright size-full wp-image-33519\" src=\"https:\/\/www.msds-europe.com\/wp-content\/uploads\/2025\/06\/MSDS-Europe-\u2013-Kompas-Bezpieczenstwa-Chemicznego.jpg\" alt=\"\" width=\"300\" height=\"180\" \/><\/a>Bezpiecze\u0144stwo chemiczne w prostych s\u0142owach.<\/strong><\/p>\n<p style=\"text-align: justify;\">Bardziej przyst\u0119pne artyku\u0142y dotycz\u0105ce bezpiecze\u0144stwa chemicznego, zawieraj\u0105ce przydatne informacje i analizy.<\/p>\n<p style=\"text-align: justify;\"><em>Najnowsze artyku\u0142y w Kompasie bezpiecze\u0144stwa chemicznego:<\/em><\/p>\n<ul>\n<li><a href=\"https:\/\/www.msds-europe.com\/pl\/bezpieczenstwo-chemiczne-artykuly-analizy\/#firefighting-foams\"><em>Wycofywanie pian ga\u015bniczych zawieraj\u0105cych PFAS: terminy, przej\u015bcie i gospodarowanie odpadam<\/em><\/a>i<\/li>\n<li><a href=\"https:\/\/www.msds-europe.com\/pl\/bezpieczenstwo-chemiczne-artykuly-analizy\/#clp-trap\"><em>Pu\u0142apka CLP dla producent\u00f3w mieszanin w 2026 r.: terminy dla substancji i mieszanin oraz punkty wymagaj\u0105ce dzia\u0142ania<\/em><\/a><\/li>\n<li><a href=\"https:\/\/www.msds-europe.com\/pl\/bezpieczenstwo-chemiczne-artykuly-analizy\/#digital-label\"><em>Etykieta cyfrowa w CLP: obowi\u0105zki, dzia\u0142ania firmy i wdro\u017cenie techniczne (kod QR)<\/em><\/a><\/li>\n<li style=\"text-align: justify;\"><a href=\"https:\/\/www.msds-europe.com\/pl\/bezpieczenstwo-chemiczne-artykuly-analizy\/#kalendarz-2026\"><em>Kalendarz 2026 termin\u00f3w i dzia\u0142a\u0144 w zakresie bezpiecze\u0144stwa chemicznego<\/em><\/a><\/li>\n<li style=\"text-align: justify;\"><a href=\"https:\/\/www.msds-europe.com\/pl\/bezpieczenstwo-chemiczne-artykuly-analizy\/#reklama-online\"><em>Nowe zasady CLP dla e-commerce: etykietowanie i reklama<\/em><\/a><\/li>\n<\/ul>\n<p>&nbsp;<\/p>\n<p>&nbsp;<\/p>\n<h4><span style=\"color: #333333;\">Dalsze pytania?<\/span><\/h4>\n<p style=\"text-align: justify;\">Skontaktuj si\u0119 z naszym dzia\u0142em obs\u0142ugi klienta lub zapytaj naszego eksperta online.<\/p>\n<a href=\"https:\/\/www.msds-europe.com\/pl\/obsluga-klienta\/\" class=\"su-button su-button-style-default\" style=\"color:#ef552d;background-color:#fefefe;border-color:#cccccc;border-radius:6px\" target=\"_self\"><span style=\"color:#ef552d;padding:0px 18px;font-size:14px;line-height:28px;border-color:#ffffff;border-radius:6px;text-shadow:none\"> Obs\u0142uga klienta<\/span><\/a> <a href=\"https:\/\/www.msds-europe.com\/pl\/konsultacja-online\/\" class=\"su-button su-button-style-default\" style=\"color:#ffffff;background-color:#ef552d;border-color:#c04424;border-radius:6px\" target=\"_self\"><span style=\"color:#ffffff;padding:0px 18px;font-size:14px;line-height:28px;border-color:#f4886c;border-radius:6px;text-shadow:0px 0px 2px #ffffff\"> Zapytaj eksperta<\/span><\/a>\n<p>&nbsp;<\/p>\n<h4><span style=\"color: #333333;\">Polecane us\u0142ugi:<\/span><\/h4>\n<ul>\n<li><a href=\"https:\/\/www.msds-europe.com\/pl\/tlumaczenie-karty-charakterystyki\/\">T\u0142umaczenie karty charakterystyki<\/a><\/li>\n<li><a href=\"https:\/\/www.msds-europe.com\/pl\/kompilacja-tworzenie-karty-charakterystyki\/\">Kompilacja, tworzenie karty charakterystyki<\/a><\/li>\n<li><a href=\"https:\/\/www.msds-europe.com\/pl\/ufi-usluga\/\">Nasze us\u0142ugi w zakresie zg\u0142osze\u0144 PCN<\/a><\/li>\n<\/ul>\n<p>&nbsp;<\/p>\n<p>&nbsp;<\/p>\n","protected":false},"excerpt":{"rendered":"<p>Baza wiedzy REACH zawiera u\u017cyteczne informacje wymagane do spe\u0142nienia wymaga\u0144 REACH dla wszystkich poziom\u00f3w \u0142a\u0144cucha dostaw.<\/p>\n","protected":false},"author":2,"featured_media":0,"parent":0,"menu_order":0,"comment_status":"closed","ping_status":"closed","template":"page-category.php","meta":{"_acf_changed":false,"footnotes":""},"tags":[309],"class_list":["post-4799","page","type-page","status-publish","hentry","tag-baza-wiedzy"],"acf":[],"yoast_head":"<!-- This site is optimized with the Yoast SEO plugin v27.2 - https:\/\/yoast.com\/product\/yoast-seo-wordpress\/ -->\n<title>Baza wiedzy REACH: przewodniki i obowi\u0105zki | MSDS-Europe<\/title>\n<meta name=\"description\" content=\"Praktyczne artyku\u0142y o wymaganiach REACH dla producent\u00f3w, importer\u00f3w, dystrybutor\u00f3w i dalszych u\u017cytkownik\u00f3w.\" \/>\n<meta name=\"robots\" content=\"index, follow, max-snippet:-1, max-image-preview:large, max-video-preview:-1\" \/>\n<link rel=\"canonical\" href=\"https:\/\/www.msds-europe.com\/pl\/baza-wiedzy-reach\/\" \/>\n<meta property=\"og:locale\" content=\"pl_PL\" \/>\n<meta property=\"og:type\" content=\"article\" \/>\n<meta property=\"og:title\" content=\"Baza wiedzy REACH: przewodniki i obowi\u0105zki | MSDS-Europe\" \/>\n<meta property=\"og:description\" content=\"Praktyczne artyku\u0142y o wymaganiach REACH dla producent\u00f3w, importer\u00f3w, dystrybutor\u00f3w i dalszych u\u017cytkownik\u00f3w.\" \/>\n<meta property=\"og:url\" content=\"https:\/\/www.msds-europe.com\/pl\/baza-wiedzy-reach\/\" \/>\n<meta property=\"og:site_name\" content=\"MSDS Europe\" \/>\n<meta property=\"article:publisher\" content=\"https:\/\/www.facebook.com\/toxinfokft\/\" \/>\n<meta property=\"article:modified_time\" content=\"2026-03-11T13:28:29+00:00\" \/>\n<meta name=\"twitter:card\" content=\"summary_large_image\" \/>\n<meta name=\"twitter:site\" content=\"@ToxInfoKft\" \/>\n<meta name=\"twitter:label1\" content=\"Szacowany czas czytania\" \/>\n\t<meta name=\"twitter:data1\" content=\"3 minuty\" \/>\n<script type=\"application\/ld+json\" class=\"yoast-schema-graph\">{\"@context\":\"https:\/\/schema.org\",\"@graph\":[{\"@type\":\"WebPage\",\"@id\":\"https:\/\/www.msds-europe.com\/pl\/baza-wiedzy-reach\/\",\"url\":\"https:\/\/www.msds-europe.com\/pl\/baza-wiedzy-reach\/\",\"name\":\"Baza wiedzy REACH: przewodniki i obowi\u0105zki | MSDS-Europe\",\"isPartOf\":{\"@id\":\"https:\/\/www.msds-europe.com\/es\/#website\"},\"datePublished\":\"2018-06-18T11:07:00+00:00\",\"dateModified\":\"2026-03-11T13:28:29+00:00\",\"description\":\"Praktyczne artyku\u0142y o wymaganiach REACH dla producent\u00f3w, importer\u00f3w, dystrybutor\u00f3w i dalszych u\u017cytkownik\u00f3w.\",\"breadcrumb\":{\"@id\":\"https:\/\/www.msds-europe.com\/pl\/baza-wiedzy-reach\/#breadcrumb\"},\"inLanguage\":\"pl-PL\",\"potentialAction\":[{\"@type\":\"ReadAction\",\"target\":[\"https:\/\/www.msds-europe.com\/pl\/baza-wiedzy-reach\/\"]}]},{\"@type\":\"BreadcrumbList\",\"@id\":\"https:\/\/www.msds-europe.com\/pl\/baza-wiedzy-reach\/#breadcrumb\",\"itemListElement\":[{\"@type\":\"ListItem\",\"position\":1,\"name\":\"F\u0151oldal\",\"item\":\"https:\/\/www.msds-europe.com\/pl\/\"},{\"@type\":\"ListItem\",\"position\":2,\"name\":\"Baza wiedzy REACH\"}]},{\"@type\":\"WebSite\",\"@id\":\"https:\/\/www.msds-europe.com\/es\/#website\",\"url\":\"https:\/\/www.msds-europe.com\/es\/\",\"name\":\"MSDS Europe\",\"description\":\"\",\"publisher\":{\"@id\":\"https:\/\/www.msds-europe.com\/es\/#organization\"},\"potentialAction\":[{\"@type\":\"SearchAction\",\"target\":{\"@type\":\"EntryPoint\",\"urlTemplate\":\"https:\/\/www.msds-europe.com\/es\/?s={search_term_string}\"},\"query-input\":{\"@type\":\"PropertyValueSpecification\",\"valueRequired\":true,\"valueName\":\"search_term_string\"}}],\"inLanguage\":\"pl-PL\"},{\"@type\":\"Organization\",\"@id\":\"https:\/\/www.msds-europe.com\/es\/#organization\",\"name\":\"MSDS-Europe International branch of ToxInfo\",\"url\":\"https:\/\/www.msds-europe.com\/es\/\",\"logo\":{\"@type\":\"ImageObject\",\"inLanguage\":\"pl-PL\",\"@id\":\"https:\/\/www.msds-europe.com\/es\/#\/schema\/logo\/image\/\",\"url\":\"https:\/\/www.msds-europe.com\/wp-content\/uploads\/2021\/04\/msds-europe-logo.jpg\",\"contentUrl\":\"https:\/\/www.msds-europe.com\/wp-content\/uploads\/2021\/04\/msds-europe-logo.jpg\",\"width\":2296,\"height\":1067,\"caption\":\"MSDS-Europe International branch of ToxInfo\"},\"image\":{\"@id\":\"https:\/\/www.msds-europe.com\/es\/#\/schema\/logo\/image\/\"},\"sameAs\":[\"https:\/\/www.facebook.com\/toxinfokft\/\",\"https:\/\/x.com\/ToxInfoKft\"]}]}<\/script>\n<!-- \/ Yoast SEO plugin. -->","yoast_head_json":{"title":"Baza wiedzy REACH: przewodniki i obowi\u0105zki | MSDS-Europe","description":"Praktyczne artyku\u0142y o wymaganiach REACH dla producent\u00f3w, importer\u00f3w, dystrybutor\u00f3w i dalszych u\u017cytkownik\u00f3w.","robots":{"index":"index","follow":"follow","max-snippet":"max-snippet:-1","max-image-preview":"max-image-preview:large","max-video-preview":"max-video-preview:-1"},"canonical":"https:\/\/www.msds-europe.com\/pl\/baza-wiedzy-reach\/","og_locale":"pl_PL","og_type":"article","og_title":"Baza wiedzy REACH: przewodniki i obowi\u0105zki | MSDS-Europe","og_description":"Praktyczne artyku\u0142y o wymaganiach REACH dla producent\u00f3w, importer\u00f3w, dystrybutor\u00f3w i dalszych u\u017cytkownik\u00f3w.","og_url":"https:\/\/www.msds-europe.com\/pl\/baza-wiedzy-reach\/","og_site_name":"MSDS Europe","article_publisher":"https:\/\/www.facebook.com\/toxinfokft\/","article_modified_time":"2026-03-11T13:28:29+00:00","twitter_card":"summary_large_image","twitter_site":"@ToxInfoKft","twitter_misc":{"Szacowany czas czytania":"3 minuty"},"schema":{"@context":"https:\/\/schema.org","@graph":[{"@type":"WebPage","@id":"https:\/\/www.msds-europe.com\/pl\/baza-wiedzy-reach\/","url":"https:\/\/www.msds-europe.com\/pl\/baza-wiedzy-reach\/","name":"Baza wiedzy REACH: przewodniki i obowi\u0105zki | MSDS-Europe","isPartOf":{"@id":"https:\/\/www.msds-europe.com\/es\/#website"},"datePublished":"2018-06-18T11:07:00+00:00","dateModified":"2026-03-11T13:28:29+00:00","description":"Praktyczne artyku\u0142y o wymaganiach REACH dla producent\u00f3w, importer\u00f3w, dystrybutor\u00f3w i dalszych u\u017cytkownik\u00f3w.","breadcrumb":{"@id":"https:\/\/www.msds-europe.com\/pl\/baza-wiedzy-reach\/#breadcrumb"},"inLanguage":"pl-PL","potentialAction":[{"@type":"ReadAction","target":["https:\/\/www.msds-europe.com\/pl\/baza-wiedzy-reach\/"]}]},{"@type":"BreadcrumbList","@id":"https:\/\/www.msds-europe.com\/pl\/baza-wiedzy-reach\/#breadcrumb","itemListElement":[{"@type":"ListItem","position":1,"name":"F\u0151oldal","item":"https:\/\/www.msds-europe.com\/pl\/"},{"@type":"ListItem","position":2,"name":"Baza wiedzy REACH"}]},{"@type":"WebSite","@id":"https:\/\/www.msds-europe.com\/es\/#website","url":"https:\/\/www.msds-europe.com\/es\/","name":"MSDS Europe","description":"","publisher":{"@id":"https:\/\/www.msds-europe.com\/es\/#organization"},"potentialAction":[{"@type":"SearchAction","target":{"@type":"EntryPoint","urlTemplate":"https:\/\/www.msds-europe.com\/es\/?s={search_term_string}"},"query-input":{"@type":"PropertyValueSpecification","valueRequired":true,"valueName":"search_term_string"}}],"inLanguage":"pl-PL"},{"@type":"Organization","@id":"https:\/\/www.msds-europe.com\/es\/#organization","name":"MSDS-Europe International branch of ToxInfo","url":"https:\/\/www.msds-europe.com\/es\/","logo":{"@type":"ImageObject","inLanguage":"pl-PL","@id":"https:\/\/www.msds-europe.com\/es\/#\/schema\/logo\/image\/","url":"https:\/\/www.msds-europe.com\/wp-content\/uploads\/2021\/04\/msds-europe-logo.jpg","contentUrl":"https:\/\/www.msds-europe.com\/wp-content\/uploads\/2021\/04\/msds-europe-logo.jpg","width":2296,"height":1067,"caption":"MSDS-Europe International branch of ToxInfo"},"image":{"@id":"https:\/\/www.msds-europe.com\/es\/#\/schema\/logo\/image\/"},"sameAs":["https:\/\/www.facebook.com\/toxinfokft\/","https:\/\/x.com\/ToxInfoKft"]}]}},"_links":{"self":[{"href":"https:\/\/www.msds-europe.com\/pl\/wp-json\/wp\/v2\/pages\/4799","targetHints":{"allow":["GET"]}}],"collection":[{"href":"https:\/\/www.msds-europe.com\/pl\/wp-json\/wp\/v2\/pages"}],"about":[{"href":"https:\/\/www.msds-europe.com\/pl\/wp-json\/wp\/v2\/types\/page"}],"author":[{"embeddable":true,"href":"https:\/\/www.msds-europe.com\/pl\/wp-json\/wp\/v2\/users\/2"}],"replies":[{"embeddable":true,"href":"https:\/\/www.msds-europe.com\/pl\/wp-json\/wp\/v2\/comments?post=4799"}],"version-history":[{"count":12,"href":"https:\/\/www.msds-europe.com\/pl\/wp-json\/wp\/v2\/pages\/4799\/revisions"}],"predecessor-version":[{"id":38563,"href":"https:\/\/www.msds-europe.com\/pl\/wp-json\/wp\/v2\/pages\/4799\/revisions\/38563"}],"wp:attachment":[{"href":"https:\/\/www.msds-europe.com\/pl\/wp-json\/wp\/v2\/media?parent=4799"}],"wp:term":[{"taxonomy":"post_tag","embeddable":true,"href":"https:\/\/www.msds-europe.com\/pl\/wp-json\/wp\/v2\/tags?post=4799"}],"curies":[{"name":"wp","href":"https:\/\/api.w.org\/{rel}","templated":true}]}}