{"id":4678,"date":"2018-06-17T10:35:49","date_gmt":"2018-06-17T10:35:49","guid":{"rendered":"http:\/\/www.msds-europe.com\/zapytanie-o-usluge-dotyczaca-produktow-kosmetycznych\/"},"modified":"2018-06-29T19:37:55","modified_gmt":"2018-06-29T19:37:55","slug":"zapytanie-ofertowe-dotyczace-kosmetykow","status":"publish","type":"page","link":"https:\/\/www.msds-europe.com\/pl\/zapytanie-ofertowe-dotyczace-kosmetykow\/","title":{"rendered":"Zapytanie o us\u0142ug\u0119 dotycz\u0105c\u0105 produkt\u00f3w kosmetycznych"},"content":{"rendered":"<p style=\"text-align: right;\"><em><a href=\"http:\/\/www.msds-europe.com\/pl\/\">MSDS-Europe<\/a> \u2013 Zapytanie ofertowe o us\u0142ugi dotycz\u0105ce produkt\u00f3w kosmetycznych<\/em><\/p>\n<p>&nbsp;<\/p>\n<p style=\"text-align: justify;\">Prze\u015blemy pisemn\u0105 ofert\u0119 na wybran\u0105 us\u0142ug\u0119 w ci\u0105gu <strong>24 godzin<\/strong> od otrzymania zapytania ofertowego online.<\/p>\n<p>&nbsp;<\/p>\n<h2 style=\"text-align: justify;\">Pomoc w wyborze odpowiedniej us\u0142ugi<\/h2>\n<p style=\"text-align: justify;\">Je\u015bli pojawi\u0105 si\u0119 jakiekolwiek pytania dotycz\u0105ce zam\u00f3wie\u0144 lub odno\u015bnie bezpiecze\u0144stwa chemicznego, prosz\u0119 skontaktowa\u0107 si\u0119 z obs\u0142ug\u0105 klienta.<\/p>\n<p style=\"text-align: justify;\"><strong>Na naszej stronie mo\u017cna znale\u017a\u0107 wi\u0119cej informacji o naszych us\u0142ugach dotycz\u0105cych produkt\u00f3w kosmetycznych.<\/strong><\/p>\n<p>&nbsp;<\/p>\n\n<div class=\"wpcf7 no-js\" id=\"wpcf7-f6199-o1\" lang=\"hu-HU\" dir=\"ltr\" data-wpcf7-id=\"6199\">\n<div class=\"screen-reader-response\"><p role=\"status\" aria-live=\"polite\" aria-atomic=\"true\"><\/p> <ul><\/ul><\/div>\n<form action=\"\/pl\/wp-json\/wp\/v2\/pages\/4678#wpcf7-f6199-o1\" method=\"post\" class=\"wpcf7-form init\" aria-label=\"Kapcsolatfelv\u00e9teli \u0171rlap\" novalidate=\"novalidate\" data-status=\"init\">\n<fieldset class=\"hidden-fields-container\"><input type=\"hidden\" name=\"_wpcf7\" value=\"6199\" \/><input type=\"hidden\" name=\"_wpcf7_version\" value=\"6.1.5\" \/><input type=\"hidden\" name=\"_wpcf7_locale\" value=\"hu_HU\" \/><input type=\"hidden\" name=\"_wpcf7_unit_tag\" value=\"wpcf7-f6199-o1\" \/><input type=\"hidden\" name=\"_wpcf7_container_post\" value=\"0\" \/><input type=\"hidden\" name=\"_wpcf7_posted_data_hash\" value=\"\" \/><input type=\"hidden\" name=\"_wpcf7_recaptcha_response\" value=\"\" \/>\n<\/fieldset>\n<div class=\"arajanlatkeres_form kozmetikum_form\">\n\t<div class=\"row contact_row\">\n\t\t<div class=\"col-sm-5 col-sm-offset-1\">\n\t\t\t<p><label>Imi\u0119 i nazwisko osoby kontaktowej<\/label>\n\t\t\t<\/p>\n\t\t<\/div>\n\t\t<div class=\"col-sm-5\">\n\t\t\t<p><span class=\"wpcf7-form-control-wrap\" data-name=\"your-name\"><input size=\"40\" maxlength=\"400\" class=\"wpcf7-form-control wpcf7-text wpcf7-validates-as-required\" aria-required=\"true\" aria-invalid=\"false\" value=\"\" type=\"text\" name=\"your-name\" \/><\/span>\n\t\t\t<\/p>\n\t\t<\/div>\n\t<\/div>\n\t<div class=\"row contact_row\">\n\t\t<div class=\"col-sm-5 col-sm-offset-1\">\n\t\t\t<p><label>Nazwa firmy<\/label>\n\t\t\t<\/p>\n\t\t<\/div>\n\t\t<div class=\"col-sm-5\">\n\t\t\t<p><span class=\"wpcf7-form-control-wrap\" data-name=\"company-name\"><input size=\"40\" maxlength=\"400\" class=\"wpcf7-form-control wpcf7-text wpcf7-validates-as-required\" aria-required=\"true\" aria-invalid=\"false\" value=\"\" type=\"text\" name=\"company-name\" \/><\/span>\n\t\t\t<\/p>\n\t\t<\/div>\n\t<\/div>\n\t<div class=\"row contact_row\">\n\t\t<div class=\"col-sm-5 col-sm-offset-1\">\n\t\t\t<p><label>Adres przedsi\u0119biorstwa<\/label>\n\t\t\t<\/p>\n\t\t<\/div>\n\t\t<div class=\"col-sm-5\">\n\t\t\t<p><span class=\"wpcf7-form-control-wrap\" data-name=\"company-address\"><input size=\"40\" maxlength=\"400\" class=\"wpcf7-form-control wpcf7-text wpcf7-validates-as-required\" aria-required=\"true\" aria-invalid=\"false\" value=\"\" type=\"text\" name=\"company-address\" \/><\/span>\n\t\t\t<\/p>\n\t\t<\/div>\n\t<\/div>\n\t<div class=\"row contact_row\">\n\t\t<div class=\"col-sm-5 col-sm-offset-1\">\n\t\t\t<p><label>Numer telefonu<\/label>\n\t\t\t<\/p>\n\t\t<\/div>\n\t\t<div class=\"col-sm-5\">\n\t\t\t<p><span class=\"wpcf7-form-control-wrap\" data-name=\"company-phone\"><input size=\"40\" maxlength=\"400\" class=\"wpcf7-form-control wpcf7-text wpcf7-validates-as-required\" aria-required=\"true\" aria-invalid=\"false\" value=\"\" type=\"text\" name=\"company-phone\" \/><\/span>\n\t\t\t<\/p>\n\t\t<\/div>\n\t<\/div>\n\t<div class=\"row contact_row\">\n\t\t<div class=\"col-sm-5 col-sm-offset-1\">\n\t\t\t<p><label>Adres e-mail<\/label>\n\t\t\t<\/p>\n\t\t<\/div>\n\t\t<div class=\"col-sm-5\">\n\t\t\t<p><span class=\"wpcf7-form-control-wrap\" data-name=\"your-email\"><input size=\"40\" maxlength=\"400\" class=\"wpcf7-form-control wpcf7-email wpcf7-validates-as-required wpcf7-text wpcf7-validates-as-email\" aria-required=\"true\" aria-invalid=\"false\" value=\"\" type=\"email\" name=\"your-email\" \/><\/span>\n\t\t\t<\/p>\n\t\t<\/div>\n\t<\/div>\n\t<div class=\"row contact_row\">\n\t\t<div class=\"col-sm-5 col-sm-offset-1\">\n\t\t\t<p><label>Ilo\u015b\u0107<\/label>\n\t\t\t<\/p>\n\t\t<\/div>\n\t\t<div class=\"col-sm-5\">\n\t\t\t<p><span class=\"wpcf7-form-control-wrap\" data-name=\"number\"><input size=\"40\" maxlength=\"400\" class=\"wpcf7-form-control wpcf7-text wpcf7-validates-as-required\" aria-required=\"true\" aria-invalid=\"false\" value=\"\" type=\"text\" name=\"number\" \/><\/span>\n\t\t\t<\/p>\n\t\t<\/div>\n\t<\/div>\n\t<div class=\"row contact_row\">\n\t\t<div class=\"col-sm-5 col-sm-offset-1\">\n\t\t\t<p><label>Uwagi<\/label>\n\t\t\t<\/p>\n\t\t<\/div>\n\t\t<div class=\"col-sm-5\">\n\t\t\t<p><span class=\"wpcf7-form-control-wrap\" data-name=\"your-message\"><textarea cols=\"40\" rows=\"10\" maxlength=\"2000\" class=\"wpcf7-form-control wpcf7-textarea\" aria-invalid=\"false\" name=\"your-message\"><\/textarea><\/span>\n\t\t\t<\/p>\n\t\t<\/div>\n\t<\/div>\n\t<div class=\"row contact_row\">\n\t\t<div class=\"col-sm-10 col-sm-offset-1\">\n\t\t\t<p><span class=\"wpcf7-form-control-wrap\" data-name=\"radio-917\"><span class=\"wpcf7-form-control wpcf7-radio\"><span class=\"wpcf7-list-item first\"><input type=\"radio\" name=\"radio-917\" value=\"Ocena bezpiecze\u0144stwa\" checked=\"checked\" \/><span class=\"wpcf7-list-item-label\">Ocena bezpiecze\u0144stwa<\/span><\/span><span class=\"wpcf7-list-item\"><input type=\"radio\" name=\"radio-917\" value=\"Notyfikacja na portalu CPNP\" \/><span class=\"wpcf7-list-item-label\">Notyfikacja na portalu CPNP<\/span><\/span><span class=\"wpcf7-list-item\"><input type=\"radio\" name=\"radio-917\" value=\"Projekt etykiety dla produkt\u00f3w kosmetycznych\" \/><span class=\"wpcf7-list-item-label\">Projekt etykiety dla produkt\u00f3w kosmetycznych<\/span><\/span><span class=\"wpcf7-list-item last\"><input type=\"radio\" name=\"radio-917\" value=\"Karta charakterystyki dla produkt\u00f3w kosmetycznych\" \/><span class=\"wpcf7-list-item-label\">Karta charakterystyki dla produkt\u00f3w kosmetycznych<\/span><\/span><\/span><\/span>\n\t\t\t<\/p>\n\t\t<\/div>\n\t<\/div>\n\t<div class=\"row contact_row policy_row\">\n\t\t<div class=\"col-sm-10 col-sm-offset-1\">\n\t\t\t<p><span class=\"wpcf7-form-control-wrap\" data-name=\"policy\"><span class=\"wpcf7-form-control wpcf7-acceptance\"><span class=\"wpcf7-list-item\"><label><input type=\"checkbox\" name=\"policy\" value=\"1\" aria-invalid=\"false\" \/><span class=\"wpcf7-list-item-label\">Zgadzam si\u0119 na <a href=\"http:\/\/www.msds-europe.com\/privacy-policy\/\" target=\"_blank\" title=\"Polityk\u0119 prywatno\u015bci\">Polityk\u0119 prywatno\u015bci<\/a>.<\/span><\/label><\/span><\/span><\/span>\n\t\t\t<\/p>\n\t\t<\/div>\n\t<\/div>\n\t<div class=\"row contact_row\">\n\t\t<div class=\"col-sm-10 col-sm-offset-1 text-right\">\n\t\t\t<p><input class=\"wpcf7-form-control wpcf7-submit has-spinner\" type=\"submit\" value=\"Wysy\u0142ka\" \/>\n\t\t\t<\/p>\n\t\t<\/div>\n\t<\/div>\n<\/div><div class=\"wpcf7-response-output\" aria-hidden=\"true\"><\/div>\n<\/form>\n<\/div>\n\n","protected":false},"excerpt":{"rendered":"<p>Zapytanie ofertowe online o us\u0142ugi dotycz\u0105ce produkt\u00f3w kosmetycznych<\/p>\n","protected":false},"author":2,"featured_media":0,"parent":0,"menu_order":0,"comment_status":"closed","ping_status":"closed","template":"","meta":{"_acf_changed":false,"footnotes":""},"class_list":["post-4678","page","type-page","status-publish","hentry"],"acf":[],"yoast_head":"<!-- This site is optimized with the Yoast SEO plugin v27.2 - https:\/\/yoast.com\/product\/yoast-seo-wordpress\/ -->\n<title>Zapytanie o us\u0142ug\u0119 dotycz\u0105c\u0105 produkt\u00f3w kosmetycznych<\/title>\n<meta name=\"description\" content=\"Zapytanie ofertowe online w celu oceny bezpiecze\u0144stwa, notyfikacji CPNP i projekt etykiet dla produkt\u00f3w kosmetycznych. Pisemna oferta w czasie 24 godzin.\" \/>\n<meta name=\"robots\" content=\"index, follow, max-snippet:-1, max-image-preview:large, max-video-preview:-1\" \/>\n<link rel=\"canonical\" href=\"https:\/\/www.msds-europe.com\/pl\/zapytanie-ofertowe-dotyczace-kosmetykow\/\" \/>\n<meta property=\"og:locale\" content=\"pl_PL\" \/>\n<meta property=\"og:type\" content=\"article\" \/>\n<meta property=\"og:title\" content=\"Zapytanie o us\u0142ug\u0119 dotycz\u0105c\u0105 produkt\u00f3w kosmetycznych\" \/>\n<meta property=\"og:description\" content=\"Zapytanie ofertowe online w celu oceny bezpiecze\u0144stwa, notyfikacji CPNP i projekt etykiet dla produkt\u00f3w kosmetycznych. Pisemna oferta w czasie 24 godzin.\" \/>\n<meta property=\"og:url\" content=\"https:\/\/www.msds-europe.com\/pl\/zapytanie-ofertowe-dotyczace-kosmetykow\/\" \/>\n<meta property=\"og:site_name\" content=\"MSDS Europe\" \/>\n<meta property=\"article:publisher\" content=\"https:\/\/www.facebook.com\/toxinfokft\/\" \/>\n<meta property=\"article:modified_time\" content=\"2018-06-29T19:37:55+00:00\" \/>\n<meta name=\"twitter:card\" content=\"summary_large_image\" \/>\n<meta name=\"twitter:site\" content=\"@ToxInfoKft\" \/>\n<script type=\"application\/ld+json\" class=\"yoast-schema-graph\">{\"@context\":\"https:\/\/schema.org\",\"@graph\":[{\"@type\":\"WebPage\",\"@id\":\"https:\/\/www.msds-europe.com\/pl\/zapytanie-ofertowe-dotyczace-kosmetykow\/\",\"url\":\"https:\/\/www.msds-europe.com\/pl\/zapytanie-ofertowe-dotyczace-kosmetykow\/\",\"name\":\"Zapytanie o us\u0142ug\u0119 dotycz\u0105c\u0105 produkt\u00f3w kosmetycznych\",\"isPartOf\":{\"@id\":\"https:\/\/www.msds-europe.com\/es\/#website\"},\"datePublished\":\"2018-06-17T10:35:49+00:00\",\"dateModified\":\"2018-06-29T19:37:55+00:00\",\"description\":\"Zapytanie ofertowe online w celu oceny bezpiecze\u0144stwa, notyfikacji CPNP i projekt etykiet dla produkt\u00f3w kosmetycznych. Pisemna oferta w czasie 24 godzin.\",\"breadcrumb\":{\"@id\":\"https:\/\/www.msds-europe.com\/pl\/zapytanie-ofertowe-dotyczace-kosmetykow\/#breadcrumb\"},\"inLanguage\":\"pl-PL\",\"potentialAction\":[{\"@type\":\"ReadAction\",\"target\":[\"https:\/\/www.msds-europe.com\/pl\/zapytanie-ofertowe-dotyczace-kosmetykow\/\"]}]},{\"@type\":\"BreadcrumbList\",\"@id\":\"https:\/\/www.msds-europe.com\/pl\/zapytanie-ofertowe-dotyczace-kosmetykow\/#breadcrumb\",\"itemListElement\":[{\"@type\":\"ListItem\",\"position\":1,\"name\":\"F\u0151oldal\",\"item\":\"https:\/\/www.msds-europe.com\/pl\/\"},{\"@type\":\"ListItem\",\"position\":2,\"name\":\"Zapytanie o us\u0142ug\u0119 dotycz\u0105c\u0105 produkt\u00f3w kosmetycznych\"}]},{\"@type\":\"WebSite\",\"@id\":\"https:\/\/www.msds-europe.com\/es\/#website\",\"url\":\"https:\/\/www.msds-europe.com\/es\/\",\"name\":\"MSDS Europe\",\"description\":\"\",\"publisher\":{\"@id\":\"https:\/\/www.msds-europe.com\/es\/#organization\"},\"potentialAction\":[{\"@type\":\"SearchAction\",\"target\":{\"@type\":\"EntryPoint\",\"urlTemplate\":\"https:\/\/www.msds-europe.com\/es\/?s={search_term_string}\"},\"query-input\":{\"@type\":\"PropertyValueSpecification\",\"valueRequired\":true,\"valueName\":\"search_term_string\"}}],\"inLanguage\":\"pl-PL\"},{\"@type\":\"Organization\",\"@id\":\"https:\/\/www.msds-europe.com\/es\/#organization\",\"name\":\"MSDS-Europe International branch of ToxInfo\",\"url\":\"https:\/\/www.msds-europe.com\/es\/\",\"logo\":{\"@type\":\"ImageObject\",\"inLanguage\":\"pl-PL\",\"@id\":\"https:\/\/www.msds-europe.com\/es\/#\/schema\/logo\/image\/\",\"url\":\"https:\/\/www.msds-europe.com\/wp-content\/uploads\/2021\/04\/msds-europe-logo.jpg\",\"contentUrl\":\"https:\/\/www.msds-europe.com\/wp-content\/uploads\/2021\/04\/msds-europe-logo.jpg\",\"width\":2296,\"height\":1067,\"caption\":\"MSDS-Europe International branch of ToxInfo\"},\"image\":{\"@id\":\"https:\/\/www.msds-europe.com\/es\/#\/schema\/logo\/image\/\"},\"sameAs\":[\"https:\/\/www.facebook.com\/toxinfokft\/\",\"https:\/\/x.com\/ToxInfoKft\"]}]}<\/script>\n<!-- \/ Yoast SEO plugin. -->","yoast_head_json":{"title":"Zapytanie o us\u0142ug\u0119 dotycz\u0105c\u0105 produkt\u00f3w kosmetycznych","description":"Zapytanie ofertowe online w celu oceny bezpiecze\u0144stwa, notyfikacji CPNP i projekt etykiet dla produkt\u00f3w kosmetycznych. Pisemna oferta w czasie 24 godzin.","robots":{"index":"index","follow":"follow","max-snippet":"max-snippet:-1","max-image-preview":"max-image-preview:large","max-video-preview":"max-video-preview:-1"},"canonical":"https:\/\/www.msds-europe.com\/pl\/zapytanie-ofertowe-dotyczace-kosmetykow\/","og_locale":"pl_PL","og_type":"article","og_title":"Zapytanie o us\u0142ug\u0119 dotycz\u0105c\u0105 produkt\u00f3w kosmetycznych","og_description":"Zapytanie ofertowe online w celu oceny bezpiecze\u0144stwa, notyfikacji CPNP i projekt etykiet dla produkt\u00f3w kosmetycznych. Pisemna oferta w czasie 24 godzin.","og_url":"https:\/\/www.msds-europe.com\/pl\/zapytanie-ofertowe-dotyczace-kosmetykow\/","og_site_name":"MSDS Europe","article_publisher":"https:\/\/www.facebook.com\/toxinfokft\/","article_modified_time":"2018-06-29T19:37:55+00:00","twitter_card":"summary_large_image","twitter_site":"@ToxInfoKft","schema":{"@context":"https:\/\/schema.org","@graph":[{"@type":"WebPage","@id":"https:\/\/www.msds-europe.com\/pl\/zapytanie-ofertowe-dotyczace-kosmetykow\/","url":"https:\/\/www.msds-europe.com\/pl\/zapytanie-ofertowe-dotyczace-kosmetykow\/","name":"Zapytanie o us\u0142ug\u0119 dotycz\u0105c\u0105 produkt\u00f3w kosmetycznych","isPartOf":{"@id":"https:\/\/www.msds-europe.com\/es\/#website"},"datePublished":"2018-06-17T10:35:49+00:00","dateModified":"2018-06-29T19:37:55+00:00","description":"Zapytanie ofertowe online w celu oceny bezpiecze\u0144stwa, notyfikacji CPNP i projekt etykiet dla produkt\u00f3w kosmetycznych. Pisemna oferta w czasie 24 godzin.","breadcrumb":{"@id":"https:\/\/www.msds-europe.com\/pl\/zapytanie-ofertowe-dotyczace-kosmetykow\/#breadcrumb"},"inLanguage":"pl-PL","potentialAction":[{"@type":"ReadAction","target":["https:\/\/www.msds-europe.com\/pl\/zapytanie-ofertowe-dotyczace-kosmetykow\/"]}]},{"@type":"BreadcrumbList","@id":"https:\/\/www.msds-europe.com\/pl\/zapytanie-ofertowe-dotyczace-kosmetykow\/#breadcrumb","itemListElement":[{"@type":"ListItem","position":1,"name":"F\u0151oldal","item":"https:\/\/www.msds-europe.com\/pl\/"},{"@type":"ListItem","position":2,"name":"Zapytanie o us\u0142ug\u0119 dotycz\u0105c\u0105 produkt\u00f3w kosmetycznych"}]},{"@type":"WebSite","@id":"https:\/\/www.msds-europe.com\/es\/#website","url":"https:\/\/www.msds-europe.com\/es\/","name":"MSDS Europe","description":"","publisher":{"@id":"https:\/\/www.msds-europe.com\/es\/#organization"},"potentialAction":[{"@type":"SearchAction","target":{"@type":"EntryPoint","urlTemplate":"https:\/\/www.msds-europe.com\/es\/?s={search_term_string}"},"query-input":{"@type":"PropertyValueSpecification","valueRequired":true,"valueName":"search_term_string"}}],"inLanguage":"pl-PL"},{"@type":"Organization","@id":"https:\/\/www.msds-europe.com\/es\/#organization","name":"MSDS-Europe International branch of ToxInfo","url":"https:\/\/www.msds-europe.com\/es\/","logo":{"@type":"ImageObject","inLanguage":"pl-PL","@id":"https:\/\/www.msds-europe.com\/es\/#\/schema\/logo\/image\/","url":"https:\/\/www.msds-europe.com\/wp-content\/uploads\/2021\/04\/msds-europe-logo.jpg","contentUrl":"https:\/\/www.msds-europe.com\/wp-content\/uploads\/2021\/04\/msds-europe-logo.jpg","width":2296,"height":1067,"caption":"MSDS-Europe International branch of ToxInfo"},"image":{"@id":"https:\/\/www.msds-europe.com\/es\/#\/schema\/logo\/image\/"},"sameAs":["https:\/\/www.facebook.com\/toxinfokft\/","https:\/\/x.com\/ToxInfoKft"]}]}},"_links":{"self":[{"href":"https:\/\/www.msds-europe.com\/pl\/wp-json\/wp\/v2\/pages\/4678","targetHints":{"allow":["GET"]}}],"collection":[{"href":"https:\/\/www.msds-europe.com\/pl\/wp-json\/wp\/v2\/pages"}],"about":[{"href":"https:\/\/www.msds-europe.com\/pl\/wp-json\/wp\/v2\/types\/page"}],"author":[{"embeddable":true,"href":"https:\/\/www.msds-europe.com\/pl\/wp-json\/wp\/v2\/users\/2"}],"replies":[{"embeddable":true,"href":"https:\/\/www.msds-europe.com\/pl\/wp-json\/wp\/v2\/comments?post=4678"}],"version-history":[{"count":5,"href":"https:\/\/www.msds-europe.com\/pl\/wp-json\/wp\/v2\/pages\/4678\/revisions"}],"predecessor-version":[{"id":6967,"href":"https:\/\/www.msds-europe.com\/pl\/wp-json\/wp\/v2\/pages\/4678\/revisions\/6967"}],"wp:attachment":[{"href":"https:\/\/www.msds-europe.com\/pl\/wp-json\/wp\/v2\/media?parent=4678"}],"curies":[{"name":"wp","href":"https:\/\/api.w.org\/{rel}","templated":true}]}}