{"id":4638,"date":"2018-06-17T09:30:10","date_gmt":"2018-06-17T09:30:10","guid":{"rendered":"http:\/\/www.msds-europe.com\/zapytanie-ofertowe-online-o-uslugi-kart-charakterystyk\/"},"modified":"2026-02-20T13:05:00","modified_gmt":"2026-02-20T13:05:00","slug":"zapytanie-ofertowe-karte-charakterystyki","status":"publish","type":"page","link":"https:\/\/www.msds-europe.com\/pl\/zapytanie-ofertowe-karte-charakterystyki\/","title":{"rendered":"Zapytanie ofertowe online o us\u0142ugi kart charakterystyk"},"content":{"rendered":"<p style=\"text-align: right;\"><em><a href=\"https:\/\/www.msds-europe.com\/pl\/\">MSDS-Europe<\/a> \u2013 Zapytanie ofertowe dotycz\u0105ce us\u0142ug zwi\u0105zanych z kartami charakterystyki<\/em><\/p>\n<p style=\"text-align: justify;\">Prze\u015blemy pisemn\u0105 ofert\u0119 na wybran\u0105 us\u0142ug\u0119 w ci\u0105gu <strong>24 godzin<\/strong> od otrzymania zapytania ofertowego online.<\/p>\n<p style=\"text-align: justify;\">Prosimy pami\u0119ta\u0107, \u017ce w przypadku wi\u0119kszych ilo\u015bci mo\u017cemy zaoferowa\u0107 bardzo korzystn\u0105 cen\u0119.<br \/>\nMo\u017cemy udzieli\u0107 rabatu ilo\u015bciowego, nawet dla rocznej, szacunkowej ilo\u015bci, w przypadku podpisania umowy.<\/p>\n<p>&nbsp;<\/p>\n<h2 style=\"text-align: justify;\">Pomoc w wyborze odpowiedniej us\u0142ugi<\/h2>\n<p>&nbsp;<\/p>\n<p style=\"text-align: justify;\">Polecamy nasz\u0105 <a href=\"https:\/\/www.msds-europe.com\/pl\/kompilacja-tworzenie-karty-charakterystyki\/\">us\u0142ug\u0119 tworzenia kart charakterystyki<\/a> g\u0142\u00f3wnie dalszym u\u017cytkownikom formuluj\u0105cym mieszaniny oraz importerom, aby pom\u00f3c im w wype\u0142nieniu obowi\u0105zk\u00f3w zwi\u0105zanych z klasyfikacj\u0105 ich produkt\u00f3w i\/lub sporz\u0105dzeniem dla nich kart charakterystyki.<\/p>\n<p style=\"text-align: justify;\">Polecamy nasz\u0105 <a href=\"https:\/\/www.msds-europe.com\/pl\/tlumaczenie-karty-charakterystyki\/\">us\u0142ug\u0119 t\u0142umaczenia kart charakterystyki<\/a> g\u0142\u00f3wnie dystrybutorom i importerom. Mo\u017cna zam\u00f3wi\u0107 t\u0142umaczenie karty charakterystyki z dowolnego j\u0119zyka UE na inny j\u0119zyk UE.<br \/>\nJako us\u0142ug\u0119 dodatkow\u0105 polecamy r\u00f3wnie\u017c zam\u00f3wi\u0107 projekt etykiety zgodny z kart\u0105 charakterystyki.<\/p>\n<p style=\"text-align: justify;\">Aby zam\u00f3wi\u0107 r\u00f3wnie\u017c us\u0142ug\u0119 dodatkow\u0105, prosimy poda\u0107 t\u0119 informacj\u0119 w cz\u0119\u015bci \u201eUwaga\u201d.<\/p>\n<p style=\"text-align: justify;\">Polecamy nasz\u0105 <a href=\"https:\/\/www.msds-europe.com\/pl\/sprawdzenie-aktualizacja-kart-charakterystyk\/\">us\u0142ug\u0119 sprawdzenia i aktualizacji kart charakterystyki<\/a> we wszystkich przypadkach, gdy zasz\u0142y istotne zmiany w tre\u015bci karty charakterystyki lub gdy wymuszaj\u0105 to zmiany w przepisach.<\/p>\n<p>&nbsp;<\/p>\n<h2 style=\"text-align: justify;\">Zapytanie ofertowe na us\u0142ugi ekspresowe<\/h2>\n<p>&nbsp;<\/p>\n<p style=\"text-align: justify;\">Nasza us\u0142uga t\u0142umaczenia i sprawdzenia karty charakterystyki, a tak\u017ce us\u0142uga <a href=\"https:\/\/www.msds-europe.com\/pl\/tworzenie-projektu-etykiety\/\">tworzenia projektu etykiety<\/a>, s\u0105 r\u00f3wnie\u017c dost\u0119pne jako <a href=\"https:\/\/www.msds-europe.com\/pl\/uslugi-ekspresowe-kart-charakterystyk\/\">us\u0142uga ekspresowa<\/a>, nawet z 24-godzinnym terminem realizacji.<\/p>\n<p>&nbsp;<\/p>\n<p style=\"text-align: justify;\"><em>Je\u015bli pojawi\u0105 si\u0119 jakiekolwiek pytania dotycz\u0105ce zam\u00f3wie\u0144 lub bezpiecze\u0144stwa chemicznego, prosimy skontaktowa\u0107 si\u0119 z <a href=\"https:\/\/www.msds-europe.com\/pl\/obsluga-klienta\/\">obs\u0142ug\u0105 klienta<\/a>.<\/em><\/p>\n\n<div class=\"wpcf7 no-js\" id=\"wpcf7-f6139-o1\" lang=\"hu-HU\" dir=\"ltr\" data-wpcf7-id=\"6139\">\n<div class=\"screen-reader-response\"><p role=\"status\" aria-live=\"polite\" aria-atomic=\"true\"><\/p> <ul><\/ul><\/div>\n<form action=\"\/pl\/wp-json\/wp\/v2\/pages\/4638#wpcf7-f6139-o1\" method=\"post\" class=\"wpcf7-form init\" aria-label=\"Kapcsolatfelv\u00e9teli \u0171rlap\" novalidate=\"novalidate\" data-status=\"init\">\n<fieldset class=\"hidden-fields-container\"><input type=\"hidden\" name=\"_wpcf7\" value=\"6139\" \/><input type=\"hidden\" name=\"_wpcf7_version\" value=\"6.1.5\" \/><input type=\"hidden\" name=\"_wpcf7_locale\" value=\"hu_HU\" \/><input type=\"hidden\" name=\"_wpcf7_unit_tag\" value=\"wpcf7-f6139-o1\" \/><input type=\"hidden\" name=\"_wpcf7_container_post\" value=\"0\" \/><input type=\"hidden\" name=\"_wpcf7_posted_data_hash\" value=\"\" \/><input type=\"hidden\" name=\"_wpcf7_recaptcha_response\" value=\"\" \/>\n<\/fieldset>\n<div class=\"arajanlatkeres_form\">\n\t<div class=\"row contact_row\">\n\t\t<div class=\"col-sm-5 col-sm-offset-1\">\n\t\t\t<p><label>Imi\u0119 i nazwisko osoby kontaktowej<\/label>\n\t\t\t<\/p>\n\t\t<\/div>\n\t\t<div class=\"col-sm-5\">\n\t\t\t<p><span class=\"wpcf7-form-control-wrap\" data-name=\"your-name\"><input size=\"40\" maxlength=\"400\" class=\"wpcf7-form-control wpcf7-text wpcf7-validates-as-required\" aria-required=\"true\" aria-invalid=\"false\" value=\"\" type=\"text\" name=\"your-name\" \/><\/span>\n\t\t\t<\/p>\n\t\t<\/div>\n\t<\/div>\n\t<div class=\"row contact_row\">\n\t\t<div class=\"col-sm-5 col-sm-offset-1\">\n\t\t\t<p><label>Nazwa firmy<\/label>\n\t\t\t<\/p>\n\t\t<\/div>\n\t\t<div class=\"col-sm-5\">\n\t\t\t<p><span class=\"wpcf7-form-control-wrap\" data-name=\"company-name\"><input size=\"40\" maxlength=\"400\" class=\"wpcf7-form-control wpcf7-text wpcf7-validates-as-required\" aria-required=\"true\" aria-invalid=\"false\" value=\"\" type=\"text\" name=\"company-name\" \/><\/span>\n\t\t\t<\/p>\n\t\t<\/div>\n\t<\/div>\n\t<div class=\"row contact_row\">\n\t\t<div class=\"col-sm-5 col-sm-offset-1\">\n\t\t\t<p><label>Adres firmy<\/label>\n\t\t\t<\/p>\n\t\t<\/div>\n\t\t<div class=\"col-sm-5\">\n\t\t\t<p><span class=\"wpcf7-form-control-wrap\" data-name=\"company-address\"><input size=\"40\" maxlength=\"400\" class=\"wpcf7-form-control wpcf7-text wpcf7-validates-as-required\" aria-required=\"true\" aria-invalid=\"false\" value=\"\" type=\"text\" name=\"company-address\" \/><\/span>\n\t\t\t<\/p>\n\t\t<\/div>\n\t<\/div>\n\t<div class=\"row contact_row\">\n\t\t<div class=\"col-sm-5 col-sm-offset-1\">\n\t\t\t<p><label>Numer telefonu<\/label>\n\t\t\t<\/p>\n\t\t<\/div>\n\t\t<div class=\"col-sm-5\">\n\t\t\t<p><span class=\"wpcf7-form-control-wrap\" data-name=\"company-phone\"><input size=\"40\" maxlength=\"400\" class=\"wpcf7-form-control wpcf7-text wpcf7-validates-as-required\" aria-required=\"true\" aria-invalid=\"false\" value=\"\" type=\"text\" name=\"company-phone\" \/><\/span>\n\t\t\t<\/p>\n\t\t<\/div>\n\t<\/div>\n\t<div class=\"row contact_row\">\n\t\t<div class=\"col-sm-5 col-sm-offset-1\">\n\t\t\t<p><label>Adres e-mail<\/label>\n\t\t\t<\/p>\n\t\t<\/div>\n\t\t<div class=\"col-sm-5\">\n\t\t\t<p><span class=\"wpcf7-form-control-wrap\" data-name=\"your-email\"><input size=\"40\" maxlength=\"400\" class=\"wpcf7-form-control wpcf7-email wpcf7-validates-as-required wpcf7-text wpcf7-validates-as-email\" aria-required=\"true\" aria-invalid=\"false\" value=\"\" type=\"email\" name=\"your-email\" \/><\/span>\n\t\t\t<\/p>\n\t\t<\/div>\n\t<\/div>\n\t<div class=\"row contact_row\">\n\t\t<div class=\"col-sm-5 col-sm-offset-1\">\n\t\t\t<p><label>J\u0119zyk oryginalnej karty charakterystyki<\/label>\n\t\t\t<\/p>\n\t\t<\/div>\n\t\t<div class=\"col-sm-5\">\n\t\t\t<p><span class=\"wpcf7-form-control-wrap\" data-name=\"language\"><input size=\"40\" maxlength=\"400\" class=\"wpcf7-form-control wpcf7-text wpcf7-validates-as-required\" aria-required=\"true\" aria-invalid=\"false\" value=\"\" type=\"text\" name=\"language\" \/><\/span>\n\t\t\t<\/p>\n\t\t<\/div>\n\t<\/div>\n\t<div class=\"row contact_row\">\n\t\t<div class=\"col-sm-5 col-sm-offset-1\">\n\t\t\t<p><label>J\u0119zyk docelowy i kraj docelowy (w przypadku t\u0142umaczenia)<\/label>\n\t\t\t<\/p>\n\t\t<\/div>\n\t\t<div class=\"col-sm-5\">\n\t\t\t<p><span class=\"wpcf7-form-control-wrap\" data-name=\"wished-language\"><input size=\"40\" maxlength=\"400\" class=\"wpcf7-form-control wpcf7-text\" aria-invalid=\"false\" value=\"\" type=\"text\" name=\"wished-language\" \/><\/span>\n\t\t\t<\/p>\n\t\t<\/div>\n\t<\/div>\n\t<div class=\"row contact_row\">\n\t\t<div class=\"col-sm-5 col-sm-offset-1\">\n\t\t\t<p><label>Ilo\u015b\u0107<\/label>\n\t\t\t<\/p>\n\t\t<\/div>\n\t\t<div class=\"col-sm-5\">\n\t\t\t<p><span class=\"wpcf7-form-control-wrap\" data-name=\"number\"><input size=\"40\" maxlength=\"400\" class=\"wpcf7-form-control wpcf7-text wpcf7-validates-as-required\" aria-required=\"true\" aria-invalid=\"false\" value=\"\" type=\"text\" name=\"number\" \/><\/span>\n\t\t\t<\/p>\n\t\t<\/div>\n\t<\/div>\n\t<div class=\"row contact_row\">\n\t\t<div class=\"col-sm-5 col-sm-offset-1\">\n\t\t\t<p><label>Uwaga<\/label>\n\t\t\t<\/p>\n\t\t<\/div>\n\t\t<div class=\"col-sm-5\">\n\t\t\t<p><span class=\"wpcf7-form-control-wrap\" data-name=\"your-message\"><textarea cols=\"40\" rows=\"10\" maxlength=\"2000\" class=\"wpcf7-form-control wpcf7-textarea\" aria-invalid=\"false\" name=\"your-message\"><\/textarea><\/span>\n\t\t\t<\/p>\n\t\t<\/div>\n\t<\/div>\n\t<div class=\"row contact_row\">\n\t\t<div class=\"col-sm-10 col-sm-offset-1\">\n\t\t\t<p><span class=\"wpcf7-form-control-wrap\" data-name=\"radio-917\"><span class=\"wpcf7-form-control wpcf7-radio\"><span class=\"wpcf7-list-item first\"><input type=\"radio\" name=\"radio-917\" value=\"Tworzenie nowej karty charakterystyki\" checked=\"checked\" \/><span class=\"wpcf7-list-item-label\">Tworzenie nowej karty charakterystyki<\/span><\/span><span class=\"wpcf7-list-item\"><input type=\"radio\" name=\"radio-917\" value=\"Sprawdzenie (aktualizacja) karty charakterystyki\" \/><span class=\"wpcf7-list-item-label\">Sprawdzenie (aktualizacja) karty charakterystyki<\/span><\/span><span class=\"wpcf7-list-item\"><input type=\"radio\" name=\"radio-917\" value=\"T\u0142umaczenie karty charakterystyki (z adaptacj\u0105)\" \/><span class=\"wpcf7-list-item-label\">T\u0142umaczenie karty charakterystyki (z adaptacj\u0105)<\/span><\/span><span class=\"wpcf7-list-item last\"><input type=\"radio\" name=\"radio-917\" value=\"T\u0142umaczenie karty charakterystyki(bez adaptacji)\" \/><span class=\"wpcf7-list-item-label\">T\u0142umaczenie karty charakterystyki(bez adaptacji)<\/span><\/span><\/span><\/span>\n\t\t\t<\/p>\n\t\t<\/div>\n\t<\/div>\n\t<div class=\"row contact_row policy_row\">\n\t\t<div class=\"col-sm-10 col-sm-offset-1\">\n\t\t\t<p><span class=\"wpcf7-form-control-wrap\" data-name=\"policy\"><span class=\"wpcf7-form-control wpcf7-acceptance\"><span class=\"wpcf7-list-item\"><label><input type=\"checkbox\" name=\"policy\" value=\"1\" aria-invalid=\"false\" \/><span class=\"wpcf7-list-item-label\">Zgadzam si\u0119 na <a href=\"http:\/\/www.msds-europe.com\/privacy-policy\/\" target=\"_blank\" title=\"Polityk\u0119 prywatno\u015bci\">Polityk\u0119 prywatno\u015bci<\/a>.<\/span><\/label><\/span><\/span><\/span>\n\t\t\t<\/p>\n\t\t<\/div>\n\t<\/div>\n\t<div class=\"row contact_row\">\n\t\t<div class=\"col-sm-10 col-sm-offset-1 text-right\">\n\t\t\t<p><input class=\"wpcf7-form-control wpcf7-submit has-spinner\" type=\"submit\" value=\"Wysy\u0142ka\" \/>\n\t\t\t<\/p>\n\t\t<\/div>\n\t<\/div>\n<\/div><div class=\"wpcf7-response-output\" aria-hidden=\"true\"><\/div>\n<\/form>\n<\/div>\n\n","protected":false},"excerpt":{"rendered":"<p>Zapytanie ofertowe online o us\u0142ugi kart charakterystyk. Pisemna oferta w czasie 24 godzin.<\/p>\n","protected":false},"author":2,"featured_media":0,"parent":0,"menu_order":0,"comment_status":"closed","ping_status":"closed","template":"","meta":{"_acf_changed":false,"footnotes":""},"class_list":["post-4638","page","type-page","status-publish","hentry"],"acf":[],"yoast_head":"<!-- This site is optimized with the Yoast SEO plugin v27.2 - https:\/\/yoast.com\/product\/yoast-seo-wordpress\/ -->\n<title>Zapytanie ofertowe online o us\u0142ugi kart charakterystyk<\/title>\n<meta name=\"description\" content=\"Zapytanie ofertowe online o us\u0142ugi kart charakterystyk. Pisemna oferta w czasie 24 godzin. Szybkie i \u0142atwe zapytanie ofertowe bez zobowi\u0105za\u0144.\" \/>\n<meta name=\"robots\" content=\"index, follow, max-snippet:-1, max-image-preview:large, max-video-preview:-1\" \/>\n<link rel=\"canonical\" href=\"https:\/\/www.msds-europe.com\/pl\/zapytanie-ofertowe-karte-charakterystyki\/\" \/>\n<meta property=\"og:locale\" content=\"pl_PL\" \/>\n<meta property=\"og:type\" content=\"article\" \/>\n<meta property=\"og:title\" content=\"Zapytanie ofertowe online o us\u0142ugi kart charakterystyk\" \/>\n<meta property=\"og:description\" content=\"Zapytanie ofertowe online o us\u0142ugi kart charakterystyk. Pisemna oferta w czasie 24 godzin. Szybkie i \u0142atwe zapytanie ofertowe bez zobowi\u0105za\u0144.\" \/>\n<meta property=\"og:url\" content=\"https:\/\/www.msds-europe.com\/pl\/zapytanie-ofertowe-karte-charakterystyki\/\" \/>\n<meta property=\"og:site_name\" content=\"MSDS Europe\" \/>\n<meta property=\"article:publisher\" content=\"https:\/\/www.facebook.com\/toxinfokft\/\" \/>\n<meta property=\"article:modified_time\" content=\"2026-02-20T13:05:00+00:00\" \/>\n<meta name=\"twitter:card\" content=\"summary_large_image\" \/>\n<meta name=\"twitter:site\" content=\"@ToxInfoKft\" \/>\n<meta name=\"twitter:label1\" content=\"Szacowany czas czytania\" \/>\n\t<meta name=\"twitter:data1\" content=\"1 minuta\" \/>\n<script type=\"application\/ld+json\" class=\"yoast-schema-graph\">{\"@context\":\"https:\/\/schema.org\",\"@graph\":[{\"@type\":\"WebPage\",\"@id\":\"https:\/\/www.msds-europe.com\/pl\/zapytanie-ofertowe-karte-charakterystyki\/\",\"url\":\"https:\/\/www.msds-europe.com\/pl\/zapytanie-ofertowe-karte-charakterystyki\/\",\"name\":\"Zapytanie ofertowe online o us\u0142ugi kart charakterystyk\",\"isPartOf\":{\"@id\":\"https:\/\/www.msds-europe.com\/es\/#website\"},\"datePublished\":\"2018-06-17T09:30:10+00:00\",\"dateModified\":\"2026-02-20T13:05:00+00:00\",\"description\":\"Zapytanie ofertowe online o us\u0142ugi kart charakterystyk. Pisemna oferta w czasie 24 godzin. Szybkie i \u0142atwe zapytanie ofertowe bez zobowi\u0105za\u0144.\",\"breadcrumb\":{\"@id\":\"https:\/\/www.msds-europe.com\/pl\/zapytanie-ofertowe-karte-charakterystyki\/#breadcrumb\"},\"inLanguage\":\"pl-PL\",\"potentialAction\":[{\"@type\":\"ReadAction\",\"target\":[\"https:\/\/www.msds-europe.com\/pl\/zapytanie-ofertowe-karte-charakterystyki\/\"]}]},{\"@type\":\"BreadcrumbList\",\"@id\":\"https:\/\/www.msds-europe.com\/pl\/zapytanie-ofertowe-karte-charakterystyki\/#breadcrumb\",\"itemListElement\":[{\"@type\":\"ListItem\",\"position\":1,\"name\":\"F\u0151oldal\",\"item\":\"https:\/\/www.msds-europe.com\/pl\/\"},{\"@type\":\"ListItem\",\"position\":2,\"name\":\"Zapytanie ofertowe online o us\u0142ugi kart charakterystyk\"}]},{\"@type\":\"WebSite\",\"@id\":\"https:\/\/www.msds-europe.com\/es\/#website\",\"url\":\"https:\/\/www.msds-europe.com\/es\/\",\"name\":\"MSDS Europe\",\"description\":\"\",\"publisher\":{\"@id\":\"https:\/\/www.msds-europe.com\/es\/#organization\"},\"potentialAction\":[{\"@type\":\"SearchAction\",\"target\":{\"@type\":\"EntryPoint\",\"urlTemplate\":\"https:\/\/www.msds-europe.com\/es\/?s={search_term_string}\"},\"query-input\":{\"@type\":\"PropertyValueSpecification\",\"valueRequired\":true,\"valueName\":\"search_term_string\"}}],\"inLanguage\":\"pl-PL\"},{\"@type\":\"Organization\",\"@id\":\"https:\/\/www.msds-europe.com\/es\/#organization\",\"name\":\"MSDS-Europe International branch of ToxInfo\",\"url\":\"https:\/\/www.msds-europe.com\/es\/\",\"logo\":{\"@type\":\"ImageObject\",\"inLanguage\":\"pl-PL\",\"@id\":\"https:\/\/www.msds-europe.com\/es\/#\/schema\/logo\/image\/\",\"url\":\"https:\/\/www.msds-europe.com\/wp-content\/uploads\/2021\/04\/msds-europe-logo.jpg\",\"contentUrl\":\"https:\/\/www.msds-europe.com\/wp-content\/uploads\/2021\/04\/msds-europe-logo.jpg\",\"width\":2296,\"height\":1067,\"caption\":\"MSDS-Europe International branch of ToxInfo\"},\"image\":{\"@id\":\"https:\/\/www.msds-europe.com\/es\/#\/schema\/logo\/image\/\"},\"sameAs\":[\"https:\/\/www.facebook.com\/toxinfokft\/\",\"https:\/\/x.com\/ToxInfoKft\"]}]}<\/script>\n<!-- \/ Yoast SEO plugin. -->","yoast_head_json":{"title":"Zapytanie ofertowe online o us\u0142ugi kart charakterystyk","description":"Zapytanie ofertowe online o us\u0142ugi kart charakterystyk. Pisemna oferta w czasie 24 godzin. Szybkie i \u0142atwe zapytanie ofertowe bez zobowi\u0105za\u0144.","robots":{"index":"index","follow":"follow","max-snippet":"max-snippet:-1","max-image-preview":"max-image-preview:large","max-video-preview":"max-video-preview:-1"},"canonical":"https:\/\/www.msds-europe.com\/pl\/zapytanie-ofertowe-karte-charakterystyki\/","og_locale":"pl_PL","og_type":"article","og_title":"Zapytanie ofertowe online o us\u0142ugi kart charakterystyk","og_description":"Zapytanie ofertowe online o us\u0142ugi kart charakterystyk. Pisemna oferta w czasie 24 godzin. Szybkie i \u0142atwe zapytanie ofertowe bez zobowi\u0105za\u0144.","og_url":"https:\/\/www.msds-europe.com\/pl\/zapytanie-ofertowe-karte-charakterystyki\/","og_site_name":"MSDS Europe","article_publisher":"https:\/\/www.facebook.com\/toxinfokft\/","article_modified_time":"2026-02-20T13:05:00+00:00","twitter_card":"summary_large_image","twitter_site":"@ToxInfoKft","twitter_misc":{"Szacowany czas czytania":"1 minuta"},"schema":{"@context":"https:\/\/schema.org","@graph":[{"@type":"WebPage","@id":"https:\/\/www.msds-europe.com\/pl\/zapytanie-ofertowe-karte-charakterystyki\/","url":"https:\/\/www.msds-europe.com\/pl\/zapytanie-ofertowe-karte-charakterystyki\/","name":"Zapytanie ofertowe online o us\u0142ugi kart charakterystyk","isPartOf":{"@id":"https:\/\/www.msds-europe.com\/es\/#website"},"datePublished":"2018-06-17T09:30:10+00:00","dateModified":"2026-02-20T13:05:00+00:00","description":"Zapytanie ofertowe online o us\u0142ugi kart charakterystyk. Pisemna oferta w czasie 24 godzin. Szybkie i \u0142atwe zapytanie ofertowe bez zobowi\u0105za\u0144.","breadcrumb":{"@id":"https:\/\/www.msds-europe.com\/pl\/zapytanie-ofertowe-karte-charakterystyki\/#breadcrumb"},"inLanguage":"pl-PL","potentialAction":[{"@type":"ReadAction","target":["https:\/\/www.msds-europe.com\/pl\/zapytanie-ofertowe-karte-charakterystyki\/"]}]},{"@type":"BreadcrumbList","@id":"https:\/\/www.msds-europe.com\/pl\/zapytanie-ofertowe-karte-charakterystyki\/#breadcrumb","itemListElement":[{"@type":"ListItem","position":1,"name":"F\u0151oldal","item":"https:\/\/www.msds-europe.com\/pl\/"},{"@type":"ListItem","position":2,"name":"Zapytanie ofertowe online o us\u0142ugi kart charakterystyk"}]},{"@type":"WebSite","@id":"https:\/\/www.msds-europe.com\/es\/#website","url":"https:\/\/www.msds-europe.com\/es\/","name":"MSDS Europe","description":"","publisher":{"@id":"https:\/\/www.msds-europe.com\/es\/#organization"},"potentialAction":[{"@type":"SearchAction","target":{"@type":"EntryPoint","urlTemplate":"https:\/\/www.msds-europe.com\/es\/?s={search_term_string}"},"query-input":{"@type":"PropertyValueSpecification","valueRequired":true,"valueName":"search_term_string"}}],"inLanguage":"pl-PL"},{"@type":"Organization","@id":"https:\/\/www.msds-europe.com\/es\/#organization","name":"MSDS-Europe International branch of ToxInfo","url":"https:\/\/www.msds-europe.com\/es\/","logo":{"@type":"ImageObject","inLanguage":"pl-PL","@id":"https:\/\/www.msds-europe.com\/es\/#\/schema\/logo\/image\/","url":"https:\/\/www.msds-europe.com\/wp-content\/uploads\/2021\/04\/msds-europe-logo.jpg","contentUrl":"https:\/\/www.msds-europe.com\/wp-content\/uploads\/2021\/04\/msds-europe-logo.jpg","width":2296,"height":1067,"caption":"MSDS-Europe International branch of ToxInfo"},"image":{"@id":"https:\/\/www.msds-europe.com\/es\/#\/schema\/logo\/image\/"},"sameAs":["https:\/\/www.facebook.com\/toxinfokft\/","https:\/\/x.com\/ToxInfoKft"]}]}},"_links":{"self":[{"href":"https:\/\/www.msds-europe.com\/pl\/wp-json\/wp\/v2\/pages\/4638","targetHints":{"allow":["GET"]}}],"collection":[{"href":"https:\/\/www.msds-europe.com\/pl\/wp-json\/wp\/v2\/pages"}],"about":[{"href":"https:\/\/www.msds-europe.com\/pl\/wp-json\/wp\/v2\/types\/page"}],"author":[{"embeddable":true,"href":"https:\/\/www.msds-europe.com\/pl\/wp-json\/wp\/v2\/users\/2"}],"replies":[{"embeddable":true,"href":"https:\/\/www.msds-europe.com\/pl\/wp-json\/wp\/v2\/comments?post=4638"}],"version-history":[{"count":9,"href":"https:\/\/www.msds-europe.com\/pl\/wp-json\/wp\/v2\/pages\/4638\/revisions"}],"predecessor-version":[{"id":37340,"href":"https:\/\/www.msds-europe.com\/pl\/wp-json\/wp\/v2\/pages\/4638\/revisions\/37340"}],"wp:attachment":[{"href":"https:\/\/www.msds-europe.com\/pl\/wp-json\/wp\/v2\/media?parent=4638"}],"curies":[{"name":"wp","href":"https:\/\/api.w.org\/{rel}","templated":true}]}}