{"id":4541,"date":"2018-06-14T12:40:36","date_gmt":"2018-06-14T12:40:36","guid":{"rendered":"http:\/\/www.msds-europe.com\/kozmeticke-vyrobky-suhrn-uzitocnych-informacii\/"},"modified":"2020-03-12T11:34:00","modified_gmt":"2020-03-12T11:34:00","slug":"produkty-kosmetyczne","status":"publish","type":"page","link":"https:\/\/www.msds-europe.com\/pl\/produkty-kosmetyczne\/","title":{"rendered":"Produkty kosmetyczne \u2013 gromadzenie u\u017cytecznych informacji"},"content":{"rendered":"<p style=\"text-align: right;\"><em><a href=\"https:\/\/www.msds-europe.com\/pl\/\">MSDS-Europe<\/a> \u2013 Baza wiedzy o produktach kosmetycznych<\/em><\/p>\n<p style=\"text-align: justify;\">U\u017cyteczne dane i informacje pomocnicze dotycz\u0105ce wymaga\u0144 zwi\u0105zanych z wprowadzaniem kosmetyk\u00f3w na rynek i z procedur\u0105 autoryzacji.<\/p>\n<p>&nbsp;<\/p>\n<h2>Cel bazy wiedzy o produktach kosmetycznych<\/h2>\n<p style=\"text-align: justify;\">Tworz\u0105c t\u0119 baz\u0119 wiedzy chcieliby\u015bmy pom\u00f3c w pracy przedsi\u0119biorstw produkuj\u0105cych\/dystrybuuj\u0105cych produkty kosmetyczne.<\/p>\n<p style=\"text-align: justify;\">G\u0142\u00f3wnie publikujemy takie artyku\u0142y w kategorii bazy wiedzy o produktach kosmetycznych, kt\u00f3re s\u0105 w okre\u015blony spos\u00f3b powi\u0105zane z zadaniem lub wymaganiami prawnymi, ale nadal mog\u0105 zawiera\u0107 wa\u017cne informacje.<\/p>\n<p style=\"text-align: justify;\"><strong>Uwaga!<\/strong><br \/>\nPodczas okre\u015blania zada\u0144 zwi\u0105zanych z produktami kosmetycznymi zawsze nale\u017cy rozwa\u017cy\u0107 wszystkie specjalne aspekty produktu i dzia\u0142ania z produktem.<br \/>\nTylko teksty odpowiednich przepis\u00f3w mo\u017cna uwa\u017ca\u0107 za autentyczne, artyku\u0142y publikowane na naszej stronie internetowej tylko w cenach informacyjnych.<\/p>\n<p style=\"text-align: justify;\">Sprawdzi\u0107 najnowsze przepisy w \u201e<a href=\"https:\/\/www.msds-europe.com\/pl\/zmiany-przepisow-bezpieczenstwa-chemicznego\/\">Przepisy dotycz\u0105ce bezpiecze\u0144stwa chemicznego<\/a>\u201d.<\/p>\n<p>&nbsp;<\/p>\n<h4 style=\"text-align: justify;\"><span style=\"color: #333333;\">Najnowsze artyku\u0142y bazy wiedzy o produktach kosmetycznych<\/span><\/h4>\n<ul>\n<li style=\"text-align: justify;\"><a href=\"https:\/\/www.msds-europe.com\/pl\/obowiazki-dystrybutorow-produktow-kosmetycznych\/\">Zobowi\u0105zania dystrybutor\u00f3w produkt\u00f3w kosmetycznych<\/a><\/li>\n<li style=\"text-align: justify;\"><a href=\"https:\/\/www.msds-europe.com\/pl\/obowiazki-osoby-odpowiedzialnej\/\">Obowi\u0105zki osoby odpowiedzialnej<\/a><\/li>\n<\/ul>\n<p>&nbsp;<\/p>\n<h3 style=\"text-align: justify;\">Bezp\u0142atna konsultacja online<\/h3>\n<p style=\"text-align: justify;\">Je\u015bli nie znaleziono potrzebnych informacji na naszej stronie internetowej, wystarczy zada\u0107 pytanie dotycz\u0105ce bezpiecze\u0144stwa chemicznego, bezpo\u015brednio naszego eksperta.<\/p>\n<p style=\"text-align: justify;\">Aby wys\u0142a\u0107 pytania, prosz\u0119 u\u017cy\u0107 poni\u017cszej aplikacji do wysy\u0142ania komunikat\u00f3w:<br \/>\n<a href=\"https:\/\/www.msds-europe.com\/pl\/konsultacja-online\/\">Bezp\u0142atna konsultacja online<\/a><\/p>\n<p>&nbsp;<\/p>\n<h3 style=\"text-align: justify;\">Je\u015bli potrzebna jest pomoc<\/h3>\n<p style=\"text-align: justify;\">Nasza <a href=\"https:\/\/www.msds-europe.com\/pl\/obsluga-klienta\/\">obs\u0142uga klienta<\/a> asystuje przy wyborze odpowiedniej us\u0142ugi.<\/p>\n<p>&nbsp;<\/p>\n<h3 style=\"text-align: justify;\"><span style=\"color: #333333;\">Nasze us\u0142ugi<\/span><\/h3>\n<ul>\n<li>Us\u0142uga <a href=\"https:\/\/www.msds-europe.com\/pl\/usluga-notyfikacji-cpnp\/\">notyfikacji produkt\u00f3w kosmetycznych<\/a> do portalu CPNP<\/li>\n<li style=\"text-align: justify;\">Us\u0142uga <a href=\"https:\/\/www.msds-europe.com\/pl\/tworzenie-oceny-zagrozen-dla-kosmetykow\/\">tworzenia oceny zagro\u017ce\u0144 dla produkt\u00f3w kosmetycznych<\/a> zgodnie z rozporz\u0105dzeniem (WE) nr 1223\/2009<\/li>\n<li><a href=\"https:\/\/www.msds-europe.com\/pl\/tworzenie-tlumaczenie-projektu-etykiety-dla-produktow-kosmetycznych\/\">Tworzenie, t\u0142umaczenie projektu etykiety<\/a> dla produkt\u00f3w kosmetycznych zgodnie z odpowiednimi przepisami<\/li>\n<\/ul>\n<p>&nbsp;<\/p>\n<blockquote class=\"wp-embedded-content\" data-secret=\"bdSoPKOib2\"><p><a href=\"https:\/\/www.msds-europe.com\/pl\/uslugi-dotyczace-produktow-kosmetycznych\/\">Us\u0142ugi zwi\u0105zane z wprowadzaniem produkt\u00f3w kosmetycznych na rynek<\/a><\/p><\/blockquote>\n<p><iframe class=\"wp-embedded-content\" sandbox=\"allow-scripts\" security=\"restricted\" style=\"position: absolute; visibility: hidden;\" title=\"&#8222;Us\u0142ugi zwi\u0105zane z wprowadzaniem produkt\u00f3w kosmetycznych na rynek&#8221; &#8212; MSDS Europe\" src=\"https:\/\/www.msds-europe.com\/pl\/uslugi-dotyczace-produktow-kosmetycznych\/embed\/#?secret=ghAMJ3qv6R#?secret=bdSoPKOib2\" data-secret=\"bdSoPKOib2\" width=\"500\" height=\"282\" frameborder=\"0\" marginwidth=\"0\" marginheight=\"0\" scrolling=\"no\"><\/iframe><\/p>\n<p>&nbsp;<\/p>\n","protected":false},"excerpt":{"rendered":"<p>Gromadzenie u\u017cytecznych materia\u0142\u00f3w pomocniczych, kt\u00f3re pomagaj\u0105 zrozumie\u0107 i spe\u0142ni\u0107 wymagania prawne dotycz\u0105ce kosmetyk\u00f3w.<\/p>\n","protected":false},"author":2,"featured_media":0,"parent":0,"menu_order":0,"comment_status":"closed","ping_status":"closed","template":"page-category.php","meta":{"_acf_changed":false,"footnotes":""},"tags":[309,308,284],"class_list":["post-4541","page","type-page","status-publish","hentry","tag-baza-wiedzy","tag-baza-wiedzy-o-produktach-kosmetycznych","tag-kosmetyki"],"acf":[],"yoast_head":"<!-- This site is optimized with the Yoast SEO plugin v27.2 - https:\/\/yoast.com\/product\/yoast-seo-wordpress\/ -->\n<title>Informacje pomocnicze do dystrybucji produkt\u00f3w kosmetycznych<\/title>\n<meta name=\"description\" content=\"Baza wiedzy o produktach kosmetycznych pomaga zrozumie\u0107 i spe\u0142ni\u0107 wymagania prawne dotycz\u0105ce kosmetyk\u00f3w.\" \/>\n<meta name=\"robots\" content=\"index, follow, max-snippet:-1, max-image-preview:large, max-video-preview:-1\" \/>\n<link rel=\"canonical\" href=\"https:\/\/www.msds-europe.com\/pl\/produkty-kosmetyczne\/\" \/>\n<meta property=\"og:locale\" content=\"pl_PL\" \/>\n<meta property=\"og:type\" content=\"article\" \/>\n<meta property=\"og:title\" content=\"Informacje pomocnicze do dystrybucji produkt\u00f3w kosmetycznych\" \/>\n<meta property=\"og:description\" content=\"Baza wiedzy o produktach kosmetycznych pomaga zrozumie\u0107 i spe\u0142ni\u0107 wymagania prawne dotycz\u0105ce kosmetyk\u00f3w.\" \/>\n<meta property=\"og:url\" content=\"https:\/\/www.msds-europe.com\/pl\/produkty-kosmetyczne\/\" \/>\n<meta property=\"og:site_name\" content=\"MSDS Europe\" \/>\n<meta property=\"article:publisher\" content=\"https:\/\/www.facebook.com\/toxinfokft\/\" \/>\n<meta property=\"article:modified_time\" content=\"2020-03-12T11:34:00+00:00\" \/>\n<meta name=\"twitter:card\" content=\"summary_large_image\" \/>\n<meta name=\"twitter:site\" content=\"@ToxInfoKft\" \/>\n<meta name=\"twitter:label1\" content=\"Szacowany czas czytania\" \/>\n\t<meta name=\"twitter:data1\" content=\"1 minuta\" \/>\n<script type=\"application\/ld+json\" class=\"yoast-schema-graph\">{\"@context\":\"https:\/\/schema.org\",\"@graph\":[{\"@type\":\"WebPage\",\"@id\":\"https:\/\/www.msds-europe.com\/pl\/produkty-kosmetyczne\/\",\"url\":\"https:\/\/www.msds-europe.com\/pl\/produkty-kosmetyczne\/\",\"name\":\"Informacje pomocnicze do dystrybucji produkt\u00f3w kosmetycznych\",\"isPartOf\":{\"@id\":\"https:\/\/www.msds-europe.com\/es\/#website\"},\"datePublished\":\"2018-06-14T12:40:36+00:00\",\"dateModified\":\"2020-03-12T11:34:00+00:00\",\"description\":\"Baza wiedzy o produktach kosmetycznych pomaga zrozumie\u0107 i spe\u0142ni\u0107 wymagania prawne dotycz\u0105ce kosmetyk\u00f3w.\",\"breadcrumb\":{\"@id\":\"https:\/\/www.msds-europe.com\/pl\/produkty-kosmetyczne\/#breadcrumb\"},\"inLanguage\":\"pl-PL\",\"potentialAction\":[{\"@type\":\"ReadAction\",\"target\":[\"https:\/\/www.msds-europe.com\/pl\/produkty-kosmetyczne\/\"]}]},{\"@type\":\"BreadcrumbList\",\"@id\":\"https:\/\/www.msds-europe.com\/pl\/produkty-kosmetyczne\/#breadcrumb\",\"itemListElement\":[{\"@type\":\"ListItem\",\"position\":1,\"name\":\"F\u0151oldal\",\"item\":\"https:\/\/www.msds-europe.com\/pl\/\"},{\"@type\":\"ListItem\",\"position\":2,\"name\":\"Produkty kosmetyczne \u2013 gromadzenie u\u017cytecznych informacji\"}]},{\"@type\":\"WebSite\",\"@id\":\"https:\/\/www.msds-europe.com\/es\/#website\",\"url\":\"https:\/\/www.msds-europe.com\/es\/\",\"name\":\"MSDS Europe\",\"description\":\"\",\"publisher\":{\"@id\":\"https:\/\/www.msds-europe.com\/es\/#organization\"},\"potentialAction\":[{\"@type\":\"SearchAction\",\"target\":{\"@type\":\"EntryPoint\",\"urlTemplate\":\"https:\/\/www.msds-europe.com\/es\/?s={search_term_string}\"},\"query-input\":{\"@type\":\"PropertyValueSpecification\",\"valueRequired\":true,\"valueName\":\"search_term_string\"}}],\"inLanguage\":\"pl-PL\"},{\"@type\":\"Organization\",\"@id\":\"https:\/\/www.msds-europe.com\/es\/#organization\",\"name\":\"MSDS-Europe International branch of ToxInfo\",\"url\":\"https:\/\/www.msds-europe.com\/es\/\",\"logo\":{\"@type\":\"ImageObject\",\"inLanguage\":\"pl-PL\",\"@id\":\"https:\/\/www.msds-europe.com\/es\/#\/schema\/logo\/image\/\",\"url\":\"https:\/\/www.msds-europe.com\/wp-content\/uploads\/2021\/04\/msds-europe-logo.jpg\",\"contentUrl\":\"https:\/\/www.msds-europe.com\/wp-content\/uploads\/2021\/04\/msds-europe-logo.jpg\",\"width\":2296,\"height\":1067,\"caption\":\"MSDS-Europe International branch of ToxInfo\"},\"image\":{\"@id\":\"https:\/\/www.msds-europe.com\/es\/#\/schema\/logo\/image\/\"},\"sameAs\":[\"https:\/\/www.facebook.com\/toxinfokft\/\",\"https:\/\/x.com\/ToxInfoKft\"]}]}<\/script>\n<!-- \/ Yoast SEO plugin. -->","yoast_head_json":{"title":"Informacje pomocnicze do dystrybucji produkt\u00f3w kosmetycznych","description":"Baza wiedzy o produktach kosmetycznych pomaga zrozumie\u0107 i spe\u0142ni\u0107 wymagania prawne dotycz\u0105ce kosmetyk\u00f3w.","robots":{"index":"index","follow":"follow","max-snippet":"max-snippet:-1","max-image-preview":"max-image-preview:large","max-video-preview":"max-video-preview:-1"},"canonical":"https:\/\/www.msds-europe.com\/pl\/produkty-kosmetyczne\/","og_locale":"pl_PL","og_type":"article","og_title":"Informacje pomocnicze do dystrybucji produkt\u00f3w kosmetycznych","og_description":"Baza wiedzy o produktach kosmetycznych pomaga zrozumie\u0107 i spe\u0142ni\u0107 wymagania prawne dotycz\u0105ce kosmetyk\u00f3w.","og_url":"https:\/\/www.msds-europe.com\/pl\/produkty-kosmetyczne\/","og_site_name":"MSDS Europe","article_publisher":"https:\/\/www.facebook.com\/toxinfokft\/","article_modified_time":"2020-03-12T11:34:00+00:00","twitter_card":"summary_large_image","twitter_site":"@ToxInfoKft","twitter_misc":{"Szacowany czas czytania":"1 minuta"},"schema":{"@context":"https:\/\/schema.org","@graph":[{"@type":"WebPage","@id":"https:\/\/www.msds-europe.com\/pl\/produkty-kosmetyczne\/","url":"https:\/\/www.msds-europe.com\/pl\/produkty-kosmetyczne\/","name":"Informacje pomocnicze do dystrybucji produkt\u00f3w kosmetycznych","isPartOf":{"@id":"https:\/\/www.msds-europe.com\/es\/#website"},"datePublished":"2018-06-14T12:40:36+00:00","dateModified":"2020-03-12T11:34:00+00:00","description":"Baza wiedzy o produktach kosmetycznych pomaga zrozumie\u0107 i spe\u0142ni\u0107 wymagania prawne dotycz\u0105ce kosmetyk\u00f3w.","breadcrumb":{"@id":"https:\/\/www.msds-europe.com\/pl\/produkty-kosmetyczne\/#breadcrumb"},"inLanguage":"pl-PL","potentialAction":[{"@type":"ReadAction","target":["https:\/\/www.msds-europe.com\/pl\/produkty-kosmetyczne\/"]}]},{"@type":"BreadcrumbList","@id":"https:\/\/www.msds-europe.com\/pl\/produkty-kosmetyczne\/#breadcrumb","itemListElement":[{"@type":"ListItem","position":1,"name":"F\u0151oldal","item":"https:\/\/www.msds-europe.com\/pl\/"},{"@type":"ListItem","position":2,"name":"Produkty kosmetyczne \u2013 gromadzenie u\u017cytecznych informacji"}]},{"@type":"WebSite","@id":"https:\/\/www.msds-europe.com\/es\/#website","url":"https:\/\/www.msds-europe.com\/es\/","name":"MSDS Europe","description":"","publisher":{"@id":"https:\/\/www.msds-europe.com\/es\/#organization"},"potentialAction":[{"@type":"SearchAction","target":{"@type":"EntryPoint","urlTemplate":"https:\/\/www.msds-europe.com\/es\/?s={search_term_string}"},"query-input":{"@type":"PropertyValueSpecification","valueRequired":true,"valueName":"search_term_string"}}],"inLanguage":"pl-PL"},{"@type":"Organization","@id":"https:\/\/www.msds-europe.com\/es\/#organization","name":"MSDS-Europe International branch of ToxInfo","url":"https:\/\/www.msds-europe.com\/es\/","logo":{"@type":"ImageObject","inLanguage":"pl-PL","@id":"https:\/\/www.msds-europe.com\/es\/#\/schema\/logo\/image\/","url":"https:\/\/www.msds-europe.com\/wp-content\/uploads\/2021\/04\/msds-europe-logo.jpg","contentUrl":"https:\/\/www.msds-europe.com\/wp-content\/uploads\/2021\/04\/msds-europe-logo.jpg","width":2296,"height":1067,"caption":"MSDS-Europe International branch of ToxInfo"},"image":{"@id":"https:\/\/www.msds-europe.com\/es\/#\/schema\/logo\/image\/"},"sameAs":["https:\/\/www.facebook.com\/toxinfokft\/","https:\/\/x.com\/ToxInfoKft"]}]}},"_links":{"self":[{"href":"https:\/\/www.msds-europe.com\/pl\/wp-json\/wp\/v2\/pages\/4541","targetHints":{"allow":["GET"]}}],"collection":[{"href":"https:\/\/www.msds-europe.com\/pl\/wp-json\/wp\/v2\/pages"}],"about":[{"href":"https:\/\/www.msds-europe.com\/pl\/wp-json\/wp\/v2\/types\/page"}],"author":[{"embeddable":true,"href":"https:\/\/www.msds-europe.com\/pl\/wp-json\/wp\/v2\/users\/2"}],"replies":[{"embeddable":true,"href":"https:\/\/www.msds-europe.com\/pl\/wp-json\/wp\/v2\/comments?post=4541"}],"version-history":[{"count":7,"href":"https:\/\/www.msds-europe.com\/pl\/wp-json\/wp\/v2\/pages\/4541\/revisions"}],"predecessor-version":[{"id":20792,"href":"https:\/\/www.msds-europe.com\/pl\/wp-json\/wp\/v2\/pages\/4541\/revisions\/20792"}],"wp:attachment":[{"href":"https:\/\/www.msds-europe.com\/pl\/wp-json\/wp\/v2\/media?parent=4541"}],"wp:term":[{"taxonomy":"post_tag","embeddable":true,"href":"https:\/\/www.msds-europe.com\/pl\/wp-json\/wp\/v2\/tags?post=4541"}],"curies":[{"name":"wp","href":"https:\/\/api.w.org\/{rel}","templated":true}]}}