{"id":4420,"date":"2018-06-14T09:29:12","date_gmt":"2018-06-14T09:29:12","guid":{"rendered":"http:\/\/www.msds-europe.com\/uslugi-zwiazane-z-wprowadzaniem-produktow-kosmetycznych-na-rynek\/"},"modified":"2018-07-03T14:05:05","modified_gmt":"2018-07-03T14:05:05","slug":"uslugi-dotyczace-produktow-kosmetycznych","status":"publish","type":"page","link":"https:\/\/www.msds-europe.com\/pl\/uslugi-dotyczace-produktow-kosmetycznych\/","title":{"rendered":"Us\u0142ugi zwi\u0105zane z wprowadzaniem produkt\u00f3w kosmetycznych na rynek"},"content":{"rendered":"<p style=\"text-align: right;\"><em><a href=\"http:\/\/www.msds-europe.com\/pl\/\">MSDS-Europe<\/a> \u2013\u00a0us\u0142ugi zwi\u0105zane z wprowadzaniem produkt\u00f3w kosmetycznych na rynek<\/em><\/p>\n<p>&nbsp;<\/p>\n<p style=\"text-align: justify;\">Opracowali\u015bmy nasz zakres us\u0142ug, aby spe\u0142ni\u0107 potrzeby przedsi\u0119biorstw zaanga\u017cowanych w import i dystrybucj\u0119 produkt\u00f3w kosmetycznych, aby pom\u00f3c im we wprowadzeniu produkt\u00f3w na rynek, w jak najbardziej efektywny spos\u00f3b.<\/p>\n<p style=\"text-align: justify;\">Pomagamy naszym partnerom w ca\u0142ym procesie licencyjnym, od tworzenia etykiety produktu do uko\u0144czenia procesu notyfikacji.<\/p>\n<p style=\"text-align: justify;\">Nasze dzia\u0142ania s\u0105 wykonywane zgodnie z przepisami dotycz\u0105cymi produkt\u00f3w kosmetycznych (rozporz\u0105dzenie 1223\/2009\/WE).<br \/>\nNasza firma posiada kwalifikacje w odpowiednich przepisach i dysponuje ekspertami, posiadaj\u0105cymi niezb\u0119dne do\u015bwiadczenie zawodowe.<\/p>\n<p>&nbsp;<\/p>\n<h2 style=\"text-align: justify;\">W czym mo\u017cemy pom\u00f3c<\/h2>\n<ul>\n<li style=\"text-align: justify;\"><a href=\"http:\/\/www.msds-europe.com\/pl\/tworzenie-oceny-zagrozen-dla-kosmetykow\/\">Tworzenie oceny bezpiecze\u0144stwa<\/a><\/li>\n<li style=\"text-align: justify;\"><a href=\"http:\/\/www.msds-europe.com\/pl\/tworzenie-tlumaczenie-projektu-etykiety-dla-produktow-kosmetycznych\/\">Sporz\u0105dzenie projektu etykiety<\/a><\/li>\n<li style=\"text-align: justify;\"><a href=\"http:\/\/www.msds-europe.com\/pl\/usluga-notyfikacji-cpnp\/\">Przekazanie informacji za po\u015brednictwem portalu CPNP<\/a><\/li>\n<li style=\"text-align: justify;\"><a href=\"http:\/\/www.msds-europe.com\/pl\/tworzenie-kart-charakterystyk-dla-produktow-kosmetycznych\/\">Tworzenie kart charakterystyk dla produkt\u00f3w kosmetycznych<\/a><\/li>\n<\/ul>\n<p style=\"text-align: justify;\"><em>Aby wy\u015bwietli\u0107 szczeg\u00f3\u0142owy opis naszych us\u0142ug w zakresie kosmetyk\u00f3w, prosimy klikn\u0105\u0107 na dowolny z powy\u017cszych link\u00f3w.<\/em><\/p>\n<p>&nbsp;<\/p>\n<h2 style=\"text-align: justify;\">Gwarancja<\/h2>\n<p style=\"text-align: justify;\">Nasza firma ponosi pe\u0142n\u0105 odpowiedzialno\u015b\u0107 zawodow\u0105 i finansow\u0105 za swoje us\u0142ugi dotycz\u0105ce procesu autoryzacji produkt\u00f3w kosmetycznych. Uwagi, kt\u00f3re mog\u0105 zosta\u0107 zg\u0142oszone przez r\u00f3\u017cne organy oraz zarzuty zg\u0142aszane przez naszych klient\u00f3w s\u0105 rozpatrywane w ci\u0105gu 24 godzin. Przyjmujemy uwagi lub roszczenia poprzez dowolny z naszych kana\u0142\u00f3w komunikacyjnych.<\/p>\n<p>&nbsp;<\/p>\n<h2 style=\"text-align: justify;\">Obs\u0142uga klient\u00f3w<\/h2>\n<p style=\"text-align: justify;\">Nasz dzia\u0142 obs\u0142ugi klienta k\u0142adzie du\u017cy nacisk na dostarczanie istotnych informacji odpowiednio szybko.<\/p>\n<p style=\"text-align: justify;\">Nasza <a href=\"http:\/\/www.msds-europe.com\/pl\/obsluga-klienta\/\">obs\u0142uga klienta<\/a> jest dost\u0119pna, aby odpowiada\u0107 na techniczne pytania oraz inne pytania, nawet po wykonaniu zam\u00f3wionej us\u0142ugi dotycz\u0105cej produkt\u00f3w kosmetycznych.<\/p>\n<p>&nbsp;<\/p>\n<h3 style=\"text-align: justify;\"><span style=\"color: #333333;\">Zapytanie ofertowe o us\u0142ugi dotycz\u0105ce produkt\u00f3w kosmetycznych<\/span><\/h3>\n<p style=\"text-align: justify;\"><a href=\"mailto:info@msds-europe.com\">Odpowiemy na zapytanie ofertowe wys\u0142ane drog\u0105 mailow\u0105<\/a> lub za pomoc\u0105 <a href=\"http:\/\/www.msds-europe.com\/pl\/zapytanie-ofertowe-dotyczace-kosmetykow\/\">formularza online<\/a> w czasie 24 godzin.<br \/>\nNasza <a href=\"http:\/\/www.msds-europe.com\/pl\/obsluga-klienta\/\">obs\u0142uga klienta<\/a> asystuje przy wyborze odpowiedniej us\u0142ugi.<\/p>\n<p>&nbsp;<\/p>\n","protected":false},"excerpt":{"rendered":"<p>Us\u0142ugi zwi\u0105zane z wprowadzaniem produkt\u00f3w kosmetycznych na rynek. Tworzenie dokumentacji i notyfikacja dla dystrybucji i produkcji produkt\u00f3w kosmetycznych.<\/p>\n","protected":false},"author":2,"featured_media":0,"parent":0,"menu_order":0,"comment_status":"closed","ping_status":"closed","template":"page-category.php","meta":{"_acf_changed":false,"footnotes":""},"tags":[284,283],"class_list":["post-4420","page","type-page","status-publish","hentry","tag-kosmetyki","tag-uslugi-w-zakresie-produktow-kosmetycznych"],"acf":[],"yoast_head":"<!-- This site is optimized with the Yoast SEO plugin v27.2 - https:\/\/yoast.com\/product\/yoast-seo-wordpress\/ -->\n<title>Us\u0142ugi zwi\u0105zane z wprowadzaniem produkt\u00f3w kosmetycznych na rynek<\/title>\n<meta name=\"description\" content=\"Us\u0142ugi zwi\u0105zane z wprowadzaniem produkt\u00f3w kosmetycznych na rynek. Tworzenie dokumentacji i notyfikacja dla dystrybucji i produkcji produkt\u00f3w kosmetycznych z gwarancj\u0105.\" \/>\n<meta name=\"robots\" content=\"index, follow, max-snippet:-1, max-image-preview:large, max-video-preview:-1\" \/>\n<link rel=\"canonical\" href=\"https:\/\/www.msds-europe.com\/pl\/uslugi-dotyczace-produktow-kosmetycznych\/\" \/>\n<meta property=\"og:locale\" content=\"pl_PL\" \/>\n<meta property=\"og:type\" content=\"article\" \/>\n<meta property=\"og:title\" content=\"Us\u0142ugi zwi\u0105zane z wprowadzaniem produkt\u00f3w kosmetycznych na rynek\" \/>\n<meta property=\"og:description\" content=\"Us\u0142ugi zwi\u0105zane z wprowadzaniem produkt\u00f3w kosmetycznych na rynek. Tworzenie dokumentacji i notyfikacja dla dystrybucji i produkcji produkt\u00f3w kosmetycznych z gwarancj\u0105.\" \/>\n<meta property=\"og:url\" content=\"https:\/\/www.msds-europe.com\/pl\/uslugi-dotyczace-produktow-kosmetycznych\/\" \/>\n<meta property=\"og:site_name\" content=\"MSDS Europe\" \/>\n<meta property=\"article:publisher\" content=\"https:\/\/www.facebook.com\/toxinfokft\/\" \/>\n<meta property=\"article:modified_time\" content=\"2018-07-03T14:05:05+00:00\" \/>\n<meta name=\"twitter:card\" content=\"summary_large_image\" \/>\n<meta name=\"twitter:site\" content=\"@ToxInfoKft\" \/>\n<meta name=\"twitter:label1\" content=\"Szacowany czas czytania\" \/>\n\t<meta name=\"twitter:data1\" content=\"1 minuta\" \/>\n<script type=\"application\/ld+json\" class=\"yoast-schema-graph\">{\"@context\":\"https:\/\/schema.org\",\"@graph\":[{\"@type\":\"WebPage\",\"@id\":\"https:\/\/www.msds-europe.com\/pl\/uslugi-dotyczace-produktow-kosmetycznych\/\",\"url\":\"https:\/\/www.msds-europe.com\/pl\/uslugi-dotyczace-produktow-kosmetycznych\/\",\"name\":\"Us\u0142ugi zwi\u0105zane z wprowadzaniem produkt\u00f3w kosmetycznych na rynek\",\"isPartOf\":{\"@id\":\"https:\/\/www.msds-europe.com\/es\/#website\"},\"datePublished\":\"2018-06-14T09:29:12+00:00\",\"dateModified\":\"2018-07-03T14:05:05+00:00\",\"description\":\"Us\u0142ugi zwi\u0105zane z wprowadzaniem produkt\u00f3w kosmetycznych na rynek. Tworzenie dokumentacji i notyfikacja dla dystrybucji i produkcji produkt\u00f3w kosmetycznych z gwarancj\u0105.\",\"breadcrumb\":{\"@id\":\"https:\/\/www.msds-europe.com\/pl\/uslugi-dotyczace-produktow-kosmetycznych\/#breadcrumb\"},\"inLanguage\":\"pl-PL\",\"potentialAction\":[{\"@type\":\"ReadAction\",\"target\":[\"https:\/\/www.msds-europe.com\/pl\/uslugi-dotyczace-produktow-kosmetycznych\/\"]}]},{\"@type\":\"BreadcrumbList\",\"@id\":\"https:\/\/www.msds-europe.com\/pl\/uslugi-dotyczace-produktow-kosmetycznych\/#breadcrumb\",\"itemListElement\":[{\"@type\":\"ListItem\",\"position\":1,\"name\":\"F\u0151oldal\",\"item\":\"https:\/\/www.msds-europe.com\/pl\/\"},{\"@type\":\"ListItem\",\"position\":2,\"name\":\"Us\u0142ugi zwi\u0105zane z wprowadzaniem produkt\u00f3w kosmetycznych na rynek\"}]},{\"@type\":\"WebSite\",\"@id\":\"https:\/\/www.msds-europe.com\/es\/#website\",\"url\":\"https:\/\/www.msds-europe.com\/es\/\",\"name\":\"MSDS Europe\",\"description\":\"\",\"publisher\":{\"@id\":\"https:\/\/www.msds-europe.com\/es\/#organization\"},\"potentialAction\":[{\"@type\":\"SearchAction\",\"target\":{\"@type\":\"EntryPoint\",\"urlTemplate\":\"https:\/\/www.msds-europe.com\/es\/?s={search_term_string}\"},\"query-input\":{\"@type\":\"PropertyValueSpecification\",\"valueRequired\":true,\"valueName\":\"search_term_string\"}}],\"inLanguage\":\"pl-PL\"},{\"@type\":\"Organization\",\"@id\":\"https:\/\/www.msds-europe.com\/es\/#organization\",\"name\":\"MSDS-Europe International branch of ToxInfo\",\"url\":\"https:\/\/www.msds-europe.com\/es\/\",\"logo\":{\"@type\":\"ImageObject\",\"inLanguage\":\"pl-PL\",\"@id\":\"https:\/\/www.msds-europe.com\/es\/#\/schema\/logo\/image\/\",\"url\":\"https:\/\/www.msds-europe.com\/wp-content\/uploads\/2021\/04\/msds-europe-logo.jpg\",\"contentUrl\":\"https:\/\/www.msds-europe.com\/wp-content\/uploads\/2021\/04\/msds-europe-logo.jpg\",\"width\":2296,\"height\":1067,\"caption\":\"MSDS-Europe International branch of ToxInfo\"},\"image\":{\"@id\":\"https:\/\/www.msds-europe.com\/es\/#\/schema\/logo\/image\/\"},\"sameAs\":[\"https:\/\/www.facebook.com\/toxinfokft\/\",\"https:\/\/x.com\/ToxInfoKft\"]}]}<\/script>\n<!-- \/ Yoast SEO plugin. -->","yoast_head_json":{"title":"Us\u0142ugi zwi\u0105zane z wprowadzaniem produkt\u00f3w kosmetycznych na rynek","description":"Us\u0142ugi zwi\u0105zane z wprowadzaniem produkt\u00f3w kosmetycznych na rynek. Tworzenie dokumentacji i notyfikacja dla dystrybucji i produkcji produkt\u00f3w kosmetycznych z gwarancj\u0105.","robots":{"index":"index","follow":"follow","max-snippet":"max-snippet:-1","max-image-preview":"max-image-preview:large","max-video-preview":"max-video-preview:-1"},"canonical":"https:\/\/www.msds-europe.com\/pl\/uslugi-dotyczace-produktow-kosmetycznych\/","og_locale":"pl_PL","og_type":"article","og_title":"Us\u0142ugi zwi\u0105zane z wprowadzaniem produkt\u00f3w kosmetycznych na rynek","og_description":"Us\u0142ugi zwi\u0105zane z wprowadzaniem produkt\u00f3w kosmetycznych na rynek. Tworzenie dokumentacji i notyfikacja dla dystrybucji i produkcji produkt\u00f3w kosmetycznych z gwarancj\u0105.","og_url":"https:\/\/www.msds-europe.com\/pl\/uslugi-dotyczace-produktow-kosmetycznych\/","og_site_name":"MSDS Europe","article_publisher":"https:\/\/www.facebook.com\/toxinfokft\/","article_modified_time":"2018-07-03T14:05:05+00:00","twitter_card":"summary_large_image","twitter_site":"@ToxInfoKft","twitter_misc":{"Szacowany czas czytania":"1 minuta"},"schema":{"@context":"https:\/\/schema.org","@graph":[{"@type":"WebPage","@id":"https:\/\/www.msds-europe.com\/pl\/uslugi-dotyczace-produktow-kosmetycznych\/","url":"https:\/\/www.msds-europe.com\/pl\/uslugi-dotyczace-produktow-kosmetycznych\/","name":"Us\u0142ugi zwi\u0105zane z wprowadzaniem produkt\u00f3w kosmetycznych na rynek","isPartOf":{"@id":"https:\/\/www.msds-europe.com\/es\/#website"},"datePublished":"2018-06-14T09:29:12+00:00","dateModified":"2018-07-03T14:05:05+00:00","description":"Us\u0142ugi zwi\u0105zane z wprowadzaniem produkt\u00f3w kosmetycznych na rynek. Tworzenie dokumentacji i notyfikacja dla dystrybucji i produkcji produkt\u00f3w kosmetycznych z gwarancj\u0105.","breadcrumb":{"@id":"https:\/\/www.msds-europe.com\/pl\/uslugi-dotyczace-produktow-kosmetycznych\/#breadcrumb"},"inLanguage":"pl-PL","potentialAction":[{"@type":"ReadAction","target":["https:\/\/www.msds-europe.com\/pl\/uslugi-dotyczace-produktow-kosmetycznych\/"]}]},{"@type":"BreadcrumbList","@id":"https:\/\/www.msds-europe.com\/pl\/uslugi-dotyczace-produktow-kosmetycznych\/#breadcrumb","itemListElement":[{"@type":"ListItem","position":1,"name":"F\u0151oldal","item":"https:\/\/www.msds-europe.com\/pl\/"},{"@type":"ListItem","position":2,"name":"Us\u0142ugi zwi\u0105zane z wprowadzaniem produkt\u00f3w kosmetycznych na rynek"}]},{"@type":"WebSite","@id":"https:\/\/www.msds-europe.com\/es\/#website","url":"https:\/\/www.msds-europe.com\/es\/","name":"MSDS Europe","description":"","publisher":{"@id":"https:\/\/www.msds-europe.com\/es\/#organization"},"potentialAction":[{"@type":"SearchAction","target":{"@type":"EntryPoint","urlTemplate":"https:\/\/www.msds-europe.com\/es\/?s={search_term_string}"},"query-input":{"@type":"PropertyValueSpecification","valueRequired":true,"valueName":"search_term_string"}}],"inLanguage":"pl-PL"},{"@type":"Organization","@id":"https:\/\/www.msds-europe.com\/es\/#organization","name":"MSDS-Europe International branch of ToxInfo","url":"https:\/\/www.msds-europe.com\/es\/","logo":{"@type":"ImageObject","inLanguage":"pl-PL","@id":"https:\/\/www.msds-europe.com\/es\/#\/schema\/logo\/image\/","url":"https:\/\/www.msds-europe.com\/wp-content\/uploads\/2021\/04\/msds-europe-logo.jpg","contentUrl":"https:\/\/www.msds-europe.com\/wp-content\/uploads\/2021\/04\/msds-europe-logo.jpg","width":2296,"height":1067,"caption":"MSDS-Europe International branch of ToxInfo"},"image":{"@id":"https:\/\/www.msds-europe.com\/es\/#\/schema\/logo\/image\/"},"sameAs":["https:\/\/www.facebook.com\/toxinfokft\/","https:\/\/x.com\/ToxInfoKft"]}]}},"_links":{"self":[{"href":"https:\/\/www.msds-europe.com\/pl\/wp-json\/wp\/v2\/pages\/4420","targetHints":{"allow":["GET"]}}],"collection":[{"href":"https:\/\/www.msds-europe.com\/pl\/wp-json\/wp\/v2\/pages"}],"about":[{"href":"https:\/\/www.msds-europe.com\/pl\/wp-json\/wp\/v2\/types\/page"}],"author":[{"embeddable":true,"href":"https:\/\/www.msds-europe.com\/pl\/wp-json\/wp\/v2\/users\/2"}],"replies":[{"embeddable":true,"href":"https:\/\/www.msds-europe.com\/pl\/wp-json\/wp\/v2\/comments?post=4420"}],"version-history":[{"count":4,"href":"https:\/\/www.msds-europe.com\/pl\/wp-json\/wp\/v2\/pages\/4420\/revisions"}],"predecessor-version":[{"id":7288,"href":"https:\/\/www.msds-europe.com\/pl\/wp-json\/wp\/v2\/pages\/4420\/revisions\/7288"}],"wp:attachment":[{"href":"https:\/\/www.msds-europe.com\/pl\/wp-json\/wp\/v2\/media?parent=4420"}],"wp:term":[{"taxonomy":"post_tag","embeddable":true,"href":"https:\/\/www.msds-europe.com\/pl\/wp-json\/wp\/v2\/tags?post=4420"}],"curies":[{"name":"wp","href":"https:\/\/api.w.org\/{rel}","templated":true}]}}