{"id":34846,"date":"2025-09-03T12:07:00","date_gmt":"2025-09-03T12:07:00","guid":{"rendered":"https:\/\/www.msds-europe.com\/?page_id=34846"},"modified":"2026-02-23T09:23:12","modified_gmt":"2026-02-23T09:23:12","slug":"sztuczna-inteligencja-w-bezpieczenstwie-chemicznym-sds-clp-reach","status":"publish","type":"page","link":"https:\/\/www.msds-europe.com\/pl\/sztuczna-inteligencja-w-bezpieczenstwie-chemicznym-sds-clp-reach\/","title":{"rendered":"Zastosowanie sztucznej inteligencji w bezpiecze\u0144stwie chemicznym"},"content":{"rendered":"<p style=\"text-align: right;\"><em><a href=\"https:\/\/www.msds-europe.com\/\">MSDS-Europe<\/a> \u2013 <a href=\"https:\/\/www.msds-europe.com\/pl\/bezpieczenstwo-chemiczne-artykuly-analizy\/\">Kompas bezpiecze\u0144stwa chemicznego<\/a> \u2013 Zastosowanie sztucznej inteligencji w bezpiecze\u0144stwie chemicznym<\/em><\/p>\n<p style=\"text-align: justify;\">Sztuczna inteligencja (SI) pojawi\u0142a si\u0119 r\u00f3wnie\u017c w przemy\u015ble chemicznym. W obszarze <a href=\"https:\/\/www.msds-europe.com\/pl\/bezpieczenstwo-chemiczne-artykuly-analizy\/\">bezpiecze\u0144stwa chemicznego<\/a> wzros\u0142o zapotrzebowanie na bardziej efektywne przetwarzanie danych i automatyzacj\u0119 zada\u0144 rutynowych.<\/p>\n<p>&nbsp;<\/p>\n<h3 style=\"text-align: justify;\"><strong>Przygotowanie kart charakterystyki (SDS) z wykorzystaniem SI<\/strong><\/h3>\n<p style=\"text-align: justify;\"><a href=\"https:\/\/www.msds-europe.com\/pl\/kompilacja-tworzenie-karty-charakterystyki\/\">Opracowywanie kart charakterystyki<\/a> tradycyjnie by\u0142o procesem r\u0119cznym, czasoch\u0142onnym i pracoch\u0142onnym. <strong>SI w dziedzinie bezpiecze\u0144stwa chemicznego<\/strong> pozwala znacz\u0105co przyspieszy\u0107 ten proces.<\/p>\n<p style=\"text-align: justify;\">Istnieje ju\u017c oprogramowanie oparte na SI, kt\u00f3re mo\u017ce automatycznie generowa\u0107 SDS na podstawie istniej\u0105cych baz danych substancji chemicznych i wymaga\u0144 prawnych. To znacz\u0105co zmniejsza czas i zasoby potrzebne do opracowania tych dokument\u00f3w.<\/p>\n<p style=\"text-align: justify;\">Systemy oparte na SI, generuj\u0105c <a href=\"https:\/\/www.msds-europe.com\/pl\/definicja-karty-charakterystyki\/\">karty charakterystyki (SDS)<\/a>, uwzgl\u0119dniaj\u0105 odpowiednie wymagania prawne i normatywne, dzi\u0119ki czemu powstaj\u0105ce dokumenty mog\u0105 by\u0107 w du\u017cym stopniu zgodne z obowi\u0105zuj\u0105cymi przepisami.<\/p>\n<p style=\"text-align: justify;\">Mo\u017ce to by\u0107 szczeg\u00f3lnie skuteczne w przypadku nowo opracowanych mieszanin, gdzie system korzysta z najnowszych baz danych i <a href=\"https:\/\/www.msds-europe.com\/pl\/zmiany-przepisow-bezpieczenstwa-chemicznego\/\">aktualnych zmian prawnych<\/a>.<\/p>\n<p style=\"text-align: justify;\">Nale\u017cy jednak podkre\u015bli\u0107, \u017ce w przypadku istniej\u0105cych mieszanin, kt\u00f3re maj\u0105 ju\u017c SDS, sama sztuczna inteligencja nie zapewnia pe\u0142nej zgodno\u015bci.<\/p>\n<p style=\"text-align: justify;\">W takich przypadkach karty charakterystyki musz\u0105 zosta\u0107 <a href=\"https:\/\/www.msds-europe.com\/pl\/obsluga-klienta\/\">zweryfikowane i uzupe\u0142nione przez eksperta<\/a>, aby mie\u0107 pewno\u015b\u0107, \u017ce wszelkie zmiany, braki lub nowe wymagania prawne s\u0105 prawid\u0142owo uwzgl\u0119dnione w zaktualizowanej dokumentacji.<\/p>\n<p>&nbsp;<\/p>\n<h3 style=\"text-align: justify;\"><strong>Zastosowania SI w bezpiecze\u0144stwie chemicznym<\/strong><\/h3>\n<p style=\"text-align: justify;\">SI wspiera obszar <strong>bezpiecze\u0144stwa chemicznego<\/strong> nie tylko w opracowywaniu SDS:<\/p>\n<ul style=\"text-align: justify;\">\n<li><strong>Klasyfikacja mieszanin stwarzaj\u0105cych zagro\u017cenie<\/strong>: SI mo\u017ce pom\u00f3c prawid\u0142owo sklasyfikowa\u0107 z\u0142o\u017cone mieszaniny do odpowiednich klas i kategorii zagro\u017cenia. Na podstawie danych dotycz\u0105cych sk\u0142adnik\u00f3w mieszaniny system mo\u017ce okre\u015bli\u0107, do jakich <a href=\"https:\/\/www.msds-europe.com\/pl\/zwroty-wskazujace-srodki-ostroznosci-p\/\">kategorii zagro\u017cenia<\/a> nale\u017cy j\u0105 zaklasyfikowa\u0107, wspieraj\u0105c szybk\u0105 i precyzyjn\u0105 klasyfikacj\u0119 zgodn\u0105 z GHS\/CLP.<\/li>\n<li><strong>Predykcyjne modele toksykologiczne:<\/strong> dzi\u0119ki modelom predykcyjnym opartym na uczeniu maszynowym mo\u017cna z wyprzedzeniem przewidzie\u0107 potencjalne zagro\u017cenia dla zdrowia lub \u015brodowiska nowej substancji chemicznej. Algorytmy wytrenowane na istniej\u0105cych danych toksykologicznych potrafi\u0105 prognozowa\u0107 potencjalne skutki toksyczne nowo opracowanego zwi\u0105zku. Dzi\u0119ki temu mo\u017cliwe zagro\u017cenia mo\u017cna zidentyfikowa\u0107 jeszcze przed rozpocz\u0119ciem bada\u0144 laboratoryjnych, co przyspiesza i usprawnia proces oceny ryzyka.<\/li>\n<\/ul>\n<p>&nbsp;<\/p>\n<h3 style=\"text-align: justify;\"><strong>Znaczenie weryfikacji przez cz\u0142owieka<\/strong><\/h3>\n<p style=\"text-align: justify;\">Pomimo wszystkich post\u0119p\u00f3w technologicznych, <strong>wiedza ekspercka cz\u0142owieka pozostaje niezb\u0119dna<\/strong>. Nawet je\u015bli SI mo\u017ce przetwarza\u0107 ogromne ilo\u015bci danych, automatycznie generowane SDS musz\u0105 zawsze by\u0107 zweryfikowane przez do\u015bwiadczonego specjalist\u0119.<\/p>\n<p style=\"text-align: justify;\">SI mo\u017ce r\u00f3wnie\u017c pope\u0142nia\u0107 b\u0142\u0119dy lub b\u0142\u0119dnie interpretowa\u0107 informacje; ostatecznie to cz\u0142owiek ponosi odpowiedzialno\u015b\u0107 za dok\u0142adno\u015b\u0107 tre\u015bci i <a href=\"https:\/\/www.msds-europe.com\/pl\/baza-wiedzy-reach\/\">zgodno\u015b\u0107 prawn\u0105<\/a>. Z tego powodu karty charakterystyki przygotowane przez SI powinny by\u0107 oficjalnie udost\u0119pniane lub stosowane dopiero po przegl\u0105dzie eksperta.<\/p>\n<p>&nbsp;<\/p>\n<h3 style=\"text-align: justify;\"><strong>Co wybra\u0107?<\/strong><\/h3>\n<p style=\"text-align: justify;\">Zastosowanie sztucznej inteligencji (SI) w obszarze bezpiecze\u0144stwa chemicznego mo\u017ce przynie\u015b\u0107 istotne korzy\u015bci, zw\u0142aszcza w zadaniach wymagaj\u0105cych przetwarzania du\u017cych ilo\u015bci danych lub uwzgl\u0119dniania z\u0142o\u017conych wymaga\u0144 prawnych.<\/p>\n<p style=\"text-align: justify;\">Szybko\u015b\u0107 i zdolno\u015b\u0107 przetwarzania danych przez SI pozwalaj\u0105 zwi\u0119kszy\u0107 efektywno\u015b\u0107 pracy, ale aby osi\u0105gn\u0105\u0107 najlepsze wyniki, konieczne jest ostro\u017cne korzystanie z tych system\u00f3w oraz weryfikacja przez ekspert\u00f3w.<\/p>\n<p style=\"text-align: justify;\">Nasza firma stale bada i rozwija mo\u017cliwe zastosowania sztucznej inteligencji w ramach naszych projekt\u00f3w innowacyjnych. Jeste\u015bmy przekonani, \u017ce SI ma ogromny potencja\u0142 w dziedzinie bezpiecze\u0144stwa chemicznego, jednak obecny poziom technologii nie pozwala jeszcze na ca\u0142kowite zast\u0105pienie wiedzy eksperckiej cz\u0142owieka.<\/p>\n<p style=\"text-align: justify;\">Dlatego uwa\u017cnie monitorujemy rozw\u00f3j SI, aby w przysz\u0142o\u015bci m\u00f3c skutecznie i niezawodnie integrowa\u0107 najbardziej zaawansowane rozwi\u0105zania w naszych us\u0142ugach zwi\u0105zanych z bezpiecze\u0144stwem chemicznym.<\/p>\n<p>&nbsp;<\/p>\n<h3>Masz wi\u0119cej pyta\u0144?<\/h3>\n<p>Skontaktuj si\u0119 z <a href=\"https:\/\/www.msds-europe.com\/pl\/obsluga-klienta\/\">nasz\u0105 obs\u0142ug\u0105 klienta<\/a> lub zadaj pytanie naszemu ekspertowi <a href=\"https:\/\/www.msds-europe.com\/pl\/konsultacja-online\/\">online<\/a>.<\/p>\n<a href=\"https:\/\/www.msds-europe.com\/pl\/obsluga-klienta\/\" class=\"su-button su-button-style-default\" style=\"color:#ef552d;background-color:#fefefe;border-color:#cccccc;border-radius:6px\" target=\"_self\"><span style=\"color:#ef552d;padding:0px 18px;font-size:14px;line-height:28px;border-color:#ffffff;border-radius:6px;text-shadow:none\"> Obs\u0142uga klienta<\/span><\/a>\n<a href=\"https:\/\/www.msds-europe.com\/pl\/konsultacja-online\/\" class=\"su-button su-button-style-default\" style=\"color:#ffffff;background-color:#ef552d;border-color:#c04424;border-radius:6px\" target=\"_self\"><span style=\"color:#ffffff;padding:0px 18px;font-size:14px;line-height:28px;border-color:#f4886c;border-radius:6px;text-shadow:0px 0px 2px #ffffff\"> Zapytaj eksperta<\/span><\/a>\n<p>&nbsp;<\/p>\n<p><strong>Nasze us\u0142ugi:<\/strong><\/p>\n<ul>\n<li><a href=\"https:\/\/www.msds-europe.com\/pl\/tlumaczenie-karty-charakterystyki\/\">T\u0142umaczenie kart charakterystyki<\/a><\/li>\n<li><a href=\"https:\/\/www.msds-europe.com\/pl\/kompilacja-tworzenie-karty-charakterystyki\/\">Opracowywanie kart charakterystyki (SDS)<\/a><\/li>\n<li>Przygotowanie <a href=\"https:\/\/www.msds-europe.com\/pl\/tworzenie-projektu-etykiety\/\">projekt\u00f3w etykiet CLP<\/a><\/li>\n<li><a href=\"https:\/\/www.msds-europe.com\/pl\/ufi-usluga\/\">Zg\u0142oszenia PCN dla mieszanin stwarzaj\u0105cych zagro\u017cenie<\/a><\/li>\n<\/ul>\n<p>&nbsp;<\/p>\n<p><strong>Przydatne artyku\u0142y:<\/strong><\/p>\n<ul>\n<li><a href=\"https:\/\/www.msds-europe.com\/pl\/bezpieczenstwo-chemiczne-artykuly-analizy\/\">Kompas bezpiecze\u0144stwa chemicznego<\/a><\/li>\n<li><a href=\"https:\/\/www.msds-europe.com\/pl\/najczesciej-zadawane-pytania-dotyczace-bezpieczenstwa-chemicznego\/\">FAQ \u2013 Najcz\u0119\u015bciej zadawane pytania<\/a><\/li>\n<li><a href=\"https:\/\/www.msds-europe.com\/pl\/zmiany-przepisow-bezpieczenstwa-chemicznego\/\">\u015aledzenie zmian prawnych<\/a><\/li>\n<\/ul>\n<p>&nbsp;<\/p>\n<h4 style=\"text-align: justify;\"><span style=\"color: #333333;\">Najcz\u0119\u015bciej zadawane pytania<\/span><\/h4>\n<div class=\"su-spoiler su-spoiler-style-fancy su-spoiler-icon-chevron su-spoiler-closed\" data-scroll-offset=\"0\" data-anchor-in-url=\"no\"><div class=\"su-spoiler-title\" tabindex=\"0\" role=\"button\"><span class=\"su-spoiler-icon\"><\/span>W jaki spos\u00f3b SI przyspiesza przygotowanie kart charakterystyki (SDS)?<\/div><div class=\"su-spoiler-content su-u-clearfix su-u-trim\">\nOprogramowanie oparte na SI wykorzystuje istniej\u0105ce bazy danych substancji chemicznych i wymagania prawne do automatycznego generowania SDS, znacz\u0105co redukuj\u0105c czas i nak\u0142ad pracy w por\u00f3wnaniu z tradycyjnym opracowywaniem r\u0119cznym.<br \/>\n<\/div><\/div>\n<div class=\"su-spoiler su-spoiler-style-fancy su-spoiler-icon-chevron su-spoiler-closed\" data-scroll-offset=\"0\" data-anchor-in-url=\"no\"><div class=\"su-spoiler-title\" tabindex=\"0\" role=\"button\"><span class=\"su-spoiler-icon\"><\/span>Kiedy ekspert ludzki pozostaje niezb\u0119dny?<\/div><div class=\"su-spoiler-content su-u-clearfix su-u-trim\">\nAutomatycznie wygenerowane SDS musz\u0105 zawsze by\u0107 zweryfikowane przez specjalist\u0119, aby zapewni\u0107 dok\u0142adno\u015b\u0107 tre\u015bci i ci\u0105g\u0142\u0105 zgodno\u015b\u0107 ze zmieniaj\u0105cymi si\u0119 przepisami.<br \/>\n<\/div><\/div>\n<div class=\"su-spoiler su-spoiler-style-fancy su-spoiler-icon-chevron su-spoiler-closed\" data-scroll-offset=\"0\" data-anchor-in-url=\"no\"><div class=\"su-spoiler-title\" tabindex=\"0\" role=\"button\"><span class=\"su-spoiler-icon\"><\/span>Jak SI pomaga w klasyfikacji mieszanin stwarzaj\u0105cych zagro\u017cenie?<\/div><div class=\"su-spoiler-content su-u-clearfix su-u-trim\">\nNa podstawie danych dotycz\u0105cych sk\u0142adnik\u00f3w mieszaniny system szybko przypisuje odpowiednie klasy i kategorie zagro\u017cenia zgodnie z GHS\/CLP, wspieraj\u0105c precyzyjn\u0105 i sp\u00f3jn\u0105 klasyfikacj\u0119.<br \/>\n<\/div><\/div>\n<div class=\"su-spoiler su-spoiler-style-fancy su-spoiler-icon-chevron su-spoiler-closed\" data-scroll-offset=\"0\" data-anchor-in-url=\"no\"><div class=\"su-spoiler-title\" tabindex=\"0\" role=\"button\"><span class=\"su-spoiler-icon\"><\/span>Jak SI wspiera monitorowanie przepis\u00f3w?<\/div><div class=\"su-spoiler-content su-u-clearfix su-u-trim\">\nNiekt\u00f3re platformy SI analizuj\u0105 zaktualizowane przepisy i szybko sygnalizuj\u0105, gdy nowe regulacje wymagaj\u0105 zmian w SDS lub etykietach, umo\u017cliwiaj\u0105c proaktywne zarz\u0105dzanie zgodno\u015bci\u0105.<br \/>\n<\/div><\/div>\n","protected":false},"excerpt":{"rendered":"<p>MSDS-Europe \u2013 Kompas bezpiecze\u0144stwa chemicznego \u2013 Zastosowanie sztucznej inteligencji w bezpiecze\u0144stwie chemicznym Sztuczna inteligencja (SI) pojawi\u0142a si\u0119 r\u00f3wnie\u017c w przemy\u015ble chemicznym. W obszarze bezpiecze\u0144stwa chemicznego wzros\u0142o zapotrzebowanie na bardziej efektywne przetwarzanie danych i automatyzacj\u0119 zada\u0144 rutynowych. &nbsp; Przygotowanie kart charakterystyki (SDS) z wykorzystaniem SI Opracowywanie kart charakterystyki tradycyjnie by\u0142o procesem&#8230;<\/p>\n","protected":false},"author":2,"featured_media":0,"parent":0,"menu_order":0,"comment_status":"closed","ping_status":"closed","template":"","meta":{"_acf_changed":false,"footnotes":""},"tags":[],"class_list":["post-34846","page","type-page","status-publish","hentry"],"acf":[],"yoast_head":"<!-- This site is optimized with the Yoast SEO plugin v27.2 - https:\/\/yoast.com\/product\/yoast-seo-wordpress\/ -->\n<title>Zastosowanie sztucznej inteligencji w bezpiecze\u0144stwie chemicznym<\/title>\n<meta name=\"description\" content=\"Dowiedz si\u0119, jak sztuczna inteligencja poprawia bezpiecze\u0144stwo chemiczne dzi\u0119ki automatyzacji kart charakterystyki.\" \/>\n<meta name=\"robots\" content=\"index, follow, max-snippet:-1, max-image-preview:large, max-video-preview:-1\" \/>\n<link rel=\"canonical\" href=\"https:\/\/www.msds-europe.com\/pl\/sztuczna-inteligencja-w-bezpieczenstwie-chemicznym-sds-clp-reach\/\" \/>\n<meta property=\"og:locale\" content=\"pl_PL\" \/>\n<meta property=\"og:type\" content=\"article\" \/>\n<meta property=\"og:title\" content=\"Zastosowanie sztucznej inteligencji w bezpiecze\u0144stwie chemicznym\" \/>\n<meta property=\"og:description\" content=\"Dowiedz si\u0119, jak sztuczna inteligencja poprawia bezpiecze\u0144stwo chemiczne dzi\u0119ki automatyzacji kart charakterystyki.\" \/>\n<meta property=\"og:url\" content=\"https:\/\/www.msds-europe.com\/pl\/sztuczna-inteligencja-w-bezpieczenstwie-chemicznym-sds-clp-reach\/\" \/>\n<meta property=\"og:site_name\" content=\"MSDS Europe\" \/>\n<meta property=\"article:publisher\" content=\"https:\/\/www.facebook.com\/toxinfokft\/\" \/>\n<meta property=\"article:modified_time\" content=\"2026-02-23T09:23:12+00:00\" \/>\n<meta name=\"twitter:card\" content=\"summary_large_image\" \/>\n<meta name=\"twitter:site\" content=\"@ToxInfoKft\" \/>\n<meta name=\"twitter:label1\" content=\"Szacowany czas czytania\" \/>\n\t<meta name=\"twitter:data1\" content=\"4 minuty\" \/>\n<script type=\"application\/ld+json\" class=\"yoast-schema-graph\">{\"@context\":\"https:\/\/schema.org\",\"@graph\":[{\"@type\":\"WebPage\",\"@id\":\"https:\/\/www.msds-europe.com\/pl\/sztuczna-inteligencja-w-bezpieczenstwie-chemicznym-sds-clp-reach\/\",\"url\":\"https:\/\/www.msds-europe.com\/pl\/sztuczna-inteligencja-w-bezpieczenstwie-chemicznym-sds-clp-reach\/\",\"name\":\"Zastosowanie sztucznej inteligencji w bezpiecze\u0144stwie chemicznym\",\"isPartOf\":{\"@id\":\"https:\/\/www.msds-europe.com\/es\/#website\"},\"datePublished\":\"2025-09-03T12:07:00+00:00\",\"dateModified\":\"2026-02-23T09:23:12+00:00\",\"description\":\"Dowiedz si\u0119, jak sztuczna inteligencja poprawia bezpiecze\u0144stwo chemiczne dzi\u0119ki automatyzacji kart charakterystyki.\",\"breadcrumb\":{\"@id\":\"https:\/\/www.msds-europe.com\/pl\/sztuczna-inteligencja-w-bezpieczenstwie-chemicznym-sds-clp-reach\/#breadcrumb\"},\"inLanguage\":\"pl-PL\",\"potentialAction\":[{\"@type\":\"ReadAction\",\"target\":[\"https:\/\/www.msds-europe.com\/pl\/sztuczna-inteligencja-w-bezpieczenstwie-chemicznym-sds-clp-reach\/\"]}]},{\"@type\":\"BreadcrumbList\",\"@id\":\"https:\/\/www.msds-europe.com\/pl\/sztuczna-inteligencja-w-bezpieczenstwie-chemicznym-sds-clp-reach\/#breadcrumb\",\"itemListElement\":[{\"@type\":\"ListItem\",\"position\":1,\"name\":\"F\u0151oldal\",\"item\":\"https:\/\/www.msds-europe.com\/pl\/\"},{\"@type\":\"ListItem\",\"position\":2,\"name\":\"Zastosowanie sztucznej inteligencji w bezpiecze\u0144stwie chemicznym\"}]},{\"@type\":\"WebSite\",\"@id\":\"https:\/\/www.msds-europe.com\/es\/#website\",\"url\":\"https:\/\/www.msds-europe.com\/es\/\",\"name\":\"MSDS Europe\",\"description\":\"\",\"publisher\":{\"@id\":\"https:\/\/www.msds-europe.com\/es\/#organization\"},\"potentialAction\":[{\"@type\":\"SearchAction\",\"target\":{\"@type\":\"EntryPoint\",\"urlTemplate\":\"https:\/\/www.msds-europe.com\/es\/?s={search_term_string}\"},\"query-input\":{\"@type\":\"PropertyValueSpecification\",\"valueRequired\":true,\"valueName\":\"search_term_string\"}}],\"inLanguage\":\"pl-PL\"},{\"@type\":\"Organization\",\"@id\":\"https:\/\/www.msds-europe.com\/es\/#organization\",\"name\":\"MSDS-Europe International branch of ToxInfo\",\"url\":\"https:\/\/www.msds-europe.com\/es\/\",\"logo\":{\"@type\":\"ImageObject\",\"inLanguage\":\"pl-PL\",\"@id\":\"https:\/\/www.msds-europe.com\/es\/#\/schema\/logo\/image\/\",\"url\":\"https:\/\/www.msds-europe.com\/wp-content\/uploads\/2021\/04\/msds-europe-logo.jpg\",\"contentUrl\":\"https:\/\/www.msds-europe.com\/wp-content\/uploads\/2021\/04\/msds-europe-logo.jpg\",\"width\":2296,\"height\":1067,\"caption\":\"MSDS-Europe International branch of ToxInfo\"},\"image\":{\"@id\":\"https:\/\/www.msds-europe.com\/es\/#\/schema\/logo\/image\/\"},\"sameAs\":[\"https:\/\/www.facebook.com\/toxinfokft\/\",\"https:\/\/x.com\/ToxInfoKft\"]}]}<\/script>\n<!-- \/ Yoast SEO plugin. -->","yoast_head_json":{"title":"Zastosowanie sztucznej inteligencji w bezpiecze\u0144stwie chemicznym","description":"Dowiedz si\u0119, jak sztuczna inteligencja poprawia bezpiecze\u0144stwo chemiczne dzi\u0119ki automatyzacji kart charakterystyki.","robots":{"index":"index","follow":"follow","max-snippet":"max-snippet:-1","max-image-preview":"max-image-preview:large","max-video-preview":"max-video-preview:-1"},"canonical":"https:\/\/www.msds-europe.com\/pl\/sztuczna-inteligencja-w-bezpieczenstwie-chemicznym-sds-clp-reach\/","og_locale":"pl_PL","og_type":"article","og_title":"Zastosowanie sztucznej inteligencji w bezpiecze\u0144stwie chemicznym","og_description":"Dowiedz si\u0119, jak sztuczna inteligencja poprawia bezpiecze\u0144stwo chemiczne dzi\u0119ki automatyzacji kart charakterystyki.","og_url":"https:\/\/www.msds-europe.com\/pl\/sztuczna-inteligencja-w-bezpieczenstwie-chemicznym-sds-clp-reach\/","og_site_name":"MSDS Europe","article_publisher":"https:\/\/www.facebook.com\/toxinfokft\/","article_modified_time":"2026-02-23T09:23:12+00:00","twitter_card":"summary_large_image","twitter_site":"@ToxInfoKft","twitter_misc":{"Szacowany czas czytania":"4 minuty"},"schema":{"@context":"https:\/\/schema.org","@graph":[{"@type":"WebPage","@id":"https:\/\/www.msds-europe.com\/pl\/sztuczna-inteligencja-w-bezpieczenstwie-chemicznym-sds-clp-reach\/","url":"https:\/\/www.msds-europe.com\/pl\/sztuczna-inteligencja-w-bezpieczenstwie-chemicznym-sds-clp-reach\/","name":"Zastosowanie sztucznej inteligencji w bezpiecze\u0144stwie chemicznym","isPartOf":{"@id":"https:\/\/www.msds-europe.com\/es\/#website"},"datePublished":"2025-09-03T12:07:00+00:00","dateModified":"2026-02-23T09:23:12+00:00","description":"Dowiedz si\u0119, jak sztuczna inteligencja poprawia bezpiecze\u0144stwo chemiczne dzi\u0119ki automatyzacji kart charakterystyki.","breadcrumb":{"@id":"https:\/\/www.msds-europe.com\/pl\/sztuczna-inteligencja-w-bezpieczenstwie-chemicznym-sds-clp-reach\/#breadcrumb"},"inLanguage":"pl-PL","potentialAction":[{"@type":"ReadAction","target":["https:\/\/www.msds-europe.com\/pl\/sztuczna-inteligencja-w-bezpieczenstwie-chemicznym-sds-clp-reach\/"]}]},{"@type":"BreadcrumbList","@id":"https:\/\/www.msds-europe.com\/pl\/sztuczna-inteligencja-w-bezpieczenstwie-chemicznym-sds-clp-reach\/#breadcrumb","itemListElement":[{"@type":"ListItem","position":1,"name":"F\u0151oldal","item":"https:\/\/www.msds-europe.com\/pl\/"},{"@type":"ListItem","position":2,"name":"Zastosowanie sztucznej inteligencji w bezpiecze\u0144stwie chemicznym"}]},{"@type":"WebSite","@id":"https:\/\/www.msds-europe.com\/es\/#website","url":"https:\/\/www.msds-europe.com\/es\/","name":"MSDS Europe","description":"","publisher":{"@id":"https:\/\/www.msds-europe.com\/es\/#organization"},"potentialAction":[{"@type":"SearchAction","target":{"@type":"EntryPoint","urlTemplate":"https:\/\/www.msds-europe.com\/es\/?s={search_term_string}"},"query-input":{"@type":"PropertyValueSpecification","valueRequired":true,"valueName":"search_term_string"}}],"inLanguage":"pl-PL"},{"@type":"Organization","@id":"https:\/\/www.msds-europe.com\/es\/#organization","name":"MSDS-Europe International branch of ToxInfo","url":"https:\/\/www.msds-europe.com\/es\/","logo":{"@type":"ImageObject","inLanguage":"pl-PL","@id":"https:\/\/www.msds-europe.com\/es\/#\/schema\/logo\/image\/","url":"https:\/\/www.msds-europe.com\/wp-content\/uploads\/2021\/04\/msds-europe-logo.jpg","contentUrl":"https:\/\/www.msds-europe.com\/wp-content\/uploads\/2021\/04\/msds-europe-logo.jpg","width":2296,"height":1067,"caption":"MSDS-Europe International branch of ToxInfo"},"image":{"@id":"https:\/\/www.msds-europe.com\/es\/#\/schema\/logo\/image\/"},"sameAs":["https:\/\/www.facebook.com\/toxinfokft\/","https:\/\/x.com\/ToxInfoKft"]}]}},"_links":{"self":[{"href":"https:\/\/www.msds-europe.com\/pl\/wp-json\/wp\/v2\/pages\/34846","targetHints":{"allow":["GET"]}}],"collection":[{"href":"https:\/\/www.msds-europe.com\/pl\/wp-json\/wp\/v2\/pages"}],"about":[{"href":"https:\/\/www.msds-europe.com\/pl\/wp-json\/wp\/v2\/types\/page"}],"author":[{"embeddable":true,"href":"https:\/\/www.msds-europe.com\/pl\/wp-json\/wp\/v2\/users\/2"}],"replies":[{"embeddable":true,"href":"https:\/\/www.msds-europe.com\/pl\/wp-json\/wp\/v2\/comments?post=34846"}],"version-history":[{"count":6,"href":"https:\/\/www.msds-europe.com\/pl\/wp-json\/wp\/v2\/pages\/34846\/revisions"}],"predecessor-version":[{"id":37464,"href":"https:\/\/www.msds-europe.com\/pl\/wp-json\/wp\/v2\/pages\/34846\/revisions\/37464"}],"wp:attachment":[{"href":"https:\/\/www.msds-europe.com\/pl\/wp-json\/wp\/v2\/media?parent=34846"}],"wp:term":[{"taxonomy":"post_tag","embeddable":true,"href":"https:\/\/www.msds-europe.com\/pl\/wp-json\/wp\/v2\/tags?post=34846"}],"curies":[{"name":"wp","href":"https:\/\/api.w.org\/{rel}","templated":true}]}}