{"id":34586,"date":"2025-09-01T12:04:51","date_gmt":"2025-09-01T12:04:51","guid":{"rendered":"https:\/\/www.msds-europe.com\/?page_id=34586"},"modified":"2026-04-22T12:23:36","modified_gmt":"2026-04-22T12:23:36","slug":"informacje-o-sds-dla-uzytkownikow-dalszych","status":"publish","type":"page","link":"https:\/\/www.msds-europe.com\/pl\/informacje-o-sds-dla-uzytkownikow-dalszych\/","title":{"rendered":"Przydatne informacje dla dalszych u\u017cytkownik\u00f3w dotycz\u0105ce kart charakterystyki"},"content":{"rendered":"<p style=\"text-align: right;\"><em><a href=\"https:\/\/www.msds-europe.com\/pl\/przydatne-materialy-pomocnicze-i-wskazowki-dla-kart-charakterystyk\/\">Baza wiedzy o kartach charakterystyki<\/a> \u2013 O karcie charakterystyki dla dalszych u\u017cytkownik\u00f3w<\/em><\/p>\n<p>&nbsp;<\/p>\n<h2 style=\"text-align: justify;\">Karta charakterystyki jako narz\u0119dzie komunikacji<\/h2>\n<p style=\"text-align: justify;\">Karty charakterystyki s\u0105 wa\u017cnymi narz\u0119dziami komunikacji w \u0142a\u0144cuchu dostaw. Pomagaj\u0105 wszystkim uczestnikom \u0142a\u0144cucha dostaw wype\u0142nia\u0107 swoje obowi\u0105zki zwi\u0105zane z zarz\u0105dzaniem ryzykiem wynikaj\u0105cym ze stosowania substancji i mieszanin.<\/p>\n<p style=\"text-align: justify;\">Dalsi u\u017cytkownicy s\u0105 informowani w formie karty charakterystyki o zagro\u017ceniach wynikaj\u0105cych z ich zidentyfikowanego zastosowania oraz o \u015brodkach, jakie nale\u017cy podj\u0105\u0107, aby kontrolowa\u0107 te zagro\u017cenia.<\/p>\n<p>&nbsp;<\/p>\n<h2 style=\"text-align: justify;\">Scenariusz nara\u017cenia<\/h2>\n<p style=\"text-align: justify;\">Niekt\u00f3re karty charakterystyki maj\u0105 r\u00f3wnie\u017c za\u0142\u0105cznik zwany scenariuszem nara\u017cenia. <a href=\"https:\/\/www.msds-europe.com\/checking-implementing-exposure-scenario\/\">Scenariusz nara\u017cenia<\/a> dostarcza dok\u0142adniejszych danych dotycz\u0105cych bezpiecznego stosowania i ograniczania nara\u017cenia ni\u017c karta charakterystyki.<\/p>\n<p style=\"text-align: justify;\">Je\u015bli scenariusz nara\u017cenia nie obejmuje zamierzonego zastosowania, nale\u017cy skontaktowa\u0107 si\u0119 z dostawc\u0105. W przeciwnym razie dalsi u\u017cytkownicy powinni opracowa\u0107 w\u0142asny <a href=\"https:\/\/www.msds-europe.com\/pl\/najczesciej-zadawane-pytania-dotyczace-bezpieczenstwa-chemicznego\/\">raport bezpiecze\u0144stwa chemicznego<\/a>.<\/p>\n<p>&nbsp;<\/p>\n<h2 style=\"text-align: justify;\">Zadania do wykonania, je\u015bli nie otrzymano karty charakterystyki dla zakupionej substancji\/mieszaniny<\/h2>\n<p style=\"text-align: justify;\">Nie oznacza to, \u017ce nie trzeba wdra\u017ca\u0107 (i komunikowa\u0107 innym uczestnikom \u0142a\u0144cucha dostaw) \u015brodk\u00f3w zarz\u0105dzania ryzykiem, kt\u00f3re dostawca przekazuje w inny spos\u00f3b (np. w o\u015bwiadczeniu pisemnym, karcie technicznej, specyfikacji itp.).<\/p>\n<p style=\"text-align: justify;\">Brak otrzymanej karty charakterystyki prawdopodobnie oznacza, \u017ce substancja lub mieszanina nie jest uznawana za niebezpieczn\u0105.<\/p>\n<p style=\"text-align: justify;\">Niemniej jednak nale\u017cy skontaktowa\u0107 si\u0119 z dostawc\u0105 i poprosi\u0107 o kart\u0119 charakterystyki (w niekt\u00f3rych przypadkach przepisy pozwalaj\u0105 dostawcom dostarcza\u0107 kart\u0119 charakterystyki wy\u0142\u0105cznie na \u017c\u0105danie).<\/p>\n<p>&nbsp;<\/p>\n<h2 style=\"text-align: justify;\">Zadania do wykonania po otrzymaniu karty charakterystyki<\/h2>\n<p style=\"text-align: justify;\">Nale\u017cy sprawdzi\u0107, czy karta charakterystyki zawiera <strong>numer rejestracji REACH<\/strong>.<\/p>\n<p style=\"text-align: justify;\">Je\u015bli <strong>numer rejestracji REACH<\/strong> znajduje si\u0119 w karcie charakterystyki, dalsi u\u017cytkownicy maj\u0105 12 miesi\u0119cy na spe\u0142nienie wymaga\u0144 REACH okre\u015blonych dla dalszych u\u017cytkownik\u00f3w.<\/p>\n<p style=\"text-align: justify;\">Je\u015bli substancja nie zosta\u0142a jeszcze zarejestrowana i nie wydano numeru rejestracji REACH, nale\u017cy post\u0119powa\u0107 zgodnie z instrukcjami zawartymi w karcie charakterystyki.<\/p>\n<p style=\"text-align: justify;\">Nale\u017cy sprawdzi\u0107 informacje o zagro\u017ceniach i zarz\u0105dzaniu ryzykiem. Trzeba tak\u017ce sprawdzi\u0107 wdro\u017cenie \u015brodk\u00f3w zarz\u0105dzania ryzykiem oraz to, czy jakakolwiek substancja obecna samodzielnie lub jako cz\u0119\u015b\u0107 mieszaniny podlega obowi\u0105zkowi uzyskania zezwolenia lub jakimkolwiek ograniczeniom.<\/p>\n<p style=\"text-align: justify;\">Je\u015bli dostawca nie wspiera pewnych zastosowa\u0144 w celu ochrony zdrowia ludzkiego lub \u015brodowiska, musi to wskaza\u0107 w sekcji 16 karty charakterystyki lub w\u015br\u00f3d informacji przekazanych zgodnie z artyku\u0142em 32. Je\u015bli przeciwwskazanie nie jest uzasadnione, dalszy u\u017cytkownik ma prawo \u017c\u0105da\u0107 dodatkowych informacji lub uzasadnienia.<\/p>\n<p>&nbsp;<\/p>\n<h3 style=\"text-align: justify;\">Zadania do wykonania w przypadku zastosowa\u0144 odradzanych<\/h3>\n<ul>\n<li style=\"text-align: justify;\">Nale\u017cy zaprzesta\u0107 stosowania substancji lub mieszaniny.<\/li>\n<li style=\"text-align: justify;\">Bezpieczne stosowanie mo\u017cna wykaza\u0107 poprzez sporz\u0105dzenie raportu bezpiecze\u0144stwa chemicznego przez dalszego u\u017cytkownika. W tym celu nale\u017cy oceni\u0107 stosowanie substancji lub mieszaniny bardziej szczeg\u00f3\u0142owo ni\u017c dostawca i, w razie potrzeby, zmodyfikowa\u0107 warunki stosowania.<\/li>\n<\/ul>\n<p>&nbsp;<\/p>\n<h3 style=\"text-align: justify;\">Zadania dalszych u\u017cytkownik\u00f3w produkuj\u0105cych mieszaniny w odniesieniu do kart charakterystyki<\/h3>\n<p style=\"text-align: justify;\">Po dokonaniu <a href=\"https:\/\/www.msds-europe.com\/pl\/kompilacja-tworzenie-karty-charakterystyki\/\">klasyfikacji<\/a> mo\u017cna stwierdzi\u0107, czy nale\u017cy dostarczy\u0107 klientom kart\u0119 charakterystyki dotycz\u0105c\u0105 danej mieszaniny.<\/p>\n<p>&nbsp;<\/p>\n<h2 style=\"text-align: justify;\">Karta charakterystyki powinna by\u0107 dostarczana u\u017cytkownikom profesjonalnym w nast\u0119puj\u0105cych przypadkach<\/h2>\n<ul>\n<li style=\"text-align: justify;\">Je\u015bli substancja lub mieszanina jest sklasyfikowana jako niebezpieczna.<\/li>\n<li style=\"text-align: justify;\">Je\u015bli substancja jest trwa\u0142a, bioakumulacyjna i toksyczna (PBT) lub bardzo trwa\u0142a i bardzo bioakumulacyjna zgodnie z kryteriami okre\u015blonymi w za\u0142\u0105czniku XIII do rozporz\u0105dzenia REACH.<\/li>\n<li style=\"text-align: justify;\">Je\u015bli substancja znajduje si\u0119 na li\u015bcie kandydackiej substancji wzbudzaj\u0105cych szczeg\u00f3lnie du\u017ce obawy (SVHC) sporz\u0105dzonej zgodnie z art. 59 ust. 1 rozporz\u0105dzenia REACH.<\/li>\n<\/ul>\n<p>&nbsp;<\/p>\n<h3 style=\"text-align: justify;\">Je\u015bli mieszanina nie jest uznana za niebezpieczn\u0105, klient mo\u017ce za\u017c\u0105da\u0107 karty charakterystyki w nast\u0119puj\u0105cych przypadkach<\/h3>\n<ul>\n<li style=\"text-align: justify;\">Zawiera substancj\u0119 niebezpieczn\u0105 w st\u0119\u017ceniu \u2265 1 % wagowo dla mieszanin niegazowych.<\/li>\n<li style=\"text-align: justify;\">Zawiera substancj\u0119 niebezpieczn\u0105 w st\u0119\u017ceniu \u2265 0,2 % obj\u0119to\u015bciowo dla mieszanin gazowych.<\/li>\n<li style=\"text-align: justify;\">Zawiera, w indywidualnym st\u0119\u017ceniu \u2265 0,1 % wagowo dla mieszanin niegazowych, co najmniej jedn\u0105 substancj\u0119 zaklasyfikowan\u0105 jako rakotw\u00f3rcz\u0105 kategorii 2 lub toksyczn\u0105 dla rozrodczo\u015bci kategorii 1A, 1B i 2, uczulaj\u0105c\u0105 sk\u00f3r\u0119 kategorii 1, uczulaj\u0105c\u0105 drogi oddechowe kategorii 1, maj\u0105c\u0105 wp\u0142yw na lub poprzez laktacj\u0119, albo b\u0119d\u0105c\u0105 PBT zgodnie z kryteriami okre\u015blonymi w za\u0142\u0105czniku XIII, lub vPvB zgodnie z kryteriami okre\u015blonymi w za\u0142\u0105czniku XIII.<\/li>\n<li style=\"text-align: justify;\">Je\u015bli zawiera substancj\u0119 znajduj\u0105c\u0105 si\u0119 na li\u015bcie kandydackiej substancji wzbudzaj\u0105cych szczeg\u00f3lnie du\u017ce obawy (SVHC) sporz\u0105dzonej zgodnie z art. 59 ust. 1 rozporz\u0105dzenia REACH.<\/li>\n<li style=\"text-align: justify;\">Zawiera substancj\u0119, dla kt\u00f3rej ustanowiono unijne graniczne warto\u015bci nara\u017cenia w miejscu pracy.<\/li>\n<\/ul>\n<p>&nbsp;<\/p>\n<p style=\"text-align: justify;\">W przypadkach, w kt\u00f3rych powy\u017csze wyj\u0105tki nie maj\u0105 zastosowania \u2013 a wi\u0119c nie ma potrzeby sporz\u0105dzania karty charakterystyki \u2013 dostawcy musz\u0105 dostarczy\u0107 nast\u0119puj\u0105ce informacje wszystkim swoim dalszym u\u017cytkownikom i dystrybutorom (art. 32 rozporz\u0105dzenia REACH):<\/p>\n<ul>\n<li style=\"text-align: justify;\">Je\u015bli substancja podlega obowi\u0105zkowi uzyskania zezwolenia \u2013 szczeg\u00f3\u0142y dotycz\u0105ce przyznanego zezwolenia lub, je\u015bli zezwolenie nie zosta\u0142o udzielone, odpowiednie informacje dotycz\u0105ce zastosowanych ogranicze\u0144.<\/li>\n<li style=\"text-align: justify;\">Wszelkie istotne informacje o substancji, kt\u00f3re s\u0105 niezb\u0119dne do umo\u017cliwienia identyfikacji i zastosowania odpowiednich \u015brodk\u00f3w zarz\u0105dzania ryzykiem.<\/li>\n<li style=\"text-align: justify;\">Numer(y) rejestracji REACH, je\u015bli s\u0105 dost\u0119pne, dla ka\u017cdej substancji, dla kt\u00f3rej przekazywane s\u0105 informacje zgodnie z powy\u017cszymi punktami.<\/li>\n<\/ul>\n<p>&nbsp;<\/p>\n<p style=\"text-align: justify;\">Nie sporz\u0105dza si\u0119 karty charakterystyki dla substancji lub mieszanin niebezpiecznych przeznaczonych do u\u017cytku konsumenckiego na rynku, je\u015bli dostarczono wystarczaj\u0105cych informacji, aby umo\u017cliwi\u0107 u\u017cytkownikom podj\u0119cie niezb\u0119dnych dzia\u0142a\u0144 w celu ochrony zdrowia ludzkiego, bezpiecze\u0144stwa i \u015brodowiska, chyba \u017ce dalszy u\u017cytkownik lub dystrybutor wyra\u017anie o ni\u0105 poprosi.<\/p>\n<p style=\"text-align: justify;\">Nasz artyku\u0142 o tre\u015bci i elementach formatu karty charakterystyki mo\u017cna znale\u017a\u0107 <a href=\"https:\/\/www.msds-europe.com\/pl\/karty-charakterystyki-clp-czerwiec-2017\/\">tutaj<\/a>.<\/p>\n<p>&nbsp;<\/p>\n<h3 style=\"text-align: justify;\"><span style=\"color: #333333;\">Oferowane us\u0142ugi<\/span><\/h3>\n<ul>\n<li style=\"text-align: justify;\"><a href=\"https:\/\/www.msds-europe.com\/pl\/tlumaczenie-karty-charakterystyki\/\">T\u0142umaczenie kart charakterystyki<\/a><\/li>\n<li style=\"text-align: justify;\"><a href=\"https:\/\/www.msds-europe.com\/pl\/sprawdzenie-aktualizacja-kart-charakterystyk\/\">Przegl\u0105d, aktualizacja kart charakterystyki<\/a><\/li>\n<li style=\"text-align: justify;\"><a href=\"https:\/\/www.msds-europe.com\/pl\/pl-opracowanie-karty-charakterystyki\/\">Sporz\u0105dzanie, tworzenie karty charakterystyki<\/a><\/li>\n<\/ul>\n<p>&nbsp;<\/p>\n<h3><span style=\"color: #333333;\">Szybkie pytania i odpowiedzi<\/span><\/h3>\n<p style=\"text-align: justify;\"><div class=\"su-spoiler su-spoiler-style-fancy su-spoiler-icon-chevron su-spoiler-closed\" data-scroll-offset=\"0\" data-anchor-in-url=\"no\"><div class=\"su-spoiler-title\" tabindex=\"0\" role=\"button\"><span class=\"su-spoiler-icon\"><\/span>Dlaczego karta charakterystyki jest wa\u017cnym narz\u0119dziem komunikacji w \u0142a\u0144cuchu dostaw?<\/div><div class=\"su-spoiler-content su-u-clearfix su-u-trim\">\nPoniewa\u017c jednolicie przekazuje zagro\u017cenia i niezb\u0119dne \u015brodki zarz\u0105dzania ryzykiem wszystkim uczestnikom, pomagaj\u0105c im w wype\u0142nianiu obowi\u0105zk\u00f3w prawnych.<br \/>\n<\/div><\/div>\n<p style=\"text-align: justify;\"><div class=\"su-spoiler su-spoiler-style-fancy su-spoiler-icon-chevron su-spoiler-closed\" data-scroll-offset=\"0\" data-anchor-in-url=\"no\"><div class=\"su-spoiler-title\" tabindex=\"0\" role=\"button\"><span class=\"su-spoiler-icon\"><\/span>Co nale\u017cy zrobi\u0107, je\u015bli scenariusz nara\u017cenia nie obejmuje zamierzonego zastosowania?<\/div><div class=\"su-spoiler-content su-u-clearfix su-u-trim\">\nSkontaktowa\u0107 si\u0119 z dostawc\u0105 w celu rozszerzenia; w przeciwnym razie dalszy u\u017cytkownik musi przygotowa\u0107 w\u0142asny raport bezpiecze\u0144stwa chemicznego.<br \/>\n<\/div><\/div>\n<p style=\"text-align: justify;\"><div class=\"su-spoiler su-spoiler-style-fancy su-spoiler-icon-chevron su-spoiler-closed\" data-scroll-offset=\"0\" data-anchor-in-url=\"no\"><div class=\"su-spoiler-title\" tabindex=\"0\" role=\"button\"><span class=\"su-spoiler-icon\"><\/span>Co nale\u017cy sprawdzi\u0107 po otrzymaniu karty charakterystyki i jaki termin obowi\u0105zuje na spe\u0142nienie obowi\u0105zk\u00f3w?<\/div><div class=\"su-spoiler-content su-u-clearfix su-u-trim\">\nSprawdzi\u0107 numer rejestracji REACH, informacje o zagro\u017ceniach\/\u015brodkach zarz\u0105dzania ryzykiem oraz wszelkie obowi\u0105zki dotycz\u0105ce zezwole\u0144 lub ogranicze\u0144; je\u015bli podano numer rejestracji REACH, dalsi u\u017cytkownicy maj\u0105 12 miesi\u0119cy na spe\u0142nienie wymog\u00f3w REACH.<br \/>\n<\/div><\/div>\n<p style=\"text-align: justify;\"><div class=\"su-spoiler su-spoiler-style-fancy su-spoiler-icon-chevron su-spoiler-closed\" data-scroll-offset=\"0\" data-anchor-in-url=\"no\"><div class=\"su-spoiler-title\" tabindex=\"0\" role=\"button\"><span class=\"su-spoiler-icon\"><\/span>Kiedy obowi\u0105zkowe jest dostarczenie karty charakterystyki i czy mo\u017cna jej za\u017c\u0105da\u0107, nawet je\u015bli mieszanina nie jest niebezpieczna?<\/div><div class=\"su-spoiler-content su-u-clearfix su-u-trim\">\nJest obowi\u0105zkowa dla substancji\/mieszanin niebezpiecznych, PBT\/vPvB lub znajduj\u0105cych si\u0119 na li\u015bcie kandydackiej substancji wzbudzaj\u0105cych szczeg\u00f3lnie du\u017ce obawy (SVHC); mo\u017cna jej r\u00f3wnie\u017c za\u017c\u0105da\u0107 dla mieszanin nieuznanych za niebezpieczne, je\u015bli zawieraj\u0105 okre\u015blone ilo\u015bci substancji niebezpiecznych, PBT\/vPvB, SVHC lub substancji obj\u0119tych unijnymi granicznymi warto\u015bciami nara\u017cenia w miejscu pracy.<br \/>\n<\/div><\/div>\n<p>&nbsp;<\/p>\n","protected":false},"excerpt":{"rendered":"<p>Baza wiedzy o kartach charakterystyki \u2013 O karcie charakterystyki dla dalszych u\u017cytkownik\u00f3w &nbsp; Karta charakterystyki jako narz\u0119dzie komunikacji Karty charakterystyki s\u0105 wa\u017cnymi narz\u0119dziami komunikacji w \u0142a\u0144cuchu dostaw. Pomagaj\u0105 wszystkim uczestnikom \u0142a\u0144cucha dostaw wype\u0142nia\u0107 swoje obowi\u0105zki zwi\u0105zane z zarz\u0105dzaniem ryzykiem wynikaj\u0105cym ze stosowania substancji i mieszanin. Dalsi u\u017cytkownicy s\u0105 informowani w&#8230;<\/p>\n","protected":false},"author":2,"featured_media":0,"parent":0,"menu_order":0,"comment_status":"closed","ping_status":"closed","template":"","meta":{"_acf_changed":false,"footnotes":""},"tags":[361,261],"class_list":["post-34586","page","type-page","status-publish","hentry","tag-baza-wiedzy-karta-charakterystyk","tag-karta-charakterystyki"],"acf":[],"yoast_head":"<!-- This site is optimized with the Yoast SEO plugin v27.2 - https:\/\/yoast.com\/product\/yoast-seo-wordpress\/ -->\n<title>Przydatne informacje dla dalszych u\u017cytkownik\u00f3w SDS<\/title>\n<meta name=\"description\" content=\"Zadania dalszych u\u017cytkownik\u00f3w w zwi\u0105zku z otrzyman\u0105 kart\u0105 charakterystyki. Co zrobi\u0107, je\u015bli nie otrzymasz SDS.\" \/>\n<meta name=\"robots\" content=\"index, follow, max-snippet:-1, max-image-preview:large, max-video-preview:-1\" \/>\n<link rel=\"canonical\" href=\"https:\/\/www.msds-europe.com\/pl\/informacje-o-sds-dla-uzytkownikow-dalszych\/\" \/>\n<meta property=\"og:locale\" content=\"pl_PL\" \/>\n<meta property=\"og:type\" content=\"article\" \/>\n<meta property=\"og:title\" content=\"Przydatne informacje dla dalszych u\u017cytkownik\u00f3w SDS\" \/>\n<meta property=\"og:description\" content=\"Zadania dalszych u\u017cytkownik\u00f3w w zwi\u0105zku z otrzyman\u0105 kart\u0105 charakterystyki. Co zrobi\u0107, je\u015bli nie otrzymasz SDS.\" \/>\n<meta property=\"og:url\" content=\"https:\/\/www.msds-europe.com\/pl\/informacje-o-sds-dla-uzytkownikow-dalszych\/\" \/>\n<meta property=\"og:site_name\" content=\"MSDS Europe\" \/>\n<meta property=\"article:publisher\" content=\"https:\/\/www.facebook.com\/toxinfokft\/\" \/>\n<meta property=\"article:modified_time\" content=\"2026-04-22T12:23:36+00:00\" \/>\n<meta name=\"twitter:card\" content=\"summary_large_image\" \/>\n<meta name=\"twitter:site\" content=\"@ToxInfoKft\" \/>\n<meta name=\"twitter:label1\" content=\"Szacowany czas czytania\" \/>\n\t<meta name=\"twitter:data1\" content=\"5 minut\" \/>\n<script type=\"application\/ld+json\" class=\"yoast-schema-graph\">{\"@context\":\"https:\/\/schema.org\",\"@graph\":[{\"@type\":\"WebPage\",\"@id\":\"https:\/\/www.msds-europe.com\/pl\/informacje-o-sds-dla-uzytkownikow-dalszych\/\",\"url\":\"https:\/\/www.msds-europe.com\/pl\/informacje-o-sds-dla-uzytkownikow-dalszych\/\",\"name\":\"Przydatne informacje dla dalszych u\u017cytkownik\u00f3w SDS\",\"isPartOf\":{\"@id\":\"https:\/\/www.msds-europe.com\/es\/#website\"},\"datePublished\":\"2025-09-01T12:04:51+00:00\",\"dateModified\":\"2026-04-22T12:23:36+00:00\",\"description\":\"Zadania dalszych u\u017cytkownik\u00f3w w zwi\u0105zku z otrzyman\u0105 kart\u0105 charakterystyki. Co zrobi\u0107, je\u015bli nie otrzymasz SDS.\",\"breadcrumb\":{\"@id\":\"https:\/\/www.msds-europe.com\/pl\/informacje-o-sds-dla-uzytkownikow-dalszych\/#breadcrumb\"},\"inLanguage\":\"pl-PL\",\"potentialAction\":[{\"@type\":\"ReadAction\",\"target\":[\"https:\/\/www.msds-europe.com\/pl\/informacje-o-sds-dla-uzytkownikow-dalszych\/\"]}]},{\"@type\":\"BreadcrumbList\",\"@id\":\"https:\/\/www.msds-europe.com\/pl\/informacje-o-sds-dla-uzytkownikow-dalszych\/#breadcrumb\",\"itemListElement\":[{\"@type\":\"ListItem\",\"position\":1,\"name\":\"F\u0151oldal\",\"item\":\"https:\/\/www.msds-europe.com\/pl\/\"},{\"@type\":\"ListItem\",\"position\":2,\"name\":\"Przydatne informacje dla dalszych u\u017cytkownik\u00f3w dotycz\u0105ce kart charakterystyki\"}]},{\"@type\":\"WebSite\",\"@id\":\"https:\/\/www.msds-europe.com\/es\/#website\",\"url\":\"https:\/\/www.msds-europe.com\/es\/\",\"name\":\"MSDS Europe\",\"description\":\"\",\"publisher\":{\"@id\":\"https:\/\/www.msds-europe.com\/es\/#organization\"},\"potentialAction\":[{\"@type\":\"SearchAction\",\"target\":{\"@type\":\"EntryPoint\",\"urlTemplate\":\"https:\/\/www.msds-europe.com\/es\/?s={search_term_string}\"},\"query-input\":{\"@type\":\"PropertyValueSpecification\",\"valueRequired\":true,\"valueName\":\"search_term_string\"}}],\"inLanguage\":\"pl-PL\"},{\"@type\":\"Organization\",\"@id\":\"https:\/\/www.msds-europe.com\/es\/#organization\",\"name\":\"MSDS-Europe International branch of ToxInfo\",\"url\":\"https:\/\/www.msds-europe.com\/es\/\",\"logo\":{\"@type\":\"ImageObject\",\"inLanguage\":\"pl-PL\",\"@id\":\"https:\/\/www.msds-europe.com\/es\/#\/schema\/logo\/image\/\",\"url\":\"https:\/\/www.msds-europe.com\/wp-content\/uploads\/2021\/04\/msds-europe-logo.jpg\",\"contentUrl\":\"https:\/\/www.msds-europe.com\/wp-content\/uploads\/2021\/04\/msds-europe-logo.jpg\",\"width\":2296,\"height\":1067,\"caption\":\"MSDS-Europe International branch of ToxInfo\"},\"image\":{\"@id\":\"https:\/\/www.msds-europe.com\/es\/#\/schema\/logo\/image\/\"},\"sameAs\":[\"https:\/\/www.facebook.com\/toxinfokft\/\",\"https:\/\/x.com\/ToxInfoKft\"]}]}<\/script>\n<!-- \/ Yoast SEO plugin. -->","yoast_head_json":{"title":"Przydatne informacje dla dalszych u\u017cytkownik\u00f3w SDS","description":"Zadania dalszych u\u017cytkownik\u00f3w w zwi\u0105zku z otrzyman\u0105 kart\u0105 charakterystyki. Co zrobi\u0107, je\u015bli nie otrzymasz SDS.","robots":{"index":"index","follow":"follow","max-snippet":"max-snippet:-1","max-image-preview":"max-image-preview:large","max-video-preview":"max-video-preview:-1"},"canonical":"https:\/\/www.msds-europe.com\/pl\/informacje-o-sds-dla-uzytkownikow-dalszych\/","og_locale":"pl_PL","og_type":"article","og_title":"Przydatne informacje dla dalszych u\u017cytkownik\u00f3w SDS","og_description":"Zadania dalszych u\u017cytkownik\u00f3w w zwi\u0105zku z otrzyman\u0105 kart\u0105 charakterystyki. Co zrobi\u0107, je\u015bli nie otrzymasz SDS.","og_url":"https:\/\/www.msds-europe.com\/pl\/informacje-o-sds-dla-uzytkownikow-dalszych\/","og_site_name":"MSDS Europe","article_publisher":"https:\/\/www.facebook.com\/toxinfokft\/","article_modified_time":"2026-04-22T12:23:36+00:00","twitter_card":"summary_large_image","twitter_site":"@ToxInfoKft","twitter_misc":{"Szacowany czas czytania":"5 minut"},"schema":{"@context":"https:\/\/schema.org","@graph":[{"@type":"WebPage","@id":"https:\/\/www.msds-europe.com\/pl\/informacje-o-sds-dla-uzytkownikow-dalszych\/","url":"https:\/\/www.msds-europe.com\/pl\/informacje-o-sds-dla-uzytkownikow-dalszych\/","name":"Przydatne informacje dla dalszych u\u017cytkownik\u00f3w SDS","isPartOf":{"@id":"https:\/\/www.msds-europe.com\/es\/#website"},"datePublished":"2025-09-01T12:04:51+00:00","dateModified":"2026-04-22T12:23:36+00:00","description":"Zadania dalszych u\u017cytkownik\u00f3w w zwi\u0105zku z otrzyman\u0105 kart\u0105 charakterystyki. Co zrobi\u0107, je\u015bli nie otrzymasz SDS.","breadcrumb":{"@id":"https:\/\/www.msds-europe.com\/pl\/informacje-o-sds-dla-uzytkownikow-dalszych\/#breadcrumb"},"inLanguage":"pl-PL","potentialAction":[{"@type":"ReadAction","target":["https:\/\/www.msds-europe.com\/pl\/informacje-o-sds-dla-uzytkownikow-dalszych\/"]}]},{"@type":"BreadcrumbList","@id":"https:\/\/www.msds-europe.com\/pl\/informacje-o-sds-dla-uzytkownikow-dalszych\/#breadcrumb","itemListElement":[{"@type":"ListItem","position":1,"name":"F\u0151oldal","item":"https:\/\/www.msds-europe.com\/pl\/"},{"@type":"ListItem","position":2,"name":"Przydatne informacje dla dalszych u\u017cytkownik\u00f3w dotycz\u0105ce kart charakterystyki"}]},{"@type":"WebSite","@id":"https:\/\/www.msds-europe.com\/es\/#website","url":"https:\/\/www.msds-europe.com\/es\/","name":"MSDS Europe","description":"","publisher":{"@id":"https:\/\/www.msds-europe.com\/es\/#organization"},"potentialAction":[{"@type":"SearchAction","target":{"@type":"EntryPoint","urlTemplate":"https:\/\/www.msds-europe.com\/es\/?s={search_term_string}"},"query-input":{"@type":"PropertyValueSpecification","valueRequired":true,"valueName":"search_term_string"}}],"inLanguage":"pl-PL"},{"@type":"Organization","@id":"https:\/\/www.msds-europe.com\/es\/#organization","name":"MSDS-Europe International branch of ToxInfo","url":"https:\/\/www.msds-europe.com\/es\/","logo":{"@type":"ImageObject","inLanguage":"pl-PL","@id":"https:\/\/www.msds-europe.com\/es\/#\/schema\/logo\/image\/","url":"https:\/\/www.msds-europe.com\/wp-content\/uploads\/2021\/04\/msds-europe-logo.jpg","contentUrl":"https:\/\/www.msds-europe.com\/wp-content\/uploads\/2021\/04\/msds-europe-logo.jpg","width":2296,"height":1067,"caption":"MSDS-Europe International branch of ToxInfo"},"image":{"@id":"https:\/\/www.msds-europe.com\/es\/#\/schema\/logo\/image\/"},"sameAs":["https:\/\/www.facebook.com\/toxinfokft\/","https:\/\/x.com\/ToxInfoKft"]}]}},"_links":{"self":[{"href":"https:\/\/www.msds-europe.com\/pl\/wp-json\/wp\/v2\/pages\/34586","targetHints":{"allow":["GET"]}}],"collection":[{"href":"https:\/\/www.msds-europe.com\/pl\/wp-json\/wp\/v2\/pages"}],"about":[{"href":"https:\/\/www.msds-europe.com\/pl\/wp-json\/wp\/v2\/types\/page"}],"author":[{"embeddable":true,"href":"https:\/\/www.msds-europe.com\/pl\/wp-json\/wp\/v2\/users\/2"}],"replies":[{"embeddable":true,"href":"https:\/\/www.msds-europe.com\/pl\/wp-json\/wp\/v2\/comments?post=34586"}],"version-history":[{"count":8,"href":"https:\/\/www.msds-europe.com\/pl\/wp-json\/wp\/v2\/pages\/34586\/revisions"}],"predecessor-version":[{"id":39006,"href":"https:\/\/www.msds-europe.com\/pl\/wp-json\/wp\/v2\/pages\/34586\/revisions\/39006"}],"wp:attachment":[{"href":"https:\/\/www.msds-europe.com\/pl\/wp-json\/wp\/v2\/media?parent=34586"}],"wp:term":[{"taxonomy":"post_tag","embeddable":true,"href":"https:\/\/www.msds-europe.com\/pl\/wp-json\/wp\/v2\/tags?post=34586"}],"curies":[{"name":"wp","href":"https:\/\/api.w.org\/{rel}","templated":true}]}}