{"id":34529,"date":"2025-08-29T13:06:22","date_gmt":"2025-08-29T13:06:22","guid":{"rendered":"https:\/\/www.msds-europe.com\/?page_id=34529"},"modified":"2026-03-03T11:28:44","modified_gmt":"2026-03-03T11:28:44","slug":"karty-charakterystyki-clp-czerwiec-2017","status":"publish","type":"page","link":"https:\/\/www.msds-europe.com\/pl\/karty-charakterystyki-clp-czerwiec-2017\/","title":{"rendered":"Wp\u0142yw rozporz\u0105dzenia CLP na karty charakterystyki"},"content":{"rendered":"<p style=\"text-align: right;\"><em><a href=\"https:\/\/www.msds-europe.com\/\">MSDS-Europe<\/a> \u2013 <a href=\"https:\/\/www.msds-europe.com\/pl\/przydatne-materialy-pomocnicze-i-wskazowki-dla-kart-charakterystyk\/\">Baza wiedzy o kartach charakterystyki<\/a><\/em> \u2013 <em>Wp\u0142yw rozporz\u0105dzenia CLP na karty charakterystyki<\/em><\/p>\n<p>&nbsp;<\/p>\n<p style=\"text-align: justify;\"><strong>Wraz z wej\u015bciem w \u017cycie rozporz\u0105dzenia CLP wymagania dotycz\u0105ce kart charakterystyki uleg\u0142y zmianie, a nowy system klasyfikacji i oznakowania zast\u0105pi\u0142 dotychczasowy system DPD\/DSD.<\/strong> <strong>W odr\u00f3\u017cnieniu od poprzednich przepis\u00f3w system CLP wykorzystuje klasy zagro\u017cenia oraz dwa has\u0142a ostrzegawcze \u2013 \u201eNiebezpiecze\u0144stwo\u201d i \u201eUwaga\u201d.<\/strong><\/p>\n<p style=\"text-align: justify;\"><strong>Wymagania dotycz\u0105ce tre\u015bci i formatu kart charakterystyki w UE okre\u015bla za\u0142\u0105cznik II do rozporz\u0105dzenia REACH, aktualnie w brzmieniu nadanym rozporz\u0105dzeniem Komisji (UE) 2020\/878. Rozporz\u0105dzenie (UE) 2015\/830 obowi\u0105zywa\u0142o w okresie przej\u015bciowym i mog\u0142o by\u0107 stosowane do 31 grudnia 2022 r.<\/strong><\/p>\n<p style=\"text-align: justify;\"><strong>Wprowadzenie CLP na\u0142o\u017cy\u0142o dodatkowe obowi\u0105zki na firmy zajmuj\u0105ce si\u0119 chemikaliami, dlatego warto by\u0142o odpowiednio wcze\u015bnie przygotowa\u0107 si\u0119 na zmiany.<\/strong><\/p>\n<p>&nbsp;<\/p>\n<ul>\n<li style=\"text-align: justify;\">Wp\u0142yw zmian legislacyjnych na karty charakterystyki<\/li>\n<li style=\"text-align: justify;\">Ustawa o bezpiecze\u0144stwie chemicznym \u2013 klasyfikacja DSD\/DPD<\/li>\n<li style=\"text-align: justify;\">REACH i jego wp\u0142yw na karty charakterystyki<\/li>\n<li style=\"text-align: justify;\">CLP \u2013 wdro\u017cenie GHS do prawa UE<\/li>\n<li style=\"text-align: justify;\">Wp\u0142yw rozporz\u0105dzenia Komisji (UE) nr 453\/2010<\/li>\n<li style=\"text-align: justify;\">Wymagania dotycz\u0105ce SDS: rozporz\u0105dzenie Komisji (UE) 2020\/878<\/li>\n<li style=\"text-align: justify;\">Terminy<\/li>\n<li style=\"text-align: justify;\">Przysz\u0142o\u015b\u0107\u2026<\/li>\n<\/ul>\n<p>&nbsp;<\/p>\n<p style=\"text-align: justify;\"><strong>31 maja 2017 r.<\/strong> by\u0142 ostatnim dniem okresu przej\u015bciowego dla niekt\u00f3rych mieszanin ju\u017c znajduj\u0105cych si\u0119 na rynku.<\/p>\n<p style=\"text-align: justify;\">Na mocy art. 62 rozporz\u0105dzenia (WE) nr 1272\/2008 ka\u017cda mieszanina mo\u017ce by\u0107 wprowadzona do obrotu wy\u0142\u0105cznie z etykietami i opakowaniami zgodnymi z CLP oraz z kart\u0105 charakterystyki zawieraj\u0105c\u0105 prawid\u0142ow\u0105 klasyfikacj\u0119.<\/p>\n<p style=\"text-align: justify;\">Wprowadzenie CLP zako\u0144czy\u0142o d\u0142ugi proces przej\u015bciowy i przynios\u0142o (oraz nadal przynosi) du\u017ce wyzwania dla firm pracuj\u0105cych z chemikaliami i mieszaninami.<\/p>\n<p>&nbsp;<\/p>\n<h2 style=\"text-align: justify;\">Wp\u0142yw zmian legislacyjnych na karty charakterystyki<\/h2>\n<p style=\"text-align: justify;\">W ci\u0105gu ostatnich kilkunastu lat W\u0119gry i inne pa\u0144stwa cz\u0142onkowskie UE do\u015bwiadczy\u0142y szybko zmieniaj\u0105cego si\u0119 otoczenia regulacyjnego w zakresie bezpiecze\u0144stwa chemicznego. Wymogi dotycz\u0105ce tre\u015bci i formatu kart charakterystyki uleg\u0142y znacz\u0105cym zmianom zar\u00f3wno dla substancji, jak i mieszanin.<\/p>\n<p style=\"text-align: justify;\">Karty charakterystyki musz\u0105 zawsze by\u0107 zgodne z aktualnymi przepisami \u2013 nie jest to \u0142atwe zadanie, bior\u0105c pod uwag\u0119 wymagan\u0105 wiedz\u0119 techniczn\u0105.<\/p>\n<p style=\"text-align: justify;\">Od ponad 20 lat ToxInfo Kft. pomaga partnerom w spe\u0142nianiu tych wymog\u00f3w, zdobywaj\u0105c bezpo\u015brednie do\u015bwiadczenie we wdra\u017caniu kolejnych zmian regulacyjnych.<\/p>\n<p style=\"text-align: justify;\">Artyku\u0142 omawia kluczowe zmiany z przesz\u0142o\u015bci i zbli\u017caj\u0105cych si\u0119 etap\u00f3w regulacyjnych, \u017cegnaj\u0105c si\u0119 z dobrze znanymi pomara\u0144czowymi symbolami zagro\u017cenia.<\/p>\n<p>&nbsp;<\/p>\n<h3 style=\"text-align: justify;\">Ustawa o bezpiecze\u0144stwie chemicznym \u2013 klasyfikacja DSD\/DPD<\/h3>\n<p style=\"text-align: justify;\">W szczeg\u00f3lno\u015bci Dyrektywa 67\/548\/EWG dotycz\u0105ca substancji niebezpiecznych (DSD) i Dyrektywa 1999\/45\/WE dotycz\u0105ca preparat\u00f3w niebezpiecznych (DPD), obie wdro\u017cone na W\u0119grzech do <a href=\"https:\/\/www.msds-europe.com\/pl\/zmiany-przepisow-bezpieczenstwa-chemicznego\/\">Ustawy XXV z 2000 r.<\/a> i jej <a href=\"https:\/\/www.msds-europe.com\/pl\/zmiany-przepisow-bezpieczenstwa-chemicznego\/\">rozporz\u0105dzenia wykonawczego 44\/2000<\/a>.<\/p>\n<p style=\"text-align: justify;\">By\u0142 to pierwszy na W\u0119grzech system klasyfikacji i oznakowania zgodny z UE. Nawet przed przyst\u0105pieniem do UE kraj przyj\u0105\u0142 jednolite oznakowanie Unii.<\/p>\n<p style=\"text-align: justify;\">Karty charakterystyki i etykiety zawiera\u0142y zwroty R i zwroty S oraz czarne symbole zagro\u017cenia na pomara\u0144czowym tle.<\/p>\n<p style=\"text-align: justify;\">Pomimo p\u00f3\u017aniejszych zmian klasyfikacja DPD mog\u0142a nadal pojawia\u0107 si\u0119 w kartach charakterystyki dla niekt\u00f3rych mieszanin \u2013 ale tylko do 1 czerwca 2017 r.<\/p>\n<p>&nbsp;<\/p>\n<h3 style=\"text-align: justify;\">REACH i jego wp\u0142yw na karty charakterystyki<\/h3>\n<p style=\"text-align: justify;\">Rozporz\u0105dzenie REACH UE (Rejestracja, Ocena, Udzielanie zezwole\u0144 i Stosowanie ogranicze\u0144 w zakresie chemikali\u00f3w) zast\u0105pi\u0142o wiele wcze\u015bniejszych dyrektyw jednym aktem prawnym obejmuj\u0105cym wszystkich uczestnik\u00f3w \u0142a\u0144cucha dostaw. Wesz\u0142o w \u017cycie 1 czerwca 2007 r., a za\u0142\u0105cznik II okre\u015bla format i zawarto\u015b\u0107 kart charakterystyki.<\/p>\n<p style=\"text-align: justify;\">W tym samym okresie prace nad og\u00f3lno\u015bwiatowym systemem GHS (Globalnie Zharmonizowany System Klasyfikacji i Oznakowania Chemikali\u00f3w) by\u0142y ju\u017c zaawansowane.<\/p>\n<p>&nbsp;<\/p>\n<h3 style=\"text-align: justify;\">CLP \u2013 wdro\u017cenie GHS do prawa UE<\/h3>\n<p style=\"text-align: justify;\">Kolejnym kamieniem milowym by\u0142o rozporz\u0105dzenie (WE) nr 1272\/2008 (CLP), czyli europejskie wdro\u017cenie GHS.<\/p>\n<p style=\"text-align: justify;\">CLP wprowadzi\u0142o nowy system klasyfikacji i etykietowania dla substancji i mieszanin, wymuszaj\u0105c dostosowanie etykiet oraz kart charakterystyki w okre\u015blonych terminach.<\/p>\n<p style=\"text-align: justify;\">Tradycyjne symbole zosta\u0142y zast\u0105pione <a href=\"https:\/\/www.msds-europe.com\/pl\/piktogram-zagrozeniu\/\">piktogramami zagro\u017cenia<\/a> w kszta\u0142cie rombu z czerwon\u0105 obw\u00f3dk\u0105. Wprowadzono r\u00f3wnie\u017c klasy zagro\u017cenia, kategorie oraz dwa has\u0142a ostrzegawcze \u2013 \u201eNiebezpiecze\u0144stwo\u201d i \u201eUwaga\u201d.<\/p>\n<p style=\"text-align: justify;\">Zwroty R i S zosta\u0142y zast\u0105pione <a href=\"https:\/\/www.msds-europe.com\/pl\/zwroty-wskazujace-rodzaj-zagrozenia-h\/\">zwrotami wskazuj\u0105cymi rodzaj zagro\u017cenia (H)<\/a> oraz <a href=\"https:\/\/www.msds-europe.com\/pl\/zwroty-wskazujace-srodki-ostroznosci-p\/\">zwrotami wskazuj\u0105cymi \u015brodki ostro\u017cno\u015bci (P)<\/a>; zwroty EUH zosta\u0142y zachowane tam, gdzie GHS nie mia\u0142 odpowiednik\u00f3w.<\/p>\n<p>&nbsp;<\/p>\n<h3 style=\"text-align: justify;\">Wp\u0142yw rozporz\u0105dzenia Komisji (UE) nr 453\/2010<\/h3>\n<p style=\"text-align: justify;\">Rozporz\u0105dzenie Komisji (UE) nr 453\/2010 zmieni\u0142o za\u0142\u0105cznik II do REACH i uczyni\u0142o zasady dotycz\u0105ce tre\u015bci wynikaj\u0105ce z CLP obowi\u0105zuj\u0105cymi w kartach charakterystyki.<\/p>\n<p style=\"text-align: justify;\">Od 1 grudnia 2010 r. substancje musia\u0142y by\u0107 zgodne z CLP; dla mieszanin termin ten up\u0142yn\u0105\u0142 1 czerwca 2015 r., z wyd\u0142u\u017conym okresem przej\u015bciowym trwaj\u0105cym w niekt\u00f3rych przypadkach do 1 czerwca 2017 r.<\/p>\n<p style=\"text-align: justify;\">Po 1 czerwca 2015 r. CLP sta\u0142o si\u0119 obowi\u0105zkowe, jednak do 1 czerwca 2017 r. dopuszczono nadal obr\u00f3t niekt\u00f3rymi mieszaninami ju\u017c znajduj\u0105cymi si\u0119 na rynku (zgodnie z warunkami okresu przej\u015bciowego).<\/p>\n<p>&nbsp;<\/p>\n<h3 style=\"text-align: justify;\">Wymagania dotycz\u0105ce SDS: rozporz\u0105dzenie Komisji (UE) 2020\/878<\/h3>\n<p style=\"text-align: justify;\">Aktualne wymagania dotycz\u0105ce tre\u015bci i formatu kart charakterystyki wynikaj\u0105 z rozporz\u0105dzenia Komisji (UE) <strong>2020\/878<\/strong>, kt\u00f3re zmieni\u0142o za\u0142\u0105cznik II do REACH.<\/p>\n<p style=\"text-align: justify;\">Rozporz\u0105dzenie to wesz\u0142o w \u017cycie 1 stycznia 2021 r., a okres przej\u015bciowy dla kart sporz\u0105dzonych wed\u0142ug wcze\u015bniejszych zasad zako\u0144czy\u0142 si\u0119 31 grudnia 2022 r.<\/p>\n<p style=\"text-align: justify;\"><a href=\"https:\/\/www.msds-europe.com\/pl\/kompilacja-tworzenie-karty-charakterystyki\/\">Utw\u00f3rz now\u0105 kart\u0119 charakterystyki<\/a> lub <a href=\"https:\/\/www.msds-europe.com\/pl\/sprawdzenie-aktualizacja-kart-charakterystyk\/\">zaktualizuj istniej\u0105c\u0105 kart\u0119 charakterystyki<\/a> zgodnie z <a href=\"https:\/\/www.msds-europe.com\/pl\/zmiany-przepisow-bezpieczenstwa-chemicznego\/\">rozporz\u0105dzeniem (UE) 2020\/878<\/a>.<\/p>\n<p class=\"title_1\" style=\"text-align: right;\"><a href=\"https:\/\/www.msds-europe.com\/pl\/zawarto%c5%9b%c4%87-i-elementy-formalne-karty-charakterystyki\/\"><em>Szczeg\u00f3\u0142owe informacje o tre\u015bci i formacie kart charakterystyki zgodnych z 2020\/878<\/em><\/a><\/p>\n<p>&nbsp;<\/p>\n<h2 style=\"text-align: justify;\">TERMINY<\/h2>\n<p style=\"text-align: justify;\"><strong>Do 1 czerwca 2017 r.:<\/strong><\/p>\n<p style=\"text-align: justify;\">Mieszaniny sklasyfikowane zgodnie z DPD przed 1 czerwca 2015 r. mog\u0142y by\u0107 nadal dostarczane z oznakowaniem DPD do 1 czerwca 2017 r., po czym CLP sta\u0142o si\u0119 obowi\u0105zkowe.<\/p>\n<p>&nbsp;<\/p>\n<p style=\"text-align: justify;\"><strong>Po 31 maja 2017 r.:<\/strong> <em>1 czerwca 2017 r. \u2013 po\u017cegnanie z oznakowaniem DPD<\/em><\/p>\n<p style=\"text-align: justify;\">Wa\u017cne: po 31 maja 2017 r. nie ma okresu przej\u015bciowego \u2013 produkty oznakowane DPD nie s\u0105 ju\u017c dozwolone.<\/p>\n<p style=\"text-align: justify;\">Przygotuj si\u0119 wcze\u015bniej: skontroluj stany magazynowe, wycofaj produkty oznakowane DPD lub przeetykietuj je we w\u0142asnym zakresie.<\/p>\n<p style=\"text-align: justify;\">Oznakowanie musi zawsze odpowiada\u0107 karcie charakterystyki; aktualizacja karty charakterystyki jest pierwszym krokiem w ka\u017cdej zmianie.<\/p>\n<p style=\"text-align: right;\"><em>FAQ \u2013 <a href=\"https:\/\/www.msds-europe.com\/pl\/najczesciej-zadawane-pytania-dotyczace-bezpieczenstwa-chemicznego\/\">Najcz\u0119\u015bciej zadawane pytania dotycz\u0105ce bezpiecze\u0144stwa chemicznego<\/a><\/em><\/p>\n<p>&nbsp;<\/p>\n<h2 style=\"text-align: justify;\">Przysz\u0142o\u015b\u0107\u2026<\/h2>\n<p style=\"text-align: justify;\">DPD znikn\u0119\u0142o po d\u0142ugim okresie przej\u015bciowym, ale karty charakterystyki nadal si\u0119 rozwijaj\u0105. Poza d\u0105\u017ceniem do globalnej harmonizacji, lokalne przepisy b\u0119d\u0105 nadal odgrywa\u0107 wa\u017cn\u0105 rol\u0119.<\/p>\n<p style=\"text-align: justify;\">Niestety, obci\u0105\u017cenia dla firm zajmuj\u0105cych si\u0119 chemikaliami raczej si\u0119 nie zmniejsz\u0105.<\/p>\n<p>&nbsp;<\/p>\n<h4><span style=\"color: #333333;\">Rekomendacje us\u0142ug<\/span><\/h4>\n<ul>\n<li>Aktualizacja kart charakterystyki zgodnie z aktualnymi wymogami REACH\/CLP (w tym rozporz\u0105dzenia (UE) 2020\/878)<\/li>\n<li>Przygotowanie <a href=\"https:\/\/www.msds-europe.com\/pl\/tworzenie-projektu-etykiety\/\">projekt\u00f3w etykiet CLP<\/a><\/li>\n<li><a href=\"https:\/\/www.msds-europe.com\/pl\/zapytanie-ofertowe-karte-charakterystyki\/\">Konsultacje<\/a> w zakresie zgodno\u015bci z CLP<\/li>\n<\/ul>\n<p>&nbsp;<\/p>\n<h4><span style=\"color: #333333;\">Przydatne artyku\u0142y<\/span><\/h4>\n<ul>\n<li><a title=\"Zwroty wskazuj\u0105ce \u015brodki ostro\u017cno\u015bci (P)\" href=\"https:\/\/www.msds-europe.com\/pl\/zwroty-wskazujace-srodki-ostroznosci-p\/\">Zwroty wskazuj\u0105ce \u015brodki ostro\u017cno\u015bci (P)<\/a><\/li>\n<li><a title=\"Zwroty wskazuj\u0105ce rodzaj zagro\u017cenia (H)\" href=\"https:\/\/www.msds-europe.com\/pl\/zwroty-wskazujace-rodzaj-zagrozenia-h\/\">Zwroty wskazuj\u0105ce rodzaj zagro\u017cenia (H)<\/a><\/li>\n<li><a href=\"https:\/\/www.msds-europe.com\/pl\/piktogram-zagrozeniu\/\">Piktogramy zagro\u017cenia<\/a><\/li>\n<li><a title=\"Tre\u015b\u0107 i format karty charakterystyki\" href=\"https:\/\/www.msds-europe.com\/pl\/zawarto%c5%9b%c4%87-i-elementy-formalne-karty-charakterystyki\/\">Tre\u015b\u0107 i format karty charakterystyki<\/a><\/li>\n<li><a title=\"Opracowywanie karty charakterystyki\" href=\"https:\/\/www.msds-europe.com\/pl\/kompilacja-tworzenie-karty-charakterystyki\/\">Opracowywanie karty charakterystyki<\/a><\/li>\n<li><a title=\"Skr\u00f3ty i akronimy w kartach charakterystyki\" href=\"https:\/\/www.msds-europe.com\/pl\/karta-charakterystyki-skroty-obja%c5%9bnienia\/\">Skr\u00f3ty i akronimy w kartach charakterystyki<\/a><\/li>\n<li>FAQ \u2013 <a href=\"https:\/\/www.msds-europe.com\/pl\/najczesciej-zadawane-pytania-dotyczace-bezpieczenstwa-chemicznego\/\">Najcz\u0119\u015bciej zadawane pytania dotycz\u0105ce bezpiecze\u0144stwa chemicznego<\/a><\/li>\n<\/ul>\n<p>&nbsp;<\/p>\n<h4><span data-teams=\"true\">Szybkie pytania i odpowiedzi<\/span><\/h4>\n<div class=\"su-spoiler su-spoiler-style-fancy su-spoiler-icon-chevron su-spoiler-closed\" data-scroll-offset=\"0\" data-anchor-in-url=\"no\"><div class=\"su-spoiler-title\" tabindex=\"0\" role=\"button\"><span class=\"su-spoiler-icon\"><\/span>Od kiedy obowi\u0105zkowe jest stosowanie kart charakterystyki zgodnych z CLP dla mieszanin?<\/div><div class=\"su-spoiler-content su-u-clearfix su-u-trim\">\n<p style=\"text-align: justify;\">Od 1 czerwca 2017 r. mieszaniny wprowadzane do obrotu w UE musz\u0105 by\u0107 dostarczane wy\u0142\u0105cznie z etykietami i kartami charakterystyki zgodnymi z CLP (z uwzgl\u0119dnieniem obowi\u0105zuj\u0105cych wymog\u00f3w za\u0142\u0105cznika II do REACH).<\/p>\n<\/div><\/div>\n<div class=\"su-spoiler su-spoiler-style-fancy su-spoiler-icon-chevron su-spoiler-closed\" data-scroll-offset=\"0\" data-anchor-in-url=\"no\"><div class=\"su-spoiler-title\" tabindex=\"0\" role=\"button\"><span class=\"su-spoiler-icon\"><\/span>Jaka jest r\u00f3\u017cnica mi\u0119dzy systemem DPD\/DSD a systemem CLP w odniesieniu do kart charakterystyki?<\/div><div class=\"su-spoiler-content su-u-clearfix su-u-trim\">\n<p style=\"text-align: justify;\">System CLP wprowadzi\u0142 zharmonizowane piktogramy zagro\u017cenia, zwroty wskazuj\u0105ce rodzaj zagro\u017cenia (H) i zwroty wskazuj\u0105ce \u015brodki ostro\u017cno\u015bci (P) oraz dwa has\u0142a ostrzegawcze (\u201eNiebezpiecze\u0144stwo\u201d i \u201eUwaga\u201d), zast\u0119puj\u0105c dotychczasowy system DPD\/DSD.<\/p>\n<\/div><\/div>\n<div class=\"su-spoiler su-spoiler-style-fancy su-spoiler-icon-chevron su-spoiler-closed\" data-scroll-offset=\"0\" data-anchor-in-url=\"no\"><div class=\"su-spoiler-title\" tabindex=\"0\" role=\"button\"><span class=\"su-spoiler-icon\"><\/span>W jaki spos\u00f3b rozporz\u0105dzenie (UE) 2020\/878 wp\u0142ywa na tre\u015b\u0107 kart charakterystyki?<\/div><div class=\"su-spoiler-content su-u-clearfix su-u-trim\">\n<p style=\"text-align: justify;\">Rozporz\u0105dzenie (UE) 2020\/878 zaktualizowa\u0142o wymagania dotycz\u0105ce struktury i tre\u015bci SDS (za\u0142\u0105cznik II do REACH); od 1 stycznia 2023 r. na rynku powinny znajdowa\u0107 si\u0119 wy\u0142\u0105cznie karty charakterystyki sporz\u0105dzone zgodnie z tymi wymaganiami.<\/p>\n<\/div><\/div>\n","protected":false},"excerpt":{"rendered":"<p>MSDS-Europe \u2013 Baza wiedzy o kartach charakterystyki \u2013 Wp\u0142yw rozporz\u0105dzenia CLP na karty charakterystyki &nbsp; Wraz z wej\u015bciem w \u017cycie rozporz\u0105dzenia CLP wymagania dotycz\u0105ce kart charakterystyki uleg\u0142y zmianie, a nowy system klasyfikacji i oznakowania zast\u0105pi\u0142 dotychczasowy system DPD\/DSD. W odr\u00f3\u017cnieniu od poprzednich przepis\u00f3w system CLP wykorzystuje klasy zagro\u017cenia oraz dwa&#8230;<\/p>\n","protected":false},"author":2,"featured_media":0,"parent":0,"menu_order":0,"comment_status":"closed","ping_status":"closed","template":"","meta":{"_acf_changed":false,"footnotes":""},"tags":[],"class_list":["post-34529","page","type-page","status-publish","hentry"],"acf":[],"yoast_head":"<!-- This site is optimized with the Yoast SEO plugin v27.2 - https:\/\/yoast.com\/product\/yoast-seo-wordpress\/ -->\n<title>Wp\u0142yw rozporz\u0105dzenia CLP na karty charakterystyki<\/title>\n<meta name=\"description\" content=\"Podsumowanie zmian prawnych dotycz\u0105cych formy i wymaga\u0144 dotycz\u0105cych tre\u015bci kart charakterystyki dla mieszanin\" \/>\n<meta name=\"robots\" content=\"index, follow, max-snippet:-1, max-image-preview:large, max-video-preview:-1\" \/>\n<link rel=\"canonical\" href=\"https:\/\/www.msds-europe.com\/pl\/karty-charakterystyki-clp-czerwiec-2017\/\" \/>\n<meta property=\"og:locale\" content=\"pl_PL\" \/>\n<meta property=\"og:type\" content=\"article\" \/>\n<meta property=\"og:title\" content=\"Wp\u0142yw rozporz\u0105dzenia CLP na karty charakterystyki\" \/>\n<meta property=\"og:description\" content=\"Podsumowanie zmian prawnych dotycz\u0105cych formy i wymaga\u0144 dotycz\u0105cych tre\u015bci kart charakterystyki dla mieszanin\" \/>\n<meta property=\"og:url\" content=\"https:\/\/www.msds-europe.com\/pl\/karty-charakterystyki-clp-czerwiec-2017\/\" \/>\n<meta property=\"og:site_name\" content=\"MSDS Europe\" \/>\n<meta property=\"article:publisher\" content=\"https:\/\/www.facebook.com\/toxinfokft\/\" \/>\n<meta property=\"article:modified_time\" content=\"2026-03-03T11:28:44+00:00\" \/>\n<meta name=\"twitter:card\" content=\"summary_large_image\" \/>\n<meta name=\"twitter:site\" content=\"@ToxInfoKft\" \/>\n<meta name=\"twitter:label1\" content=\"Szacowany czas czytania\" \/>\n\t<meta name=\"twitter:data1\" content=\"5 minut\" \/>\n<script type=\"application\/ld+json\" class=\"yoast-schema-graph\">{\"@context\":\"https:\/\/schema.org\",\"@graph\":[{\"@type\":\"WebPage\",\"@id\":\"https:\/\/www.msds-europe.com\/pl\/karty-charakterystyki-clp-czerwiec-2017\/\",\"url\":\"https:\/\/www.msds-europe.com\/pl\/karty-charakterystyki-clp-czerwiec-2017\/\",\"name\":\"Wp\u0142yw rozporz\u0105dzenia CLP na karty charakterystyki\",\"isPartOf\":{\"@id\":\"https:\/\/www.msds-europe.com\/es\/#website\"},\"datePublished\":\"2025-08-29T13:06:22+00:00\",\"dateModified\":\"2026-03-03T11:28:44+00:00\",\"description\":\"Podsumowanie zmian prawnych dotycz\u0105cych formy i wymaga\u0144 dotycz\u0105cych tre\u015bci kart charakterystyki dla mieszanin\",\"breadcrumb\":{\"@id\":\"https:\/\/www.msds-europe.com\/pl\/karty-charakterystyki-clp-czerwiec-2017\/#breadcrumb\"},\"inLanguage\":\"pl-PL\",\"potentialAction\":[{\"@type\":\"ReadAction\",\"target\":[\"https:\/\/www.msds-europe.com\/pl\/karty-charakterystyki-clp-czerwiec-2017\/\"]}]},{\"@type\":\"BreadcrumbList\",\"@id\":\"https:\/\/www.msds-europe.com\/pl\/karty-charakterystyki-clp-czerwiec-2017\/#breadcrumb\",\"itemListElement\":[{\"@type\":\"ListItem\",\"position\":1,\"name\":\"F\u0151oldal\",\"item\":\"https:\/\/www.msds-europe.com\/pl\/\"},{\"@type\":\"ListItem\",\"position\":2,\"name\":\"Wp\u0142yw rozporz\u0105dzenia CLP na karty charakterystyki\"}]},{\"@type\":\"WebSite\",\"@id\":\"https:\/\/www.msds-europe.com\/es\/#website\",\"url\":\"https:\/\/www.msds-europe.com\/es\/\",\"name\":\"MSDS Europe\",\"description\":\"\",\"publisher\":{\"@id\":\"https:\/\/www.msds-europe.com\/es\/#organization\"},\"potentialAction\":[{\"@type\":\"SearchAction\",\"target\":{\"@type\":\"EntryPoint\",\"urlTemplate\":\"https:\/\/www.msds-europe.com\/es\/?s={search_term_string}\"},\"query-input\":{\"@type\":\"PropertyValueSpecification\",\"valueRequired\":true,\"valueName\":\"search_term_string\"}}],\"inLanguage\":\"pl-PL\"},{\"@type\":\"Organization\",\"@id\":\"https:\/\/www.msds-europe.com\/es\/#organization\",\"name\":\"MSDS-Europe International branch of ToxInfo\",\"url\":\"https:\/\/www.msds-europe.com\/es\/\",\"logo\":{\"@type\":\"ImageObject\",\"inLanguage\":\"pl-PL\",\"@id\":\"https:\/\/www.msds-europe.com\/es\/#\/schema\/logo\/image\/\",\"url\":\"https:\/\/www.msds-europe.com\/wp-content\/uploads\/2021\/04\/msds-europe-logo.jpg\",\"contentUrl\":\"https:\/\/www.msds-europe.com\/wp-content\/uploads\/2021\/04\/msds-europe-logo.jpg\",\"width\":2296,\"height\":1067,\"caption\":\"MSDS-Europe International branch of ToxInfo\"},\"image\":{\"@id\":\"https:\/\/www.msds-europe.com\/es\/#\/schema\/logo\/image\/\"},\"sameAs\":[\"https:\/\/www.facebook.com\/toxinfokft\/\",\"https:\/\/x.com\/ToxInfoKft\"]}]}<\/script>\n<!-- \/ Yoast SEO plugin. -->","yoast_head_json":{"title":"Wp\u0142yw rozporz\u0105dzenia CLP na karty charakterystyki","description":"Podsumowanie zmian prawnych dotycz\u0105cych formy i wymaga\u0144 dotycz\u0105cych tre\u015bci kart charakterystyki dla mieszanin","robots":{"index":"index","follow":"follow","max-snippet":"max-snippet:-1","max-image-preview":"max-image-preview:large","max-video-preview":"max-video-preview:-1"},"canonical":"https:\/\/www.msds-europe.com\/pl\/karty-charakterystyki-clp-czerwiec-2017\/","og_locale":"pl_PL","og_type":"article","og_title":"Wp\u0142yw rozporz\u0105dzenia CLP na karty charakterystyki","og_description":"Podsumowanie zmian prawnych dotycz\u0105cych formy i wymaga\u0144 dotycz\u0105cych tre\u015bci kart charakterystyki dla mieszanin","og_url":"https:\/\/www.msds-europe.com\/pl\/karty-charakterystyki-clp-czerwiec-2017\/","og_site_name":"MSDS Europe","article_publisher":"https:\/\/www.facebook.com\/toxinfokft\/","article_modified_time":"2026-03-03T11:28:44+00:00","twitter_card":"summary_large_image","twitter_site":"@ToxInfoKft","twitter_misc":{"Szacowany czas czytania":"5 minut"},"schema":{"@context":"https:\/\/schema.org","@graph":[{"@type":"WebPage","@id":"https:\/\/www.msds-europe.com\/pl\/karty-charakterystyki-clp-czerwiec-2017\/","url":"https:\/\/www.msds-europe.com\/pl\/karty-charakterystyki-clp-czerwiec-2017\/","name":"Wp\u0142yw rozporz\u0105dzenia CLP na karty charakterystyki","isPartOf":{"@id":"https:\/\/www.msds-europe.com\/es\/#website"},"datePublished":"2025-08-29T13:06:22+00:00","dateModified":"2026-03-03T11:28:44+00:00","description":"Podsumowanie zmian prawnych dotycz\u0105cych formy i wymaga\u0144 dotycz\u0105cych tre\u015bci kart charakterystyki dla mieszanin","breadcrumb":{"@id":"https:\/\/www.msds-europe.com\/pl\/karty-charakterystyki-clp-czerwiec-2017\/#breadcrumb"},"inLanguage":"pl-PL","potentialAction":[{"@type":"ReadAction","target":["https:\/\/www.msds-europe.com\/pl\/karty-charakterystyki-clp-czerwiec-2017\/"]}]},{"@type":"BreadcrumbList","@id":"https:\/\/www.msds-europe.com\/pl\/karty-charakterystyki-clp-czerwiec-2017\/#breadcrumb","itemListElement":[{"@type":"ListItem","position":1,"name":"F\u0151oldal","item":"https:\/\/www.msds-europe.com\/pl\/"},{"@type":"ListItem","position":2,"name":"Wp\u0142yw rozporz\u0105dzenia CLP na karty charakterystyki"}]},{"@type":"WebSite","@id":"https:\/\/www.msds-europe.com\/es\/#website","url":"https:\/\/www.msds-europe.com\/es\/","name":"MSDS Europe","description":"","publisher":{"@id":"https:\/\/www.msds-europe.com\/es\/#organization"},"potentialAction":[{"@type":"SearchAction","target":{"@type":"EntryPoint","urlTemplate":"https:\/\/www.msds-europe.com\/es\/?s={search_term_string}"},"query-input":{"@type":"PropertyValueSpecification","valueRequired":true,"valueName":"search_term_string"}}],"inLanguage":"pl-PL"},{"@type":"Organization","@id":"https:\/\/www.msds-europe.com\/es\/#organization","name":"MSDS-Europe International branch of ToxInfo","url":"https:\/\/www.msds-europe.com\/es\/","logo":{"@type":"ImageObject","inLanguage":"pl-PL","@id":"https:\/\/www.msds-europe.com\/es\/#\/schema\/logo\/image\/","url":"https:\/\/www.msds-europe.com\/wp-content\/uploads\/2021\/04\/msds-europe-logo.jpg","contentUrl":"https:\/\/www.msds-europe.com\/wp-content\/uploads\/2021\/04\/msds-europe-logo.jpg","width":2296,"height":1067,"caption":"MSDS-Europe International branch of ToxInfo"},"image":{"@id":"https:\/\/www.msds-europe.com\/es\/#\/schema\/logo\/image\/"},"sameAs":["https:\/\/www.facebook.com\/toxinfokft\/","https:\/\/x.com\/ToxInfoKft"]}]}},"_links":{"self":[{"href":"https:\/\/www.msds-europe.com\/pl\/wp-json\/wp\/v2\/pages\/34529","targetHints":{"allow":["GET"]}}],"collection":[{"href":"https:\/\/www.msds-europe.com\/pl\/wp-json\/wp\/v2\/pages"}],"about":[{"href":"https:\/\/www.msds-europe.com\/pl\/wp-json\/wp\/v2\/types\/page"}],"author":[{"embeddable":true,"href":"https:\/\/www.msds-europe.com\/pl\/wp-json\/wp\/v2\/users\/2"}],"replies":[{"embeddable":true,"href":"https:\/\/www.msds-europe.com\/pl\/wp-json\/wp\/v2\/comments?post=34529"}],"version-history":[{"count":5,"href":"https:\/\/www.msds-europe.com\/pl\/wp-json\/wp\/v2\/pages\/34529\/revisions"}],"predecessor-version":[{"id":37940,"href":"https:\/\/www.msds-europe.com\/pl\/wp-json\/wp\/v2\/pages\/34529\/revisions\/37940"}],"wp:attachment":[{"href":"https:\/\/www.msds-europe.com\/pl\/wp-json\/wp\/v2\/media?parent=34529"}],"wp:term":[{"taxonomy":"post_tag","embeddable":true,"href":"https:\/\/www.msds-europe.com\/pl\/wp-json\/wp\/v2\/tags?post=34529"}],"curies":[{"name":"wp","href":"https:\/\/api.w.org\/{rel}","templated":true}]}}