{"id":34396,"date":"2025-08-15T13:00:33","date_gmt":"2025-08-15T13:00:33","guid":{"rendered":"https:\/\/www.msds-europe.com\/?page_id=34396"},"modified":"2026-02-25T09:54:22","modified_gmt":"2026-02-25T09:54:22","slug":"weryfikacja-sds-karty-charakterystyki","status":"publish","type":"page","link":"https:\/\/www.msds-europe.com\/pl\/weryfikacja-sds-karty-charakterystyki\/","title":{"rendered":"Weryfikacja SDS: co musimy koniecznie sprawdzi\u0107 w kartach charakterystyki"},"content":{"rendered":"<p style=\"text-align: right;\"><em><a href=\"https:\/\/www.msds-europe.com\/pl\/\">MSDS-Europe<\/a> \u2013 Co koniecznie nale\u017cy sprawdzi\u0107 w karcie charakterystyki<\/em><\/p>\n<p style=\"text-align: justify;\">Zanim wymienimy kluczowe punkty, kt\u00f3re nale\u017cy sprawdzi\u0107 w otrzymanej karcie charakterystyki (SDS), zach\u0119camy do zapoznania si\u0119 z naszym artyku\u0142em o <a href=\"https:\/\/www.msds-europe.com\/pl\/warunki-w-ktorych-nalezy-dostarczyc-karte-charakterystyki\/\">zasadach dostarczania SDS<\/a>.<\/p>\n<h5><strong>Pierwszy krok:<\/strong><\/h5>\n<p style=\"text-align: justify;\">Przede wszystkim mo\u017cemy (i powinni\u015bmy) sprawdzi\u0107 <a href=\"https:\/\/www.msds-europe.com\/pl\/wprowadzenie-przygotowanie-sds\/\">j\u0119zyk<\/a> dostarczonej karty charakterystyki (SDS). Mo\u017ce to by\u0107 zaskakuj\u0105ce, ale dostawca produktu chemicznego nie zawsze jest zobowi\u0105zany do dostarczenia karty w naszym j\u0119zyku urz\u0119dowym.<\/p>\n<p style=\"text-align: justify;\">Firmy posiadaj\u0105ce oprogramowanie do t\u0142umaczenia SDS cz\u0119sto ch\u0119tnie udost\u0119pniaj\u0105 dokument w j\u0119zyku nabywcy, nawet je\u015bli przepisy nie nak\u0142adaj\u0105 na nie takiego obowi\u0105zku. Trzeba jednak uwa\u017ca\u0107 na <a href=\"https:\/\/www.msds-europe.com\/about-sds-authoring-softwares\/\">SDS generowane przez oprogramowanie<\/a>, kt\u00f3re cz\u0119sto budz\u0105 zastrze\u017cenia pod wzgl\u0119dem merytorycznym i formalnym. Samo dos\u0142owne t\u0142umaczenie r\u00f3wnie\u017c nie jest automatycznie wystarczaj\u0105ce \u2013 tylko niewielka cz\u0119\u015b\u0107 procesu <a href=\"https:\/\/www.msds-europe.com\/working-process-of-creation-translation-of-sds\/\">tworzenia\/t\u0142umaczenia SDS<\/a> to czysta us\u0142uga j\u0119zykowa; konieczna jest tak\u017ce weryfikacja zgodno\u015bci z prawem krajowym oraz tre\u015bci (np. klasyfikacji).<\/p>\n<h5><strong>Drugi krok:<\/strong><\/h5>\n<p style=\"text-align: justify;\">Nast\u0119pnie nale\u017cy sprawdzi\u0107, czy karta jest \u201eaktualna\u201d \u2013 co cz\u0119sto bywa b\u0142\u0119dnie uto\u017csamiane z \u201edat\u0105 wa\u017cno\u015bci\u201d. Z punktu widzenia prawa nie istnieje formalna \u201edata wa\u017cno\u015bci\u201d, ale istniej\u0105 <a href=\"https:\/\/www.msds-europe.com\/safety-data-sheet-validity-period\/\">zasady aktualizacji SDS<\/a>, kt\u00f3re nale\u017cy zna\u0107.<\/p>\n<h5><strong>Pozosta\u0142e kroki:<\/strong><\/h5>\n<p style=\"text-align: justify;\">Pozosta\u0142e kontrole zgodno\u015bci zale\u017c\u0105 w du\u017cej mierze od profilu dzia\u0142alno\u015bci firmy i rodzaju u\u017cywanych substancji\/mieszanin. Jako dystrybutor dzia\u0142aj\u0105cy na rynku krajowym, stosowanie niezgodnej SDS wi\u0105\u017ce si\u0119 g\u0142\u00f3wnie z ryzykiem odrzucenia produktu przez klienta, a co za tym idzie \u2013 utrat\u0105 udzia\u0142u w rynku.<\/p>\n<p style=\"text-align: justify;\">Je\u017celi jednak kupujemy substancj\u0119 lub mieszanin\u0119 chemiczn\u0105 w innym kraju EOG, nasza firma mo\u017ce by\u0107 odpowiedzialna za etykietowanie, a w przypadku mieszanin niebezpiecznych tak\u017ce za <a href=\"https:\/\/www.msds-europe.com\/pl\/ufi-usluga\/\">zg\u0142oszenie PCN<\/a>. Obowi\u0105zk\u00f3w tych nie da si\u0119 prawid\u0142owo wykona\u0107, opieraj\u0105c si\u0119 na b\u0142\u0119dnej SDS.<\/p>\n<p style=\"text-align: justify;\">Dalsi u\u017cytkownicy prawdopodobnie maj\u0105 najwi\u0119cej obowi\u0105zk\u00f3w zwi\u0105zanych z otrzymywanymi SDS. Zobacz nasze podsumowanie <a href=\"https:\/\/www.msds-europe.com\/downstream-user-reach-communication-obligations\/\">podstawowych informacji dla dalszych u\u017cytkownik\u00f3w<\/a> dotycz\u0105ce obowi\u0105zk\u00f3w zwi\u0105zanych z SDS.<\/p>\n<p style=\"text-align: justify;\">Warto pami\u0119ta\u0107, \u017ce dalsi u\u017cytkownicy maj\u0105 obowi\u0105zek sprawdzania tre\u015bci SDS, co mo\u017ce by\u0107 kontrolowane przez organ nadzoru podczas inspekcji na miejscu. Konieczne s\u0105 szczeg\u00f3lne dzia\u0142ania, je\u015bli SDS zawiera <a href=\"https:\/\/www.msds-europe.com\/checking-implementing-exposure-scenario\/\">scenariusz nara\u017cenia<\/a>.<\/p>\n<p>&nbsp;<\/p>\n<p><strong>Rekomendowane us\u0142ugi:<\/strong><\/p>\n<ul>\n<li><a href=\"https:\/\/www.msds-europe.com\/pl\/tlumaczenie-karty-charakterystyki\/\">T\u0142umaczenie SDS<\/a><\/li>\n<li><a href=\"https:\/\/www.msds-europe.com\/pl\/sprawdzenie-aktualizacja-kart-charakterystyk\/\">Aktualizacja SDS<\/a><\/li>\n<li><a href=\"https:\/\/www.msds-europe.com\/pl\/kompilacja-tworzenie-karty-charakterystyki\/\">Opracowanie i tworzenie kart charakterystyki<\/a><\/li>\n<li>Tworzenie <a href=\"https:\/\/www.msds-europe.com\/pl\/tworzenie-projektu-etykiety\/\">projekt\u00f3w etykiet CLP<\/a><\/li>\n<li><a href=\"https:\/\/www.msds-europe.com\/pl\/ufi-usluga\/\">Zg\u0142oszenia PCN dla mieszanin niebezpiecznych<\/a><\/li>\n<\/ul>\n<p>&nbsp;<\/p>\n<p><strong>Przydatne artyku\u0142y:<\/strong><\/p>\n<ul>\n<li><a href=\"https:\/\/www.msds-europe.com\/pl\/bezpieczenstwo-chemiczne-artykuly-analizy\/\">Kompas bezpiecze\u0144stwa chemicznego<\/a><\/li>\n<li><a href=\"https:\/\/www.msds-europe.com\/pl\/najczesciej-zadawane-pytania-dotyczace-bezpieczenstwa-chemicznego\/\">FAQ \u2013 Pytania i odpowiedzi z zakresu bezpiecze\u0144stwa chemicznego<\/a><\/li>\n<li><a href=\"https:\/\/www.msds-europe.com\/pl\/zmiany-przepisow-bezpieczenstwa-chemicznego\/\">Monitorowanie zmian regulacyjnych<\/a><\/li>\n<\/ul>\n<p>&nbsp;<\/p>\n<h4>Szybkie pytania i odpowiedzi<\/h4>\n<div class=\"su-spoiler su-spoiler-style-fancy su-spoiler-icon-chevron su-spoiler-closed\" data-scroll-offset=\"0\" data-anchor-in-url=\"no\"><div class=\"su-spoiler-title\" tabindex=\"0\" role=\"button\"><span class=\"su-spoiler-icon\"><\/span>Jakie s\u0105 trzy g\u0142\u00f3wne punkty do sprawdzenia w SDS od zagranicznego dostawcy?<\/div><div class=\"su-spoiler-content su-u-clearfix su-u-trim\">\n<p>J\u0119zyk dokumentu, jego aktualno\u015b\u0107 (w tym zgodno\u015b\u0107 z wymaganiami rozporz\u0105dzenia (UE) 2020\/878) oraz poprawno\u015b\u0107 tre\u015bci, w szczeg\u00f3lno\u015bci klasyfikacji i element\u00f3w oznakowania.<\/p>\n<\/div><\/div>\n<div class=\"su-spoiler su-spoiler-style-fancy su-spoiler-icon-chevron su-spoiler-closed\" data-scroll-offset=\"0\" data-anchor-in-url=\"no\"><div class=\"su-spoiler-title\" tabindex=\"0\" role=\"button\"><span class=\"su-spoiler-icon\"><\/span>Co zrobi\u0107, je\u015bli otrzymana SDS nie jest zgodna z 2020\/878 lub zawiera nieaktualne dane?<\/div><div class=\"su-spoiler-content su-u-clearfix su-u-trim\">\n<p>Podmiot wprowadzaj\u0105cy produkt do obrotu w danym pa\u0144stwie cz\u0142onkowskim musi zaktualizowa\u0107 SDS lub sporz\u0105dzi\u0107 now\u0105, aby legalnie sprzedawa\u0107 produkt.<\/p>\n<\/div><\/div>\n<div class=\"su-spoiler su-spoiler-style-fancy su-spoiler-icon-chevron su-spoiler-closed\" data-scroll-offset=\"0\" data-anchor-in-url=\"no\"><div class=\"su-spoiler-title\" tabindex=\"0\" role=\"button\"><span class=\"su-spoiler-icon\"><\/span>Kto ponosi odpowiedzialno\u015b\u0107 prawn\u0105 za b\u0142\u0119dy w SDS u\u017cywanej na rynku UE?<\/div><div class=\"su-spoiler-content su-u-clearfix su-u-trim\">\n<p>Odpowiada za to podmiot wprowadzaj\u0105cy produkt do obrotu w danym kraju UE\/EOG (np. importer lub dystrybutor odpowiedzialny za wprowadzenie na rynek); organ nadzoru mo\u017ce go ukara\u0107, nawet je\u015bli b\u0142\u0119dna SDS pochodzi od dostawcy.<\/p>\n<\/div><\/div>\n","protected":false},"excerpt":{"rendered":"<p>MSDS-Europe \u2013 Co koniecznie nale\u017cy sprawdzi\u0107 w karcie charakterystyki Zanim wymienimy kluczowe punkty, kt\u00f3re nale\u017cy sprawdzi\u0107 w otrzymanej karcie charakterystyki (SDS), zach\u0119camy do zapoznania si\u0119 z naszym artyku\u0142em o zasadach dostarczania SDS. Pierwszy krok: Przede wszystkim mo\u017cemy (i powinni\u015bmy) sprawdzi\u0107 j\u0119zyk dostarczonej karty charakterystyki (SDS). Mo\u017ce to by\u0107 zaskakuj\u0105ce, ale&#8230;<\/p>\n","protected":false},"author":2,"featured_media":0,"parent":0,"menu_order":0,"comment_status":"closed","ping_status":"closed","template":"","meta":{"_acf_changed":false,"footnotes":""},"tags":[],"class_list":["post-34396","page","type-page","status-publish","hentry"],"acf":[],"yoast_head":"<!-- This site is optimized with the Yoast SEO plugin v27.2 - https:\/\/yoast.com\/product\/yoast-seo-wordpress\/ -->\n<title>Co musimy koniecznie sprawdzi\u0107 w kartach charakterystyki<\/title>\n<meta name=\"description\" content=\"Sk\u0105d mam wiedzie\u0107, czy otrzyma\u0142em od dostawcy zgodn\u0105 SDS? Nasza weryfikacja SDS przedstawia konkretne punkty kontrolne, aby zapewni\u0107 bezpieczny odbi\u00f3r towaru.\" \/>\n<meta name=\"robots\" content=\"index, follow, max-snippet:-1, max-image-preview:large, max-video-preview:-1\" \/>\n<link rel=\"canonical\" href=\"https:\/\/www.msds-europe.com\/pl\/weryfikacja-sds-karty-charakterystyki\/\" \/>\n<meta property=\"og:locale\" content=\"pl_PL\" \/>\n<meta property=\"og:type\" content=\"article\" \/>\n<meta property=\"og:title\" content=\"Co musimy koniecznie sprawdzi\u0107 w kartach charakterystyki\" \/>\n<meta property=\"og:description\" content=\"Sk\u0105d mam wiedzie\u0107, czy otrzyma\u0142em od dostawcy zgodn\u0105 SDS? Nasza weryfikacja SDS przedstawia konkretne punkty kontrolne, aby zapewni\u0107 bezpieczny odbi\u00f3r towaru.\" \/>\n<meta property=\"og:url\" content=\"https:\/\/www.msds-europe.com\/pl\/weryfikacja-sds-karty-charakterystyki\/\" \/>\n<meta property=\"og:site_name\" content=\"MSDS Europe\" \/>\n<meta property=\"article:publisher\" content=\"https:\/\/www.facebook.com\/toxinfokft\/\" \/>\n<meta property=\"article:modified_time\" content=\"2026-02-25T09:54:22+00:00\" \/>\n<meta name=\"twitter:card\" content=\"summary_large_image\" \/>\n<meta name=\"twitter:site\" content=\"@ToxInfoKft\" \/>\n<meta name=\"twitter:label1\" content=\"Szacowany czas czytania\" \/>\n\t<meta name=\"twitter:data1\" content=\"2 minuty\" \/>\n<script type=\"application\/ld+json\" class=\"yoast-schema-graph\">{\"@context\":\"https:\/\/schema.org\",\"@graph\":[{\"@type\":\"WebPage\",\"@id\":\"https:\/\/www.msds-europe.com\/pl\/weryfikacja-sds-karty-charakterystyki\/\",\"url\":\"https:\/\/www.msds-europe.com\/pl\/weryfikacja-sds-karty-charakterystyki\/\",\"name\":\"Co musimy koniecznie sprawdzi\u0107 w kartach charakterystyki\",\"isPartOf\":{\"@id\":\"https:\/\/www.msds-europe.com\/es\/#website\"},\"datePublished\":\"2025-08-15T13:00:33+00:00\",\"dateModified\":\"2026-02-25T09:54:22+00:00\",\"description\":\"Sk\u0105d mam wiedzie\u0107, czy otrzyma\u0142em od dostawcy zgodn\u0105 SDS? Nasza weryfikacja SDS przedstawia konkretne punkty kontrolne, aby zapewni\u0107 bezpieczny odbi\u00f3r towaru.\",\"breadcrumb\":{\"@id\":\"https:\/\/www.msds-europe.com\/pl\/weryfikacja-sds-karty-charakterystyki\/#breadcrumb\"},\"inLanguage\":\"pl-PL\",\"potentialAction\":[{\"@type\":\"ReadAction\",\"target\":[\"https:\/\/www.msds-europe.com\/pl\/weryfikacja-sds-karty-charakterystyki\/\"]}]},{\"@type\":\"BreadcrumbList\",\"@id\":\"https:\/\/www.msds-europe.com\/pl\/weryfikacja-sds-karty-charakterystyki\/#breadcrumb\",\"itemListElement\":[{\"@type\":\"ListItem\",\"position\":1,\"name\":\"F\u0151oldal\",\"item\":\"https:\/\/www.msds-europe.com\/pl\/\"},{\"@type\":\"ListItem\",\"position\":2,\"name\":\"Weryfikacja SDS: co musimy koniecznie sprawdzi\u0107 w kartach charakterystyki\"}]},{\"@type\":\"WebSite\",\"@id\":\"https:\/\/www.msds-europe.com\/es\/#website\",\"url\":\"https:\/\/www.msds-europe.com\/es\/\",\"name\":\"MSDS Europe\",\"description\":\"\",\"publisher\":{\"@id\":\"https:\/\/www.msds-europe.com\/es\/#organization\"},\"potentialAction\":[{\"@type\":\"SearchAction\",\"target\":{\"@type\":\"EntryPoint\",\"urlTemplate\":\"https:\/\/www.msds-europe.com\/es\/?s={search_term_string}\"},\"query-input\":{\"@type\":\"PropertyValueSpecification\",\"valueRequired\":true,\"valueName\":\"search_term_string\"}}],\"inLanguage\":\"pl-PL\"},{\"@type\":\"Organization\",\"@id\":\"https:\/\/www.msds-europe.com\/es\/#organization\",\"name\":\"MSDS-Europe International branch of ToxInfo\",\"url\":\"https:\/\/www.msds-europe.com\/es\/\",\"logo\":{\"@type\":\"ImageObject\",\"inLanguage\":\"pl-PL\",\"@id\":\"https:\/\/www.msds-europe.com\/es\/#\/schema\/logo\/image\/\",\"url\":\"https:\/\/www.msds-europe.com\/wp-content\/uploads\/2021\/04\/msds-europe-logo.jpg\",\"contentUrl\":\"https:\/\/www.msds-europe.com\/wp-content\/uploads\/2021\/04\/msds-europe-logo.jpg\",\"width\":2296,\"height\":1067,\"caption\":\"MSDS-Europe International branch of ToxInfo\"},\"image\":{\"@id\":\"https:\/\/www.msds-europe.com\/es\/#\/schema\/logo\/image\/\"},\"sameAs\":[\"https:\/\/www.facebook.com\/toxinfokft\/\",\"https:\/\/x.com\/ToxInfoKft\"]}]}<\/script>\n<!-- \/ Yoast SEO plugin. -->","yoast_head_json":{"title":"Co musimy koniecznie sprawdzi\u0107 w kartach charakterystyki","description":"Sk\u0105d mam wiedzie\u0107, czy otrzyma\u0142em od dostawcy zgodn\u0105 SDS? Nasza weryfikacja SDS przedstawia konkretne punkty kontrolne, aby zapewni\u0107 bezpieczny odbi\u00f3r towaru.","robots":{"index":"index","follow":"follow","max-snippet":"max-snippet:-1","max-image-preview":"max-image-preview:large","max-video-preview":"max-video-preview:-1"},"canonical":"https:\/\/www.msds-europe.com\/pl\/weryfikacja-sds-karty-charakterystyki\/","og_locale":"pl_PL","og_type":"article","og_title":"Co musimy koniecznie sprawdzi\u0107 w kartach charakterystyki","og_description":"Sk\u0105d mam wiedzie\u0107, czy otrzyma\u0142em od dostawcy zgodn\u0105 SDS? Nasza weryfikacja SDS przedstawia konkretne punkty kontrolne, aby zapewni\u0107 bezpieczny odbi\u00f3r towaru.","og_url":"https:\/\/www.msds-europe.com\/pl\/weryfikacja-sds-karty-charakterystyki\/","og_site_name":"MSDS Europe","article_publisher":"https:\/\/www.facebook.com\/toxinfokft\/","article_modified_time":"2026-02-25T09:54:22+00:00","twitter_card":"summary_large_image","twitter_site":"@ToxInfoKft","twitter_misc":{"Szacowany czas czytania":"2 minuty"},"schema":{"@context":"https:\/\/schema.org","@graph":[{"@type":"WebPage","@id":"https:\/\/www.msds-europe.com\/pl\/weryfikacja-sds-karty-charakterystyki\/","url":"https:\/\/www.msds-europe.com\/pl\/weryfikacja-sds-karty-charakterystyki\/","name":"Co musimy koniecznie sprawdzi\u0107 w kartach charakterystyki","isPartOf":{"@id":"https:\/\/www.msds-europe.com\/es\/#website"},"datePublished":"2025-08-15T13:00:33+00:00","dateModified":"2026-02-25T09:54:22+00:00","description":"Sk\u0105d mam wiedzie\u0107, czy otrzyma\u0142em od dostawcy zgodn\u0105 SDS? Nasza weryfikacja SDS przedstawia konkretne punkty kontrolne, aby zapewni\u0107 bezpieczny odbi\u00f3r towaru.","breadcrumb":{"@id":"https:\/\/www.msds-europe.com\/pl\/weryfikacja-sds-karty-charakterystyki\/#breadcrumb"},"inLanguage":"pl-PL","potentialAction":[{"@type":"ReadAction","target":["https:\/\/www.msds-europe.com\/pl\/weryfikacja-sds-karty-charakterystyki\/"]}]},{"@type":"BreadcrumbList","@id":"https:\/\/www.msds-europe.com\/pl\/weryfikacja-sds-karty-charakterystyki\/#breadcrumb","itemListElement":[{"@type":"ListItem","position":1,"name":"F\u0151oldal","item":"https:\/\/www.msds-europe.com\/pl\/"},{"@type":"ListItem","position":2,"name":"Weryfikacja SDS: co musimy koniecznie sprawdzi\u0107 w kartach charakterystyki"}]},{"@type":"WebSite","@id":"https:\/\/www.msds-europe.com\/es\/#website","url":"https:\/\/www.msds-europe.com\/es\/","name":"MSDS Europe","description":"","publisher":{"@id":"https:\/\/www.msds-europe.com\/es\/#organization"},"potentialAction":[{"@type":"SearchAction","target":{"@type":"EntryPoint","urlTemplate":"https:\/\/www.msds-europe.com\/es\/?s={search_term_string}"},"query-input":{"@type":"PropertyValueSpecification","valueRequired":true,"valueName":"search_term_string"}}],"inLanguage":"pl-PL"},{"@type":"Organization","@id":"https:\/\/www.msds-europe.com\/es\/#organization","name":"MSDS-Europe International branch of ToxInfo","url":"https:\/\/www.msds-europe.com\/es\/","logo":{"@type":"ImageObject","inLanguage":"pl-PL","@id":"https:\/\/www.msds-europe.com\/es\/#\/schema\/logo\/image\/","url":"https:\/\/www.msds-europe.com\/wp-content\/uploads\/2021\/04\/msds-europe-logo.jpg","contentUrl":"https:\/\/www.msds-europe.com\/wp-content\/uploads\/2021\/04\/msds-europe-logo.jpg","width":2296,"height":1067,"caption":"MSDS-Europe International branch of ToxInfo"},"image":{"@id":"https:\/\/www.msds-europe.com\/es\/#\/schema\/logo\/image\/"},"sameAs":["https:\/\/www.facebook.com\/toxinfokft\/","https:\/\/x.com\/ToxInfoKft"]}]}},"_links":{"self":[{"href":"https:\/\/www.msds-europe.com\/pl\/wp-json\/wp\/v2\/pages\/34396","targetHints":{"allow":["GET"]}}],"collection":[{"href":"https:\/\/www.msds-europe.com\/pl\/wp-json\/wp\/v2\/pages"}],"about":[{"href":"https:\/\/www.msds-europe.com\/pl\/wp-json\/wp\/v2\/types\/page"}],"author":[{"embeddable":true,"href":"https:\/\/www.msds-europe.com\/pl\/wp-json\/wp\/v2\/users\/2"}],"replies":[{"embeddable":true,"href":"https:\/\/www.msds-europe.com\/pl\/wp-json\/wp\/v2\/comments?post=34396"}],"version-history":[{"count":5,"href":"https:\/\/www.msds-europe.com\/pl\/wp-json\/wp\/v2\/pages\/34396\/revisions"}],"predecessor-version":[{"id":37809,"href":"https:\/\/www.msds-europe.com\/pl\/wp-json\/wp\/v2\/pages\/34396\/revisions\/37809"}],"wp:attachment":[{"href":"https:\/\/www.msds-europe.com\/pl\/wp-json\/wp\/v2\/media?parent=34396"}],"wp:term":[{"taxonomy":"post_tag","embeddable":true,"href":"https:\/\/www.msds-europe.com\/pl\/wp-json\/wp\/v2\/tags?post=34396"}],"curies":[{"name":"wp","href":"https:\/\/api.w.org\/{rel}","templated":true}]}}