{"id":34359,"date":"2025-08-15T12:20:27","date_gmt":"2025-08-15T12:20:27","guid":{"rendered":"https:\/\/www.msds-europe.com\/?page_id=34359"},"modified":"2026-02-24T10:30:42","modified_gmt":"2026-02-24T10:30:42","slug":"okres-waznosci-karty-charakterystyki","status":"publish","type":"page","link":"https:\/\/www.msds-europe.com\/pl\/okres-waznosci-karty-charakterystyki\/","title":{"rendered":"Okres wa\u017cno\u015bci karty charakterystyki"},"content":{"rendered":"<p style=\"text-align: right;\"><em><a href=\"https:\/\/www.msds-europe.com\/pl\/przydatne-materialy-pomocnicze-i-wskazowki-dla-kart-charakterystyk\/\">Baza wiedzy o kartach charakterystyki<\/a> \u2013 Okres wa\u017cno\u015bci kart charakterystyki<\/em><\/p>\n<p style=\"text-align: justify;\"><strong>Aktualizacja (rewizja) karty charakterystyki (SDS) jest niezb\u0119dna, aby zapewni\u0107, \u017ce informacje zawarte w dokumencie s\u0105 dok\u0142adne i aktualne.<\/strong><\/p>\n<p>&nbsp;<\/p>\n<ul>\n<li><a href=\"#validity\">Okres wa\u017cno\u015bci<\/a><\/li>\n<li><a href=\"#necessary\">Kiedy aktualizacja (rewizja) karty charakterystyki jest konieczna<\/a><\/li>\n<li><a href=\"#rules\">Zasady dotycz\u0105ce zaktualizowanych (zrewidowanych) kart charakterystyki<\/a><\/li>\n<li><a href=\"#responsible\">Odpowiedzialno\u015b\u0107 dostawc\u00f3w i pracodawc\u00f3w<\/a><\/li>\n<li><a href=\"#conclusion\">Podsumowanie<\/a><\/li>\n<\/ul>\n<p>&nbsp;<\/p>\n<p><a name=\"validity\"><\/a><\/p>\n<h2 style=\"text-align: justify;\">Okres wa\u017cno\u015bci<\/h2>\n<p style=\"text-align: justify;\"><strong>Jak d\u0142ugo karta charakterystyki mo\u017ce by\u0107 uznawana za \u201ewa\u017cn\u0105\u201d?<\/strong><\/p>\n<p style=\"text-align: justify;\">Karty charakterystyki w UE nie maj\u0105 \u201eokresu wa\u017cno\u015bci\u201d ani \u201edaty wyga\u015bni\u0119cia\u201d.<\/p>\n<p style=\"text-align: justify;\">\u201eWa\u017cno\u015b\u0107\u201d (zgodno\u015b\u0107) <a href=\"https:\/\/www.msds-europe.com\/pl\/definicja-karty-charakterystyki\/\">karty charakterystyki<\/a> nie zale\u017cy wy\u0142\u0105cznie od daty wydania ani od daty rewizji. Zale\u017cy przede wszystkim od tego, czy dokument spe\u0142nia <strong>aktualnie obowi\u0105zuj\u0105ce<\/strong> wymagania prawne (format i tre\u015b\u0107).<\/p>\n<p style=\"text-align: justify;\">Od <strong>1 stycznia 2021 r.<\/strong> obowi\u0105zuj\u0105 wymagania dotycz\u0105ce tre\u015bci i formatu karty charakterystyki okre\u015blone w <a href=\"https:\/\/www.msds-europe.com\/pl\/zmiany-przepisow-bezpieczenstwa-chemicznego\/\">rozporz\u0105dzeniu (UE) 2020\/878<\/a> (nowelizacja za\u0142\u0105cznika II do rozporz\u0105dzenia REACH).<\/p>\n<p style=\"text-align: justify;\">Nie oznacza to jednak, \u017ce \u201ewa\u017cne\u201d s\u0105 wy\u0142\u0105cznie karty charakterystyki z dat\u0105 rewizji <strong>1 stycznia 2021 r.<\/strong>.<\/p>\n<p style=\"text-align: justify;\">Karty charakterystyki sporz\u0105dzone zgodnie z rozporz\u0105dzeniem (UE) nr 2015\/830 mog\u0142y by\u0107 stosowane w okresie przej\u015bciowym do <strong>31 grudnia 2022 r.<\/strong> (a od <strong>1 stycznia 2023 r.<\/strong> na rynku powinny funkcjonowa\u0107 wy\u0142\u0105cznie karty charakterystyki spe\u0142niaj\u0105ce wymagania rozporz\u0105dzenia (UE) 2020\/878).<\/p>\n<p style=\"text-align: right;\"><a href=\"https:\/\/www.msds-europe.com\/pl\/zawarto%c5%9b%c4%87-i-elementy-formalne-karty-charakterystyki\/\"><em>Przyk\u0142adowa karta charakterystyki do pobrania (UE) 2020\/878<\/em><\/a><\/p>\n<p>&nbsp;<\/p>\n<p><a name=\"necessary\"><\/a><\/p>\n<h2 style=\"text-align: justify;\">Kiedy aktualizacja (rewizja) karty charakterystyki jest konieczna<\/h2>\n<p style=\"text-align: justify;\"><a href=\"https:\/\/www.msds-europe.com\/pl\/sprawdzenie-aktualizacja-kart-charakterystyk\/\">Aktualizacja (rewizja) kart charakterystyki<\/a> nie jest z g\u00f3ry okre\u015blona (nie ma wymogu, aby karty by\u0142y aktualizowane co roku, co dwa lata lub co pi\u0119\u0107 lat).<\/p>\n<p style=\"text-align: justify;\">Aktualizacja jest wymagana za ka\u017cdym razem, gdy pojawi\u0105 si\u0119 nowe istotne informacje o produkcie lub zmieni\u0105 si\u0119 warunki prawne wp\u0142ywaj\u0105ce na tre\u015b\u0107 karty.<\/p>\n<p style=\"text-align: justify;\">Karta charakterystyki powinna zosta\u0107 zaktualizowana niezw\u0142ocznie, zgodnie z <strong>art. 31 ust. 9<\/strong> rozporz\u0105dzenia REACH, je\u017celi:<\/p>\n<ul>\n<li style=\"text-align: justify;\">pojawi\u0105 si\u0119 nowe informacje, kt\u00f3re mog\u0105 wp\u0142yn\u0105\u0107 na \u015brodki zarz\u0105dzania ryzykiem,<\/li>\n<li style=\"text-align: justify;\">pojawi\u0105 si\u0119 nowe informacje dotycz\u0105ce zagro\u017ce\u0144 (np. nowa klasyfikacja zgodnie z CLP),<\/li>\n<li style=\"text-align: justify;\">udzielono zezwolenia lub odm\u00f3wiono udzielenia zezwolenia (np. w zwi\u0105zku z uj\u0119ciem substancji w za\u0142\u0105czniku XIV do REACH),<\/li>\n<li style=\"text-align: justify;\">na substancj\u0119 na\u0142o\u017cono ograniczenie (za\u0142\u0105cznik XVII do REACH).<\/li>\n<\/ul>\n<p>&nbsp;<\/p>\n<p><a name=\"rules\"><\/a><\/p>\n<h2 style=\"text-align: justify;\">Zasady dotycz\u0105ce zaktualizowanych (zrewidowanych) kart charakterystyki<\/h2>\n<p style=\"text-align: justify;\">Zaktualizowan\u0105 kart\u0119 charakterystyki nale\u017cy przekaza\u0107 wszystkim odbiorcom, kt\u00f3rym dostarczono substancj\u0119 lub mieszanin\u0119 w ci\u0105gu ostatnich 12 miesi\u0119cy, <strong>bez \u017c\u0105dania i bezp\u0142atnie<\/strong>, w formie papierowej lub elektronicznej. Zaktualizowana karta powinna zawiera\u0107 dat\u0119 ostatniej aktualizacji.<\/p>\n<p style=\"text-align: justify;\">Data sporz\u0105dzenia\/aktualizacji karty charakterystyki musi by\u0107 wskazana na <a href=\"https:\/\/www.msds-europe.com\/pl\/zawarto%c5%9b%c4%87-i-elementy-formalne-karty-charakterystyki\/\">pierwszej stronie<\/a>.<\/p>\n<p style=\"text-align: justify;\">Przekazuj\u0105c now\u0105, zaktualizowan\u0105 wersj\u0119 odbiorcom, nale\u017cy zwr\u00f3ci\u0107 ich uwag\u0119 na zmiany wymienione w sekcji 16 karty charakterystyki (je\u015bli nie zosta\u0142y wskazane w innym miejscu).<\/p>\n<p style=\"text-align: justify;\">Dla zaktualizowanych kart charakterystyki na pierwszej stronie powinna znale\u017a\u0107 si\u0119 data sporz\u0105dzenia\/rewizji, oznaczona np. jako \u201eRewizja: (data)\u201d, a tak\u017ce numer wersji, numer rewizji, data zast\u0105pienia lub inne oznaczenie wskazuj\u0105ce, kt\u00f3r\u0105 wersj\u0119 dokumentu zast\u0119puje.<\/p>\n<p>&nbsp;<\/p>\n<p><a name=\"responsible\"><\/a><\/p>\n<h2>Odpowiedzialno\u015b\u0107 dostawc\u00f3w i pracodawc\u00f3w<\/h2>\n<p style=\"text-align: justify;\">Dostawcy s\u0105 odpowiedzialni za zapewnienie, \u017ce karta charakterystyki dostarczana wraz z substancj\u0105 lub mieszanin\u0105 jest aktualna i zgodna z obowi\u0105zuj\u0105cymi przepisami, a w razie potrzeby \u2013 za jej niezw\u0142oczn\u0105 aktualizacj\u0119 i ponowne przekazanie odbiorcom.<\/p>\n<p style=\"text-align: justify;\">Pracodawcy, jako u\u017cytkownicy substancji i mieszanin w miejscu pracy, s\u0105 z kolei odpowiedzialni za zapewnienie, \u017ce pracownicy maj\u0105 dost\u0119p do aktualnej karty charakterystyki oraz \u017ce informacje z karty s\u0105 w\u0142a\u015bciwie wdro\u017cone (np. w zakresie \u015brodk\u00f3w zarz\u0105dzania ryzykiem).<\/p>\n<p>&nbsp;<\/p>\n<p><a name=\"conclusion\"><\/a><\/p>\n<h2>Podsumowanie<\/h2>\n<p style=\"text-align: justify;\">Aktualizacja (rewizja) karty charakterystyki jest kluczowym elementem zapewnienia bezpiecze\u0144stwa pracownik\u00f3w, konsument\u00f3w i \u015brodowiska. Karta charakterystyki nie ma \u201edaty wyga\u015bni\u0119cia\u201d \u2013 jej zgodno\u015b\u0107 zale\u017cy od spe\u0142nienia aktualnych wymaga\u0144 prawnych i uwzgl\u0119dnienia nowych istotnych informacji. Dlatego dokument powinien by\u0107 aktualizowany zawsze wtedy, gdy zmieniaj\u0105 si\u0119 dane o zagro\u017ceniach, sk\u0142ad, warunki stosowania lub wymagania prawne.<\/p>\n<p>&nbsp;<\/p>\n<h3 style=\"text-align: justify;\"><span style=\"color: #333333;\">Oferowane us\u0142ugi<\/span><\/h3>\n<ul>\n<li style=\"text-align: justify;\"><a href=\"https:\/\/www.msds-europe.com\/pl\/sprawdzenie-aktualizacja-kart-charakterystyk\/\">Aktualizacja (rewizja) kart charakterystyki<\/a> zgodnie z obowi\u0105zuj\u0105cymi przepisami<\/li>\n<li style=\"text-align: justify;\"><a href=\"https:\/\/www.msds-europe.com\/pl\/tworzenie-projektu-etykiety\/\">Opracowanie projektu etykiety<\/a><\/li>\n<\/ul>\n<p>&nbsp;<\/p>\n<h3><span style=\"color: #333333;\">Polecane artyku\u0142y<\/span><\/h3>\n<ul>\n<li><a href=\"http:\/\/www.msds-europe.com\/conditions-under-which-a-safety-data-sheet-must-be-supplied\/\">Warunki, w kt\u00f3rych nale\u017cy dostarczy\u0107 kart\u0119 charakterystyki<\/a><\/li>\n<li><a href=\"https:\/\/www.msds-europe.com\/pl\/zawarto%c5%9b%c4%87-i-elementy-formalne-karty-charakterystyki\/\">Elementy tre\u015bci i formatu karty charakterystyki<\/a><\/li>\n<\/ul>\n<p>&nbsp;<\/p>\n<h3><span style=\"color: #333333;\">Najcz\u0119\u015bciej zadawane pytania i odpowiedzi<\/span><\/h3>\n<div class=\"su-spoiler su-spoiler-style-fancy su-spoiler-icon-chevron su-spoiler-closed\" data-scroll-offset=\"0\" data-anchor-in-url=\"no\"><div class=\"su-spoiler-title\" tabindex=\"0\" role=\"button\"><span class=\"su-spoiler-icon\"><\/span>Kiedy nale\u017cy natychmiast zaktualizowa\u0107 kart\u0119 charakterystyki?<\/div><div class=\"su-spoiler-content su-u-clearfix su-u-trim\">\nNatychmiast po pojawieniu si\u0119 nowych istotnych informacji, kt\u00f3re wp\u0142ywaj\u0105 na \u015brodki zarz\u0105dzania ryzykiem, klasyfikacj\u0119 zagro\u017ce\u0144 lub decyzje dotycz\u0105ce zezwole\u0144\/ogranicze\u0144 dla substancji (zgodnie z art. 31 ust. 9 REACH).<br \/>\n<\/div><\/div>\n<div class=\"su-spoiler su-spoiler-style-fancy su-spoiler-icon-chevron su-spoiler-closed\" data-scroll-offset=\"0\" data-anchor-in-url=\"no\"><div class=\"su-spoiler-title\" tabindex=\"0\" role=\"button\"><span class=\"su-spoiler-icon\"><\/span>Co sprawia, \u017ce karta charakterystyki jest \u201ewa\u017cna\u201d, je\u015bli nie ma daty wyga\u015bni\u0119cia?<\/div><div class=\"su-spoiler-content su-u-clearfix su-u-trim\">\nJej tre\u015b\u0107 i format s\u0105 zgodne z obowi\u0105zuj\u0105cymi przepisami (aktualnie wymaganiami za\u0142\u0105cznika II do REACH, w brzmieniu rozporz\u0105dzenia (UE) 2020\/878) oraz uwzgl\u0119dniaj\u0105 wszystkie istotne, aktualne informacje o produkcie.<br \/>\n<\/div><\/div>\n<div class=\"su-spoiler su-spoiler-style-fancy su-spoiler-icon-chevron su-spoiler-closed\" data-scroll-offset=\"0\" data-anchor-in-url=\"no\"><div class=\"su-spoiler-title\" tabindex=\"0\" role=\"button\"><span class=\"su-spoiler-icon\"><\/span>Komu i w jakim terminie nale\u017cy przes\u0142a\u0107 zaktualizowan\u0105 kart\u0119 charakterystyki?<\/div><div class=\"su-spoiler-content su-u-clearfix su-u-trim\">\nWszystkim odbiorcom, kt\u00f3rym dostarczono substancj\u0119 lub mieszanin\u0119 w ci\u0105gu ostatnich 12 miesi\u0119cy, bezp\u0142atnie i bez \u017c\u0105dania, w formie papierowej lub elektronicznej.<br \/>\n<\/div><\/div>\n","protected":false},"excerpt":{"rendered":"<p>Baza wiedzy o kartach charakterystyki \u2013 Okres wa\u017cno\u015bci kart charakterystyki Aktualizacja (rewizja) karty charakterystyki (SDS) jest niezb\u0119dna, aby zapewni\u0107, \u017ce informacje zawarte w dokumencie s\u0105 dok\u0142adne i aktualne. &nbsp; Okres wa\u017cno\u015bci Kiedy aktualizacja (rewizja) karty charakterystyki jest konieczna Zasady dotycz\u0105ce zaktualizowanych (zrewidowanych) kart charakterystyki Odpowiedzialno\u015b\u0107 dostawc\u00f3w i pracodawc\u00f3w Podsumowanie &nbsp;&#8230;<\/p>\n","protected":false},"author":2,"featured_media":0,"parent":0,"menu_order":0,"comment_status":"closed","ping_status":"closed","template":"","meta":{"_acf_changed":false,"footnotes":""},"tags":[361,261],"class_list":["post-34359","page","type-page","status-publish","hentry","tag-baza-wiedzy-karta-charakterystyk","tag-karta-charakterystyki"],"acf":[],"yoast_head":"<!-- This site is optimized with the Yoast SEO plugin v27.2 - https:\/\/yoast.com\/product\/yoast-seo-wordpress\/ -->\n<title>Okres wa\u017cno\u015bci karty charakterystyki<\/title>\n<meta name=\"description\" content=\"Jaki jest okres wa\u017cno\u015bci karty charakterystyki? Nasz ekspert odpowiada: w UE nie ma okresu wa\u017cno\u015bci, ale...\" \/>\n<meta name=\"robots\" content=\"index, follow, max-snippet:-1, max-image-preview:large, max-video-preview:-1\" \/>\n<link rel=\"canonical\" href=\"https:\/\/www.msds-europe.com\/pl\/okres-waznosci-karty-charakterystyki\/\" \/>\n<meta property=\"og:locale\" content=\"pl_PL\" \/>\n<meta property=\"og:type\" content=\"article\" \/>\n<meta property=\"og:title\" content=\"Okres wa\u017cno\u015bci karty charakterystyki\" \/>\n<meta property=\"og:description\" content=\"Jaki jest okres wa\u017cno\u015bci karty charakterystyki? Nasz ekspert odpowiada: w UE nie ma okresu wa\u017cno\u015bci, ale...\" \/>\n<meta property=\"og:url\" content=\"https:\/\/www.msds-europe.com\/pl\/okres-waznosci-karty-charakterystyki\/\" \/>\n<meta property=\"og:site_name\" content=\"MSDS Europe\" \/>\n<meta property=\"article:publisher\" content=\"https:\/\/www.facebook.com\/toxinfokft\/\" \/>\n<meta property=\"article:modified_time\" content=\"2026-02-24T10:30:42+00:00\" \/>\n<meta name=\"twitter:card\" content=\"summary_large_image\" \/>\n<meta name=\"twitter:site\" content=\"@ToxInfoKft\" \/>\n<meta name=\"twitter:label1\" content=\"Szacowany czas czytania\" \/>\n\t<meta name=\"twitter:data1\" content=\"3 minuty\" \/>\n<script type=\"application\/ld+json\" class=\"yoast-schema-graph\">{\"@context\":\"https:\/\/schema.org\",\"@graph\":[{\"@type\":\"WebPage\",\"@id\":\"https:\/\/www.msds-europe.com\/pl\/okres-waznosci-karty-charakterystyki\/\",\"url\":\"https:\/\/www.msds-europe.com\/pl\/okres-waznosci-karty-charakterystyki\/\",\"name\":\"Okres wa\u017cno\u015bci karty charakterystyki\",\"isPartOf\":{\"@id\":\"https:\/\/www.msds-europe.com\/es\/#website\"},\"datePublished\":\"2025-08-15T12:20:27+00:00\",\"dateModified\":\"2026-02-24T10:30:42+00:00\",\"description\":\"Jaki jest okres wa\u017cno\u015bci karty charakterystyki? Nasz ekspert odpowiada: w UE nie ma okresu wa\u017cno\u015bci, ale...\",\"breadcrumb\":{\"@id\":\"https:\/\/www.msds-europe.com\/pl\/okres-waznosci-karty-charakterystyki\/#breadcrumb\"},\"inLanguage\":\"pl-PL\",\"potentialAction\":[{\"@type\":\"ReadAction\",\"target\":[\"https:\/\/www.msds-europe.com\/pl\/okres-waznosci-karty-charakterystyki\/\"]}]},{\"@type\":\"BreadcrumbList\",\"@id\":\"https:\/\/www.msds-europe.com\/pl\/okres-waznosci-karty-charakterystyki\/#breadcrumb\",\"itemListElement\":[{\"@type\":\"ListItem\",\"position\":1,\"name\":\"F\u0151oldal\",\"item\":\"https:\/\/www.msds-europe.com\/pl\/\"},{\"@type\":\"ListItem\",\"position\":2,\"name\":\"Okres wa\u017cno\u015bci karty charakterystyki\"}]},{\"@type\":\"WebSite\",\"@id\":\"https:\/\/www.msds-europe.com\/es\/#website\",\"url\":\"https:\/\/www.msds-europe.com\/es\/\",\"name\":\"MSDS Europe\",\"description\":\"\",\"publisher\":{\"@id\":\"https:\/\/www.msds-europe.com\/es\/#organization\"},\"potentialAction\":[{\"@type\":\"SearchAction\",\"target\":{\"@type\":\"EntryPoint\",\"urlTemplate\":\"https:\/\/www.msds-europe.com\/es\/?s={search_term_string}\"},\"query-input\":{\"@type\":\"PropertyValueSpecification\",\"valueRequired\":true,\"valueName\":\"search_term_string\"}}],\"inLanguage\":\"pl-PL\"},{\"@type\":\"Organization\",\"@id\":\"https:\/\/www.msds-europe.com\/es\/#organization\",\"name\":\"MSDS-Europe International branch of ToxInfo\",\"url\":\"https:\/\/www.msds-europe.com\/es\/\",\"logo\":{\"@type\":\"ImageObject\",\"inLanguage\":\"pl-PL\",\"@id\":\"https:\/\/www.msds-europe.com\/es\/#\/schema\/logo\/image\/\",\"url\":\"https:\/\/www.msds-europe.com\/wp-content\/uploads\/2021\/04\/msds-europe-logo.jpg\",\"contentUrl\":\"https:\/\/www.msds-europe.com\/wp-content\/uploads\/2021\/04\/msds-europe-logo.jpg\",\"width\":2296,\"height\":1067,\"caption\":\"MSDS-Europe International branch of ToxInfo\"},\"image\":{\"@id\":\"https:\/\/www.msds-europe.com\/es\/#\/schema\/logo\/image\/\"},\"sameAs\":[\"https:\/\/www.facebook.com\/toxinfokft\/\",\"https:\/\/x.com\/ToxInfoKft\"]}]}<\/script>\n<!-- \/ Yoast SEO plugin. -->","yoast_head_json":{"title":"Okres wa\u017cno\u015bci karty charakterystyki","description":"Jaki jest okres wa\u017cno\u015bci karty charakterystyki? Nasz ekspert odpowiada: w UE nie ma okresu wa\u017cno\u015bci, ale...","robots":{"index":"index","follow":"follow","max-snippet":"max-snippet:-1","max-image-preview":"max-image-preview:large","max-video-preview":"max-video-preview:-1"},"canonical":"https:\/\/www.msds-europe.com\/pl\/okres-waznosci-karty-charakterystyki\/","og_locale":"pl_PL","og_type":"article","og_title":"Okres wa\u017cno\u015bci karty charakterystyki","og_description":"Jaki jest okres wa\u017cno\u015bci karty charakterystyki? Nasz ekspert odpowiada: w UE nie ma okresu wa\u017cno\u015bci, ale...","og_url":"https:\/\/www.msds-europe.com\/pl\/okres-waznosci-karty-charakterystyki\/","og_site_name":"MSDS Europe","article_publisher":"https:\/\/www.facebook.com\/toxinfokft\/","article_modified_time":"2026-02-24T10:30:42+00:00","twitter_card":"summary_large_image","twitter_site":"@ToxInfoKft","twitter_misc":{"Szacowany czas czytania":"3 minuty"},"schema":{"@context":"https:\/\/schema.org","@graph":[{"@type":"WebPage","@id":"https:\/\/www.msds-europe.com\/pl\/okres-waznosci-karty-charakterystyki\/","url":"https:\/\/www.msds-europe.com\/pl\/okres-waznosci-karty-charakterystyki\/","name":"Okres wa\u017cno\u015bci karty charakterystyki","isPartOf":{"@id":"https:\/\/www.msds-europe.com\/es\/#website"},"datePublished":"2025-08-15T12:20:27+00:00","dateModified":"2026-02-24T10:30:42+00:00","description":"Jaki jest okres wa\u017cno\u015bci karty charakterystyki? Nasz ekspert odpowiada: w UE nie ma okresu wa\u017cno\u015bci, ale...","breadcrumb":{"@id":"https:\/\/www.msds-europe.com\/pl\/okres-waznosci-karty-charakterystyki\/#breadcrumb"},"inLanguage":"pl-PL","potentialAction":[{"@type":"ReadAction","target":["https:\/\/www.msds-europe.com\/pl\/okres-waznosci-karty-charakterystyki\/"]}]},{"@type":"BreadcrumbList","@id":"https:\/\/www.msds-europe.com\/pl\/okres-waznosci-karty-charakterystyki\/#breadcrumb","itemListElement":[{"@type":"ListItem","position":1,"name":"F\u0151oldal","item":"https:\/\/www.msds-europe.com\/pl\/"},{"@type":"ListItem","position":2,"name":"Okres wa\u017cno\u015bci karty charakterystyki"}]},{"@type":"WebSite","@id":"https:\/\/www.msds-europe.com\/es\/#website","url":"https:\/\/www.msds-europe.com\/es\/","name":"MSDS Europe","description":"","publisher":{"@id":"https:\/\/www.msds-europe.com\/es\/#organization"},"potentialAction":[{"@type":"SearchAction","target":{"@type":"EntryPoint","urlTemplate":"https:\/\/www.msds-europe.com\/es\/?s={search_term_string}"},"query-input":{"@type":"PropertyValueSpecification","valueRequired":true,"valueName":"search_term_string"}}],"inLanguage":"pl-PL"},{"@type":"Organization","@id":"https:\/\/www.msds-europe.com\/es\/#organization","name":"MSDS-Europe International branch of ToxInfo","url":"https:\/\/www.msds-europe.com\/es\/","logo":{"@type":"ImageObject","inLanguage":"pl-PL","@id":"https:\/\/www.msds-europe.com\/es\/#\/schema\/logo\/image\/","url":"https:\/\/www.msds-europe.com\/wp-content\/uploads\/2021\/04\/msds-europe-logo.jpg","contentUrl":"https:\/\/www.msds-europe.com\/wp-content\/uploads\/2021\/04\/msds-europe-logo.jpg","width":2296,"height":1067,"caption":"MSDS-Europe International branch of ToxInfo"},"image":{"@id":"https:\/\/www.msds-europe.com\/es\/#\/schema\/logo\/image\/"},"sameAs":["https:\/\/www.facebook.com\/toxinfokft\/","https:\/\/x.com\/ToxInfoKft"]}]}},"_links":{"self":[{"href":"https:\/\/www.msds-europe.com\/pl\/wp-json\/wp\/v2\/pages\/34359","targetHints":{"allow":["GET"]}}],"collection":[{"href":"https:\/\/www.msds-europe.com\/pl\/wp-json\/wp\/v2\/pages"}],"about":[{"href":"https:\/\/www.msds-europe.com\/pl\/wp-json\/wp\/v2\/types\/page"}],"author":[{"embeddable":true,"href":"https:\/\/www.msds-europe.com\/pl\/wp-json\/wp\/v2\/users\/2"}],"replies":[{"embeddable":true,"href":"https:\/\/www.msds-europe.com\/pl\/wp-json\/wp\/v2\/comments?post=34359"}],"version-history":[{"count":5,"href":"https:\/\/www.msds-europe.com\/pl\/wp-json\/wp\/v2\/pages\/34359\/revisions"}],"predecessor-version":[{"id":37660,"href":"https:\/\/www.msds-europe.com\/pl\/wp-json\/wp\/v2\/pages\/34359\/revisions\/37660"}],"wp:attachment":[{"href":"https:\/\/www.msds-europe.com\/pl\/wp-json\/wp\/v2\/media?parent=34359"}],"wp:term":[{"taxonomy":"post_tag","embeddable":true,"href":"https:\/\/www.msds-europe.com\/pl\/wp-json\/wp\/v2\/tags?post=34359"}],"curies":[{"name":"wp","href":"https:\/\/api.w.org\/{rel}","templated":true}]}}