{"id":31667,"date":"2025-04-26T13:57:30","date_gmt":"2025-04-26T13:57:30","guid":{"rendered":"https:\/\/www.msds-europe.com\/?page_id=31667"},"modified":"2026-02-23T07:50:42","modified_gmt":"2026-02-23T07:50:42","slug":"karta-charakterystyki-skroty-obja%c5%9bnienia","status":"publish","type":"page","link":"https:\/\/www.msds-europe.com\/pl\/karta-charakterystyki-skroty-obja%c5%9bnienia\/","title":{"rendered":"Skr\u00f3ty i akronimy w kartach charakterystyki"},"content":{"rendered":"<p style=\"text-align: right;\"><em><a href=\"https:\/\/www.msds-europe.com\/pl\/\">MSDS-Europe<\/a> &#8211; <a href=\"https:\/\/www.msds-europe.com\/pl\/przydatne-materialy-pomocnicze-i-wskazowki-dla-kart-charakterystyk\/\">Baza wiedzy kart charakterystyki<\/a> \u2013 Skr\u00f3ty i akronimy w kartach charakterystyki<\/em><\/p>\n<p>&nbsp;<\/p>\n<p style=\"text-align: justify;\">W <strong>kartach charakterystyki<\/strong> substancji chemicznych (ang. <strong>Safety Data Sheet<\/strong>, SDS) \u2013 zw\u0142aszcza w sekcji 16 \u201eInne informacje\u201d \u2013 nale\u017cy zamie\u015bci\u0107 legend\u0119 obja\u015bniaj\u0105c\u0105 wszystkie skr\u00f3ty i akronimy u\u017cyte w dokumencie. Wym\u00f3g ten gwarantuje, \u017ce czytelnik zrozumie fachowe skr\u00f3ty pojawiaj\u0105ce si\u0119 w karcie.<\/p>\n<p style=\"text-align: justify;\">Karta charakterystyki jest ustandaryzowanym dokumentem (z\u0142o\u017conym z 16 sekcji) zawieraj\u0105cym informacje o zagro\u017ceniach i bezpiecznym post\u0119powaniu z substancj\u0105 lub mieszanin\u0105 chemiczn\u0105. Cz\u0119sto wyst\u0119puje w niej wiele skr\u00f3t\u00f3w \u2013 od odniesie\u0144 do przepis\u00f3w (<strong>CLP<\/strong>, <strong>REACH<\/strong> itp.) po parametry naukowe (<strong>LD50<\/strong>, <strong>PNEC<\/strong> itp.). Umieszczenie obja\u015bnie\u0144 tych skr\u00f3t\u00f3w w karcie charakterystyki jest kluczowe dla zachowania jasno\u015bci przekazu oraz zgodno\u015bci z przepisami.<\/p>\n<p>&nbsp;<\/p>\n<h3 style=\"text-align: justify;\">Akronimy SDS<\/h3>\n<p style=\"text-align: justify;\">Skr\u00f3t <strong>SDS<\/strong> pochodzi od angielskiego terminu <em>Safety Data Sheet<\/em>, czyli <strong>karty charakterystyki<\/strong>. Jest to obecnie powszechnie stosowane okre\u015blenie dokumentu, zast\u0119puj\u0105ce starszy termin <strong>MSDS<\/strong> (<em>Material Safety Data Sheet<\/em>). Karta charakterystyki (SDS) zawiera wszystkie istotne informacje dotycz\u0105ce zagro\u017ce\u0144 stwarzanych przez produkt chemiczny oraz zalece\u0144 bezpiecznego post\u0119powania.<\/p>\n<p style=\"text-align: justify;\">W kartach charakterystyki cz\u0119sto wykorzystuje si\u0119 r\u00f3\u017cnorodne skr\u00f3ty i akronimy w celu zwi\u0119z\u0142ego przedstawienia informacji o przepisach, nazw instytucji czy w\u0142a\u015bciwo\u015bciach chemicznych. Wiele z nich wywodzi si\u0119 z j\u0119zyka angielskiego lub jest ugruntowanych w nomenklaturze mi\u0119dzynarodowej, co sprawia, \u017ce karty charakterystyki s\u0105 zrozumia\u0142e w wielu krajach. Niezb\u0119dne jest jednak, by w polskiej wersji karty wszystkie te skr\u00f3ty zosta\u0142y obja\u015bnione w j\u0119zyku polskim, aby ka\u017cdy u\u017cytkownik m\u00f3g\u0142 poprawnie zinterpretowa\u0107 tre\u015b\u0107 dokumentu.<\/p>\n<p>&nbsp;<\/p>\n<h3 style=\"text-align: justify;\">Obja\u015bnianie skr\u00f3t\u00f3w w karcie charakterystyki<\/h3>\n<p style=\"text-align: justify;\">Z tego powodu ka\u017cda karta charakterystyki zawiera sekcj\u0119 (zwykle sekcj\u0119 16) wymieniaj\u0105c\u0105 zastosowane w niej skr\u00f3ty i akronimy wraz z wyja\u015bnieniem ich znaczenia. Na przyk\u0142ad, je\u015bli w karcie pojawia si\u0119 skr\u00f3t <strong>PBT<\/strong>, legenda wyja\u015bni, \u017ce oznacza on \u201etrwa\u0142y, zdolny do bioakumulacji i toksyczny\u201d. Podobnie akronim <strong>ADR<\/strong> zostanie rozwini\u0119ty jako Umowa europejska dotycz\u0105ca mi\u0119dzynarodowego przewozu drogowego towar\u00f3w niebezpiecznych.<\/p>\n<p style=\"text-align: justify;\">Taki s\u0142owniczek obejmuje skr\u00f3ty zwi\u0105zane z przepisami lub instytucjami (<strong>OSHA<\/strong>, <strong>ECHA<\/strong> itp.), parametry techniczne (<strong>LC50<\/strong>, <strong>DNEL<\/strong> itp.), terminy chemiczne (<strong>ChZT<\/strong>, <strong>BZT<\/strong> \u2013 np. w kontek\u015bcie zapotrzebowania na tlen) oraz wszelkie inne skr\u00f3ty u\u017cyte w dokumencie. Dzi\u0119ki zamieszczeniu tych obja\u015bnie\u0144 karta charakterystyki zapewnia, \u017ce ka\u017cdy odbiorca \u2013 nawet je\u015bli nie zna wszystkich skr\u00f3t\u00f3w \u2013 b\u0119dzie m\u00f3g\u0142 prawid\u0142owo odczyta\u0107 informacje dotycz\u0105ce bezpiecze\u0144stwa.<\/p>\n<p>&nbsp;<\/p>\n<h3 style=\"text-align: justify;\">Skr\u00f3ty u\u017cywane w kartach charakterystyki w innych j\u0119zykach<\/h3>\n<p style=\"text-align: justify;\">Warto zauwa\u017cy\u0107, \u017ce nazwa samej karty charakterystyki oraz niekt\u00f3re skr\u00f3ty mog\u0105 r\u00f3\u017cni\u0107 si\u0119 w zale\u017cno\u015bci od j\u0119zyka, cho\u0107 znaczenie pozostaje to\u017csame. Na przyk\u0142ad angielski <strong>Safety Data Sheet<\/strong> (SDS) to po w\u0119giersku \u201e<strong>biztons\u00e1gi adatlap<\/strong>\u201d, po niemiecku \u201e<strong>Sicherheitsdatenblatt<\/strong>\u201d, po francusku \u201e<strong>Fiche de donn\u00e9es de s\u00e9curit\u00e9<\/strong>\u201d, po w\u0142osku \u201e<strong>Scheda di dati di sicurezza<\/strong>\u201d, po hiszpa\u0144sku \u201e<strong>Ficha de datos de seguridad<\/strong>\u201d, a po rumu\u0144sku \u201e<strong>Fi\u0219\u0103 cu date de securitate<\/strong>\u201d. W j\u0119zyku polskim u\u017cywa si\u0119 okre\u015blenia \u201e<strong>karta charakterystyki<\/strong>\u201d. Poza nazw\u0105 dokumentu wi\u0119kszo\u015b\u0107 akronim\u00f3w naukowych i regulacyjnych stosowanych wewn\u0105trz kart charakterystyki jest zbie\u017cna na ca\u0142ym \u015bwiecie.<\/p>\n<p style=\"text-align: justify;\">Wiele z nich ma \u017ar\u00f3d\u0142os\u0142\u00f3w angielski lub pochodzi od nazw um\u00f3w mi\u0119dzynarodowych (np. <strong>ADR<\/strong> jest skr\u00f3tem pochodz\u0105cym z j\u0119zyka francuskiego, ale jest stosowany we wszystkich j\u0119zykach). Poszczeg\u00f3lne kraje mog\u0105 te\u017c posiada\u0107 w\u0142asne okre\u015blenia pewnych poj\u0119\u0107 (np. W\u0119gry u\u017cywaj\u0105 skr\u00f3t\u00f3w <strong>\u00c1K\/CK<\/strong> dla dopuszczalnych st\u0119\u017ce\u0144, podczas gdy w Polsce u\u017cywano dawniej <strong>NDS\/NDSCh<\/strong>, a obecnie cz\u0119sto stosuje si\u0119 mi\u0119dzynarodowe <strong>TWA\/STEL<\/strong>). Niemniej jednak karta charakterystyki przeznaczona dla polskiego odbiorcy b\u0119dzie zawiera\u0107 terminy oficjalnie przyj\u0119te w Polsce i ich obja\u015bnienia. Dzi\u0119ki temu dokument pozostaje czytelny i jednoznaczny, niezale\u017cnie od pochodzenia u\u017cytych skr\u00f3t\u00f3w.<\/p>\n<p style=\"text-align: right;\"><a href=\"https:\/\/www.msds-europe.com\/sds-abbreviations-explained\/\">EN<\/a> I <a href=\"https:\/\/www.msds-europe.com\/de\/sdb-abkuerzungen-erklaerung\/\">DE<\/a> I <a href=\"https:\/\/www.msds-europe.com\/fr\/fds-abreviations-explication\/\">FR<\/a> I <a href=\"https:\/\/www.msds-europe.com\/es\/fds-abreviaturas-explicacion\/\">ES<\/a> I <a href=\"https:\/\/www.msds-europe.com\/it\/sds-abbreviazioni-spiegazione\/\">IT<\/a> I <strong>PL<\/strong> I <a href=\"https:\/\/www.msds-europe.com\/cs\/sds-zkratky-akronymy\/\">CS<\/a> I <a href=\"https:\/\/www.msds-europe.com\/ro\/fds-abrevieri-explicatii\/\">RO<\/a> I <a href=\"https:\/\/www.msds-europe.com\/sl\/sds-kratice-okrajsave\/\">SL<\/a> I <a href=\"https:\/\/www.msds-europe.com\/sk\/sds-skratky-akronymy\/\">SK<\/a> I <a href=\"https:\/\/www.biztonsagiadatlap.hu\/roviditesek-mozaikszavak-biztonsagi-adatlapokban\/\">HU<\/a><\/p>\n<p>&nbsp;<\/p>\n<h2 style=\"text-align: justify;\">Najcz\u0119\u015bciej spotykane skr\u00f3ty i akronimy w kartach charakterystyki<\/h2>\n<p style=\"text-align: justify;\"><strong>Poni\u017cej przedstawiono list\u0119 niekt\u00f3rych powszechnie spotykanych skr\u00f3t\u00f3w i akronim\u00f3w u\u017cywanych w kartach charakterystyki, wraz z wyja\u015bnieniem ich znaczenia:<\/strong><\/p>\n<p>&nbsp;<\/p>\n<p style=\"text-align: justify;\"><strong>ADN<\/strong>: Europejska umowa dotycz\u0105ca mi\u0119dzynarodowego przewozu towar\u00f3w niebezpiecznych \u015br\u00f3dl\u0105dowymi drogami wodnymi.<\/p>\n<p style=\"text-align: justify;\"><strong>ADR<\/strong>: Umowa europejska dotycz\u0105ca mi\u0119dzynarodowego przewozu drogowego towar\u00f3w niebezpiecznych.<\/p>\n<p style=\"text-align: justify;\"><strong>ATE<\/strong>: Oszacowanie toksyczno\u015bci ostrej.<\/p>\n<p style=\"text-align: justify;\"><strong>AOX<\/strong>: Adsorbowalne halogenki organiczne.<\/p>\n<p style=\"text-align: justify;\"><strong>BCF<\/strong>: Wsp\u00f3\u0142czynnik biokoncentracji.<\/p>\n<p style=\"text-align: justify;\"><strong>BOD<\/strong>: Biochemiczne zapotrzebowanie na tlen.<\/p>\n<p style=\"text-align: justify;\"><strong>Numer CAS<\/strong>: Numer Chemical Abstracts Service.<\/p>\n<p style=\"text-align: justify;\"><strong>CLP<\/strong>: Rozporz\u0105dzenie (WE) nr 1272\/2008 w sprawie klasyfikacji, oznakowania i pakowania substancji i mieszanin.<\/p>\n<p style=\"text-align: justify;\"><strong>CMR<\/strong>: Rakotw\u00f3rcze, mutagenne lub dzia\u0142aj\u0105ce toksycznie na rozrodczo\u015b\u0107.<\/p>\n<p style=\"text-align: justify;\"><strong>COD<\/strong>: Chemiczne zapotrzebowanie na tlen.<\/p>\n<p style=\"text-align: justify;\"><strong>CSA<\/strong>: Ocena bezpiecze\u0144stwa chemicznego.<\/p>\n<p style=\"text-align: justify;\"><strong>CSR<\/strong>: Raport bezpiecze\u0144stwa chemicznego.<\/p>\n<p style=\"text-align: justify;\"><strong>DNEL<\/strong>: Pochodny poziom niepowoduj\u0105cy zmian.<\/p>\n<p style=\"text-align: justify;\"><strong>ECHA<\/strong>: Europejska Agencja Chemikali\u00f3w.<\/p>\n<p style=\"text-align: justify;\"><strong>EC<\/strong>: Wsp\u00f3lnota Europejska (WE).<\/p>\n<p style=\"text-align: justify;\"><strong>Numer EC<\/strong>: Numer WE (EINECS i ELINCS \u2013 patrz r\u00f3wnie\u017c EINECS i ELINCS).<\/p>\n<p style=\"text-align: justify;\"><strong>EEC<\/strong>: Europejska Wsp\u00f3lnota Gospodarcza (EWG).<\/p>\n<p style=\"text-align: justify;\"><strong>EEA<\/strong>: Europejski Obszar Gospodarczy (UE + Islandia, Liechtenstein i Norwegia).<\/p>\n<p style=\"text-align: justify;\"><strong>EINECS<\/strong>: Europejski Wykaz Istniej\u0105cych Substancji o Znaczeniu Komercyjnym.<\/p>\n<p style=\"text-align: justify;\"><strong>ELINCS<\/strong>: Europejski Wykaz Notyfikowanych Substancji Chemicznych.<\/p>\n<p style=\"text-align: justify;\"><strong>EN<\/strong>: Norma europejska (EN).<\/p>\n<p style=\"text-align: justify;\"><strong>EU<\/strong>: Unia Europejska (UE).<\/p>\n<p style=\"text-align: justify;\"><strong>EuPCS<\/strong>: <a href=\"https:\/\/www.msds-europe.com\/pl\/eupcs-zidentyfikowane-zastosowania-pcn\/\">Europejski system kategoryzacji produkt\u00f3w<\/a>.<\/p>\n<p style=\"text-align: justify;\"><strong>EWC<\/strong>: Europejski Katalog Odpad\u00f3w (zast\u0105piony przez LoW \u2013 patrz poni\u017cej).<\/p>\n<p style=\"text-align: justify;\"><strong>GHS<\/strong>: Globalnie Zharmonizowany System Klasyfikacji i Oznakowania Chemikali\u00f3w.<\/p>\n<p style=\"text-align: justify;\"><strong>IATA<\/strong>: Mi\u0119dzynarodowe Zrzeszenie Przewo\u017anik\u00f3w Powietrznych (International Air Transport Association).<\/p>\n<p style=\"text-align: justify;\"><strong>ICAO-TI<\/strong>: Instrukcje techniczne bezpiecznego transportu lotniczego towar\u00f3w niebezpiecznych.<\/p>\n<p style=\"text-align: justify;\"><strong>IMDG<\/strong>: Mi\u0119dzynarodowy kodeks towar\u00f3w niebezpiecznych przewo\u017conych drog\u0105 morsk\u0105.<\/p>\n<p style=\"text-align: justify;\"><strong>IMO<\/strong>: Mi\u0119dzynarodowa Organizacja Morska.<\/p>\n<p style=\"text-align: justify;\"><strong>IMSBC<\/strong>: Mi\u0119dzynarodowy kodeks morski dla sta\u0142ych \u0142adunk\u00f3w masowych (International Maritime Solid Bulk Cargoes Code).<\/p>\n<p style=\"text-align: justify;\"><strong>IUCLID<\/strong>: Mi\u0119dzynarodowa jednolita baza danych informacji chemicznych.<\/p>\n<p style=\"text-align: justify;\"><strong>IUPAC<\/strong>: Mi\u0119dzynarodowa Unia Chemii Czystej i Stosowanej.<\/p>\n<p style=\"text-align: justify;\"><strong>Kow<\/strong>: Wsp\u00f3\u0142czynnik podzia\u0142u n-oktanol\/woda.<\/p>\n<p style=\"text-align: justify;\"><strong>LC50<\/strong>: St\u0119\u017cenie \u015bmiertelne skutkuj\u0105ce 50% \u015bmiertelno\u015bci\u0105.<\/p>\n<p style=\"text-align: justify;\"><strong>LD50<\/strong>: Dawka \u015bmiertelna skutkuj\u0105ca 50% \u015bmiertelno\u015bci\u0105 (mediana dawki \u015bmiertelnej).<\/p>\n<p style=\"text-align: justify;\"><strong>LoW<\/strong>: Wykaz odpad\u00f3w.<\/p>\n<p style=\"text-align: justify;\"><strong>LOEC<\/strong>: Najni\u017csze st\u0119\u017cenie, przy kt\u00f3rym obserwowany jest skutek.<\/p>\n<p style=\"text-align: justify;\"><strong>LOEL<\/strong>: Najni\u017cszy poziom, przy kt\u00f3rym obserwowany jest skutek.<\/p>\n<p style=\"text-align: justify;\"><strong>NOEC<\/strong>: Najwy\u017csze st\u0119\u017cenie, przy kt\u00f3rym nie obserwuje si\u0119 skutku.<\/p>\n<p style=\"text-align: justify;\"><strong>NOEL<\/strong>: Poziom, przy kt\u00f3rym nie obserwuje si\u0119 skutku.<\/p>\n<p style=\"text-align: justify;\"><strong>NOAEC<\/strong>: St\u0119\u017cenie, przy kt\u00f3rym nie obserwuje si\u0119 szkodliwych zmian.<\/p>\n<p style=\"text-align: justify;\"><strong>NOAEL<\/strong>: Poziom dawkowania, przy kt\u00f3rym nie obserwuje si\u0119 szkodliwych zmian.<\/p>\n<p style=\"text-align: justify;\"><strong>OECD<\/strong>: Organizacja Wsp\u00f3\u0142pracy Gospodarczej i Rozwoju.<\/p>\n<p style=\"text-align: justify;\"><strong>OSHA<\/strong>: Administracja Bezpiecze\u0144stwa i Zdrowia w Pracy (Occupational Safety and Health Administration).<\/p>\n<p style=\"text-align: justify;\"><strong>PBT<\/strong>: Trwa\u0142e, zdolne do bioakumulacji i toksyczne.<\/p>\n<p style=\"text-align: justify;\"><strong>PNEC<\/strong>: Przewidywane st\u0119\u017cenie niepowoduj\u0105ce niekorzystnych skutk\u00f3w dla \u015brodowiska.<\/p>\n<p style=\"text-align: justify;\"><strong>QSAR<\/strong>: Ilo\u015bciowy model zale\u017cno\u015bci struktura\u2013aktywno\u015b\u0107.<\/p>\n<p style=\"text-align: justify;\"><strong>REACH<\/strong>: Rozporz\u0105dzenie (WE) nr 1907\/2006 w sprawie rejestracji, oceny, udzielania zezwole\u0144 i stosowanych ogranicze\u0144 w zakresie chemikali\u00f3w.<\/p>\n<p style=\"text-align: justify;\"><strong>RID<\/strong>: Regulamin mi\u0119dzynarodowego przewozu kolej\u0105 towar\u00f3w niebezpiecznych.<\/p>\n<p style=\"text-align: justify;\"><strong>SCBA<\/strong>: Samodzielny aparat oddechowy (Self-Contained Breathing Apparatus).<\/p>\n<p style=\"text-align: justify;\"><strong>SDS<\/strong>: Karta charakterystyki.<\/p>\n<p style=\"text-align: justify;\"><strong>STOT<\/strong>: Dzia\u0142anie toksyczne na narz\u0105dy docelowe.<\/p>\n<p style=\"text-align: justify;\"><strong>SVHC<\/strong>: Substancja wzbudzaj\u0105ca szczeg\u00f3lnie du\u017ce obawy.<\/p>\n<p style=\"text-align: justify;\"><strong>UN<\/strong>: Organizacja Narod\u00f3w Zjednoczonych.<\/p>\n<p style=\"text-align: justify;\"><strong>UVCB<\/strong>: Substancje o nieznanym lub zmiennym sk\u0142adzie, z\u0142o\u017cone produkty reakcji lub materia\u0142y biologiczne.<\/p>\n<p style=\"text-align: justify;\"><strong>VOC<\/strong>: Lotne zwi\u0105zki organiczne (zawarto\u015b\u0107 LZO).<\/p>\n<p style=\"text-align: justify;\"><strong>vPvB<\/strong>: Bardzo trwa\u0142e i bardzo zdolne do bioakumulacji.<\/p>\n<p>&nbsp;<\/p>\n<h4 style=\"text-align: justify;\"><span style=\"color: #333333;\">Oferowane us\u0142ugi<\/span><\/h4>\n<ul>\n<li style=\"text-align: justify;\"><a href=\"https:\/\/www.msds-europe.com\/pl\/tlumaczenie-karty-charakterystyki\/\">T\u0142umaczenie karty charakterystyki<\/a><\/li>\n<li style=\"text-align: justify;\"><a href=\"https:\/\/www.msds-europe.com\/pl\/sprawdzenie-aktualizacja-kart-charakterystyk\/\">Sprawdzenie i aktualizacja kart charakterystyki<\/a><\/li>\n<li style=\"text-align: justify;\"><a href=\"https:\/\/www.msds-europe.com\/pl\/kompilacja-tworzenie-karty-charakterystyki\/\">Kompilacja i sporz\u0105dzanie karty charakterystyki<\/a><\/li>\n<li style=\"text-align: justify;\"><a href=\"https:\/\/www.msds-europe.com\/pl\/ufi-usluga\/#zgloszenie-mieszanin-pcn\">Zg\u0142oszenie mieszanin za po\u015brednictwem portalu PCN<\/a><\/li>\n<\/ul>\n<p>&nbsp;<\/p>\n<h4 style=\"text-align: justify;\"><span style=\"color: #333333;\">U\u017cyteczne informacje<\/span><\/h4>\n<ul>\n<li style=\"text-align: justify;\"><a href=\"https:\/\/www.msds-europe.com\/pl\/zwroty-wskazujace-srodki-ostroznosci-p\/\">Zwroty wskazuj\u0105ce \u015brodki ostro\u017cno\u015bci<\/a><\/li>\n<li style=\"text-align: justify;\"><a href=\"https:\/\/www.msds-europe.com\/pl\/zwroty-wskazujace-rodzaj-zagrozenia-h\/\">Zwroty wskazuj\u0105ce rodzaj zagro\u017cenia<\/a><\/li>\n<li style=\"text-align: justify;\"><a href=\"https:\/\/www.msds-europe.com\/pl\/piktogram-zagrozeniu\/\">Piktogramy zagro\u017ce\u0144<\/a><\/li>\n<\/ul>\n<p>&nbsp;<\/p>\n","protected":false},"excerpt":{"rendered":"<p>MSDS-Europe &#8211; Baza wiedzy kart charakterystyki \u2013 Skr\u00f3ty i akronimy w kartach charakterystyki &nbsp; W kartach charakterystyki substancji chemicznych (ang. Safety Data Sheet, SDS) \u2013 zw\u0142aszcza w sekcji 16 \u201eInne informacje\u201d \u2013 nale\u017cy zamie\u015bci\u0107 legend\u0119 obja\u015bniaj\u0105c\u0105 wszystkie skr\u00f3ty i akronimy u\u017cyte w dokumencie. Wym\u00f3g ten gwarantuje, \u017ce czytelnik zrozumie fachowe&#8230;<\/p>\n","protected":false},"author":2,"featured_media":0,"parent":0,"menu_order":0,"comment_status":"closed","ping_status":"closed","template":"","meta":{"_acf_changed":false,"footnotes":""},"tags":[361,261],"class_list":["post-31667","page","type-page","status-publish","hentry","tag-baza-wiedzy-karta-charakterystyk","tag-karta-charakterystyki"],"acf":[],"yoast_head":"<!-- This site is optimized with the Yoast SEO plugin v27.2 - https:\/\/yoast.com\/product\/yoast-seo-wordpress\/ -->\n<title>Skr\u00f3ty i akronimy w kartach charakterystyki<\/title>\n<meta name=\"description\" content=\"Kompleksowy przewodnik po najcz\u0119\u015bciej stosowanych skr\u00f3tach i akronimach w SDS, wraz z ich precyzyjnymi definicjami i obja\u015bnieniami.\" \/>\n<meta name=\"robots\" content=\"index, follow, max-snippet:-1, max-image-preview:large, max-video-preview:-1\" \/>\n<link rel=\"canonical\" href=\"https:\/\/www.msds-europe.com\/pl\/karta-charakterystyki-skroty-obja\u015bnienia\/\" \/>\n<meta property=\"og:locale\" content=\"pl_PL\" \/>\n<meta property=\"og:type\" content=\"article\" \/>\n<meta property=\"og:title\" content=\"Skr\u00f3ty i akronimy w kartach charakterystyki\" \/>\n<meta property=\"og:description\" content=\"Kompleksowy przewodnik po najcz\u0119\u015bciej stosowanych skr\u00f3tach i akronimach w SDS, wraz z ich precyzyjnymi definicjami i obja\u015bnieniami.\" \/>\n<meta property=\"og:url\" content=\"https:\/\/www.msds-europe.com\/pl\/karta-charakterystyki-skroty-obja\u015bnienia\/\" \/>\n<meta property=\"og:site_name\" content=\"MSDS Europe\" \/>\n<meta property=\"article:publisher\" content=\"https:\/\/www.facebook.com\/toxinfokft\/\" \/>\n<meta property=\"article:modified_time\" content=\"2026-02-23T07:50:42+00:00\" \/>\n<meta name=\"twitter:card\" content=\"summary_large_image\" \/>\n<meta name=\"twitter:site\" content=\"@ToxInfoKft\" \/>\n<meta name=\"twitter:label1\" content=\"Szacowany czas czytania\" \/>\n\t<meta name=\"twitter:data1\" content=\"5 minut\" \/>\n<script type=\"application\/ld+json\" class=\"yoast-schema-graph\">{\"@context\":\"https:\/\/schema.org\",\"@graph\":[{\"@type\":\"WebPage\",\"@id\":\"https:\/\/www.msds-europe.com\/pl\/karta-charakterystyki-skroty-obja%c5%9bnienia\/\",\"url\":\"https:\/\/www.msds-europe.com\/pl\/karta-charakterystyki-skroty-obja%c5%9bnienia\/\",\"name\":\"Skr\u00f3ty i akronimy w kartach charakterystyki\",\"isPartOf\":{\"@id\":\"https:\/\/www.msds-europe.com\/es\/#website\"},\"datePublished\":\"2025-04-26T13:57:30+00:00\",\"dateModified\":\"2026-02-23T07:50:42+00:00\",\"description\":\"Kompleksowy przewodnik po najcz\u0119\u015bciej stosowanych skr\u00f3tach i akronimach w SDS, wraz z ich precyzyjnymi definicjami i obja\u015bnieniami.\",\"breadcrumb\":{\"@id\":\"https:\/\/www.msds-europe.com\/pl\/karta-charakterystyki-skroty-obja%c5%9bnienia\/#breadcrumb\"},\"inLanguage\":\"pl-PL\",\"potentialAction\":[{\"@type\":\"ReadAction\",\"target\":[\"https:\/\/www.msds-europe.com\/pl\/karta-charakterystyki-skroty-obja%c5%9bnienia\/\"]}]},{\"@type\":\"BreadcrumbList\",\"@id\":\"https:\/\/www.msds-europe.com\/pl\/karta-charakterystyki-skroty-obja%c5%9bnienia\/#breadcrumb\",\"itemListElement\":[{\"@type\":\"ListItem\",\"position\":1,\"name\":\"F\u0151oldal\",\"item\":\"https:\/\/www.msds-europe.com\/pl\/\"},{\"@type\":\"ListItem\",\"position\":2,\"name\":\"Skr\u00f3ty i akronimy w kartach charakterystyki\"}]},{\"@type\":\"WebSite\",\"@id\":\"https:\/\/www.msds-europe.com\/es\/#website\",\"url\":\"https:\/\/www.msds-europe.com\/es\/\",\"name\":\"MSDS Europe\",\"description\":\"\",\"publisher\":{\"@id\":\"https:\/\/www.msds-europe.com\/es\/#organization\"},\"potentialAction\":[{\"@type\":\"SearchAction\",\"target\":{\"@type\":\"EntryPoint\",\"urlTemplate\":\"https:\/\/www.msds-europe.com\/es\/?s={search_term_string}\"},\"query-input\":{\"@type\":\"PropertyValueSpecification\",\"valueRequired\":true,\"valueName\":\"search_term_string\"}}],\"inLanguage\":\"pl-PL\"},{\"@type\":\"Organization\",\"@id\":\"https:\/\/www.msds-europe.com\/es\/#organization\",\"name\":\"MSDS-Europe International branch of ToxInfo\",\"url\":\"https:\/\/www.msds-europe.com\/es\/\",\"logo\":{\"@type\":\"ImageObject\",\"inLanguage\":\"pl-PL\",\"@id\":\"https:\/\/www.msds-europe.com\/es\/#\/schema\/logo\/image\/\",\"url\":\"https:\/\/www.msds-europe.com\/wp-content\/uploads\/2021\/04\/msds-europe-logo.jpg\",\"contentUrl\":\"https:\/\/www.msds-europe.com\/wp-content\/uploads\/2021\/04\/msds-europe-logo.jpg\",\"width\":2296,\"height\":1067,\"caption\":\"MSDS-Europe International branch of ToxInfo\"},\"image\":{\"@id\":\"https:\/\/www.msds-europe.com\/es\/#\/schema\/logo\/image\/\"},\"sameAs\":[\"https:\/\/www.facebook.com\/toxinfokft\/\",\"https:\/\/x.com\/ToxInfoKft\"]}]}<\/script>\n<!-- \/ Yoast SEO plugin. -->","yoast_head_json":{"title":"Skr\u00f3ty i akronimy w kartach charakterystyki","description":"Kompleksowy przewodnik po najcz\u0119\u015bciej stosowanych skr\u00f3tach i akronimach w SDS, wraz z ich precyzyjnymi definicjami i obja\u015bnieniami.","robots":{"index":"index","follow":"follow","max-snippet":"max-snippet:-1","max-image-preview":"max-image-preview:large","max-video-preview":"max-video-preview:-1"},"canonical":"https:\/\/www.msds-europe.com\/pl\/karta-charakterystyki-skroty-obja\u015bnienia\/","og_locale":"pl_PL","og_type":"article","og_title":"Skr\u00f3ty i akronimy w kartach charakterystyki","og_description":"Kompleksowy przewodnik po najcz\u0119\u015bciej stosowanych skr\u00f3tach i akronimach w SDS, wraz z ich precyzyjnymi definicjami i obja\u015bnieniami.","og_url":"https:\/\/www.msds-europe.com\/pl\/karta-charakterystyki-skroty-obja\u015bnienia\/","og_site_name":"MSDS Europe","article_publisher":"https:\/\/www.facebook.com\/toxinfokft\/","article_modified_time":"2026-02-23T07:50:42+00:00","twitter_card":"summary_large_image","twitter_site":"@ToxInfoKft","twitter_misc":{"Szacowany czas czytania":"5 minut"},"schema":{"@context":"https:\/\/schema.org","@graph":[{"@type":"WebPage","@id":"https:\/\/www.msds-europe.com\/pl\/karta-charakterystyki-skroty-obja%c5%9bnienia\/","url":"https:\/\/www.msds-europe.com\/pl\/karta-charakterystyki-skroty-obja%c5%9bnienia\/","name":"Skr\u00f3ty i akronimy w kartach charakterystyki","isPartOf":{"@id":"https:\/\/www.msds-europe.com\/es\/#website"},"datePublished":"2025-04-26T13:57:30+00:00","dateModified":"2026-02-23T07:50:42+00:00","description":"Kompleksowy przewodnik po najcz\u0119\u015bciej stosowanych skr\u00f3tach i akronimach w SDS, wraz z ich precyzyjnymi definicjami i obja\u015bnieniami.","breadcrumb":{"@id":"https:\/\/www.msds-europe.com\/pl\/karta-charakterystyki-skroty-obja%c5%9bnienia\/#breadcrumb"},"inLanguage":"pl-PL","potentialAction":[{"@type":"ReadAction","target":["https:\/\/www.msds-europe.com\/pl\/karta-charakterystyki-skroty-obja%c5%9bnienia\/"]}]},{"@type":"BreadcrumbList","@id":"https:\/\/www.msds-europe.com\/pl\/karta-charakterystyki-skroty-obja%c5%9bnienia\/#breadcrumb","itemListElement":[{"@type":"ListItem","position":1,"name":"F\u0151oldal","item":"https:\/\/www.msds-europe.com\/pl\/"},{"@type":"ListItem","position":2,"name":"Skr\u00f3ty i akronimy w kartach charakterystyki"}]},{"@type":"WebSite","@id":"https:\/\/www.msds-europe.com\/es\/#website","url":"https:\/\/www.msds-europe.com\/es\/","name":"MSDS Europe","description":"","publisher":{"@id":"https:\/\/www.msds-europe.com\/es\/#organization"},"potentialAction":[{"@type":"SearchAction","target":{"@type":"EntryPoint","urlTemplate":"https:\/\/www.msds-europe.com\/es\/?s={search_term_string}"},"query-input":{"@type":"PropertyValueSpecification","valueRequired":true,"valueName":"search_term_string"}}],"inLanguage":"pl-PL"},{"@type":"Organization","@id":"https:\/\/www.msds-europe.com\/es\/#organization","name":"MSDS-Europe International branch of ToxInfo","url":"https:\/\/www.msds-europe.com\/es\/","logo":{"@type":"ImageObject","inLanguage":"pl-PL","@id":"https:\/\/www.msds-europe.com\/es\/#\/schema\/logo\/image\/","url":"https:\/\/www.msds-europe.com\/wp-content\/uploads\/2021\/04\/msds-europe-logo.jpg","contentUrl":"https:\/\/www.msds-europe.com\/wp-content\/uploads\/2021\/04\/msds-europe-logo.jpg","width":2296,"height":1067,"caption":"MSDS-Europe International branch of ToxInfo"},"image":{"@id":"https:\/\/www.msds-europe.com\/es\/#\/schema\/logo\/image\/"},"sameAs":["https:\/\/www.facebook.com\/toxinfokft\/","https:\/\/x.com\/ToxInfoKft"]}]}},"_links":{"self":[{"href":"https:\/\/www.msds-europe.com\/pl\/wp-json\/wp\/v2\/pages\/31667","targetHints":{"allow":["GET"]}}],"collection":[{"href":"https:\/\/www.msds-europe.com\/pl\/wp-json\/wp\/v2\/pages"}],"about":[{"href":"https:\/\/www.msds-europe.com\/pl\/wp-json\/wp\/v2\/types\/page"}],"author":[{"embeddable":true,"href":"https:\/\/www.msds-europe.com\/pl\/wp-json\/wp\/v2\/users\/2"}],"replies":[{"embeddable":true,"href":"https:\/\/www.msds-europe.com\/pl\/wp-json\/wp\/v2\/comments?post=31667"}],"version-history":[{"count":6,"href":"https:\/\/www.msds-europe.com\/pl\/wp-json\/wp\/v2\/pages\/31667\/revisions"}],"predecessor-version":[{"id":37395,"href":"https:\/\/www.msds-europe.com\/pl\/wp-json\/wp\/v2\/pages\/31667\/revisions\/37395"}],"wp:attachment":[{"href":"https:\/\/www.msds-europe.com\/pl\/wp-json\/wp\/v2\/media?parent=31667"}],"wp:term":[{"taxonomy":"post_tag","embeddable":true,"href":"https:\/\/www.msds-europe.com\/pl\/wp-json\/wp\/v2\/tags?post=31667"}],"curies":[{"name":"wp","href":"https:\/\/api.w.org\/{rel}","templated":true}]}}